{"id":7714,"date":"2021-09-24T17:07:12","date_gmt":"2021-09-24T15:07:12","guid":{"rendered":"https:\/\/www.montagnicimes.com\/st-jean-de-maurienne\/comment-venir\/"},"modified":"2022-02-28T12:05:20","modified_gmt":"2022-02-28T11:05:20","slug":"comment-venir","status":"publish","type":"page","link":"https:\/\/www.montagnicimes.com\/st-jean-de-maurienne\/sinformer\/comment-venir\/","title":{"rendered":"Comment venir ?"},"content":{"rendered":"\n<p class=\"is-style-excerpt\">Venez vous ressourcer sur notre territoire, \u00e0 seulement 2h de Lyon, Turin et Gen\u00e8ve, et \u00e0 1h de Chamb\u00e9ry et Grenoble. <\/p>\n\n\n\n<div class=\"wp-block-media-text alignwide is-stacked-on-mobile\" style=\"grid-template-columns:15% auto\"><figure class=\"wp-block-media-text__media\"><img loading=\"lazy\" width=\"398\" height=\"246\" data-src=\"https:\/\/www.montagnicimes.com\/st-jean-de-maurienne\/wp-content\/uploads\/sites\/4\/2021\/10\/voiture-sjm.png\" alt=\"icone voiture\" class=\"wp-image-8001 size-full\" data-srcset=\"https:\/\/www.montagnicimes.com\/st-jean-de-maurienne\/wp-content\/uploads\/sites\/4\/2021\/10\/voiture-sjm.png 398w, https:\/\/www.montagnicimes.com\/st-jean-de-maurienne\/wp-content\/uploads\/sites\/4\/2021\/10\/voiture-sjm-200x124.png 200w\" sizes=\"(max-width: 398px) 100vw, 398px\" \/><\/figure><div class=\"wp-block-media-text__content\">\n<h5>En voiture<\/h5>\n\n\n\n<p>Saint-Jean-de-Maurienne se trouve \u00e0 179km de Lyon et \u00e0 136km de Turin, vous pouvez y acc\u00e9der en empruntant<strong> l&rsquo;autoroute A43<\/strong> en direction de Turin, prenez la <strong>sortie n\u00b027<\/strong> (Hermillon | Saint-Jean-de-Maurienne).<br>Vous pouvez \u00e9galement venir en prenant la <strong>d\u00e9partementale D1006 (ex-RN6)<\/strong> en direction de Modane-Turin.<\/p>\n\n\n\n<p><em>Par <\/em><a href=\"https:\/\/www.savoie.gouv.fr\/content\/download\/37333\/267137\/file\/Arr%C3%AAt%C3%A9%20pr%C3%A9fectoral%20sign%C3%A9%20avec%20carte%20p%C3%A9rim%C3%A8tre%20concern%C3%A9.pdf\"><em>arr\u00eat\u00e9 pr\u00e9fectoral du 29\/09\/2021<\/em><\/a><em> les \u00e9quipements sp\u00e9ciaux sont obligatoires sur les routes de Savoie du 1<sup>er<\/sup> novembre au 31 mars<\/em>.<\/p>\n\n\n\n<div class=\"wp-block-buttons\">\n<div class=\"wp-block-button is-style-download\"><a class=\"wp-block-button__link\" href=\"https:\/\/savoie-route.fr\/\" target=\"_blank\" rel=\"noreferrer noopener\">consulter l&rsquo;\u00e9tat des routes sur www.savoie-route.fr<\/a><\/div>\n<\/div>\n<\/div><\/div>\n\n\n\n<hr class=\"wp-block-separator is-style-default\"\/>\n\n\n\n<div class=\"wp-block-media-text alignwide is-stacked-on-mobile is-vertically-aligned-center\" style=\"grid-template-columns:15% auto\"><figure class=\"wp-block-media-text__media\"><img loading=\"lazy\" width=\"305\" height=\"384\" data-src=\"https:\/\/www.montagnicimes.com\/st-jean-de-maurienne\/wp-content\/uploads\/sites\/4\/2021\/10\/train-sjm.png\" alt=\"icone train\" class=\"wp-image-8004 size-full\" data-srcset=\"https:\/\/www.montagnicimes.com\/st-jean-de-maurienne\/wp-content\/uploads\/sites\/4\/2021\/10\/train-sjm.png 305w, https:\/\/www.montagnicimes.com\/st-jean-de-maurienne\/wp-content\/uploads\/sites\/4\/2021\/10\/train-sjm-200x252.png 200w\" sizes=\"(max-width: 305px) 100vw, 305px\" \/><\/figure><div class=\"wp-block-media-text__content\">\n<h5>En train<\/h5>\n\n\n\n<p>\u00c0 moins de 4 heures de Paris en TGV, la SNCF propose des liaisons r\u00e9guli\u00e8res pour arriver \u00e0 la gare de Saint-Jean-de-Maurienne.<\/p>\n\n\n\n<div class=\"wp-block-columns\">\n<div class=\"wp-block-column\">\n<div class=\"wp-block-buttons is-content-justification-center\">\n<div class=\"wp-block-button\"><a class=\"wp-block-button__link\" href=\"https:\/\/www.sncf-connect.com\/\">r\u00e9servez votre billet sur sncf<\/a><\/div>\n<\/div>\n<\/div>\n\n\n\n<div class=\"wp-block-column\">\n<div class=\"wp-block-buttons\">\n<div class=\"wp-block-button\"><a class=\"wp-block-button__link\" href=\"https:\/\/www.thetrainline.com\/fr\" target=\"_blank\" rel=\"noreferrer noopener\">r\u00e9servez votre billet sur trainline<\/a><\/div>\n<\/div>\n<\/div>\n<\/div>\n<\/div><\/div>\n\n\n\n<hr class=\"wp-block-separator is-style-default\"\/>\n\n\n\n<div class=\"wp-block-media-text alignwide is-stacked-on-mobile is-vertically-aligned-center\" style=\"grid-template-columns:15% auto\"><figure class=\"wp-block-media-text__media\"><img loading=\"lazy\" width=\"394\" height=\"393\" data-src=\"https:\/\/www.montagnicimes.com\/st-jean-de-maurienne\/wp-content\/uploads\/sites\/4\/2021\/10\/avion-sjm.png\" alt=\"icone avion\" class=\"wp-image-8005 size-full\" data-srcset=\"https:\/\/www.montagnicimes.com\/st-jean-de-maurienne\/wp-content\/uploads\/sites\/4\/2021\/10\/avion-sjm.png 394w, https:\/\/www.montagnicimes.com\/st-jean-de-maurienne\/wp-content\/uploads\/sites\/4\/2021\/10\/avion-sjm-300x300.png 300w, https:\/\/www.montagnicimes.com\/st-jean-de-maurienne\/wp-content\/uploads\/sites\/4\/2021\/10\/avion-sjm-200x199.png 200w\" sizes=\"(max-width: 394px) 100vw, 394px\" \/><\/figure><div class=\"wp-block-media-text__content\">\n<h5>En avion<\/h5>\n\n\n\n<p>Les a\u00e9roports de Chamb\u00e9ry, Grenoble, Gen\u00e8ve, Lyon et Turin sont \u00e0 moins de deux heures de route.<\/p>\n\n\n\n<p>Pour les a\u00e9roports de Chamb\u00e9ry, Gen\u00e8ve, Lyon&nbsp;: &nbsp;navette directe depuis la gare routi\u00e8re de Chamb\u00e9ry, accol\u00e9e \u00e0 la gare SNCF, facilement accessible en TER depuis Saint-Jean-de-Maurienne.<\/p>\n<\/div><\/div>\n","protected":false},"excerpt":{"rendered":"<p>Venez vous ressourcer sur notre territoire, \u00e0 seulement 2h de Lyon, Turin et Gen\u00e8ve, et \u00e0 1h de Chamb\u00e9ry et Grenoble. En avion Les a\u00e9roports de Chamb\u00e9ry, Grenoble, Gen\u00e8ve, Lyon et Turin sont \u00e0 moins de deux heures de route. Pour les a\u00e9roports de Chamb\u00e9ry, Gen\u00e8ve, Lyon&nbsp;: &nbsp;navette directe depuis la gare routi\u00e8re de Chamb\u00e9ry, [&hellip;]<\/p>\n","protected":false},"author":1,"featured_media":362,"parent":7639,"menu_order":0,"comment_status":"closed","ping_status":"closed","template":"","meta":{"_relevanssi_hide_post":"","_relevanssi_pin_for_all":"","_relevanssi_pin_keywords":"","_relevanssi_unpin_keywords":"","_relevanssi_related_keywords":"","_relevanssi_related_include_ids":"","_relevanssi_related_exclude_ids":"","_relevanssi_related_no_append":"","_relevanssi_related_not_related":"","_relevanssi_related_posts":"493,491,489","_relevanssi_noindex_reason":""},"post_tag":[],"acf":[],"yoast_head":"<!-- This site is optimized with the Yoast SEO plugin v17.6 - https:\/\/yoast.com\/wordpress\/plugins\/seo\/ -->\n<meta name=\"description\" content=\"Venez vous ressourcer sur notre territoire, \u00e0 seulement 2h de Lyon, Turin et Gen\u00e8ve, et \u00e0 1h de Chamb\u00e9ry et Grenoble. En voiture Saint-Jean-de-Maurienne\" \/>\n<meta name=\"robots\" content=\"index, follow, max-snippet:-1, max-image-preview:large, max-video-preview:-1\" \/>\n<link rel=\"canonical\" href=\"https:\/\/www.montagnicimes.com\/st-jean-de-maurienne\/sinformer\/comment-venir\/\" \/>\n<meta property=\"og:locale\" content=\"fr_FR\" \/>\n<meta property=\"og:type\" content=\"article\" \/>\n<meta property=\"og:title\" content=\"Comment Venir \u00e0 Saint-Jean-de-Maurienne - St-Jean-de-Maurienne\" \/>\n<meta property=\"og:description\" content=\"Venez vous ressourcer sur notre territoire, \u00e0 seulement 2h de Lyon, Turin et Gen\u00e8ve, et \u00e0 1h de Chamb\u00e9ry et Grenoble. En voiture Saint-Jean-de-Maurienne\" \/>\n<meta property=\"og:url\" content=\"https:\/\/www.montagnicimes.com\/st-jean-de-maurienne\/sinformer\/comment-venir\/\" \/>\n<meta property=\"og:site_name\" content=\"St-Jean-de-Maurienne\" \/>\n<meta property=\"article:modified_time\" content=\"2022-02-28T11:05:20+00:00\" \/>\n<meta property=\"og:image\" content=\"https:\/\/www.montagnicimes.com\/st-jean-de-maurienne\/wp-content\/uploads\/sites\/4\/2021\/08\/saint-jean-e\u0301te\u0301.jpg\" \/>\n\t<meta property=\"og:image:width\" content=\"440\" \/>\n\t<meta property=\"og:image:height\" content=\"545\" \/>\n<meta name=\"twitter:card\" content=\"summary_large_image\" \/>\n<meta name=\"twitter:label1\" content=\"Dur\u00e9e de lecture estim\u00e9e\" \/>\n\t<meta name=\"twitter:data1\" content=\"2 minutes\" \/>\n<script type=\"application\/ld+json\" class=\"yoast-schema-graph\">{\"@context\":\"https:\/\/schema.org\",\"@graph\":[{\"@type\":\"WebSite\",\"@id\":\"https:\/\/www.montagnicimes.com\/st-jean-de-maurienne\/#website\",\"url\":\"https:\/\/www.montagnicimes.com\/st-jean-de-maurienne\/\",\"name\":\"St-Jean-de-Maurienne\",\"description\":\"Office de tourisme Montagnicimes - Saint-Jean-de-Maurienne\",\"potentialAction\":[{\"@type\":\"SearchAction\",\"target\":{\"@type\":\"EntryPoint\",\"urlTemplate\":\"https:\/\/www.montagnicimes.com\/st-jean-de-maurienne\/?s={search_term_string}\"},\"query-input\":\"required name=search_term_string\"}],\"inLanguage\":\"fr-FR\"},{\"@type\":\"ImageObject\",\"@id\":\"https:\/\/www.montagnicimes.com\/st-jean-de-maurienne\/sinformer\/comment-venir\/#primaryimage\",\"inLanguage\":\"fr-FR\",\"url\":\"https:\/\/www.montagnicimes.com\/st-jean-de-maurienne\/wp-content\/uploads\/sites\/4\/2021\/08\/saint-jean-e\\u0301te\\u0301.jpg\",\"contentUrl\":\"https:\/\/www.montagnicimes.com\/st-jean-de-maurienne\/wp-content\/uploads\/sites\/4\/2021\/08\/saint-jean-e\\u0301te\\u0301.jpg\",\"width\":440,\"height\":545,\"caption\":\"saint-jean-e\\u0301te\\u0301\"},{\"@type\":\"WebPage\",\"@id\":\"https:\/\/www.montagnicimes.com\/st-jean-de-maurienne\/sinformer\/comment-venir\/#webpage\",\"url\":\"https:\/\/www.montagnicimes.com\/st-jean-de-maurienne\/sinformer\/comment-venir\/\",\"name\":\"Comment Venir \\u00e0 Saint-Jean-de-Maurienne - St-Jean-de-Maurienne\",\"isPartOf\":{\"@id\":\"https:\/\/www.montagnicimes.com\/st-jean-de-maurienne\/#website\"},\"primaryImageOfPage\":{\"@id\":\"https:\/\/www.montagnicimes.com\/st-jean-de-maurienne\/sinformer\/comment-venir\/#primaryimage\"},\"datePublished\":\"2021-09-24T15:07:12+00:00\",\"dateModified\":\"2022-02-28T11:05:20+00:00\",\"description\":\"Venez vous ressourcer sur notre territoire, \\u00e0 seulement 2h de Lyon, Turin et Gen\\u00e8ve, et \\u00e0 1h de Chamb\\u00e9ry et Grenoble. En voiture Saint-Jean-de-Maurienne\",\"breadcrumb\":{\"@id\":\"https:\/\/www.montagnicimes.com\/st-jean-de-maurienne\/sinformer\/comment-venir\/#breadcrumb\"},\"inLanguage\":\"fr-FR\",\"potentialAction\":[{\"@type\":\"ReadAction\",\"target\":[\"https:\/\/www.montagnicimes.com\/st-jean-de-maurienne\/sinformer\/comment-venir\/\"]}]},{\"@type\":\"BreadcrumbList\",\"@id\":\"https:\/\/www.montagnicimes.com\/st-jean-de-maurienne\/sinformer\/comment-venir\/#breadcrumb\",\"itemListElement\":[{\"@type\":\"ListItem\",\"position\":1,\"name\":\"Accueil\",\"item\":\"https:\/\/www.montagnicimes.com\/st-jean-de-maurienne\/\"},{\"@type\":\"ListItem\",\"position\":2,\"name\":\"S&rsquo;informer\",\"item\":\"https:\/\/www.montagnicimes.com\/st-jean-de-maurienne\/sinformer\/\"},{\"@type\":\"ListItem\",\"position\":3,\"name\":\"Comment venir ?\"}]}]}<\/script>\n<!-- \/ Yoast SEO plugin. -->","yoast_head_json":{"description":"Venez vous ressourcer sur notre territoire, \u00e0 seulement 2h de Lyon, Turin et Gen\u00e8ve, et \u00e0 1h de Chamb\u00e9ry et Grenoble. En voiture Saint-Jean-de-Maurienne","robots":{"index":"index","follow":"follow","max-snippet":"max-snippet:-1","max-image-preview":"max-image-preview:large","max-video-preview":"max-video-preview:-1"},"canonical":"https:\/\/www.montagnicimes.com\/st-jean-de-maurienne\/sinformer\/comment-venir\/","og_locale":"fr_FR","og_type":"article","og_title":"Comment Venir \u00e0 Saint-Jean-de-Maurienne - St-Jean-de-Maurienne","og_description":"Venez vous ressourcer sur notre territoire, \u00e0 seulement 2h de Lyon, Turin et Gen\u00e8ve, et \u00e0 1h de Chamb\u00e9ry et Grenoble. En voiture Saint-Jean-de-Maurienne","og_url":"https:\/\/www.montagnicimes.com\/st-jean-de-maurienne\/sinformer\/comment-venir\/","og_site_name":"St-Jean-de-Maurienne","article_modified_time":"2022-02-28T11:05:20+00:00","og_image":[{"width":440,"height":545,"url":"https:\/\/www.montagnicimes.com\/st-jean-de-maurienne\/wp-content\/uploads\/sites\/4\/2021\/08\/saint-jean-e\u0301te\u0301.jpg","type":"image\/jpeg"}],"twitter_card":"summary_large_image","twitter_misc":{"Dur\u00e9e de lecture estim\u00e9e":"2 minutes"},"schema":{"@context":"https:\/\/schema.org","@graph":[{"@type":"WebSite","@id":"https:\/\/www.montagnicimes.com\/st-jean-de-maurienne\/#website","url":"https:\/\/www.montagnicimes.com\/st-jean-de-maurienne\/","name":"St-Jean-de-Maurienne","description":"Office de tourisme Montagnicimes - Saint-Jean-de-Maurienne","potentialAction":[{"@type":"SearchAction","target":{"@type":"EntryPoint","urlTemplate":"https:\/\/www.montagnicimes.com\/st-jean-de-maurienne\/?s={search_term_string}"},"query-input":"required name=search_term_string"}],"inLanguage":"fr-FR"},{"@type":"ImageObject","@id":"https:\/\/www.montagnicimes.com\/st-jean-de-maurienne\/sinformer\/comment-venir\/#primaryimage","inLanguage":"fr-FR","url":"https:\/\/www.montagnicimes.com\/st-jean-de-maurienne\/wp-content\/uploads\/sites\/4\/2021\/08\/saint-jean-e\u0301te\u0301.jpg","contentUrl":"https:\/\/www.montagnicimes.com\/st-jean-de-maurienne\/wp-content\/uploads\/sites\/4\/2021\/08\/saint-jean-e\u0301te\u0301.jpg","width":440,"height":545,"caption":"saint-jean-e\u0301te\u0301"},{"@type":"WebPage","@id":"https:\/\/www.montagnicimes.com\/st-jean-de-maurienne\/sinformer\/comment-venir\/#webpage","url":"https:\/\/www.montagnicimes.com\/st-jean-de-maurienne\/sinformer\/comment-venir\/","name":"Comment Venir \u00e0 Saint-Jean-de-Maurienne - St-Jean-de-Maurienne","isPartOf":{"@id":"https:\/\/www.montagnicimes.com\/st-jean-de-maurienne\/#website"},"primaryImageOfPage":{"@id":"https:\/\/www.montagnicimes.com\/st-jean-de-maurienne\/sinformer\/comment-venir\/#primaryimage"},"datePublished":"2021-09-24T15:07:12+00:00","dateModified":"2022-02-28T11:05:20+00:00","description":"Venez vous ressourcer sur notre territoire, \u00e0 seulement 2h de Lyon, Turin et Gen\u00e8ve, et \u00e0 1h de Chamb\u00e9ry et Grenoble. En voiture Saint-Jean-de-Maurienne","breadcrumb":{"@id":"https:\/\/www.montagnicimes.com\/st-jean-de-maurienne\/sinformer\/comment-venir\/#breadcrumb"},"inLanguage":"fr-FR","potentialAction":[{"@type":"ReadAction","target":["https:\/\/www.montagnicimes.com\/st-jean-de-maurienne\/sinformer\/comment-venir\/"]}]},{"@type":"BreadcrumbList","@id":"https:\/\/www.montagnicimes.com\/st-jean-de-maurienne\/sinformer\/comment-venir\/#breadcrumb","itemListElement":[{"@type":"ListItem","position":1,"name":"Accueil","item":"https:\/\/www.montagnicimes.com\/st-jean-de-maurienne\/"},{"@type":"ListItem","position":2,"name":"S&rsquo;informer","item":"https:\/\/www.montagnicimes.com\/st-jean-de-maurienne\/sinformer\/"},{"@type":"ListItem","position":3,"name":"Comment venir ?"}]}]}},"_links":{"self":[{"href":"https:\/\/www.montagnicimes.com\/st-jean-de-maurienne\/wp-json\/wp\/v2\/pages\/7714"}],"collection":[{"href":"https:\/\/www.montagnicimes.com\/st-jean-de-maurienne\/wp-json\/wp\/v2\/pages"}],"about":[{"href":"https:\/\/www.montagnicimes.com\/st-jean-de-maurienne\/wp-json\/wp\/v2\/types\/page"}],"author":[{"embeddable":true,"href":"https:\/\/www.montagnicimes.com\/st-jean-de-maurienne\/wp-json\/wp\/v2\/users\/1"}],"replies":[{"embeddable":true,"href":"https:\/\/www.montagnicimes.com\/st-jean-de-maurienne\/wp-json\/wp\/v2\/comments?post=7714"}],"version-history":[{"count":8,"href":"https:\/\/www.montagnicimes.com\/st-jean-de-maurienne\/wp-json\/wp\/v2\/pages\/7714\/revisions"}],"predecessor-version":[{"id":9626,"href":"https:\/\/www.montagnicimes.com\/st-jean-de-maurienne\/wp-json\/wp\/v2\/pages\/7714\/revisions\/9626"}],"up":[{"embeddable":true,"href":"https:\/\/www.montagnicimes.com\/st-jean-de-maurienne\/wp-json\/wp\/v2\/pages\/7639"}],"wp:featuredmedia":[{"embeddable":true,"href":"https:\/\/www.montagnicimes.com\/st-jean-de-maurienne\/wp-json\/wp\/v2\/media\/362"}],"wp:attachment":[{"href":"https:\/\/www.montagnicimes.com\/st-jean-de-maurienne\/wp-json\/wp\/v2\/media?parent=7714"}],"wp:term":[{"taxonomy":"post_tag","embeddable":true,"href":"https:\/\/www.montagnicimes.com\/st-jean-de-maurienne\/wp-json\/wp\/v2\/post_tag?post=7714"}],"curies":[{"name":"wp","href":"https:\/\/api.w.org\/{rel}","templated":true}]}}