{"id":7640,"date":"2021-09-24T15:14:05","date_gmt":"2021-09-24T13:14:05","guid":{"rendered":"https:\/\/www.montagnicimes.com\/st-jean-de-maurienne\/navette-et-mobilite\/"},"modified":"2022-12-13T17:31:58","modified_gmt":"2022-12-13T16:31:58","slug":"navettes-et-mobilite","status":"publish","type":"page","link":"https:\/\/www.montagnicimes.com\/st-jean-de-maurienne\/sinformer\/navettes-et-mobilite\/","title":{"rendered":"Navettes et Mobilit\u00e9"},"content":{"rendered":"\n<p class=\"is-style-excerpt\">Envie de bouger et de voyager \u00e0 travers notre territoire&nbsp;? Des navettes et autres moyens de transports sont l\u00e0 pour vous. Venez d\u00e9couvrir la vall\u00e9e de la Maurienne en toute facilit\u00e9.<\/p>\n\n\n\n<h2>Les Navettes gare &gt; stations<\/h2>\n\n\n\n<p>Vous venez en vacances en Maurienne et vous n\u2019avez pas de v\u00e9hicule pour vous rendre en station de ski&nbsp;? Pas de probl\u00e8me, durant la saison hivernale, vous pourrez b\u00e9n\u00e9ficier de transports aller-retour entre Saint-Jean-de-Maurienne et les stations de ski.<\/p>\n\n\n\n<p>Bien s\u00fbr, vous avez la possibilit\u00e9 d\u2019emporter votre mat\u00e9riel de ski avec vous.<\/p>\n\n\n\n<p>Le d\u00e9part se fait de la gare routi\u00e8re de Saint-Jean-de-Maurienne, juste \u00e0 c\u00f4t\u00e9 de la gare SNCF. Les navettes propos\u00e9es sont \u00e0 destination de La Toussuire, Les Botti\u00e8res, Albiez-Montrond, Le Corbier, Saint-Sorlin-d\u2019Arves, Saint-Jean-d\u2019Arves et Les Karellis.<\/p>\n\n\n\n<p>Petit conseil&nbsp;: pour votre retour, pr\u00e9voyez une heure d\u2019arriv\u00e9e th\u00e9orique en gare environ 30 minutes avant l\u2019heure de d\u00e9part de votre train.<\/p>\n\n\n\n<p>Vous pouvez acheter vos billets directement en ligne&nbsp;<a href=\"https:\/\/www.cars-region-savoie.fr\/destinations\/saint-jean-de-maurienne\/\" target=\"_blank\" rel=\"noreferrer noopener\">ici<\/a>. <\/p>\n\n\n\n<p>Les horaires peuvent \u00eatre modifi\u00e9es, pensez \u00e0 v\u00e9rifier les informations avant votre voyage. Les navettes sont accessibles dans la limite des places disponibles.<\/p>\n\n\n\n<p><strong>ATTENTION&nbsp;! La r\u00e9servation est obligatoire la veille de votre d\u00e9part, avant 12h.<\/strong><\/p>\n\n\n\n<div class=\"wp-block-buttons is-content-justification-center is-vertical\">\n<div class=\"wp-block-button\"><a class=\"wp-block-button__link\" href=\"https:\/\/www.cars-region-savoie.fr\/destinations\/saint-jean-de-maurienne\/\" target=\"_blank\" rel=\"noreferrer noopener\">voir les horaires des navettes<\/a><\/div>\n<\/div>\n\n\n\n<p><\/p>\n\n\n\n<p><\/p>\n\n\n\n<p>L\u2019horaire d\u2019arriv\u00e9e est donn\u00e9 \u00e0 titre indicatif, un fort trafic ou de mauvaises conditions m\u00e9t\u00e9orologiques sont susceptibles de la modifier.<\/p>\n\n\n\n<h2>MOBILIT\u00c9<\/h2>\n\n\n\n<p>Diff\u00e9rents tarifs sont applicables pour ces trajets. Veuillez consulter la grille tarifaire ci-joint.<\/p>\n\n\n\n<div class=\"wp-block-image\"><figure class=\"aligncenter size-full\"><img loading=\"lazy\" width=\"588\" height=\"241\" data-src=\"https:\/\/www.montagnicimes.com\/st-jean-de-maurienne\/wp-content\/uploads\/sites\/4\/2022\/12\/Tarifs-navettes-2022.jpg\" alt=\"Tarifs navettes 22-23\" class=\"wp-image-10753\" data-srcset=\"https:\/\/www.montagnicimes.com\/st-jean-de-maurienne\/wp-content\/uploads\/sites\/4\/2022\/12\/Tarifs-navettes-2022.jpg 588w, https:\/\/www.montagnicimes.com\/st-jean-de-maurienne\/wp-content\/uploads\/sites\/4\/2022\/12\/Tarifs-navettes-2022-200x82.jpg 200w\" sizes=\"(max-width: 588px) 100vw, 588px\" \/><\/figure><\/div>\n\n\n\n<h3>Navette Saint-Jean-de-Maurienne &lt;-&gt; Albiez<\/h3>\n\n\n\n<p>La ligne S33 dessert la station d\u2019Albiez-Montrond depuis la gare de Saint-Jean-de-Maurienne, \u00e9t\u00e9 comme hiver durant les week-ends. Pour le reste de l\u2019ann\u00e9e et en semaine, certains horaires peuvent \u00e9galement \u00eatre disponibles.<br>Pour plus d\u2019informations sur les tarifs et les fiches horaires, veuillez-vous r\u00e9f\u00e9rer \u00e0 la<a href=\"https:\/\/www.cars-region-savoie.fr\/line\/s33\/\" target=\"_blank\" rel=\"noreferrer noopener\"> ligne S33<\/a>. <\/p>\n\n\n\n<h3>Accessibilit\u00e9 aux personnes \u00e0 mobilit\u00e9 r\u00e9duite<\/h3>\n\n\n\n<p>La ligne est accessible aux personnes \u00e0 mobilit\u00e9 r\u00e9duite. Afin que la compagnie puisse vous proposer un v\u00e9hicule adapt\u00e9, la r\u00e9servation est obligatoire pour les personnes se d\u00e9pla\u00e7ant en fauteuil roulant. Il vous faudra le signaler 24h avant votre d\u00e9part.<\/p>\n\n\n\n<h2>Le r\u00e9seau de transport urbain de la 3CMA<\/h2>\n\n\n\n<p>Le r\u00e9seau \u00ab&nbsp;C\u0153ur de Maurienne Arvan Bus&nbsp;\u00bb vous transporte dabs la ville de Saint-Jean-de-Maurienne et certaines communes membres de la Communaut\u00e9 de Communes C\u0153ur de Maurienne Arvan.<\/p>\n\n\n\n<p>Le r\u00e9seau de bus C\u0153ur de Maurienne Arvan g\u00e8re l\u2019ensemble des lignes de bus desservant les communes de Saint-Jean-de-Maurienne, Hermillon et Saint-Julien-Montdenis. Huits lignes existent sur le territoire, avec des horaires r\u00e9guliers ou selon le principe du Transport \u00e0 la Demande (TAD), sur r\u00e9servation.<\/p>\n\n\n\n<p>Avec ou sans abonnement, le r\u00e9seau de transport urbain souhaite r\u00e9pondre aux besoins de chacun. Diff\u00e9rents tarifs sont applicables. Pour en savoir plus, veuillez consulter la grille tarifaire sur <a href=\"https:\/\/www.coeurdemaurienne-arvan-bus.com\/fr\/il4-coeurdemaurienne,bus_p7-tarifs-conditions.aspx\" target=\"_blank\" rel=\"noreferrer noopener\">https:\/\/www.coeurdemaurienne-arvan-bus.com\/fr\/il4-coeurdemaurienne,bus_p7-tarifs-conditions.aspx<\/a><\/p>\n\n\n\n<p>Retrouvez diff\u00e9rents points de vente de vos titres de transports&nbsp;:<\/p>\n\n\n\n<ul><li>Les bus (uniquement tickets \u00e0 l\u2019unit\u00e9)<\/li><li>Trans-Alpes \u2013 Avenue d\u2019Italie \u00e0 Saint-Jean-de-Maurienne<\/li><li>Office de Tourisme Intercommunal de Saint-Jean-de-Maurienne<\/li><li>Les mairies des communes desservies&nbsp;: Hermillon, Jarrier.<\/li><\/ul>\n\n\n\n<p>Pour vous rendre sur votre lieu de travail, vous avez la possibilit\u00e9 de toucher une prise en charge par votre entreprise \u00e0 hauteur de 50% sur les abonnements mensuels et annuels.<\/p>\n\n\n\n<p>Aux arr\u00eats de bus des lignes 1 et 2, vous retrouverez un dispositif de localisation en temps r\u00e9el. Il vous suffira de flashez le QR code affich\u00e9 et vous recevrez en direct l\u2019arriv\u00e9e du prochain bus.<\/p>\n\n\n\n<p>Les v\u00e9hicules des lignes 1,2 et mixtes sont accessibles aux personnes \u00e0 mobilit\u00e9 r\u00e9duire. L\u2019accessibilit\u00e9 pour les autres lignes du r\u00e9seau se fait sur demande.<\/p>\n\n\n\n<p>Le r\u00e9seau du C\u0153ur de Maurienne Arvan Bus se situe au 416 avenue d\u2019Italie \u2013 73&nbsp;301 \u00e0 Saint-Jean-de-Maurienne. Vous pouvez les contacter au 04 79 83 45 45 et par E-mail&nbsp;: <a href=\"mailto:info@trans-alpes.com\">info@trans-alpes.com<\/a><\/p>\n\n\n\n<p>Pour avoir les horaires de chaque ligne, rendez-vous <a href=\"https:\/\/www.coeurdemaurienne-arvan-bus.com\/fr\/il4-coeurdemaurienne,bus_p4-lignes-horaires.aspx\" target=\"_blank\" rel=\"noreferrer noopener\">ici<\/a>.<\/p>\n\n\n\n<p>Le Transport A la Demande se fait sur r\u00e9servation obligatoire. La demande de r\u00e9servation doit \u00eatre effectu\u00e9e au plus tard la veille avant 15h et le vendredi pour un trajet le lundi.<\/p>\n\n\n\n<h2>Appelez-nous, on arrive.<\/h2>\n\n\n\n<p>Diff\u00e9rents prestataires taxis sont bas\u00e9s sur Saint-Jean-de-Maurienne et ces alentours. Parmi eux, retrouvez les taxis Gander, Flammier, Rol R\u00e9my et Fils ou encore Trans-Alpes.<\/p>\n\n\n\n<p>Pour des trajets au d\u00e9part des gares vers les stations de ski de Maurienne ou pour tout autre d\u00e9placement, r\u00e9servez votre taxi et voyagez dans un v\u00e9hicule tout confort, disponible toute l\u2019ann\u00e9e.<\/p>\n\n\n\n<div class=\"wp-block wp-block-related-post clear alignfull\">\n    \n    <div class=\"article\">\n                    <h2 class=\"wp-block-related-post-title\">Nos taxis<\/h2>\n                \n            <\/div>\n\n    <div class=\"container\">\n        <div class=\"wp-block-related-post-inner\">\n            <div data-id=\"wpiris-related-post\" data-slides-per-view=\"2\">\n                <div data-id=\"wpiris-related-post-wrapper\">\n                                            \n<div class=\"postItem swiper-slide\" data-trigger=\"wpiris-click\" >\n    <a href=\"https:\/\/www.montagnicimes.com\/st-jean-de-maurienne\/commerce-service\/taxi-bel\/\" nofancybox class=\"postItemThumbnail\">\n        <img data-src=\"https:\/\/www.montagnicimes.com\/st-jean-de-maurienne\/wp-content\/uploads\/sites\/4\/wpiris-images\/14403\/35564685-diaporama-590x440-c.jpg\" alt=\"Taxi &#8211; Bel\">\n    <\/a>\n    <div class=\"postItemContent\">\n\n        <div class=\"postItemContentHeading\">\n                                    <h3 class=\"postItemContentTitle\" >\n                <a href=\"https:\/\/www.montagnicimes.com\/st-jean-de-maurienne\/commerce-service\/taxi-bel\/\">Taxi &#8211; Bel<\/a>\n            <\/h3>                    <\/div>\n        \n<div class=\"postItemContentExcerpt\">\n    Service de taxi professionnel 24h\/24h &#8211; tourisme \/ collectivit\u00e9s et groupes \/ malades assis (conventionn\u00e9 CPAM).  \nDessert a\u00e9roports, gares SNCF &#038; routi\u00e8res, stations de ski.<\/div>\n    <\/div>\n<\/div>\n                                            \n<div class=\"postItem swiper-slide\" data-trigger=\"wpiris-click\" >\n    <a href=\"https:\/\/www.montagnicimes.com\/st-jean-de-maurienne\/commerce-service\/taxi-flammier\/\" nofancybox class=\"postItemThumbnail\">\n        <img data-src=\"https:\/\/www.montagnicimes.com\/st-jean-de-maurienne\/wp-content\/uploads\/sites\/4\/wpiris-images\/14078\/33216740-diaporama-590x440-c.png\" alt=\"Taxi Flammier\">\n    <\/a>\n    <div class=\"postItemContent\">\n\n        <div class=\"postItemContentHeading\">\n                                    <h3 class=\"postItemContentTitle\" >\n                <a href=\"https:\/\/www.montagnicimes.com\/st-jean-de-maurienne\/commerce-service\/taxi-flammier\/\">Taxi Flammier<\/a>\n            <\/h3>                    <\/div>\n        \n<div class=\"postItemContentExcerpt\">\n    Taxi priv\u00e9 et conventionn\u00e9, toutes distances, bas\u00e9 \u00e0 Saint-Jean-de-Maurienne.<\/div>\n    <\/div>\n<\/div>\n                                            \n<div class=\"postItem swiper-slide\" data-trigger=\"wpiris-click\" >\n    <a href=\"https:\/\/www.montagnicimes.com\/st-jean-de-maurienne\/commerce-service\/taxi-hermillon\/\" nofancybox class=\"postItemThumbnail\">\n        <img data-src=\"https:\/\/www.montagnicimes.com\/st-jean-de-maurienne\/wp-content\/uploads\/sites\/4\/wpiris-images\/14402\/35564644-diaporama-590x440-c.jpg\" alt=\"Taxi Hermillon\">\n    <\/a>\n    <div class=\"postItemContent\">\n\n        <div class=\"postItemContentHeading\">\n                                    <h3 class=\"postItemContentTitle\" >\n                <a href=\"https:\/\/www.montagnicimes.com\/st-jean-de-maurienne\/commerce-service\/taxi-hermillon\/\">Taxi Hermillon<\/a>\n            <\/h3>                    <\/div>\n        \n<div class=\"postItemContentExcerpt\">\n    Service de taxi toutes distances, 7j\/7j, 24h\/24h.\nService de transport de malades assis (conventionn\u00e9 CPAM).\nCommune de stationnement : Hermillon.<\/div>\n    <\/div>\n<\/div>\n                                    <\/div>\n            <\/div>\n        <\/div>\n    <\/div>\n<\/div>\n\n\n<h2><br><br><\/h2>\n","protected":false},"excerpt":{"rendered":"<p>Envie de bouger et de voyager \u00e0 travers notre territoire&nbsp;? Des navettes et autres moyens de transports sont l\u00e0 pour vous. Venez d\u00e9couvrir la vall\u00e9e de la Maurienne en toute facilit\u00e9. Les Navettes gare &gt; stations Vous venez en vacances en Maurienne et vous n\u2019avez pas de v\u00e9hicule pour vous rendre en station de ski&nbsp;? [&hellip;]<\/p>\n","protected":false},"author":1,"featured_media":8390,"parent":7639,"menu_order":1,"comment_status":"closed","ping_status":"closed","template":"","meta":{"_relevanssi_hide_post":"","_relevanssi_pin_for_all":"","_relevanssi_pin_keywords":"","_relevanssi_unpin_keywords":"","_relevanssi_related_keywords":"","_relevanssi_related_include_ids":"","_relevanssi_related_exclude_ids":"","_relevanssi_related_no_append":"","_relevanssi_related_not_related":"","_relevanssi_related_posts":"489,493,491","_relevanssi_noindex_reason":""},"post_tag":[],"acf":[],"yoast_head":"<!-- This site is optimized with the Yoast SEO plugin v17.6 - https:\/\/yoast.com\/wordpress\/plugins\/seo\/ -->\n<meta name=\"description\" content=\"Envie de bouger et de voyager \u00e0 travers notre territoire&nbsp;? Des navettes et autres moyens de transports sont l\u00e0 pour vous. Venez d\u00e9couvrir la vall\u00e9e\" \/>\n<meta name=\"robots\" content=\"index, follow, max-snippet:-1, max-image-preview:large, max-video-preview:-1\" \/>\n<link rel=\"canonical\" href=\"https:\/\/www.montagnicimes.com\/st-jean-de-maurienne\/sinformer\/navettes-et-mobilite\/\" \/>\n<meta property=\"og:locale\" content=\"fr_FR\" \/>\n<meta property=\"og:type\" content=\"article\" \/>\n<meta property=\"og:title\" content=\"Navettes depuis Saint-Jean-de-Maurienne, Taxis et Transports\" \/>\n<meta property=\"og:description\" content=\"Envie de bouger et de voyager \u00e0 travers notre territoire&nbsp;? Des navettes et autres moyens de transports sont l\u00e0 pour vous. Venez d\u00e9couvrir la vall\u00e9e\" \/>\n<meta property=\"og:url\" content=\"https:\/\/www.montagnicimes.com\/st-jean-de-maurienne\/sinformer\/navettes-et-mobilite\/\" \/>\n<meta property=\"og:site_name\" content=\"St-Jean-de-Maurienne\" \/>\n<meta property=\"article:modified_time\" content=\"2022-12-13T16:31:58+00:00\" \/>\n<meta property=\"og:image\" content=\"https:\/\/www.montagnicimes.com\/st-jean-de-maurienne\/wp-content\/uploads\/sites\/4\/wpetourisme\/2962445-diaporama.jpg\" \/>\n\t<meta property=\"og:image:width\" content=\"1280\" \/>\n\t<meta property=\"og:image:height\" content=\"960\" \/>\n<meta name=\"twitter:card\" content=\"summary_large_image\" \/>\n<meta name=\"twitter:label1\" content=\"Dur\u00e9e de lecture estim\u00e9e\" \/>\n\t<meta name=\"twitter:data1\" content=\"4 minutes\" \/>\n<script type=\"application\/ld+json\" class=\"yoast-schema-graph\">{\"@context\":\"https:\/\/schema.org\",\"@graph\":[{\"@type\":\"WebSite\",\"@id\":\"https:\/\/www.montagnicimes.com\/st-jean-de-maurienne\/#website\",\"url\":\"https:\/\/www.montagnicimes.com\/st-jean-de-maurienne\/\",\"name\":\"St-Jean-de-Maurienne\",\"description\":\"Office de tourisme Montagnicimes - Saint-Jean-de-Maurienne\",\"potentialAction\":[{\"@type\":\"SearchAction\",\"target\":{\"@type\":\"EntryPoint\",\"urlTemplate\":\"https:\/\/www.montagnicimes.com\/st-jean-de-maurienne\/?s={search_term_string}\"},\"query-input\":\"required name=search_term_string\"}],\"inLanguage\":\"fr-FR\"},{\"@type\":\"ImageObject\",\"@id\":\"https:\/\/www.montagnicimes.com\/st-jean-de-maurienne\/sinformer\/navettes-et-mobilite\/#primaryimage\",\"inLanguage\":\"fr-FR\",\"url\":\"https:\/\/www.montagnicimes.com\/st-jean-de-maurienne\/wp-content\/uploads\/sites\/4\/wpetourisme\/2962445-diaporama.jpg\",\"contentUrl\":\"https:\/\/www.montagnicimes.com\/st-jean-de-maurienne\/wp-content\/uploads\/sites\/4\/wpetourisme\/2962445-diaporama.jpg\",\"width\":1280,\"height\":960,\"caption\":\"trans'alpes\"},{\"@type\":\"WebPage\",\"@id\":\"https:\/\/www.montagnicimes.com\/st-jean-de-maurienne\/sinformer\/navettes-et-mobilite\/#webpage\",\"url\":\"https:\/\/www.montagnicimes.com\/st-jean-de-maurienne\/sinformer\/navettes-et-mobilite\/\",\"name\":\"Navettes depuis Saint-Jean-de-Maurienne, Taxis et Transports\",\"isPartOf\":{\"@id\":\"https:\/\/www.montagnicimes.com\/st-jean-de-maurienne\/#website\"},\"primaryImageOfPage\":{\"@id\":\"https:\/\/www.montagnicimes.com\/st-jean-de-maurienne\/sinformer\/navettes-et-mobilite\/#primaryimage\"},\"datePublished\":\"2021-09-24T13:14:05+00:00\",\"dateModified\":\"2022-12-13T16:31:58+00:00\",\"description\":\"Envie de bouger et de voyager \\u00e0 travers notre territoire&nbsp;? Des navettes et autres moyens de transports sont l\\u00e0 pour vous. Venez d\\u00e9couvrir la vall\\u00e9e\",\"breadcrumb\":{\"@id\":\"https:\/\/www.montagnicimes.com\/st-jean-de-maurienne\/sinformer\/navettes-et-mobilite\/#breadcrumb\"},\"inLanguage\":\"fr-FR\",\"potentialAction\":[{\"@type\":\"ReadAction\",\"target\":[\"https:\/\/www.montagnicimes.com\/st-jean-de-maurienne\/sinformer\/navettes-et-mobilite\/\"]}]},{\"@type\":\"BreadcrumbList\",\"@id\":\"https:\/\/www.montagnicimes.com\/st-jean-de-maurienne\/sinformer\/navettes-et-mobilite\/#breadcrumb\",\"itemListElement\":[{\"@type\":\"ListItem\",\"position\":1,\"name\":\"Accueil\",\"item\":\"https:\/\/www.montagnicimes.com\/st-jean-de-maurienne\/\"},{\"@type\":\"ListItem\",\"position\":2,\"name\":\"S&rsquo;informer\",\"item\":\"https:\/\/www.montagnicimes.com\/st-jean-de-maurienne\/sinformer\/\"},{\"@type\":\"ListItem\",\"position\":3,\"name\":\"Navettes et Mobilit\\u00e9\"}]}]}<\/script>\n<!-- \/ Yoast SEO plugin. -->","yoast_head_json":{"description":"Envie de bouger et de voyager \u00e0 travers notre territoire&nbsp;? Des navettes et autres moyens de transports sont l\u00e0 pour vous. Venez d\u00e9couvrir la vall\u00e9e","robots":{"index":"index","follow":"follow","max-snippet":"max-snippet:-1","max-image-preview":"max-image-preview:large","max-video-preview":"max-video-preview:-1"},"canonical":"https:\/\/www.montagnicimes.com\/st-jean-de-maurienne\/sinformer\/navettes-et-mobilite\/","og_locale":"fr_FR","og_type":"article","og_title":"Navettes depuis Saint-Jean-de-Maurienne, Taxis et Transports","og_description":"Envie de bouger et de voyager \u00e0 travers notre territoire&nbsp;? Des navettes et autres moyens de transports sont l\u00e0 pour vous. Venez d\u00e9couvrir la vall\u00e9e","og_url":"https:\/\/www.montagnicimes.com\/st-jean-de-maurienne\/sinformer\/navettes-et-mobilite\/","og_site_name":"St-Jean-de-Maurienne","article_modified_time":"2022-12-13T16:31:58+00:00","og_image":[{"width":1280,"height":960,"url":"https:\/\/www.montagnicimes.com\/st-jean-de-maurienne\/wp-content\/uploads\/sites\/4\/wpetourisme\/2962445-diaporama.jpg","type":"image\/jpeg"}],"twitter_card":"summary_large_image","twitter_misc":{"Dur\u00e9e de lecture estim\u00e9e":"4 minutes"},"schema":{"@context":"https:\/\/schema.org","@graph":[{"@type":"WebSite","@id":"https:\/\/www.montagnicimes.com\/st-jean-de-maurienne\/#website","url":"https:\/\/www.montagnicimes.com\/st-jean-de-maurienne\/","name":"St-Jean-de-Maurienne","description":"Office de tourisme Montagnicimes - Saint-Jean-de-Maurienne","potentialAction":[{"@type":"SearchAction","target":{"@type":"EntryPoint","urlTemplate":"https:\/\/www.montagnicimes.com\/st-jean-de-maurienne\/?s={search_term_string}"},"query-input":"required name=search_term_string"}],"inLanguage":"fr-FR"},{"@type":"ImageObject","@id":"https:\/\/www.montagnicimes.com\/st-jean-de-maurienne\/sinformer\/navettes-et-mobilite\/#primaryimage","inLanguage":"fr-FR","url":"https:\/\/www.montagnicimes.com\/st-jean-de-maurienne\/wp-content\/uploads\/sites\/4\/wpetourisme\/2962445-diaporama.jpg","contentUrl":"https:\/\/www.montagnicimes.com\/st-jean-de-maurienne\/wp-content\/uploads\/sites\/4\/wpetourisme\/2962445-diaporama.jpg","width":1280,"height":960,"caption":"trans'alpes"},{"@type":"WebPage","@id":"https:\/\/www.montagnicimes.com\/st-jean-de-maurienne\/sinformer\/navettes-et-mobilite\/#webpage","url":"https:\/\/www.montagnicimes.com\/st-jean-de-maurienne\/sinformer\/navettes-et-mobilite\/","name":"Navettes depuis Saint-Jean-de-Maurienne, Taxis et Transports","isPartOf":{"@id":"https:\/\/www.montagnicimes.com\/st-jean-de-maurienne\/#website"},"primaryImageOfPage":{"@id":"https:\/\/www.montagnicimes.com\/st-jean-de-maurienne\/sinformer\/navettes-et-mobilite\/#primaryimage"},"datePublished":"2021-09-24T13:14:05+00:00","dateModified":"2022-12-13T16:31:58+00:00","description":"Envie de bouger et de voyager \u00e0 travers notre territoire&nbsp;? Des navettes et autres moyens de transports sont l\u00e0 pour vous. Venez d\u00e9couvrir la vall\u00e9e","breadcrumb":{"@id":"https:\/\/www.montagnicimes.com\/st-jean-de-maurienne\/sinformer\/navettes-et-mobilite\/#breadcrumb"},"inLanguage":"fr-FR","potentialAction":[{"@type":"ReadAction","target":["https:\/\/www.montagnicimes.com\/st-jean-de-maurienne\/sinformer\/navettes-et-mobilite\/"]}]},{"@type":"BreadcrumbList","@id":"https:\/\/www.montagnicimes.com\/st-jean-de-maurienne\/sinformer\/navettes-et-mobilite\/#breadcrumb","itemListElement":[{"@type":"ListItem","position":1,"name":"Accueil","item":"https:\/\/www.montagnicimes.com\/st-jean-de-maurienne\/"},{"@type":"ListItem","position":2,"name":"S&rsquo;informer","item":"https:\/\/www.montagnicimes.com\/st-jean-de-maurienne\/sinformer\/"},{"@type":"ListItem","position":3,"name":"Navettes et Mobilit\u00e9"}]}]}},"_links":{"self":[{"href":"https:\/\/www.montagnicimes.com\/st-jean-de-maurienne\/wp-json\/wp\/v2\/pages\/7640"}],"collection":[{"href":"https:\/\/www.montagnicimes.com\/st-jean-de-maurienne\/wp-json\/wp\/v2\/pages"}],"about":[{"href":"https:\/\/www.montagnicimes.com\/st-jean-de-maurienne\/wp-json\/wp\/v2\/types\/page"}],"author":[{"embeddable":true,"href":"https:\/\/www.montagnicimes.com\/st-jean-de-maurienne\/wp-json\/wp\/v2\/users\/1"}],"replies":[{"embeddable":true,"href":"https:\/\/www.montagnicimes.com\/st-jean-de-maurienne\/wp-json\/wp\/v2\/comments?post=7640"}],"version-history":[{"count":17,"href":"https:\/\/www.montagnicimes.com\/st-jean-de-maurienne\/wp-json\/wp\/v2\/pages\/7640\/revisions"}],"predecessor-version":[{"id":10755,"href":"https:\/\/www.montagnicimes.com\/st-jean-de-maurienne\/wp-json\/wp\/v2\/pages\/7640\/revisions\/10755"}],"up":[{"embeddable":true,"href":"https:\/\/www.montagnicimes.com\/st-jean-de-maurienne\/wp-json\/wp\/v2\/pages\/7639"}],"wp:featuredmedia":[{"embeddable":true,"href":"https:\/\/www.montagnicimes.com\/st-jean-de-maurienne\/wp-json\/wp\/v2\/media\/8390"}],"wp:attachment":[{"href":"https:\/\/www.montagnicimes.com\/st-jean-de-maurienne\/wp-json\/wp\/v2\/media?parent=7640"}],"wp:term":[{"taxonomy":"post_tag","embeddable":true,"href":"https:\/\/www.montagnicimes.com\/st-jean-de-maurienne\/wp-json\/wp\/v2\/post_tag?post=7640"}],"curies":[{"name":"wp","href":"https:\/\/api.w.org\/{rel}","templated":true}]}}