{"id":7637,"date":"2021-09-24T15:14:02","date_gmt":"2021-09-24T13:14:02","guid":{"rendered":"https:\/\/www.montagnicimes.com\/st-jean-de-maurienne\/theatre\/"},"modified":"2025-05-13T08:41:27","modified_gmt":"2025-05-13T06:41:27","slug":"theatre","status":"publish","type":"page","link":"https:\/\/www.montagnicimes.com\/st-jean-de-maurienne\/l-agenda\/theatre\/","title":{"rendered":"Th\u00e9\u00e2tre"},"content":{"rendered":"\n<p class=\"is-style-excerpt\">Le th\u00e9\u00e2tre G\u00e9rard Philipe vous ouvre ses portes. Situ\u00e9 sur l\u2019Esplanade Giaveno, Place de la Cath\u00e9drale \u00e0 Saint-Jean-de-Maurienne. En plein c\u0153ur de la vall\u00e9e de la Maurienne en Savoie, il a \u00e9t\u00e9 r\u00e9nov\u00e9 en 2014.<\/p>\n\n\n\n<p>Ce th\u00e9\u00e2tre est un lieu o\u00f9 la culture rayonne entre spectacles, galas et concerts. Depuis plusieurs ann\u00e9es, il s\u2019ouvre aussi \u00e0 l\u2019accueil pour des r\u00e9sidences d&rsquo;horizons artistiques divers et vari\u00e9s.<\/p>\n\n\n\n<figure class=\"wp-block-image size-large\"><img data-src=\"https:\/\/www.montagnicimes.com\/wp-content\/uploads\/2021\/11\/LBOUTIOT-VISITE-GUIDEE-THEATRE-13-1200x800.jpg\" alt=\"Visite guid\u00e9e du th\u00e9atre\" class=\"wp-image-9183\" \/><figcaption>\u00a9OTIMontagnicimes<\/figcaption><\/figure>\n\n\n\n<div class=\"wp-block wp-block-single-sit wp-block-single-sit-coordonnees\">\n\n    \n    <div class=\"wp-block-media-text is-stacked-on-mobile\">\n\n        <div class=\"wp-block-media-text__media wpet-map-detail\" style=\"width:100%; height: 100%;\">\n            <div class=\"wp-block-media-text__media__content\" id=\"wpetSingleSitMap8507\" data-wpet-single-sit-map=\"8507\" data-wpet-type-map=\"leaflet\" ><\/div>\n        <\/div>\n\n        <div class=\"wp-block-media-text__content\">\n\n            <div class=\"wp-block-media-text__content__openning\">\n\t                        <\/div>\n\n            <p class=\"wp-block-media-text__content__address\">\n                                    <strong>Th\u00e9\u00e2tre G\u00e9rard Philipe<\/strong><br \/>\n                                \n                                    Place de la Cath\u00e9drale<br \/>\n                                \n                                    <span>73300<\/span>\n                    <span>Saint-Jean-de-Maurienne<\/span><br \/>\n                            <\/p>\n\n                                                <p class=\"wp-block-media-text__content__phone\">04 79 64 47 72<\/p>\n                                        \n            <a href=\"https:\/\/www.google.fr\/maps?saddr&#038;daddr=45.277405,6.345876\" target=\"_blank\" class=\"button GtmButtonCalculItinerairePrestataire\" rel=\"noopener noreferrer\">Calculer mon itin\u00e9raire<\/a>\n        <\/div>\n    <\/div>\n<\/div>\n\n\n\n<p><\/p>\n\n\n\n<hr class=\"wp-block-separator is-style-default\" \/>\n\n\n\n<div class=\"wp-block-media-text alignfull has-media-on-the-right is-stacked-on-mobile is-image-fill\"><figure class=\"wp-block-media-text__media\" style=\"background-image:url(https:\/\/www.montagnicimes.com\/wp-content\/uploads\/2021\/11\/Theatre_en_maurienne_pierre_Dompnier_07.jpg);background-position:50% 50%\"><img data-src=\"https:\/\/www.montagnicimes.com\/wp-content\/uploads\/2021\/11\/Theatre_en_maurienne_pierre_Dompnier_07.jpg\" alt=\"Theatre_en_maurienne\" class=\"wp-image-9186 size-full\" \/><\/figure><div class=\"wp-block-media-text__content\">\n<h2>Que voir au th\u00e9\u00e2tre G\u00e9rard Philipe&nbsp;?<\/h2>\n\n\n\n<p>Le th\u00e9\u00e2tre G\u00e9rard Philipe est un lieu id\u00e9al pour recevoir tout type de manifestations et d\u2019\u00e9v\u00e8nements&nbsp;tels que des spectacles, conf\u00e9rences, conventions d\u2019entreprises, assembl\u00e9es g\u00e9n\u00e9rales, s\u00e9minaires de formation, expositions, arbres de No\u00ebl, etc.<\/p>\n\n\n\n<p>Chaque ann\u00e9e, le th\u00e9\u00e2tre G\u00e9rard Philipe renouvelle sa saison culturelle avec au programme&nbsp;: th\u00e9\u00e2tre, humour, danse, cirque, musique avec des artistes d\u2019ici et d\u2019ailleurs.<\/p>\n\n\n\n<p>L\u2019\u00e9tablissement vous propose une carte abonnement qui sera valable sur la dur\u00e9e de la saison. Nominative, elle vous permettra de b\u00e9n\u00e9ficier de tarifs pr\u00e9f\u00e9rentiels sur nos spectacles.<\/p>\n<\/div><\/div>\n\n\n\n<hr class=\"wp-block-separator is-style-default\" \/>\n\n\n\n<h2>Billeterie et r\u00e9servation<\/h2>\n\n\n\n<p>Programme 2025-2026 \u00e0 venir.<br><br>Billetterie en ligne\u00a0: <a href=\"https:\/\/theatre-gerard-philipe.mapado.com\/\" target=\"_blank\" rel=\"noreferrer noopener\">https:\/\/theatre-gerard-philipe.mapado.com\/<\/a>, <br>Vous pouvez prendre vos places \u00e0 l&rsquo;office de tourisme de Saint-Jean-de-Maurienne.<br><br>Pour toute information : 04 79 83 51 51. <\/p>\n\n\n\n<div class=\"wp-block-buttons is-content-justification-center is-vertical\"><\/div>\n","protected":false},"excerpt":{"rendered":"<p>Le th\u00e9\u00e2tre G\u00e9rard Philipe vous ouvre ses portes. Situ\u00e9 sur l\u2019Esplanade Giaveno, Place de la Cath\u00e9drale \u00e0 Saint-Jean-de-Maurienne. En plein c\u0153ur de la vall\u00e9e de la Maurienne en Savoie, il a \u00e9t\u00e9 r\u00e9nov\u00e9 en 2014. Ce th\u00e9\u00e2tre est un lieu o\u00f9 la culture rayonne entre spectacles, galas et concerts. Depuis plusieurs ann\u00e9es, il s\u2019ouvre aussi [&hellip;]<\/p>\n","protected":false},"author":1,"featured_media":8027,"parent":7622,"menu_order":4,"comment_status":"closed","ping_status":"closed","template":"","meta":{"_relevanssi_hide_post":"","_relevanssi_pin_for_all":"","_relevanssi_pin_keywords":"","_relevanssi_unpin_keywords":"","_relevanssi_related_keywords":"","_relevanssi_related_include_ids":"","_relevanssi_related_exclude_ids":"","_relevanssi_related_no_append":"","_relevanssi_related_not_related":"","_relevanssi_related_posts":"493,491,489","_relevanssi_noindex_reason":""},"post_tag":[],"acf":[],"yoast_head":"<!-- This site is optimized with the Yoast SEO plugin v17.6 - https:\/\/yoast.com\/wordpress\/plugins\/seo\/ -->\n<meta name=\"description\" content=\"Le th\u00e9\u00e2tre G\u00e9rard Philipe vous ouvre ses portes. Situ\u00e9 sur l\u2019Esplanade Giaveno, Place de la Cath\u00e9drale \u00e0 Saint-Jean-de-Maurienne. En plein c\u0153ur de la\" \/>\n<meta name=\"robots\" content=\"index, follow, max-snippet:-1, max-image-preview:large, max-video-preview:-1\" \/>\n<link rel=\"canonical\" href=\"https:\/\/www.montagnicimes.com\/st-jean-de-maurienne\/l-agenda\/theatre\/\" \/>\n<meta property=\"og:locale\" content=\"fr_FR\" \/>\n<meta property=\"og:type\" content=\"article\" \/>\n<meta property=\"og:title\" content=\"Th\u00e9\u00e2tre de Saint-Jean-de-Maurienne - St-Jean-de-Maurienne\" \/>\n<meta property=\"og:description\" content=\"Le th\u00e9\u00e2tre G\u00e9rard Philipe vous ouvre ses portes. Situ\u00e9 sur l\u2019Esplanade Giaveno, Place de la Cath\u00e9drale \u00e0 Saint-Jean-de-Maurienne. En plein c\u0153ur de la\" \/>\n<meta property=\"og:url\" content=\"https:\/\/www.montagnicimes.com\/st-jean-de-maurienne\/l-agenda\/theatre\/\" \/>\n<meta property=\"og:site_name\" content=\"St-Jean-de-Maurienne\" \/>\n<meta property=\"article:modified_time\" content=\"2025-05-13T06:41:27+00:00\" \/>\n<meta property=\"og:image\" content=\"https:\/\/www.montagnicimes.com\/st-jean-de-maurienne\/wp-content\/uploads\/sites\/4\/2021\/10\/RockCab-theatre-2_GCosnefroy_2021.jpg\" \/>\n\t<meta property=\"og:image:width\" content=\"1445\" \/>\n\t<meta property=\"og:image:height\" content=\"1920\" \/>\n<meta name=\"twitter:card\" content=\"summary_large_image\" \/>\n<meta name=\"twitter:label1\" content=\"Dur\u00e9e de lecture estim\u00e9e\" \/>\n\t<meta name=\"twitter:data1\" content=\"2 minutes\" \/>\n<script type=\"application\/ld+json\" class=\"yoast-schema-graph\">{\"@context\":\"https:\/\/schema.org\",\"@graph\":[{\"@type\":\"WebSite\",\"@id\":\"https:\/\/www.montagnicimes.com\/st-jean-de-maurienne\/#website\",\"url\":\"https:\/\/www.montagnicimes.com\/st-jean-de-maurienne\/\",\"name\":\"St-Jean-de-Maurienne\",\"description\":\"Office de tourisme Montagnicimes - Saint-Jean-de-Maurienne\",\"potentialAction\":[{\"@type\":\"SearchAction\",\"target\":{\"@type\":\"EntryPoint\",\"urlTemplate\":\"https:\/\/www.montagnicimes.com\/st-jean-de-maurienne\/?s={search_term_string}\"},\"query-input\":\"required name=search_term_string\"}],\"inLanguage\":\"fr-FR\"},{\"@type\":\"ImageObject\",\"@id\":\"https:\/\/www.montagnicimes.com\/st-jean-de-maurienne\/l-agenda\/theatre\/#primaryimage\",\"inLanguage\":\"fr-FR\",\"url\":\"https:\/\/www.montagnicimes.com\/st-jean-de-maurienne\/wp-content\/uploads\/sites\/4\/2021\/10\/RockCab-theatre-2_GCosnefroy_2021.jpg\",\"contentUrl\":\"https:\/\/www.montagnicimes.com\/st-jean-de-maurienne\/wp-content\/uploads\/sites\/4\/2021\/10\/RockCab-theatre-2_GCosnefroy_2021.jpg\",\"width\":1445,\"height\":1920,\"caption\":\"Rock'Cab-th\\u00e9atre 2_GCosnefroy_2021\"},{\"@type\":\"WebPage\",\"@id\":\"https:\/\/www.montagnicimes.com\/st-jean-de-maurienne\/l-agenda\/theatre\/#webpage\",\"url\":\"https:\/\/www.montagnicimes.com\/st-jean-de-maurienne\/l-agenda\/theatre\/\",\"name\":\"Th\\u00e9\\u00e2tre de Saint-Jean-de-Maurienne - St-Jean-de-Maurienne\",\"isPartOf\":{\"@id\":\"https:\/\/www.montagnicimes.com\/st-jean-de-maurienne\/#website\"},\"primaryImageOfPage\":{\"@id\":\"https:\/\/www.montagnicimes.com\/st-jean-de-maurienne\/l-agenda\/theatre\/#primaryimage\"},\"datePublished\":\"2021-09-24T13:14:02+00:00\",\"dateModified\":\"2025-05-13T06:41:27+00:00\",\"description\":\"Le th\\u00e9\\u00e2tre G\\u00e9rard Philipe vous ouvre ses portes. Situ\\u00e9 sur l\\u2019Esplanade Giaveno, Place de la Cath\\u00e9drale \\u00e0 Saint-Jean-de-Maurienne. En plein c\\u0153ur de la\",\"breadcrumb\":{\"@id\":\"https:\/\/www.montagnicimes.com\/st-jean-de-maurienne\/l-agenda\/theatre\/#breadcrumb\"},\"inLanguage\":\"fr-FR\",\"potentialAction\":[{\"@type\":\"ReadAction\",\"target\":[\"https:\/\/www.montagnicimes.com\/st-jean-de-maurienne\/l-agenda\/theatre\/\"]}]},{\"@type\":\"BreadcrumbList\",\"@id\":\"https:\/\/www.montagnicimes.com\/st-jean-de-maurienne\/l-agenda\/theatre\/#breadcrumb\",\"itemListElement\":[{\"@type\":\"ListItem\",\"position\":1,\"name\":\"Accueil\",\"item\":\"https:\/\/www.montagnicimes.com\/st-jean-de-maurienne\/\"},{\"@type\":\"ListItem\",\"position\":2,\"name\":\"L&rsquo;Agenda\",\"item\":\"https:\/\/www.montagnicimes.com\/st-jean-de-maurienne\/l-agenda\/\"},{\"@type\":\"ListItem\",\"position\":3,\"name\":\"Th\\u00e9\\u00e2tre\"}]}]}<\/script>\n<!-- \/ Yoast SEO plugin. -->","yoast_head_json":{"description":"Le th\u00e9\u00e2tre G\u00e9rard Philipe vous ouvre ses portes. Situ\u00e9 sur l\u2019Esplanade Giaveno, Place de la Cath\u00e9drale \u00e0 Saint-Jean-de-Maurienne. En plein c\u0153ur de la","robots":{"index":"index","follow":"follow","max-snippet":"max-snippet:-1","max-image-preview":"max-image-preview:large","max-video-preview":"max-video-preview:-1"},"canonical":"https:\/\/www.montagnicimes.com\/st-jean-de-maurienne\/l-agenda\/theatre\/","og_locale":"fr_FR","og_type":"article","og_title":"Th\u00e9\u00e2tre de Saint-Jean-de-Maurienne - St-Jean-de-Maurienne","og_description":"Le th\u00e9\u00e2tre G\u00e9rard Philipe vous ouvre ses portes. Situ\u00e9 sur l\u2019Esplanade Giaveno, Place de la Cath\u00e9drale \u00e0 Saint-Jean-de-Maurienne. En plein c\u0153ur de la","og_url":"https:\/\/www.montagnicimes.com\/st-jean-de-maurienne\/l-agenda\/theatre\/","og_site_name":"St-Jean-de-Maurienne","article_modified_time":"2025-05-13T06:41:27+00:00","og_image":[{"width":1445,"height":1920,"url":"https:\/\/www.montagnicimes.com\/st-jean-de-maurienne\/wp-content\/uploads\/sites\/4\/2021\/10\/RockCab-theatre-2_GCosnefroy_2021.jpg","type":"image\/jpeg"}],"twitter_card":"summary_large_image","twitter_misc":{"Dur\u00e9e de lecture estim\u00e9e":"2 minutes"},"schema":{"@context":"https:\/\/schema.org","@graph":[{"@type":"WebSite","@id":"https:\/\/www.montagnicimes.com\/st-jean-de-maurienne\/#website","url":"https:\/\/www.montagnicimes.com\/st-jean-de-maurienne\/","name":"St-Jean-de-Maurienne","description":"Office de tourisme Montagnicimes - Saint-Jean-de-Maurienne","potentialAction":[{"@type":"SearchAction","target":{"@type":"EntryPoint","urlTemplate":"https:\/\/www.montagnicimes.com\/st-jean-de-maurienne\/?s={search_term_string}"},"query-input":"required name=search_term_string"}],"inLanguage":"fr-FR"},{"@type":"ImageObject","@id":"https:\/\/www.montagnicimes.com\/st-jean-de-maurienne\/l-agenda\/theatre\/#primaryimage","inLanguage":"fr-FR","url":"https:\/\/www.montagnicimes.com\/st-jean-de-maurienne\/wp-content\/uploads\/sites\/4\/2021\/10\/RockCab-theatre-2_GCosnefroy_2021.jpg","contentUrl":"https:\/\/www.montagnicimes.com\/st-jean-de-maurienne\/wp-content\/uploads\/sites\/4\/2021\/10\/RockCab-theatre-2_GCosnefroy_2021.jpg","width":1445,"height":1920,"caption":"Rock'Cab-th\u00e9atre 2_GCosnefroy_2021"},{"@type":"WebPage","@id":"https:\/\/www.montagnicimes.com\/st-jean-de-maurienne\/l-agenda\/theatre\/#webpage","url":"https:\/\/www.montagnicimes.com\/st-jean-de-maurienne\/l-agenda\/theatre\/","name":"Th\u00e9\u00e2tre de Saint-Jean-de-Maurienne - St-Jean-de-Maurienne","isPartOf":{"@id":"https:\/\/www.montagnicimes.com\/st-jean-de-maurienne\/#website"},"primaryImageOfPage":{"@id":"https:\/\/www.montagnicimes.com\/st-jean-de-maurienne\/l-agenda\/theatre\/#primaryimage"},"datePublished":"2021-09-24T13:14:02+00:00","dateModified":"2025-05-13T06:41:27+00:00","description":"Le th\u00e9\u00e2tre G\u00e9rard Philipe vous ouvre ses portes. Situ\u00e9 sur l\u2019Esplanade Giaveno, Place de la Cath\u00e9drale \u00e0 Saint-Jean-de-Maurienne. En plein c\u0153ur de la","breadcrumb":{"@id":"https:\/\/www.montagnicimes.com\/st-jean-de-maurienne\/l-agenda\/theatre\/#breadcrumb"},"inLanguage":"fr-FR","potentialAction":[{"@type":"ReadAction","target":["https:\/\/www.montagnicimes.com\/st-jean-de-maurienne\/l-agenda\/theatre\/"]}]},{"@type":"BreadcrumbList","@id":"https:\/\/www.montagnicimes.com\/st-jean-de-maurienne\/l-agenda\/theatre\/#breadcrumb","itemListElement":[{"@type":"ListItem","position":1,"name":"Accueil","item":"https:\/\/www.montagnicimes.com\/st-jean-de-maurienne\/"},{"@type":"ListItem","position":2,"name":"L&rsquo;Agenda","item":"https:\/\/www.montagnicimes.com\/st-jean-de-maurienne\/l-agenda\/"},{"@type":"ListItem","position":3,"name":"Th\u00e9\u00e2tre"}]}]}},"_links":{"self":[{"href":"https:\/\/www.montagnicimes.com\/st-jean-de-maurienne\/wp-json\/wp\/v2\/pages\/7637"}],"collection":[{"href":"https:\/\/www.montagnicimes.com\/st-jean-de-maurienne\/wp-json\/wp\/v2\/pages"}],"about":[{"href":"https:\/\/www.montagnicimes.com\/st-jean-de-maurienne\/wp-json\/wp\/v2\/types\/page"}],"author":[{"embeddable":true,"href":"https:\/\/www.montagnicimes.com\/st-jean-de-maurienne\/wp-json\/wp\/v2\/users\/1"}],"replies":[{"embeddable":true,"href":"https:\/\/www.montagnicimes.com\/st-jean-de-maurienne\/wp-json\/wp\/v2\/comments?post=7637"}],"version-history":[{"count":19,"href":"https:\/\/www.montagnicimes.com\/st-jean-de-maurienne\/wp-json\/wp\/v2\/pages\/7637\/revisions"}],"predecessor-version":[{"id":13660,"href":"https:\/\/www.montagnicimes.com\/st-jean-de-maurienne\/wp-json\/wp\/v2\/pages\/7637\/revisions\/13660"}],"up":[{"embeddable":true,"href":"https:\/\/www.montagnicimes.com\/st-jean-de-maurienne\/wp-json\/wp\/v2\/pages\/7622"}],"wp:featuredmedia":[{"embeddable":true,"href":"https:\/\/www.montagnicimes.com\/st-jean-de-maurienne\/wp-json\/wp\/v2\/media\/8027"}],"wp:attachment":[{"href":"https:\/\/www.montagnicimes.com\/st-jean-de-maurienne\/wp-json\/wp\/v2\/media?parent=7637"}],"wp:term":[{"taxonomy":"post_tag","embeddable":true,"href":"https:\/\/www.montagnicimes.com\/st-jean-de-maurienne\/wp-json\/wp\/v2\/post_tag?post=7637"}],"curies":[{"name":"wp","href":"https:\/\/api.w.org\/{rel}","templated":true}]}}