{"id":7620,"date":"2021-09-24T15:13:41","date_gmt":"2021-09-24T13:13:41","guid":{"rendered":"https:\/\/www.montagnicimes.com\/st-jean-de-maurienne\/producteurs-et-artisans\/"},"modified":"2023-04-19T09:13:05","modified_gmt":"2023-04-19T07:13:05","slug":"producteurs","status":"publish","type":"page","link":"https:\/\/www.montagnicimes.com\/st-jean-de-maurienne\/sorganiser\/producteurs\/","title":{"rendered":"Producteurs"},"content":{"rendered":"\n<p class=\"is-style-excerpt\">Bienvenue chez nos producteurs ! Vous \u00eates \u00e0 Saint-Jean-de-Maurienne et vous cherchez o\u00f9 trouver des produits locaux ?<\/p>\n\n\n\n<p class=\"is-style-default\">Dans le centre-ville, ne ratez pas <a href=\"https:\/\/www.montagnicimes.com\/st-jean-de-maurienne\/agenda\/marche-de-saint-jean-de-maurienne\/\" target=\"_blank\" rel=\"noreferrer noopener\">le grand march\u00e9<\/a>, tous les samedis matin, Place de la Cath\u00e9drale o\u00f9 vous trouverez tout ce qu\u2019il vous faut.<\/p>\n\n\n\n<p>Amateurs de fromages, vous trouverez votre bonheur \u00e0 la <a href=\"https:\/\/www.beaufortdesarves.com\/fromagerie-aux-produits-savoyards-st-jean-de-maurienne-pos-3.html\" target=\"_blank\" rel=\"noreferrer noopener\">Coop\u00e9rative fromag\u00e8re \u00ab Aux produits savoyards \u00bb<\/a>, rue Saint-Antoine.<\/p>\n\n\n\n<p>En dehors du centre-ville, si vous aimez les p\u00e2tes, rendez-vous \u00e0 <a href=\"https:\/\/www.montagnicimes.com\/st-jean-de-maurienne\/producteur\/la-pasta\/\" target=\"_blank\" rel=\"noreferrer noopener\">La Pasta<\/a>, Avenue d\u2019Italie ! Vous trouverez pleins de sortes de p\u00e2tes avec des go\u00fbts diff\u00e9rents. Evidemment vous trouverez les c\u00e9l\u00e8bres \u00ab crozets \u00bb dont la production est toujours install\u00e9e en Savoie.<\/p>\n\n\n\n<p>Si vous voulez en d\u00e9couvrir davantage, n\u2019h\u00e9sitez pas \u00e0 cliquer sur les liens ci-dessous : Fromages de vaches, ch\u00e8vres et brebis\u2026 L\u00e9gumes produits en Agriculture Biologique, \u0153ufs \u00e9lev\u00e9s en plein air, escargots, plantes aromatiques et m\u00e9dicinales, bi\u00e8res artisanales, miels, sabl\u00e9s sal\u00e9s et sucr\u00e9s\u2026 N\u2019h\u00e9sitez pas \u00e0 d\u00e9couvrir leurs produits, certaines fermes acceptent les visites !<\/p>\n\n\n\n<div class=\"wp-block wp-block-child-post alignwide clear\">\n    \n<div class=\"entityItem \" data-trigger=\"wpiris-click\" >\n    <a href=\"https:\/\/www.montagnicimes.com\/st-jean-de-maurienne\/sorganiser\/producteurs\/envie-de-bieres-artisanales\/\" nofancybox class=\"entityItemThumbnail\">\n        <img data-src=\"https:\/\/www.montagnicimes.com\/st-jean-de-maurienne\/wp-content\/uploads\/sites\/4\/wpiris-images\/11075\/biere-brasserie-etendard-380x400-c.jpg\" alt=\"Envie de bi\u00e8res artisanales ?\">\n    <\/a>\n    <div class=\"entityItemContent\">\n\n        <div class=\"entityItemContentHeading\">\n                                    <h2 class=\"entityItemContentTitle\" >\n                <a href=\"https:\/\/www.montagnicimes.com\/st-jean-de-maurienne\/sorganiser\/producteurs\/envie-de-bieres-artisanales\/\">Envie de bi\u00e8res artisanales ?<\/a>\n            <\/h2>                    <\/div>\n            <\/div>\n<\/div>\n\n<div class=\"entityItem \" data-trigger=\"wpiris-click\" >\n    <a href=\"https:\/\/www.montagnicimes.com\/st-jean-de-maurienne\/sorganiser\/producteurs\/envie-de-legumes-frais-et-de-saison\/\" nofancybox class=\"entityItemThumbnail\">\n        <img data-src=\"https:\/\/www.montagnicimes.com\/st-jean-de-maurienne\/wp-content\/uploads\/sites\/4\/wpiris-images\/11109\/Jardins-de-st-ju-380x400-c.jpg\" alt=\"Envie de l\u00e9gumes frais et de saison ?\">\n    <\/a>\n    <div class=\"entityItemContent\">\n\n        <div class=\"entityItemContentHeading\">\n                                    <h2 class=\"entityItemContentTitle\" >\n                <a href=\"https:\/\/www.montagnicimes.com\/st-jean-de-maurienne\/sorganiser\/producteurs\/envie-de-legumes-frais-et-de-saison\/\">Envie de l\u00e9gumes frais et de saison ?<\/a>\n            <\/h2>                    <\/div>\n            <\/div>\n<\/div>\n\n<div class=\"entityItem \" data-trigger=\"wpiris-click\" >\n    <a href=\"https:\/\/www.montagnicimes.com\/st-jean-de-maurienne\/sorganiser\/producteurs\/envie-de-produits-laitiers\/\" nofancybox class=\"entityItemThumbnail\">\n        <img data-src=\"https:\/\/www.montagnicimes.com\/st-jean-de-maurienne\/wp-content\/uploads\/sites\/4\/wpiris-images\/11069\/Chevre-380x400-c.jpg\" alt=\"Envie de produits laitiers ?\">\n    <\/a>\n    <div class=\"entityItemContent\">\n\n        <div class=\"entityItemContentHeading\">\n                                    <h2 class=\"entityItemContentTitle\" >\n                <a href=\"https:\/\/www.montagnicimes.com\/st-jean-de-maurienne\/sorganiser\/producteurs\/envie-de-produits-laitiers\/\">Envie de produits laitiers ?<\/a>\n            <\/h2>                    <\/div>\n            <\/div>\n<\/div>\n\n<div class=\"entityItem \" data-trigger=\"wpiris-click\" >\n    <a href=\"https:\/\/www.montagnicimes.com\/st-jean-de-maurienne\/sorganiser\/producteurs\/envie-de-decouvrir-plus-de-produits\/\" nofancybox class=\"entityItemThumbnail\">\n        <img data-src=\"https:\/\/www.montagnicimes.com\/st-jean-de-maurienne\/wp-content\/uploads\/sites\/4\/wpiris-images\/11113\/Si-belles-poulettes-380x400-c.jpg\" alt=\"Envie de d\u00e9couvrir plus de produits ?\">\n    <\/a>\n    <div class=\"entityItemContent\">\n\n        <div class=\"entityItemContentHeading\">\n                                    <h2 class=\"entityItemContentTitle\" >\n                <a href=\"https:\/\/www.montagnicimes.com\/st-jean-de-maurienne\/sorganiser\/producteurs\/envie-de-decouvrir-plus-de-produits\/\">Envie de d\u00e9couvrir plus de produits ?<\/a>\n            <\/h2>                    <\/div>\n            <\/div>\n<\/div>\n\n<div class=\"entityItem \" data-trigger=\"wpiris-click\" >\n    <a href=\"https:\/\/www.montagnicimes.com\/st-jean-de-maurienne\/sorganiser\/producteurs\/visite-de-ferme\/\" nofancybox class=\"entityItemThumbnail\">\n        <img data-src=\"https:\/\/www.montagnicimes.com\/st-jean-de-maurienne\/wp-content\/uploads\/sites\/4\/wpiris-images\/11116\/Visite-de-ferme-380x400-c.jpg\" alt=\"Envie de visiter une ferme ?\">\n    <\/a>\n    <div class=\"entityItemContent\">\n\n        <div class=\"entityItemContentHeading\">\n                                    <h2 class=\"entityItemContentTitle\" >\n                <a href=\"https:\/\/www.montagnicimes.com\/st-jean-de-maurienne\/sorganiser\/producteurs\/visite-de-ferme\/\">Envie de visiter une ferme ?<\/a>\n            <\/h2>                    <\/div>\n            <\/div>\n<\/div>\n    <\/div>","protected":false},"excerpt":{"rendered":"<p>Bienvenue chez nos producteurs ! Vous \u00eates \u00e0 Saint-Jean-de-Maurienne et vous cherchez o\u00f9 trouver des produits locaux ? Dans le centre-ville, ne ratez pas le grand march\u00e9, tous les samedis matin, Place de la Cath\u00e9drale o\u00f9 vous trouverez tout ce qu\u2019il vous faut. Amateurs de fromages, vous trouverez votre bonheur \u00e0 la Coop\u00e9rative fromag\u00e8re \u00ab [&hellip;]<\/p>\n","protected":false},"author":1,"featured_media":8455,"parent":7607,"menu_order":3,"comment_status":"closed","ping_status":"closed","template":"","meta":{"_relevanssi_hide_post":"","_relevanssi_pin_for_all":"","_relevanssi_pin_keywords":"","_relevanssi_unpin_keywords":"","_relevanssi_related_keywords":"","_relevanssi_related_include_ids":"","_relevanssi_related_exclude_ids":"","_relevanssi_related_no_append":"","_relevanssi_related_not_related":"","_relevanssi_related_posts":"491,489,493","_relevanssi_noindex_reason":""},"post_tag":[],"acf":[],"yoast_head":"<!-- This site is optimized with the Yoast SEO plugin v17.6 - https:\/\/yoast.com\/wordpress\/plugins\/seo\/ -->\n<meta name=\"description\" content=\"Bienvenue chez nos producteurs ! Vous \u00eates \u00e0 Saint-Jean-de-Maurienne et vous cherchez o\u00f9 trouver des produits locaux ? Dans le centre-ville, ne ratez pas\" \/>\n<meta name=\"robots\" content=\"index, follow, max-snippet:-1, max-image-preview:large, max-video-preview:-1\" \/>\n<link rel=\"canonical\" href=\"https:\/\/www.montagnicimes.com\/st-jean-de-maurienne\/sorganiser\/producteurs\/\" \/>\n<meta property=\"og:locale\" content=\"fr_FR\" \/>\n<meta property=\"og:type\" content=\"article\" \/>\n<meta property=\"og:title\" content=\"Producteurs \u00e0 Saint-Jean-de-Maurienne\" \/>\n<meta property=\"og:description\" content=\"Bienvenue chez nos producteurs ! Vous \u00eates \u00e0 Saint-Jean-de-Maurienne et vous cherchez o\u00f9 trouver des produits locaux ? Dans le centre-ville, ne ratez pas\" \/>\n<meta property=\"og:url\" content=\"https:\/\/www.montagnicimes.com\/st-jean-de-maurienne\/sorganiser\/producteurs\/\" \/>\n<meta property=\"og:site_name\" content=\"St-Jean-de-Maurienne\" \/>\n<meta property=\"article:modified_time\" content=\"2023-04-19T07:13:05+00:00\" \/>\n<meta property=\"og:image\" content=\"https:\/\/www.montagnicimes.com\/st-jean-de-maurienne\/wp-content\/uploads\/sites\/4\/2021\/11\/Poterie-Montdenis-\u00a9OTIMontagnicimes.jpg\" \/>\n\t<meta property=\"og:image:width\" content=\"1920\" \/>\n\t<meta property=\"og:image:height\" content=\"1440\" \/>\n<meta name=\"twitter:card\" content=\"summary_large_image\" \/>\n<meta name=\"twitter:label1\" content=\"Dur\u00e9e de lecture estim\u00e9e\" \/>\n\t<meta name=\"twitter:data1\" content=\"1 minute\" \/>\n<script type=\"application\/ld+json\" class=\"yoast-schema-graph\">{\"@context\":\"https:\/\/schema.org\",\"@graph\":[{\"@type\":\"WebSite\",\"@id\":\"https:\/\/www.montagnicimes.com\/st-jean-de-maurienne\/#website\",\"url\":\"https:\/\/www.montagnicimes.com\/st-jean-de-maurienne\/\",\"name\":\"St-Jean-de-Maurienne\",\"description\":\"Office de tourisme Montagnicimes - Saint-Jean-de-Maurienne\",\"potentialAction\":[{\"@type\":\"SearchAction\",\"target\":{\"@type\":\"EntryPoint\",\"urlTemplate\":\"https:\/\/www.montagnicimes.com\/st-jean-de-maurienne\/?s={search_term_string}\"},\"query-input\":\"required name=search_term_string\"}],\"inLanguage\":\"fr-FR\"},{\"@type\":\"ImageObject\",\"@id\":\"https:\/\/www.montagnicimes.com\/st-jean-de-maurienne\/sorganiser\/producteurs\/#primaryimage\",\"inLanguage\":\"fr-FR\",\"url\":\"https:\/\/www.montagnicimes.com\/st-jean-de-maurienne\/wp-content\/uploads\/sites\/4\/2021\/11\/Poterie-Montdenis-\\u00a9OTIMontagnicimes.jpg\",\"contentUrl\":\"https:\/\/www.montagnicimes.com\/st-jean-de-maurienne\/wp-content\/uploads\/sites\/4\/2021\/11\/Poterie-Montdenis-\\u00a9OTIMontagnicimes.jpg\",\"width\":1920,\"height\":1440,\"caption\":\"Poterie Montdenis\"},{\"@type\":\"WebPage\",\"@id\":\"https:\/\/www.montagnicimes.com\/st-jean-de-maurienne\/sorganiser\/producteurs\/#webpage\",\"url\":\"https:\/\/www.montagnicimes.com\/st-jean-de-maurienne\/sorganiser\/producteurs\/\",\"name\":\"Producteurs \\u00e0 Saint-Jean-de-Maurienne\",\"isPartOf\":{\"@id\":\"https:\/\/www.montagnicimes.com\/st-jean-de-maurienne\/#website\"},\"primaryImageOfPage\":{\"@id\":\"https:\/\/www.montagnicimes.com\/st-jean-de-maurienne\/sorganiser\/producteurs\/#primaryimage\"},\"datePublished\":\"2021-09-24T13:13:41+00:00\",\"dateModified\":\"2023-04-19T07:13:05+00:00\",\"description\":\"Bienvenue chez nos producteurs ! Vous \\u00eates \\u00e0 Saint-Jean-de-Maurienne et vous cherchez o\\u00f9 trouver des produits locaux ? Dans le centre-ville, ne ratez pas\",\"breadcrumb\":{\"@id\":\"https:\/\/www.montagnicimes.com\/st-jean-de-maurienne\/sorganiser\/producteurs\/#breadcrumb\"},\"inLanguage\":\"fr-FR\",\"potentialAction\":[{\"@type\":\"ReadAction\",\"target\":[\"https:\/\/www.montagnicimes.com\/st-jean-de-maurienne\/sorganiser\/producteurs\/\"]}]},{\"@type\":\"BreadcrumbList\",\"@id\":\"https:\/\/www.montagnicimes.com\/st-jean-de-maurienne\/sorganiser\/producteurs\/#breadcrumb\",\"itemListElement\":[{\"@type\":\"ListItem\",\"position\":1,\"name\":\"Accueil\",\"item\":\"https:\/\/www.montagnicimes.com\/st-jean-de-maurienne\/\"},{\"@type\":\"ListItem\",\"position\":2,\"name\":\"S&rsquo;organiser\",\"item\":\"https:\/\/www.montagnicimes.com\/st-jean-de-maurienne\/sorganiser\/\"},{\"@type\":\"ListItem\",\"position\":3,\"name\":\"Producteurs\"}]}]}<\/script>\n<!-- \/ Yoast SEO plugin. -->","yoast_head_json":{"description":"Bienvenue chez nos producteurs ! Vous \u00eates \u00e0 Saint-Jean-de-Maurienne et vous cherchez o\u00f9 trouver des produits locaux ? Dans le centre-ville, ne ratez pas","robots":{"index":"index","follow":"follow","max-snippet":"max-snippet:-1","max-image-preview":"max-image-preview:large","max-video-preview":"max-video-preview:-1"},"canonical":"https:\/\/www.montagnicimes.com\/st-jean-de-maurienne\/sorganiser\/producteurs\/","og_locale":"fr_FR","og_type":"article","og_title":"Producteurs \u00e0 Saint-Jean-de-Maurienne","og_description":"Bienvenue chez nos producteurs ! Vous \u00eates \u00e0 Saint-Jean-de-Maurienne et vous cherchez o\u00f9 trouver des produits locaux ? Dans le centre-ville, ne ratez pas","og_url":"https:\/\/www.montagnicimes.com\/st-jean-de-maurienne\/sorganiser\/producteurs\/","og_site_name":"St-Jean-de-Maurienne","article_modified_time":"2023-04-19T07:13:05+00:00","og_image":[{"width":1920,"height":1440,"url":"https:\/\/www.montagnicimes.com\/st-jean-de-maurienne\/wp-content\/uploads\/sites\/4\/2021\/11\/Poterie-Montdenis-\u00a9OTIMontagnicimes.jpg","type":"image\/jpeg"}],"twitter_card":"summary_large_image","twitter_misc":{"Dur\u00e9e de lecture estim\u00e9e":"1 minute"},"schema":{"@context":"https:\/\/schema.org","@graph":[{"@type":"WebSite","@id":"https:\/\/www.montagnicimes.com\/st-jean-de-maurienne\/#website","url":"https:\/\/www.montagnicimes.com\/st-jean-de-maurienne\/","name":"St-Jean-de-Maurienne","description":"Office de tourisme Montagnicimes - Saint-Jean-de-Maurienne","potentialAction":[{"@type":"SearchAction","target":{"@type":"EntryPoint","urlTemplate":"https:\/\/www.montagnicimes.com\/st-jean-de-maurienne\/?s={search_term_string}"},"query-input":"required name=search_term_string"}],"inLanguage":"fr-FR"},{"@type":"ImageObject","@id":"https:\/\/www.montagnicimes.com\/st-jean-de-maurienne\/sorganiser\/producteurs\/#primaryimage","inLanguage":"fr-FR","url":"https:\/\/www.montagnicimes.com\/st-jean-de-maurienne\/wp-content\/uploads\/sites\/4\/2021\/11\/Poterie-Montdenis-\u00a9OTIMontagnicimes.jpg","contentUrl":"https:\/\/www.montagnicimes.com\/st-jean-de-maurienne\/wp-content\/uploads\/sites\/4\/2021\/11\/Poterie-Montdenis-\u00a9OTIMontagnicimes.jpg","width":1920,"height":1440,"caption":"Poterie Montdenis"},{"@type":"WebPage","@id":"https:\/\/www.montagnicimes.com\/st-jean-de-maurienne\/sorganiser\/producteurs\/#webpage","url":"https:\/\/www.montagnicimes.com\/st-jean-de-maurienne\/sorganiser\/producteurs\/","name":"Producteurs \u00e0 Saint-Jean-de-Maurienne","isPartOf":{"@id":"https:\/\/www.montagnicimes.com\/st-jean-de-maurienne\/#website"},"primaryImageOfPage":{"@id":"https:\/\/www.montagnicimes.com\/st-jean-de-maurienne\/sorganiser\/producteurs\/#primaryimage"},"datePublished":"2021-09-24T13:13:41+00:00","dateModified":"2023-04-19T07:13:05+00:00","description":"Bienvenue chez nos producteurs ! Vous \u00eates \u00e0 Saint-Jean-de-Maurienne et vous cherchez o\u00f9 trouver des produits locaux ? Dans le centre-ville, ne ratez pas","breadcrumb":{"@id":"https:\/\/www.montagnicimes.com\/st-jean-de-maurienne\/sorganiser\/producteurs\/#breadcrumb"},"inLanguage":"fr-FR","potentialAction":[{"@type":"ReadAction","target":["https:\/\/www.montagnicimes.com\/st-jean-de-maurienne\/sorganiser\/producteurs\/"]}]},{"@type":"BreadcrumbList","@id":"https:\/\/www.montagnicimes.com\/st-jean-de-maurienne\/sorganiser\/producteurs\/#breadcrumb","itemListElement":[{"@type":"ListItem","position":1,"name":"Accueil","item":"https:\/\/www.montagnicimes.com\/st-jean-de-maurienne\/"},{"@type":"ListItem","position":2,"name":"S&rsquo;organiser","item":"https:\/\/www.montagnicimes.com\/st-jean-de-maurienne\/sorganiser\/"},{"@type":"ListItem","position":3,"name":"Producteurs"}]}]}},"_links":{"self":[{"href":"https:\/\/www.montagnicimes.com\/st-jean-de-maurienne\/wp-json\/wp\/v2\/pages\/7620"}],"collection":[{"href":"https:\/\/www.montagnicimes.com\/st-jean-de-maurienne\/wp-json\/wp\/v2\/pages"}],"about":[{"href":"https:\/\/www.montagnicimes.com\/st-jean-de-maurienne\/wp-json\/wp\/v2\/types\/page"}],"author":[{"embeddable":true,"href":"https:\/\/www.montagnicimes.com\/st-jean-de-maurienne\/wp-json\/wp\/v2\/users\/1"}],"replies":[{"embeddable":true,"href":"https:\/\/www.montagnicimes.com\/st-jean-de-maurienne\/wp-json\/wp\/v2\/comments?post=7620"}],"version-history":[{"count":10,"href":"https:\/\/www.montagnicimes.com\/st-jean-de-maurienne\/wp-json\/wp\/v2\/pages\/7620\/revisions"}],"predecessor-version":[{"id":11105,"href":"https:\/\/www.montagnicimes.com\/st-jean-de-maurienne\/wp-json\/wp\/v2\/pages\/7620\/revisions\/11105"}],"up":[{"embeddable":true,"href":"https:\/\/www.montagnicimes.com\/st-jean-de-maurienne\/wp-json\/wp\/v2\/pages\/7607"}],"wp:featuredmedia":[{"embeddable":true,"href":"https:\/\/www.montagnicimes.com\/st-jean-de-maurienne\/wp-json\/wp\/v2\/media\/8455"}],"wp:attachment":[{"href":"https:\/\/www.montagnicimes.com\/st-jean-de-maurienne\/wp-json\/wp\/v2\/media?parent=7620"}],"wp:term":[{"taxonomy":"post_tag","embeddable":true,"href":"https:\/\/www.montagnicimes.com\/st-jean-de-maurienne\/wp-json\/wp\/v2\/post_tag?post=7620"}],"curies":[{"name":"wp","href":"https:\/\/api.w.org\/{rel}","templated":true}]}}