{"id":7605,"date":"2021-09-24T15:13:26","date_gmt":"2021-09-24T13:13:26","guid":{"rendered":"https:\/\/www.montagnicimes.com\/st-jean-de-maurienne\/baignade\/"},"modified":"2024-02-05T15:40:24","modified_gmt":"2024-02-05T14:40:24","slug":"baignade","status":"publish","type":"page","link":"https:\/\/www.montagnicimes.com\/st-jean-de-maurienne\/se-divertir\/baignade\/","title":{"rendered":"Baignade"},"content":{"rendered":"\n<p class=\"is-style-excerpt\">Patauger, s\u2019entra\u00eener ou tout simplement se pr\u00e9lasser, vous trouverez \u00e0 Saint-Jean-de-Maurienne un centre nautique proposant diverses activit\u00e9s. Venez y participez tout en s\u2019amusant.<\/p>\n\n\n\n<div class=\"wp-block wp-block-related-post clear alignfull\">\n\n    <div class=\"article\">\n        \n            <\/div>\n\n    <div class=\"container\">\n        <div class=\"wp-block-related-post-inner\">\n            <div  data-slides-per-view=\"2\">\n                <div class=\"wp-block-related-post-list wp-block-related-post-list-1\">\n                                            \n<div class=\"postItem swiper-slide\" data-trigger=\"wpiris-click\" >\n    <a href=\"https:\/\/www.montagnicimes.com\/st-jean-de-maurienne\/equipement\/centre-nautique\/\" nofancybox class=\"postItemThumbnail\">\n        <img data-src=\"https:\/\/www.montagnicimes.com\/st-jean-de-maurienne\/wp-content\/uploads\/sites\/4\/wpiris-images\/11842\/19082724-diaporama-590x440-c.jpg\" alt=\"Centre Nautique\">\n    <\/a>\n    <div class=\"postItemContent\">\n\n        <div class=\"postItemContentHeading\">\n                                    <h3 class=\"postItemContentTitle\" >\n                <a href=\"https:\/\/www.montagnicimes.com\/st-jean-de-maurienne\/equipement\/centre-nautique\/\">Centre Nautique<\/a>\n            <\/h3>                    <\/div>\n        \n<div class=\"postItemContentExcerpt\">\n    Le centre nautique de Saint-Jean-de-Maurienne comprend un bassin int\u00e9rieur de 25m (4 couloirs) et des douches accessibles toute l&rsquo;ann\u00e9e, ainsi qu&rsquo;un espace ext\u00e9rieur accessible en \u00e9t\u00e9. Le centre propose toute l&rsquo;ann\u00e9e des cours de natation, aquagym\u2026<\/div>\n    <\/div>\n<\/div>\n                                    <\/div>\n            <\/div>\n        <\/div>\n    <\/div>\n\n    <div class=\"article\">\n            <\/div>\n<\/div>","protected":false},"excerpt":{"rendered":"<p>Patauger, s\u2019entra\u00eener ou tout simplement se pr\u00e9lasser, vous trouverez \u00e0 Saint-Jean-de-Maurienne un centre nautique proposant diverses activit\u00e9s. Venez y participez tout en s\u2019amusant.<\/p>\n","protected":false},"author":1,"featured_media":9052,"parent":7590,"menu_order":4,"comment_status":"closed","ping_status":"closed","template":"","meta":{"_relevanssi_hide_post":"","_relevanssi_pin_for_all":"","_relevanssi_pin_keywords":"","_relevanssi_unpin_keywords":"","_relevanssi_related_keywords":"","_relevanssi_related_include_ids":"","_relevanssi_related_exclude_ids":"","_relevanssi_related_no_append":"","_relevanssi_related_not_related":"","_relevanssi_related_posts":"493,489,491","_relevanssi_noindex_reason":""},"post_tag":[],"acf":[],"yoast_head":"<!-- This site is optimized with the Yoast SEO plugin v17.6 - https:\/\/yoast.com\/wordpress\/plugins\/seo\/ -->\n<meta name=\"description\" content=\"Patauger, s\u2019entra\u00eener ou tout simplement se pr\u00e9lasser, vous trouverez \u00e0 Saint-Jean-de-Maurienne un centre nautique proposant diverses activit\u00e9s. Venez y\" \/>\n<meta name=\"robots\" content=\"index, follow, max-snippet:-1, max-image-preview:large, max-video-preview:-1\" \/>\n<link rel=\"canonical\" href=\"https:\/\/www.montagnicimes.com\/st-jean-de-maurienne\/se-divertir\/baignade\/\" \/>\n<meta property=\"og:locale\" content=\"fr_FR\" \/>\n<meta property=\"og:type\" content=\"article\" \/>\n<meta property=\"og:title\" content=\"Centre nautique et Base de Loisir Aquatique \u00e0 Saint-Jean-de-Maurienne\" \/>\n<meta property=\"og:description\" content=\"Patauger, s\u2019entra\u00eener ou tout simplement se pr\u00e9lasser, vous trouverez \u00e0 Saint-Jean-de-Maurienne un centre nautique proposant diverses activit\u00e9s. Venez y\" \/>\n<meta property=\"og:url\" content=\"https:\/\/www.montagnicimes.com\/st-jean-de-maurienne\/se-divertir\/baignade\/\" \/>\n<meta property=\"og:site_name\" content=\"St-Jean-de-Maurienne\" \/>\n<meta property=\"article:modified_time\" content=\"2024-02-05T14:40:24+00:00\" \/>\n<meta property=\"og:image\" content=\"https:\/\/www.montagnicimes.com\/st-jean-de-maurienne\/wp-content\/uploads\/sites\/4\/2021\/11\/Plan-deau-mollard-\u00a9OTIMontagnicimes.jpg\" \/>\n\t<meta property=\"og:image:width\" content=\"1920\" \/>\n\t<meta property=\"og:image:height\" content=\"1280\" \/>\n<meta name=\"twitter:card\" content=\"summary_large_image\" \/>\n<meta name=\"twitter:label1\" content=\"Dur\u00e9e de lecture estim\u00e9e\" \/>\n\t<meta name=\"twitter:data1\" content=\"1 minute\" \/>\n<script type=\"application\/ld+json\" class=\"yoast-schema-graph\">{\"@context\":\"https:\/\/schema.org\",\"@graph\":[{\"@type\":\"WebSite\",\"@id\":\"https:\/\/www.montagnicimes.com\/st-jean-de-maurienne\/#website\",\"url\":\"https:\/\/www.montagnicimes.com\/st-jean-de-maurienne\/\",\"name\":\"St-Jean-de-Maurienne\",\"description\":\"Office de tourisme Montagnicimes - Saint-Jean-de-Maurienne\",\"potentialAction\":[{\"@type\":\"SearchAction\",\"target\":{\"@type\":\"EntryPoint\",\"urlTemplate\":\"https:\/\/www.montagnicimes.com\/st-jean-de-maurienne\/?s={search_term_string}\"},\"query-input\":\"required name=search_term_string\"}],\"inLanguage\":\"fr-FR\"},{\"@type\":\"ImageObject\",\"@id\":\"https:\/\/www.montagnicimes.com\/st-jean-de-maurienne\/se-divertir\/baignade\/#primaryimage\",\"inLanguage\":\"fr-FR\",\"url\":\"https:\/\/www.montagnicimes.com\/st-jean-de-maurienne\/wp-content\/uploads\/sites\/4\/2021\/11\/Plan-deau-mollard-\\u00a9OTIMontagnicimes.jpg\",\"contentUrl\":\"https:\/\/www.montagnicimes.com\/st-jean-de-maurienne\/wp-content\/uploads\/sites\/4\/2021\/11\/Plan-deau-mollard-\\u00a9OTIMontagnicimes.jpg\",\"width\":1920,\"height\":1280,\"caption\":\"Plan d'eau mollard\"},{\"@type\":\"WebPage\",\"@id\":\"https:\/\/www.montagnicimes.com\/st-jean-de-maurienne\/se-divertir\/baignade\/#webpage\",\"url\":\"https:\/\/www.montagnicimes.com\/st-jean-de-maurienne\/se-divertir\/baignade\/\",\"name\":\"Centre nautique et Base de Loisir Aquatique \\u00e0 Saint-Jean-de-Maurienne\",\"isPartOf\":{\"@id\":\"https:\/\/www.montagnicimes.com\/st-jean-de-maurienne\/#website\"},\"primaryImageOfPage\":{\"@id\":\"https:\/\/www.montagnicimes.com\/st-jean-de-maurienne\/se-divertir\/baignade\/#primaryimage\"},\"datePublished\":\"2021-09-24T13:13:26+00:00\",\"dateModified\":\"2024-02-05T14:40:24+00:00\",\"description\":\"Patauger, s\\u2019entra\\u00eener ou tout simplement se pr\\u00e9lasser, vous trouverez \\u00e0 Saint-Jean-de-Maurienne un centre nautique proposant diverses activit\\u00e9s. Venez y\",\"breadcrumb\":{\"@id\":\"https:\/\/www.montagnicimes.com\/st-jean-de-maurienne\/se-divertir\/baignade\/#breadcrumb\"},\"inLanguage\":\"fr-FR\",\"potentialAction\":[{\"@type\":\"ReadAction\",\"target\":[\"https:\/\/www.montagnicimes.com\/st-jean-de-maurienne\/se-divertir\/baignade\/\"]}]},{\"@type\":\"BreadcrumbList\",\"@id\":\"https:\/\/www.montagnicimes.com\/st-jean-de-maurienne\/se-divertir\/baignade\/#breadcrumb\",\"itemListElement\":[{\"@type\":\"ListItem\",\"position\":1,\"name\":\"Accueil\",\"item\":\"https:\/\/www.montagnicimes.com\/st-jean-de-maurienne\/\"},{\"@type\":\"ListItem\",\"position\":2,\"name\":\"Activit\\u00e9s\",\"item\":\"https:\/\/www.montagnicimes.com\/st-jean-de-maurienne\/se-divertir\/\"},{\"@type\":\"ListItem\",\"position\":3,\"name\":\"Baignade\"}]}]}<\/script>\n<!-- \/ Yoast SEO plugin. -->","yoast_head_json":{"description":"Patauger, s\u2019entra\u00eener ou tout simplement se pr\u00e9lasser, vous trouverez \u00e0 Saint-Jean-de-Maurienne un centre nautique proposant diverses activit\u00e9s. Venez y","robots":{"index":"index","follow":"follow","max-snippet":"max-snippet:-1","max-image-preview":"max-image-preview:large","max-video-preview":"max-video-preview:-1"},"canonical":"https:\/\/www.montagnicimes.com\/st-jean-de-maurienne\/se-divertir\/baignade\/","og_locale":"fr_FR","og_type":"article","og_title":"Centre nautique et Base de Loisir Aquatique \u00e0 Saint-Jean-de-Maurienne","og_description":"Patauger, s\u2019entra\u00eener ou tout simplement se pr\u00e9lasser, vous trouverez \u00e0 Saint-Jean-de-Maurienne un centre nautique proposant diverses activit\u00e9s. Venez y","og_url":"https:\/\/www.montagnicimes.com\/st-jean-de-maurienne\/se-divertir\/baignade\/","og_site_name":"St-Jean-de-Maurienne","article_modified_time":"2024-02-05T14:40:24+00:00","og_image":[{"width":1920,"height":1280,"url":"https:\/\/www.montagnicimes.com\/st-jean-de-maurienne\/wp-content\/uploads\/sites\/4\/2021\/11\/Plan-deau-mollard-\u00a9OTIMontagnicimes.jpg","type":"image\/jpeg"}],"twitter_card":"summary_large_image","twitter_misc":{"Dur\u00e9e de lecture estim\u00e9e":"1 minute"},"schema":{"@context":"https:\/\/schema.org","@graph":[{"@type":"WebSite","@id":"https:\/\/www.montagnicimes.com\/st-jean-de-maurienne\/#website","url":"https:\/\/www.montagnicimes.com\/st-jean-de-maurienne\/","name":"St-Jean-de-Maurienne","description":"Office de tourisme Montagnicimes - Saint-Jean-de-Maurienne","potentialAction":[{"@type":"SearchAction","target":{"@type":"EntryPoint","urlTemplate":"https:\/\/www.montagnicimes.com\/st-jean-de-maurienne\/?s={search_term_string}"},"query-input":"required name=search_term_string"}],"inLanguage":"fr-FR"},{"@type":"ImageObject","@id":"https:\/\/www.montagnicimes.com\/st-jean-de-maurienne\/se-divertir\/baignade\/#primaryimage","inLanguage":"fr-FR","url":"https:\/\/www.montagnicimes.com\/st-jean-de-maurienne\/wp-content\/uploads\/sites\/4\/2021\/11\/Plan-deau-mollard-\u00a9OTIMontagnicimes.jpg","contentUrl":"https:\/\/www.montagnicimes.com\/st-jean-de-maurienne\/wp-content\/uploads\/sites\/4\/2021\/11\/Plan-deau-mollard-\u00a9OTIMontagnicimes.jpg","width":1920,"height":1280,"caption":"Plan d'eau mollard"},{"@type":"WebPage","@id":"https:\/\/www.montagnicimes.com\/st-jean-de-maurienne\/se-divertir\/baignade\/#webpage","url":"https:\/\/www.montagnicimes.com\/st-jean-de-maurienne\/se-divertir\/baignade\/","name":"Centre nautique et Base de Loisir Aquatique \u00e0 Saint-Jean-de-Maurienne","isPartOf":{"@id":"https:\/\/www.montagnicimes.com\/st-jean-de-maurienne\/#website"},"primaryImageOfPage":{"@id":"https:\/\/www.montagnicimes.com\/st-jean-de-maurienne\/se-divertir\/baignade\/#primaryimage"},"datePublished":"2021-09-24T13:13:26+00:00","dateModified":"2024-02-05T14:40:24+00:00","description":"Patauger, s\u2019entra\u00eener ou tout simplement se pr\u00e9lasser, vous trouverez \u00e0 Saint-Jean-de-Maurienne un centre nautique proposant diverses activit\u00e9s. Venez y","breadcrumb":{"@id":"https:\/\/www.montagnicimes.com\/st-jean-de-maurienne\/se-divertir\/baignade\/#breadcrumb"},"inLanguage":"fr-FR","potentialAction":[{"@type":"ReadAction","target":["https:\/\/www.montagnicimes.com\/st-jean-de-maurienne\/se-divertir\/baignade\/"]}]},{"@type":"BreadcrumbList","@id":"https:\/\/www.montagnicimes.com\/st-jean-de-maurienne\/se-divertir\/baignade\/#breadcrumb","itemListElement":[{"@type":"ListItem","position":1,"name":"Accueil","item":"https:\/\/www.montagnicimes.com\/st-jean-de-maurienne\/"},{"@type":"ListItem","position":2,"name":"Activit\u00e9s","item":"https:\/\/www.montagnicimes.com\/st-jean-de-maurienne\/se-divertir\/"},{"@type":"ListItem","position":3,"name":"Baignade"}]}]}},"_links":{"self":[{"href":"https:\/\/www.montagnicimes.com\/st-jean-de-maurienne\/wp-json\/wp\/v2\/pages\/7605"}],"collection":[{"href":"https:\/\/www.montagnicimes.com\/st-jean-de-maurienne\/wp-json\/wp\/v2\/pages"}],"about":[{"href":"https:\/\/www.montagnicimes.com\/st-jean-de-maurienne\/wp-json\/wp\/v2\/types\/page"}],"author":[{"embeddable":true,"href":"https:\/\/www.montagnicimes.com\/st-jean-de-maurienne\/wp-json\/wp\/v2\/users\/1"}],"replies":[{"embeddable":true,"href":"https:\/\/www.montagnicimes.com\/st-jean-de-maurienne\/wp-json\/wp\/v2\/comments?post=7605"}],"version-history":[{"count":7,"href":"https:\/\/www.montagnicimes.com\/st-jean-de-maurienne\/wp-json\/wp\/v2\/pages\/7605\/revisions"}],"predecessor-version":[{"id":12238,"href":"https:\/\/www.montagnicimes.com\/st-jean-de-maurienne\/wp-json\/wp\/v2\/pages\/7605\/revisions\/12238"}],"up":[{"embeddable":true,"href":"https:\/\/www.montagnicimes.com\/st-jean-de-maurienne\/wp-json\/wp\/v2\/pages\/7590"}],"wp:featuredmedia":[{"embeddable":true,"href":"https:\/\/www.montagnicimes.com\/st-jean-de-maurienne\/wp-json\/wp\/v2\/media\/9052"}],"wp:attachment":[{"href":"https:\/\/www.montagnicimes.com\/st-jean-de-maurienne\/wp-json\/wp\/v2\/media?parent=7605"}],"wp:term":[{"taxonomy":"post_tag","embeddable":true,"href":"https:\/\/www.montagnicimes.com\/st-jean-de-maurienne\/wp-json\/wp\/v2\/post_tag?post=7605"}],"curies":[{"name":"wp","href":"https:\/\/api.w.org\/{rel}","templated":true}]}}