{"id":7599,"date":"2021-09-24T15:13:21","date_gmt":"2021-09-24T13:13:21","guid":{"rendered":"https:\/\/www.montagnicimes.com\/st-jean-de-maurienne\/randonnees\/"},"modified":"2024-08-30T14:25:12","modified_gmt":"2024-08-30T12:25:12","slug":"randonnees","status":"publish","type":"page","link":"https:\/\/www.montagnicimes.com\/st-jean-de-maurienne\/se-divertir\/randonnees\/","title":{"rendered":"Balades et randonn\u00e9es"},"content":{"rendered":"\n<p class=\"is-style-excerpt\">Pas besoin de se rendre dans les stations et villages de montagne pour d\u00e9buter une randonn\u00e9e !\u00a0Dans la vall\u00e9e, la capitale historique de la Maurienne propose plusieurs points de d\u00e9part d\u2019itin\u00e9raires qui vous feront prendre un peu de hauteur.<\/p>\n\n\n\n<div class=\"wp-block wp-block-related-post clear alignfull\">\n    \n    <div class=\"article\">\n                \n            <\/div>\n\n    <div class=\"container\">\n        <div class=\"wp-block-related-post-inner\">\n            <div data-id=\"wpiris-related-post\" data-slides-per-view=\"2\">\n                <div data-id=\"wpiris-related-post-wrapper\">\n                                            \n<div class=\"postItem swiper-slide\" data-trigger=\"wpiris-click\" >\n    <a href=\"https:\/\/www.montagnicimes.com\/st-jean-de-maurienne\/itineraire\/les-hauts-de-saint-jean\/\" nofancybox class=\"postItemThumbnail\">\n        <img data-src=\"https:\/\/www.montagnicimes.com\/st-jean-de-maurienne\/wp-content\/uploads\/sites\/4\/wpiris-images\/14118\/33511440-diaporama-590x440-c.jpg\" alt=\"Les Hauts de Saint-Jean\">\n    <\/a>\n    <div class=\"postItemContent\">\n\n        <div class=\"postItemContentHeading\">\n                                    <h3 class=\"postItemContentTitle\" >\n                <a href=\"https:\/\/www.montagnicimes.com\/st-jean-de-maurienne\/itineraire\/les-hauts-de-saint-jean\/\">Les Hauts de Saint-Jean<\/a>\n            <\/h3>                    <\/div>\n        \n<div class=\"postItemContentExcerpt\">\n    De passage \u00e0 Saint-Jean-de-Maurienne, offrez-vous une agr\u00e9able balade! Depuis la ville, montez tranquillement jusqu\u2019\u00e0 la Chapelle Bonne-Nouvelle puis \u00e0 la Croix de Saint-Th\u00e8cle.\nProfitez de magnifiques points de vue sur la vall\u00e9e de la maurienne.<\/div>\n    <\/div>\n<\/div>\n                                            \n<div class=\"postItem swiper-slide\" data-trigger=\"wpiris-click\" >\n    <a href=\"https:\/\/www.montagnicimes.com\/st-jean-de-maurienne\/equipement\/promenade-confort-zone-de-loisirs-de-la-combe\/\" nofancybox class=\"postItemThumbnail\">\n        <img data-src=\"https:\/\/www.montagnicimes.com\/st-jean-de-maurienne\/wp-content\/uploads\/sites\/4\/wpiris-images\/12857\/24919654-diaporama-590x440-c.jpg\" alt=\"Promenade confort &#8211; Zone de loisirs de la Combe\">\n    <\/a>\n    <div class=\"postItemContent\">\n\n        <div class=\"postItemContentHeading\">\n                                    <h3 class=\"postItemContentTitle\" >\n                <a href=\"https:\/\/www.montagnicimes.com\/st-jean-de-maurienne\/equipement\/promenade-confort-zone-de-loisirs-de-la-combe\/\">Promenade confort &#8211; Zone de loisirs de la Combe<\/a>\n            <\/h3>                    <\/div>\n        \n<div class=\"postItemContentExcerpt\">\n    Une bulle de nature \u00e0 deux pas du centre-ville, du plus jeune au plus ancien ce sentier est le lieu id\u00e9al pour une balade interg\u00e9n\u00e9rationnel. L\u2019eau et la nature font bon m\u00e9nage pour une promenade au calme.<\/div>\n    <\/div>\n<\/div>\n                                            \n<div class=\"postItem swiper-slide\" data-trigger=\"wpiris-click\" >\n    <a href=\"https:\/\/www.montagnicimes.com\/st-jean-de-maurienne\/itineraire\/chapelle-de-montandre\/\" nofancybox class=\"postItemThumbnail\">\n        <img data-src=\"https:\/\/www.montagnicimes.com\/st-jean-de-maurienne\/wp-content\/uploads\/sites\/4\/wpiris-images\/14121\/33511390-diaporama-590x440-c.jpg\" alt=\"Chapelle de Montandr\u00e9\">\n    <\/a>\n    <div class=\"postItemContent\">\n\n        <div class=\"postItemContentHeading\">\n                                    <h3 class=\"postItemContentTitle\" >\n                <a href=\"https:\/\/www.montagnicimes.com\/st-jean-de-maurienne\/itineraire\/chapelle-de-montandre\/\">Chapelle de Montandr\u00e9<\/a>\n            <\/h3>                    <\/div>\n        \n<div class=\"postItemContentExcerpt\">\n    Charmant sentier reliant Saint-Jean-de-Maurienne \u00e0 Montandr\u00e9 vous fera prendre de la hauteur sur la capitale historique de la Maurienne. Profitez du calme du hameau de Montandr\u00e9 au pied de la Combe des Fourneaux.<\/div>\n    <\/div>\n<\/div>\n                                    <\/div>\n            <\/div>\n        <\/div>\n    <\/div>\n<\/div>\n\n\n<div class=\"wp-block-columns\">\n<div class=\"wp-block-column\" style=\"flex-basis:66.66%\">\n<figure class=\"wp-block-image size-large\"><img loading=\"lazy\" width=\"1200\" height=\"800\" data-src=\"https:\/\/www.montagnicimes.com\/st-jean-de-maurienne\/wp-content\/uploads\/sites\/4\/2024\/08\/app-3d-hauts-de-st-jean-1200x800.jpg\" alt=\"\" class=\"wp-image-12842\" data-srcset=\"https:\/\/www.montagnicimes.com\/st-jean-de-maurienne\/wp-content\/uploads\/sites\/4\/2024\/08\/app-3d-hauts-de-st-jean-1200x800.jpg 1200w, https:\/\/www.montagnicimes.com\/st-jean-de-maurienne\/wp-content\/uploads\/sites\/4\/2024\/08\/app-3d-hauts-de-st-jean-600x400.jpg 600w, https:\/\/www.montagnicimes.com\/st-jean-de-maurienne\/wp-content\/uploads\/sites\/4\/2024\/08\/app-3d-hauts-de-st-jean-768x512.jpg 768w, https:\/\/www.montagnicimes.com\/st-jean-de-maurienne\/wp-content\/uploads\/sites\/4\/2024\/08\/app-3d-hauts-de-st-jean-1536x1024.jpg 1536w, https:\/\/www.montagnicimes.com\/st-jean-de-maurienne\/wp-content\/uploads\/sites\/4\/2024\/08\/app-3d-hauts-de-st-jean-200x133.jpg 200w, https:\/\/www.montagnicimes.com\/st-jean-de-maurienne\/wp-content\/uploads\/sites\/4\/2024\/08\/app-3d-hauts-de-st-jean.jpg 1920w\" sizes=\"(max-width: 1200px) 100vw, 1200px\" \/><\/figure>\n<\/div>\n\n\n\n<div class=\"wp-block-column\" style=\"flex-basis:33.33%\">\n<h5>Application 3D Pays des Aiguilles d&rsquo;Arves<\/h5>\n\n\n\n<p>Application gratuite avec tous les itin\u00e9raires de randonn\u00e9e du territoire ! <\/p>\n\n\n\n<div class=\"wp-block-buttons is-content-justification-center\">\n<div class=\"wp-block-button\"><a class=\"wp-block-button__link\" href=\"https:\/\/www.montagnicimes.com\/application-3d-pays-des-aiguilles-darves\/\">plus d&rsquo;information<\/a><\/div>\n<\/div>\n<\/div>\n<\/div>\n","protected":false},"excerpt":{"rendered":"<p>Pas besoin de se rendre dans les stations et villages de montagne pour d\u00e9buter une randonn\u00e9e !\u00a0Dans la vall\u00e9e, la capitale historique de la Maurienne propose plusieurs points de d\u00e9part d\u2019itin\u00e9raires qui vous feront prendre un peu de hauteur. Application 3D Pays des Aiguilles d&rsquo;Arves Application gratuite avec tous les itin\u00e9raires de randonn\u00e9e du territoire [&hellip;]<\/p>\n","protected":false},"author":1,"featured_media":12845,"parent":7590,"menu_order":1,"comment_status":"closed","ping_status":"closed","template":"","meta":{"_relevanssi_hide_post":"","_relevanssi_pin_for_all":"","_relevanssi_pin_keywords":"","_relevanssi_unpin_keywords":"","_relevanssi_related_keywords":"","_relevanssi_related_include_ids":"","_relevanssi_related_exclude_ids":"","_relevanssi_related_no_append":"","_relevanssi_related_not_related":"","_relevanssi_related_posts":"489,493,491","_relevanssi_noindex_reason":""},"post_tag":[],"acf":[],"yoast_head":"<!-- This site is optimized with the Yoast SEO plugin v17.6 - https:\/\/yoast.com\/wordpress\/plugins\/seo\/ -->\n<meta name=\"description\" content=\"Pas besoin de se rendre dans les stations et villages de montagne pour d\u00e9buter une randonn\u00e9e ! Partez de Saint-Jean-de-Maurienne.\" \/>\n<meta name=\"robots\" content=\"index, follow, max-snippet:-1, max-image-preview:large, max-video-preview:-1\" \/>\n<link rel=\"canonical\" href=\"https:\/\/www.montagnicimes.com\/st-jean-de-maurienne\/se-divertir\/randonnees\/\" \/>\n<meta property=\"og:locale\" content=\"fr_FR\" \/>\n<meta property=\"og:type\" content=\"article\" \/>\n<meta property=\"og:title\" content=\"Balades et randonn\u00e9es \u00e0 Saint-Jean-de-Maurienne\" \/>\n<meta property=\"og:description\" content=\"Pas besoin de se rendre dans les stations et villages de montagne pour d\u00e9buter une randonn\u00e9e ! Partez de Saint-Jean-de-Maurienne.\" \/>\n<meta property=\"og:url\" content=\"https:\/\/www.montagnicimes.com\/st-jean-de-maurienne\/se-divertir\/randonnees\/\" \/>\n<meta property=\"og:site_name\" content=\"St-Jean-de-Maurienne\" \/>\n<meta property=\"article:modified_time\" content=\"2024-08-30T12:25:12+00:00\" \/>\n<meta property=\"og:image\" content=\"https:\/\/www.montagnicimes.com\/st-jean-de-maurienne\/wp-content\/uploads\/sites\/4\/2024\/08\/hauts-de-st-jean.jpg\" \/>\n\t<meta property=\"og:image:width\" content=\"1920\" \/>\n\t<meta property=\"og:image:height\" content=\"1280\" \/>\n<meta name=\"twitter:card\" content=\"summary_large_image\" \/>\n<meta name=\"twitter:label1\" content=\"Dur\u00e9e de lecture estim\u00e9e\" \/>\n\t<meta name=\"twitter:data1\" content=\"1 minute\" \/>\n<script type=\"application\/ld+json\" class=\"yoast-schema-graph\">{\"@context\":\"https:\/\/schema.org\",\"@graph\":[{\"@type\":\"WebSite\",\"@id\":\"https:\/\/www.montagnicimes.com\/st-jean-de-maurienne\/#website\",\"url\":\"https:\/\/www.montagnicimes.com\/st-jean-de-maurienne\/\",\"name\":\"St-Jean-de-Maurienne\",\"description\":\"Office de tourisme Montagnicimes - Saint-Jean-de-Maurienne\",\"potentialAction\":[{\"@type\":\"SearchAction\",\"target\":{\"@type\":\"EntryPoint\",\"urlTemplate\":\"https:\/\/www.montagnicimes.com\/st-jean-de-maurienne\/?s={search_term_string}\"},\"query-input\":\"required name=search_term_string\"}],\"inLanguage\":\"fr-FR\"},{\"@type\":\"ImageObject\",\"@id\":\"https:\/\/www.montagnicimes.com\/st-jean-de-maurienne\/se-divertir\/randonnees\/#primaryimage\",\"inLanguage\":\"fr-FR\",\"url\":\"https:\/\/www.montagnicimes.com\/st-jean-de-maurienne\/wp-content\/uploads\/sites\/4\/2024\/08\/hauts-de-st-jean.jpg\",\"contentUrl\":\"https:\/\/www.montagnicimes.com\/st-jean-de-maurienne\/wp-content\/uploads\/sites\/4\/2024\/08\/hauts-de-st-jean.jpg\",\"width\":1920,\"height\":1280},{\"@type\":\"WebPage\",\"@id\":\"https:\/\/www.montagnicimes.com\/st-jean-de-maurienne\/se-divertir\/randonnees\/#webpage\",\"url\":\"https:\/\/www.montagnicimes.com\/st-jean-de-maurienne\/se-divertir\/randonnees\/\",\"name\":\"Balades et randonn\\u00e9es \\u00e0 Saint-Jean-de-Maurienne\",\"isPartOf\":{\"@id\":\"https:\/\/www.montagnicimes.com\/st-jean-de-maurienne\/#website\"},\"primaryImageOfPage\":{\"@id\":\"https:\/\/www.montagnicimes.com\/st-jean-de-maurienne\/se-divertir\/randonnees\/#primaryimage\"},\"datePublished\":\"2021-09-24T13:13:21+00:00\",\"dateModified\":\"2024-08-30T12:25:12+00:00\",\"description\":\"Pas besoin de se rendre dans les stations et villages de montagne pour d\\u00e9buter une randonn\\u00e9e ! Partez de Saint-Jean-de-Maurienne.\",\"breadcrumb\":{\"@id\":\"https:\/\/www.montagnicimes.com\/st-jean-de-maurienne\/se-divertir\/randonnees\/#breadcrumb\"},\"inLanguage\":\"fr-FR\",\"potentialAction\":[{\"@type\":\"ReadAction\",\"target\":[\"https:\/\/www.montagnicimes.com\/st-jean-de-maurienne\/se-divertir\/randonnees\/\"]}]},{\"@type\":\"BreadcrumbList\",\"@id\":\"https:\/\/www.montagnicimes.com\/st-jean-de-maurienne\/se-divertir\/randonnees\/#breadcrumb\",\"itemListElement\":[{\"@type\":\"ListItem\",\"position\":1,\"name\":\"Accueil\",\"item\":\"https:\/\/www.montagnicimes.com\/st-jean-de-maurienne\/\"},{\"@type\":\"ListItem\",\"position\":2,\"name\":\"Activit\\u00e9s\",\"item\":\"https:\/\/www.montagnicimes.com\/st-jean-de-maurienne\/se-divertir\/\"},{\"@type\":\"ListItem\",\"position\":3,\"name\":\"Balades et randonn\\u00e9es\"}]}]}<\/script>\n<!-- \/ Yoast SEO plugin. -->","yoast_head_json":{"description":"Pas besoin de se rendre dans les stations et villages de montagne pour d\u00e9buter une randonn\u00e9e ! Partez de Saint-Jean-de-Maurienne.","robots":{"index":"index","follow":"follow","max-snippet":"max-snippet:-1","max-image-preview":"max-image-preview:large","max-video-preview":"max-video-preview:-1"},"canonical":"https:\/\/www.montagnicimes.com\/st-jean-de-maurienne\/se-divertir\/randonnees\/","og_locale":"fr_FR","og_type":"article","og_title":"Balades et randonn\u00e9es \u00e0 Saint-Jean-de-Maurienne","og_description":"Pas besoin de se rendre dans les stations et villages de montagne pour d\u00e9buter une randonn\u00e9e ! Partez de Saint-Jean-de-Maurienne.","og_url":"https:\/\/www.montagnicimes.com\/st-jean-de-maurienne\/se-divertir\/randonnees\/","og_site_name":"St-Jean-de-Maurienne","article_modified_time":"2024-08-30T12:25:12+00:00","og_image":[{"width":1920,"height":1280,"url":"https:\/\/www.montagnicimes.com\/st-jean-de-maurienne\/wp-content\/uploads\/sites\/4\/2024\/08\/hauts-de-st-jean.jpg","type":"image\/jpeg"}],"twitter_card":"summary_large_image","twitter_misc":{"Dur\u00e9e de lecture estim\u00e9e":"1 minute"},"schema":{"@context":"https:\/\/schema.org","@graph":[{"@type":"WebSite","@id":"https:\/\/www.montagnicimes.com\/st-jean-de-maurienne\/#website","url":"https:\/\/www.montagnicimes.com\/st-jean-de-maurienne\/","name":"St-Jean-de-Maurienne","description":"Office de tourisme Montagnicimes - Saint-Jean-de-Maurienne","potentialAction":[{"@type":"SearchAction","target":{"@type":"EntryPoint","urlTemplate":"https:\/\/www.montagnicimes.com\/st-jean-de-maurienne\/?s={search_term_string}"},"query-input":"required name=search_term_string"}],"inLanguage":"fr-FR"},{"@type":"ImageObject","@id":"https:\/\/www.montagnicimes.com\/st-jean-de-maurienne\/se-divertir\/randonnees\/#primaryimage","inLanguage":"fr-FR","url":"https:\/\/www.montagnicimes.com\/st-jean-de-maurienne\/wp-content\/uploads\/sites\/4\/2024\/08\/hauts-de-st-jean.jpg","contentUrl":"https:\/\/www.montagnicimes.com\/st-jean-de-maurienne\/wp-content\/uploads\/sites\/4\/2024\/08\/hauts-de-st-jean.jpg","width":1920,"height":1280},{"@type":"WebPage","@id":"https:\/\/www.montagnicimes.com\/st-jean-de-maurienne\/se-divertir\/randonnees\/#webpage","url":"https:\/\/www.montagnicimes.com\/st-jean-de-maurienne\/se-divertir\/randonnees\/","name":"Balades et randonn\u00e9es \u00e0 Saint-Jean-de-Maurienne","isPartOf":{"@id":"https:\/\/www.montagnicimes.com\/st-jean-de-maurienne\/#website"},"primaryImageOfPage":{"@id":"https:\/\/www.montagnicimes.com\/st-jean-de-maurienne\/se-divertir\/randonnees\/#primaryimage"},"datePublished":"2021-09-24T13:13:21+00:00","dateModified":"2024-08-30T12:25:12+00:00","description":"Pas besoin de se rendre dans les stations et villages de montagne pour d\u00e9buter une randonn\u00e9e ! Partez de Saint-Jean-de-Maurienne.","breadcrumb":{"@id":"https:\/\/www.montagnicimes.com\/st-jean-de-maurienne\/se-divertir\/randonnees\/#breadcrumb"},"inLanguage":"fr-FR","potentialAction":[{"@type":"ReadAction","target":["https:\/\/www.montagnicimes.com\/st-jean-de-maurienne\/se-divertir\/randonnees\/"]}]},{"@type":"BreadcrumbList","@id":"https:\/\/www.montagnicimes.com\/st-jean-de-maurienne\/se-divertir\/randonnees\/#breadcrumb","itemListElement":[{"@type":"ListItem","position":1,"name":"Accueil","item":"https:\/\/www.montagnicimes.com\/st-jean-de-maurienne\/"},{"@type":"ListItem","position":2,"name":"Activit\u00e9s","item":"https:\/\/www.montagnicimes.com\/st-jean-de-maurienne\/se-divertir\/"},{"@type":"ListItem","position":3,"name":"Balades et randonn\u00e9es"}]}]}},"_links":{"self":[{"href":"https:\/\/www.montagnicimes.com\/st-jean-de-maurienne\/wp-json\/wp\/v2\/pages\/7599"}],"collection":[{"href":"https:\/\/www.montagnicimes.com\/st-jean-de-maurienne\/wp-json\/wp\/v2\/pages"}],"about":[{"href":"https:\/\/www.montagnicimes.com\/st-jean-de-maurienne\/wp-json\/wp\/v2\/types\/page"}],"author":[{"embeddable":true,"href":"https:\/\/www.montagnicimes.com\/st-jean-de-maurienne\/wp-json\/wp\/v2\/users\/1"}],"replies":[{"embeddable":true,"href":"https:\/\/www.montagnicimes.com\/st-jean-de-maurienne\/wp-json\/wp\/v2\/comments?post=7599"}],"version-history":[{"count":9,"href":"https:\/\/www.montagnicimes.com\/st-jean-de-maurienne\/wp-json\/wp\/v2\/pages\/7599\/revisions"}],"predecessor-version":[{"id":12843,"href":"https:\/\/www.montagnicimes.com\/st-jean-de-maurienne\/wp-json\/wp\/v2\/pages\/7599\/revisions\/12843"}],"up":[{"embeddable":true,"href":"https:\/\/www.montagnicimes.com\/st-jean-de-maurienne\/wp-json\/wp\/v2\/pages\/7590"}],"wp:featuredmedia":[{"embeddable":true,"href":"https:\/\/www.montagnicimes.com\/st-jean-de-maurienne\/wp-json\/wp\/v2\/media\/12845"}],"wp:attachment":[{"href":"https:\/\/www.montagnicimes.com\/st-jean-de-maurienne\/wp-json\/wp\/v2\/media?parent=7599"}],"wp:term":[{"taxonomy":"post_tag","embeddable":true,"href":"https:\/\/www.montagnicimes.com\/st-jean-de-maurienne\/wp-json\/wp\/v2\/post_tag?post=7599"}],"curies":[{"name":"wp","href":"https:\/\/api.w.org\/{rel}","templated":true}]}}