{"id":7597,"date":"2021-09-24T15:13:19","date_gmt":"2021-09-24T13:13:19","guid":{"rendered":"https:\/\/www.montagnicimes.com\/st-jean-de-maurienne\/le-tour-de-france-et-saint-jean-de-maurienne\/"},"modified":"2024-08-30T15:04:48","modified_gmt":"2024-08-30T13:04:48","slug":"le-tour-de-france-et-saint-jean-de-maurienne","status":"publish","type":"page","link":"https:\/\/www.montagnicimes.com\/st-jean-de-maurienne\/decouvrir\/le-tour-de-france-et-saint-jean-de-maurienne\/","title":{"rendered":"Le Tour de France et Saint-Jean-de-Maurienne"},"content":{"rendered":"\n<h3>Saint-Jean-de-Maurienne, a jou\u00e9 un r\u00f4le central dans le Tour de France 2024 en tant que ville de d\u00e9part de l\u2019\u00e9tape n\u00b05.<\/h3>\n\n\n\n<div class=\"wp-block-buttons is-content-justification-center\">\n<div class=\"wp-block-button\"><a class=\"wp-block-button__link\" href=\"https:\/\/www.montagnicimes.com\/saint-jean-de-maurienne-ville-depart-du-tour-de-france-le-3-juillet-2024\/\" target=\"_blank\" rel=\"noreferrer noopener\">Tout savoir sur le tour de france 2024<\/a><\/div>\n<\/div>\n\n\n\n<div class=\"wp-block-columns\">\n<div class=\"wp-block-column\">\n<p>Le 3 juillet 2024, les coureurs se sont \u00e9lanc\u00e9s depuis Saint-Jean-de-Maurienne, pr\u00eats \u00e0 affronter un parcours exigeant qui les mena jusqu\u2019\u00e0 Saint-Vulbas dans la plaine de l\u2019Ain. Pour le premier d\u00e9part fran\u00e7ais de cette Grande Boucle 2024, le d\u00e9part a eu lieu \u00e0 Saint-Jean-de-Maurienne, en Savoie, direction l\u2019Ain, \u00e0 Saint-Vulbas, apr\u00e8s 177 km de course. Cette \u00e9tape ressemblait \u00e0 une \u00e9tape de transition, sans trop d\u2019altitude.<\/p>\n\n\n\n<p>Vainqueur : <strong>Mark Cavendish<\/strong> <strong>(Astana Qazaqstan)<\/strong><\/p>\n<\/div>\n\n\n\n<div class=\"wp-block-column\">\n<figure class=\"wp-block-image size-large is-resized\"><img loading=\"lazy\" data-src=\"https:\/\/www.montagnicimes.com\/st-jean-de-maurienne\/wp-content\/uploads\/sites\/4\/2024\/04\/TDF-2024-A4-min-848x1200.png\" alt=\"affiche tour de france saint jean de maurienne\" class=\"wp-image-12406\" width=\"310\" height=\"438\" data-srcset=\"https:\/\/www.montagnicimes.com\/st-jean-de-maurienne\/wp-content\/uploads\/sites\/4\/2024\/04\/TDF-2024-A4-min-848x1200.png 848w, https:\/\/www.montagnicimes.com\/st-jean-de-maurienne\/wp-content\/uploads\/sites\/4\/2024\/04\/TDF-2024-A4-min-424x600.png 424w, https:\/\/www.montagnicimes.com\/st-jean-de-maurienne\/wp-content\/uploads\/sites\/4\/2024\/04\/TDF-2024-A4-min-768x1086.png 768w, https:\/\/www.montagnicimes.com\/st-jean-de-maurienne\/wp-content\/uploads\/sites\/4\/2024\/04\/TDF-2024-A4-min-1086x1536.png 1086w, https:\/\/www.montagnicimes.com\/st-jean-de-maurienne\/wp-content\/uploads\/sites\/4\/2024\/04\/TDF-2024-A4-min-200x283.png 200w, https:\/\/www.montagnicimes.com\/st-jean-de-maurienne\/wp-content\/uploads\/sites\/4\/2024\/04\/TDF-2024-A4-min.png 1414w\" sizes=\"(max-width: 310px) 100vw, 310px\" \/><\/figure>\n<\/div>\n<\/div>\n\n\n\n<h4>Retour en images <\/h4>\n\n\n\n<div class=\"wp-block-columns\">\n<div class=\"wp-block-column\">\n<figure class=\"wp-block-image size-large\"><img loading=\"lazy\" width=\"675\" height=\"1200\" data-src=\"https:\/\/www.montagnicimes.com\/st-jean-de-maurienne\/wp-content\/uploads\/sites\/4\/2024\/08\/TOUR-DE-FRANCE-2024-\u00a9LATOUSSUIRE-1-675x1200.jpg\" alt=\"\" class=\"wp-image-12853\" data-srcset=\"https:\/\/www.montagnicimes.com\/st-jean-de-maurienne\/wp-content\/uploads\/sites\/4\/2024\/08\/TOUR-DE-FRANCE-2024-\u00a9LATOUSSUIRE-1-675x1200.jpg 675w, https:\/\/www.montagnicimes.com\/st-jean-de-maurienne\/wp-content\/uploads\/sites\/4\/2024\/08\/TOUR-DE-FRANCE-2024-\u00a9LATOUSSUIRE-1-338x600.jpg 338w, https:\/\/www.montagnicimes.com\/st-jean-de-maurienne\/wp-content\/uploads\/sites\/4\/2024\/08\/TOUR-DE-FRANCE-2024-\u00a9LATOUSSUIRE-1-768x1365.jpg 768w, https:\/\/www.montagnicimes.com\/st-jean-de-maurienne\/wp-content\/uploads\/sites\/4\/2024\/08\/TOUR-DE-FRANCE-2024-\u00a9LATOUSSUIRE-1-864x1536.jpg 864w, https:\/\/www.montagnicimes.com\/st-jean-de-maurienne\/wp-content\/uploads\/sites\/4\/2024\/08\/TOUR-DE-FRANCE-2024-\u00a9LATOUSSUIRE-1-200x356.jpg 200w, https:\/\/www.montagnicimes.com\/st-jean-de-maurienne\/wp-content\/uploads\/sites\/4\/2024\/08\/TOUR-DE-FRANCE-2024-\u00a9LATOUSSUIRE-1.jpg 1080w\" sizes=\"(max-width: 675px) 100vw, 675px\" \/><figcaption>\u00a9LaToussuire<\/figcaption><\/figure>\n<\/div>\n\n\n\n<div class=\"wp-block-column\">\n<figure class=\"wp-block-image size-large is-resized\"><img loading=\"lazy\" data-src=\"https:\/\/www.montagnicimes.com\/st-jean-de-maurienne\/wp-content\/uploads\/sites\/4\/2024\/08\/TOUR-DE-FRANCE-2024-\u00a9LATOUSSUIRE-2-675x1200.jpg\" alt=\"\" class=\"wp-image-12854\" width=\"383\" height=\"682\" data-srcset=\"https:\/\/www.montagnicimes.com\/st-jean-de-maurienne\/wp-content\/uploads\/sites\/4\/2024\/08\/TOUR-DE-FRANCE-2024-\u00a9LATOUSSUIRE-2-675x1200.jpg 675w, https:\/\/www.montagnicimes.com\/st-jean-de-maurienne\/wp-content\/uploads\/sites\/4\/2024\/08\/TOUR-DE-FRANCE-2024-\u00a9LATOUSSUIRE-2-768x1365.jpg 768w, https:\/\/www.montagnicimes.com\/st-jean-de-maurienne\/wp-content\/uploads\/sites\/4\/2024\/08\/TOUR-DE-FRANCE-2024-\u00a9LATOUSSUIRE-2-864x1536.jpg 864w, https:\/\/www.montagnicimes.com\/st-jean-de-maurienne\/wp-content\/uploads\/sites\/4\/2024\/08\/TOUR-DE-FRANCE-2024-\u00a9LATOUSSUIRE-2-200x356.jpg 200w, https:\/\/www.montagnicimes.com\/st-jean-de-maurienne\/wp-content\/uploads\/sites\/4\/2024\/08\/TOUR-DE-FRANCE-2024-\u00a9LATOUSSUIRE-2.jpg 1080w\" sizes=\"(max-width: 383px) 100vw, 383px\" \/><figcaption> \u00a9LaToussuire <\/figcaption><\/figure>\n<\/div>\n<\/div>\n\n\n\n<h2>Le Tour de France \u00e0 Saint-Jean<\/h2>\n\n\n\n<p>Le Tour de France est la course cycliste la plus connue, m\u00e9diatis\u00e9e et pris\u00e9e dans le monde entier. Et notre ville de Saint-Jean-de-Maurienne a eu la chance de croiser sa route \u00e0 plusieurs reprises. Cette course tant aim\u00e9 par les amoureux de cyclisme a autant de succ\u00e8s aupr\u00e8s du grand public en partie gr\u00e2ce \u00e0 la caravane publicitaire et toute l\u2019effervescence de la ville qui se pr\u00e9pare pour l\u2019\u00e9v\u00e8nement. <\/p>\n\n\n\n<div class=\"wp-block-strate-full alignfull\">\n\n    <div class=\"wp-block-strate-full-thumbnail\">\n        <img data-src=\"https:\/\/www.montagnicimes.com\/st-jean-de-maurienne\/wp-content\/uploads\/sites\/4\/wpiris-images\/8950\/48404957686_6119c4c72a_k-1600x900-c.jpg\" alt=\"L&rsquo;ancien evech\u00e9 tour de france\">\n    <\/div>\n\n\t\n        <div class=\"wp-block-strate-full-content wp-block-strate-full-content-left\">\n\t\t\t                <p class=\"wp-block-strate-full-content-excerpt\"> La ville de Saint-Jean-de-Maurienne en f\u00eate se d\u00e9core de banderoles, fanions, v\u00e9los aux couleurs des diff\u00e9rents maillots, et bien plus encore. <\/p>\n\t\t\t        <\/div>\n\n\t\n<\/div>\n\n\n\n<h3>Saint-Jean-de-Maurienne et le Tour de France, une grande histoire<\/h3>\n\n\n\n<p>Terre de v\u00e9lo et 1<sup>er<\/sup> domaine cyclable du monde, la Maurienne compte les cols les plus mythiques, la soci\u00e9t\u00e9 Amaury Sport Organisation et Christian Prudhomme le savent tr\u00e8s bien. Cette derni\u00e8re d\u00e9cennie, le trac\u00e9 du Tour de France est pass\u00e9 pas moins de 9 fois \u00e0 Saint-Jean-de-Maurienne ou dans la vall\u00e9e, dont 2 fois en 2015.<\/p>\n\n\n\n<p>Nous avons retrac\u00e9 pour vous les passages de la Grande Boucle \u00e0 Saint-Jean-de-Maurienne depuis 2010.<\/p>\n\n\n\n<p>Le peloton prenait le d\u00e9part de la 9<sup>\u00e8me<\/sup> \u00e9tape du Tour de France 2010 \u00e0 Morzine-Avoriaz. Apr\u00e8s 204,5km et un passage au Col de La Madeleine, c\u2019est bien \u00e0 Saint-Jean-de-Maurienne que cette \u00e9tape s\u2019est achev\u00e9e.<\/p>\n\n\n\n<p>En 2011, c\u2019est une grosse \u00e9tape longue de 184km avec qui attendait les coureurs. Beaucoup de points \u00e9taient \u00e0 r\u00e9cup\u00e9rer au sommet de toutes les difficult\u00e9s du jour. Apr\u00e8s un d\u00e9part d\u2019Albertville, la 11<sup>\u00e8me<\/sup> \u00e9tape de cette \u00e9dition, la course est pass\u00e9e par le Col de la Madeleine, le Col du Glandon, le Col de la Croix de Fer, le Col du Mollard, Saint-Jean-de-Maurienne pour faire son arriv\u00e9e dans la station de ski de La Toussuire.<\/p>\n\n\n\n<div class=\"wp-block-strate-full alignfull\">\n\n    <div class=\"wp-block-strate-full-thumbnail\">\n        <img data-src=\"https:\/\/www.montagnicimes.com\/st-jean-de-maurienne\/wp-content\/uploads\/sites\/4\/wpiris-images\/8952\/48405116217_0be711eadb_k-1600x900-c.jpg\" alt=\"Passage du tour de france \u00e0 SAint-Jean\">\n    <\/div>\n\n\t\n        <div class=\"wp-block-strate-full-content wp-block-strate-full-content-left\">\n\t\t\t                <p class=\"wp-block-strate-full-content-excerpt\"> Pour la 12<sup>\u00e8me<\/sup> \u00e9tape du Tour de France 2012, le d\u00e9part a \u00e9t\u00e9 donn\u00e9 \u00e0 Saint-Jean-de-Maurienne avec une foule immense. Au terme des 226km du jour, les coureurs sont arriv\u00e9s \u00e0 Annonay-Dav\u00e9zieux. <\/p>\n\t\t\t        <\/div>\n\n\t\n<\/div>\n\n\n\n<p>Pour la 102<sup>\u00e8me<\/sup> \u00e9dition, le domaine de la Maurienne a \u00e9t\u00e9 mis en avant pendant 2 jours. Le 23 juillet 2015, sur un parcours de 186,5km entre Gap et Saint-Jean-de-Maurienne, une \u00e9tape ph\u00e9nom\u00e9nale a eu lieu. La course est pass\u00e9e par le Col du Glandon, Saint-Etienne-de-Cuines et les Lacets de Montvernier. C\u2019est la premi\u00e8re fois de l\u2019Histoire du Tour de France que les coureurs empruntaient ces lacets. C\u2019est gr\u00e2ce \u00e0 ce passage qu\u2019ils sont devenus l\u00e9gendaires. Au terme de cette \u00e9tape, le fran\u00e7ais Romain Bardet a lev\u00e9 les bras sur la ligne d\u2019arriv\u00e9e \u00e0 Saint-Jean-de-Maurienne.<\/p>\n\n\n\n<p>Le jour suivant, le peloton international a pris le d\u00e9part dans la capitale mauriennaise \u00e0 destination de La Toussuire. Mais il n\u2019a pas emprunt\u00e9 le chemin le plus court car l\u2019\u00e9tape se d\u00e9roulait sur 138km, une \u00e9tape courte mais de forte intensit\u00e9. Pour rejoindre l\u2019arriv\u00e9e, la course est rest\u00e9e uniquement en Maurienne, elle est pass\u00e9e par le Col du Chaussy, La Chambre, Epierre, Saint-R\u00e9my-de-Maurienne, Saint-Colomban-des-Villards, le Col du Glandon, le Col de la Croix de fer, Saint-Sorlin-d\u2019Arves, le Col du Mollard, Saint-Jean-de-Maurienne, Le Corbier et enfin La Toussuire. Ce f\u00fbt une grosse journ\u00e9e pleine d\u2019audace de la part du fran\u00e7ais Pierre Rolland, qui se fera d\u00e9croch\u00e9 dans la derni\u00e8re ascension du jour par le vainqueur de l\u2019\u00e9tape Vincenzo Nibali. N\u00e9anmoins, le fran\u00e7ais sera nomm\u00e9 combatif du jour.<\/p>\n\n\n\n<p>Deux ans plus tard, lors de l\u2019\u00e9tape 17 la Grande Boucle a fait son retour en Maurienne. Entre La Mure et Serre-Chevalier, les coureurs ont eu l\u2019occasion de passer par le Col de la Croix de Fer, Saint-Sorlin-d\u2019Arves, Saint-Jean-de-Maurienne, le Col du&nbsp;t\u00e9l\u00e9graphe, Valloire et le Col du Galibier.<\/p>\n\n\n\n<p>Les Lacets de Montvernier, devenus mythiques, sont de retour sur le Tour de France 2018. Entre Bourg-Saint-Maurice et l\u2019Alpe d\u2019Huez, la 12<sup>\u00e8me<\/sup> \u00e9tape a emprunt\u00e9 les routes de la vall\u00e9e de la Maurienne. Parmi elles&nbsp;: le Col de la Madeleine, Saint-Fran\u00e7ois-Longchamp, La Chambre, Pontamafrey, Les Lacets de Montvernier, Saint-Jean-de-Maurienne, Saint-Sorlin-d\u2019Arves et le Col de la Croix de Fer.<\/p>\n\n\n\n<p>Au d\u00e9part de Saint-Jean-de-Maurienne, la 19<sup>\u00e8me<\/sup> \u00e9tape du Tour 2019 restera grav\u00e9e en m\u00e9moire de beaucoup de passionn\u00e9s de cyclisme. L\u2019arriv\u00e9e \u00e9tait initialement pr\u00e9vue \u00e0 Tignes mais suite \u00e0 un violent orage de gr\u00eale la course a \u00e9t\u00e9 arr\u00eat\u00e9 par les commissaires de course au kilom\u00e8tre 89. C\u2019est la premi\u00e8re fois qu\u2019un tel ph\u00e9nom\u00e8ne arrivait. Les fans se rappelleront aussi de la premi\u00e8re grosse difficult\u00e9 de la journ\u00e9e o\u00f9 des leaders fran\u00e7ais ont pein\u00e9. Romain Bardet et David Gaudu se font rapidement distanc\u00e9s et le favori fran\u00e7ais Thibaut Pinot, 5<sup>\u00e8me<\/sup> au classement g\u00e9n\u00e9ral au d\u00e9part de l\u2019\u00e9tape, abandonne suite \u00e0 une blessure.<\/p>\n\n\n\n<p>Apr\u00e8s un report de la course en raison de la crise sanitaire, le Tour de France 2020 s\u2019est d\u00e9roul\u00e9 en septembre. Sur la 17<sup>\u00e8me<\/sup> \u00e9tape, entre Grenoble et M\u00e9ribel \/ Col de la Loze, le peloton a tutoy\u00e9 la vall\u00e9e de la Maurienne. Sans passer \u00e0 Saint-Jean-de-Maurienne cette fois-ci, le trac\u00e9 du parcours s\u2019est dessin\u00e9 sur les routes d\u2019Epierre, La Chambre, Montgellafrey, Saint-Fran\u00e7ois-Longchamp et le Col de la Madeleine avant de basculer en Tarentaise.<\/p>\n","protected":false},"excerpt":{"rendered":"<p>Saint-Jean-de-Maurienne, a jou\u00e9 un r\u00f4le central dans le Tour de France 2024 en tant que ville de d\u00e9part de l\u2019\u00e9tape n\u00b05. Le 3 juillet 2024, les coureurs se sont \u00e9lanc\u00e9s depuis Saint-Jean-de-Maurienne, pr\u00eats \u00e0 affronter un parcours exigeant qui les mena jusqu\u2019\u00e0 Saint-Vulbas dans la plaine de l\u2019Ain. Pour le premier d\u00e9part fran\u00e7ais de cette [&hellip;]<\/p>\n","protected":false},"author":1,"featured_media":11957,"parent":7571,"menu_order":7,"comment_status":"closed","ping_status":"closed","template":"","meta":{"_relevanssi_hide_post":"","_relevanssi_pin_for_all":"","_relevanssi_pin_keywords":"","_relevanssi_unpin_keywords":"","_relevanssi_related_keywords":"","_relevanssi_related_include_ids":"","_relevanssi_related_exclude_ids":"","_relevanssi_related_no_append":"","_relevanssi_related_not_related":"","_relevanssi_related_posts":"491,489,493","_relevanssi_noindex_reason":""},"post_tag":[],"acf":[],"yoast_head":"<!-- This site is optimized with the Yoast SEO plugin v17.6 - https:\/\/yoast.com\/wordpress\/plugins\/seo\/ -->\n<meta name=\"description\" content=\"Saint-Jean-de-Maurienne, a jou\u00e9 un r\u00f4le central dans le Tour de France 2024 en tant que ville de d\u00e9part de l\u2019\u00e9tape n\u00b05. Tout savoir sur le tour de france\" \/>\n<meta name=\"robots\" content=\"index, follow, max-snippet:-1, max-image-preview:large, max-video-preview:-1\" \/>\n<link rel=\"canonical\" href=\"https:\/\/www.montagnicimes.com\/st-jean-de-maurienne\/decouvrir\/le-tour-de-france-et-saint-jean-de-maurienne\/\" \/>\n<meta property=\"og:locale\" content=\"fr_FR\" \/>\n<meta property=\"og:type\" content=\"article\" \/>\n<meta property=\"og:title\" content=\"Le Tour de France et Saint-Jean-de-Maurienne - St-Jean-de-Maurienne\" \/>\n<meta property=\"og:description\" content=\"Saint-Jean-de-Maurienne, a jou\u00e9 un r\u00f4le central dans le Tour de France 2024 en tant que ville de d\u00e9part de l\u2019\u00e9tape n\u00b05. Tout savoir sur le tour de france\" \/>\n<meta property=\"og:url\" content=\"https:\/\/www.montagnicimes.com\/st-jean-de-maurienne\/decouvrir\/le-tour-de-france-et-saint-jean-de-maurienne\/\" \/>\n<meta property=\"og:site_name\" content=\"St-Jean-de-Maurienne\" \/>\n<meta property=\"article:modified_time\" content=\"2024-08-30T13:04:48+00:00\" \/>\n<meta property=\"og:image\" content=\"https:\/\/www.montagnicimes.com\/st-jean-de-maurienne\/wp-content\/uploads\/sites\/4\/2023\/10\/Tour-de-France-Dessin.jpg\" \/>\n\t<meta property=\"og:image:width\" content=\"1280\" \/>\n\t<meta property=\"og:image:height\" content=\"1920\" \/>\n<meta name=\"twitter:card\" content=\"summary_large_image\" \/>\n<meta name=\"twitter:label1\" content=\"Dur\u00e9e de lecture estim\u00e9e\" \/>\n\t<meta name=\"twitter:data1\" content=\"5 minutes\" \/>\n<script type=\"application\/ld+json\" class=\"yoast-schema-graph\">{\"@context\":\"https:\/\/schema.org\",\"@graph\":[{\"@type\":\"WebSite\",\"@id\":\"https:\/\/www.montagnicimes.com\/st-jean-de-maurienne\/#website\",\"url\":\"https:\/\/www.montagnicimes.com\/st-jean-de-maurienne\/\",\"name\":\"St-Jean-de-Maurienne\",\"description\":\"Office de tourisme Montagnicimes - Saint-Jean-de-Maurienne\",\"potentialAction\":[{\"@type\":\"SearchAction\",\"target\":{\"@type\":\"EntryPoint\",\"urlTemplate\":\"https:\/\/www.montagnicimes.com\/st-jean-de-maurienne\/?s={search_term_string}\"},\"query-input\":\"required name=search_term_string\"}],\"inLanguage\":\"fr-FR\"},{\"@type\":\"ImageObject\",\"@id\":\"https:\/\/www.montagnicimes.com\/st-jean-de-maurienne\/decouvrir\/le-tour-de-france-et-saint-jean-de-maurienne\/#primaryimage\",\"inLanguage\":\"fr-FR\",\"url\":\"https:\/\/www.montagnicimes.com\/st-jean-de-maurienne\/wp-content\/uploads\/sites\/4\/2023\/10\/Tour-de-France-Dessin.jpg\",\"contentUrl\":\"https:\/\/www.montagnicimes.com\/st-jean-de-maurienne\/wp-content\/uploads\/sites\/4\/2023\/10\/Tour-de-France-Dessin.jpg\",\"width\":1280,\"height\":1920,\"caption\":\"Fond affiche TDF 24\"},{\"@type\":\"WebPage\",\"@id\":\"https:\/\/www.montagnicimes.com\/st-jean-de-maurienne\/decouvrir\/le-tour-de-france-et-saint-jean-de-maurienne\/#webpage\",\"url\":\"https:\/\/www.montagnicimes.com\/st-jean-de-maurienne\/decouvrir\/le-tour-de-france-et-saint-jean-de-maurienne\/\",\"name\":\"Le Tour de France et Saint-Jean-de-Maurienne - St-Jean-de-Maurienne\",\"isPartOf\":{\"@id\":\"https:\/\/www.montagnicimes.com\/st-jean-de-maurienne\/#website\"},\"primaryImageOfPage\":{\"@id\":\"https:\/\/www.montagnicimes.com\/st-jean-de-maurienne\/decouvrir\/le-tour-de-france-et-saint-jean-de-maurienne\/#primaryimage\"},\"datePublished\":\"2021-09-24T13:13:19+00:00\",\"dateModified\":\"2024-08-30T13:04:48+00:00\",\"description\":\"Saint-Jean-de-Maurienne, a jou\\u00e9 un r\\u00f4le central dans le Tour de France 2024 en tant que ville de d\\u00e9part de l\\u2019\\u00e9tape n\\u00b05. Tout savoir sur le tour de france\",\"breadcrumb\":{\"@id\":\"https:\/\/www.montagnicimes.com\/st-jean-de-maurienne\/decouvrir\/le-tour-de-france-et-saint-jean-de-maurienne\/#breadcrumb\"},\"inLanguage\":\"fr-FR\",\"potentialAction\":[{\"@type\":\"ReadAction\",\"target\":[\"https:\/\/www.montagnicimes.com\/st-jean-de-maurienne\/decouvrir\/le-tour-de-france-et-saint-jean-de-maurienne\/\"]}]},{\"@type\":\"BreadcrumbList\",\"@id\":\"https:\/\/www.montagnicimes.com\/st-jean-de-maurienne\/decouvrir\/le-tour-de-france-et-saint-jean-de-maurienne\/#breadcrumb\",\"itemListElement\":[{\"@type\":\"ListItem\",\"position\":1,\"name\":\"Accueil\",\"item\":\"https:\/\/www.montagnicimes.com\/st-jean-de-maurienne\/\"},{\"@type\":\"ListItem\",\"position\":2,\"name\":\"D\\u00e9couvrir\",\"item\":\"https:\/\/www.montagnicimes.com\/st-jean-de-maurienne\/decouvrir\/\"},{\"@type\":\"ListItem\",\"position\":3,\"name\":\"Le Tour de France et Saint-Jean-de-Maurienne\"}]}]}<\/script>\n<!-- \/ Yoast SEO plugin. -->","yoast_head_json":{"description":"Saint-Jean-de-Maurienne, a jou\u00e9 un r\u00f4le central dans le Tour de France 2024 en tant que ville de d\u00e9part de l\u2019\u00e9tape n\u00b05. Tout savoir sur le tour de france","robots":{"index":"index","follow":"follow","max-snippet":"max-snippet:-1","max-image-preview":"max-image-preview:large","max-video-preview":"max-video-preview:-1"},"canonical":"https:\/\/www.montagnicimes.com\/st-jean-de-maurienne\/decouvrir\/le-tour-de-france-et-saint-jean-de-maurienne\/","og_locale":"fr_FR","og_type":"article","og_title":"Le Tour de France et Saint-Jean-de-Maurienne - St-Jean-de-Maurienne","og_description":"Saint-Jean-de-Maurienne, a jou\u00e9 un r\u00f4le central dans le Tour de France 2024 en tant que ville de d\u00e9part de l\u2019\u00e9tape n\u00b05. Tout savoir sur le tour de france","og_url":"https:\/\/www.montagnicimes.com\/st-jean-de-maurienne\/decouvrir\/le-tour-de-france-et-saint-jean-de-maurienne\/","og_site_name":"St-Jean-de-Maurienne","article_modified_time":"2024-08-30T13:04:48+00:00","og_image":[{"width":1280,"height":1920,"url":"https:\/\/www.montagnicimes.com\/st-jean-de-maurienne\/wp-content\/uploads\/sites\/4\/2023\/10\/Tour-de-France-Dessin.jpg","type":"image\/jpeg"}],"twitter_card":"summary_large_image","twitter_misc":{"Dur\u00e9e de lecture estim\u00e9e":"5 minutes"},"schema":{"@context":"https:\/\/schema.org","@graph":[{"@type":"WebSite","@id":"https:\/\/www.montagnicimes.com\/st-jean-de-maurienne\/#website","url":"https:\/\/www.montagnicimes.com\/st-jean-de-maurienne\/","name":"St-Jean-de-Maurienne","description":"Office de tourisme Montagnicimes - Saint-Jean-de-Maurienne","potentialAction":[{"@type":"SearchAction","target":{"@type":"EntryPoint","urlTemplate":"https:\/\/www.montagnicimes.com\/st-jean-de-maurienne\/?s={search_term_string}"},"query-input":"required name=search_term_string"}],"inLanguage":"fr-FR"},{"@type":"ImageObject","@id":"https:\/\/www.montagnicimes.com\/st-jean-de-maurienne\/decouvrir\/le-tour-de-france-et-saint-jean-de-maurienne\/#primaryimage","inLanguage":"fr-FR","url":"https:\/\/www.montagnicimes.com\/st-jean-de-maurienne\/wp-content\/uploads\/sites\/4\/2023\/10\/Tour-de-France-Dessin.jpg","contentUrl":"https:\/\/www.montagnicimes.com\/st-jean-de-maurienne\/wp-content\/uploads\/sites\/4\/2023\/10\/Tour-de-France-Dessin.jpg","width":1280,"height":1920,"caption":"Fond affiche TDF 24"},{"@type":"WebPage","@id":"https:\/\/www.montagnicimes.com\/st-jean-de-maurienne\/decouvrir\/le-tour-de-france-et-saint-jean-de-maurienne\/#webpage","url":"https:\/\/www.montagnicimes.com\/st-jean-de-maurienne\/decouvrir\/le-tour-de-france-et-saint-jean-de-maurienne\/","name":"Le Tour de France et Saint-Jean-de-Maurienne - St-Jean-de-Maurienne","isPartOf":{"@id":"https:\/\/www.montagnicimes.com\/st-jean-de-maurienne\/#website"},"primaryImageOfPage":{"@id":"https:\/\/www.montagnicimes.com\/st-jean-de-maurienne\/decouvrir\/le-tour-de-france-et-saint-jean-de-maurienne\/#primaryimage"},"datePublished":"2021-09-24T13:13:19+00:00","dateModified":"2024-08-30T13:04:48+00:00","description":"Saint-Jean-de-Maurienne, a jou\u00e9 un r\u00f4le central dans le Tour de France 2024 en tant que ville de d\u00e9part de l\u2019\u00e9tape n\u00b05. Tout savoir sur le tour de france","breadcrumb":{"@id":"https:\/\/www.montagnicimes.com\/st-jean-de-maurienne\/decouvrir\/le-tour-de-france-et-saint-jean-de-maurienne\/#breadcrumb"},"inLanguage":"fr-FR","potentialAction":[{"@type":"ReadAction","target":["https:\/\/www.montagnicimes.com\/st-jean-de-maurienne\/decouvrir\/le-tour-de-france-et-saint-jean-de-maurienne\/"]}]},{"@type":"BreadcrumbList","@id":"https:\/\/www.montagnicimes.com\/st-jean-de-maurienne\/decouvrir\/le-tour-de-france-et-saint-jean-de-maurienne\/#breadcrumb","itemListElement":[{"@type":"ListItem","position":1,"name":"Accueil","item":"https:\/\/www.montagnicimes.com\/st-jean-de-maurienne\/"},{"@type":"ListItem","position":2,"name":"D\u00e9couvrir","item":"https:\/\/www.montagnicimes.com\/st-jean-de-maurienne\/decouvrir\/"},{"@type":"ListItem","position":3,"name":"Le Tour de France et Saint-Jean-de-Maurienne"}]}]}},"_links":{"self":[{"href":"https:\/\/www.montagnicimes.com\/st-jean-de-maurienne\/wp-json\/wp\/v2\/pages\/7597"}],"collection":[{"href":"https:\/\/www.montagnicimes.com\/st-jean-de-maurienne\/wp-json\/wp\/v2\/pages"}],"about":[{"href":"https:\/\/www.montagnicimes.com\/st-jean-de-maurienne\/wp-json\/wp\/v2\/types\/page"}],"author":[{"embeddable":true,"href":"https:\/\/www.montagnicimes.com\/st-jean-de-maurienne\/wp-json\/wp\/v2\/users\/1"}],"replies":[{"embeddable":true,"href":"https:\/\/www.montagnicimes.com\/st-jean-de-maurienne\/wp-json\/wp\/v2\/comments?post=7597"}],"version-history":[{"count":16,"href":"https:\/\/www.montagnicimes.com\/st-jean-de-maurienne\/wp-json\/wp\/v2\/pages\/7597\/revisions"}],"predecessor-version":[{"id":12856,"href":"https:\/\/www.montagnicimes.com\/st-jean-de-maurienne\/wp-json\/wp\/v2\/pages\/7597\/revisions\/12856"}],"up":[{"embeddable":true,"href":"https:\/\/www.montagnicimes.com\/st-jean-de-maurienne\/wp-json\/wp\/v2\/pages\/7571"}],"wp:featuredmedia":[{"embeddable":true,"href":"https:\/\/www.montagnicimes.com\/st-jean-de-maurienne\/wp-json\/wp\/v2\/media\/11957"}],"wp:attachment":[{"href":"https:\/\/www.montagnicimes.com\/st-jean-de-maurienne\/wp-json\/wp\/v2\/media?parent=7597"}],"wp:term":[{"taxonomy":"post_tag","embeddable":true,"href":"https:\/\/www.montagnicimes.com\/st-jean-de-maurienne\/wp-json\/wp\/v2\/post_tag?post=7597"}],"curies":[{"name":"wp","href":"https:\/\/api.w.org\/{rel}","templated":true}]}}