{"id":7590,"date":"2021-09-24T15:13:13","date_gmt":"2021-09-24T13:13:13","guid":{"rendered":"https:\/\/www.montagnicimes.com\/st-jean-de-maurienne\/se-divertir\/"},"modified":"2024-08-30T14:53:40","modified_gmt":"2024-08-30T12:53:40","slug":"se-divertir","status":"publish","type":"page","link":"https:\/\/www.montagnicimes.com\/st-jean-de-maurienne\/se-divertir\/","title":{"rendered":"Activit\u00e9s"},"content":{"rendered":"\n<p class=\"is-style-excerpt\">A Saint-Jean-de-Maurienne, une multitude d\u2019activit\u00e9s vous sont propos\u00e9es. Que vous soyez plus activit\u00e9s sportives outdoor ou culture indoor, vous trouverez de quoi vous occuper.<\/p>\n\n\n\n<div class=\"wp-block wp-block-child-post alignwide clear\">\n    \n<div class=\"entityItem \" data-trigger=\"wpiris-click\" >\n    <a href=\"https:\/\/www.montagnicimes.com\/st-jean-de-maurienne\/se-divertir\/itineraires-au-depart-de-saint-jean-de-maurienne\/\" nofancybox class=\"entityItemThumbnail\">\n        <img data-src=\"https:\/\/www.montagnicimes.com\/st-jean-de-maurienne\/wp-content\/uploads\/sites\/4\/wpiris-images\/8354\/Sans-titre-2-380x400-c.jpg\" alt=\"Itin\u00e9raires v\u00e9lo au d\u00e9part de Saint-Jean-de-Maurienne\">\n    <\/a>\n    <div class=\"entityItemContent\">\n\n        <div class=\"entityItemContentHeading\">\n                                    <h2 class=\"entityItemContentTitle\" >\n                <a href=\"https:\/\/www.montagnicimes.com\/st-jean-de-maurienne\/se-divertir\/itineraires-au-depart-de-saint-jean-de-maurienne\/\">Itin\u00e9raires v\u00e9lo au d\u00e9part de Saint-Jean-de-Maurienne<\/a>\n            <\/h2>                    <\/div>\n            <\/div>\n<\/div>\n\n<div class=\"entityItem \" data-trigger=\"wpiris-click\" >\n    <a href=\"https:\/\/www.montagnicimes.com\/st-jean-de-maurienne\/se-divertir\/randonnees\/\" nofancybox class=\"entityItemThumbnail\">\n        <img data-src=\"https:\/\/www.montagnicimes.com\/st-jean-de-maurienne\/wp-content\/uploads\/sites\/4\/wpiris-images\/12845\/hauts-de-st-jean-380x400-c.jpg\" alt=\"Balades et randonn\u00e9es\">\n    <\/a>\n    <div class=\"entityItemContent\">\n\n        <div class=\"entityItemContentHeading\">\n                                    <h2 class=\"entityItemContentTitle\" >\n                <a href=\"https:\/\/www.montagnicimes.com\/st-jean-de-maurienne\/se-divertir\/randonnees\/\">Balades et randonn\u00e9es<\/a>\n            <\/h2>                    <\/div>\n            <\/div>\n<\/div>\n\n<div class=\"entityItem \" data-trigger=\"wpiris-click\" >\n    <a href=\"https:\/\/www.montagnicimes.com\/st-jean-de-maurienne\/se-divertir\/activites-plein-air\/\" nofancybox class=\"entityItemThumbnail\">\n        <img data-src=\"https:\/\/www.montagnicimes.com\/st-jean-de-maurienne\/wp-content\/uploads\/sites\/4\/wpiris-images\/9051\/Skatepark-de-la-Combe-\u00a9OTIMontagnicimes-380x400-c.jpg\" alt=\"Activit\u00e9s plein air\">\n    <\/a>\n    <div class=\"entityItemContent\">\n\n        <div class=\"entityItemContentHeading\">\n                                    <h2 class=\"entityItemContentTitle\" >\n                <a href=\"https:\/\/www.montagnicimes.com\/st-jean-de-maurienne\/se-divertir\/activites-plein-air\/\">Activit\u00e9s plein air<\/a>\n            <\/h2>                    <\/div>\n            <\/div>\n<\/div>\n\n<div class=\"entityItem \" data-trigger=\"wpiris-click\" >\n    <a href=\"https:\/\/www.montagnicimes.com\/st-jean-de-maurienne\/se-divertir\/activites-culturelles\/\" nofancybox class=\"entityItemThumbnail\">\n        <img data-src=\"https:\/\/www.montagnicimes.com\/st-jean-de-maurienne\/wp-content\/uploads\/sites\/4\/wpiris-images\/8323\/La-facade-du-Musee-Opinel-@-Pierre-Dompnier-380x400-c.jpg\" alt=\"Activit\u00e9s culturelles\">\n    <\/a>\n    <div class=\"entityItemContent\">\n\n        <div class=\"entityItemContentHeading\">\n                                    <h2 class=\"entityItemContentTitle\" >\n                <a href=\"https:\/\/www.montagnicimes.com\/st-jean-de-maurienne\/se-divertir\/activites-culturelles\/\">Activit\u00e9s culturelles<\/a>\n            <\/h2>                    <\/div>\n            <\/div>\n<\/div>\n\n<div class=\"entityItem \" data-trigger=\"wpiris-click\" >\n    <a href=\"https:\/\/www.montagnicimes.com\/st-jean-de-maurienne\/se-divertir\/baignade\/\" nofancybox class=\"entityItemThumbnail\">\n        <img data-src=\"https:\/\/www.montagnicimes.com\/st-jean-de-maurienne\/wp-content\/uploads\/sites\/4\/wpiris-images\/9052\/Plan-deau-mollard-\u00a9OTIMontagnicimes-380x400-c.jpg\" alt=\"Baignade\">\n    <\/a>\n    <div class=\"entityItemContent\">\n\n        <div class=\"entityItemContentHeading\">\n                                    <h2 class=\"entityItemContentTitle\" >\n                <a href=\"https:\/\/www.montagnicimes.com\/st-jean-de-maurienne\/se-divertir\/baignade\/\">Baignade<\/a>\n            <\/h2>                    <\/div>\n            <\/div>\n<\/div>\n\n<div class=\"entityItem \" data-trigger=\"wpiris-click\" >\n    <a href=\"https:\/\/www.montagnicimes.com\/st-jean-de-maurienne\/se-divertir\/ski\/\" nofancybox class=\"entityItemThumbnail\">\n        <img data-src=\"https:\/\/www.montagnicimes.com\/st-jean-de-maurienne\/wp-content\/uploads\/sites\/4\/wpiris-images\/8028\/station-albiez-\u00a9OTIMontagnicimes-380x400-c.jpg\" alt=\"Ski\">\n    <\/a>\n    <div class=\"entityItemContent\">\n\n        <div class=\"entityItemContentHeading\">\n                                    <h2 class=\"entityItemContentTitle\" >\n                <a href=\"https:\/\/www.montagnicimes.com\/st-jean-de-maurienne\/se-divertir\/ski\/\">Ski<\/a>\n            <\/h2>                    <\/div>\n            <\/div>\n<\/div>\n    <\/div>","protected":false},"excerpt":{"rendered":"<p>A Saint-Jean-de-Maurienne, une multitude d\u2019activit\u00e9s vous sont propos\u00e9es. Que vous soyez plus activit\u00e9s sportives outdoor ou culture indoor, vous trouverez de quoi vous occuper.<\/p>\n","protected":false},"author":1,"featured_media":0,"parent":0,"menu_order":2,"comment_status":"closed","ping_status":"closed","template":"","meta":{"_relevanssi_hide_post":"","_relevanssi_pin_for_all":"","_relevanssi_pin_keywords":"","_relevanssi_unpin_keywords":"","_relevanssi_related_keywords":"","_relevanssi_related_include_ids":"","_relevanssi_related_exclude_ids":"","_relevanssi_related_no_append":"","_relevanssi_related_not_related":"","_relevanssi_related_posts":"489,493,491","_relevanssi_noindex_reason":""},"post_tag":[],"acf":[],"yoast_head":"<!-- This site is optimized with the Yoast SEO plugin v17.6 - https:\/\/yoast.com\/wordpress\/plugins\/seo\/ -->\n<meta name=\"description\" content=\"A Saint-Jean-de-Maurienne, une multitude d\u2019activit\u00e9s vous sont propos\u00e9es. Que vous soyez plus activit\u00e9s sportives outdoor ou culture indoor, vous\" \/>\n<meta name=\"robots\" content=\"index, follow, max-snippet:-1, max-image-preview:large, max-video-preview:-1\" \/>\n<link rel=\"canonical\" href=\"https:\/\/www.montagnicimes.com\/st-jean-de-maurienne\/se-divertir\/\" \/>\n<meta property=\"og:locale\" content=\"fr_FR\" \/>\n<meta property=\"og:type\" content=\"article\" \/>\n<meta property=\"og:title\" content=\"Activit\u00e9s \u00e0 faire \u00e0 Saint-Jean-de-Maurienne - St-Jean-de-Maurienne\" \/>\n<meta property=\"og:description\" content=\"A Saint-Jean-de-Maurienne, une multitude d\u2019activit\u00e9s vous sont propos\u00e9es. Que vous soyez plus activit\u00e9s sportives outdoor ou culture indoor, vous\" \/>\n<meta property=\"og:url\" content=\"https:\/\/www.montagnicimes.com\/st-jean-de-maurienne\/se-divertir\/\" \/>\n<meta property=\"og:site_name\" content=\"St-Jean-de-Maurienne\" \/>\n<meta property=\"article:modified_time\" content=\"2024-08-30T12:53:40+00:00\" \/>\n<meta name=\"twitter:card\" content=\"summary_large_image\" \/>\n<meta name=\"twitter:label1\" content=\"Dur\u00e9e de lecture estim\u00e9e\" \/>\n\t<meta name=\"twitter:data1\" content=\"1 minute\" \/>\n<script type=\"application\/ld+json\" class=\"yoast-schema-graph\">{\"@context\":\"https:\/\/schema.org\",\"@graph\":[{\"@type\":\"WebSite\",\"@id\":\"https:\/\/www.montagnicimes.com\/st-jean-de-maurienne\/#website\",\"url\":\"https:\/\/www.montagnicimes.com\/st-jean-de-maurienne\/\",\"name\":\"St-Jean-de-Maurienne\",\"description\":\"Office de tourisme Montagnicimes - Saint-Jean-de-Maurienne\",\"potentialAction\":[{\"@type\":\"SearchAction\",\"target\":{\"@type\":\"EntryPoint\",\"urlTemplate\":\"https:\/\/www.montagnicimes.com\/st-jean-de-maurienne\/?s={search_term_string}\"},\"query-input\":\"required name=search_term_string\"}],\"inLanguage\":\"fr-FR\"},{\"@type\":\"WebPage\",\"@id\":\"https:\/\/www.montagnicimes.com\/st-jean-de-maurienne\/se-divertir\/#webpage\",\"url\":\"https:\/\/www.montagnicimes.com\/st-jean-de-maurienne\/se-divertir\/\",\"name\":\"Activit\\u00e9s \\u00e0 faire \\u00e0 Saint-Jean-de-Maurienne - St-Jean-de-Maurienne\",\"isPartOf\":{\"@id\":\"https:\/\/www.montagnicimes.com\/st-jean-de-maurienne\/#website\"},\"datePublished\":\"2021-09-24T13:13:13+00:00\",\"dateModified\":\"2024-08-30T12:53:40+00:00\",\"description\":\"A Saint-Jean-de-Maurienne, une multitude d\\u2019activit\\u00e9s vous sont propos\\u00e9es. Que vous soyez plus activit\\u00e9s sportives outdoor ou culture indoor, vous\",\"breadcrumb\":{\"@id\":\"https:\/\/www.montagnicimes.com\/st-jean-de-maurienne\/se-divertir\/#breadcrumb\"},\"inLanguage\":\"fr-FR\",\"potentialAction\":[{\"@type\":\"ReadAction\",\"target\":[\"https:\/\/www.montagnicimes.com\/st-jean-de-maurienne\/se-divertir\/\"]}]},{\"@type\":\"BreadcrumbList\",\"@id\":\"https:\/\/www.montagnicimes.com\/st-jean-de-maurienne\/se-divertir\/#breadcrumb\",\"itemListElement\":[{\"@type\":\"ListItem\",\"position\":1,\"name\":\"Accueil\",\"item\":\"https:\/\/www.montagnicimes.com\/st-jean-de-maurienne\/\"},{\"@type\":\"ListItem\",\"position\":2,\"name\":\"Activit\\u00e9s\"}]}]}<\/script>\n<!-- \/ Yoast SEO plugin. -->","yoast_head_json":{"description":"A Saint-Jean-de-Maurienne, une multitude d\u2019activit\u00e9s vous sont propos\u00e9es. Que vous soyez plus activit\u00e9s sportives outdoor ou culture indoor, vous","robots":{"index":"index","follow":"follow","max-snippet":"max-snippet:-1","max-image-preview":"max-image-preview:large","max-video-preview":"max-video-preview:-1"},"canonical":"https:\/\/www.montagnicimes.com\/st-jean-de-maurienne\/se-divertir\/","og_locale":"fr_FR","og_type":"article","og_title":"Activit\u00e9s \u00e0 faire \u00e0 Saint-Jean-de-Maurienne - St-Jean-de-Maurienne","og_description":"A Saint-Jean-de-Maurienne, une multitude d\u2019activit\u00e9s vous sont propos\u00e9es. Que vous soyez plus activit\u00e9s sportives outdoor ou culture indoor, vous","og_url":"https:\/\/www.montagnicimes.com\/st-jean-de-maurienne\/se-divertir\/","og_site_name":"St-Jean-de-Maurienne","article_modified_time":"2024-08-30T12:53:40+00:00","twitter_card":"summary_large_image","twitter_misc":{"Dur\u00e9e de lecture estim\u00e9e":"1 minute"},"schema":{"@context":"https:\/\/schema.org","@graph":[{"@type":"WebSite","@id":"https:\/\/www.montagnicimes.com\/st-jean-de-maurienne\/#website","url":"https:\/\/www.montagnicimes.com\/st-jean-de-maurienne\/","name":"St-Jean-de-Maurienne","description":"Office de tourisme Montagnicimes - Saint-Jean-de-Maurienne","potentialAction":[{"@type":"SearchAction","target":{"@type":"EntryPoint","urlTemplate":"https:\/\/www.montagnicimes.com\/st-jean-de-maurienne\/?s={search_term_string}"},"query-input":"required name=search_term_string"}],"inLanguage":"fr-FR"},{"@type":"WebPage","@id":"https:\/\/www.montagnicimes.com\/st-jean-de-maurienne\/se-divertir\/#webpage","url":"https:\/\/www.montagnicimes.com\/st-jean-de-maurienne\/se-divertir\/","name":"Activit\u00e9s \u00e0 faire \u00e0 Saint-Jean-de-Maurienne - St-Jean-de-Maurienne","isPartOf":{"@id":"https:\/\/www.montagnicimes.com\/st-jean-de-maurienne\/#website"},"datePublished":"2021-09-24T13:13:13+00:00","dateModified":"2024-08-30T12:53:40+00:00","description":"A Saint-Jean-de-Maurienne, une multitude d\u2019activit\u00e9s vous sont propos\u00e9es. Que vous soyez plus activit\u00e9s sportives outdoor ou culture indoor, vous","breadcrumb":{"@id":"https:\/\/www.montagnicimes.com\/st-jean-de-maurienne\/se-divertir\/#breadcrumb"},"inLanguage":"fr-FR","potentialAction":[{"@type":"ReadAction","target":["https:\/\/www.montagnicimes.com\/st-jean-de-maurienne\/se-divertir\/"]}]},{"@type":"BreadcrumbList","@id":"https:\/\/www.montagnicimes.com\/st-jean-de-maurienne\/se-divertir\/#breadcrumb","itemListElement":[{"@type":"ListItem","position":1,"name":"Accueil","item":"https:\/\/www.montagnicimes.com\/st-jean-de-maurienne\/"},{"@type":"ListItem","position":2,"name":"Activit\u00e9s"}]}]}},"_links":{"self":[{"href":"https:\/\/www.montagnicimes.com\/st-jean-de-maurienne\/wp-json\/wp\/v2\/pages\/7590"}],"collection":[{"href":"https:\/\/www.montagnicimes.com\/st-jean-de-maurienne\/wp-json\/wp\/v2\/pages"}],"about":[{"href":"https:\/\/www.montagnicimes.com\/st-jean-de-maurienne\/wp-json\/wp\/v2\/types\/page"}],"author":[{"embeddable":true,"href":"https:\/\/www.montagnicimes.com\/st-jean-de-maurienne\/wp-json\/wp\/v2\/users\/1"}],"replies":[{"embeddable":true,"href":"https:\/\/www.montagnicimes.com\/st-jean-de-maurienne\/wp-json\/wp\/v2\/comments?post=7590"}],"version-history":[{"count":4,"href":"https:\/\/www.montagnicimes.com\/st-jean-de-maurienne\/wp-json\/wp\/v2\/pages\/7590\/revisions"}],"predecessor-version":[{"id":12850,"href":"https:\/\/www.montagnicimes.com\/st-jean-de-maurienne\/wp-json\/wp\/v2\/pages\/7590\/revisions\/12850"}],"wp:attachment":[{"href":"https:\/\/www.montagnicimes.com\/st-jean-de-maurienne\/wp-json\/wp\/v2\/media?parent=7590"}],"wp:term":[{"taxonomy":"post_tag","embeddable":true,"href":"https:\/\/www.montagnicimes.com\/st-jean-de-maurienne\/wp-json\/wp\/v2\/post_tag?post=7590"}],"curies":[{"name":"wp","href":"https:\/\/api.w.org\/{rel}","templated":true}]}}