{"id":7588,"date":"2021-09-24T15:13:12","date_gmt":"2021-09-24T13:13:11","guid":{"rendered":"https:\/\/www.montagnicimes.com\/st-jean-de-maurienne\/les-cols\/"},"modified":"2021-11-24T22:22:18","modified_gmt":"2021-11-24T21:22:18","slug":"nos-cols-mythiques","status":"publish","type":"page","link":"https:\/\/www.montagnicimes.com\/st-jean-de-maurienne\/decouvrir\/nos-cols-mythiques\/","title":{"rendered":"Nos cols mythiques"},"content":{"rendered":"\n<p class=\"is-style-excerpt\">Vous en avez d\u00e9j\u00e0 sans doute entendu parl\u00e9, la Maurienne est le plus grand domaine cyclable du monde et Saint-Jean-de-Maurienne en est le centre. En voiture, \u00e0 pied ou \u00e0 v\u00e9lo, venez grimper nos cols mythiques.<\/p>\n\n\n\n<div class=\"wp-block-media-text alignfull is-stacked-on-mobile is-image-fill\"><figure class=\"wp-block-media-text__media\" style=\"background-image:url(https:\/\/www.montagnicimes.com\/st-jean-de-maurienne\/wp-content\/uploads\/sites\/4\/2021\/10\/Randonnees-col-du-chaussy.jpg);background-position:50% 50%\"><img loading=\"lazy\" width=\"799\" height=\"533\" data-src=\"https:\/\/www.montagnicimes.com\/st-jean-de-maurienne\/wp-content\/uploads\/sites\/4\/2021\/10\/Randonnees-col-du-chaussy.jpg\" alt=\"Col du chaussy\" class=\"wp-image-8346 size-full\" data-srcset=\"https:\/\/www.montagnicimes.com\/st-jean-de-maurienne\/wp-content\/uploads\/sites\/4\/2021\/10\/Randonnees-col-du-chaussy.jpg 799w, https:\/\/www.montagnicimes.com\/st-jean-de-maurienne\/wp-content\/uploads\/sites\/4\/2021\/10\/Randonnees-col-du-chaussy-600x400.jpg 600w, https:\/\/www.montagnicimes.com\/st-jean-de-maurienne\/wp-content\/uploads\/sites\/4\/2021\/10\/Randonnees-col-du-chaussy-768x512.jpg 768w, https:\/\/www.montagnicimes.com\/st-jean-de-maurienne\/wp-content\/uploads\/sites\/4\/2021\/10\/Randonnees-col-du-chaussy-200x133.jpg 200w\" sizes=\"(max-width: 799px) 100vw, 799px\" \/><\/figure><div class=\"wp-block-media-text__content\">\n<h2>Col du Chaussy<\/h2>\n\n\n\n<p>Le col du Chaussy se situe \u00e0 1 531m d\u2019altitude dans la vall\u00e9e de la Maurienne entre Saint-Jean-de-Maurienne et la Chambre.<\/p>\n\n\n\n<p>Pr\u00e9serv\u00e9 et sauvage, il se trouve en plein c\u0153ur de l\u2019espace Nordique du Grand Coin. Ouvrez bien les yeux : c\u2019est une vue \u00e0 360 degr\u00e9s accessible \u00e0 tous qui vous est propos\u00e9e.<\/p>\n\n\n\n<p>Plein sud, les c\u00e9l\u00e8bres Aiguilles d\u2019Arves vous regardent, entour\u00e9es du Mont Charvin, du Pic blanc ainsi que du mythique Pic de l\u2019\u00c9tendard et son glacier.<\/p>\n\n\n\n<p>Au Nord, vous apercevrez le col de la Madeleine, le Bellachat, ainsi que le massif de la Lauzi\u00e8re.<\/p>\n\n\n\n<p>Venez d\u00e9guster ou rafraichissez-vous \u00e0 l\u2019Auberge du Chaussy, un lieu id\u00e9al et convivial avec une cuisine traditionnelle, pour profiter d\u2019un magnifique panorama.<\/p>\n\n\n\n<div class=\"wp-block-buttons\">\n<div class=\"wp-block-button\"><a class=\"wp-block-button__link\" href=\"https:\/\/www.montagnicimes.com\/decouvrir\/incontournables\/les-cols-mythiques\/col-du-chaussy\/\">d\u00e9couvrez le col du Chaussy<\/a><\/div>\n<\/div>\n<\/div><\/div>\n\n\n\n<hr class=\"wp-block-separator is-style-default\" \/>\n\n\n\n<h2>Col du Sapey<\/h2>\n\n\n\n<p>Le Col du Sapey se situe \u00e0 1 306m d\u2019altitude, entre Hermillon et Mont-Denis.<\/p>\n\n\n\n<p>Secret et pr\u00e9serv\u00e9, il permet de relier les petits hameaux de Montandr\u00e9 et Grenis. Son charme n\u2019est pas uniquement li\u00e9 \u00e0 son panorama, son calme relaxant et son c\u00f4t\u00e9 sauvage en font un col unique en son genre.<\/p>\n\n\n\n<p>Aux alentours du col, ou alors depuis Grenis ou Montandr\u00e9, vous aurez une vue imprenable sur les lacets du Sapey et la ville de Saint-Jean-De-Maurienne&nbsp;! Vous pourrez aussi apercevoir la Croix de Chevroti\u00e8re et le Col de la Confr\u00e9rie&nbsp;!<\/p>\n\n\n\n<p>Prenez de la hauteur face aux stations d\u2019altitude de la vall\u00e9e de l\u2019Arvan. Route de montagne peu emprunt\u00e9e et \u00e0 l\u2019ombre des arbres, cette belle boucle apaisante est \u00e0 l\u2019\u00e9cart de l\u2019agitation des gros p\u00f4les touristiques alpins.<\/p>\n\n\n\n<div class=\"wp-block-buttons\">\n<div class=\"wp-block-button\"><a class=\"wp-block-button__link\" href=\"https:\/\/www.montagnicimes.com\/decouvrir\/incontournables\/les-cols-mythiques\/col-du-sapey\/\">d\u00e9couvrez le col du sapey<\/a><\/div>\n<\/div>\n\n\n\n<hr class=\"wp-block-separator is-style-default\" \/>\n\n\n\n<div class=\"wp-block-media-text alignfull is-stacked-on-mobile is-image-fill\"><figure class=\"wp-block-media-text__media\" style=\"background-image:url(https:\/\/www.montagnicimes.com\/st-jean-de-maurienne\/wp-content\/uploads\/sites\/4\/2021\/10\/Col-du-molalrd-plan-deau.jpg);background-position:50% 50%\"><img loading=\"lazy\" width=\"799\" height=\"533\" data-src=\"https:\/\/www.montagnicimes.com\/st-jean-de-maurienne\/wp-content\/uploads\/sites\/4\/2021\/10\/Col-du-molalrd-plan-deau.jpg\" alt=\"Col du mollard\" class=\"wp-image-8348 size-full\" data-srcset=\"https:\/\/www.montagnicimes.com\/st-jean-de-maurienne\/wp-content\/uploads\/sites\/4\/2021\/10\/Col-du-molalrd-plan-deau.jpg 799w, https:\/\/www.montagnicimes.com\/st-jean-de-maurienne\/wp-content\/uploads\/sites\/4\/2021\/10\/Col-du-molalrd-plan-deau-600x400.jpg 600w, https:\/\/www.montagnicimes.com\/st-jean-de-maurienne\/wp-content\/uploads\/sites\/4\/2021\/10\/Col-du-molalrd-plan-deau-768x512.jpg 768w, https:\/\/www.montagnicimes.com\/st-jean-de-maurienne\/wp-content\/uploads\/sites\/4\/2021\/10\/Col-du-molalrd-plan-deau-200x133.jpg 200w\" sizes=\"(max-width: 799px) 100vw, 799px\" \/><\/figure><div class=\"wp-block-media-text__content\">\n<h2>Col du Mollard<\/h2>\n\n\n\n<p>Le col du Mollard, \u00e0 1 638m d\u2019altitude, se situe en plein c\u0153ur du village d\u2019Albiez-Montrond, au-dessus du chef-lieu, au Mollard.<\/p>\n\n\n\n<p>Accessible et d\u00e9paysant, il fait partie int\u00e9grante du domaine skiable d\u2019Albiez-Montrond. Il vous offrira une vue panoramique \u00e0 couper le souffle !<\/p>\n\n\n\n<p>En prenant un peu de hauteur \u00e0 l\u2019Est, vous aurez une vue imprenable sur la pointe Emy. En suivant du regard cette ligne de cr\u00eate jusqu\u2019au sud, vous tomberez nez \u00e0 nez avec le tr\u00e9sor de ce coin de paradis, les fameuses Aiguilles d\u2019Arves ! Au nord, vous pourrez apercevoir le Grand Coin et le Col du Chaussy.<\/p>\n\n\n\n<p>Envie de fraicheur ? Ce col vous donnera acc\u00e8s au plan d\u2019eau du Mollard, id\u00e9al pour se rafraichir en plein \u00e9t\u00e9.<\/p>\n\n\n\n<div class=\"wp-block-buttons\">\n<div class=\"wp-block-button\"><a class=\"wp-block-button__link\" href=\"https:\/\/www.montagnicimes.com\/decouvrir\/incontournables\/les-cols-mythiques\/col-du-mollard\/\">d\u00e9couvrez le col du mollard<\/a><\/div>\n<\/div>\n<\/div><\/div>\n\n\n\n<hr class=\"wp-block-separator is-style-default\" \/>\n\n\n\n<h2>Col de la Confr\u00e9rie<\/h2>\n\n\n\n<p>Le col de la Confr\u00e9rie se situe \u00e0 1348m d\u2019altitude entre Villargondran et Albiez-Le-Jeune. Il est notamment un des acc\u00e8s de la station d\u2019Albiez-Montrond.<\/p>\n\n\n\n<p>Situ\u00e9 au nord des deux Albiez, il saura vous s\u00e9duire avec son panorama 360\u00b0 facilement&nbsp;accessible ! Vous aurez l\u2019occasion de d\u00e9couvrir une bonne partie de notre vall\u00e9e.<\/p>\n\n\n\n<p>Au Nord, une vue imprenable sur la Croix des T\u00eates, plus grande falaise calcaire d\u2019Europe ainsi que le Grand Coin. A l\u2019Est, le Mont Tissot, premi\u00e8re approche de ce cirque menant au pied des Aiguilles d\u2019Arves, embl\u00e8me de notre territoire. Au Sud-Ouest, vous pourrez apercevoir le Mont Charvin.<\/p>\n\n\n\n<div class=\"wp-block-buttons\">\n<div class=\"wp-block-button\"><a class=\"wp-block-button__link\" href=\"https:\/\/www.montagnicimes.com\/decouvrir\/incontournables\/les-cols-mythiques\/col-de-la-confrerie\/\">d\u00e9couvrez le col de la confr\u00e9rie<\/a><\/div>\n<\/div>\n\n\n\n<hr class=\"wp-block-separator is-style-default\" \/>\n\n\n\n<div class=\"wp-block-media-text alignfull is-stacked-on-mobile is-image-fill\"><figure class=\"wp-block-media-text__media\" style=\"background-image:url(https:\/\/www.montagnicimes.com\/st-jean-de-maurienne\/wp-content\/uploads\/sites\/4\/2021\/10\/Col-de-la-Croix-de-Fer-P.-Dompnier-1.jpg);background-position:50% 50%\"><img loading=\"lazy\" width=\"800\" height=\"533\" data-src=\"https:\/\/www.montagnicimes.com\/st-jean-de-maurienne\/wp-content\/uploads\/sites\/4\/2021\/10\/Col-de-la-Croix-de-Fer-P.-Dompnier-1.jpg\" alt=\"Col de la croix de fer\" class=\"wp-image-8353 size-full\" data-srcset=\"https:\/\/www.montagnicimes.com\/st-jean-de-maurienne\/wp-content\/uploads\/sites\/4\/2021\/10\/Col-de-la-Croix-de-Fer-P.-Dompnier-1.jpg 800w, https:\/\/www.montagnicimes.com\/st-jean-de-maurienne\/wp-content\/uploads\/sites\/4\/2021\/10\/Col-de-la-Croix-de-Fer-P.-Dompnier-1-600x400.jpg 600w, https:\/\/www.montagnicimes.com\/st-jean-de-maurienne\/wp-content\/uploads\/sites\/4\/2021\/10\/Col-de-la-Croix-de-Fer-P.-Dompnier-1-768x512.jpg 768w, https:\/\/www.montagnicimes.com\/st-jean-de-maurienne\/wp-content\/uploads\/sites\/4\/2021\/10\/Col-de-la-Croix-de-Fer-P.-Dompnier-1-200x133.jpg 200w\" sizes=\"(max-width: 800px) 100vw, 800px\" \/><\/figure><div class=\"wp-block-media-text__content\">\n<h2>Col de la Croix de Fer<\/h2>\n\n\n\n<p>Le Col de la Croix de Fer est perch\u00e9 \u00e0 une altitude de 2 064m. Depuis Bourg d\u2019Oisans, vous remonterez cette superbe vall\u00e9e le long d\u2019Oz en Oisans et du lac de Grand Maison en passant par le bel \u00e9difice du barrage Verney. Depuis le Col du Glandon et la Vall\u00e9e des Villards, c\u2019est une tout autre ambiance qui vous sera propos\u00e9e en longeant le massif de Belledonne et la station de Saint Colomban des Villards, une des six stations du domaine des Sybelles.<\/p>\n\n\n\n<p>Enfin, au d\u00e9part de Saint-Jean-de-Maurienne, la mont\u00e9e en lacets depuis Saint-Jean-d\u2019Arves et Saint-Sorlin-d\u2019Arves, vous fera traverser de charmants hameaux alpins avant de passer devant les Lacs Laitelet et Guichard.<\/p>\n\n\n\n<p>Ces sympathiques petits lacs de baignade, aussi propices \u00e0 une session de p\u00eache en altitude qu\u2019\u00e0 un moment de douceur, seront un lieu de calme et de s\u00e9r\u00e9nit\u00e9 face aux montagnes.<\/p>\n\n\n\n<div class=\"wp-block-buttons\">\n<div class=\"wp-block-button\"><a class=\"wp-block-button__link\" href=\"https:\/\/www.montagnicimes.com\/decouvrir\/incontournables\/les-cols-mythiques\/col-de-la-croix-de-fer\/\">d\u00e9couvrez le col de la croix de fer<\/a><\/div>\n<\/div>\n<\/div><\/div>\n\n\n\n<hr class=\"wp-block-separator is-style-default\" \/>\n\n\n\n<h2>Col du Glandon<\/h2>\n\n\n\n<p>Depuis La Chambre et Saint-Etienne-de-Cuines, vous remonterez le long de la vall\u00e9e des Villards pour longer la discr\u00e8te station d\u2019altitude de Saint-Colomban-des-Villards et son environnement encore bien pr\u00e9serv\u00e9. Le torrent du Glandon, qui vous accompagnera pour une grande partie de votre mont\u00e9e, vous apportera une dose de fra\u00eecheur et de douceur entre vallons bois\u00e9s et alpages d\u2019altitudes.<\/p>\n\n\n\n<p>Dans une tout autre ambiance, au d\u00e9part d\u2019Allemond, vous traverserez de typiques hameaux alpins, passerez devant l\u2019imposant barrage du Verney pour enfin acc\u00e9der \u00e0 la mythique vall\u00e9e d\u2019Olle o\u00f9 les eaux du lac de Grand Maison \u00e9blouissent les sommets du massif des Grandes Rousses.<\/p>\n\n\n\n<div class=\"wp-block-buttons\">\n<div class=\"wp-block-button\"><a class=\"wp-block-button__link\" href=\"https:\/\/www.montagnicimes.com\/decouvrir\/incontournables\/les-cols-mythiques\/col-du-glandon\/\">d\u00e9couvrez le col du glandon<\/a><\/div>\n<\/div>\n","protected":false},"excerpt":{"rendered":"<p>Vous en avez d\u00e9j\u00e0 sans doute entendu parl\u00e9, la Maurienne est le plus grand domaine cyclable du monde et Saint-Jean-de-Maurienne en est le centre. En voiture, \u00e0 pied ou \u00e0 v\u00e9lo, venez grimper nos cols mythiques. Col du Sapey Le Col du Sapey se situe \u00e0 1 306m d\u2019altitude, entre Hermillon et Mont-Denis. Secret et [&hellip;]<\/p>\n","protected":false},"author":1,"featured_media":7421,"parent":7571,"menu_order":3,"comment_status":"closed","ping_status":"closed","template":"","meta":{"_relevanssi_hide_post":"","_relevanssi_pin_for_all":"","_relevanssi_pin_keywords":"","_relevanssi_unpin_keywords":"","_relevanssi_related_keywords":"","_relevanssi_related_include_ids":"","_relevanssi_related_exclude_ids":"","_relevanssi_related_no_append":"","_relevanssi_related_not_related":"","_relevanssi_related_posts":"489,493,491","_relevanssi_noindex_reason":""},"post_tag":[],"acf":[],"yoast_head":"<!-- This site is optimized with the Yoast SEO plugin v17.6 - https:\/\/yoast.com\/wordpress\/plugins\/seo\/ -->\n<meta name=\"description\" content=\"Vous en avez d\u00e9j\u00e0 sans doute entendu parl\u00e9, la Maurienne est le plus grand domaine cyclable du monde et Saint-Jean-de-Maurienne en est le centre. En\" \/>\n<meta name=\"robots\" content=\"index, follow, max-snippet:-1, max-image-preview:large, max-video-preview:-1\" \/>\n<link rel=\"canonical\" href=\"https:\/\/www.montagnicimes.com\/st-jean-de-maurienne\/decouvrir\/nos-cols-mythiques\/\" \/>\n<meta property=\"og:locale\" content=\"fr_FR\" \/>\n<meta property=\"og:type\" content=\"article\" \/>\n<meta property=\"og:title\" content=\"Nos cols mythiques \u00e0 faire en v\u00e9lo \u00e0 Saint-Jean-de-Maurienne\" \/>\n<meta property=\"og:description\" content=\"Vous en avez d\u00e9j\u00e0 sans doute entendu parl\u00e9, la Maurienne est le plus grand domaine cyclable du monde et Saint-Jean-de-Maurienne en est le centre. En\" \/>\n<meta property=\"og:url\" content=\"https:\/\/www.montagnicimes.com\/st-jean-de-maurienne\/decouvrir\/nos-cols-mythiques\/\" \/>\n<meta property=\"og:site_name\" content=\"St-Jean-de-Maurienne\" \/>\n<meta property=\"article:modified_time\" content=\"2021-11-24T21:22:18+00:00\" \/>\n<meta property=\"og:image\" content=\"https:\/\/www.montagnicimes.com\/st-jean-de-maurienne\/wp-content\/uploads\/sites\/4\/2021\/09\/Sapey-Maurienne-Tourisme2-min.jpg\" \/>\n\t<meta property=\"og:image:width\" content=\"1920\" \/>\n\t<meta property=\"og:image:height\" content=\"1280\" \/>\n<meta name=\"twitter:card\" content=\"summary_large_image\" \/>\n<meta name=\"twitter:label1\" content=\"Dur\u00e9e de lecture estim\u00e9e\" \/>\n\t<meta name=\"twitter:data1\" content=\"5 minutes\" \/>\n<script type=\"application\/ld+json\" class=\"yoast-schema-graph\">{\"@context\":\"https:\/\/schema.org\",\"@graph\":[{\"@type\":\"WebSite\",\"@id\":\"https:\/\/www.montagnicimes.com\/st-jean-de-maurienne\/#website\",\"url\":\"https:\/\/www.montagnicimes.com\/st-jean-de-maurienne\/\",\"name\":\"St-Jean-de-Maurienne\",\"description\":\"Office de tourisme Montagnicimes - Saint-Jean-de-Maurienne\",\"potentialAction\":[{\"@type\":\"SearchAction\",\"target\":{\"@type\":\"EntryPoint\",\"urlTemplate\":\"https:\/\/www.montagnicimes.com\/st-jean-de-maurienne\/?s={search_term_string}\"},\"query-input\":\"required name=search_term_string\"}],\"inLanguage\":\"fr-FR\"},{\"@type\":\"ImageObject\",\"@id\":\"https:\/\/www.montagnicimes.com\/st-jean-de-maurienne\/decouvrir\/nos-cols-mythiques\/#primaryimage\",\"inLanguage\":\"fr-FR\",\"url\":\"https:\/\/www.montagnicimes.com\/st-jean-de-maurienne\/wp-content\/uploads\/sites\/4\/2021\/09\/Sapey-Maurienne-Tourisme2-min.jpg\",\"contentUrl\":\"https:\/\/www.montagnicimes.com\/st-jean-de-maurienne\/wp-content\/uploads\/sites\/4\/2021\/09\/Sapey-Maurienne-Tourisme2-min.jpg\",\"width\":1920,\"height\":1280,\"caption\":\"Mont\\u00e9e col du Sapey\"},{\"@type\":\"WebPage\",\"@id\":\"https:\/\/www.montagnicimes.com\/st-jean-de-maurienne\/decouvrir\/nos-cols-mythiques\/#webpage\",\"url\":\"https:\/\/www.montagnicimes.com\/st-jean-de-maurienne\/decouvrir\/nos-cols-mythiques\/\",\"name\":\"Nos cols mythiques \\u00e0 faire en v\\u00e9lo \\u00e0 Saint-Jean-de-Maurienne\",\"isPartOf\":{\"@id\":\"https:\/\/www.montagnicimes.com\/st-jean-de-maurienne\/#website\"},\"primaryImageOfPage\":{\"@id\":\"https:\/\/www.montagnicimes.com\/st-jean-de-maurienne\/decouvrir\/nos-cols-mythiques\/#primaryimage\"},\"datePublished\":\"2021-09-24T13:13:11+00:00\",\"dateModified\":\"2021-11-24T21:22:18+00:00\",\"description\":\"Vous en avez d\\u00e9j\\u00e0 sans doute entendu parl\\u00e9, la Maurienne est le plus grand domaine cyclable du monde et Saint-Jean-de-Maurienne en est le centre. En\",\"breadcrumb\":{\"@id\":\"https:\/\/www.montagnicimes.com\/st-jean-de-maurienne\/decouvrir\/nos-cols-mythiques\/#breadcrumb\"},\"inLanguage\":\"fr-FR\",\"potentialAction\":[{\"@type\":\"ReadAction\",\"target\":[\"https:\/\/www.montagnicimes.com\/st-jean-de-maurienne\/decouvrir\/nos-cols-mythiques\/\"]}]},{\"@type\":\"BreadcrumbList\",\"@id\":\"https:\/\/www.montagnicimes.com\/st-jean-de-maurienne\/decouvrir\/nos-cols-mythiques\/#breadcrumb\",\"itemListElement\":[{\"@type\":\"ListItem\",\"position\":1,\"name\":\"Accueil\",\"item\":\"https:\/\/www.montagnicimes.com\/st-jean-de-maurienne\/\"},{\"@type\":\"ListItem\",\"position\":2,\"name\":\"D\\u00e9couvrir\",\"item\":\"https:\/\/www.montagnicimes.com\/st-jean-de-maurienne\/decouvrir\/\"},{\"@type\":\"ListItem\",\"position\":3,\"name\":\"Nos cols mythiques\"}]}]}<\/script>\n<!-- \/ Yoast SEO plugin. -->","yoast_head_json":{"description":"Vous en avez d\u00e9j\u00e0 sans doute entendu parl\u00e9, la Maurienne est le plus grand domaine cyclable du monde et Saint-Jean-de-Maurienne en est le centre. En","robots":{"index":"index","follow":"follow","max-snippet":"max-snippet:-1","max-image-preview":"max-image-preview:large","max-video-preview":"max-video-preview:-1"},"canonical":"https:\/\/www.montagnicimes.com\/st-jean-de-maurienne\/decouvrir\/nos-cols-mythiques\/","og_locale":"fr_FR","og_type":"article","og_title":"Nos cols mythiques \u00e0 faire en v\u00e9lo \u00e0 Saint-Jean-de-Maurienne","og_description":"Vous en avez d\u00e9j\u00e0 sans doute entendu parl\u00e9, la Maurienne est le plus grand domaine cyclable du monde et Saint-Jean-de-Maurienne en est le centre. En","og_url":"https:\/\/www.montagnicimes.com\/st-jean-de-maurienne\/decouvrir\/nos-cols-mythiques\/","og_site_name":"St-Jean-de-Maurienne","article_modified_time":"2021-11-24T21:22:18+00:00","og_image":[{"width":1920,"height":1280,"url":"https:\/\/www.montagnicimes.com\/st-jean-de-maurienne\/wp-content\/uploads\/sites\/4\/2021\/09\/Sapey-Maurienne-Tourisme2-min.jpg","type":"image\/jpeg"}],"twitter_card":"summary_large_image","twitter_misc":{"Dur\u00e9e de lecture estim\u00e9e":"5 minutes"},"schema":{"@context":"https:\/\/schema.org","@graph":[{"@type":"WebSite","@id":"https:\/\/www.montagnicimes.com\/st-jean-de-maurienne\/#website","url":"https:\/\/www.montagnicimes.com\/st-jean-de-maurienne\/","name":"St-Jean-de-Maurienne","description":"Office de tourisme Montagnicimes - Saint-Jean-de-Maurienne","potentialAction":[{"@type":"SearchAction","target":{"@type":"EntryPoint","urlTemplate":"https:\/\/www.montagnicimes.com\/st-jean-de-maurienne\/?s={search_term_string}"},"query-input":"required name=search_term_string"}],"inLanguage":"fr-FR"},{"@type":"ImageObject","@id":"https:\/\/www.montagnicimes.com\/st-jean-de-maurienne\/decouvrir\/nos-cols-mythiques\/#primaryimage","inLanguage":"fr-FR","url":"https:\/\/www.montagnicimes.com\/st-jean-de-maurienne\/wp-content\/uploads\/sites\/4\/2021\/09\/Sapey-Maurienne-Tourisme2-min.jpg","contentUrl":"https:\/\/www.montagnicimes.com\/st-jean-de-maurienne\/wp-content\/uploads\/sites\/4\/2021\/09\/Sapey-Maurienne-Tourisme2-min.jpg","width":1920,"height":1280,"caption":"Mont\u00e9e col du Sapey"},{"@type":"WebPage","@id":"https:\/\/www.montagnicimes.com\/st-jean-de-maurienne\/decouvrir\/nos-cols-mythiques\/#webpage","url":"https:\/\/www.montagnicimes.com\/st-jean-de-maurienne\/decouvrir\/nos-cols-mythiques\/","name":"Nos cols mythiques \u00e0 faire en v\u00e9lo \u00e0 Saint-Jean-de-Maurienne","isPartOf":{"@id":"https:\/\/www.montagnicimes.com\/st-jean-de-maurienne\/#website"},"primaryImageOfPage":{"@id":"https:\/\/www.montagnicimes.com\/st-jean-de-maurienne\/decouvrir\/nos-cols-mythiques\/#primaryimage"},"datePublished":"2021-09-24T13:13:11+00:00","dateModified":"2021-11-24T21:22:18+00:00","description":"Vous en avez d\u00e9j\u00e0 sans doute entendu parl\u00e9, la Maurienne est le plus grand domaine cyclable du monde et Saint-Jean-de-Maurienne en est le centre. En","breadcrumb":{"@id":"https:\/\/www.montagnicimes.com\/st-jean-de-maurienne\/decouvrir\/nos-cols-mythiques\/#breadcrumb"},"inLanguage":"fr-FR","potentialAction":[{"@type":"ReadAction","target":["https:\/\/www.montagnicimes.com\/st-jean-de-maurienne\/decouvrir\/nos-cols-mythiques\/"]}]},{"@type":"BreadcrumbList","@id":"https:\/\/www.montagnicimes.com\/st-jean-de-maurienne\/decouvrir\/nos-cols-mythiques\/#breadcrumb","itemListElement":[{"@type":"ListItem","position":1,"name":"Accueil","item":"https:\/\/www.montagnicimes.com\/st-jean-de-maurienne\/"},{"@type":"ListItem","position":2,"name":"D\u00e9couvrir","item":"https:\/\/www.montagnicimes.com\/st-jean-de-maurienne\/decouvrir\/"},{"@type":"ListItem","position":3,"name":"Nos cols mythiques"}]}]}},"_links":{"self":[{"href":"https:\/\/www.montagnicimes.com\/st-jean-de-maurienne\/wp-json\/wp\/v2\/pages\/7588"}],"collection":[{"href":"https:\/\/www.montagnicimes.com\/st-jean-de-maurienne\/wp-json\/wp\/v2\/pages"}],"about":[{"href":"https:\/\/www.montagnicimes.com\/st-jean-de-maurienne\/wp-json\/wp\/v2\/types\/page"}],"author":[{"embeddable":true,"href":"https:\/\/www.montagnicimes.com\/st-jean-de-maurienne\/wp-json\/wp\/v2\/users\/1"}],"replies":[{"embeddable":true,"href":"https:\/\/www.montagnicimes.com\/st-jean-de-maurienne\/wp-json\/wp\/v2\/comments?post=7588"}],"version-history":[{"count":11,"href":"https:\/\/www.montagnicimes.com\/st-jean-de-maurienne\/wp-json\/wp\/v2\/pages\/7588\/revisions"}],"predecessor-version":[{"id":9219,"href":"https:\/\/www.montagnicimes.com\/st-jean-de-maurienne\/wp-json\/wp\/v2\/pages\/7588\/revisions\/9219"}],"up":[{"embeddable":true,"href":"https:\/\/www.montagnicimes.com\/st-jean-de-maurienne\/wp-json\/wp\/v2\/pages\/7571"}],"wp:featuredmedia":[{"embeddable":true,"href":"https:\/\/www.montagnicimes.com\/st-jean-de-maurienne\/wp-json\/wp\/v2\/media\/7421"}],"wp:attachment":[{"href":"https:\/\/www.montagnicimes.com\/st-jean-de-maurienne\/wp-json\/wp\/v2\/media?parent=7588"}],"wp:term":[{"taxonomy":"post_tag","embeddable":true,"href":"https:\/\/www.montagnicimes.com\/st-jean-de-maurienne\/wp-json\/wp\/v2\/post_tag?post=7588"}],"curies":[{"name":"wp","href":"https:\/\/api.w.org\/{rel}","templated":true}]}}