{"id":7582,"date":"2021-09-24T15:13:06","date_gmt":"2021-09-24T13:13:06","guid":{"rendered":"https:\/\/www.montagnicimes.com\/st-jean-de-maurienne\/la-route-de-lopinel\/"},"modified":"2021-11-24T17:22:47","modified_gmt":"2021-11-24T16:22:47","slug":"la-route-de-lopinel","status":"publish","type":"page","link":"https:\/\/www.montagnicimes.com\/st-jean-de-maurienne\/decouvrir\/incontournables\/lopinel\/la-route-de-lopinel\/","title":{"rendered":"La route de l&rsquo;Opinel"},"content":{"rendered":"\n<h2 class=\"has-text-align-left\"><strong>Venez d\u00e9couvrir la nouveaut\u00e9 Opinel !<\/strong><\/h2>\n\n\n\n<p>Objet mythique de Saint Jean de Maurienne, ce petit couteau de poche <em>\u00ab\u00a0Made In France\u00a0\u00bb<\/em> n\u2019a pas vu le jour dans cette ville. Un manche en bois, une lame en inox, une bague de s\u00e9curit\u00e9, mais quel est son histoire ? Pour en savoir plus sur le berceau de l\u2019Opinel, il faut longer la vall\u00e9e de l\u2019Arvan en se d\u00e9pla\u00e7ant au Sud-Ouest de la ville.<\/p>\n\n\n\n<p>N\u2019h\u00e9sitez pas \u00e0 venir faire la route de l\u2019Opinel&nbsp;! Depuis l\u2019\u00e9t\u00e9 2021, un circuit d\u00e9couverte a \u00e9t\u00e9 mis en place en plein c\u0153ur de la vall\u00e9e. Pour les plus motiv\u00e9s, elle est aussi faisable \u00e0 v\u00e9lo !<\/p>\n\n\n\n<p>Joseph Opinel, petit-fils de Victor-Am\u00e9d\u00e9e Opinel a mis au point le tout premier Opinel dans l\u2019atelier familial \u00e0 G\u00e9voudaz, un hameau d\u2019Albiez. Ce n\u2019est que plus tard que la fabrique se d\u00e9localisera \u00e0 Saint Jean de Maurienne, puis \u00e0 Chamb\u00e9ry.<\/p>\n\n\n\n<figure class=\"wp-block-image size-large\"><img data-src=\"https:\/\/www.montagnicimes.com\/wp-content\/uploads\/2021\/10\/Carte-de-La-Route-de-lOpinel-@-Thomas-Lemot-2-1200x1012.jpg\" alt=\"carte de la route de l'opinel\" class=\"wp-image-7931\" \/><\/figure>\n\n\n\n<h2><strong>Et c&rsquo;est parti&nbsp;!<\/strong><\/h2>\n\n\n\n<p>Le mus\u00e9e de l\u2019Opinel est le point de d\u00e9part de cette route. Il permet de d\u00e9couvrir l\u2019histoire de ce petit objet \u00e9tonnant. D\u00e9couvrez comment il \u00e9tait fabriqu\u00e9 \u00e0 l\u2019\u00e9poque.<\/p>\n\n\n\n<h3><strong>Le fameux rond-point Opinel :<\/strong><\/h3>\n\n\n\n<p>Situ\u00e9 \u00e0 la sortie de Saint-Jean-de-Maurienne, dans la direction de la vall\u00e9e de l\u2019Arvan, ce rond-point est en r\u00e9alit\u00e9 un des plus gros Opinel au monde avec une longueur de 3m87. La structure et l\u2019habillage du manche de l\u2019Opinel est en aluminium. La lame quant \u00e0 elle, est en acier inoxydable poli. En vous approchant un peu plus pr\u00e8s de cette structure, vous pourrez lire l\u2019histoire de cette \u0153uvre.<\/p>\n\n\n\n<h3><strong>LE plus gros Opinel au monde !<\/strong><\/h3>\n\n\n\n<p>Situ\u00e9 dans le <a href=\"https:\/\/www.montagnicimes.com\/equipement\/skate-park\/\">skate-park<\/a> de Saint Jean de Maurienne, projet parrain\u00e9 par Opinel, vous retrouverez le plus grand couteau Opinel au monde. La lame fait en r\u00e9alit\u00e9 2,20 m et p\u00e8se \u00e0 elle seule 480 kilos. L\u2019Opinel entier mesure 6 m\u00e8tres. Vous pourrez profiter de cet arr\u00eat pour d\u00e9couvrir la combe des moulins, un endroit au frais et au calme, id\u00e9al pendant les journ\u00e9es de canicule&nbsp;!<\/p>\n\n\n\n<div class=\"wp-block-columns\">\n<div class=\"wp-block-column\">\n<div class=\"wp-block-image\"><figure class=\"aligncenter size-full\"><img data-src=\"https:\/\/www.montagnicimes.com\/wp-content\/uploads\/2021\/10\/Le-volcanOpinel-du-skatepark-@-Alban-Pernet.jpg\" alt=\"\" class=\"wp-image-7940\" \/><figcaption>\u00a9Alban Pernet<\/figcaption><\/figure><\/div>\n<\/div>\n\n\n\n<div class=\"wp-block-column\">\n<div class=\"wp-block-image\"><figure class=\"aligncenter size-large is-resized\"><img loading=\"lazy\" data-src=\"https:\/\/www.montagnicimes.com\/wp-content\/uploads\/2021\/10\/IMG_3309-721x1200.jpg\" alt=\"\" class=\"wp-image-7941\" width=\"345\" height=\"574\" \/><figcaption>\u00a9OTIMontagnicimes<\/figcaption><\/figure><\/div>\n<\/div>\n<\/div>\n\n\n\n<h3><strong>Le hameau de G\u00e9voudaz :<\/strong><\/h3>\n\n\n\n<p>En continuant votre ascension jusqu\u2019\u00e0 <a href=\"https:\/\/www.montagnicimes.com\/albiez\/\">Albiez-Montrond<\/a>, anciennement Albiez Le Vieux, vous arriverez \u00e0 la premi\u00e8re usine de fabrication de Joseph, dans un virage en \u00e9pingle. Cette petite randonn\u00e9e (1,5 kilom\u00e8tres) vous permettra de d\u00e9couvrir en profondeur l\u2019histoire de Joseph. Tout au long du parcours, vous retrouverez divers panneaux explicatifs en lien avec la cr\u00e9ation de l\u2019Opinel aussi bien sur le plan technique comme l\u2019usinage et la fabrication que sur le plan historique ou encore social.<\/p>\n\n\n\n<p>Vous retrouverez 4 points d\u2019int\u00e9r\u00eats sur ce parcours&nbsp;:<\/p>\n\n\n\n<h4><strong>L\u2019usine du Pont&nbsp;:<\/strong><\/h4>\n\n\n\n<p>Apr\u00e8s avoir quitt\u00e9 la forge familiale, Joseph Opinel d\u00e9cida de cr\u00e9er sa propre usine au Pont de G\u00e9voudaz en 1901 afin de cr\u00e9er davantage de couteaux. C\u2019est ici qu\u2019il cr\u00e9era la premi\u00e8re machine pour r\u00e9aliser les manches de couteaux.<\/p>\n\n\n\n<h4><strong>La maison de Joseph&nbsp;:<\/strong><\/h4>\n\n\n\n<p>Joseph Opinel n\u2019a pas cr\u00e9\u00e9 de couteau sans exp\u00e9rience. N\u00e9 dans cette maison en 1872, Joseph est issu d\u2019une famille de forgerons \/ taillandiers. C\u2019est ici qu\u2019il vivra avant m\u00eame de penser aux Opinels&nbsp;!<\/p>\n\n\n\n<h4><strong>La chapelle Saint Grat&nbsp;:<\/strong><\/h4>\n\n\n\n<p>Cette chapelle d\u00e9di\u00e9e \u00e0 Saint Grat a \u00e9t\u00e9 restaur\u00e9 par les touristes, les habitants de G\u00e9voudaz mais aussi par la famille Opinel. Une petite pause culturelle avant de repartir voir Joseph&nbsp;!<\/p>\n\n\n\n<h4><strong>L&rsquo;atelier de Daniel&nbsp;:<\/strong><\/h4>\n\n\n\n<p>Vous retrouverez en contrebas l\u2019atelier familial, ayant appartenu au p\u00e8re de Daniel Opinel, Victor-Am\u00e9d\u00e9e. Daniel reprendra cet atelier suite au d\u00e9c\u00e8s de Victor-Am\u00e9d\u00e9e et deviendra un taillandier renomm\u00e9 dans la vall\u00e9e et aux alentours. C\u2019est dans cet atelier de forge que Joseph, son fils, cr\u00e9era son tout premier opinel.<\/p>\n\n\n\n<div class=\"wp-block-strate-full alignfull\">\n\n    <div class=\"wp-block-strate-full-thumbnail\">\n        <img data-src=\"https:\/\/www.montagnicimes.com\/st-jean-de-maurienne\/wp-content\/uploads\/sites\/4\/wpiris-images\/8360\/La-Chapelle-Saint-Grat-\u00a9-Marie-Lou-Cau-1-1600x900-c.jpg\" alt=\"La Chapelle Saint Grat \u00a9 Marie-Lou Cau\">\n    <\/div>\n\n\t\n        <div class=\"wp-block-strate-full-content wp-block-strate-full-content-left\">\n\t\t\t                <p class=\"wp-block-strate-full-content-excerpt\"> La Chapelle Saint-Grat <\/p>\n\t\t\t        <\/div>\n\n\t\n<\/div>\n\n\n\n<h3><strong>La place Opinel, fin de l&rsquo;aventure&#8230;<\/strong><\/h3>\n\n\n\n<p>La fin de cette route vous emm\u00e8nera au chef-lieu Albiez-Montrond, sur la place Opinel. Vous y d\u00e9couvrirez des sculptures d\u2019Opinel. Albiez-Montrond, autrefois Albiez-Le-Vieux est la commune principale de G\u00e9voudaz.<\/p>\n\n\n\n<p>C\u2019est apr\u00e8s avoir appris pleins de belles choses que vous terminerez cette route de l\u2019Opinel \u00e0 plus de 1&nbsp;500 m d\u2019altitude, dans ce petit village-station. Et si pour finir la journ\u00e9e, vous vous rendiez au plan d\u2019eau du Mollard afin d\u2019y faire un saut&nbsp;?<\/p>\n","protected":false},"excerpt":{"rendered":"<p>Venez d\u00e9couvrir la nouveaut\u00e9 Opinel ! Objet mythique de Saint Jean de Maurienne, ce petit couteau de poche \u00ab\u00a0Made In France\u00a0\u00bb n\u2019a pas vu le jour dans cette ville. Un manche en bois, une lame en inox, une bague de s\u00e9curit\u00e9, mais quel est son histoire ? Pour en savoir plus sur le berceau de [&hellip;]<\/p>\n","protected":false},"author":1,"featured_media":8321,"parent":7574,"menu_order":3,"comment_status":"closed","ping_status":"closed","template":"","meta":{"_relevanssi_hide_post":"","_relevanssi_pin_for_all":"","_relevanssi_pin_keywords":"","_relevanssi_unpin_keywords":"","_relevanssi_related_keywords":"","_relevanssi_related_include_ids":"","_relevanssi_related_exclude_ids":"","_relevanssi_related_no_append":"","_relevanssi_related_not_related":"","_relevanssi_related_posts":"489,491,493","_relevanssi_noindex_reason":""},"post_tag":[],"acf":[],"yoast_head":"<!-- This site is optimized with the Yoast SEO plugin v17.6 - https:\/\/yoast.com\/wordpress\/plugins\/seo\/ -->\n<meta name=\"description\" content=\"Venez d\u00e9couvrir la nouveaut\u00e9 Opinel ! Objet mythique de Saint Jean de Maurienne, ce petit couteau de poche &quot;Made In France&quot; n\u2019a pas vu le jour dans cette\" \/>\n<meta name=\"robots\" content=\"index, follow, max-snippet:-1, max-image-preview:large, max-video-preview:-1\" \/>\n<link rel=\"canonical\" href=\"https:\/\/www.montagnicimes.com\/decouvrir\/incontournables\/lopinel\/la-route-de-lopinel\/\" \/>\n<meta property=\"og:locale\" content=\"fr_FR\" \/>\n<meta property=\"og:type\" content=\"article\" \/>\n<meta property=\"og:title\" content=\"La route de l&#039;Opinel - St-Jean-de-Maurienne\" \/>\n<meta property=\"og:description\" content=\"Venez d\u00e9couvrir la nouveaut\u00e9 Opinel ! Objet mythique de Saint Jean de Maurienne, ce petit couteau de poche &quot;Made In France&quot; n\u2019a pas vu le jour dans cette\" \/>\n<meta property=\"og:url\" content=\"https:\/\/www.montagnicimes.com\/decouvrir\/incontournables\/lopinel\/la-route-de-lopinel\/\" \/>\n<meta property=\"og:site_name\" content=\"St-Jean-de-Maurienne\" \/>\n<meta property=\"article:modified_time\" content=\"2021-11-24T16:22:47+00:00\" \/>\n<meta property=\"og:image\" content=\"https:\/\/www.montagnicimes.com\/st-jean-de-maurienne\/wp-content\/uploads\/sites\/4\/2021\/10\/IMG_3309.jpg\" \/>\n\t<meta property=\"og:image:width\" content=\"1154\" \/>\n\t<meta property=\"og:image:height\" content=\"1920\" \/>\n<meta name=\"twitter:card\" content=\"summary_large_image\" \/>\n<meta name=\"twitter:label1\" content=\"Dur\u00e9e de lecture estim\u00e9e\" \/>\n\t<meta name=\"twitter:data1\" content=\"4 minutes\" \/>\n<script type=\"application\/ld+json\" class=\"yoast-schema-graph\">{\"@context\":\"https:\/\/schema.org\",\"@graph\":[{\"@type\":\"WebSite\",\"@id\":\"https:\/\/www.montagnicimes.com\/st-jean-de-maurienne\/#website\",\"url\":\"https:\/\/www.montagnicimes.com\/st-jean-de-maurienne\/\",\"name\":\"St-Jean-de-Maurienne\",\"description\":\"Office de tourisme Montagnicimes - Saint-Jean-de-Maurienne\",\"potentialAction\":[{\"@type\":\"SearchAction\",\"target\":{\"@type\":\"EntryPoint\",\"urlTemplate\":\"https:\/\/www.montagnicimes.com\/st-jean-de-maurienne\/?s={search_term_string}\"},\"query-input\":\"required name=search_term_string\"}],\"inLanguage\":\"fr-FR\"},{\"@type\":\"ImageObject\",\"@id\":\"https:\/\/www.montagnicimes.com\/decouvrir\/incontournables\/lopinel\/la-route-de-lopinel\/#primaryimage\",\"inLanguage\":\"fr-FR\",\"url\":\"https:\/\/www.montagnicimes.com\/st-jean-de-maurienne\/wp-content\/uploads\/sites\/4\/2021\/10\/IMG_3309.jpg\",\"contentUrl\":\"https:\/\/www.montagnicimes.com\/st-jean-de-maurienne\/wp-content\/uploads\/sites\/4\/2021\/10\/IMG_3309.jpg\",\"width\":1154,\"height\":1920,\"caption\":\"Couteau Opinel Skatepark\"},{\"@type\":\"WebPage\",\"@id\":\"https:\/\/www.montagnicimes.com\/decouvrir\/incontournables\/lopinel\/la-route-de-lopinel\/#webpage\",\"url\":\"https:\/\/www.montagnicimes.com\/decouvrir\/incontournables\/lopinel\/la-route-de-lopinel\/\",\"name\":\"La route de l'Opinel - St-Jean-de-Maurienne\",\"isPartOf\":{\"@id\":\"https:\/\/www.montagnicimes.com\/st-jean-de-maurienne\/#website\"},\"primaryImageOfPage\":{\"@id\":\"https:\/\/www.montagnicimes.com\/decouvrir\/incontournables\/lopinel\/la-route-de-lopinel\/#primaryimage\"},\"datePublished\":\"2021-09-24T13:13:06+00:00\",\"dateModified\":\"2021-11-24T16:22:47+00:00\",\"description\":\"Venez d\\u00e9couvrir la nouveaut\\u00e9 Opinel ! Objet mythique de Saint Jean de Maurienne, ce petit couteau de poche \\\"Made In France\\\" n\\u2019a pas vu le jour dans cette\",\"breadcrumb\":{\"@id\":\"https:\/\/www.montagnicimes.com\/decouvrir\/incontournables\/lopinel\/la-route-de-lopinel\/#breadcrumb\"},\"inLanguage\":\"fr-FR\",\"potentialAction\":[{\"@type\":\"ReadAction\",\"target\":[\"https:\/\/www.montagnicimes.com\/decouvrir\/incontournables\/lopinel\/la-route-de-lopinel\/\"]}]},{\"@type\":\"BreadcrumbList\",\"@id\":\"https:\/\/www.montagnicimes.com\/decouvrir\/incontournables\/lopinel\/la-route-de-lopinel\/#breadcrumb\",\"itemListElement\":[{\"@type\":\"ListItem\",\"position\":1,\"name\":\"Accueil\",\"item\":\"https:\/\/www.montagnicimes.com\/st-jean-de-maurienne\/\"},{\"@type\":\"ListItem\",\"position\":2,\"name\":\"D\\u00e9couvrir\",\"item\":\"https:\/\/www.montagnicimes.com\/st-jean-de-maurienne\/decouvrir\/\"},{\"@type\":\"ListItem\",\"position\":3,\"name\":\"Nos Incontournables\",\"item\":\"https:\/\/www.montagnicimes.com\/st-jean-de-maurienne\/decouvrir\/incontournables\/\"},{\"@type\":\"ListItem\",\"position\":4,\"name\":\"L&rsquo;Opinel\",\"item\":\"https:\/\/www.montagnicimes.com\/st-jean-de-maurienne\/decouvrir\/incontournables\/lopinel\/\"},{\"@type\":\"ListItem\",\"position\":5,\"name\":\"La route de l&rsquo;Opinel\"}]}]}<\/script>\n<!-- \/ Yoast SEO plugin. -->","yoast_head_json":{"description":"Venez d\u00e9couvrir la nouveaut\u00e9 Opinel ! Objet mythique de Saint Jean de Maurienne, ce petit couteau de poche \"Made In France\" n\u2019a pas vu le jour dans cette","robots":{"index":"index","follow":"follow","max-snippet":"max-snippet:-1","max-image-preview":"max-image-preview:large","max-video-preview":"max-video-preview:-1"},"canonical":"https:\/\/www.montagnicimes.com\/decouvrir\/incontournables\/lopinel\/la-route-de-lopinel\/","og_locale":"fr_FR","og_type":"article","og_title":"La route de l'Opinel - St-Jean-de-Maurienne","og_description":"Venez d\u00e9couvrir la nouveaut\u00e9 Opinel ! Objet mythique de Saint Jean de Maurienne, ce petit couteau de poche \"Made In France\" n\u2019a pas vu le jour dans cette","og_url":"https:\/\/www.montagnicimes.com\/decouvrir\/incontournables\/lopinel\/la-route-de-lopinel\/","og_site_name":"St-Jean-de-Maurienne","article_modified_time":"2021-11-24T16:22:47+00:00","og_image":[{"width":1154,"height":1920,"url":"https:\/\/www.montagnicimes.com\/st-jean-de-maurienne\/wp-content\/uploads\/sites\/4\/2021\/10\/IMG_3309.jpg","type":"image\/jpeg"}],"twitter_card":"summary_large_image","twitter_misc":{"Dur\u00e9e de lecture estim\u00e9e":"4 minutes"},"schema":{"@context":"https:\/\/schema.org","@graph":[{"@type":"WebSite","@id":"https:\/\/www.montagnicimes.com\/st-jean-de-maurienne\/#website","url":"https:\/\/www.montagnicimes.com\/st-jean-de-maurienne\/","name":"St-Jean-de-Maurienne","description":"Office de tourisme Montagnicimes - Saint-Jean-de-Maurienne","potentialAction":[{"@type":"SearchAction","target":{"@type":"EntryPoint","urlTemplate":"https:\/\/www.montagnicimes.com\/st-jean-de-maurienne\/?s={search_term_string}"},"query-input":"required name=search_term_string"}],"inLanguage":"fr-FR"},{"@type":"ImageObject","@id":"https:\/\/www.montagnicimes.com\/decouvrir\/incontournables\/lopinel\/la-route-de-lopinel\/#primaryimage","inLanguage":"fr-FR","url":"https:\/\/www.montagnicimes.com\/st-jean-de-maurienne\/wp-content\/uploads\/sites\/4\/2021\/10\/IMG_3309.jpg","contentUrl":"https:\/\/www.montagnicimes.com\/st-jean-de-maurienne\/wp-content\/uploads\/sites\/4\/2021\/10\/IMG_3309.jpg","width":1154,"height":1920,"caption":"Couteau Opinel Skatepark"},{"@type":"WebPage","@id":"https:\/\/www.montagnicimes.com\/decouvrir\/incontournables\/lopinel\/la-route-de-lopinel\/#webpage","url":"https:\/\/www.montagnicimes.com\/decouvrir\/incontournables\/lopinel\/la-route-de-lopinel\/","name":"La route de l'Opinel - St-Jean-de-Maurienne","isPartOf":{"@id":"https:\/\/www.montagnicimes.com\/st-jean-de-maurienne\/#website"},"primaryImageOfPage":{"@id":"https:\/\/www.montagnicimes.com\/decouvrir\/incontournables\/lopinel\/la-route-de-lopinel\/#primaryimage"},"datePublished":"2021-09-24T13:13:06+00:00","dateModified":"2021-11-24T16:22:47+00:00","description":"Venez d\u00e9couvrir la nouveaut\u00e9 Opinel ! Objet mythique de Saint Jean de Maurienne, ce petit couteau de poche \"Made In France\" n\u2019a pas vu le jour dans cette","breadcrumb":{"@id":"https:\/\/www.montagnicimes.com\/decouvrir\/incontournables\/lopinel\/la-route-de-lopinel\/#breadcrumb"},"inLanguage":"fr-FR","potentialAction":[{"@type":"ReadAction","target":["https:\/\/www.montagnicimes.com\/decouvrir\/incontournables\/lopinel\/la-route-de-lopinel\/"]}]},{"@type":"BreadcrumbList","@id":"https:\/\/www.montagnicimes.com\/decouvrir\/incontournables\/lopinel\/la-route-de-lopinel\/#breadcrumb","itemListElement":[{"@type":"ListItem","position":1,"name":"Accueil","item":"https:\/\/www.montagnicimes.com\/st-jean-de-maurienne\/"},{"@type":"ListItem","position":2,"name":"D\u00e9couvrir","item":"https:\/\/www.montagnicimes.com\/st-jean-de-maurienne\/decouvrir\/"},{"@type":"ListItem","position":3,"name":"Nos Incontournables","item":"https:\/\/www.montagnicimes.com\/st-jean-de-maurienne\/decouvrir\/incontournables\/"},{"@type":"ListItem","position":4,"name":"L&rsquo;Opinel","item":"https:\/\/www.montagnicimes.com\/st-jean-de-maurienne\/decouvrir\/incontournables\/lopinel\/"},{"@type":"ListItem","position":5,"name":"La route de l&rsquo;Opinel"}]}]}},"_links":{"self":[{"href":"https:\/\/www.montagnicimes.com\/st-jean-de-maurienne\/wp-json\/wp\/v2\/pages\/7582"}],"collection":[{"href":"https:\/\/www.montagnicimes.com\/st-jean-de-maurienne\/wp-json\/wp\/v2\/pages"}],"about":[{"href":"https:\/\/www.montagnicimes.com\/st-jean-de-maurienne\/wp-json\/wp\/v2\/types\/page"}],"author":[{"embeddable":true,"href":"https:\/\/www.montagnicimes.com\/st-jean-de-maurienne\/wp-json\/wp\/v2\/users\/1"}],"replies":[{"embeddable":true,"href":"https:\/\/www.montagnicimes.com\/st-jean-de-maurienne\/wp-json\/wp\/v2\/comments?post=7582"}],"version-history":[{"count":5,"href":"https:\/\/www.montagnicimes.com\/st-jean-de-maurienne\/wp-json\/wp\/v2\/pages\/7582\/revisions"}],"predecessor-version":[{"id":9198,"href":"https:\/\/www.montagnicimes.com\/st-jean-de-maurienne\/wp-json\/wp\/v2\/pages\/7582\/revisions\/9198"}],"up":[{"embeddable":true,"href":"https:\/\/www.montagnicimes.com\/st-jean-de-maurienne\/wp-json\/wp\/v2\/pages\/7574"}],"wp:featuredmedia":[{"embeddable":true,"href":"https:\/\/www.montagnicimes.com\/st-jean-de-maurienne\/wp-json\/wp\/v2\/media\/8321"}],"wp:attachment":[{"href":"https:\/\/www.montagnicimes.com\/st-jean-de-maurienne\/wp-json\/wp\/v2\/media?parent=7582"}],"wp:term":[{"taxonomy":"post_tag","embeddable":true,"href":"https:\/\/www.montagnicimes.com\/st-jean-de-maurienne\/wp-json\/wp\/v2\/post_tag?post=7582"}],"curies":[{"name":"wp","href":"https:\/\/api.w.org\/{rel}","templated":true}]}}