{"id":11114,"date":"2023-04-19T09:45:16","date_gmt":"2023-04-19T07:45:16","guid":{"rendered":"https:\/\/www.montagnicimes.com\/st-jean-de-maurienne\/?page_id=11114"},"modified":"2023-04-19T09:45:16","modified_gmt":"2023-04-19T07:45:16","slug":"visite-de-ferme","status":"publish","type":"page","link":"https:\/\/www.montagnicimes.com\/st-jean-de-maurienne\/sorganiser\/producteurs\/visite-de-ferme\/","title":{"rendered":"Envie de visiter une ferme ?"},"content":{"rendered":"\n<p class=\"is-style-excerpt\">Vous recherchez une ferme ou une brasserie \u00e0 visiter ? Voici la liste des producteurs qui sont susceptibles de vous ouvrir leurs portes. N\u2019h\u00e9sitez pas \u00e0 les contacter directement pour connaitre leurs disponibilit\u00e9s !<\/p>\n\n\n\n<p>Aller \u00e0 leur rencontre c\u2019est aussi aller dans un village que vous ne connaissez peut-\u00eatre pas. Profitez de cette visite pour explorer les environs\u2026 Il y aura s\u00fbrement quelque chose \u00e0 d\u00e9couvrir !<\/p>\n\n\n\n<p>Bonne visite !<\/p>\n\n\n\n    <div class=\"wp-block-wpet-aside alignfull\">\n        <div class=\"wpetList wpetList--nofilter clear\" id=\"wpetList\" data-id=\"wpet-list\" data-wpet-current-mode=\"mixte\">\n\n                        <div class=\"wpetListInfobar\">\n\n                <div class=\"wpetListNumber\">\n                    <span class=\"wpetListNumberValue\" data-id=\"wpet-list-total-offer\">1<\/span>\n                    <span class=\"wpetListNumberLabel\">r\u00e9sultat(s)<\/span>\n                <\/div>\n\n                                <div class=\"wpetListModes resultsListMode\">\n                    <ul>\n                                                <li class=\"wpetListModesItem wpetListModesItem--list\">\n                            <a data-trigger=\"wpet-mode\" href=\"#wpetList\" data-wpet-switch-mode=\"list\">\n                                <span>Liste<\/span>\n                            <\/a>\n                        <\/li>\n                        <li class=\"wpetListModesItem wpetListModesItem--map\">\n                            <a data-trigger=\"wpet-mode\" href=\"#wpetList\" data-wpet-switch-mode=\"map\">\n                                <span>Carte<\/span>\n                            <\/a>\n                        <\/li>\n                        <li class=\"wpetListModesItem wpetListModesItem--mixte\">\n                            <a data-trigger=\"wpet-mode\" href=\"#wpetList\" data-wpet-switch-mode=\"mixte\">\n                                <span>Mixte<\/span>\n                            <\/a>\n                        <\/li>\n                    <\/ul>\n                <\/div>\n            <\/div>\n\n                                        <form name=\"wpet_engine_form\"><\/form>\n            \n                        <div class=\"wpetListOffers\">\n                <div class=\"wpetListOffersList default\">\n                    <div id=\"loaderModeAjax\">\n                        <div class=\"content-loader\"><\/div>\n                    <\/div>\n\n                    \n<div class=\"wpetOffer wrapper_wpet_offer resultsListItem\" data-id=\"wpet-offer\">\n    \n    <div class=\"wpetOfferThumbnail\">\n\n                \n            <a href=\"https:\/\/www.montagnicimes.com\/st-jean-de-maurienne\/agenda\/visite-pedagogique-a-la-cime-du-rucher-rencontre-avec-une-apicultrice\/\" nofancybox>\n                <img data-src=\"https:\/\/www.montagnicimes.com\/st-jean-de-maurienne\/wp-content\/uploads\/sites\/4\/wpetourisme\/15790920-diaporama-550x385.jpg\" alt=\"Visite p\u00e9dagogique \u00c0 la cime du rucher &#8211; Rencontre avec une apicultrice\">\n            <\/a>\n                \n\t                <p class=\"wpetOfferThumbnailCount\"> 2 <\/p>\n\t    \n        \n\n                            <p class=\"wpetOfferThumbnailDate\">\n                Tous les jours            <\/p>\n        \n\t    \n        \t    \n\t    \n    <\/div>\n    \n    <div class=\"wpetOfferContainer\" data-mh>\n        \n        <div class=\"wpetOfferContainerContent\" data-trigger=\"wpet-click\">\n\n            <h2 class=\"wpetOfferContainerContentTitle\">\n                <a href=\"https:\/\/www.montagnicimes.com\/st-jean-de-maurienne\/agenda\/visite-pedagogique-a-la-cime-du-rucher-rencontre-avec-une-apicultrice\/\" data-id=\"wpet-offer-link\">Visite p\u00e9dagogique \u00c0 la cime du rucher &#8211; Rencontre avec une apicultrice<\/a>\n            <\/h2>\n\n            <div class=\"wpetOfferContainerContentMeta\">\n                                                    <span class=\"wpetOfferContainerContentMetaLocation\">Albiez-le-Jeune<\/span>\n                            <\/div>\n\n            \n                            <div class=\"wpetOfferContainerContentItinerary\">\n                                                                                                                                                                                                                    <\/div>\n            \n        <\/div>\n\n        \n                    <div class=\"wpetOfferMobile\">\n\n                <a href=\"#wpetOfferMobileList\" class=\"wpetOfferMobileButton\" data-trigger=\"wpet-offer-mobile-button\">\n                    <i class=\"fi fi-ellipsis\"><\/i>\n                <\/a>\n\n                <div class=\"wpetOfferMobileList\" data-id=\"wpet-offer-mobile-list\" id=\"wpetOfferMobileList\">\n                    <ul>\n                                                        <li class=\"wpetOfferMobileItem\">\n                                    <a href=\"mailto:&#114;es&#101;r&#118;&#97;&#116;ion&#64;a&#108;a&#99;&#105;m&#101;&#100;&#117;r&#117;&#99;he&#114;&#46;f&#114;\" target=\"_blank\" rel=\"noopener noreferrer\">\n                                        <i class=\"fi fi-mail\" aria-hidden=\"true\"><\/i>\n                                        <span class=\"sr-only\">Contacter par mail<\/span>\n                                    <\/a>\n                                <\/li>\n                            \n                                                        <li class=\"wpetOfferMobileItem\">\n                                    <a href=\"tel:06 70 01 33 35\" target=\"_blank\" rel=\"noopener noreferrer\">\n                                        <i class=\"fi fi-fixe\" aria-hidden=\"true\"><\/i>\n                                        <span class=\"sr-only\">06 70 01 33 35<\/span>\n                                    <\/a>\n                                <\/li>\n                            \n                        \n                                <li class=\"wpetOfferMobileItem\">\n                                    <a href=\"https:\/\/www.alacimedurucher.fr\/\" target=\"_blank\" rel=\"noopener noreferrer\">\n                                        <i class=\"fi fi-website\"><\/i>\n                                        <span class=\"sr-only\">Visiter le site internet<\/span>\n                                    <\/a>\n                                <\/li>\n                                                <\/ul>\n                <\/div>\n            <\/div>\n            \n    <\/div>\n<\/div>\n\n                    <div class=\"wpet_wrapper_pagination\">\n<div class=\"pagination wpet_nav_pagination\">\n    <\/div>\n<\/div>\n                <\/div>\n\n                <div class=\"wpetListOffersMap\" id=\"listingMap\">\n                    <div class=\"wpet-map\">\n                                                    <div class=\"wpet-map-filter\" data-wpet-mapsearchonmove>\n                                <input type=\"checkbox\" id=\"wpet_map_search_on_move\" data-wpet-mapsearchonmovecheckbox>\n                                <label for=\"wpet_map_search_on_move\">Rechercher quand je d\u00e9place la carte<\/label>\n                            <\/div>\n                                                <div class=\"wpet-map-loader\">\n                            <i class=\"fi fi-sync spin\"><\/i>\n                        <\/div>\n                    <\/div>\n                <\/div>\n\n            <\/div>\n\n            \n        <\/div>\n    <\/div>\n\n\n\n<div class=\"wp-block wp-block-highlight\">\n            <h3 class=\"wp-block-highlight-item wp-block-highlight-title\">Attention <\/h3>\n                <p class=\"wp-block-highlight-item wp-block-highlight-excerpt\">La charge de travail est diff\u00e9rente selon les productions et les saisons c\u2019est pourquoi chaque producteur d\u00e9cide s\u2019il peut ou non organiser une visite. De plus, certaines productions, pour des raisons de protections sanitaires ne peuvent pas en proposer.<\/p>\n    <\/div>","protected":false},"excerpt":{"rendered":"<p>Vous recherchez une ferme ou une brasserie \u00e0 visiter ? Voici la liste des producteurs qui sont susceptibles de vous ouvrir leurs portes. N\u2019h\u00e9sitez pas \u00e0 les contacter directement pour connaitre leurs disponibilit\u00e9s ! Aller \u00e0 leur rencontre c\u2019est aussi aller dans un village que vous ne connaissez peut-\u00eatre pas. Profitez de cette visite pour [&hellip;]<\/p>\n","protected":false},"author":2,"featured_media":11116,"parent":7620,"menu_order":4,"comment_status":"closed","ping_status":"closed","template":"","meta":{"_relevanssi_hide_post":"","_relevanssi_pin_for_all":"","_relevanssi_pin_keywords":"","_relevanssi_unpin_keywords":"","_relevanssi_related_keywords":"","_relevanssi_related_include_ids":"","_relevanssi_related_exclude_ids":"","_relevanssi_related_no_append":"","_relevanssi_related_not_related":"","_relevanssi_related_posts":"10765","_relevanssi_noindex_reason":""},"post_tag":[],"acf":[],"yoast_head":"<!-- This site is optimized with the Yoast SEO plugin v17.6 - https:\/\/yoast.com\/wordpress\/plugins\/seo\/ -->\n<meta name=\"description\" content=\"Vous recherchez une ferme ou une brasserie \u00e0 visiter ? Voici la liste des producteurs qui sont susceptibles de vous ouvrir leurs portes. N\u2019h\u00e9sitez pas \u00e0\" \/>\n<meta name=\"robots\" content=\"index, follow, max-snippet:-1, max-image-preview:large, max-video-preview:-1\" \/>\n<link rel=\"canonical\" href=\"https:\/\/www.montagnicimes.com\/st-jean-de-maurienne\/sorganiser\/producteurs\/visite-de-ferme\/\" \/>\n<meta property=\"og:locale\" content=\"fr_FR\" \/>\n<meta property=\"og:type\" content=\"article\" \/>\n<meta property=\"og:title\" content=\"Envie de visiter une ferme ? - St-Jean-de-Maurienne\" \/>\n<meta property=\"og:description\" content=\"Vous recherchez une ferme ou une brasserie \u00e0 visiter ? Voici la liste des producteurs qui sont susceptibles de vous ouvrir leurs portes. N\u2019h\u00e9sitez pas \u00e0\" \/>\n<meta property=\"og:url\" content=\"https:\/\/www.montagnicimes.com\/st-jean-de-maurienne\/sorganiser\/producteurs\/visite-de-ferme\/\" \/>\n<meta property=\"og:site_name\" content=\"St-Jean-de-Maurienne\" \/>\n<meta property=\"og:image\" content=\"https:\/\/www.montagnicimes.com\/st-jean-de-maurienne\/wp-content\/uploads\/sites\/4\/2023\/04\/Visite-de-ferme.jpg\" \/>\n\t<meta property=\"og:image:width\" content=\"1200\" \/>\n\t<meta property=\"og:image:height\" content=\"795\" \/>\n<meta name=\"twitter:card\" content=\"summary_large_image\" \/>\n<meta name=\"twitter:label1\" content=\"Dur\u00e9e de lecture estim\u00e9e\" \/>\n\t<meta name=\"twitter:data1\" content=\"1 minute\" \/>\n<script type=\"application\/ld+json\" class=\"yoast-schema-graph\">{\"@context\":\"https:\/\/schema.org\",\"@graph\":[{\"@type\":\"WebSite\",\"@id\":\"https:\/\/www.montagnicimes.com\/st-jean-de-maurienne\/#website\",\"url\":\"https:\/\/www.montagnicimes.com\/st-jean-de-maurienne\/\",\"name\":\"St-Jean-de-Maurienne\",\"description\":\"Office de tourisme Montagnicimes - Saint-Jean-de-Maurienne\",\"potentialAction\":[{\"@type\":\"SearchAction\",\"target\":{\"@type\":\"EntryPoint\",\"urlTemplate\":\"https:\/\/www.montagnicimes.com\/st-jean-de-maurienne\/?s={search_term_string}\"},\"query-input\":\"required name=search_term_string\"}],\"inLanguage\":\"fr-FR\"},{\"@type\":\"ImageObject\",\"@id\":\"https:\/\/www.montagnicimes.com\/st-jean-de-maurienne\/sorganiser\/producteurs\/visite-de-ferme\/#primaryimage\",\"inLanguage\":\"fr-FR\",\"url\":\"https:\/\/www.montagnicimes.com\/st-jean-de-maurienne\/wp-content\/uploads\/sites\/4\/2023\/04\/Visite-de-ferme.jpg\",\"contentUrl\":\"https:\/\/www.montagnicimes.com\/st-jean-de-maurienne\/wp-content\/uploads\/sites\/4\/2023\/04\/Visite-de-ferme.jpg\",\"width\":1200,\"height\":795,\"caption\":\"Visite de ferme\"},{\"@type\":\"WebPage\",\"@id\":\"https:\/\/www.montagnicimes.com\/st-jean-de-maurienne\/sorganiser\/producteurs\/visite-de-ferme\/#webpage\",\"url\":\"https:\/\/www.montagnicimes.com\/st-jean-de-maurienne\/sorganiser\/producteurs\/visite-de-ferme\/\",\"name\":\"Envie de visiter une ferme ? - St-Jean-de-Maurienne\",\"isPartOf\":{\"@id\":\"https:\/\/www.montagnicimes.com\/st-jean-de-maurienne\/#website\"},\"primaryImageOfPage\":{\"@id\":\"https:\/\/www.montagnicimes.com\/st-jean-de-maurienne\/sorganiser\/producteurs\/visite-de-ferme\/#primaryimage\"},\"datePublished\":\"2023-04-19T07:45:16+00:00\",\"dateModified\":\"2023-04-19T07:45:16+00:00\",\"description\":\"Vous recherchez une ferme ou une brasserie \\u00e0 visiter ? Voici la liste des producteurs qui sont susceptibles de vous ouvrir leurs portes. N\\u2019h\\u00e9sitez pas \\u00e0\",\"breadcrumb\":{\"@id\":\"https:\/\/www.montagnicimes.com\/st-jean-de-maurienne\/sorganiser\/producteurs\/visite-de-ferme\/#breadcrumb\"},\"inLanguage\":\"fr-FR\",\"potentialAction\":[{\"@type\":\"ReadAction\",\"target\":[\"https:\/\/www.montagnicimes.com\/st-jean-de-maurienne\/sorganiser\/producteurs\/visite-de-ferme\/\"]}]},{\"@type\":\"BreadcrumbList\",\"@id\":\"https:\/\/www.montagnicimes.com\/st-jean-de-maurienne\/sorganiser\/producteurs\/visite-de-ferme\/#breadcrumb\",\"itemListElement\":[{\"@type\":\"ListItem\",\"position\":1,\"name\":\"Accueil\",\"item\":\"https:\/\/www.montagnicimes.com\/st-jean-de-maurienne\/\"},{\"@type\":\"ListItem\",\"position\":2,\"name\":\"S&rsquo;organiser\",\"item\":\"https:\/\/www.montagnicimes.com\/st-jean-de-maurienne\/sorganiser\/\"},{\"@type\":\"ListItem\",\"position\":3,\"name\":\"Producteurs\",\"item\":\"https:\/\/www.montagnicimes.com\/st-jean-de-maurienne\/sorganiser\/producteurs\/\"},{\"@type\":\"ListItem\",\"position\":4,\"name\":\"Envie de visiter une ferme ?\"}]}]}<\/script>\n<!-- \/ Yoast SEO plugin. -->","yoast_head_json":{"description":"Vous recherchez une ferme ou une brasserie \u00e0 visiter ? Voici la liste des producteurs qui sont susceptibles de vous ouvrir leurs portes. N\u2019h\u00e9sitez pas \u00e0","robots":{"index":"index","follow":"follow","max-snippet":"max-snippet:-1","max-image-preview":"max-image-preview:large","max-video-preview":"max-video-preview:-1"},"canonical":"https:\/\/www.montagnicimes.com\/st-jean-de-maurienne\/sorganiser\/producteurs\/visite-de-ferme\/","og_locale":"fr_FR","og_type":"article","og_title":"Envie de visiter une ferme ? - St-Jean-de-Maurienne","og_description":"Vous recherchez une ferme ou une brasserie \u00e0 visiter ? Voici la liste des producteurs qui sont susceptibles de vous ouvrir leurs portes. N\u2019h\u00e9sitez pas \u00e0","og_url":"https:\/\/www.montagnicimes.com\/st-jean-de-maurienne\/sorganiser\/producteurs\/visite-de-ferme\/","og_site_name":"St-Jean-de-Maurienne","og_image":[{"width":1200,"height":795,"url":"https:\/\/www.montagnicimes.com\/st-jean-de-maurienne\/wp-content\/uploads\/sites\/4\/2023\/04\/Visite-de-ferme.jpg","type":"image\/jpeg"}],"twitter_card":"summary_large_image","twitter_misc":{"Dur\u00e9e de lecture estim\u00e9e":"1 minute"},"schema":{"@context":"https:\/\/schema.org","@graph":[{"@type":"WebSite","@id":"https:\/\/www.montagnicimes.com\/st-jean-de-maurienne\/#website","url":"https:\/\/www.montagnicimes.com\/st-jean-de-maurienne\/","name":"St-Jean-de-Maurienne","description":"Office de tourisme Montagnicimes - Saint-Jean-de-Maurienne","potentialAction":[{"@type":"SearchAction","target":{"@type":"EntryPoint","urlTemplate":"https:\/\/www.montagnicimes.com\/st-jean-de-maurienne\/?s={search_term_string}"},"query-input":"required name=search_term_string"}],"inLanguage":"fr-FR"},{"@type":"ImageObject","@id":"https:\/\/www.montagnicimes.com\/st-jean-de-maurienne\/sorganiser\/producteurs\/visite-de-ferme\/#primaryimage","inLanguage":"fr-FR","url":"https:\/\/www.montagnicimes.com\/st-jean-de-maurienne\/wp-content\/uploads\/sites\/4\/2023\/04\/Visite-de-ferme.jpg","contentUrl":"https:\/\/www.montagnicimes.com\/st-jean-de-maurienne\/wp-content\/uploads\/sites\/4\/2023\/04\/Visite-de-ferme.jpg","width":1200,"height":795,"caption":"Visite de ferme"},{"@type":"WebPage","@id":"https:\/\/www.montagnicimes.com\/st-jean-de-maurienne\/sorganiser\/producteurs\/visite-de-ferme\/#webpage","url":"https:\/\/www.montagnicimes.com\/st-jean-de-maurienne\/sorganiser\/producteurs\/visite-de-ferme\/","name":"Envie de visiter une ferme ? - St-Jean-de-Maurienne","isPartOf":{"@id":"https:\/\/www.montagnicimes.com\/st-jean-de-maurienne\/#website"},"primaryImageOfPage":{"@id":"https:\/\/www.montagnicimes.com\/st-jean-de-maurienne\/sorganiser\/producteurs\/visite-de-ferme\/#primaryimage"},"datePublished":"2023-04-19T07:45:16+00:00","dateModified":"2023-04-19T07:45:16+00:00","description":"Vous recherchez une ferme ou une brasserie \u00e0 visiter ? Voici la liste des producteurs qui sont susceptibles de vous ouvrir leurs portes. N\u2019h\u00e9sitez pas \u00e0","breadcrumb":{"@id":"https:\/\/www.montagnicimes.com\/st-jean-de-maurienne\/sorganiser\/producteurs\/visite-de-ferme\/#breadcrumb"},"inLanguage":"fr-FR","potentialAction":[{"@type":"ReadAction","target":["https:\/\/www.montagnicimes.com\/st-jean-de-maurienne\/sorganiser\/producteurs\/visite-de-ferme\/"]}]},{"@type":"BreadcrumbList","@id":"https:\/\/www.montagnicimes.com\/st-jean-de-maurienne\/sorganiser\/producteurs\/visite-de-ferme\/#breadcrumb","itemListElement":[{"@type":"ListItem","position":1,"name":"Accueil","item":"https:\/\/www.montagnicimes.com\/st-jean-de-maurienne\/"},{"@type":"ListItem","position":2,"name":"S&rsquo;organiser","item":"https:\/\/www.montagnicimes.com\/st-jean-de-maurienne\/sorganiser\/"},{"@type":"ListItem","position":3,"name":"Producteurs","item":"https:\/\/www.montagnicimes.com\/st-jean-de-maurienne\/sorganiser\/producteurs\/"},{"@type":"ListItem","position":4,"name":"Envie de visiter une ferme ?"}]}]}},"_links":{"self":[{"href":"https:\/\/www.montagnicimes.com\/st-jean-de-maurienne\/wp-json\/wp\/v2\/pages\/11114"}],"collection":[{"href":"https:\/\/www.montagnicimes.com\/st-jean-de-maurienne\/wp-json\/wp\/v2\/pages"}],"about":[{"href":"https:\/\/www.montagnicimes.com\/st-jean-de-maurienne\/wp-json\/wp\/v2\/types\/page"}],"author":[{"embeddable":true,"href":"https:\/\/www.montagnicimes.com\/st-jean-de-maurienne\/wp-json\/wp\/v2\/users\/2"}],"replies":[{"embeddable":true,"href":"https:\/\/www.montagnicimes.com\/st-jean-de-maurienne\/wp-json\/wp\/v2\/comments?post=11114"}],"version-history":[{"count":1,"href":"https:\/\/www.montagnicimes.com\/st-jean-de-maurienne\/wp-json\/wp\/v2\/pages\/11114\/revisions"}],"predecessor-version":[{"id":11115,"href":"https:\/\/www.montagnicimes.com\/st-jean-de-maurienne\/wp-json\/wp\/v2\/pages\/11114\/revisions\/11115"}],"up":[{"embeddable":true,"href":"https:\/\/www.montagnicimes.com\/st-jean-de-maurienne\/wp-json\/wp\/v2\/pages\/7620"}],"wp:featuredmedia":[{"embeddable":true,"href":"https:\/\/www.montagnicimes.com\/st-jean-de-maurienne\/wp-json\/wp\/v2\/media\/11116"}],"wp:attachment":[{"href":"https:\/\/www.montagnicimes.com\/st-jean-de-maurienne\/wp-json\/wp\/v2\/media?parent=11114"}],"wp:term":[{"taxonomy":"post_tag","embeddable":true,"href":"https:\/\/www.montagnicimes.com\/st-jean-de-maurienne\/wp-json\/wp\/v2\/post_tag?post=11114"}],"curies":[{"name":"wp","href":"https:\/\/api.w.org\/{rel}","templated":true}]}}