{"id":11110,"date":"2023-04-19T09:41:53","date_gmt":"2023-04-19T07:41:53","guid":{"rendered":"https:\/\/www.montagnicimes.com\/st-jean-de-maurienne\/?page_id=11110"},"modified":"2023-04-19T10:25:21","modified_gmt":"2023-04-19T08:25:21","slug":"envie-de-decouvrir-plus-de-produits","status":"publish","type":"page","link":"https:\/\/www.montagnicimes.com\/st-jean-de-maurienne\/sorganiser\/producteurs\/envie-de-decouvrir-plus-de-produits\/","title":{"rendered":"Envie de d\u00e9couvrir plus de produits ?"},"content":{"rendered":"\n<p class=\"is-style-excerpt\">Au joli hameau d\u2019Albiez-le-Jeune plusieurs producteurs se sont install\u00e9s :  <\/p>\n\n\n\n<p><a href=\"https:\/\/www.montagnicimes.com\/st-jean-de-maurienne\/producteur\/a-la-cime-du-rucher\/\" target=\"_blank\" rel=\"noreferrer noopener\">\u00c9dith <\/a>notre apicultrice, ses abeilles produisent des miels de montagnes, des nougats et des bonbons au miel !<\/p>\n\n\n\n<p><a href=\"https:\/\/www.montagnicimes.com\/st-jean-de-maurienne\/producteur\/naturalpine\/\" target=\"_blank\" rel=\"noreferrer noopener\">G\u00e9raldine<\/a>, notre productrice de plantes aromatiques et m\u00e9dicinales r\u00e9alise des tisanes et des baumes ! Perrine fabrique quant \u00e0 elle des \u00ab croki \u00bb, petits g\u00e2teaux secs entre le cookie et le sabl\u00e9 en sal\u00e9 et sucr\u00e9, pour tous les go\u00fbts !<\/p>\n\n\n\n<p>En redescendant par la station de ski d\u2019Albiez-Montrond, <a href=\"https:\/\/www.montagnicimes.com\/st-jean-de-maurienne\/producteur\/les-si-belles-poulettes\/\">Jean-Alexandre<\/a>, lui, \u00e9l\u00e8ve des poules en plein-air \u00e0\u2026 1 300 m d\u2019altitude !<\/p>\n\n\n\n<p>Bonne d\u00e9couverte !<\/p>\n\n\n\n<div class=\"wp-block-buttons is-content-justification-center\">\n<div class=\"wp-block-button\"><a class=\"wp-block-button__link\" href=\"https:\/\/www.montagnicimes.com\/wp-content\/uploads\/2023\/03\/Producteurs-Artisans-FINAL-Compresse-avec-compression.pdf\" target=\"_blank\" rel=\"noreferrer noopener\">t\u00e9l\u00e9chargez la brochure producteurs &amp; artisans<\/a><\/div>\n<\/div>\n\n\n\n<div class=\"wp-block wp-block-related-post clear alignfull\">\n\n    <div class=\"article\">\n                    <h2 class=\"wp-block-related-post-title\">Nos producteurs<\/h2>\n        \n            <\/div>\n\n    <div class=\"container\">\n        <div class=\"wp-block-related-post-inner\">\n            <div data-id=\"wpiris-related-post\" data-slides-per-view=\"2\">\n                <div data-id=\"wpiris-related-post-wrapper\">\n                                            \n<div class=\"postItem swiper-slide\" data-trigger=\"wpiris-click\" >\n    <a href=\"https:\/\/www.montagnicimes.com\/st-jean-de-maurienne\/producteur\/pasta-aromi\/\" nofancybox class=\"postItemThumbnail\">\n        <img data-src=\"https:\/\/www.montagnicimes.com\/st-jean-de-maurienne\/wp-content\/uploads\/sites\/4\/wpiris-images\/14802\/38905483-diaporama-590x440-c.png\" alt=\"Pasta &#038; Aromi\">\n    <\/a>\n    <div class=\"postItemContent\">\n\n        <div class=\"postItemContentHeading\">\n                                    <h3 class=\"postItemContentTitle\" >\n                <a href=\"https:\/\/www.montagnicimes.com\/st-jean-de-maurienne\/producteur\/pasta-aromi\/\">Pasta &#038; Aromi<\/a>\n            <\/h3>                    <\/div>\n        \n<div class=\"postItemContentExcerpt\">\n    Ma\u00eetre Artisan producteur de sp\u00e9cialit\u00e9s c\u00e9r\u00e9ali\u00e8res conventionnelles et biologiques, notamment p\u00e2tes, crozets, polenta, risotto, pr\u00e9paration pour soupes.<\/div>\n    <\/div>\n<\/div>\n                                            \n<div class=\"postItem swiper-slide\" data-trigger=\"wpiris-click\" >\n    <a href=\"https:\/\/www.montagnicimes.com\/st-jean-de-maurienne\/producteur\/la-bergerie-des-tetes-noires\/\" nofancybox class=\"postItemThumbnail\">\n        <img data-src=\"https:\/\/www.montagnicimes.com\/st-jean-de-maurienne\/wp-content\/uploads\/sites\/4\/wpiris-images\/14689\/38122611-diaporama-590x440-c.jpg\" alt=\"La Bergerie des T\u00eates noires\">\n    <\/a>\n    <div class=\"postItemContent\">\n\n        <div class=\"postItemContentHeading\">\n                                    <h3 class=\"postItemContentTitle\" >\n                <a href=\"https:\/\/www.montagnicimes.com\/st-jean-de-maurienne\/producteur\/la-bergerie-des-tetes-noires\/\">La Bergerie des T\u00eates noires<\/a>\n            <\/h3>                    <\/div>\n        \n<div class=\"postItemContentExcerpt\">\n    \u00c0 Montvernier, Vincent perp\u00e9tue la tradition familiale. Ancien boucher devenu \u00e9leveur en 2018, il \u00e9l\u00e8ve des brebis Suffolk \u00e0 t\u00eate noire et fabrique sur place des rillettes, terrines et saucisses s\u00e8ches. La garantie de produits mauriennais authentiques !<\/div>\n    <\/div>\n<\/div>\n                                            \n<div class=\"postItem swiper-slide\" data-trigger=\"wpiris-click\" >\n    <a href=\"https:\/\/www.montagnicimes.com\/st-jean-de-maurienne\/producteur\/lescargot-de-la-maison-blanche\/\" nofancybox class=\"postItemThumbnail\">\n        <img data-src=\"https:\/\/www.montagnicimes.com\/st-jean-de-maurienne\/wp-content\/uploads\/sites\/4\/wpiris-images\/10726\/4883838-diaporama-590x440-c.jpg\" alt=\"L&rsquo;Escargot de la Maison Blanche\">\n    <\/a>\n    <div class=\"postItemContent\">\n\n        <div class=\"postItemContentHeading\">\n                                    <h3 class=\"postItemContentTitle\" >\n                <a href=\"https:\/\/www.montagnicimes.com\/st-jean-de-maurienne\/producteur\/lescargot-de-la-maison-blanche\/\">L&rsquo;Escargot de la Maison Blanche<\/a>\n            <\/h3>                    <\/div>\n        \n<div class=\"postItemContentExcerpt\">\n    Install\u00e9e depuis 2006, Carole \u00e9l\u00e8ve et transforme ses escargots gros-gris dans des parcs en pleine nature dans un village situ\u00e9 \u00e0 1000 m\u00e8tres d&rsquo;altitude ! Petits et grands gourmets appr\u00e9cieront les diff\u00e9rents produits cuisin\u00e9s par Carole.<\/div>\n    <\/div>\n<\/div>\n                                            \n<div class=\"postItem swiper-slide\" data-trigger=\"wpiris-click\" >\n    <a href=\"https:\/\/www.montagnicimes.com\/st-jean-de-maurienne\/producteur\/les-si-belles-poulettes\/\" nofancybox class=\"postItemThumbnail\">\n        <img data-src=\"https:\/\/www.montagnicimes.com\/st-jean-de-maurienne\/wp-content\/uploads\/sites\/4\/wpiris-images\/10608\/14683666-diaporama-590x440-c.jpg\" alt=\"Les Si Belles Poulettes\">\n    <\/a>\n    <div class=\"postItemContent\">\n\n        <div class=\"postItemContentHeading\">\n                                    <h3 class=\"postItemContentTitle\" >\n                <a href=\"https:\/\/www.montagnicimes.com\/st-jean-de-maurienne\/producteur\/les-si-belles-poulettes\/\">Les Si Belles Poulettes<\/a>\n            <\/h3>                    <\/div>\n        \n<div class=\"postItemContentExcerpt\">\n    Jean-Alexandre \u00e9l\u00e8ve des poules plein-air \u00e0 1400 m d&rsquo;altitude dans le joli hameau de La Cochette. Son \u00e9levage \u00e0 taille humaine lui permet de prendre soin de ses poules, elles sont nourries aux c\u00e9r\u00e9ales (sans OGM) qui proviennent de la r\u00e9gion Rh\u00f4ne-Alpes.<\/div>\n    <\/div>\n<\/div>\n                                            \n<div class=\"postItem swiper-slide\" data-trigger=\"wpiris-click\" >\n    <a href=\"https:\/\/www.montagnicimes.com\/st-jean-de-maurienne\/producteur\/vignoble-conservatoire-des-cepages-alpins\/\" nofancybox class=\"postItemThumbnail\">\n        <img data-src=\"https:\/\/www.montagnicimes.com\/st-jean-de-maurienne\/wp-content\/uploads\/sites\/4\/wpiris-images\/8269\/3094991-diaporama-590x440-c.jpg\" alt=\"Vignoble conservatoire des C\u00e9pages Alpins\">\n    <\/a>\n    <div class=\"postItemContent\">\n\n        <div class=\"postItemContentHeading\">\n                                    <h3 class=\"postItemContentTitle\" >\n                <a href=\"https:\/\/www.montagnicimes.com\/st-jean-de-maurienne\/producteur\/vignoble-conservatoire-des-cepages-alpins\/\">Vignoble conservatoire des C\u00e9pages Alpins<\/a>\n            <\/h3>                    <\/div>\n        \n<div class=\"postItemContentExcerpt\">\n    Implant\u00e9e au pied de la Croix des T\u00eates, le vignoble est une exp\u00e9rience concluante de r\u00e9introduction de la vigne en Maurienne. Les c\u00e9pages viennent de toute l\u2019Europe est certains sont rares. Sur la parcelle, des \u0153uvres de Land&rsquo;art ont trouv\u00e9 leur place.<\/div>\n    <\/div>\n<\/div>\n                                            \n<div class=\"postItem swiper-slide\" data-trigger=\"wpiris-click\" >\n    <a href=\"https:\/\/www.montagnicimes.com\/st-jean-de-maurienne\/producteur\/a-la-cime-du-rucher\/\" nofancybox class=\"postItemThumbnail\">\n        <img data-src=\"https:\/\/www.montagnicimes.com\/st-jean-de-maurienne\/wp-content\/uploads\/sites\/4\/wpiris-images\/14669\/38077677-diaporama-590x440-c.jpg\" alt=\"\u00c0 la cime du rucher\">\n    <\/a>\n    <div class=\"postItemContent\">\n\n        <div class=\"postItemContentHeading\">\n                                    <h3 class=\"postItemContentTitle\" >\n                <a href=\"https:\/\/www.montagnicimes.com\/st-jean-de-maurienne\/producteur\/a-la-cime-du-rucher\/\">\u00c0 la cime du rucher<\/a>\n            <\/h3>                    <\/div>\n        \n<div class=\"postItemContentExcerpt\">\n    Les abeilles d&rsquo;Edith butinent dans les montagnes savoyardes et is\u00e9roises pour vous proposer des miels et produits de la ruches aux saveurs diff\u00e9rentes. Miels, nougats, guimauve, pain d&rsquo;\u00e9pices et savons vous attendent dans sa boutique de la cime du rucher.<\/div>\n    <\/div>\n<\/div>\n                                    <\/div>\n            <\/div>\n        <\/div>\n    <\/div>\n\n    <div class=\"article\">\n            <\/div>\n<\/div>","protected":false},"excerpt":{"rendered":"<p>Au joli hameau d\u2019Albiez-le-Jeune plusieurs producteurs se sont install\u00e9s : \u00c9dith notre apicultrice, ses abeilles produisent des miels de montagnes, des nougats et des bonbons au miel ! G\u00e9raldine, notre productrice de plantes aromatiques et m\u00e9dicinales r\u00e9alise des tisanes et des baumes ! Perrine fabrique quant \u00e0 elle des \u00ab croki \u00bb, petits g\u00e2teaux secs [&hellip;]<\/p>\n","protected":false},"author":2,"featured_media":11113,"parent":7620,"menu_order":3,"comment_status":"closed","ping_status":"closed","template":"","meta":{"_relevanssi_hide_post":"","_relevanssi_pin_for_all":"","_relevanssi_pin_keywords":"","_relevanssi_unpin_keywords":"","_relevanssi_related_keywords":"","_relevanssi_related_include_ids":"","_relevanssi_related_exclude_ids":"","_relevanssi_related_no_append":"","_relevanssi_related_not_related":"","_relevanssi_related_posts":"10765","_relevanssi_noindex_reason":""},"post_tag":[],"acf":[],"yoast_head":"<!-- This site is optimized with the Yoast SEO plugin v17.6 - https:\/\/yoast.com\/wordpress\/plugins\/seo\/ -->\n<meta name=\"description\" content=\"Au joli hameau d\u2019Albiez-le-Jeune plusieurs producteurs se sont install\u00e9s : \u00c9dith notre apicultrice, ses abeilles produisent des miels de montagnes, des\" \/>\n<meta name=\"robots\" content=\"index, follow, max-snippet:-1, max-image-preview:large, max-video-preview:-1\" \/>\n<link rel=\"canonical\" href=\"https:\/\/www.montagnicimes.com\/st-jean-de-maurienne\/sorganiser\/producteurs\/envie-de-decouvrir-plus-de-produits\/\" \/>\n<meta property=\"og:locale\" content=\"fr_FR\" \/>\n<meta property=\"og:type\" content=\"article\" \/>\n<meta property=\"og:title\" content=\"Envie de d\u00e9couvrir plus de produits ? - St-Jean-de-Maurienne\" \/>\n<meta property=\"og:description\" content=\"Au joli hameau d\u2019Albiez-le-Jeune plusieurs producteurs se sont install\u00e9s : \u00c9dith notre apicultrice, ses abeilles produisent des miels de montagnes, des\" \/>\n<meta property=\"og:url\" content=\"https:\/\/www.montagnicimes.com\/st-jean-de-maurienne\/sorganiser\/producteurs\/envie-de-decouvrir-plus-de-produits\/\" \/>\n<meta property=\"og:site_name\" content=\"St-Jean-de-Maurienne\" \/>\n<meta property=\"article:modified_time\" content=\"2023-04-19T08:25:21+00:00\" \/>\n<meta property=\"og:image\" content=\"https:\/\/www.montagnicimes.com\/st-jean-de-maurienne\/wp-content\/uploads\/sites\/4\/2023\/04\/Si-belles-poulettes.jpg\" \/>\n\t<meta property=\"og:image:width\" content=\"1200\" \/>\n\t<meta property=\"og:image:height\" content=\"800\" \/>\n<meta name=\"twitter:card\" content=\"summary_large_image\" \/>\n<meta name=\"twitter:label1\" content=\"Dur\u00e9e de lecture estim\u00e9e\" \/>\n\t<meta name=\"twitter:data1\" content=\"1 minute\" \/>\n<script type=\"application\/ld+json\" class=\"yoast-schema-graph\">{\"@context\":\"https:\/\/schema.org\",\"@graph\":[{\"@type\":\"WebSite\",\"@id\":\"https:\/\/www.montagnicimes.com\/st-jean-de-maurienne\/#website\",\"url\":\"https:\/\/www.montagnicimes.com\/st-jean-de-maurienne\/\",\"name\":\"St-Jean-de-Maurienne\",\"description\":\"Office de tourisme Montagnicimes - Saint-Jean-de-Maurienne\",\"potentialAction\":[{\"@type\":\"SearchAction\",\"target\":{\"@type\":\"EntryPoint\",\"urlTemplate\":\"https:\/\/www.montagnicimes.com\/st-jean-de-maurienne\/?s={search_term_string}\"},\"query-input\":\"required name=search_term_string\"}],\"inLanguage\":\"fr-FR\"},{\"@type\":\"ImageObject\",\"@id\":\"https:\/\/www.montagnicimes.com\/st-jean-de-maurienne\/sorganiser\/producteurs\/envie-de-decouvrir-plus-de-produits\/#primaryimage\",\"inLanguage\":\"fr-FR\",\"url\":\"https:\/\/www.montagnicimes.com\/st-jean-de-maurienne\/wp-content\/uploads\/sites\/4\/2023\/04\/Si-belles-poulettes.jpg\",\"contentUrl\":\"https:\/\/www.montagnicimes.com\/st-jean-de-maurienne\/wp-content\/uploads\/sites\/4\/2023\/04\/Si-belles-poulettes.jpg\",\"width\":1200,\"height\":800,\"caption\":\"Si Belles Poulettes\"},{\"@type\":\"WebPage\",\"@id\":\"https:\/\/www.montagnicimes.com\/st-jean-de-maurienne\/sorganiser\/producteurs\/envie-de-decouvrir-plus-de-produits\/#webpage\",\"url\":\"https:\/\/www.montagnicimes.com\/st-jean-de-maurienne\/sorganiser\/producteurs\/envie-de-decouvrir-plus-de-produits\/\",\"name\":\"Envie de d\\u00e9couvrir plus de produits ? - St-Jean-de-Maurienne\",\"isPartOf\":{\"@id\":\"https:\/\/www.montagnicimes.com\/st-jean-de-maurienne\/#website\"},\"primaryImageOfPage\":{\"@id\":\"https:\/\/www.montagnicimes.com\/st-jean-de-maurienne\/sorganiser\/producteurs\/envie-de-decouvrir-plus-de-produits\/#primaryimage\"},\"datePublished\":\"2023-04-19T07:41:53+00:00\",\"dateModified\":\"2023-04-19T08:25:21+00:00\",\"description\":\"Au joli hameau d\\u2019Albiez-le-Jeune plusieurs producteurs se sont install\\u00e9s : \\u00c9dith notre apicultrice, ses abeilles produisent des miels de montagnes, des\",\"breadcrumb\":{\"@id\":\"https:\/\/www.montagnicimes.com\/st-jean-de-maurienne\/sorganiser\/producteurs\/envie-de-decouvrir-plus-de-produits\/#breadcrumb\"},\"inLanguage\":\"fr-FR\",\"potentialAction\":[{\"@type\":\"ReadAction\",\"target\":[\"https:\/\/www.montagnicimes.com\/st-jean-de-maurienne\/sorganiser\/producteurs\/envie-de-decouvrir-plus-de-produits\/\"]}]},{\"@type\":\"BreadcrumbList\",\"@id\":\"https:\/\/www.montagnicimes.com\/st-jean-de-maurienne\/sorganiser\/producteurs\/envie-de-decouvrir-plus-de-produits\/#breadcrumb\",\"itemListElement\":[{\"@type\":\"ListItem\",\"position\":1,\"name\":\"Accueil\",\"item\":\"https:\/\/www.montagnicimes.com\/st-jean-de-maurienne\/\"},{\"@type\":\"ListItem\",\"position\":2,\"name\":\"S&rsquo;organiser\",\"item\":\"https:\/\/www.montagnicimes.com\/st-jean-de-maurienne\/sorganiser\/\"},{\"@type\":\"ListItem\",\"position\":3,\"name\":\"Producteurs\",\"item\":\"https:\/\/www.montagnicimes.com\/st-jean-de-maurienne\/sorganiser\/producteurs\/\"},{\"@type\":\"ListItem\",\"position\":4,\"name\":\"Envie de d\\u00e9couvrir plus de produits ?\"}]}]}<\/script>\n<!-- \/ Yoast SEO plugin. -->","yoast_head_json":{"description":"Au joli hameau d\u2019Albiez-le-Jeune plusieurs producteurs se sont install\u00e9s : \u00c9dith notre apicultrice, ses abeilles produisent des miels de montagnes, des","robots":{"index":"index","follow":"follow","max-snippet":"max-snippet:-1","max-image-preview":"max-image-preview:large","max-video-preview":"max-video-preview:-1"},"canonical":"https:\/\/www.montagnicimes.com\/st-jean-de-maurienne\/sorganiser\/producteurs\/envie-de-decouvrir-plus-de-produits\/","og_locale":"fr_FR","og_type":"article","og_title":"Envie de d\u00e9couvrir plus de produits ? - St-Jean-de-Maurienne","og_description":"Au joli hameau d\u2019Albiez-le-Jeune plusieurs producteurs se sont install\u00e9s : \u00c9dith notre apicultrice, ses abeilles produisent des miels de montagnes, des","og_url":"https:\/\/www.montagnicimes.com\/st-jean-de-maurienne\/sorganiser\/producteurs\/envie-de-decouvrir-plus-de-produits\/","og_site_name":"St-Jean-de-Maurienne","article_modified_time":"2023-04-19T08:25:21+00:00","og_image":[{"width":1200,"height":800,"url":"https:\/\/www.montagnicimes.com\/st-jean-de-maurienne\/wp-content\/uploads\/sites\/4\/2023\/04\/Si-belles-poulettes.jpg","type":"image\/jpeg"}],"twitter_card":"summary_large_image","twitter_misc":{"Dur\u00e9e de lecture estim\u00e9e":"1 minute"},"schema":{"@context":"https:\/\/schema.org","@graph":[{"@type":"WebSite","@id":"https:\/\/www.montagnicimes.com\/st-jean-de-maurienne\/#website","url":"https:\/\/www.montagnicimes.com\/st-jean-de-maurienne\/","name":"St-Jean-de-Maurienne","description":"Office de tourisme Montagnicimes - Saint-Jean-de-Maurienne","potentialAction":[{"@type":"SearchAction","target":{"@type":"EntryPoint","urlTemplate":"https:\/\/www.montagnicimes.com\/st-jean-de-maurienne\/?s={search_term_string}"},"query-input":"required name=search_term_string"}],"inLanguage":"fr-FR"},{"@type":"ImageObject","@id":"https:\/\/www.montagnicimes.com\/st-jean-de-maurienne\/sorganiser\/producteurs\/envie-de-decouvrir-plus-de-produits\/#primaryimage","inLanguage":"fr-FR","url":"https:\/\/www.montagnicimes.com\/st-jean-de-maurienne\/wp-content\/uploads\/sites\/4\/2023\/04\/Si-belles-poulettes.jpg","contentUrl":"https:\/\/www.montagnicimes.com\/st-jean-de-maurienne\/wp-content\/uploads\/sites\/4\/2023\/04\/Si-belles-poulettes.jpg","width":1200,"height":800,"caption":"Si Belles Poulettes"},{"@type":"WebPage","@id":"https:\/\/www.montagnicimes.com\/st-jean-de-maurienne\/sorganiser\/producteurs\/envie-de-decouvrir-plus-de-produits\/#webpage","url":"https:\/\/www.montagnicimes.com\/st-jean-de-maurienne\/sorganiser\/producteurs\/envie-de-decouvrir-plus-de-produits\/","name":"Envie de d\u00e9couvrir plus de produits ? - St-Jean-de-Maurienne","isPartOf":{"@id":"https:\/\/www.montagnicimes.com\/st-jean-de-maurienne\/#website"},"primaryImageOfPage":{"@id":"https:\/\/www.montagnicimes.com\/st-jean-de-maurienne\/sorganiser\/producteurs\/envie-de-decouvrir-plus-de-produits\/#primaryimage"},"datePublished":"2023-04-19T07:41:53+00:00","dateModified":"2023-04-19T08:25:21+00:00","description":"Au joli hameau d\u2019Albiez-le-Jeune plusieurs producteurs se sont install\u00e9s : \u00c9dith notre apicultrice, ses abeilles produisent des miels de montagnes, des","breadcrumb":{"@id":"https:\/\/www.montagnicimes.com\/st-jean-de-maurienne\/sorganiser\/producteurs\/envie-de-decouvrir-plus-de-produits\/#breadcrumb"},"inLanguage":"fr-FR","potentialAction":[{"@type":"ReadAction","target":["https:\/\/www.montagnicimes.com\/st-jean-de-maurienne\/sorganiser\/producteurs\/envie-de-decouvrir-plus-de-produits\/"]}]},{"@type":"BreadcrumbList","@id":"https:\/\/www.montagnicimes.com\/st-jean-de-maurienne\/sorganiser\/producteurs\/envie-de-decouvrir-plus-de-produits\/#breadcrumb","itemListElement":[{"@type":"ListItem","position":1,"name":"Accueil","item":"https:\/\/www.montagnicimes.com\/st-jean-de-maurienne\/"},{"@type":"ListItem","position":2,"name":"S&rsquo;organiser","item":"https:\/\/www.montagnicimes.com\/st-jean-de-maurienne\/sorganiser\/"},{"@type":"ListItem","position":3,"name":"Producteurs","item":"https:\/\/www.montagnicimes.com\/st-jean-de-maurienne\/sorganiser\/producteurs\/"},{"@type":"ListItem","position":4,"name":"Envie de d\u00e9couvrir plus de produits ?"}]}]}},"_links":{"self":[{"href":"https:\/\/www.montagnicimes.com\/st-jean-de-maurienne\/wp-json\/wp\/v2\/pages\/11110"}],"collection":[{"href":"https:\/\/www.montagnicimes.com\/st-jean-de-maurienne\/wp-json\/wp\/v2\/pages"}],"about":[{"href":"https:\/\/www.montagnicimes.com\/st-jean-de-maurienne\/wp-json\/wp\/v2\/types\/page"}],"author":[{"embeddable":true,"href":"https:\/\/www.montagnicimes.com\/st-jean-de-maurienne\/wp-json\/wp\/v2\/users\/2"}],"replies":[{"embeddable":true,"href":"https:\/\/www.montagnicimes.com\/st-jean-de-maurienne\/wp-json\/wp\/v2\/comments?post=11110"}],"version-history":[{"count":3,"href":"https:\/\/www.montagnicimes.com\/st-jean-de-maurienne\/wp-json\/wp\/v2\/pages\/11110\/revisions"}],"predecessor-version":[{"id":11126,"href":"https:\/\/www.montagnicimes.com\/st-jean-de-maurienne\/wp-json\/wp\/v2\/pages\/11110\/revisions\/11126"}],"up":[{"embeddable":true,"href":"https:\/\/www.montagnicimes.com\/st-jean-de-maurienne\/wp-json\/wp\/v2\/pages\/7620"}],"wp:featuredmedia":[{"embeddable":true,"href":"https:\/\/www.montagnicimes.com\/st-jean-de-maurienne\/wp-json\/wp\/v2\/media\/11113"}],"wp:attachment":[{"href":"https:\/\/www.montagnicimes.com\/st-jean-de-maurienne\/wp-json\/wp\/v2\/media?parent=11110"}],"wp:term":[{"taxonomy":"post_tag","embeddable":true,"href":"https:\/\/www.montagnicimes.com\/st-jean-de-maurienne\/wp-json\/wp\/v2\/post_tag?post=11110"}],"curies":[{"name":"wp","href":"https:\/\/api.w.org\/{rel}","templated":true}]}}