{"id":11065,"date":"2023-04-18T15:00:48","date_gmt":"2023-04-18T13:00:48","guid":{"rendered":"https:\/\/www.montagnicimes.com\/st-jean-de-maurienne\/?page_id=11065"},"modified":"2023-04-18T15:59:37","modified_gmt":"2023-04-18T13:59:37","slug":"envie-de-produits-laitiers","status":"publish","type":"page","link":"https:\/\/www.montagnicimes.com\/st-jean-de-maurienne\/sorganiser\/producteurs\/envie-de-produits-laitiers\/","title":{"rendered":"Envie de produits laitiers ?"},"content":{"rendered":"\n<p>Beaufort, raclette, fromages de ch\u00e8vre ou de brebis\u2026 Notre territoire montagnard, gr\u00e2ce \u00e0 ses alpages, a bien \u00e9videmment des producteurs de fromage ! Le lait des vaches du <a href=\"https:\/\/www.montagnicimes.com\/st-jean-de-maurienne\/producteur\/gaec-des-ardoisiers\/\" target=\"_blank\" rel=\"noreferrer noopener\">GAEC des Ardoisiers<\/a>, situ\u00e9 \u00e0 Montdenis, contribue \u00e0 la fabrication du fameux Beaufort A.O.P. ! Le GAEC des Ardoisiers produit \u00e9galement sa propre raclette I.G.P. !<\/p>\n\n\n\n<p>Moins connu mais tout aussi bon, les fromages de ch\u00e8vres et de brebis ! Toujours \u00e0 Montdenis, <a href=\"https:\/\/www.montagnicimes.com\/st-jean-de-maurienne\/producteur\/les-fromages-de-montdenis-la-ferme-des-brebiquettes\/\" target=\"_blank\" rel=\"noreferrer noopener\">la Ferme des Brebiquettes<\/a>, produit en Agriculture Biologique du fromage de ch\u00e8vres et de brebis ainsi que des yaourts au lait de\u2026 brebis !<\/p>\n\n\n\n<p>\u00c0 Montvernier, le <a href=\"https:\/\/www.montagnicimes.com\/st-jean-de-maurienne\/producteur\/gaec-du-grand-coin\/\" target=\"_blank\" rel=\"noreferrer noopener\">GAEC du Grand Coin<\/a> comprenant une centaine de ch\u00e8vres, con\u00e7oit des tommes de ch\u00e8vres, du s\u00e9rac et de la raclette affin\u00e9e !<\/p>\n\n\n\n<p>De l\u2019autre c\u00f4t\u00e9 de la vall\u00e9e, plus pr\u00e8s des Aiguilles d\u2019Arves, \u00e0 Albiez-le-Jeune, <a href=\"https:\/\/www.montagnicimes.com\/st-jean-de-maurienne\/producteur\/gaec-la-chevrerie-de-champlan\/\" target=\"_blank\" rel=\"noreferrer noopener\">la Ch\u00e8vrerie de Champlan<\/a> fabrique \u00ab Le Petit Champlan \u00bb, un fromage de ch\u00e8vre \u00e0 d\u00e9guster frais, cr\u00e9meux, sec, nature ou \u00e9pic\u00e9 ! Le lait de ch\u00e8vres permet \u00e9galement \u00e0 la ch\u00e8vrerie de r\u00e9aliser un fouett\u00e9 aux herbes et de la faisselle ! Bien s\u00fbr vous retrouverez l\u2019incontournable tomme de ch\u00e8vre.<\/p>\n\n\n\n<div class=\"wp-block-buttons is-content-justification-center\">\n<div class=\"wp-block-button\"><a class=\"wp-block-button__link\" href=\"https:\/\/www.montagnicimes.com\/wp-content\/uploads\/2023\/03\/Producteurs-Artisans-FINAL-Compresse-avec-compression.pdf\" target=\"_blank\" rel=\"noreferrer noopener\">T\u00e9l\u00e9chargez notre brochure producteurs &amp; artisans<\/a><\/div>\n<\/div>\n\n\n\n<div class=\"wp-block wp-block-related-post clear alignfull\">\n\n    <div class=\"article\">\n                    <h2 class=\"wp-block-related-post-title\">Nos producteurs<\/h2>\n        \n            <\/div>\n\n    <div class=\"container\">\n        <div class=\"wp-block-related-post-inner\">\n            <div data-id=\"wpiris-related-post\" data-slides-per-view=\"2\">\n                <div data-id=\"wpiris-related-post-wrapper\">\n                                            \n<div class=\"postItem swiper-slide\" data-trigger=\"wpiris-click\" >\n    <a href=\"https:\/\/www.montagnicimes.com\/st-jean-de-maurienne\/producteur\/gaec-des-ardoisiers\/\" nofancybox class=\"postItemThumbnail\">\n        <img data-src=\"https:\/\/www.montagnicimes.com\/st-jean-de-maurienne\/wp-content\/uploads\/sites\/4\/wpiris-images\/9694\/12891159-diaporama-590x440-c.jpg\" alt=\"GAEC des Ardoisiers\">\n    <\/a>\n    <div class=\"postItemContent\">\n\n        <div class=\"postItemContentHeading\">\n                                    <h3 class=\"postItemContentTitle\" >\n                <a href=\"https:\/\/www.montagnicimes.com\/st-jean-de-maurienne\/producteur\/gaec-des-ardoisiers\/\">GAEC des Ardoisiers<\/a>\n            <\/h3>                    <\/div>\n        \n<div class=\"postItemContentExcerpt\">\n    Exploitation agricole de montagne familiale nich\u00e9e \u00e0 1 500 m d&rsquo;altitude dans le petit hameau de Montdenis. Vaches tarines et abondances y vivent heureuses et paisibles dans un d\u00e9cor \u00e0 couper le souffle.<\/div>\n    <\/div>\n<\/div>\n                                            \n<div class=\"postItem swiper-slide\" data-trigger=\"wpiris-click\" >\n    <a href=\"https:\/\/www.montagnicimes.com\/st-jean-de-maurienne\/producteur\/la-chevrerie-de-champlan\/\" nofancybox class=\"postItemThumbnail\">\n        <img data-src=\"https:\/\/www.montagnicimes.com\/st-jean-de-maurienne\/wp-content\/uploads\/sites\/4\/wpiris-images\/10853\/16384183-diaporama-590x440-c.jpg\" alt=\"La Ch\u00e8vrerie de Champlan\">\n    <\/a>\n    <div class=\"postItemContent\">\n\n        <div class=\"postItemContentHeading\">\n                                    <h3 class=\"postItemContentTitle\" >\n                <a href=\"https:\/\/www.montagnicimes.com\/st-jean-de-maurienne\/producteur\/la-chevrerie-de-champlan\/\">La Ch\u00e8vrerie de Champlan<\/a>\n            <\/h3>                    <\/div>\n        \n<div class=\"postItemContentExcerpt\">\n    \u00c9levage de ch\u00e8vres \u00e0 taille humaine et familial, fabrication artisanale de fromages, la ferme de Champlan privil\u00e9gie la qualit\u00e9 des produits \u00e0 la quantit\u00e9. Toute la production laiti\u00e8re est transform\u00e9e sur place et les fromages sont vendus localement.<\/div>\n    <\/div>\n<\/div>\n                                            \n<div class=\"postItem swiper-slide\" data-trigger=\"wpiris-click\" >\n    <a href=\"https:\/\/www.montagnicimes.com\/st-jean-de-maurienne\/producteur\/gaec-du-grand-coin\/\" nofancybox class=\"postItemThumbnail\">\n        <img data-src=\"https:\/\/www.montagnicimes.com\/st-jean-de-maurienne\/wp-content\/uploads\/sites\/4\/wpiris-images\/10968\/16897022-diaporama-590x440-c.jpg\" alt=\"GAEC du Grand Coin\">\n    <\/a>\n    <div class=\"postItemContent\">\n\n        <div class=\"postItemContentHeading\">\n                                    <h3 class=\"postItemContentTitle\" >\n                <a href=\"https:\/\/www.montagnicimes.com\/st-jean-de-maurienne\/producteur\/gaec-du-grand-coin\/\">GAEC du Grand Coin<\/a>\n            <\/h3>                    <\/div>\n        \n<div class=\"postItemContentExcerpt\">\n    \u00c9levage d&rsquo;environ 130 ch\u00e8vres sur la commune de Montvernier \u00e0 1000 m d\u2019altitude. Leur lait est transform\u00e9 \u00e0 la ferme en tommes affin\u00e9es.\nL&rsquo;\u00e9t\u00e9, elles p\u00e2turent selon la pousse de l\u2019herbe et des fleurs. De novembre \u00e0 mars, elles se nourrissent de foin.<\/div>\n    <\/div>\n<\/div>\n                                            \n<div class=\"postItem swiper-slide\" data-trigger=\"wpiris-click\" >\n    <a href=\"https:\/\/www.montagnicimes.com\/st-jean-de-maurienne\/producteur\/la-ferme-des-brebiquettes\/\" nofancybox class=\"postItemThumbnail\">\n        <img data-src=\"https:\/\/www.montagnicimes.com\/st-jean-de-maurienne\/wp-content\/uploads\/sites\/4\/wpiris-images\/14673\/38077671-diaporama-590x440-c.jpg\" alt=\"La Ferme des Brebiquettes\">\n    <\/a>\n    <div class=\"postItemContent\">\n\n        <div class=\"postItemContentHeading\">\n                                    <h3 class=\"postItemContentTitle\" >\n                <a href=\"https:\/\/www.montagnicimes.com\/st-jean-de-maurienne\/producteur\/la-ferme-des-brebiquettes\/\">La Ferme des Brebiquettes<\/a>\n            <\/h3>                    <\/div>\n        \n<div class=\"postItemContentExcerpt\">\n    \u00c9levage de ch\u00e8vres et de brebis laiti\u00e8res situ\u00e9 dans le hameau de Montdenis \u00e0 1500 m d\u2019altitude. Fabrication de fromages de brebis et de ch\u00e8vres au lait cru et de yaourts. Production de viande de porcs, de chevreaux et d\u2019agneaux.<\/div>\n    <\/div>\n<\/div>\n                                    <\/div>\n            <\/div>\n        <\/div>\n    <\/div>\n\n    <div class=\"article\">\n            <\/div>\n<\/div>\n\n<div class=\"wp-block wp-block-highlight\">\n            <h3 class=\"wp-block-highlight-item wp-block-highlight-title\">Le saviez-vous ? <\/h3>\n                <p class=\"wp-block-highlight-item wp-block-highlight-excerpt\">Le fromage fermier est fabriqu\u00e9 \u00e0 la ferme par l&rsquo;exploitant agricole uniquement avec le lait de son propre troupeau.<br>Le fromage laitier est fabriqu\u00e9 avec le lait de plusieurs exploitations.<br><\/p>\n    <\/div>\n\n\n<p>Source : <a href=\"https:\/\/www.fromagesdechevre.com\/lexique\/?lettre=f#filtre\" target=\"_blank\" rel=\"noreferrer noopener\">https:\/\/www.fromagesdechevre.com\/lexique\/?lettre=f#filtre<\/a><\/p>\n","protected":false},"excerpt":{"rendered":"<p>Beaufort, raclette, fromages de ch\u00e8vre ou de brebis\u2026 Notre territoire montagnard, gr\u00e2ce \u00e0 ses alpages, a bien \u00e9videmment des producteurs de fromage ! Le lait des vaches du GAEC des Ardoisiers, situ\u00e9 \u00e0 Montdenis, contribue \u00e0 la fabrication du fameux Beaufort A.O.P. ! Le GAEC des Ardoisiers produit \u00e9galement sa propre raclette I.G.P. ! Moins [&hellip;]<\/p>\n","protected":false},"author":2,"featured_media":11069,"parent":7620,"menu_order":2,"comment_status":"closed","ping_status":"closed","template":"","meta":{"_relevanssi_hide_post":"","_relevanssi_pin_for_all":"","_relevanssi_pin_keywords":"","_relevanssi_unpin_keywords":"","_relevanssi_related_keywords":"","_relevanssi_related_include_ids":"","_relevanssi_related_exclude_ids":"","_relevanssi_related_no_append":"","_relevanssi_related_not_related":"","_relevanssi_related_posts":"10765","_relevanssi_noindex_reason":""},"post_tag":[],"acf":[],"yoast_head":"<!-- This site is optimized with the Yoast SEO plugin v17.6 - https:\/\/yoast.com\/wordpress\/plugins\/seo\/ -->\n<meta name=\"description\" content=\"Beaufort, raclette, fromages de ch\u00e8vre ou de brebis\u2026 Notre territoire montagnard, gr\u00e2ce \u00e0 ses alpages, a bien \u00e9videmment des producteurs de fromage ! Le\" \/>\n<meta name=\"robots\" content=\"index, follow, max-snippet:-1, max-image-preview:large, max-video-preview:-1\" \/>\n<link rel=\"canonical\" href=\"https:\/\/www.montagnicimes.com\/st-jean-de-maurienne\/sorganiser\/producteurs\/envie-de-produits-laitiers\/\" \/>\n<meta property=\"og:locale\" content=\"fr_FR\" \/>\n<meta property=\"og:type\" content=\"article\" \/>\n<meta property=\"og:title\" content=\"Envie de produits laitiers ? - St-Jean-de-Maurienne\" \/>\n<meta property=\"og:description\" content=\"Beaufort, raclette, fromages de ch\u00e8vre ou de brebis\u2026 Notre territoire montagnard, gr\u00e2ce \u00e0 ses alpages, a bien \u00e9videmment des producteurs de fromage ! Le\" \/>\n<meta property=\"og:url\" content=\"https:\/\/www.montagnicimes.com\/st-jean-de-maurienne\/sorganiser\/producteurs\/envie-de-produits-laitiers\/\" \/>\n<meta property=\"og:site_name\" content=\"St-Jean-de-Maurienne\" \/>\n<meta property=\"article:modified_time\" content=\"2023-04-18T13:59:37+00:00\" \/>\n<meta property=\"og:image\" content=\"https:\/\/www.montagnicimes.com\/st-jean-de-maurienne\/wp-content\/uploads\/sites\/4\/2023\/04\/Chevre.jpg\" \/>\n\t<meta property=\"og:image:width\" content=\"1200\" \/>\n\t<meta property=\"og:image:height\" content=\"800\" \/>\n<meta name=\"twitter:card\" content=\"summary_large_image\" \/>\n<meta name=\"twitter:label1\" content=\"Dur\u00e9e de lecture estim\u00e9e\" \/>\n\t<meta name=\"twitter:data1\" content=\"1 minute\" \/>\n<script type=\"application\/ld+json\" class=\"yoast-schema-graph\">{\"@context\":\"https:\/\/schema.org\",\"@graph\":[{\"@type\":\"WebSite\",\"@id\":\"https:\/\/www.montagnicimes.com\/st-jean-de-maurienne\/#website\",\"url\":\"https:\/\/www.montagnicimes.com\/st-jean-de-maurienne\/\",\"name\":\"St-Jean-de-Maurienne\",\"description\":\"Office de tourisme Montagnicimes - Saint-Jean-de-Maurienne\",\"potentialAction\":[{\"@type\":\"SearchAction\",\"target\":{\"@type\":\"EntryPoint\",\"urlTemplate\":\"https:\/\/www.montagnicimes.com\/st-jean-de-maurienne\/?s={search_term_string}\"},\"query-input\":\"required name=search_term_string\"}],\"inLanguage\":\"fr-FR\"},{\"@type\":\"ImageObject\",\"@id\":\"https:\/\/www.montagnicimes.com\/st-jean-de-maurienne\/sorganiser\/producteurs\/envie-de-produits-laitiers\/#primaryimage\",\"inLanguage\":\"fr-FR\",\"url\":\"https:\/\/www.montagnicimes.com\/st-jean-de-maurienne\/wp-content\/uploads\/sites\/4\/2023\/04\/Chevre.jpg\",\"contentUrl\":\"https:\/\/www.montagnicimes.com\/st-jean-de-maurienne\/wp-content\/uploads\/sites\/4\/2023\/04\/Chevre.jpg\",\"width\":1200,\"height\":800,\"caption\":\"Ch\\u00e8vre GAEC GRAND COIN\"},{\"@type\":\"WebPage\",\"@id\":\"https:\/\/www.montagnicimes.com\/st-jean-de-maurienne\/sorganiser\/producteurs\/envie-de-produits-laitiers\/#webpage\",\"url\":\"https:\/\/www.montagnicimes.com\/st-jean-de-maurienne\/sorganiser\/producteurs\/envie-de-produits-laitiers\/\",\"name\":\"Envie de produits laitiers ? - St-Jean-de-Maurienne\",\"isPartOf\":{\"@id\":\"https:\/\/www.montagnicimes.com\/st-jean-de-maurienne\/#website\"},\"primaryImageOfPage\":{\"@id\":\"https:\/\/www.montagnicimes.com\/st-jean-de-maurienne\/sorganiser\/producteurs\/envie-de-produits-laitiers\/#primaryimage\"},\"datePublished\":\"2023-04-18T13:00:48+00:00\",\"dateModified\":\"2023-04-18T13:59:37+00:00\",\"description\":\"Beaufort, raclette, fromages de ch\\u00e8vre ou de brebis\\u2026 Notre territoire montagnard, gr\\u00e2ce \\u00e0 ses alpages, a bien \\u00e9videmment des producteurs de fromage ! Le\",\"breadcrumb\":{\"@id\":\"https:\/\/www.montagnicimes.com\/st-jean-de-maurienne\/sorganiser\/producteurs\/envie-de-produits-laitiers\/#breadcrumb\"},\"inLanguage\":\"fr-FR\",\"potentialAction\":[{\"@type\":\"ReadAction\",\"target\":[\"https:\/\/www.montagnicimes.com\/st-jean-de-maurienne\/sorganiser\/producteurs\/envie-de-produits-laitiers\/\"]}]},{\"@type\":\"BreadcrumbList\",\"@id\":\"https:\/\/www.montagnicimes.com\/st-jean-de-maurienne\/sorganiser\/producteurs\/envie-de-produits-laitiers\/#breadcrumb\",\"itemListElement\":[{\"@type\":\"ListItem\",\"position\":1,\"name\":\"Accueil\",\"item\":\"https:\/\/www.montagnicimes.com\/st-jean-de-maurienne\/\"},{\"@type\":\"ListItem\",\"position\":2,\"name\":\"S&rsquo;organiser\",\"item\":\"https:\/\/www.montagnicimes.com\/st-jean-de-maurienne\/sorganiser\/\"},{\"@type\":\"ListItem\",\"position\":3,\"name\":\"Producteurs\",\"item\":\"https:\/\/www.montagnicimes.com\/st-jean-de-maurienne\/sorganiser\/producteurs\/\"},{\"@type\":\"ListItem\",\"position\":4,\"name\":\"Envie de produits laitiers ?\"}]}]}<\/script>\n<!-- \/ Yoast SEO plugin. -->","yoast_head_json":{"description":"Beaufort, raclette, fromages de ch\u00e8vre ou de brebis\u2026 Notre territoire montagnard, gr\u00e2ce \u00e0 ses alpages, a bien \u00e9videmment des producteurs de fromage ! Le","robots":{"index":"index","follow":"follow","max-snippet":"max-snippet:-1","max-image-preview":"max-image-preview:large","max-video-preview":"max-video-preview:-1"},"canonical":"https:\/\/www.montagnicimes.com\/st-jean-de-maurienne\/sorganiser\/producteurs\/envie-de-produits-laitiers\/","og_locale":"fr_FR","og_type":"article","og_title":"Envie de produits laitiers ? - St-Jean-de-Maurienne","og_description":"Beaufort, raclette, fromages de ch\u00e8vre ou de brebis\u2026 Notre territoire montagnard, gr\u00e2ce \u00e0 ses alpages, a bien \u00e9videmment des producteurs de fromage ! Le","og_url":"https:\/\/www.montagnicimes.com\/st-jean-de-maurienne\/sorganiser\/producteurs\/envie-de-produits-laitiers\/","og_site_name":"St-Jean-de-Maurienne","article_modified_time":"2023-04-18T13:59:37+00:00","og_image":[{"width":1200,"height":800,"url":"https:\/\/www.montagnicimes.com\/st-jean-de-maurienne\/wp-content\/uploads\/sites\/4\/2023\/04\/Chevre.jpg","type":"image\/jpeg"}],"twitter_card":"summary_large_image","twitter_misc":{"Dur\u00e9e de lecture estim\u00e9e":"1 minute"},"schema":{"@context":"https:\/\/schema.org","@graph":[{"@type":"WebSite","@id":"https:\/\/www.montagnicimes.com\/st-jean-de-maurienne\/#website","url":"https:\/\/www.montagnicimes.com\/st-jean-de-maurienne\/","name":"St-Jean-de-Maurienne","description":"Office de tourisme Montagnicimes - Saint-Jean-de-Maurienne","potentialAction":[{"@type":"SearchAction","target":{"@type":"EntryPoint","urlTemplate":"https:\/\/www.montagnicimes.com\/st-jean-de-maurienne\/?s={search_term_string}"},"query-input":"required name=search_term_string"}],"inLanguage":"fr-FR"},{"@type":"ImageObject","@id":"https:\/\/www.montagnicimes.com\/st-jean-de-maurienne\/sorganiser\/producteurs\/envie-de-produits-laitiers\/#primaryimage","inLanguage":"fr-FR","url":"https:\/\/www.montagnicimes.com\/st-jean-de-maurienne\/wp-content\/uploads\/sites\/4\/2023\/04\/Chevre.jpg","contentUrl":"https:\/\/www.montagnicimes.com\/st-jean-de-maurienne\/wp-content\/uploads\/sites\/4\/2023\/04\/Chevre.jpg","width":1200,"height":800,"caption":"Ch\u00e8vre GAEC GRAND COIN"},{"@type":"WebPage","@id":"https:\/\/www.montagnicimes.com\/st-jean-de-maurienne\/sorganiser\/producteurs\/envie-de-produits-laitiers\/#webpage","url":"https:\/\/www.montagnicimes.com\/st-jean-de-maurienne\/sorganiser\/producteurs\/envie-de-produits-laitiers\/","name":"Envie de produits laitiers ? - St-Jean-de-Maurienne","isPartOf":{"@id":"https:\/\/www.montagnicimes.com\/st-jean-de-maurienne\/#website"},"primaryImageOfPage":{"@id":"https:\/\/www.montagnicimes.com\/st-jean-de-maurienne\/sorganiser\/producteurs\/envie-de-produits-laitiers\/#primaryimage"},"datePublished":"2023-04-18T13:00:48+00:00","dateModified":"2023-04-18T13:59:37+00:00","description":"Beaufort, raclette, fromages de ch\u00e8vre ou de brebis\u2026 Notre territoire montagnard, gr\u00e2ce \u00e0 ses alpages, a bien \u00e9videmment des producteurs de fromage ! Le","breadcrumb":{"@id":"https:\/\/www.montagnicimes.com\/st-jean-de-maurienne\/sorganiser\/producteurs\/envie-de-produits-laitiers\/#breadcrumb"},"inLanguage":"fr-FR","potentialAction":[{"@type":"ReadAction","target":["https:\/\/www.montagnicimes.com\/st-jean-de-maurienne\/sorganiser\/producteurs\/envie-de-produits-laitiers\/"]}]},{"@type":"BreadcrumbList","@id":"https:\/\/www.montagnicimes.com\/st-jean-de-maurienne\/sorganiser\/producteurs\/envie-de-produits-laitiers\/#breadcrumb","itemListElement":[{"@type":"ListItem","position":1,"name":"Accueil","item":"https:\/\/www.montagnicimes.com\/st-jean-de-maurienne\/"},{"@type":"ListItem","position":2,"name":"S&rsquo;organiser","item":"https:\/\/www.montagnicimes.com\/st-jean-de-maurienne\/sorganiser\/"},{"@type":"ListItem","position":3,"name":"Producteurs","item":"https:\/\/www.montagnicimes.com\/st-jean-de-maurienne\/sorganiser\/producteurs\/"},{"@type":"ListItem","position":4,"name":"Envie de produits laitiers ?"}]}]}},"_links":{"self":[{"href":"https:\/\/www.montagnicimes.com\/st-jean-de-maurienne\/wp-json\/wp\/v2\/pages\/11065"}],"collection":[{"href":"https:\/\/www.montagnicimes.com\/st-jean-de-maurienne\/wp-json\/wp\/v2\/pages"}],"about":[{"href":"https:\/\/www.montagnicimes.com\/st-jean-de-maurienne\/wp-json\/wp\/v2\/types\/page"}],"author":[{"embeddable":true,"href":"https:\/\/www.montagnicimes.com\/st-jean-de-maurienne\/wp-json\/wp\/v2\/users\/2"}],"replies":[{"embeddable":true,"href":"https:\/\/www.montagnicimes.com\/st-jean-de-maurienne\/wp-json\/wp\/v2\/comments?post=11065"}],"version-history":[{"count":8,"href":"https:\/\/www.montagnicimes.com\/st-jean-de-maurienne\/wp-json\/wp\/v2\/pages\/11065\/revisions"}],"predecessor-version":[{"id":11093,"href":"https:\/\/www.montagnicimes.com\/st-jean-de-maurienne\/wp-json\/wp\/v2\/pages\/11065\/revisions\/11093"}],"up":[{"embeddable":true,"href":"https:\/\/www.montagnicimes.com\/st-jean-de-maurienne\/wp-json\/wp\/v2\/pages\/7620"}],"wp:featuredmedia":[{"embeddable":true,"href":"https:\/\/www.montagnicimes.com\/st-jean-de-maurienne\/wp-json\/wp\/v2\/media\/11069"}],"wp:attachment":[{"href":"https:\/\/www.montagnicimes.com\/st-jean-de-maurienne\/wp-json\/wp\/v2\/media?parent=11065"}],"wp:term":[{"taxonomy":"post_tag","embeddable":true,"href":"https:\/\/www.montagnicimes.com\/st-jean-de-maurienne\/wp-json\/wp\/v2\/post_tag?post=11065"}],"curies":[{"name":"wp","href":"https:\/\/api.w.org\/{rel}","templated":true}]}}