{"id":8975,"date":"2021-12-21T15:23:22","date_gmt":"2021-12-21T14:23:22","guid":{"rendered":"https:\/\/www.montagnicimes.com\/les-bottieres\/?page_id=8975"},"modified":"2026-01-12T09:28:10","modified_gmt":"2026-01-12T08:28:10","slug":"navettes-et-ski-bus","status":"publish","type":"page","link":"https:\/\/www.montagnicimes.com\/les-bottieres\/sinformer\/navettes-et-ski-bus\/","title":{"rendered":"Navettes et ski-bus"},"content":{"rendered":"\n<p class=\"is-style-excerpt\">Pour faciliter vos d\u00e9placements, des navettes ont \u00e9t\u00e9 mises en place entre Saint-Jean-de-Maurienne et Les Botti\u00e8res. Durant la saison d&rsquo;hiver, vous pourrez \u00e9galement profiter du ski-bus permettant la liaison entre Les Botti\u00e8res et La Toussuire. <\/p>\n\n\n\n<h3>Hiver 2025-2026 &#8211; Navette Saint-Jean-de-Maurienne &gt; Les Botti\u00e8res<\/h3>\n\n\n\n<figure class=\"wp-block-image size-large\"><a href=\"https:\/\/www.montagnicimes.com\/les-bottieres\/wp-content\/uploads\/sites\/5\/2026\/01\/S31-Bis-2025-2026_LR-Les-Bottieres-1.jpg\"><img loading=\"lazy\" width=\"786\" height=\"1200\" data-src=\"https:\/\/www.montagnicimes.com\/les-bottieres\/wp-content\/uploads\/sites\/5\/2026\/01\/S31-Bis-2025-2026_LR-Les-Bottieres-1-786x1200.jpg\" alt=\"\" class=\"wp-image-18498\" data-srcset=\"https:\/\/www.montagnicimes.com\/les-bottieres\/wp-content\/uploads\/sites\/5\/2026\/01\/S31-Bis-2025-2026_LR-Les-Bottieres-1-786x1200.jpg 786w, https:\/\/www.montagnicimes.com\/les-bottieres\/wp-content\/uploads\/sites\/5\/2026\/01\/S31-Bis-2025-2026_LR-Les-Bottieres-1-393x600.jpg 393w, https:\/\/www.montagnicimes.com\/les-bottieres\/wp-content\/uploads\/sites\/5\/2026\/01\/S31-Bis-2025-2026_LR-Les-Bottieres-1-768x1173.jpg 768w, https:\/\/www.montagnicimes.com\/les-bottieres\/wp-content\/uploads\/sites\/5\/2026\/01\/S31-Bis-2025-2026_LR-Les-Bottieres-1-1006x1536.jpg 1006w, https:\/\/www.montagnicimes.com\/les-bottieres\/wp-content\/uploads\/sites\/5\/2026\/01\/S31-Bis-2025-2026_LR-Les-Bottieres-1-200x305.jpg 200w, https:\/\/www.montagnicimes.com\/les-bottieres\/wp-content\/uploads\/sites\/5\/2026\/01\/S31-Bis-2025-2026_LR-Les-Bottieres-1.jpg 1257w\" sizes=\"(max-width: 786px) 100vw, 786px\" \/><\/a><\/figure>\n\n\n\n<div class=\"wp-block-columns\">\n<div class=\"wp-block-column\" style=\"flex-basis:100%\">\n<h3>SKIBUS Les Botti\u00e8res- La Toussuire<\/h3>\n<\/div>\n<\/div>\n\n\n\n<p>Cet hiver, pendant les vacances scolaires, profitez pleinement du Domaine des Sybelles\u00ae en vous rendant directement en navette \u00e0 la Toussuire.<\/p>\n\n\n\n<figure class=\"wp-block-image size-large\"><a href=\"https:\/\/www.montagnicimes.com\/les-bottieres\/wp-content\/uploads\/sites\/5\/2026\/01\/SKIBUS-BOTTIERES-1.jpg\"><img loading=\"lazy\" width=\"769\" height=\"1200\" data-src=\"https:\/\/www.montagnicimes.com\/les-bottieres\/wp-content\/uploads\/sites\/5\/2026\/01\/SKIBUS-BOTTIERES-1-769x1200.jpg\" alt=\"\" class=\"wp-image-18500\" data-srcset=\"https:\/\/www.montagnicimes.com\/les-bottieres\/wp-content\/uploads\/sites\/5\/2026\/01\/SKIBUS-BOTTIERES-1-769x1200.jpg 769w, https:\/\/www.montagnicimes.com\/les-bottieres\/wp-content\/uploads\/sites\/5\/2026\/01\/SKIBUS-BOTTIERES-1-384x600.jpg 384w, https:\/\/www.montagnicimes.com\/les-bottieres\/wp-content\/uploads\/sites\/5\/2026\/01\/SKIBUS-BOTTIERES-1-768x1199.jpg 768w, https:\/\/www.montagnicimes.com\/les-bottieres\/wp-content\/uploads\/sites\/5\/2026\/01\/SKIBUS-BOTTIERES-1-984x1536.jpg 984w, https:\/\/www.montagnicimes.com\/les-bottieres\/wp-content\/uploads\/sites\/5\/2026\/01\/SKIBUS-BOTTIERES-1-200x312.jpg 200w, https:\/\/www.montagnicimes.com\/les-bottieres\/wp-content\/uploads\/sites\/5\/2026\/01\/SKIBUS-BOTTIERES-1.jpg 1230w\" sizes=\"(max-width: 769px) 100vw, 769px\" \/><\/a><\/figure>\n","protected":false},"excerpt":{"rendered":"<p>Pour faciliter vos d\u00e9placements, des navettes ont \u00e9t\u00e9 mises en place entre Saint-Jean-de-Maurienne et Les Botti\u00e8res. Durant la saison d&rsquo;hiver, vous pourrez \u00e9galement profiter du ski-bus permettant la liaison entre Les Botti\u00e8res et La Toussuire. Hiver 2025-2026 &#8211; Navette Saint-Jean-de-Maurienne &gt; Les Botti\u00e8res SKIBUS Les Botti\u00e8res- La Toussuire Cet hiver, pendant les vacances scolaires, profitez [&hellip;]<\/p>\n","protected":false},"author":7,"featured_media":8104,"parent":7594,"menu_order":4,"comment_status":"closed","ping_status":"closed","template":"","meta":{"_relevanssi_hide_post":"","_relevanssi_pin_for_all":"","_relevanssi_pin_keywords":"","_relevanssi_unpin_keywords":"","_relevanssi_related_keywords":"","_relevanssi_related_include_ids":"","_relevanssi_related_exclude_ids":"","_relevanssi_related_no_append":"","_relevanssi_related_not_related":"","_relevanssi_related_posts":"489","_relevanssi_noindex_reason":""},"post_tag":[],"acf":[],"yoast_head":"<!-- This site is optimized with the Yoast SEO plugin v17.6 - https:\/\/yoast.com\/wordpress\/plugins\/seo\/ -->\n<meta name=\"description\" content=\"Pour faciliter vos d\u00e9placements, des navettes ont \u00e9t\u00e9 mises en place entre Saint-Jean-de-Maurienne et Les Botti\u00e8res. Durant la saison d&#039;hiver, vous\" \/>\n<meta name=\"robots\" content=\"index, follow, max-snippet:-1, max-image-preview:large, max-video-preview:-1\" \/>\n<link rel=\"canonical\" href=\"https:\/\/www.montagnicimes.com\/les-bottieres\/sinformer\/navettes-et-ski-bus\/\" \/>\n<meta property=\"og:locale\" content=\"fr_FR\" \/>\n<meta property=\"og:type\" content=\"article\" \/>\n<meta property=\"og:title\" content=\"Navettes et ski-bus - Les Botti\u00e8res\" \/>\n<meta property=\"og:description\" content=\"Pour faciliter vos d\u00e9placements, des navettes ont \u00e9t\u00e9 mises en place entre Saint-Jean-de-Maurienne et Les Botti\u00e8res. Durant la saison d&#039;hiver, vous\" \/>\n<meta property=\"og:url\" content=\"https:\/\/www.montagnicimes.com\/les-bottieres\/sinformer\/navettes-et-ski-bus\/\" \/>\n<meta property=\"og:site_name\" content=\"Les Botti\u00e8res\" \/>\n<meta property=\"article:modified_time\" content=\"2026-01-12T08:28:10+00:00\" \/>\n<meta property=\"og:image\" content=\"https:\/\/www.montagnicimes.com\/les-bottieres\/wp-content\/uploads\/sites\/5\/2021\/10\/Porte-dentree-des-Sybelles.jpg\" \/>\n\t<meta property=\"og:image:width\" content=\"1920\" \/>\n\t<meta property=\"og:image:height\" content=\"1082\" \/>\n<meta name=\"twitter:card\" content=\"summary_large_image\" \/>\n<meta name=\"twitter:label1\" content=\"Dur\u00e9e de lecture estim\u00e9e\" \/>\n\t<meta name=\"twitter:data1\" content=\"1 minute\" \/>\n<script type=\"application\/ld+json\" class=\"yoast-schema-graph\">{\"@context\":\"https:\/\/schema.org\",\"@graph\":[{\"@type\":\"WebSite\",\"@id\":\"https:\/\/www.montagnicimes.com\/les-bottieres\/#website\",\"url\":\"https:\/\/www.montagnicimes.com\/les-bottieres\/\",\"name\":\"Les Botti\\u00e8res\",\"description\":\"Office de tourisme Montagnicimes - Les Botti\\u00e8res\",\"potentialAction\":[{\"@type\":\"SearchAction\",\"target\":{\"@type\":\"EntryPoint\",\"urlTemplate\":\"https:\/\/www.montagnicimes.com\/les-bottieres\/?s={search_term_string}\"},\"query-input\":\"required name=search_term_string\"}],\"inLanguage\":\"fr-FR\"},{\"@type\":\"ImageObject\",\"@id\":\"https:\/\/www.montagnicimes.com\/les-bottieres\/sinformer\/navettes-et-ski-bus\/#primaryimage\",\"inLanguage\":\"fr-FR\",\"url\":\"https:\/\/www.montagnicimes.com\/les-bottieres\/wp-content\/uploads\/sites\/5\/2021\/10\/Porte-dentree-des-Sybelles.jpg\",\"contentUrl\":\"https:\/\/www.montagnicimes.com\/les-bottieres\/wp-content\/uploads\/sites\/5\/2021\/10\/Porte-dentree-des-Sybelles.jpg\",\"width\":1920,\"height\":1082,\"caption\":\"Station des Botti\\u00e8res\"},{\"@type\":\"WebPage\",\"@id\":\"https:\/\/www.montagnicimes.com\/les-bottieres\/sinformer\/navettes-et-ski-bus\/#webpage\",\"url\":\"https:\/\/www.montagnicimes.com\/les-bottieres\/sinformer\/navettes-et-ski-bus\/\",\"name\":\"Navettes et ski-bus - Les Botti\\u00e8res\",\"isPartOf\":{\"@id\":\"https:\/\/www.montagnicimes.com\/les-bottieres\/#website\"},\"primaryImageOfPage\":{\"@id\":\"https:\/\/www.montagnicimes.com\/les-bottieres\/sinformer\/navettes-et-ski-bus\/#primaryimage\"},\"datePublished\":\"2021-12-21T14:23:22+00:00\",\"dateModified\":\"2026-01-12T08:28:10+00:00\",\"description\":\"Pour faciliter vos d\\u00e9placements, des navettes ont \\u00e9t\\u00e9 mises en place entre Saint-Jean-de-Maurienne et Les Botti\\u00e8res. Durant la saison d'hiver, vous\",\"breadcrumb\":{\"@id\":\"https:\/\/www.montagnicimes.com\/les-bottieres\/sinformer\/navettes-et-ski-bus\/#breadcrumb\"},\"inLanguage\":\"fr-FR\",\"potentialAction\":[{\"@type\":\"ReadAction\",\"target\":[\"https:\/\/www.montagnicimes.com\/les-bottieres\/sinformer\/navettes-et-ski-bus\/\"]}]},{\"@type\":\"BreadcrumbList\",\"@id\":\"https:\/\/www.montagnicimes.com\/les-bottieres\/sinformer\/navettes-et-ski-bus\/#breadcrumb\",\"itemListElement\":[{\"@type\":\"ListItem\",\"position\":1,\"name\":\"Accueil\",\"item\":\"https:\/\/www.montagnicimes.com\/les-bottieres\/\"},{\"@type\":\"ListItem\",\"position\":2,\"name\":\"S&rsquo;informer\",\"item\":\"https:\/\/www.montagnicimes.com\/les-bottieres\/sinformer\/\"},{\"@type\":\"ListItem\",\"position\":3,\"name\":\"Navettes et ski-bus\"}]}]}<\/script>\n<!-- \/ Yoast SEO plugin. -->","yoast_head_json":{"description":"Pour faciliter vos d\u00e9placements, des navettes ont \u00e9t\u00e9 mises en place entre Saint-Jean-de-Maurienne et Les Botti\u00e8res. Durant la saison d'hiver, vous","robots":{"index":"index","follow":"follow","max-snippet":"max-snippet:-1","max-image-preview":"max-image-preview:large","max-video-preview":"max-video-preview:-1"},"canonical":"https:\/\/www.montagnicimes.com\/les-bottieres\/sinformer\/navettes-et-ski-bus\/","og_locale":"fr_FR","og_type":"article","og_title":"Navettes et ski-bus - Les Botti\u00e8res","og_description":"Pour faciliter vos d\u00e9placements, des navettes ont \u00e9t\u00e9 mises en place entre Saint-Jean-de-Maurienne et Les Botti\u00e8res. Durant la saison d'hiver, vous","og_url":"https:\/\/www.montagnicimes.com\/les-bottieres\/sinformer\/navettes-et-ski-bus\/","og_site_name":"Les Botti\u00e8res","article_modified_time":"2026-01-12T08:28:10+00:00","og_image":[{"width":1920,"height":1082,"url":"https:\/\/www.montagnicimes.com\/les-bottieres\/wp-content\/uploads\/sites\/5\/2021\/10\/Porte-dentree-des-Sybelles.jpg","type":"image\/jpeg"}],"twitter_card":"summary_large_image","twitter_misc":{"Dur\u00e9e de lecture estim\u00e9e":"1 minute"},"schema":{"@context":"https:\/\/schema.org","@graph":[{"@type":"WebSite","@id":"https:\/\/www.montagnicimes.com\/les-bottieres\/#website","url":"https:\/\/www.montagnicimes.com\/les-bottieres\/","name":"Les Botti\u00e8res","description":"Office de tourisme Montagnicimes - Les Botti\u00e8res","potentialAction":[{"@type":"SearchAction","target":{"@type":"EntryPoint","urlTemplate":"https:\/\/www.montagnicimes.com\/les-bottieres\/?s={search_term_string}"},"query-input":"required name=search_term_string"}],"inLanguage":"fr-FR"},{"@type":"ImageObject","@id":"https:\/\/www.montagnicimes.com\/les-bottieres\/sinformer\/navettes-et-ski-bus\/#primaryimage","inLanguage":"fr-FR","url":"https:\/\/www.montagnicimes.com\/les-bottieres\/wp-content\/uploads\/sites\/5\/2021\/10\/Porte-dentree-des-Sybelles.jpg","contentUrl":"https:\/\/www.montagnicimes.com\/les-bottieres\/wp-content\/uploads\/sites\/5\/2021\/10\/Porte-dentree-des-Sybelles.jpg","width":1920,"height":1082,"caption":"Station des Botti\u00e8res"},{"@type":"WebPage","@id":"https:\/\/www.montagnicimes.com\/les-bottieres\/sinformer\/navettes-et-ski-bus\/#webpage","url":"https:\/\/www.montagnicimes.com\/les-bottieres\/sinformer\/navettes-et-ski-bus\/","name":"Navettes et ski-bus - Les Botti\u00e8res","isPartOf":{"@id":"https:\/\/www.montagnicimes.com\/les-bottieres\/#website"},"primaryImageOfPage":{"@id":"https:\/\/www.montagnicimes.com\/les-bottieres\/sinformer\/navettes-et-ski-bus\/#primaryimage"},"datePublished":"2021-12-21T14:23:22+00:00","dateModified":"2026-01-12T08:28:10+00:00","description":"Pour faciliter vos d\u00e9placements, des navettes ont \u00e9t\u00e9 mises en place entre Saint-Jean-de-Maurienne et Les Botti\u00e8res. Durant la saison d'hiver, vous","breadcrumb":{"@id":"https:\/\/www.montagnicimes.com\/les-bottieres\/sinformer\/navettes-et-ski-bus\/#breadcrumb"},"inLanguage":"fr-FR","potentialAction":[{"@type":"ReadAction","target":["https:\/\/www.montagnicimes.com\/les-bottieres\/sinformer\/navettes-et-ski-bus\/"]}]},{"@type":"BreadcrumbList","@id":"https:\/\/www.montagnicimes.com\/les-bottieres\/sinformer\/navettes-et-ski-bus\/#breadcrumb","itemListElement":[{"@type":"ListItem","position":1,"name":"Accueil","item":"https:\/\/www.montagnicimes.com\/les-bottieres\/"},{"@type":"ListItem","position":2,"name":"S&rsquo;informer","item":"https:\/\/www.montagnicimes.com\/les-bottieres\/sinformer\/"},{"@type":"ListItem","position":3,"name":"Navettes et ski-bus"}]}]}},"_links":{"self":[{"href":"https:\/\/www.montagnicimes.com\/les-bottieres\/wp-json\/wp\/v2\/pages\/8975"}],"collection":[{"href":"https:\/\/www.montagnicimes.com\/les-bottieres\/wp-json\/wp\/v2\/pages"}],"about":[{"href":"https:\/\/www.montagnicimes.com\/les-bottieres\/wp-json\/wp\/v2\/types\/page"}],"author":[{"embeddable":true,"href":"https:\/\/www.montagnicimes.com\/les-bottieres\/wp-json\/wp\/v2\/users\/7"}],"replies":[{"embeddable":true,"href":"https:\/\/www.montagnicimes.com\/les-bottieres\/wp-json\/wp\/v2\/comments?post=8975"}],"version-history":[{"count":13,"href":"https:\/\/www.montagnicimes.com\/les-bottieres\/wp-json\/wp\/v2\/pages\/8975\/revisions"}],"predecessor-version":[{"id":18501,"href":"https:\/\/www.montagnicimes.com\/les-bottieres\/wp-json\/wp\/v2\/pages\/8975\/revisions\/18501"}],"up":[{"embeddable":true,"href":"https:\/\/www.montagnicimes.com\/les-bottieres\/wp-json\/wp\/v2\/pages\/7594"}],"wp:featuredmedia":[{"embeddable":true,"href":"https:\/\/www.montagnicimes.com\/les-bottieres\/wp-json\/wp\/v2\/media\/8104"}],"wp:attachment":[{"href":"https:\/\/www.montagnicimes.com\/les-bottieres\/wp-json\/wp\/v2\/media?parent=8975"}],"wp:term":[{"taxonomy":"post_tag","embeddable":true,"href":"https:\/\/www.montagnicimes.com\/les-bottieres\/wp-json\/wp\/v2\/post_tag?post=8975"}],"curies":[{"name":"wp","href":"https:\/\/api.w.org\/{rel}","templated":true}]}}