{"id":8183,"date":"2021-10-26T15:04:49","date_gmt":"2021-10-26T13:04:49","guid":{"rendered":"https:\/\/www.montagnicimes.com\/les-bottieres\/?page_id=8183"},"modified":"2025-10-31T09:58:01","modified_gmt":"2025-10-31T08:58:01","slug":"les-sybelles","status":"publish","type":"page","link":"https:\/\/www.montagnicimes.com\/les-bottieres\/decouvrir\/les-sybelles\/","title":{"rendered":"Les Sybelles\u00ae"},"content":{"rendered":"\n<p>Situ\u00e9 en Savoie, en plein c\u0153ur de la Maurienne, venez d\u00e9couvrir le plus grand domaine skiable de Maurienne.<\/p>\n\n\n\n<div class=\"wp-block-buttons is-vertical\"><\/div>\n\n\n\n<figure class=\"wp-block-image size-large\"><img loading=\"lazy\" width=\"1200\" height=\"600\" data-src=\"https:\/\/www.montagnicimes.com\/les-bottieres\/wp-content\/uploads\/sites\/5\/2025\/10\/LesSybelles_bannie\u0300res_600x300-1200x600.jpg\" alt=\"\" class=\"wp-image-18144\" data-srcset=\"https:\/\/www.montagnicimes.com\/les-bottieres\/wp-content\/uploads\/sites\/5\/2025\/10\/LesSybelles_bannie\u0300res_600x300-1200x600.jpg 1200w, https:\/\/www.montagnicimes.com\/les-bottieres\/wp-content\/uploads\/sites\/5\/2025\/10\/LesSybelles_bannie\u0300res_600x300-600x300.jpg 600w, https:\/\/www.montagnicimes.com\/les-bottieres\/wp-content\/uploads\/sites\/5\/2025\/10\/LesSybelles_bannie\u0300res_600x300-768x384.jpg 768w, https:\/\/www.montagnicimes.com\/les-bottieres\/wp-content\/uploads\/sites\/5\/2025\/10\/LesSybelles_bannie\u0300res_600x300-1536x768.jpg 1536w, https:\/\/www.montagnicimes.com\/les-bottieres\/wp-content\/uploads\/sites\/5\/2025\/10\/LesSybelles_bannie\u0300res_600x300-200x100.jpg 200w, https:\/\/www.montagnicimes.com\/les-bottieres\/wp-content\/uploads\/sites\/5\/2025\/10\/LesSybelles_bannie\u0300res_600x300.jpg 1920w\" sizes=\"(max-width: 1200px) 100vw, 1200px\" \/><figcaption>\u00a9OTICoeurdemaurienne<\/figcaption><\/figure>\n\n\n\n<div class=\"wp-block-buttons is-content-justification-center\">\n<div class=\"wp-block-button\"><a class=\"wp-block-button__link\" href=\"https:\/\/sybelles.skiperformance.com\/fr\/hiver\/store#\/fr\/hiver\/buy?skugroup_id=5952\" target=\"_blank\" rel=\"noreferrer noopener\">achetez votre forfait<\/a><\/div>\n<\/div>\n\n\n\n<h3>Le plan des pistes<\/h3>\n\n\n\n<p>Que ce soit en t\u00e9l\u00e9chargement pour pr\u00e9parer en amont de votre voyage au ski aux Les Sybelles\u00ae ou en version live pendant la saison, cette application vous offre des informations en temps r\u00e9el sur l&rsquo;\u00e9tat des pistes et des remont\u00e9es m\u00e9caniques, vous permettant ainsi de planifier sereinement votre journ\u00e9e de ski.<\/p>\n\n\n\n<div class=\"wp-block-buttons is-content-justification-center\">\n<div class=\"wp-block-button\"><a class=\"wp-block-button__link\" href=\"https:\/\/lumiplay.link\/interactive-map\/les-sybelles\/fr\" target=\"_blank\" rel=\"noreferrer noopener\">plan des pistes<\/a><\/div>\n<\/div>\n\n\n\n<h3>Les Sybelles\u00ae, Domaine Inoubliable<\/h3>\n\n\n\n<div class=\"wp-block-media-text alignfull is-stacked-on-mobile is-image-fill\" style=\"grid-template-columns:46% auto\"><figure class=\"wp-block-media-text__media\" style=\"background-image:url(https:\/\/www.montagnicimes.com\/les-bottieres\/wp-content\/uploads\/sites\/5\/2022\/11\/6belles_Janvier_2020_teaser__credit_David_Malacrida_www.elmerjack.com_HD-823-1200x800.jpg);background-position:50% 50%\"><img loading=\"lazy\" width=\"1200\" height=\"800\" data-src=\"https:\/\/www.montagnicimes.com\/les-bottieres\/wp-content\/uploads\/sites\/5\/2022\/11\/6belles_Janvier_2020_teaser__credit_David_Malacrida_www.elmerjack.com_HD-823-1200x800.jpg\" alt=\"6belles_Janvier_2020\" class=\"wp-image-11147 size-full\" data-srcset=\"https:\/\/www.montagnicimes.com\/les-bottieres\/wp-content\/uploads\/sites\/5\/2022\/11\/6belles_Janvier_2020_teaser__credit_David_Malacrida_www.elmerjack.com_HD-823-1200x800.jpg 1200w, https:\/\/www.montagnicimes.com\/les-bottieres\/wp-content\/uploads\/sites\/5\/2022\/11\/6belles_Janvier_2020_teaser__credit_David_Malacrida_www.elmerjack.com_HD-823-600x400.jpg 600w, https:\/\/www.montagnicimes.com\/les-bottieres\/wp-content\/uploads\/sites\/5\/2022\/11\/6belles_Janvier_2020_teaser__credit_David_Malacrida_www.elmerjack.com_HD-823-768x512.jpg 768w, https:\/\/www.montagnicimes.com\/les-bottieres\/wp-content\/uploads\/sites\/5\/2022\/11\/6belles_Janvier_2020_teaser__credit_David_Malacrida_www.elmerjack.com_HD-823-1536x1024.jpg 1536w, https:\/\/www.montagnicimes.com\/les-bottieres\/wp-content\/uploads\/sites\/5\/2022\/11\/6belles_Janvier_2020_teaser__credit_David_Malacrida_www.elmerjack.com_HD-823-200x133.jpg 200w, https:\/\/www.montagnicimes.com\/les-bottieres\/wp-content\/uploads\/sites\/5\/2022\/11\/6belles_Janvier_2020_teaser__credit_David_Malacrida_www.elmerjack.com_HD-823.jpg 1920w\" sizes=\"(max-width: 1200px) 100vw, 1200px\" \/><\/figure><div class=\"wp-block-media-text__content\">\n<p>En parcourant le domaine, vous trouverez 21 zones ludiques, pour tout niveau. Vous b\u00e9n\u00e9ficierez d\u2019un snowpark, une easypark, 3 boardercross, 4 pistes freeride, une piste ludique des Vikings, 1 espace Snowpy Mountain, 1 Sybelles Explor Games, 6 espaces d\u00e9butants, 2 espaces ludiques luge-ski et 8 jardins des neiges pour s\u2019initier \u00e0 la glisse.<\/p>\n\n\n\n<p>Les diff\u00e9rentes stations proposent \u00e9galement des activit\u00e9s, des animations et des locations (luges, raquettes, etc.) pour les vacanciers apr\u00e8s-ski aux pieds, afin de partager des moments inoubliables en montagne. La richesse des activit\u00e9s propos\u00e9es saura satisfaire petits et grands.<\/p>\n\n\n\n<p>Pour les plus sportifs d\u2019entre vous, que ce soit \u00e0 ski en hiver ou bien \u00e0 v\u00e9lo en \u00e9t\u00e9, venez d\u00e9valer les pentes, vous surpasser, faire le plein de sensations fortes et relever les plus grands d\u00e9fis. Vous go\u00fbterez au sentiment de libert\u00e9.<\/p>\n\n\n\n<p>Pendant la pause du midi ou en soir\u00e9e, les gourmands pourront d\u00e9couvrir les sp\u00e9cialit\u00e9s savoyardes dans les nombreux lieux de restauration en station ou sur les pistes.<\/p>\n<\/div><\/div>\n\n\n\n<h3>Nos paysages<\/h3>\n\n\n\n<p>Surplomb\u00e9 par les mythiques Aiguilles d\u2019Arves, le domaine skiable des Sybelles\u00ae offre une vue 360\u00b0 imprenable et des paysages \u00e9poustouflants. De quoi en mettre plein les yeux. Le domaine skiable des Sybelles\u00ae vous s\u00e9duira par la beaut\u00e9 de son cadre pr\u00e9serv\u00e9 et ses paysages grandioses. Vous pourrez m\u00eame contempler le Mont-Blanc dans les hauteurs du domaine. Et\u00e9 comme hiver, vous pourrez appr\u00e9cier le magnifique panorama de nos montagnes, vous ressourcer et vous reconnecter avec la nature.<\/p>\n\n\n\n<figure class=\"wp-block-image size-full\"><img loading=\"lazy\" width=\"1150\" height=\"500\" data-src=\"https:\/\/www.montagnicimes.com\/les-bottieres\/wp-content\/uploads\/sites\/5\/2021\/11\/Sans-titre-1.jpg\" alt=\"Saint-sorlin\" class=\"wp-image-8248\" data-srcset=\"https:\/\/www.montagnicimes.com\/les-bottieres\/wp-content\/uploads\/sites\/5\/2021\/11\/Sans-titre-1.jpg 1150w, https:\/\/www.montagnicimes.com\/les-bottieres\/wp-content\/uploads\/sites\/5\/2021\/11\/Sans-titre-1-600x261.jpg 600w, https:\/\/www.montagnicimes.com\/les-bottieres\/wp-content\/uploads\/sites\/5\/2021\/11\/Sans-titre-1-768x334.jpg 768w, https:\/\/www.montagnicimes.com\/les-bottieres\/wp-content\/uploads\/sites\/5\/2021\/11\/Sans-titre-1-200x87.jpg 200w\" sizes=\"(max-width: 1150px) 100vw, 1150px\" \/><figcaption>Saint-Sorlin-d&rsquo;Arves \u00a9JMChapellaz<\/figcaption><\/figure>\n\n\n\n<h3>Acc\u00e8s aux stations<\/h3>\n\n\n\n<p>Une fois arriv\u00e9s, deux possibilit\u00e9s s\u2019offrent \u00e0 vous pour naviguer entre les diff\u00e9rentes stations. Skis aux pieds, empruntez les liaisons par les remont\u00e9es m\u00e9caniques et les pistes. Pi\u00e9tons : des navettes ski-bus sont \u00e0 votre disposition (La Toussuire &lt;-&gt; Le Corbier\u00a0; Saint-Sorlin-d\u2019Arves &lt;-&gt; Saint-Jean-d\u2019Arves).<\/p>\n","protected":false},"excerpt":{"rendered":"<p>Situ\u00e9 en Savoie, en plein c\u0153ur de la Maurienne, venez d\u00e9couvrir le plus grand domaine skiable de Maurienne. Le plan des pistes Que ce soit en t\u00e9l\u00e9chargement pour pr\u00e9parer en amont de votre voyage au ski aux Les Sybelles\u00ae ou en version live pendant la saison, cette application vous offre des informations en temps r\u00e9el [&hellip;]<\/p>\n","protected":false},"author":2,"featured_media":14544,"parent":7572,"menu_order":1,"comment_status":"closed","ping_status":"closed","template":"","meta":{"_relevanssi_hide_post":"","_relevanssi_pin_for_all":"","_relevanssi_pin_keywords":"","_relevanssi_unpin_keywords":"","_relevanssi_related_keywords":"","_relevanssi_related_include_ids":"","_relevanssi_related_exclude_ids":"","_relevanssi_related_no_append":"","_relevanssi_related_not_related":"","_relevanssi_related_posts":"493,489,491","_relevanssi_noindex_reason":""},"post_tag":[],"acf":[],"yoast_head":"<!-- This site is optimized with the Yoast SEO plugin v17.6 - https:\/\/yoast.com\/wordpress\/plugins\/seo\/ -->\n<meta name=\"description\" content=\"Situ\u00e9 en Savoie, en plein c\u0153ur de la Maurienne, venez d\u00e9couvrir le plus grand domaine skiable de Maurienne.\" \/>\n<meta name=\"robots\" content=\"index, follow, max-snippet:-1, max-image-preview:large, max-video-preview:-1\" \/>\n<link rel=\"canonical\" href=\"https:\/\/www.montagnicimes.com\/decouvrir\/aux-alentours\/les-sybelles\/\" \/>\n<meta property=\"og:locale\" content=\"fr_FR\" \/>\n<meta property=\"og:type\" content=\"article\" \/>\n<meta property=\"og:title\" content=\"Les Sybelles\u00ae - Les Botti\u00e8res\" \/>\n<meta property=\"og:description\" content=\"Situ\u00e9 en Savoie, en plein c\u0153ur de la Maurienne, venez d\u00e9couvrir le plus grand domaine skiable de Maurienne.\" \/>\n<meta property=\"og:url\" content=\"https:\/\/www.montagnicimes.com\/decouvrir\/aux-alentours\/les-sybelles\/\" \/>\n<meta property=\"og:site_name\" content=\"Les Botti\u00e8res\" \/>\n<meta property=\"article:modified_time\" content=\"2025-10-31T08:58:01+00:00\" \/>\n<meta property=\"og:image\" content=\"https:\/\/www.montagnicimes.com\/les-bottieres\/wp-content\/uploads\/sites\/5\/2024\/03\/sybelles-ete-\u00a9valentineBMphotographie.jpg\" \/>\n\t<meta property=\"og:image:width\" content=\"1000\" \/>\n\t<meta property=\"og:image:height\" content=\"1000\" \/>\n<meta name=\"twitter:card\" content=\"summary_large_image\" \/>\n<meta name=\"twitter:label1\" content=\"Dur\u00e9e de lecture estim\u00e9e\" \/>\n\t<meta name=\"twitter:data1\" content=\"3 minutes\" \/>\n<script type=\"application\/ld+json\" class=\"yoast-schema-graph\">{\"@context\":\"https:\/\/schema.org\",\"@graph\":[{\"@type\":\"WebSite\",\"@id\":\"https:\/\/www.montagnicimes.com\/les-bottieres\/#website\",\"url\":\"https:\/\/www.montagnicimes.com\/les-bottieres\/\",\"name\":\"Les Botti\\u00e8res\",\"description\":\"Office de tourisme Montagnicimes - Les Botti\\u00e8res\",\"potentialAction\":[{\"@type\":\"SearchAction\",\"target\":{\"@type\":\"EntryPoint\",\"urlTemplate\":\"https:\/\/www.montagnicimes.com\/les-bottieres\/?s={search_term_string}\"},\"query-input\":\"required name=search_term_string\"}],\"inLanguage\":\"fr-FR\"},{\"@type\":\"ImageObject\",\"@id\":\"https:\/\/www.montagnicimes.com\/decouvrir\/aux-alentours\/les-sybelles\/#primaryimage\",\"inLanguage\":\"fr-FR\",\"url\":\"https:\/\/www.montagnicimes.com\/les-bottieres\/wp-content\/uploads\/sites\/5\/2024\/03\/sybelles-ete-\\u00a9valentineBMphotographie.jpg\",\"contentUrl\":\"https:\/\/www.montagnicimes.com\/les-bottieres\/wp-content\/uploads\/sites\/5\/2024\/03\/sybelles-ete-\\u00a9valentineBMphotographie.jpg\",\"width\":1000,\"height\":1000,\"caption\":\"#sybelles \\u00e9t\\u00e9\"},{\"@type\":\"WebPage\",\"@id\":\"https:\/\/www.montagnicimes.com\/decouvrir\/aux-alentours\/les-sybelles\/#webpage\",\"url\":\"https:\/\/www.montagnicimes.com\/decouvrir\/aux-alentours\/les-sybelles\/\",\"name\":\"Les Sybelles\\u00ae - Les Botti\\u00e8res\",\"isPartOf\":{\"@id\":\"https:\/\/www.montagnicimes.com\/les-bottieres\/#website\"},\"primaryImageOfPage\":{\"@id\":\"https:\/\/www.montagnicimes.com\/decouvrir\/aux-alentours\/les-sybelles\/#primaryimage\"},\"datePublished\":\"2021-10-26T13:04:49+00:00\",\"dateModified\":\"2025-10-31T08:58:01+00:00\",\"description\":\"Situ\\u00e9 en Savoie, en plein c\\u0153ur de la Maurienne, venez d\\u00e9couvrir le plus grand domaine skiable de Maurienne.\",\"breadcrumb\":{\"@id\":\"https:\/\/www.montagnicimes.com\/decouvrir\/aux-alentours\/les-sybelles\/#breadcrumb\"},\"inLanguage\":\"fr-FR\",\"potentialAction\":[{\"@type\":\"ReadAction\",\"target\":[\"https:\/\/www.montagnicimes.com\/decouvrir\/aux-alentours\/les-sybelles\/\"]}]},{\"@type\":\"BreadcrumbList\",\"@id\":\"https:\/\/www.montagnicimes.com\/decouvrir\/aux-alentours\/les-sybelles\/#breadcrumb\",\"itemListElement\":[{\"@type\":\"ListItem\",\"position\":1,\"name\":\"Accueil\",\"item\":\"https:\/\/www.montagnicimes.com\/les-bottieres\/\"},{\"@type\":\"ListItem\",\"position\":2,\"name\":\"D\\u00e9couvrir\",\"item\":\"https:\/\/www.montagnicimes.com\/les-bottieres\/decouvrir\/\"},{\"@type\":\"ListItem\",\"position\":3,\"name\":\"Les Sybelles\\u00ae\"}]}]}<\/script>\n<!-- \/ Yoast SEO plugin. -->","yoast_head_json":{"description":"Situ\u00e9 en Savoie, en plein c\u0153ur de la Maurienne, venez d\u00e9couvrir le plus grand domaine skiable de Maurienne.","robots":{"index":"index","follow":"follow","max-snippet":"max-snippet:-1","max-image-preview":"max-image-preview:large","max-video-preview":"max-video-preview:-1"},"canonical":"https:\/\/www.montagnicimes.com\/decouvrir\/aux-alentours\/les-sybelles\/","og_locale":"fr_FR","og_type":"article","og_title":"Les Sybelles\u00ae - Les Botti\u00e8res","og_description":"Situ\u00e9 en Savoie, en plein c\u0153ur de la Maurienne, venez d\u00e9couvrir le plus grand domaine skiable de Maurienne.","og_url":"https:\/\/www.montagnicimes.com\/decouvrir\/aux-alentours\/les-sybelles\/","og_site_name":"Les Botti\u00e8res","article_modified_time":"2025-10-31T08:58:01+00:00","og_image":[{"width":1000,"height":1000,"url":"https:\/\/www.montagnicimes.com\/les-bottieres\/wp-content\/uploads\/sites\/5\/2024\/03\/sybelles-ete-\u00a9valentineBMphotographie.jpg","type":"image\/jpeg"}],"twitter_card":"summary_large_image","twitter_misc":{"Dur\u00e9e de lecture estim\u00e9e":"3 minutes"},"schema":{"@context":"https:\/\/schema.org","@graph":[{"@type":"WebSite","@id":"https:\/\/www.montagnicimes.com\/les-bottieres\/#website","url":"https:\/\/www.montagnicimes.com\/les-bottieres\/","name":"Les Botti\u00e8res","description":"Office de tourisme Montagnicimes - Les Botti\u00e8res","potentialAction":[{"@type":"SearchAction","target":{"@type":"EntryPoint","urlTemplate":"https:\/\/www.montagnicimes.com\/les-bottieres\/?s={search_term_string}"},"query-input":"required name=search_term_string"}],"inLanguage":"fr-FR"},{"@type":"ImageObject","@id":"https:\/\/www.montagnicimes.com\/decouvrir\/aux-alentours\/les-sybelles\/#primaryimage","inLanguage":"fr-FR","url":"https:\/\/www.montagnicimes.com\/les-bottieres\/wp-content\/uploads\/sites\/5\/2024\/03\/sybelles-ete-\u00a9valentineBMphotographie.jpg","contentUrl":"https:\/\/www.montagnicimes.com\/les-bottieres\/wp-content\/uploads\/sites\/5\/2024\/03\/sybelles-ete-\u00a9valentineBMphotographie.jpg","width":1000,"height":1000,"caption":"#sybelles \u00e9t\u00e9"},{"@type":"WebPage","@id":"https:\/\/www.montagnicimes.com\/decouvrir\/aux-alentours\/les-sybelles\/#webpage","url":"https:\/\/www.montagnicimes.com\/decouvrir\/aux-alentours\/les-sybelles\/","name":"Les Sybelles\u00ae - Les Botti\u00e8res","isPartOf":{"@id":"https:\/\/www.montagnicimes.com\/les-bottieres\/#website"},"primaryImageOfPage":{"@id":"https:\/\/www.montagnicimes.com\/decouvrir\/aux-alentours\/les-sybelles\/#primaryimage"},"datePublished":"2021-10-26T13:04:49+00:00","dateModified":"2025-10-31T08:58:01+00:00","description":"Situ\u00e9 en Savoie, en plein c\u0153ur de la Maurienne, venez d\u00e9couvrir le plus grand domaine skiable de Maurienne.","breadcrumb":{"@id":"https:\/\/www.montagnicimes.com\/decouvrir\/aux-alentours\/les-sybelles\/#breadcrumb"},"inLanguage":"fr-FR","potentialAction":[{"@type":"ReadAction","target":["https:\/\/www.montagnicimes.com\/decouvrir\/aux-alentours\/les-sybelles\/"]}]},{"@type":"BreadcrumbList","@id":"https:\/\/www.montagnicimes.com\/decouvrir\/aux-alentours\/les-sybelles\/#breadcrumb","itemListElement":[{"@type":"ListItem","position":1,"name":"Accueil","item":"https:\/\/www.montagnicimes.com\/les-bottieres\/"},{"@type":"ListItem","position":2,"name":"D\u00e9couvrir","item":"https:\/\/www.montagnicimes.com\/les-bottieres\/decouvrir\/"},{"@type":"ListItem","position":3,"name":"Les Sybelles\u00ae"}]}]}},"_links":{"self":[{"href":"https:\/\/www.montagnicimes.com\/les-bottieres\/wp-json\/wp\/v2\/pages\/8183"}],"collection":[{"href":"https:\/\/www.montagnicimes.com\/les-bottieres\/wp-json\/wp\/v2\/pages"}],"about":[{"href":"https:\/\/www.montagnicimes.com\/les-bottieres\/wp-json\/wp\/v2\/types\/page"}],"author":[{"embeddable":true,"href":"https:\/\/www.montagnicimes.com\/les-bottieres\/wp-json\/wp\/v2\/users\/2"}],"replies":[{"embeddable":true,"href":"https:\/\/www.montagnicimes.com\/les-bottieres\/wp-json\/wp\/v2\/comments?post=8183"}],"version-history":[{"count":29,"href":"https:\/\/www.montagnicimes.com\/les-bottieres\/wp-json\/wp\/v2\/pages\/8183\/revisions"}],"predecessor-version":[{"id":18155,"href":"https:\/\/www.montagnicimes.com\/les-bottieres\/wp-json\/wp\/v2\/pages\/8183\/revisions\/18155"}],"up":[{"embeddable":true,"href":"https:\/\/www.montagnicimes.com\/les-bottieres\/wp-json\/wp\/v2\/pages\/7572"}],"wp:featuredmedia":[{"embeddable":true,"href":"https:\/\/www.montagnicimes.com\/les-bottieres\/wp-json\/wp\/v2\/media\/14544"}],"wp:attachment":[{"href":"https:\/\/www.montagnicimes.com\/les-bottieres\/wp-json\/wp\/v2\/media?parent=8183"}],"wp:term":[{"taxonomy":"post_tag","embeddable":true,"href":"https:\/\/www.montagnicimes.com\/les-bottieres\/wp-json\/wp\/v2\/post_tag?post=8183"}],"curies":[{"name":"wp","href":"https:\/\/api.w.org\/{rel}","templated":true}]}}