{"id":7659,"date":"2021-09-24T17:08:09","date_gmt":"2021-09-24T15:08:09","guid":{"rendered":"https:\/\/www.montagnicimes.com\/les-bottieres\/comment-venir\/"},"modified":"2024-12-17T14:42:11","modified_gmt":"2024-12-17T13:42:11","slug":"comment-venir","status":"publish","type":"page","link":"https:\/\/www.montagnicimes.com\/les-bottieres\/sinformer\/comment-venir\/","title":{"rendered":"Comment venir ?"},"content":{"rendered":"\n<p class=\"is-style-excerpt\">A seulement 2h de Lyon, Turin et Gen\u00e8ve, et \u00e0 1h de Chamb\u00e9ry et Grenoble, venez vous ressourcer chez nous !<\/p>\n\n\n\n<div class=\"wp-block wp-block-related-post clear alignfull\">\n\n    <div class=\"article\">\n                    <h2 class=\"wp-block-related-post-title\">Nos transports<\/h2>\n        \n            <\/div>\n\n    <div class=\"container\">\n        <div class=\"wp-block-related-post-inner\">\n            <div data-id=\"wpiris-related-post\" data-slides-per-view=\"2\">\n                <div data-id=\"wpiris-related-post-wrapper\">\n                                            \n<div class=\"postItem swiper-slide\" data-trigger=\"wpiris-click\" >\n    <a href=\"https:\/\/www.montagnicimes.com\/les-bottieres\/commerce-service\/taxi-rol-remy-et-fils\/\" nofancybox class=\"postItemThumbnail\">\n        <img data-src=\"https:\/\/www.montagnicimes.com\/les-bottieres\/wp-content\/uploads\/sites\/5\/wpiris-images\/18178\/15796671-diaporama-590x440-c.jpg\" alt=\"Taxi Rol R\u00e9my et Fils\">\n    <\/a>\n    <div class=\"postItemContent\">\n\n        <div class=\"postItemContentHeading\">\n                                    <h3 class=\"postItemContentTitle\" >\n                <a href=\"https:\/\/www.montagnicimes.com\/les-bottieres\/commerce-service\/taxi-rol-remy-et-fils\/\">Taxi Rol R\u00e9my et Fils<\/a>\n            <\/h3>                    <\/div>\n        \n<div class=\"postItemContentExcerpt\">\n    Les taxis Rol, ce sont 5 v\u00e9hicules \u00e0 votre disposition pour vos transferts gare-a\u00e9roport-stations, vos trajets du quotidien ou encore vos d\u00e9placements m\u00e9dicaux. Conventionn\u00e9 CPAM.<\/div>\n    <\/div>\n<\/div>\n                                            \n<div class=\"postItem swiper-slide\" data-trigger=\"wpiris-click\" >\n    <a href=\"https:\/\/www.montagnicimes.com\/les-bottieres\/commerce-service\/gare-sncf\/\" nofancybox class=\"postItemThumbnail\">\n        <img data-src=\"https:\/\/www.montagnicimes.com\/les-bottieres\/wp-content\/uploads\/sites\/5\/wpiris-images\/11167\/15737009-diaporama-590x440-c.jpg\" alt=\"Gare SNCF\">\n    <\/a>\n    <div class=\"postItemContent\">\n\n        <div class=\"postItemContentHeading\">\n                                    <h3 class=\"postItemContentTitle\" >\n                <a href=\"https:\/\/www.montagnicimes.com\/les-bottieres\/commerce-service\/gare-sncf\/\">Gare SNCF<\/a>\n            <\/h3>                    <\/div>\n        \n<div class=\"postItemContentExcerpt\">\n    La gare routi\u00e8re et ferroviaire SNCF de Saint-Jean-de-Maurienne est desservie par des trains TER, TGV et Frecciarossa ainsi que par des cars, en provenance de Chamb\u00e9ry, Paris, Modane, Turin, Milan\u2026 En hiver et en \u00e9t\u00e9, des navettes la relient aux stations.<\/div>\n    <\/div>\n<\/div>\n                                            \n<div class=\"postItem swiper-slide\" data-trigger=\"wpiris-click\" >\n    <a href=\"https:\/\/www.montagnicimes.com\/les-bottieres\/commerce-service\/allo-taxi-st-jean-73\/\" nofancybox class=\"postItemThumbnail\">\n        <img data-src=\"https:\/\/www.montagnicimes.com\/les-bottieres\/wp-content\/uploads\/sites\/5\/wpiris-images\/18180\/35564475-diaporama-590x440-c.jpg\" alt=\"Allo Taxi St Jean 73\">\n    <\/a>\n    <div class=\"postItemContent\">\n\n        <div class=\"postItemContentHeading\">\n                                    <h3 class=\"postItemContentTitle\" >\n                <a href=\"https:\/\/www.montagnicimes.com\/les-bottieres\/commerce-service\/allo-taxi-st-jean-73\/\">Allo Taxi St Jean 73<\/a>\n            <\/h3>                    <\/div>\n        \n<div class=\"postItemContentExcerpt\">\n    Allo Taxi St Jean 73 vous propose un service de taxi courtes et longues distances depuis Saint-Jean-de-Maurienne, dans un v\u00e9hicule 6 places ou 4 places avec bagages.<\/div>\n    <\/div>\n<\/div>\n                                            \n<div class=\"postItem swiper-slide\" data-trigger=\"wpiris-click\" >\n    <a href=\"https:\/\/www.montagnicimes.com\/les-bottieres\/commerce-service\/taxi-flammier\/\" nofancybox class=\"postItemThumbnail\">\n        <img data-src=\"https:\/\/www.montagnicimes.com\/les-bottieres\/wp-content\/uploads\/sites\/5\/wpiris-images\/17395\/33216740-diaporama-590x440-c.png\" alt=\"Taxi Flammier\">\n    <\/a>\n    <div class=\"postItemContent\">\n\n        <div class=\"postItemContentHeading\">\n                                    <h3 class=\"postItemContentTitle\" >\n                <a href=\"https:\/\/www.montagnicimes.com\/les-bottieres\/commerce-service\/taxi-flammier\/\">Taxi Flammier<\/a>\n            <\/h3>                    <\/div>\n        \n<div class=\"postItemContentExcerpt\">\n    Taxi priv\u00e9 et conventionn\u00e9, toutes distances, bas\u00e9 \u00e0 Saint-Jean-de-Maurienne.<\/div>\n    <\/div>\n<\/div>\n                                            \n<div class=\"postItem swiper-slide\" data-trigger=\"wpiris-click\" >\n    <a href=\"https:\/\/www.montagnicimes.com\/les-bottieres\/commerce-service\/trans-alpes\/\" nofancybox class=\"postItemThumbnail\">\n        <img data-src=\"https:\/\/www.montagnicimes.com\/les-bottieres\/wp-content\/uploads\/sites\/5\/wpiris-images\/11968\/17129370-diaporama-590x440-c.jpg\" alt=\"Trans-Alpes\">\n    <\/a>\n    <div class=\"postItemContent\">\n\n        <div class=\"postItemContentHeading\">\n                                    <h3 class=\"postItemContentTitle\" >\n                <a href=\"https:\/\/www.montagnicimes.com\/les-bottieres\/commerce-service\/trans-alpes\/\">Trans-Alpes<\/a>\n            <\/h3>                    <\/div>\n        \n<div class=\"postItemContentExcerpt\">\n    Transport de voyageurs, organisateur de voyages et excursions\nAutocars Grand Tourisme &#8211; Minibus &#8211; Taxis.\nTransferts toutes distances, a\u00e9roports, liaisons gare-station \u00e0 la demande.\nParking Autocars, organisation de transport avec remorque \u00e0 v\u00e9los.<\/div>\n    <\/div>\n<\/div>\n                                    <\/div>\n            <\/div>\n        <\/div>\n    <\/div>\n\n    <div class=\"article\">\n                    <div class=\"wp-block-related-post-permalink\">\n                <a class=\"button\" href=\"https:\/\/www.montagnicimes.com\/les-bottieres\/sinformer\/comment-venir\/transports\/\" title='Nos transports'>Tout voir<\/a>\n            <\/div>\n            <\/div>\n<\/div>\n\n\n<div class=\"wp-block-media-text alignwide is-stacked-on-mobile\" style=\"grid-template-columns:15% auto\"><figure class=\"wp-block-media-text__media\"><img loading=\"lazy\" width=\"398\" height=\"246\" data-src=\"https:\/\/www.montagnicimes.com\/les-bottieres\/wp-content\/uploads\/sites\/5\/2021\/10\/voiture-bot.png\" alt=\"icone voiture\" class=\"wp-image-8110 size-full\" data-srcset=\"https:\/\/www.montagnicimes.com\/les-bottieres\/wp-content\/uploads\/sites\/5\/2021\/10\/voiture-bot.png 398w, https:\/\/www.montagnicimes.com\/les-bottieres\/wp-content\/uploads\/sites\/5\/2021\/10\/voiture-bot-200x124.png 200w\" sizes=\"(max-width: 398px) 100vw, 398px\" \/><\/figure><div class=\"wp-block-media-text__content\">\n<h5>En voiture<\/h5>\n\n\n\n<p>Prenez <strong>l&rsquo;autoroute A43<\/strong> en direction de Turin (Tunnel du Fr\u00e9jus, Italie),&nbsp;<strong>sortie n\u00b027<\/strong>&nbsp;Hermillon Saint-Jean-de-Maurienne, ou route <strong>d\u00e9partementale 1006<\/strong> (ex-RN6) direction Modane, Turin.<\/p>\n\n\n\n<p>Traverser la ville et suivre \u00ab vall\u00e9e de l\u2019Arvan, col de la Croix de Fer&nbsp;\u00bb. Prendre \u00e0 droite la D78 D direction Saint-Pancrace puis suivre les Botti\u00e8res.<\/p>\n\n\n\n<p><strong>Les Botti\u00e8res sont \u00e0 188 km de Lyon et 143 km de Turin<\/strong>.<\/p>\n\n\n\n<p><em>Par <\/em><a href=\"https:\/\/www.savoie.gouv.fr\/content\/download\/37333\/267137\/file\/Arr%C3%AAt%C3%A9%20pr%C3%A9fectoral%20sign%C3%A9%20avec%20carte%20p%C3%A9rim%C3%A8tre%20concern%C3%A9.pdf\"><em>arr\u00eat\u00e9 pr\u00e9fectoral du 29\/09\/2021<\/em><\/a><em> les \u00e9quipements sp\u00e9ciaux sont obligatoires sur les routes de Savoie du 1<sup>er<\/sup> novembre au 31 mars<\/em>.<\/p>\n\n\n\n<div class=\"wp-block-buttons\">\n<div class=\"wp-block-button is-style-download\"><a class=\"wp-block-button__link\" href=\"https:\/\/savoie-route.fr\/\" target=\"_blank\" rel=\"noreferrer noopener\">consulter l&rsquo;\u00e9tat des routes sur www.savoie-route.fr<\/a><\/div>\n<\/div>\n\n\n\n<p><\/p>\n<\/div><\/div>\n\n\n\n<hr class=\"wp-block-separator is-style-default\" \/>\n\n\n\n<div class=\"wp-block-media-text alignwide is-stacked-on-mobile is-vertically-aligned-center\" style=\"grid-template-columns:15% auto\"><figure class=\"wp-block-media-text__media\"><img loading=\"lazy\" width=\"405\" height=\"228\" data-src=\"https:\/\/montagnicimes.preprod5.irislab.top\/les-bottieres\/wp-content\/uploads\/sites\/5\/2021\/10\/bus-bot.png\" alt=\"icone bus\" class=\"wp-image-8111 size-full\" data-srcset=\"https:\/\/www.montagnicimes.com\/les-bottieres\/wp-content\/uploads\/sites\/5\/2021\/10\/bus-bot.png 405w, https:\/\/www.montagnicimes.com\/les-bottieres\/wp-content\/uploads\/sites\/5\/2021\/10\/bus-bot-200x113.png 200w\" sizes=\"(max-width: 405px) 100vw, 405px\" \/><\/figure><div class=\"wp-block-media-text__content\">\n<h5>En bus<\/h5>\n\n\n\n<p>Au d\u00e9part de la gare SNCF de Saint-Jean-de-Maurienne, retrouvez une navette qui vous emm\u00e8nera \u00e0 la station des Botti\u00e8res. <\/p>\n\n\n\n<div class=\"wp-block-buttons\">\n<div class=\"wp-block-button\"><a class=\"wp-block-button__link\" href=\"https:\/\/www.cars-region-savoie.fr\/destinations\/saint-jean-de-maurienne\/\" target=\"_blank\" rel=\"noreferrer noopener\">consulter les horaires et tarifs des navettes<\/a><\/div>\n<\/div>\n<\/div><\/div>\n\n\n\n<hr class=\"wp-block-separator is-style-default\" \/>\n\n\n\n<div class=\"wp-block-media-text alignwide is-stacked-on-mobile is-vertically-aligned-center\" style=\"grid-template-columns:15% auto\"><figure class=\"wp-block-media-text__media\"><img loading=\"lazy\" width=\"305\" height=\"384\" data-src=\"https:\/\/www.montagnicimes.com\/les-bottieres\/wp-content\/uploads\/sites\/5\/2021\/10\/train-bot.png\" alt=\"icone train\" class=\"wp-image-8112 size-full\" data-srcset=\"https:\/\/www.montagnicimes.com\/les-bottieres\/wp-content\/uploads\/sites\/5\/2021\/10\/train-bot.png 305w, https:\/\/www.montagnicimes.com\/les-bottieres\/wp-content\/uploads\/sites\/5\/2021\/10\/train-bot-200x252.png 200w\" sizes=\"(max-width: 305px) 100vw, 305px\" \/><\/figure><div class=\"wp-block-media-text__content\">\n<h5>En train<\/h5>\n\n\n\n<p>\u00c0 moins de 4 heures de Paris en TGV, la SNCF propose des liaisons r\u00e9guli\u00e8res pour arriver \u00e0 la gare de Saint-Jean-de-Maurienne.<\/p>\n\n\n\n<div class=\"wp-block-columns are-vertically-aligned-center\">\n<div class=\"wp-block-column is-vertically-aligned-center\">\n<div class=\"wp-block-buttons is-content-justification-center\">\n<div class=\"wp-block-button\"><a class=\"wp-block-button__link\" href=\"https:\/\/www.sncf-connect.com\/\" target=\"_blank\" rel=\"noreferrer noopener\">r\u00e9servez votre billet sur sncf<\/a><\/div>\n<\/div>\n<\/div>\n\n\n\n<div class=\"wp-block-column is-vertically-aligned-center\">\n<div class=\"wp-block-buttons is-content-justification-center\">\n<div class=\"wp-block-button\"><a class=\"wp-block-button__link\" href=\"https:\/\/www.thetrainline.com\/fr\" target=\"_blank\" rel=\"noreferrer noopener\">r\u00e9servez votre billet sur trainline<\/a><\/div>\n<\/div>\n<\/div>\n<\/div>\n\n\n\n<p><\/p>\n<\/div><\/div>\n\n\n\n<hr class=\"wp-block-separator is-style-default\" \/>\n\n\n\n<div class=\"wp-block-media-text alignwide is-stacked-on-mobile is-vertically-aligned-center\" style=\"grid-template-columns:15% auto\"><figure class=\"wp-block-media-text__media\"><img loading=\"lazy\" width=\"394\" height=\"393\" data-src=\"https:\/\/www.montagnicimes.com\/les-bottieres\/wp-content\/uploads\/sites\/5\/2021\/10\/avion-bot.png\" alt=\"icone avion\" class=\"wp-image-8113 size-full\" data-srcset=\"https:\/\/www.montagnicimes.com\/les-bottieres\/wp-content\/uploads\/sites\/5\/2021\/10\/avion-bot.png 394w, https:\/\/www.montagnicimes.com\/les-bottieres\/wp-content\/uploads\/sites\/5\/2021\/10\/avion-bot-300x300.png 300w, https:\/\/www.montagnicimes.com\/les-bottieres\/wp-content\/uploads\/sites\/5\/2021\/10\/avion-bot-200x199.png 200w\" sizes=\"(max-width: 394px) 100vw, 394px\" \/><\/figure><div class=\"wp-block-media-text__content\">\n<h5>En avion<\/h5>\n\n\n\n<p>Les a\u00e9roports de Chamb\u00e9ry, Grenoble, Gen\u00e8ve, Lyon et Turin sont \u00e0 moins de deux heures de route.<\/p>\n\n\n\n<p>Pour les a\u00e9roports de Chamb\u00e9ry, Gen\u00e8ve, Lyon&nbsp;: navette directe depuis la gare routi\u00e8re de Chamb\u00e9ry, accol\u00e9e \u00e0 la gare SNCF, facilement accessible en TER depuis Saint-Jean-de-Maurienne.<\/p>\n<\/div><\/div>\n","protected":false},"excerpt":{"rendered":"<p>A seulement 2h de Lyon, Turin et Gen\u00e8ve, et \u00e0 1h de Chamb\u00e9ry et Grenoble, venez vous ressourcer chez nous ! En avion Les a\u00e9roports de Chamb\u00e9ry, Grenoble, Gen\u00e8ve, Lyon et Turin sont \u00e0 moins de deux heures de route. Pour les a\u00e9roports de Chamb\u00e9ry, Gen\u00e8ve, Lyon&nbsp;: navette directe depuis la gare routi\u00e8re de Chamb\u00e9ry, [&hellip;]<\/p>\n","protected":false},"author":1,"featured_media":10661,"parent":7594,"menu_order":0,"comment_status":"closed","ping_status":"closed","template":"","meta":{"_relevanssi_hide_post":"","_relevanssi_pin_for_all":"","_relevanssi_pin_keywords":"","_relevanssi_unpin_keywords":"","_relevanssi_related_keywords":"","_relevanssi_related_include_ids":"","_relevanssi_related_exclude_ids":"","_relevanssi_related_no_append":"","_relevanssi_related_not_related":"","_relevanssi_related_posts":"489,491,493","_relevanssi_noindex_reason":""},"post_tag":[],"acf":[],"yoast_head":"<!-- This site is optimized with the Yoast SEO plugin v17.6 - https:\/\/yoast.com\/wordpress\/plugins\/seo\/ -->\n<meta name=\"description\" content=\"A seulement 2h de Lyon, Turin et Gen\u00e8ve, et \u00e0 1h de Chamb\u00e9ry et Grenoble, venez vous ressourcer chez nous ! En voiture Prenez l&#039;autoroute A43 en direction\" \/>\n<meta name=\"robots\" content=\"index, follow, max-snippet:-1, max-image-preview:large, max-video-preview:-1\" \/>\n<link rel=\"canonical\" href=\"https:\/\/www.montagnicimes.com\/les-bottieres\/sinformer\/comment-venir\/\" \/>\n<meta property=\"og:locale\" content=\"fr_FR\" \/>\n<meta property=\"og:type\" content=\"article\" \/>\n<meta property=\"og:title\" content=\"Comment venir \u00e0 la station les Botti\u00e8res ? - Les Botti\u00e8res\" \/>\n<meta property=\"og:description\" content=\"A seulement 2h de Lyon, Turin et Gen\u00e8ve, et \u00e0 1h de Chamb\u00e9ry et Grenoble, venez vous ressourcer chez nous ! En voiture Prenez l&#039;autoroute A43 en direction\" \/>\n<meta property=\"og:url\" content=\"https:\/\/www.montagnicimes.com\/les-bottieres\/sinformer\/comment-venir\/\" \/>\n<meta property=\"og:site_name\" content=\"Les Botti\u00e8res\" \/>\n<meta property=\"article:modified_time\" content=\"2024-12-17T13:42:11+00:00\" \/>\n<meta property=\"og:image\" content=\"https:\/\/www.montagnicimes.com\/les-bottieres\/wp-content\/uploads\/sites\/5\/2022\/09\/COMMENT-VENIR.jpg\" \/>\n\t<meta property=\"og:image:width\" content=\"1920\" \/>\n\t<meta property=\"og:image:height\" content=\"1280\" \/>\n<meta name=\"twitter:card\" content=\"summary_large_image\" \/>\n<meta name=\"twitter:label1\" content=\"Dur\u00e9e de lecture estim\u00e9e\" \/>\n\t<meta name=\"twitter:data1\" content=\"2 minutes\" \/>\n<script type=\"application\/ld+json\" class=\"yoast-schema-graph\">{\"@context\":\"https:\/\/schema.org\",\"@graph\":[{\"@type\":\"WebSite\",\"@id\":\"https:\/\/www.montagnicimes.com\/les-bottieres\/#website\",\"url\":\"https:\/\/www.montagnicimes.com\/les-bottieres\/\",\"name\":\"Les Botti\\u00e8res\",\"description\":\"Office de tourisme Montagnicimes - Les Botti\\u00e8res\",\"potentialAction\":[{\"@type\":\"SearchAction\",\"target\":{\"@type\":\"EntryPoint\",\"urlTemplate\":\"https:\/\/www.montagnicimes.com\/les-bottieres\/?s={search_term_string}\"},\"query-input\":\"required name=search_term_string\"}],\"inLanguage\":\"fr-FR\"},{\"@type\":\"ImageObject\",\"@id\":\"https:\/\/www.montagnicimes.com\/les-bottieres\/sinformer\/comment-venir\/#primaryimage\",\"inLanguage\":\"fr-FR\",\"url\":\"https:\/\/www.montagnicimes.com\/les-bottieres\/wp-content\/uploads\/sites\/5\/2022\/09\/COMMENT-VENIR.jpg\",\"contentUrl\":\"https:\/\/www.montagnicimes.com\/les-bottieres\/wp-content\/uploads\/sites\/5\/2022\/09\/COMMENT-VENIR.jpg\",\"width\":1920,\"height\":1280,\"caption\":\"les botti\\u00e8res station hiver paysage\"},{\"@type\":\"WebPage\",\"@id\":\"https:\/\/www.montagnicimes.com\/les-bottieres\/sinformer\/comment-venir\/#webpage\",\"url\":\"https:\/\/www.montagnicimes.com\/les-bottieres\/sinformer\/comment-venir\/\",\"name\":\"Comment venir \\u00e0 la station les Botti\\u00e8res ? - Les Botti\\u00e8res\",\"isPartOf\":{\"@id\":\"https:\/\/www.montagnicimes.com\/les-bottieres\/#website\"},\"primaryImageOfPage\":{\"@id\":\"https:\/\/www.montagnicimes.com\/les-bottieres\/sinformer\/comment-venir\/#primaryimage\"},\"datePublished\":\"2021-09-24T15:08:09+00:00\",\"dateModified\":\"2024-12-17T13:42:11+00:00\",\"description\":\"A seulement 2h de Lyon, Turin et Gen\\u00e8ve, et \\u00e0 1h de Chamb\\u00e9ry et Grenoble, venez vous ressourcer chez nous ! En voiture Prenez l'autoroute A43 en direction\",\"breadcrumb\":{\"@id\":\"https:\/\/www.montagnicimes.com\/les-bottieres\/sinformer\/comment-venir\/#breadcrumb\"},\"inLanguage\":\"fr-FR\",\"potentialAction\":[{\"@type\":\"ReadAction\",\"target\":[\"https:\/\/www.montagnicimes.com\/les-bottieres\/sinformer\/comment-venir\/\"]}]},{\"@type\":\"BreadcrumbList\",\"@id\":\"https:\/\/www.montagnicimes.com\/les-bottieres\/sinformer\/comment-venir\/#breadcrumb\",\"itemListElement\":[{\"@type\":\"ListItem\",\"position\":1,\"name\":\"Accueil\",\"item\":\"https:\/\/www.montagnicimes.com\/les-bottieres\/\"},{\"@type\":\"ListItem\",\"position\":2,\"name\":\"S&rsquo;informer\",\"item\":\"https:\/\/www.montagnicimes.com\/les-bottieres\/sinformer\/\"},{\"@type\":\"ListItem\",\"position\":3,\"name\":\"Comment venir ?\"}]}]}<\/script>\n<!-- \/ Yoast SEO plugin. -->","yoast_head_json":{"description":"A seulement 2h de Lyon, Turin et Gen\u00e8ve, et \u00e0 1h de Chamb\u00e9ry et Grenoble, venez vous ressourcer chez nous ! En voiture Prenez l'autoroute A43 en direction","robots":{"index":"index","follow":"follow","max-snippet":"max-snippet:-1","max-image-preview":"max-image-preview:large","max-video-preview":"max-video-preview:-1"},"canonical":"https:\/\/www.montagnicimes.com\/les-bottieres\/sinformer\/comment-venir\/","og_locale":"fr_FR","og_type":"article","og_title":"Comment venir \u00e0 la station les Botti\u00e8res ? - Les Botti\u00e8res","og_description":"A seulement 2h de Lyon, Turin et Gen\u00e8ve, et \u00e0 1h de Chamb\u00e9ry et Grenoble, venez vous ressourcer chez nous ! En voiture Prenez l'autoroute A43 en direction","og_url":"https:\/\/www.montagnicimes.com\/les-bottieres\/sinformer\/comment-venir\/","og_site_name":"Les Botti\u00e8res","article_modified_time":"2024-12-17T13:42:11+00:00","og_image":[{"width":1920,"height":1280,"url":"https:\/\/www.montagnicimes.com\/les-bottieres\/wp-content\/uploads\/sites\/5\/2022\/09\/COMMENT-VENIR.jpg","type":"image\/jpeg"}],"twitter_card":"summary_large_image","twitter_misc":{"Dur\u00e9e de lecture estim\u00e9e":"2 minutes"},"schema":{"@context":"https:\/\/schema.org","@graph":[{"@type":"WebSite","@id":"https:\/\/www.montagnicimes.com\/les-bottieres\/#website","url":"https:\/\/www.montagnicimes.com\/les-bottieres\/","name":"Les Botti\u00e8res","description":"Office de tourisme Montagnicimes - Les Botti\u00e8res","potentialAction":[{"@type":"SearchAction","target":{"@type":"EntryPoint","urlTemplate":"https:\/\/www.montagnicimes.com\/les-bottieres\/?s={search_term_string}"},"query-input":"required name=search_term_string"}],"inLanguage":"fr-FR"},{"@type":"ImageObject","@id":"https:\/\/www.montagnicimes.com\/les-bottieres\/sinformer\/comment-venir\/#primaryimage","inLanguage":"fr-FR","url":"https:\/\/www.montagnicimes.com\/les-bottieres\/wp-content\/uploads\/sites\/5\/2022\/09\/COMMENT-VENIR.jpg","contentUrl":"https:\/\/www.montagnicimes.com\/les-bottieres\/wp-content\/uploads\/sites\/5\/2022\/09\/COMMENT-VENIR.jpg","width":1920,"height":1280,"caption":"les botti\u00e8res station hiver paysage"},{"@type":"WebPage","@id":"https:\/\/www.montagnicimes.com\/les-bottieres\/sinformer\/comment-venir\/#webpage","url":"https:\/\/www.montagnicimes.com\/les-bottieres\/sinformer\/comment-venir\/","name":"Comment venir \u00e0 la station les Botti\u00e8res ? - Les Botti\u00e8res","isPartOf":{"@id":"https:\/\/www.montagnicimes.com\/les-bottieres\/#website"},"primaryImageOfPage":{"@id":"https:\/\/www.montagnicimes.com\/les-bottieres\/sinformer\/comment-venir\/#primaryimage"},"datePublished":"2021-09-24T15:08:09+00:00","dateModified":"2024-12-17T13:42:11+00:00","description":"A seulement 2h de Lyon, Turin et Gen\u00e8ve, et \u00e0 1h de Chamb\u00e9ry et Grenoble, venez vous ressourcer chez nous ! En voiture Prenez l'autoroute A43 en direction","breadcrumb":{"@id":"https:\/\/www.montagnicimes.com\/les-bottieres\/sinformer\/comment-venir\/#breadcrumb"},"inLanguage":"fr-FR","potentialAction":[{"@type":"ReadAction","target":["https:\/\/www.montagnicimes.com\/les-bottieres\/sinformer\/comment-venir\/"]}]},{"@type":"BreadcrumbList","@id":"https:\/\/www.montagnicimes.com\/les-bottieres\/sinformer\/comment-venir\/#breadcrumb","itemListElement":[{"@type":"ListItem","position":1,"name":"Accueil","item":"https:\/\/www.montagnicimes.com\/les-bottieres\/"},{"@type":"ListItem","position":2,"name":"S&rsquo;informer","item":"https:\/\/www.montagnicimes.com\/les-bottieres\/sinformer\/"},{"@type":"ListItem","position":3,"name":"Comment venir ?"}]}]}},"_links":{"self":[{"href":"https:\/\/www.montagnicimes.com\/les-bottieres\/wp-json\/wp\/v2\/pages\/7659"}],"collection":[{"href":"https:\/\/www.montagnicimes.com\/les-bottieres\/wp-json\/wp\/v2\/pages"}],"about":[{"href":"https:\/\/www.montagnicimes.com\/les-bottieres\/wp-json\/wp\/v2\/types\/page"}],"author":[{"embeddable":true,"href":"https:\/\/www.montagnicimes.com\/les-bottieres\/wp-json\/wp\/v2\/users\/1"}],"replies":[{"embeddable":true,"href":"https:\/\/www.montagnicimes.com\/les-bottieres\/wp-json\/wp\/v2\/comments?post=7659"}],"version-history":[{"count":11,"href":"https:\/\/www.montagnicimes.com\/les-bottieres\/wp-json\/wp\/v2\/pages\/7659\/revisions"}],"predecessor-version":[{"id":11175,"href":"https:\/\/www.montagnicimes.com\/les-bottieres\/wp-json\/wp\/v2\/pages\/7659\/revisions\/11175"}],"up":[{"embeddable":true,"href":"https:\/\/www.montagnicimes.com\/les-bottieres\/wp-json\/wp\/v2\/pages\/7594"}],"wp:featuredmedia":[{"embeddable":true,"href":"https:\/\/www.montagnicimes.com\/les-bottieres\/wp-json\/wp\/v2\/media\/10661"}],"wp:attachment":[{"href":"https:\/\/www.montagnicimes.com\/les-bottieres\/wp-json\/wp\/v2\/media?parent=7659"}],"wp:term":[{"taxonomy":"post_tag","embeddable":true,"href":"https:\/\/www.montagnicimes.com\/les-bottieres\/wp-json\/wp\/v2\/post_tag?post=7659"}],"curies":[{"name":"wp","href":"https:\/\/api.w.org\/{rel}","templated":true}]}}