{"id":7603,"date":"2021-09-24T15:24:09","date_gmt":"2021-09-24T13:24:54","guid":{"rendered":"https:\/\/www.montagnicimes.com\/les-bottieres\/loffice-de-tourisme\/"},"modified":"2021-12-10T15:45:06","modified_gmt":"2021-12-10T14:45:06","slug":"office-de-tourisme","status":"publish","type":"page","link":"https:\/\/www.montagnicimes.com\/les-bottieres\/sinformer\/office-de-tourisme\/","title":{"rendered":"Office de Tourisme"},"content":{"rendered":"\n<p><strong>L\u2019Office de Tourisme Montagnicimes vous accueille dans son Bureau d\u2019Information Touristique des Botti\u00e8res.<\/strong><br><strong>Notre \u00e9quipe est l\u00e0 pour vous informer sur l\u2019ensemble de nos activit\u00e9s, d\u00e9couvrir notre territoire, et vous donner des bonnes adresses afin que vous puissiez pr\u00e9parer votre s\u00e9jour en toute s\u00e9r\u00e9nit\u00e9 !<\/strong><\/p>\n\n\n    <div class=\"wp-block wp-block-single-sit wp-block-single-sit-ouvertures\" id=\"opening\">\n\n                    <h2>Horaires<\/h2>\n        \n\t    \t<div class=\"wpetTableList\" >\n        <div data-id=\"wpet-table-slider-wrapper\">\n            \t\t                                    <div class=\"wpetTableContainer\" >\n                    <table class=\"wpetTable wpTable--opening\">\n                        <thead class=\"wpetTableHeader\">\n                            <tr>\n                                                                    <th colspan=\"2\">Du 04 Juillet au 23 Ao\u00fbt<\/th>\n                                                            <\/tr>\n                        <\/thead>\n                                                                                    <tr class=\"wpetTableLine\">\n                                    <td class=\"wpetTableCell wpetTableCell--value\">Vendredi<\/td>\n                                    <td class=\"wpetTableCell wpetTableCell--value\">Ouvert de 09h30 \u00e0 13h et de 14h \u00e0 17h30<\/td>\n                                <\/tr>\n                                                                                                                <tr class=\"wpetTableLine\">\n                                    <td class=\"wpetTableCell wpetTableCell--value\">Samedi<\/td>\n                                    <td class=\"wpetTableCell wpetTableCell--value\">Ouvert de 09h30 \u00e0 13h et de 14h \u00e0 17h30<\/td>\n                                <\/tr>\n                                                                                                                <tr class=\"wpetTableLine\">\n                                    <td class=\"wpetTableCell wpetTableCell--value\">Dimanche<\/td>\n                                    <td class=\"wpetTableCell wpetTableCell--value\">Ouvert de 09h30 \u00e0 13h et de 14h \u00e0 17h30<\/td>\n                                <\/tr>\n                                                                        <\/table>\n\n                    \n                                    <\/div>\n                    <\/div>\n\t\t\t<\/div>\n\n    <\/div>\n\n\n\n<div class=\"wp-block wp-block-single-sit wp-block-single-sit-coordonnees\">\n\n    \n    <div class=\"wp-block-media-text is-stacked-on-mobile\">\n\n        <div class=\"wp-block-media-text__media wpet-map-detail\" style=\"width:100%; height: 100%;\">\n            <div class=\"wp-block-media-text__media__content\" id=\"wpetSingleSitMap8777\" data-wpet-single-sit-map=\"8777\" data-wpet-type-map=\"leaflet\" ><\/div>\n        <\/div>\n\n        <div class=\"wp-block-media-text__content\">\n\n            <div class=\"wp-block-media-text__content__openning\">\n\t            \t\t\t\t\t<p class=\"wpetBadgeopening wpetBadgeopening--close\">\n\t\t\t\t<span>Ferm\u00e9<\/span>\n\t\t\t<\/p>\n\t\t            <\/div>\n\n            <p class=\"wp-block-media-text__content__address\">\n                                    <strong>Office de tourisme &#8211; Bureau Les Botti\u00e8res<\/strong><br \/>\n                                \n                                    1885 route des Botti\u00e8res<br \/>\n                                \n                                    <span>73300<\/span>\n                    <span>Saint-Pancrace<\/span><br \/>\n                            <\/p>\n\n                                                <p class=\"wp-block-media-text__content__phone\">04 79 83 51 51<\/p>\n                                        \n            <a href=\"https:\/\/www.google.fr\/maps?saddr&#038;daddr=45.264987,6.297847\" target=\"_blank\" class=\"button GtmButtonCalculItinerairePrestataire\" rel=\"noopener noreferrer\">Calculer mon itin\u00e9raire<\/a>\n        <\/div>\n    <\/div>\n<\/div>\n","protected":false},"excerpt":{"rendered":"<p>L\u2019Office de Tourisme Montagnicimes vous accueille dans son Bureau d\u2019Information Touristique des Botti\u00e8res.Notre \u00e9quipe est l\u00e0 pour vous informer sur l\u2019ensemble de nos activit\u00e9s, d\u00e9couvrir notre territoire, et vous donner des bonnes adresses afin que vous puissiez pr\u00e9parer votre s\u00e9jour en toute s\u00e9r\u00e9nit\u00e9 !<\/p>\n","protected":false},"author":1,"featured_media":8405,"parent":7594,"menu_order":1,"comment_status":"closed","ping_status":"closed","template":"","meta":{"_relevanssi_hide_post":"","_relevanssi_pin_for_all":"","_relevanssi_pin_keywords":"","_relevanssi_unpin_keywords":"","_relevanssi_related_keywords":"","_relevanssi_related_include_ids":"","_relevanssi_related_exclude_ids":"","_relevanssi_related_no_append":"","_relevanssi_related_not_related":"","_relevanssi_related_posts":"489,493,491","_relevanssi_noindex_reason":""},"post_tag":[],"acf":[],"yoast_head":"<!-- This site is optimized with the Yoast SEO plugin v17.6 - https:\/\/yoast.com\/wordpress\/plugins\/seo\/ -->\n<meta name=\"description\" content=\"L\u2019Office de Tourisme Montagnicimes vous accueille dans son Bureau d\u2019Information Touristique des Botti\u00e8res.Notre \u00e9quipe est l\u00e0 pour vous informer sur\" \/>\n<meta name=\"robots\" content=\"index, follow, max-snippet:-1, max-image-preview:large, max-video-preview:-1\" \/>\n<link rel=\"canonical\" href=\"https:\/\/www.montagnicimes.com\/les-bottieres\/sinformer\/office-de-tourisme\/\" \/>\n<meta property=\"og:locale\" content=\"fr_FR\" \/>\n<meta property=\"og:type\" content=\"article\" \/>\n<meta property=\"og:title\" content=\"Office de Tourisme - Les Botti\u00e8res\" \/>\n<meta property=\"og:description\" content=\"L\u2019Office de Tourisme Montagnicimes vous accueille dans son Bureau d\u2019Information Touristique des Botti\u00e8res.Notre \u00e9quipe est l\u00e0 pour vous informer sur\" \/>\n<meta property=\"og:url\" content=\"https:\/\/www.montagnicimes.com\/les-bottieres\/sinformer\/office-de-tourisme\/\" \/>\n<meta property=\"og:site_name\" content=\"Les Botti\u00e8res\" \/>\n<meta property=\"article:modified_time\" content=\"2021-12-10T14:45:06+00:00\" \/>\n<meta property=\"og:image\" content=\"https:\/\/www.montagnicimes.com\/les-bottieres\/wp-content\/uploads\/sites\/5\/2021\/11\/chemin-montfalcon.jpg\" \/>\n\t<meta property=\"og:image:width\" content=\"1920\" \/>\n\t<meta property=\"og:image:height\" content=\"1280\" \/>\n<meta name=\"twitter:card\" content=\"summary_large_image\" \/>\n<meta name=\"twitter:label1\" content=\"Dur\u00e9e de lecture estim\u00e9e\" \/>\n\t<meta name=\"twitter:data1\" content=\"1 minute\" \/>\n<script type=\"application\/ld+json\" class=\"yoast-schema-graph\">{\"@context\":\"https:\/\/schema.org\",\"@graph\":[{\"@type\":\"WebSite\",\"@id\":\"https:\/\/www.montagnicimes.com\/les-bottieres\/#website\",\"url\":\"https:\/\/www.montagnicimes.com\/les-bottieres\/\",\"name\":\"Les Botti\\u00e8res\",\"description\":\"Office de tourisme Montagnicimes - Les Botti\\u00e8res\",\"potentialAction\":[{\"@type\":\"SearchAction\",\"target\":{\"@type\":\"EntryPoint\",\"urlTemplate\":\"https:\/\/www.montagnicimes.com\/les-bottieres\/?s={search_term_string}\"},\"query-input\":\"required name=search_term_string\"}],\"inLanguage\":\"fr-FR\"},{\"@type\":\"ImageObject\",\"@id\":\"https:\/\/www.montagnicimes.com\/les-bottieres\/sinformer\/office-de-tourisme\/#primaryimage\",\"inLanguage\":\"fr-FR\",\"url\":\"https:\/\/www.montagnicimes.com\/les-bottieres\/wp-content\/uploads\/sites\/5\/2021\/11\/chemin-montfalcon.jpg\",\"contentUrl\":\"https:\/\/www.montagnicimes.com\/les-bottieres\/wp-content\/uploads\/sites\/5\/2021\/11\/chemin-montfalcon.jpg\",\"width\":1920,\"height\":1280,\"caption\":\"CHemin de montfalcon raquette\"},{\"@type\":\"WebPage\",\"@id\":\"https:\/\/www.montagnicimes.com\/les-bottieres\/sinformer\/office-de-tourisme\/#webpage\",\"url\":\"https:\/\/www.montagnicimes.com\/les-bottieres\/sinformer\/office-de-tourisme\/\",\"name\":\"Office de Tourisme - Les Botti\\u00e8res\",\"isPartOf\":{\"@id\":\"https:\/\/www.montagnicimes.com\/les-bottieres\/#website\"},\"primaryImageOfPage\":{\"@id\":\"https:\/\/www.montagnicimes.com\/les-bottieres\/sinformer\/office-de-tourisme\/#primaryimage\"},\"datePublished\":\"2021-09-24T13:24:54+00:00\",\"dateModified\":\"2021-12-10T14:45:06+00:00\",\"description\":\"L\\u2019Office de Tourisme Montagnicimes vous accueille dans son Bureau d\\u2019Information Touristique des Botti\\u00e8res.Notre \\u00e9quipe est l\\u00e0 pour vous informer sur\",\"breadcrumb\":{\"@id\":\"https:\/\/www.montagnicimes.com\/les-bottieres\/sinformer\/office-de-tourisme\/#breadcrumb\"},\"inLanguage\":\"fr-FR\",\"potentialAction\":[{\"@type\":\"ReadAction\",\"target\":[\"https:\/\/www.montagnicimes.com\/les-bottieres\/sinformer\/office-de-tourisme\/\"]}]},{\"@type\":\"BreadcrumbList\",\"@id\":\"https:\/\/www.montagnicimes.com\/les-bottieres\/sinformer\/office-de-tourisme\/#breadcrumb\",\"itemListElement\":[{\"@type\":\"ListItem\",\"position\":1,\"name\":\"Accueil\",\"item\":\"https:\/\/www.montagnicimes.com\/les-bottieres\/\"},{\"@type\":\"ListItem\",\"position\":2,\"name\":\"S&rsquo;informer\",\"item\":\"https:\/\/www.montagnicimes.com\/les-bottieres\/sinformer\/\"},{\"@type\":\"ListItem\",\"position\":3,\"name\":\"Office de Tourisme\"}]}]}<\/script>\n<!-- \/ Yoast SEO plugin. -->","yoast_head_json":{"description":"L\u2019Office de Tourisme Montagnicimes vous accueille dans son Bureau d\u2019Information Touristique des Botti\u00e8res.Notre \u00e9quipe est l\u00e0 pour vous informer sur","robots":{"index":"index","follow":"follow","max-snippet":"max-snippet:-1","max-image-preview":"max-image-preview:large","max-video-preview":"max-video-preview:-1"},"canonical":"https:\/\/www.montagnicimes.com\/les-bottieres\/sinformer\/office-de-tourisme\/","og_locale":"fr_FR","og_type":"article","og_title":"Office de Tourisme - Les Botti\u00e8res","og_description":"L\u2019Office de Tourisme Montagnicimes vous accueille dans son Bureau d\u2019Information Touristique des Botti\u00e8res.Notre \u00e9quipe est l\u00e0 pour vous informer sur","og_url":"https:\/\/www.montagnicimes.com\/les-bottieres\/sinformer\/office-de-tourisme\/","og_site_name":"Les Botti\u00e8res","article_modified_time":"2021-12-10T14:45:06+00:00","og_image":[{"width":1920,"height":1280,"url":"https:\/\/www.montagnicimes.com\/les-bottieres\/wp-content\/uploads\/sites\/5\/2021\/11\/chemin-montfalcon.jpg","type":"image\/jpeg"}],"twitter_card":"summary_large_image","twitter_misc":{"Dur\u00e9e de lecture estim\u00e9e":"1 minute"},"schema":{"@context":"https:\/\/schema.org","@graph":[{"@type":"WebSite","@id":"https:\/\/www.montagnicimes.com\/les-bottieres\/#website","url":"https:\/\/www.montagnicimes.com\/les-bottieres\/","name":"Les Botti\u00e8res","description":"Office de tourisme Montagnicimes - Les Botti\u00e8res","potentialAction":[{"@type":"SearchAction","target":{"@type":"EntryPoint","urlTemplate":"https:\/\/www.montagnicimes.com\/les-bottieres\/?s={search_term_string}"},"query-input":"required name=search_term_string"}],"inLanguage":"fr-FR"},{"@type":"ImageObject","@id":"https:\/\/www.montagnicimes.com\/les-bottieres\/sinformer\/office-de-tourisme\/#primaryimage","inLanguage":"fr-FR","url":"https:\/\/www.montagnicimes.com\/les-bottieres\/wp-content\/uploads\/sites\/5\/2021\/11\/chemin-montfalcon.jpg","contentUrl":"https:\/\/www.montagnicimes.com\/les-bottieres\/wp-content\/uploads\/sites\/5\/2021\/11\/chemin-montfalcon.jpg","width":1920,"height":1280,"caption":"CHemin de montfalcon raquette"},{"@type":"WebPage","@id":"https:\/\/www.montagnicimes.com\/les-bottieres\/sinformer\/office-de-tourisme\/#webpage","url":"https:\/\/www.montagnicimes.com\/les-bottieres\/sinformer\/office-de-tourisme\/","name":"Office de Tourisme - Les Botti\u00e8res","isPartOf":{"@id":"https:\/\/www.montagnicimes.com\/les-bottieres\/#website"},"primaryImageOfPage":{"@id":"https:\/\/www.montagnicimes.com\/les-bottieres\/sinformer\/office-de-tourisme\/#primaryimage"},"datePublished":"2021-09-24T13:24:54+00:00","dateModified":"2021-12-10T14:45:06+00:00","description":"L\u2019Office de Tourisme Montagnicimes vous accueille dans son Bureau d\u2019Information Touristique des Botti\u00e8res.Notre \u00e9quipe est l\u00e0 pour vous informer sur","breadcrumb":{"@id":"https:\/\/www.montagnicimes.com\/les-bottieres\/sinformer\/office-de-tourisme\/#breadcrumb"},"inLanguage":"fr-FR","potentialAction":[{"@type":"ReadAction","target":["https:\/\/www.montagnicimes.com\/les-bottieres\/sinformer\/office-de-tourisme\/"]}]},{"@type":"BreadcrumbList","@id":"https:\/\/www.montagnicimes.com\/les-bottieres\/sinformer\/office-de-tourisme\/#breadcrumb","itemListElement":[{"@type":"ListItem","position":1,"name":"Accueil","item":"https:\/\/www.montagnicimes.com\/les-bottieres\/"},{"@type":"ListItem","position":2,"name":"S&rsquo;informer","item":"https:\/\/www.montagnicimes.com\/les-bottieres\/sinformer\/"},{"@type":"ListItem","position":3,"name":"Office de Tourisme"}]}]}},"_links":{"self":[{"href":"https:\/\/www.montagnicimes.com\/les-bottieres\/wp-json\/wp\/v2\/pages\/7603"}],"collection":[{"href":"https:\/\/www.montagnicimes.com\/les-bottieres\/wp-json\/wp\/v2\/pages"}],"about":[{"href":"https:\/\/www.montagnicimes.com\/les-bottieres\/wp-json\/wp\/v2\/types\/page"}],"author":[{"embeddable":true,"href":"https:\/\/www.montagnicimes.com\/les-bottieres\/wp-json\/wp\/v2\/users\/1"}],"replies":[{"embeddable":true,"href":"https:\/\/www.montagnicimes.com\/les-bottieres\/wp-json\/wp\/v2\/comments?post=7603"}],"version-history":[{"count":5,"href":"https:\/\/www.montagnicimes.com\/les-bottieres\/wp-json\/wp\/v2\/pages\/7603\/revisions"}],"predecessor-version":[{"id":8921,"href":"https:\/\/www.montagnicimes.com\/les-bottieres\/wp-json\/wp\/v2\/pages\/7603\/revisions\/8921"}],"up":[{"embeddable":true,"href":"https:\/\/www.montagnicimes.com\/les-bottieres\/wp-json\/wp\/v2\/pages\/7594"}],"wp:featuredmedia":[{"embeddable":true,"href":"https:\/\/www.montagnicimes.com\/les-bottieres\/wp-json\/wp\/v2\/media\/8405"}],"wp:attachment":[{"href":"https:\/\/www.montagnicimes.com\/les-bottieres\/wp-json\/wp\/v2\/media?parent=7603"}],"wp:term":[{"taxonomy":"post_tag","embeddable":true,"href":"https:\/\/www.montagnicimes.com\/les-bottieres\/wp-json\/wp\/v2\/post_tag?post=7603"}],"curies":[{"name":"wp","href":"https:\/\/api.w.org\/{rel}","templated":true}]}}