{"id":7589,"date":"2021-09-24T15:24:41","date_gmt":"2021-09-24T13:24:41","guid":{"rendered":"https:\/\/www.montagnicimes.com\/les-bottieres\/restaurants\/"},"modified":"2025-07-10T16:20:19","modified_gmt":"2025-07-10T14:20:19","slug":"restaurants","status":"publish","type":"page","link":"https:\/\/www.montagnicimes.com\/les-bottieres\/sorganiser\/restaurants\/","title":{"rendered":"Restaurants"},"content":{"rendered":"\n<p class=\"is-style-excerpt\">Au sein du domaine skiable des Sybelles\u00ae, \u00e0 quelques kilom\u00e8tres de Saint-Jean-de-Maurienne, la petite station de charme des Botti\u00e8res compte deux lieux de restauration. Apr\u00e8s une randonn\u00e9e ou une journ\u00e9e de ski, venez  vous ressourcer.<\/p>\n\n\n\n<div class=\"wp-block wp-block-related-post clear alignfull\">\n\n    <div class=\"article\">\n        \n            <\/div>\n\n    <div class=\"container\">\n        <div class=\"wp-block-related-post-inner\">\n            <div data-id=\"wpiris-related-post\" data-slides-per-view=\"2\">\n                <div data-id=\"wpiris-related-post-wrapper\">\n                                            \n<div class=\"postItem swiper-slide\" data-trigger=\"wpiris-click\" >\n    <a href=\"https:\/\/www.montagnicimes.com\/les-bottieres\/restaurant\/restaurant-le-grenier\/\" nofancybox class=\"postItemThumbnail\">\n        <img data-src=\"https:\/\/www.montagnicimes.com\/les-bottieres\/wp-content\/uploads\/sites\/5\/wpiris-images\/19031\/39723562-diaporama-590x440-c.jpg\" alt=\"Restaurant Le Grenier\">\n    <\/a>\n    <div class=\"postItemContent\">\n\n        <div class=\"postItemContentHeading\">\n                                    <h3 class=\"postItemContentTitle\" >\n                <a href=\"https:\/\/www.montagnicimes.com\/les-bottieres\/restaurant\/restaurant-le-grenier\/\">Restaurant Le Grenier<\/a>\n            <\/h3>                    <\/div>\n        \n<div class=\"postItemContentExcerpt\">\n    Le Grenier, restaurant typiquement montagnard comme dans un chalet d\u2019alpage, vous propose des sp\u00e9cialit\u00e9s savoyardes aux fromages, ingr\u00e9dient phare d&rsquo;une cuisine de pays copieuse et gourmande.<\/div>\n    <\/div>\n<\/div>\n                                            \n<div class=\"postItem swiper-slide\" data-trigger=\"wpiris-click\" >\n    <a href=\"https:\/\/www.montagnicimes.com\/les-bottieres\/restaurant\/restaurant-la-corbaciere\/\" nofancybox class=\"postItemThumbnail\">\n        <img data-src=\"https:\/\/www.montagnicimes.com\/les-bottieres\/wp-content\/uploads\/sites\/5\/wpiris-images\/17157\/32827332-diaporama-590x440-c.jpg\" alt=\"Restaurant La Corbaci\u00e8re\">\n    <\/a>\n    <div class=\"postItemContent\">\n\n        <div class=\"postItemContentHeading\">\n                                    <h3 class=\"postItemContentTitle\" >\n                <a href=\"https:\/\/www.montagnicimes.com\/les-bottieres\/restaurant\/restaurant-la-corbaciere\/\">Restaurant La Corbaci\u00e8re<\/a>\n            <\/h3>                    <\/div>\n        \n<div class=\"postItemContentExcerpt\">\n    Dans une ambiance montagnarde et chaleureuse, venez profiter des salles ou de la terrasse de la Corbaci\u00e8re ! Savourez une cuisine savoyarde g\u00e9n\u00e9reuse, vari\u00e9e, de saison, faite maison, pour tous y compris les v\u00e9g\u00e9tariens.<\/div>\n    <\/div>\n<\/div>\n                                    <\/div>\n            <\/div>\n        <\/div>\n    <\/div>\n\n    <div class=\"article\">\n            <\/div>\n<\/div>","protected":false},"excerpt":{"rendered":"<p>Au sein du domaine skiable des Sybelles\u00ae, \u00e0 quelques kilom\u00e8tres de Saint-Jean-de-Maurienne, la petite station de charme des Botti\u00e8res compte deux lieux de restauration. Apr\u00e8s une randonn\u00e9e ou une journ\u00e9e de ski, venez vous ressourcer.<\/p>\n","protected":false},"author":1,"featured_media":8493,"parent":7586,"menu_order":1,"comment_status":"closed","ping_status":"closed","template":"","meta":{"_relevanssi_hide_post":"","_relevanssi_pin_for_all":"","_relevanssi_pin_keywords":"","_relevanssi_unpin_keywords":"","_relevanssi_related_keywords":"","_relevanssi_related_include_ids":"","_relevanssi_related_exclude_ids":"","_relevanssi_related_no_append":"","_relevanssi_related_not_related":"","_relevanssi_related_posts":"491,493,489","_relevanssi_noindex_reason":""},"post_tag":[],"acf":[],"yoast_head":"<!-- This site is optimized with the Yoast SEO plugin v17.6 - https:\/\/yoast.com\/wordpress\/plugins\/seo\/ -->\n<meta name=\"description\" content=\"Au sein du domaine skiable des Sybelles\u00ae, \u00e0 quelques kilom\u00e8tres de Saint-Jean-de-Maurienne, la petite station de charme des Botti\u00e8res compte deux lieux de\" \/>\n<meta name=\"robots\" content=\"index, follow, max-snippet:-1, max-image-preview:large, max-video-preview:-1\" \/>\n<link rel=\"canonical\" href=\"https:\/\/www.montagnicimes.com\/les-bottieres\/sorganiser\/restaurants\/\" \/>\n<meta property=\"og:locale\" content=\"fr_FR\" \/>\n<meta property=\"og:type\" content=\"article\" \/>\n<meta property=\"og:title\" content=\"Restaurants de montagne les Sybelles les Botti\u00e8res au pied des pistes\" \/>\n<meta property=\"og:description\" content=\"Au sein du domaine skiable des Sybelles\u00ae, \u00e0 quelques kilom\u00e8tres de Saint-Jean-de-Maurienne, la petite station de charme des Botti\u00e8res compte deux lieux de\" \/>\n<meta property=\"og:url\" content=\"https:\/\/www.montagnicimes.com\/les-bottieres\/sorganiser\/restaurants\/\" \/>\n<meta property=\"og:site_name\" content=\"Les Botti\u00e8res\" \/>\n<meta property=\"article:modified_time\" content=\"2025-07-10T14:20:19+00:00\" \/>\n<meta property=\"og:image\" content=\"https:\/\/www.montagnicimes.com\/les-bottieres\/wp-content\/uploads\/sites\/5\/2021\/11\/image-resto-Bottieres.jpg\" \/>\n\t<meta property=\"og:image:width\" content=\"450\" \/>\n\t<meta property=\"og:image:height\" content=\"600\" \/>\n<meta name=\"twitter:card\" content=\"summary_large_image\" \/>\n<meta name=\"twitter:label1\" content=\"Dur\u00e9e de lecture estim\u00e9e\" \/>\n\t<meta name=\"twitter:data1\" content=\"1 minute\" \/>\n<script type=\"application\/ld+json\" class=\"yoast-schema-graph\">{\"@context\":\"https:\/\/schema.org\",\"@graph\":[{\"@type\":\"WebSite\",\"@id\":\"https:\/\/www.montagnicimes.com\/les-bottieres\/#website\",\"url\":\"https:\/\/www.montagnicimes.com\/les-bottieres\/\",\"name\":\"Les Botti\\u00e8res\",\"description\":\"Office de tourisme Montagnicimes - Les Botti\\u00e8res\",\"potentialAction\":[{\"@type\":\"SearchAction\",\"target\":{\"@type\":\"EntryPoint\",\"urlTemplate\":\"https:\/\/www.montagnicimes.com\/les-bottieres\/?s={search_term_string}\"},\"query-input\":\"required name=search_term_string\"}],\"inLanguage\":\"fr-FR\"},{\"@type\":\"ImageObject\",\"@id\":\"https:\/\/www.montagnicimes.com\/les-bottieres\/sorganiser\/restaurants\/#primaryimage\",\"inLanguage\":\"fr-FR\",\"url\":\"https:\/\/www.montagnicimes.com\/les-bottieres\/wp-content\/uploads\/sites\/5\/2021\/11\/image-resto-Bottieres.jpg\",\"contentUrl\":\"https:\/\/www.montagnicimes.com\/les-bottieres\/wp-content\/uploads\/sites\/5\/2021\/11\/image-resto-Bottieres.jpg\",\"width\":450,\"height\":600,\"caption\":\"image resto Bottieres\"},{\"@type\":\"WebPage\",\"@id\":\"https:\/\/www.montagnicimes.com\/les-bottieres\/sorganiser\/restaurants\/#webpage\",\"url\":\"https:\/\/www.montagnicimes.com\/les-bottieres\/sorganiser\/restaurants\/\",\"name\":\"Restaurants de montagne les Sybelles les Botti\\u00e8res au pied des pistes\",\"isPartOf\":{\"@id\":\"https:\/\/www.montagnicimes.com\/les-bottieres\/#website\"},\"primaryImageOfPage\":{\"@id\":\"https:\/\/www.montagnicimes.com\/les-bottieres\/sorganiser\/restaurants\/#primaryimage\"},\"datePublished\":\"2021-09-24T13:24:41+00:00\",\"dateModified\":\"2025-07-10T14:20:19+00:00\",\"description\":\"Au sein du domaine skiable des Sybelles\\u00ae, \\u00e0 quelques kilom\\u00e8tres de Saint-Jean-de-Maurienne, la petite station de charme des Botti\\u00e8res compte deux lieux de\",\"breadcrumb\":{\"@id\":\"https:\/\/www.montagnicimes.com\/les-bottieres\/sorganiser\/restaurants\/#breadcrumb\"},\"inLanguage\":\"fr-FR\",\"potentialAction\":[{\"@type\":\"ReadAction\",\"target\":[\"https:\/\/www.montagnicimes.com\/les-bottieres\/sorganiser\/restaurants\/\"]}]},{\"@type\":\"BreadcrumbList\",\"@id\":\"https:\/\/www.montagnicimes.com\/les-bottieres\/sorganiser\/restaurants\/#breadcrumb\",\"itemListElement\":[{\"@type\":\"ListItem\",\"position\":1,\"name\":\"Accueil\",\"item\":\"https:\/\/www.montagnicimes.com\/les-bottieres\/\"},{\"@type\":\"ListItem\",\"position\":2,\"name\":\"S&rsquo;organiser\",\"item\":\"https:\/\/www.montagnicimes.com\/les-bottieres\/sorganiser\/\"},{\"@type\":\"ListItem\",\"position\":3,\"name\":\"Restaurants\"}]}]}<\/script>\n<!-- \/ Yoast SEO plugin. -->","yoast_head_json":{"description":"Au sein du domaine skiable des Sybelles\u00ae, \u00e0 quelques kilom\u00e8tres de Saint-Jean-de-Maurienne, la petite station de charme des Botti\u00e8res compte deux lieux de","robots":{"index":"index","follow":"follow","max-snippet":"max-snippet:-1","max-image-preview":"max-image-preview:large","max-video-preview":"max-video-preview:-1"},"canonical":"https:\/\/www.montagnicimes.com\/les-bottieres\/sorganiser\/restaurants\/","og_locale":"fr_FR","og_type":"article","og_title":"Restaurants de montagne les Sybelles les Botti\u00e8res au pied des pistes","og_description":"Au sein du domaine skiable des Sybelles\u00ae, \u00e0 quelques kilom\u00e8tres de Saint-Jean-de-Maurienne, la petite station de charme des Botti\u00e8res compte deux lieux de","og_url":"https:\/\/www.montagnicimes.com\/les-bottieres\/sorganiser\/restaurants\/","og_site_name":"Les Botti\u00e8res","article_modified_time":"2025-07-10T14:20:19+00:00","og_image":[{"width":450,"height":600,"url":"https:\/\/www.montagnicimes.com\/les-bottieres\/wp-content\/uploads\/sites\/5\/2021\/11\/image-resto-Bottieres.jpg","type":"image\/jpeg"}],"twitter_card":"summary_large_image","twitter_misc":{"Dur\u00e9e de lecture estim\u00e9e":"1 minute"},"schema":{"@context":"https:\/\/schema.org","@graph":[{"@type":"WebSite","@id":"https:\/\/www.montagnicimes.com\/les-bottieres\/#website","url":"https:\/\/www.montagnicimes.com\/les-bottieres\/","name":"Les Botti\u00e8res","description":"Office de tourisme Montagnicimes - Les Botti\u00e8res","potentialAction":[{"@type":"SearchAction","target":{"@type":"EntryPoint","urlTemplate":"https:\/\/www.montagnicimes.com\/les-bottieres\/?s={search_term_string}"},"query-input":"required name=search_term_string"}],"inLanguage":"fr-FR"},{"@type":"ImageObject","@id":"https:\/\/www.montagnicimes.com\/les-bottieres\/sorganiser\/restaurants\/#primaryimage","inLanguage":"fr-FR","url":"https:\/\/www.montagnicimes.com\/les-bottieres\/wp-content\/uploads\/sites\/5\/2021\/11\/image-resto-Bottieres.jpg","contentUrl":"https:\/\/www.montagnicimes.com\/les-bottieres\/wp-content\/uploads\/sites\/5\/2021\/11\/image-resto-Bottieres.jpg","width":450,"height":600,"caption":"image resto Bottieres"},{"@type":"WebPage","@id":"https:\/\/www.montagnicimes.com\/les-bottieres\/sorganiser\/restaurants\/#webpage","url":"https:\/\/www.montagnicimes.com\/les-bottieres\/sorganiser\/restaurants\/","name":"Restaurants de montagne les Sybelles les Botti\u00e8res au pied des pistes","isPartOf":{"@id":"https:\/\/www.montagnicimes.com\/les-bottieres\/#website"},"primaryImageOfPage":{"@id":"https:\/\/www.montagnicimes.com\/les-bottieres\/sorganiser\/restaurants\/#primaryimage"},"datePublished":"2021-09-24T13:24:41+00:00","dateModified":"2025-07-10T14:20:19+00:00","description":"Au sein du domaine skiable des Sybelles\u00ae, \u00e0 quelques kilom\u00e8tres de Saint-Jean-de-Maurienne, la petite station de charme des Botti\u00e8res compte deux lieux de","breadcrumb":{"@id":"https:\/\/www.montagnicimes.com\/les-bottieres\/sorganiser\/restaurants\/#breadcrumb"},"inLanguage":"fr-FR","potentialAction":[{"@type":"ReadAction","target":["https:\/\/www.montagnicimes.com\/les-bottieres\/sorganiser\/restaurants\/"]}]},{"@type":"BreadcrumbList","@id":"https:\/\/www.montagnicimes.com\/les-bottieres\/sorganiser\/restaurants\/#breadcrumb","itemListElement":[{"@type":"ListItem","position":1,"name":"Accueil","item":"https:\/\/www.montagnicimes.com\/les-bottieres\/"},{"@type":"ListItem","position":2,"name":"S&rsquo;organiser","item":"https:\/\/www.montagnicimes.com\/les-bottieres\/sorganiser\/"},{"@type":"ListItem","position":3,"name":"Restaurants"}]}]}},"_links":{"self":[{"href":"https:\/\/www.montagnicimes.com\/les-bottieres\/wp-json\/wp\/v2\/pages\/7589"}],"collection":[{"href":"https:\/\/www.montagnicimes.com\/les-bottieres\/wp-json\/wp\/v2\/pages"}],"about":[{"href":"https:\/\/www.montagnicimes.com\/les-bottieres\/wp-json\/wp\/v2\/types\/page"}],"author":[{"embeddable":true,"href":"https:\/\/www.montagnicimes.com\/les-bottieres\/wp-json\/wp\/v2\/users\/1"}],"replies":[{"embeddable":true,"href":"https:\/\/www.montagnicimes.com\/les-bottieres\/wp-json\/wp\/v2\/comments?post=7589"}],"version-history":[{"count":8,"href":"https:\/\/www.montagnicimes.com\/les-bottieres\/wp-json\/wp\/v2\/pages\/7589\/revisions"}],"predecessor-version":[{"id":17088,"href":"https:\/\/www.montagnicimes.com\/les-bottieres\/wp-json\/wp\/v2\/pages\/7589\/revisions\/17088"}],"up":[{"embeddable":true,"href":"https:\/\/www.montagnicimes.com\/les-bottieres\/wp-json\/wp\/v2\/pages\/7586"}],"wp:featuredmedia":[{"embeddable":true,"href":"https:\/\/www.montagnicimes.com\/les-bottieres\/wp-json\/wp\/v2\/media\/8493"}],"wp:attachment":[{"href":"https:\/\/www.montagnicimes.com\/les-bottieres\/wp-json\/wp\/v2\/media?parent=7589"}],"wp:term":[{"taxonomy":"post_tag","embeddable":true,"href":"https:\/\/www.montagnicimes.com\/les-bottieres\/wp-json\/wp\/v2\/post_tag?post=7589"}],"curies":[{"name":"wp","href":"https:\/\/api.w.org\/{rel}","templated":true}]}}