{"id":7573,"date":"2021-09-24T15:24:09","date_gmt":"2021-09-24T13:24:23","guid":{"rendered":"https:\/\/www.montagnicimes.com\/les-bottieres\/les-activites\/"},"modified":"2021-11-24T21:15:34","modified_gmt":"2021-11-24T20:15:34","slug":"se-divertir","status":"publish","type":"page","link":"https:\/\/www.montagnicimes.com\/les-bottieres\/se-divertir\/","title":{"rendered":"Se divertir"},"content":{"rendered":"\n<p class=\"is-style-excerpt\"><strong>Les Botti\u00e8res, c&rsquo;est le coin nature pour des activit\u00e9s de plein air toute l&rsquo;ann\u00e9e ! A l&rsquo;\u00e9cart du tumulte des grosses stations des Alpes, l&rsquo;environnement de la station sera id\u00e9al \u00e0 la pratique des sports de montagne.<\/strong><\/p>\n\n\n\n<div class=\"wp-block wp-block-child-post alignwide clear\">\n    \n<div class=\"entityItem \" data-trigger=\"wpiris-click\" >\n    <a href=\"https:\/\/www.montagnicimes.com\/les-bottieres\/se-divertir\/randonnee\/\" nofancybox class=\"entityItemThumbnail\">\n        <img data-src=\"https:\/\/www.montagnicimes.com\/les-bottieres\/wp-content\/uploads\/sites\/5\/wpiris-images\/14540\/rando-jarrier-2-380x400-c.jpg\" alt=\"Randonn\u00e9e\">\n    <\/a>\n    <div class=\"entityItemContent\">\n\n        <div class=\"entityItemContentHeading\">\n                                    <h2 class=\"entityItemContentTitle\" >\n                <a href=\"https:\/\/www.montagnicimes.com\/les-bottieres\/se-divertir\/randonnee\/\">Randonn\u00e9e<\/a>\n            <\/h2>                    <\/div>\n            <\/div>\n<\/div>\n\n<div class=\"entityItem \" data-trigger=\"wpiris-click\" >\n    <a href=\"https:\/\/www.montagnicimes.com\/les-bottieres\/se-divertir\/velo\/\" nofancybox class=\"entityItemThumbnail\">\n        <img data-src=\"https:\/\/www.montagnicimes.com\/les-bottieres\/wp-content\/uploads\/sites\/5\/wpiris-images\/14542\/velo-sybelles-380x400-c.jpg\" alt=\"V\u00e9lo\">\n    <\/a>\n    <div class=\"entityItemContent\">\n\n        <div class=\"entityItemContentHeading\">\n                                    <h2 class=\"entityItemContentTitle\" >\n                <a href=\"https:\/\/www.montagnicimes.com\/les-bottieres\/se-divertir\/velo\/\">V\u00e9lo<\/a>\n            <\/h2>                    <\/div>\n            <\/div>\n<\/div>\n\n<div class=\"entityItem \" data-trigger=\"wpiris-click\" >\n    <a href=\"https:\/\/www.montagnicimes.com\/les-bottieres\/se-divertir\/ski\/\" nofancybox class=\"entityItemThumbnail\">\n        <img data-src=\"https:\/\/www.montagnicimes.com\/les-bottieres\/wp-content\/uploads\/sites\/5\/wpiris-images\/8180\/45046997142_b9659b9be0_k-380x400-c.jpg\" alt=\"Ski\">\n    <\/a>\n    <div class=\"entityItemContent\">\n\n        <div class=\"entityItemContentHeading\">\n                                    <h2 class=\"entityItemContentTitle\" >\n                <a href=\"https:\/\/www.montagnicimes.com\/les-bottieres\/se-divertir\/ski\/\">Ski<\/a>\n            <\/h2>                    <\/div>\n            <\/div>\n<\/div>\n\n<div class=\"entityItem \" data-trigger=\"wpiris-click\" >\n    <a href=\"https:\/\/www.montagnicimes.com\/les-bottieres\/se-divertir\/raquette\/\" nofancybox class=\"entityItemThumbnail\">\n        <img data-src=\"https:\/\/www.montagnicimes.com\/les-bottieres\/wp-content\/uploads\/sites\/5\/wpiris-images\/8405\/chemin-montfalcon-380x400-c.jpg\" alt=\"Raquette\">\n    <\/a>\n    <div class=\"entityItemContent\">\n\n        <div class=\"entityItemContentHeading\">\n                                    <h2 class=\"entityItemContentTitle\" >\n                <a href=\"https:\/\/www.montagnicimes.com\/les-bottieres\/se-divertir\/raquette\/\">Raquette<\/a>\n            <\/h2>                    <\/div>\n            <\/div>\n<\/div>\n    <\/div>\n\n\n<p><\/p>\n","protected":false},"excerpt":{"rendered":"<p>Les Botti\u00e8res, c&rsquo;est le coin nature pour des activit\u00e9s de plein air toute l&rsquo;ann\u00e9e ! A l&rsquo;\u00e9cart du tumulte des grosses stations des Alpes, l&rsquo;environnement de la station sera id\u00e9al \u00e0 la pratique des sports de montagne.<\/p>\n","protected":false},"author":1,"featured_media":0,"parent":0,"menu_order":2,"comment_status":"closed","ping_status":"closed","template":"","meta":{"_relevanssi_hide_post":"","_relevanssi_pin_for_all":"","_relevanssi_pin_keywords":"","_relevanssi_unpin_keywords":"","_relevanssi_related_keywords":"","_relevanssi_related_include_ids":"","_relevanssi_related_exclude_ids":"","_relevanssi_related_no_append":"","_relevanssi_related_not_related":"","_relevanssi_related_posts":"489,493,491","_relevanssi_noindex_reason":""},"post_tag":[],"acf":[],"yoast_head":"<!-- This site is optimized with the Yoast SEO plugin v17.6 - https:\/\/yoast.com\/wordpress\/plugins\/seo\/ -->\n<meta name=\"description\" content=\"Les Botti\u00e8res, c&#039;est le coin nature pour des activit\u00e9s de plein air toute l&#039;ann\u00e9e ! A l&#039;\u00e9cart du tumulte des grosses stations des Alpes, l&#039;environnement\" \/>\n<meta name=\"robots\" content=\"index, follow, max-snippet:-1, max-image-preview:large, max-video-preview:-1\" \/>\n<link rel=\"canonical\" href=\"https:\/\/www.montagnicimes.com\/les-bottieres\/se-divertir\/\" \/>\n<meta property=\"og:locale\" content=\"fr_FR\" \/>\n<meta property=\"og:type\" content=\"article\" \/>\n<meta property=\"og:title\" content=\"Que faire aux Botti\u00e8res, activit\u00e9s et loisirs - Les Botti\u00e8res\" \/>\n<meta property=\"og:description\" content=\"Les Botti\u00e8res, c&#039;est le coin nature pour des activit\u00e9s de plein air toute l&#039;ann\u00e9e ! A l&#039;\u00e9cart du tumulte des grosses stations des Alpes, l&#039;environnement\" \/>\n<meta property=\"og:url\" content=\"https:\/\/www.montagnicimes.com\/les-bottieres\/se-divertir\/\" \/>\n<meta property=\"og:site_name\" content=\"Les Botti\u00e8res\" \/>\n<meta property=\"article:modified_time\" content=\"2021-11-24T20:15:34+00:00\" \/>\n<meta name=\"twitter:card\" content=\"summary_large_image\" \/>\n<meta name=\"twitter:label1\" content=\"Dur\u00e9e de lecture estim\u00e9e\" \/>\n\t<meta name=\"twitter:data1\" content=\"1 minute\" \/>\n<script type=\"application\/ld+json\" class=\"yoast-schema-graph\">{\"@context\":\"https:\/\/schema.org\",\"@graph\":[{\"@type\":\"WebSite\",\"@id\":\"https:\/\/www.montagnicimes.com\/les-bottieres\/#website\",\"url\":\"https:\/\/www.montagnicimes.com\/les-bottieres\/\",\"name\":\"Les Botti\\u00e8res\",\"description\":\"Office de tourisme Montagnicimes - Les Botti\\u00e8res\",\"potentialAction\":[{\"@type\":\"SearchAction\",\"target\":{\"@type\":\"EntryPoint\",\"urlTemplate\":\"https:\/\/www.montagnicimes.com\/les-bottieres\/?s={search_term_string}\"},\"query-input\":\"required name=search_term_string\"}],\"inLanguage\":\"fr-FR\"},{\"@type\":\"WebPage\",\"@id\":\"https:\/\/www.montagnicimes.com\/les-bottieres\/se-divertir\/#webpage\",\"url\":\"https:\/\/www.montagnicimes.com\/les-bottieres\/se-divertir\/\",\"name\":\"Que faire aux Botti\\u00e8res, activit\\u00e9s et loisirs - Les Botti\\u00e8res\",\"isPartOf\":{\"@id\":\"https:\/\/www.montagnicimes.com\/les-bottieres\/#website\"},\"datePublished\":\"2021-09-24T13:24:23+00:00\",\"dateModified\":\"2021-11-24T20:15:34+00:00\",\"description\":\"Les Botti\\u00e8res, c'est le coin nature pour des activit\\u00e9s de plein air toute l'ann\\u00e9e ! A l'\\u00e9cart du tumulte des grosses stations des Alpes, l'environnement\",\"breadcrumb\":{\"@id\":\"https:\/\/www.montagnicimes.com\/les-bottieres\/se-divertir\/#breadcrumb\"},\"inLanguage\":\"fr-FR\",\"potentialAction\":[{\"@type\":\"ReadAction\",\"target\":[\"https:\/\/www.montagnicimes.com\/les-bottieres\/se-divertir\/\"]}]},{\"@type\":\"BreadcrumbList\",\"@id\":\"https:\/\/www.montagnicimes.com\/les-bottieres\/se-divertir\/#breadcrumb\",\"itemListElement\":[{\"@type\":\"ListItem\",\"position\":1,\"name\":\"Accueil\",\"item\":\"https:\/\/www.montagnicimes.com\/les-bottieres\/\"},{\"@type\":\"ListItem\",\"position\":2,\"name\":\"Se divertir\"}]}]}<\/script>\n<!-- \/ Yoast SEO plugin. -->","yoast_head_json":{"description":"Les Botti\u00e8res, c'est le coin nature pour des activit\u00e9s de plein air toute l'ann\u00e9e ! A l'\u00e9cart du tumulte des grosses stations des Alpes, l'environnement","robots":{"index":"index","follow":"follow","max-snippet":"max-snippet:-1","max-image-preview":"max-image-preview:large","max-video-preview":"max-video-preview:-1"},"canonical":"https:\/\/www.montagnicimes.com\/les-bottieres\/se-divertir\/","og_locale":"fr_FR","og_type":"article","og_title":"Que faire aux Botti\u00e8res, activit\u00e9s et loisirs - Les Botti\u00e8res","og_description":"Les Botti\u00e8res, c'est le coin nature pour des activit\u00e9s de plein air toute l'ann\u00e9e ! A l'\u00e9cart du tumulte des grosses stations des Alpes, l'environnement","og_url":"https:\/\/www.montagnicimes.com\/les-bottieres\/se-divertir\/","og_site_name":"Les Botti\u00e8res","article_modified_time":"2021-11-24T20:15:34+00:00","twitter_card":"summary_large_image","twitter_misc":{"Dur\u00e9e de lecture estim\u00e9e":"1 minute"},"schema":{"@context":"https:\/\/schema.org","@graph":[{"@type":"WebSite","@id":"https:\/\/www.montagnicimes.com\/les-bottieres\/#website","url":"https:\/\/www.montagnicimes.com\/les-bottieres\/","name":"Les Botti\u00e8res","description":"Office de tourisme Montagnicimes - Les Botti\u00e8res","potentialAction":[{"@type":"SearchAction","target":{"@type":"EntryPoint","urlTemplate":"https:\/\/www.montagnicimes.com\/les-bottieres\/?s={search_term_string}"},"query-input":"required name=search_term_string"}],"inLanguage":"fr-FR"},{"@type":"WebPage","@id":"https:\/\/www.montagnicimes.com\/les-bottieres\/se-divertir\/#webpage","url":"https:\/\/www.montagnicimes.com\/les-bottieres\/se-divertir\/","name":"Que faire aux Botti\u00e8res, activit\u00e9s et loisirs - Les Botti\u00e8res","isPartOf":{"@id":"https:\/\/www.montagnicimes.com\/les-bottieres\/#website"},"datePublished":"2021-09-24T13:24:23+00:00","dateModified":"2021-11-24T20:15:34+00:00","description":"Les Botti\u00e8res, c'est le coin nature pour des activit\u00e9s de plein air toute l'ann\u00e9e ! A l'\u00e9cart du tumulte des grosses stations des Alpes, l'environnement","breadcrumb":{"@id":"https:\/\/www.montagnicimes.com\/les-bottieres\/se-divertir\/#breadcrumb"},"inLanguage":"fr-FR","potentialAction":[{"@type":"ReadAction","target":["https:\/\/www.montagnicimes.com\/les-bottieres\/se-divertir\/"]}]},{"@type":"BreadcrumbList","@id":"https:\/\/www.montagnicimes.com\/les-bottieres\/se-divertir\/#breadcrumb","itemListElement":[{"@type":"ListItem","position":1,"name":"Accueil","item":"https:\/\/www.montagnicimes.com\/les-bottieres\/"},{"@type":"ListItem","position":2,"name":"Se divertir"}]}]}},"_links":{"self":[{"href":"https:\/\/www.montagnicimes.com\/les-bottieres\/wp-json\/wp\/v2\/pages\/7573"}],"collection":[{"href":"https:\/\/www.montagnicimes.com\/les-bottieres\/wp-json\/wp\/v2\/pages"}],"about":[{"href":"https:\/\/www.montagnicimes.com\/les-bottieres\/wp-json\/wp\/v2\/types\/page"}],"author":[{"embeddable":true,"href":"https:\/\/www.montagnicimes.com\/les-bottieres\/wp-json\/wp\/v2\/users\/1"}],"replies":[{"embeddable":true,"href":"https:\/\/www.montagnicimes.com\/les-bottieres\/wp-json\/wp\/v2\/comments?post=7573"}],"version-history":[{"count":5,"href":"https:\/\/www.montagnicimes.com\/les-bottieres\/wp-json\/wp\/v2\/pages\/7573\/revisions"}],"predecessor-version":[{"id":8480,"href":"https:\/\/www.montagnicimes.com\/les-bottieres\/wp-json\/wp\/v2\/pages\/7573\/revisions\/8480"}],"wp:attachment":[{"href":"https:\/\/www.montagnicimes.com\/les-bottieres\/wp-json\/wp\/v2\/media?parent=7573"}],"wp:term":[{"taxonomy":"post_tag","embeddable":true,"href":"https:\/\/www.montagnicimes.com\/les-bottieres\/wp-json\/wp\/v2\/post_tag?post=7573"}],"curies":[{"name":"wp","href":"https:\/\/api.w.org\/{rel}","templated":true}]}}