{"id":7572,"date":"2021-09-24T15:24:22","date_gmt":"2021-09-24T13:24:22","guid":{"rendered":"https:\/\/www.montagnicimes.com\/les-bottieres\/decouvrir\/"},"modified":"2022-11-29T16:31:05","modified_gmt":"2022-11-29T15:31:05","slug":"decouvrir","status":"publish","type":"page","link":"https:\/\/www.montagnicimes.com\/les-bottieres\/decouvrir\/","title":{"rendered":"D\u00e9couvrir"},"content":{"rendered":"\n<p class=\"is-style-excerpt\">Cette petite station de sports d\u2019hiver fait partie d\u2019une des six stations du domaine skiable des Sybelles\u00ae. Vous pourrez ainsi pratiquer une multitude d\u2019activit\u00e9s sur neige, d\u00e9couvrir le patrimoine du village et les plaisirs culinaires de Maurienne et de Savoie.<\/p>\n\n\n\n<div class=\"wp-block wp-block-related-post clear alignfull\">\n    \n    <div class=\"article\">\n                \n            <\/div>\n\n    <div class=\"container\">\n        <div class=\"wp-block-related-post-inner\">\n            <div data-id=\"wpiris-related-post\" data-slides-per-view=\"2\">\n                <div data-id=\"wpiris-related-post-wrapper\">\n                                            \n<div class=\"postItem swiper-slide\" data-trigger=\"wpiris-click\" >\n    <a href=\"https:\/\/www.montagnicimes.com\/les-bottieres\/decouvrir\/les-bottieres\/\" nofancybox class=\"postItemThumbnail\">\n        <img data-src=\"https:\/\/www.montagnicimes.com\/les-bottieres\/wp-content\/uploads\/sites\/5\/wpiris-images\/12341\/Ferme-de-la-Fournache-58-590x440-c.jpg\" alt=\"Les Botti\u00e8res\">\n    <\/a>\n    <div class=\"postItemContent\">\n\n        <div class=\"postItemContentHeading\">\n            \n<div class=\"postItemContentHeadingOntitle\">\n    D\u00e9couvrir<\/div>\n                        <h3 class=\"postItemContentTitle\" >\n                <a href=\"https:\/\/www.montagnicimes.com\/les-bottieres\/decouvrir\/les-bottieres\/\">Les Botti\u00e8res<\/a>\n            <\/h3>                    <\/div>\n        \n<div class=\"postItemContentExcerpt\">\n    La station des Botti\u00e8res Les Botti\u00e8res r\u00e9unissent tous les crit\u00e8res d\u2019un havre sauvage et pr\u00e9serv\u00e9 offrant un retour aux sources&nbsp;: authenticit\u00e9, calme, charme naturel, et activit\u00e9s montagnardes. Cette station offre de quoi s\u2019occuper pendant toutes vos vacances&nbsp;: randonn\u00e9es, balades en raquettes au c\u0153ur de la for\u00eat, et descentes en ski sont au rendez-vous. &nbsp; Venez [&hellip;]<\/div>\n    <\/div>\n<\/div>\n                                            \n<div class=\"postItem swiper-slide\" data-trigger=\"wpiris-click\" >\n    <a href=\"https:\/\/www.montagnicimes.com\/les-bottieres\/decouvrir\/les-sybelles\/\" nofancybox class=\"postItemThumbnail\">\n        <img data-src=\"https:\/\/www.montagnicimes.com\/les-bottieres\/wp-content\/uploads\/sites\/5\/wpiris-images\/14544\/sybelles-ete-\u00a9valentineBMphotographie-590x440-c.jpg\" alt=\"Les Sybelles\u00ae\">\n    <\/a>\n    <div class=\"postItemContent\">\n\n        <div class=\"postItemContentHeading\">\n            \n<div class=\"postItemContentHeadingOntitle\">\n    D\u00e9couvrir<\/div>\n                        <h3 class=\"postItemContentTitle\" >\n                <a href=\"https:\/\/www.montagnicimes.com\/les-bottieres\/decouvrir\/les-sybelles\/\">Les Sybelles\u00ae<\/a>\n            <\/h3>                    <\/div>\n        \n<div class=\"postItemContentExcerpt\">\n    Situ\u00e9 en Savoie, en plein c\u0153ur de la Maurienne, venez d\u00e9couvrir le plus grand domaine skiable de Maurienne. Le plan des pistes Que ce soit en t\u00e9l\u00e9chargement pour pr\u00e9parer en amont de votre voyage au ski aux Les Sybelles\u00ae ou en version live pendant la saison, cette application vous offre des informations en temps r\u00e9el [&hellip;]<\/div>\n    <\/div>\n<\/div>\n                                    <\/div>\n            <\/div>\n        <\/div>\n    <\/div>\n<\/div>\n\n\n<p><\/p>\n","protected":false},"excerpt":{"rendered":"<p>Cette petite station de sports d\u2019hiver fait partie d\u2019une des six stations du domaine skiable des Sybelles\u00ae. Vous pourrez ainsi pratiquer une multitude d\u2019activit\u00e9s sur neige, d\u00e9couvrir le patrimoine du village et les plaisirs culinaires de Maurienne et de Savoie.<\/p>\n","protected":false},"author":1,"featured_media":8100,"parent":0,"menu_order":1,"comment_status":"closed","ping_status":"closed","template":"","meta":{"_relevanssi_hide_post":"","_relevanssi_pin_for_all":"","_relevanssi_pin_keywords":"","_relevanssi_unpin_keywords":"","_relevanssi_related_keywords":"","_relevanssi_related_include_ids":"","_relevanssi_related_exclude_ids":"","_relevanssi_related_no_append":"","_relevanssi_related_not_related":"","_relevanssi_related_posts":"493,489,491","_relevanssi_noindex_reason":""},"post_tag":[],"acf":[],"yoast_head":"<!-- This site is optimized with the Yoast SEO plugin v17.6 - https:\/\/yoast.com\/wordpress\/plugins\/seo\/ -->\n<meta name=\"description\" content=\"Cette petite station de sports d\u2019hiver fait partie d\u2019une des six stations du domaine skiable des Sybelles\u00ae. Vous pourrez ainsi pratiquer une multitude\" \/>\n<meta name=\"robots\" content=\"index, follow, max-snippet:-1, max-image-preview:large, max-video-preview:-1\" \/>\n<link rel=\"canonical\" href=\"https:\/\/www.montagnicimes.com\/les-bottieres\/decouvrir\/\" \/>\n<meta property=\"og:locale\" content=\"fr_FR\" \/>\n<meta property=\"og:type\" content=\"article\" \/>\n<meta property=\"og:title\" content=\"D\u00e9couvrir - Les Botti\u00e8res\" \/>\n<meta property=\"og:description\" content=\"Cette petite station de sports d\u2019hiver fait partie d\u2019une des six stations du domaine skiable des Sybelles\u00ae. Vous pourrez ainsi pratiquer une multitude\" \/>\n<meta property=\"og:url\" content=\"https:\/\/www.montagnicimes.com\/les-bottieres\/decouvrir\/\" \/>\n<meta property=\"og:site_name\" content=\"Les Botti\u00e8res\" \/>\n<meta property=\"article:modified_time\" content=\"2022-11-29T15:31:05+00:00\" \/>\n<meta property=\"og:image\" content=\"https:\/\/www.montagnicimes.com\/les-bottieres\/wp-content\/uploads\/sites\/5\/2021\/10\/Bottieres-village-hiver-\u00a9G.Cosnefroy.jpg\" \/>\n\t<meta property=\"og:image:width\" content=\"1920\" \/>\n\t<meta property=\"og:image:height\" content=\"1080\" \/>\n<meta name=\"twitter:card\" content=\"summary_large_image\" \/>\n<meta name=\"twitter:label1\" content=\"Dur\u00e9e de lecture estim\u00e9e\" \/>\n\t<meta name=\"twitter:data1\" content=\"1 minute\" \/>\n<script type=\"application\/ld+json\" class=\"yoast-schema-graph\">{\"@context\":\"https:\/\/schema.org\",\"@graph\":[{\"@type\":\"WebSite\",\"@id\":\"https:\/\/www.montagnicimes.com\/les-bottieres\/#website\",\"url\":\"https:\/\/www.montagnicimes.com\/les-bottieres\/\",\"name\":\"Les Botti\\u00e8res\",\"description\":\"Office de tourisme Montagnicimes - Les Botti\\u00e8res\",\"potentialAction\":[{\"@type\":\"SearchAction\",\"target\":{\"@type\":\"EntryPoint\",\"urlTemplate\":\"https:\/\/www.montagnicimes.com\/les-bottieres\/?s={search_term_string}\"},\"query-input\":\"required name=search_term_string\"}],\"inLanguage\":\"fr-FR\"},{\"@type\":\"ImageObject\",\"@id\":\"https:\/\/www.montagnicimes.com\/les-bottieres\/decouvrir\/#primaryimage\",\"inLanguage\":\"fr-FR\",\"url\":\"https:\/\/www.montagnicimes.com\/les-bottieres\/wp-content\/uploads\/sites\/5\/2021\/10\/Bottieres-village-hiver-\\u00a9G.Cosnefroy.jpg\",\"contentUrl\":\"https:\/\/www.montagnicimes.com\/les-bottieres\/wp-content\/uploads\/sites\/5\/2021\/10\/Bottieres-village-hiver-\\u00a9G.Cosnefroy.jpg\",\"width\":1920,\"height\":1080,\"caption\":\"Ville des Botti\\u00e8res vue Drone\"},{\"@type\":\"WebPage\",\"@id\":\"https:\/\/www.montagnicimes.com\/les-bottieres\/decouvrir\/#webpage\",\"url\":\"https:\/\/www.montagnicimes.com\/les-bottieres\/decouvrir\/\",\"name\":\"D\\u00e9couvrir - Les Botti\\u00e8res\",\"isPartOf\":{\"@id\":\"https:\/\/www.montagnicimes.com\/les-bottieres\/#website\"},\"primaryImageOfPage\":{\"@id\":\"https:\/\/www.montagnicimes.com\/les-bottieres\/decouvrir\/#primaryimage\"},\"datePublished\":\"2021-09-24T13:24:22+00:00\",\"dateModified\":\"2022-11-29T15:31:05+00:00\",\"description\":\"Cette petite station de sports d\\u2019hiver fait partie d\\u2019une des six stations du domaine skiable des Sybelles\\u00ae. Vous pourrez ainsi pratiquer une multitude\",\"breadcrumb\":{\"@id\":\"https:\/\/www.montagnicimes.com\/les-bottieres\/decouvrir\/#breadcrumb\"},\"inLanguage\":\"fr-FR\",\"potentialAction\":[{\"@type\":\"ReadAction\",\"target\":[\"https:\/\/www.montagnicimes.com\/les-bottieres\/decouvrir\/\"]}]},{\"@type\":\"BreadcrumbList\",\"@id\":\"https:\/\/www.montagnicimes.com\/les-bottieres\/decouvrir\/#breadcrumb\",\"itemListElement\":[{\"@type\":\"ListItem\",\"position\":1,\"name\":\"Accueil\",\"item\":\"https:\/\/www.montagnicimes.com\/les-bottieres\/\"},{\"@type\":\"ListItem\",\"position\":2,\"name\":\"D\\u00e9couvrir\"}]}]}<\/script>\n<!-- \/ Yoast SEO plugin. -->","yoast_head_json":{"description":"Cette petite station de sports d\u2019hiver fait partie d\u2019une des six stations du domaine skiable des Sybelles\u00ae. Vous pourrez ainsi pratiquer une multitude","robots":{"index":"index","follow":"follow","max-snippet":"max-snippet:-1","max-image-preview":"max-image-preview:large","max-video-preview":"max-video-preview:-1"},"canonical":"https:\/\/www.montagnicimes.com\/les-bottieres\/decouvrir\/","og_locale":"fr_FR","og_type":"article","og_title":"D\u00e9couvrir - Les Botti\u00e8res","og_description":"Cette petite station de sports d\u2019hiver fait partie d\u2019une des six stations du domaine skiable des Sybelles\u00ae. Vous pourrez ainsi pratiquer une multitude","og_url":"https:\/\/www.montagnicimes.com\/les-bottieres\/decouvrir\/","og_site_name":"Les Botti\u00e8res","article_modified_time":"2022-11-29T15:31:05+00:00","og_image":[{"width":1920,"height":1080,"url":"https:\/\/www.montagnicimes.com\/les-bottieres\/wp-content\/uploads\/sites\/5\/2021\/10\/Bottieres-village-hiver-\u00a9G.Cosnefroy.jpg","type":"image\/jpeg"}],"twitter_card":"summary_large_image","twitter_misc":{"Dur\u00e9e de lecture estim\u00e9e":"1 minute"},"schema":{"@context":"https:\/\/schema.org","@graph":[{"@type":"WebSite","@id":"https:\/\/www.montagnicimes.com\/les-bottieres\/#website","url":"https:\/\/www.montagnicimes.com\/les-bottieres\/","name":"Les Botti\u00e8res","description":"Office de tourisme Montagnicimes - Les Botti\u00e8res","potentialAction":[{"@type":"SearchAction","target":{"@type":"EntryPoint","urlTemplate":"https:\/\/www.montagnicimes.com\/les-bottieres\/?s={search_term_string}"},"query-input":"required name=search_term_string"}],"inLanguage":"fr-FR"},{"@type":"ImageObject","@id":"https:\/\/www.montagnicimes.com\/les-bottieres\/decouvrir\/#primaryimage","inLanguage":"fr-FR","url":"https:\/\/www.montagnicimes.com\/les-bottieres\/wp-content\/uploads\/sites\/5\/2021\/10\/Bottieres-village-hiver-\u00a9G.Cosnefroy.jpg","contentUrl":"https:\/\/www.montagnicimes.com\/les-bottieres\/wp-content\/uploads\/sites\/5\/2021\/10\/Bottieres-village-hiver-\u00a9G.Cosnefroy.jpg","width":1920,"height":1080,"caption":"Ville des Botti\u00e8res vue Drone"},{"@type":"WebPage","@id":"https:\/\/www.montagnicimes.com\/les-bottieres\/decouvrir\/#webpage","url":"https:\/\/www.montagnicimes.com\/les-bottieres\/decouvrir\/","name":"D\u00e9couvrir - Les Botti\u00e8res","isPartOf":{"@id":"https:\/\/www.montagnicimes.com\/les-bottieres\/#website"},"primaryImageOfPage":{"@id":"https:\/\/www.montagnicimes.com\/les-bottieres\/decouvrir\/#primaryimage"},"datePublished":"2021-09-24T13:24:22+00:00","dateModified":"2022-11-29T15:31:05+00:00","description":"Cette petite station de sports d\u2019hiver fait partie d\u2019une des six stations du domaine skiable des Sybelles\u00ae. Vous pourrez ainsi pratiquer une multitude","breadcrumb":{"@id":"https:\/\/www.montagnicimes.com\/les-bottieres\/decouvrir\/#breadcrumb"},"inLanguage":"fr-FR","potentialAction":[{"@type":"ReadAction","target":["https:\/\/www.montagnicimes.com\/les-bottieres\/decouvrir\/"]}]},{"@type":"BreadcrumbList","@id":"https:\/\/www.montagnicimes.com\/les-bottieres\/decouvrir\/#breadcrumb","itemListElement":[{"@type":"ListItem","position":1,"name":"Accueil","item":"https:\/\/www.montagnicimes.com\/les-bottieres\/"},{"@type":"ListItem","position":2,"name":"D\u00e9couvrir"}]}]}},"_links":{"self":[{"href":"https:\/\/www.montagnicimes.com\/les-bottieres\/wp-json\/wp\/v2\/pages\/7572"}],"collection":[{"href":"https:\/\/www.montagnicimes.com\/les-bottieres\/wp-json\/wp\/v2\/pages"}],"about":[{"href":"https:\/\/www.montagnicimes.com\/les-bottieres\/wp-json\/wp\/v2\/types\/page"}],"author":[{"embeddable":true,"href":"https:\/\/www.montagnicimes.com\/les-bottieres\/wp-json\/wp\/v2\/users\/1"}],"replies":[{"embeddable":true,"href":"https:\/\/www.montagnicimes.com\/les-bottieres\/wp-json\/wp\/v2\/comments?post=7572"}],"version-history":[{"count":11,"href":"https:\/\/www.montagnicimes.com\/les-bottieres\/wp-json\/wp\/v2\/pages\/7572\/revisions"}],"predecessor-version":[{"id":8819,"href":"https:\/\/www.montagnicimes.com\/les-bottieres\/wp-json\/wp\/v2\/pages\/7572\/revisions\/8819"}],"wp:featuredmedia":[{"embeddable":true,"href":"https:\/\/www.montagnicimes.com\/les-bottieres\/wp-json\/wp\/v2\/media\/8100"}],"wp:attachment":[{"href":"https:\/\/www.montagnicimes.com\/les-bottieres\/wp-json\/wp\/v2\/media?parent=7572"}],"wp:term":[{"taxonomy":"post_tag","embeddable":true,"href":"https:\/\/www.montagnicimes.com\/les-bottieres\/wp-json\/wp\/v2\/post_tag?post=7572"}],"curies":[{"name":"wp","href":"https:\/\/api.w.org\/{rel}","templated":true}]}}