{"id":7400,"date":"2021-09-24T10:02:56","date_gmt":"2021-09-24T09:02:56","guid":{"rendered":"https:\/\/www.montagnicimes.com\/les-bottieres\/newsletter\/"},"modified":"2021-11-24T21:50:44","modified_gmt":"2021-11-24T20:50:44","slug":"newsletter","status":"publish","type":"page","link":"https:\/\/www.montagnicimes.com\/les-bottieres\/newsletter\/","title":{"rendered":"Newsletter"},"content":{"rendered":"\t\t\t\t\t<script type=\"text\/javascript\">\n\t\t\t\t\t\tvar gCaptchaSibWidget;\n\t\t\t\t\t\tvar onloadSibCallback = function() {\n\t\t\t\t\t\t\tvar element = document.getElementsByClassName('sib-default-btn');\n\t\t\t\t\t\t\tgCaptchaSibWidget = grecaptcha.render(element[0],{\n\t\t\t\t\t\t\t\t'sitekey' : '6Lf5kGMcAAAAAAvFIHkuooZ44xhaZNY8EreP5cz2',\n\t\t\t\t\t\t\t\t'callback' : sibVerifyCallback\n\t\t\t\t\t\t\t});\n\t\t\t\t\t\t};\n\t\t\t\t\t<\/script>\n\t\t\t\t\t\t\t\t\t<script src=\"https:\/\/www.google.com\/recaptcha\/api.js?onload=onloadSibCallback&render=explicit\" async defer><\/script>\n\t\t\t\t\t\t\t<form id=\"sib_signup_form_1\" method=\"post\" class=\"sib_signup_form\">\n\t\t\t\t<div class=\"sib_loader\" style=\"display:none;\"><img\n\t\t\t\t\t\t\tsrc=\"https:\/\/www.montagnicimes.com\/les-bottieres\/wp-includes\/images\/spinner.gif\" alt=\"loader\"><\/div>\n\t\t\t\t<input type=\"hidden\" name=\"sib_form_action\" value=\"subscribe_form_submit\">\n\t\t\t\t<input type=\"hidden\" name=\"sib_form_id\" value=\"1\">\n                <input type=\"hidden\" name=\"sib_form_alert_notice\" value=\"Remplissez ce champ s\u2019il vous pla\u00eet\">\n                <input type=\"hidden\" name=\"sib_security\" value=\"f1c2d1a00e\">\n\t\t\t\t<div class=\"sib_signup_box_inside_1\">\n\t\t\t\t\t<div style=\"\/*display:none*\/\" class=\"sib_msg_disp\">\n\t\t\t\t\t<\/div>\n\t\t\t\t\t<div class=\"frm_forms\">\r\n<div class=\"frm_fields_container\">\r\n    <div class=\"frm_form_field form-field formGroup formGroup--text frm_top_container sib-NOM-area\">\r\n        <label class=\"frm_primary_label formGroupLabel sib-NOM-area\">Nom<span class=\"frm_required\"> *<\/span><\/label>\r\n        <div class=\"formGroupField\">\r\n            <input type=\"text\" class=\"sib-NOM-area\" name=\"NOM\">\r\n        <\/div>\r\n    <\/div>\r\n    <div class=\"frm_form_field form-field formGroup formGroup--text frm_top_container sib-PRENOM-area\">\r\n        <label class=\"frm_primary_label formGroupLabel sib-PRENOM-area\">Pr\u00e9nom<\/label>\r\n        <div class=\"formGroupField\">\r\n            <input type=\"text\" class=\"sib-PRENOM-area\" name=\"PRENOM\">\r\n        <\/div>\r\n    <\/div>\r\n    <div class=\"frm_form_field form-field formGroup formGroup--text frm_top_container sib-email-area\">\r\n        <label class=\"frm_primary_label formGroupLabel sib-email-area\">Adresse mail<span class=\"frm_required\"> *<\/span><\/label>\r\n        <div class=\"formGroupField\">\r\n            <input type=\"email\" class=\"sib-email-area\" name=\"email\">\r\n        <\/div>\r\n    <\/div>\r\n\r\n<div class=\"frm_form_field form-field frm_required_field formGroup formGroup--checkbox frm_top_container js-axeptioInsert-newsletter vertical_radio\">\r\n    <div class=\"frm_primary_label formGroupLabel\">RGPD <span class=\"frm_required\" aria-hidden=\"true\">*<\/span><\/div>\r\n    <div class=\"frm_opt_container\" aria-labelledby=\"field_pve9y_label\" role=\"group\">\r\n        <div class=\"formGroupField\">\r\n            <div class=\"frm_checkbox\">\r\n                <input type=\"checkbox\" name=\"item_meta[20][]\" value=\"J'accepte le recueillement de mes donn\u00e9es personnelles\" aria-invalid=\"false\">\r\n                <label> J\u2019accepte le recueillement de mes donn\u00e9es personnelles<\/label>\r\n            <\/div>\r\n        <\/div>\r\n    <\/div>\r\n<\/div>\r\n\r\n    <div class=\"frm_submit formGroup--nolabel\">\r\n        <button class=\"frm_button_submit frm_final_submit button sib-default-btn\" type=\"submit\">Envoyer<\/button>\r\n    <\/div>\r\n<\/div>\r\n<\/div>\r\n\t\t\t\t<\/div>\n\t\t\t<\/form>\n\t\t\t<style>\n\t\t\t\tform#sib_signup_form_1 p.sib-alert-message {\n    padding: 6px 12px;\n    margin-bottom: 20px;\n    border: 1px solid transparent;\n    border-radius: 4px;\n    -webkit-box-sizing: border-box;\n    -moz-box-sizing: border-box;\n    box-sizing: border-box;\n}\nform#sib_signup_form_1 p.sib-alert-message-error {\n    background-color: #f2dede;\n    border-color: #ebccd1;\n    color: #a94442;\n}\nform#sib_signup_form_1 p.sib-alert-message-success {\n    background-color: #dff0d8;\n    border-color: #d6e9c6;\n    color: #3c763d;\n}\nform#sib_signup_form_1 p.sib-alert-message-warning {\n    background-color: #fcf8e3;\n    border-color: #faebcc;\n    color: #8a6d3b;\n}\t\t\t<\/style>\n\t\t\t\n","protected":false},"excerpt":{"rendered":"","protected":false},"author":1,"featured_media":0,"parent":0,"menu_order":15,"comment_status":"closed","ping_status":"closed","template":"","meta":{"_relevanssi_hide_post":"","_relevanssi_pin_for_all":"","_relevanssi_pin_keywords":"","_relevanssi_unpin_keywords":"","_relevanssi_related_keywords":"","_relevanssi_related_include_ids":"","_relevanssi_related_exclude_ids":"","_relevanssi_related_no_append":"","_relevanssi_related_not_related":"","_relevanssi_related_posts":"493,489,491","_relevanssi_noindex_reason":""},"post_tag":[],"acf":[],"yoast_head":"<!-- This site is optimized with the Yoast SEO plugin v17.6 - https:\/\/yoast.com\/wordpress\/plugins\/seo\/ -->\n<meta name=\"robots\" content=\"index, follow, max-snippet:-1, max-image-preview:large, max-video-preview:-1\" \/>\n<link rel=\"canonical\" href=\"https:\/\/www.montagnicimes.comp\/newsletter\/\" \/>\n<meta property=\"og:locale\" content=\"fr_FR\" \/>\n<meta property=\"og:type\" content=\"article\" \/>\n<meta property=\"og:title\" content=\"Newsletter - Les Botti\u00e8res\" \/>\n<meta property=\"og:url\" content=\"https:\/\/www.montagnicimes.comp\/newsletter\/\" \/>\n<meta property=\"og:site_name\" content=\"Les Botti\u00e8res\" \/>\n<meta property=\"article:modified_time\" content=\"2021-11-24T20:50:44+00:00\" \/>\n<meta name=\"twitter:card\" content=\"summary_large_image\" \/>\n<meta name=\"twitter:label1\" content=\"Dur\u00e9e de lecture estim\u00e9e\" \/>\n\t<meta name=\"twitter:data1\" content=\"1 minute\" \/>\n<script type=\"application\/ld+json\" class=\"yoast-schema-graph\">{\"@context\":\"https:\/\/schema.org\",\"@graph\":[{\"@type\":\"WebSite\",\"@id\":\"https:\/\/www.montagnicimes.com\/les-bottieres\/#website\",\"url\":\"https:\/\/www.montagnicimes.com\/les-bottieres\/\",\"name\":\"Les Botti\\u00e8res\",\"description\":\"Office de tourisme Montagnicimes - Les Botti\\u00e8res\",\"potentialAction\":[{\"@type\":\"SearchAction\",\"target\":{\"@type\":\"EntryPoint\",\"urlTemplate\":\"https:\/\/www.montagnicimes.com\/les-bottieres\/?s={search_term_string}\"},\"query-input\":\"required name=search_term_string\"}],\"inLanguage\":\"fr-FR\"},{\"@type\":\"WebPage\",\"@id\":\"https:\/\/www.montagnicimes.comp\/newsletter\/#webpage\",\"url\":\"https:\/\/www.montagnicimes.comp\/newsletter\/\",\"name\":\"Newsletter - Les Botti\\u00e8res\",\"isPartOf\":{\"@id\":\"https:\/\/www.montagnicimes.com\/les-bottieres\/#website\"},\"datePublished\":\"2021-09-24T09:02:56+00:00\",\"dateModified\":\"2021-11-24T20:50:44+00:00\",\"breadcrumb\":{\"@id\":\"https:\/\/www.montagnicimes.comp\/newsletter\/#breadcrumb\"},\"inLanguage\":\"fr-FR\",\"potentialAction\":[{\"@type\":\"ReadAction\",\"target\":[\"https:\/\/www.montagnicimes.comp\/newsletter\/\"]}]},{\"@type\":\"BreadcrumbList\",\"@id\":\"https:\/\/www.montagnicimes.comp\/newsletter\/#breadcrumb\",\"itemListElement\":[{\"@type\":\"ListItem\",\"position\":1,\"name\":\"Accueil\",\"item\":\"https:\/\/www.montagnicimes.com\/les-bottieres\/\"},{\"@type\":\"ListItem\",\"position\":2,\"name\":\"Newsletter\"}]}]}<\/script>\n<!-- \/ Yoast SEO plugin. -->","yoast_head_json":{"robots":{"index":"index","follow":"follow","max-snippet":"max-snippet:-1","max-image-preview":"max-image-preview:large","max-video-preview":"max-video-preview:-1"},"canonical":"https:\/\/www.montagnicimes.comp\/newsletter\/","og_locale":"fr_FR","og_type":"article","og_title":"Newsletter - Les Botti\u00e8res","og_url":"https:\/\/www.montagnicimes.comp\/newsletter\/","og_site_name":"Les Botti\u00e8res","article_modified_time":"2021-11-24T20:50:44+00:00","twitter_card":"summary_large_image","twitter_misc":{"Dur\u00e9e de lecture estim\u00e9e":"1 minute"},"schema":{"@context":"https:\/\/schema.org","@graph":[{"@type":"WebSite","@id":"https:\/\/www.montagnicimes.com\/les-bottieres\/#website","url":"https:\/\/www.montagnicimes.com\/les-bottieres\/","name":"Les Botti\u00e8res","description":"Office de tourisme Montagnicimes - Les Botti\u00e8res","potentialAction":[{"@type":"SearchAction","target":{"@type":"EntryPoint","urlTemplate":"https:\/\/www.montagnicimes.com\/les-bottieres\/?s={search_term_string}"},"query-input":"required name=search_term_string"}],"inLanguage":"fr-FR"},{"@type":"WebPage","@id":"https:\/\/www.montagnicimes.comp\/newsletter\/#webpage","url":"https:\/\/www.montagnicimes.comp\/newsletter\/","name":"Newsletter - Les Botti\u00e8res","isPartOf":{"@id":"https:\/\/www.montagnicimes.com\/les-bottieres\/#website"},"datePublished":"2021-09-24T09:02:56+00:00","dateModified":"2021-11-24T20:50:44+00:00","breadcrumb":{"@id":"https:\/\/www.montagnicimes.comp\/newsletter\/#breadcrumb"},"inLanguage":"fr-FR","potentialAction":[{"@type":"ReadAction","target":["https:\/\/www.montagnicimes.comp\/newsletter\/"]}]},{"@type":"BreadcrumbList","@id":"https:\/\/www.montagnicimes.comp\/newsletter\/#breadcrumb","itemListElement":[{"@type":"ListItem","position":1,"name":"Accueil","item":"https:\/\/www.montagnicimes.com\/les-bottieres\/"},{"@type":"ListItem","position":2,"name":"Newsletter"}]}]}},"_links":{"self":[{"href":"https:\/\/www.montagnicimes.com\/les-bottieres\/wp-json\/wp\/v2\/pages\/7400"}],"collection":[{"href":"https:\/\/www.montagnicimes.com\/les-bottieres\/wp-json\/wp\/v2\/pages"}],"about":[{"href":"https:\/\/www.montagnicimes.com\/les-bottieres\/wp-json\/wp\/v2\/types\/page"}],"author":[{"embeddable":true,"href":"https:\/\/www.montagnicimes.com\/les-bottieres\/wp-json\/wp\/v2\/users\/1"}],"replies":[{"embeddable":true,"href":"https:\/\/www.montagnicimes.com\/les-bottieres\/wp-json\/wp\/v2\/comments?post=7400"}],"version-history":[{"count":1,"href":"https:\/\/www.montagnicimes.com\/les-bottieres\/wp-json\/wp\/v2\/pages\/7400\/revisions"}],"predecessor-version":[{"id":7674,"href":"https:\/\/www.montagnicimes.com\/les-bottieres\/wp-json\/wp\/v2\/pages\/7400\/revisions\/7674"}],"wp:attachment":[{"href":"https:\/\/www.montagnicimes.com\/les-bottieres\/wp-json\/wp\/v2\/media?parent=7400"}],"wp:term":[{"taxonomy":"post_tag","embeddable":true,"href":"https:\/\/www.montagnicimes.com\/les-bottieres\/wp-json\/wp\/v2\/post_tag?post=7400"}],"curies":[{"name":"wp","href":"https:\/\/api.w.org\/{rel}","templated":true}]}}