{"id":7398,"date":"2021-09-24T10:02:56","date_gmt":"2021-09-24T09:02:56","guid":{"rendered":"https:\/\/www.montagnicimes.com\/les-bottieres\/meteo\/"},"modified":"2021-10-04T14:50:43","modified_gmt":"2021-10-04T12:50:43","slug":"meteo","status":"publish","type":"page","link":"https:\/\/www.montagnicimes.com\/les-bottieres\/meteo\/","title":{"rendered":"M\u00e9t\u00e9o"},"content":{"rendered":"<div class=\"weatherItem article\">\n            <div class=\"weatherItemRow weatherItemRow--preview clear\">\n            <div class=\"weatherItemRowItem weatherItemRowItem--date\">\n                <p class=\"weatherItemRowItem--dateDay\">Lun<\/p>\n                <div>\n                    <span class=\"weatherItemRowItem--dateNumber\">20<\/span>\n                    <span class=\"weatherItemRowItem--dateSlash\">\/<\/span>\n                    <span class=\"weatherItemRowItem--dateMonth\">04<\/span>\n                <\/div>\n            <\/div>\n            <div class=\"weatherItemRowItem weatherItemRowItem--current\">\n                <p class=\"weatherItemRowItem--currentIcon\">\n                    <i class=\"wi wi-day-cloudy\"><\/i>\n                <\/p>\n                <p class=\"weatherItemRowItem--currentTemp\">15 \u00b0C<\/p>\n            <\/div>\n            <div class=\"weatherItemRowItem weatherItemRowItem--data\">\n                <p><strong>-1 \u00b0C \/ 16 \u00b0C <\/strong><\/p>\n                <p>Vent :  <strong>8 km\/h<\/strong><\/p>\n                <p>Humidit\u00e9 :  <strong>68 %<\/strong><\/p>\n                <p class=\"weatherItemRowItem--dataButton\">\n                    <a href=\"#data-weather-1\" class=\"js-trigger-weather-single\">\n                        <span class=\"sr-only\">Voir plus<\/span>\n                    <\/a>\n                <\/p>\n            <\/div>\n        <\/div>\n        <div class=\"weatherItemRow weatherItemRow--single js-data clear\" id=\"data-weather-1\">\n            <div>\n                <div class=\"weatherItemRowItem weatherItemRow--singleItem\">\n                    <p class=\"weatherItemRow--singleItemTitle\">Matin<\/p>\n                    <i class=\"weatherItemRow--singleItemIcon wi wi-day-cloudy\"><\/i>\n                    <span class=\"weatherItemRow--singleItemTemp\">-1\u00b0c<\/span>\n                <\/div>\n                <div class=\"weatherItemRowItem weatherItemRow--singleItem\">\n                    <p class=\"weatherItemRow--singleItemTitle\">Apr\u00e8s-midi<\/p>\n                    <i class=\"weatherItemRow--singleItemIcon wi wi-day-cloudy\"><\/i>\n                    <span class=\"weatherItemRow--singleItemTemp\">15\u00b0c<\/span>\n                <\/div>\n                <div class=\"weatherItemRowItem weatherItemRow--singleItem\">\n                    <p class=\"weatherItemRow--singleItemTitle\">Soir<\/p>\n                    <i class=\"weatherItemRow--singleItemIcon wi wi-day-sunny\"><\/i>\n                    <span class=\"weatherItemRow--singleItemTemp\">5\u00b0c<\/span>\n                <\/div>\n            <\/div>\n        <\/div>\n                    <div class=\"weatherItemRow weatherItemRow--preview clear\">\n            <div class=\"weatherItemRowItem weatherItemRowItem--date\">\n                <p class=\"weatherItemRowItem--dateDay\">Mar<\/p>\n                <div>\n                    <span class=\"weatherItemRowItem--dateNumber\">21<\/span>\n                    <span class=\"weatherItemRowItem--dateSlash\">\/<\/span>\n                    <span class=\"weatherItemRowItem--dateMonth\">04<\/span>\n                <\/div>\n            <\/div>\n            <div class=\"weatherItemRowItem weatherItemRowItem--current\">\n                <p class=\"weatherItemRowItem--currentIcon\">\n                    <i class=\"wi wi-day-sunny\"><\/i>\n                <\/p>\n                <p class=\"weatherItemRowItem--currentTemp\">14 \u00b0C<\/p>\n            <\/div>\n            <div class=\"weatherItemRowItem weatherItemRowItem--data\">\n                <p><strong>0 \u00b0C \/ 14 \u00b0C <\/strong><\/p>\n                <p>Vent :  <strong>9 km\/h<\/strong><\/p>\n                <p>Humidit\u00e9 :  <strong>64 %<\/strong><\/p>\n                <p class=\"weatherItemRowItem--dataButton\">\n                    <a href=\"#data-weather-2\" class=\"js-trigger-weather-single\">\n                        <span class=\"sr-only\">Voir plus<\/span>\n                    <\/a>\n                <\/p>\n            <\/div>\n        <\/div>\n        <div class=\"weatherItemRow weatherItemRow--single js-data clear\" id=\"data-weather-2\">\n            <div>\n                <div class=\"weatherItemRowItem weatherItemRow--singleItem\">\n                    <p class=\"weatherItemRow--singleItemTitle\">Matin<\/p>\n                    <i class=\"weatherItemRow--singleItemIcon wi wi-day-cloudy\"><\/i>\n                    <span class=\"weatherItemRow--singleItemTemp\">1\u00b0c<\/span>\n                <\/div>\n                <div class=\"weatherItemRowItem weatherItemRow--singleItem\">\n                    <p class=\"weatherItemRow--singleItemTitle\">Apr\u00e8s-midi<\/p>\n                    <i class=\"weatherItemRow--singleItemIcon wi wi-day-sunny\"><\/i>\n                    <span class=\"weatherItemRow--singleItemTemp\">14\u00b0c<\/span>\n                <\/div>\n                <div class=\"weatherItemRowItem weatherItemRow--singleItem\">\n                    <p class=\"weatherItemRow--singleItemTitle\">Soir<\/p>\n                    <i class=\"weatherItemRow--singleItemIcon wi wi-day-cloudy\"><\/i>\n                    <span class=\"weatherItemRow--singleItemTemp\">4\u00b0c<\/span>\n                <\/div>\n            <\/div>\n        <\/div>\n                    <div class=\"weatherItemRow weatherItemRow--preview clear\">\n            <div class=\"weatherItemRowItem weatherItemRowItem--date\">\n                <p class=\"weatherItemRowItem--dateDay\">Mer<\/p>\n                <div>\n                    <span class=\"weatherItemRowItem--dateNumber\">22<\/span>\n                    <span class=\"weatherItemRowItem--dateSlash\">\/<\/span>\n                    <span class=\"weatherItemRowItem--dateMonth\">04<\/span>\n                <\/div>\n            <\/div>\n            <div class=\"weatherItemRowItem weatherItemRowItem--current\">\n                <p class=\"weatherItemRowItem--currentIcon\">\n                    <i class=\"wi wi-day-cloudy\"><\/i>\n                <\/p>\n                <p class=\"weatherItemRowItem--currentTemp\">15 \u00b0C<\/p>\n            <\/div>\n            <div class=\"weatherItemRowItem weatherItemRowItem--data\">\n                <p><strong>0 \u00b0C \/ 15 \u00b0C <\/strong><\/p>\n                <p>Vent :  <strong>9 km\/h<\/strong><\/p>\n                <p>Humidit\u00e9 :  <strong>56 %<\/strong><\/p>\n                <p class=\"weatherItemRowItem--dataButton\">\n                    <a href=\"#data-weather-3\" class=\"js-trigger-weather-single\">\n                        <span class=\"sr-only\">Voir plus<\/span>\n                    <\/a>\n                <\/p>\n            <\/div>\n        <\/div>\n        <div class=\"weatherItemRow weatherItemRow--single js-data clear\" id=\"data-weather-3\">\n            <div>\n                <div class=\"weatherItemRowItem weatherItemRow--singleItem\">\n                    <p class=\"weatherItemRow--singleItemTitle\">Matin<\/p>\n                    <i class=\"weatherItemRow--singleItemIcon wi wi-day-cloudy\"><\/i>\n                    <span class=\"weatherItemRow--singleItemTemp\">1\u00b0c<\/span>\n                <\/div>\n                <div class=\"weatherItemRowItem weatherItemRow--singleItem\">\n                    <p class=\"weatherItemRow--singleItemTitle\">Apr\u00e8s-midi<\/p>\n                    <i class=\"weatherItemRow--singleItemIcon wi wi-day-cloudy\"><\/i>\n                    <span class=\"weatherItemRow--singleItemTemp\">15\u00b0c<\/span>\n                <\/div>\n                <div class=\"weatherItemRowItem weatherItemRow--singleItem\">\n                    <p class=\"weatherItemRow--singleItemTitle\">Soir<\/p>\n                    <i class=\"weatherItemRow--singleItemIcon wi wi-day-cloudy\"><\/i>\n                    <span class=\"weatherItemRow--singleItemTemp\">5\u00b0c<\/span>\n                <\/div>\n            <\/div>\n        <\/div>\n                    <div class=\"weatherItemRow weatherItemRow--preview clear\">\n            <div class=\"weatherItemRowItem weatherItemRowItem--date\">\n                <p class=\"weatherItemRowItem--dateDay\">Jeu<\/p>\n                <div>\n                    <span class=\"weatherItemRowItem--dateNumber\">23<\/span>\n                    <span class=\"weatherItemRowItem--dateSlash\">\/<\/span>\n                    <span class=\"weatherItemRowItem--dateMonth\">04<\/span>\n                <\/div>\n            <\/div>\n            <div class=\"weatherItemRowItem weatherItemRowItem--current\">\n                <p class=\"weatherItemRowItem--currentIcon\">\n                    <i class=\"wi wi-day-cloudy\"><\/i>\n                <\/p>\n                <p class=\"weatherItemRowItem--currentTemp\">14 \u00b0C<\/p>\n            <\/div>\n            <div class=\"weatherItemRowItem weatherItemRowItem--data\">\n                <p><strong>1 \u00b0C \/ 15 \u00b0C <\/strong><\/p>\n                <p>Vent :  <strong>9 km\/h<\/strong><\/p>\n                <p>Humidit\u00e9 :  <strong>66 %<\/strong><\/p>\n                <p class=\"weatherItemRowItem--dataButton\">\n                    <a href=\"#data-weather-4\" class=\"js-trigger-weather-single\">\n                        <span class=\"sr-only\">Voir plus<\/span>\n                    <\/a>\n                <\/p>\n            <\/div>\n        <\/div>\n        <div class=\"weatherItemRow weatherItemRow--single js-data clear\" id=\"data-weather-4\">\n            <div>\n                <div class=\"weatherItemRowItem weatherItemRow--singleItem\">\n                    <p class=\"weatherItemRow--singleItemTitle\">Matin<\/p>\n                    <i class=\"weatherItemRow--singleItemIcon wi wi-day-sunny\"><\/i>\n                    <span class=\"weatherItemRow--singleItemTemp\">1\u00b0c<\/span>\n                <\/div>\n                <div class=\"weatherItemRowItem weatherItemRow--singleItem\">\n                    <p class=\"weatherItemRow--singleItemTitle\">Apr\u00e8s-midi<\/p>\n                    <i class=\"weatherItemRow--singleItemIcon wi wi-day-cloudy\"><\/i>\n                    <span class=\"weatherItemRow--singleItemTemp\">14\u00b0c<\/span>\n                <\/div>\n                <div class=\"weatherItemRowItem weatherItemRow--singleItem\">\n                    <p class=\"weatherItemRow--singleItemTitle\">Soir<\/p>\n                    <i class=\"weatherItemRow--singleItemIcon wi wi-day-sunny\"><\/i>\n                    <span class=\"weatherItemRow--singleItemTemp\">5\u00b0c<\/span>\n                <\/div>\n            <\/div>\n        <\/div>\n                    <div class=\"weatherItemRow weatherItemRow--preview clear\">\n            <div class=\"weatherItemRowItem weatherItemRowItem--date\">\n                <p class=\"weatherItemRowItem--dateDay\">Ven<\/p>\n                <div>\n                    <span class=\"weatherItemRowItem--dateNumber\">24<\/span>\n                    <span class=\"weatherItemRowItem--dateSlash\">\/<\/span>\n                    <span class=\"weatherItemRowItem--dateMonth\">04<\/span>\n                <\/div>\n            <\/div>\n            <div class=\"weatherItemRowItem weatherItemRowItem--current\">\n                <p class=\"weatherItemRowItem--currentIcon\">\n                    <i class=\"wi wi-day-sunny\"><\/i>\n                <\/p>\n                <p class=\"weatherItemRowItem--currentTemp\">17 \u00b0C<\/p>\n            <\/div>\n            <div class=\"weatherItemRowItem weatherItemRowItem--data\">\n                <p><strong>1 \u00b0C \/ 18 \u00b0C <\/strong><\/p>\n                <p>Vent :  <strong>8 km\/h<\/strong><\/p>\n                <p>Humidit\u00e9 :  <strong>55 %<\/strong><\/p>\n                <p class=\"weatherItemRowItem--dataButton\">\n                    <a href=\"#data-weather-5\" class=\"js-trigger-weather-single\">\n                        <span class=\"sr-only\">Voir plus<\/span>\n                    <\/a>\n                <\/p>\n            <\/div>\n        <\/div>\n        <div class=\"weatherItemRow weatherItemRow--single js-data clear\" id=\"data-weather-5\">\n            <div>\n                <div class=\"weatherItemRowItem weatherItemRow--singleItem\">\n                    <p class=\"weatherItemRow--singleItemTitle\">Matin<\/p>\n                    <i class=\"weatherItemRow--singleItemIcon wi wi-day-sunny\"><\/i>\n                    <span class=\"weatherItemRow--singleItemTemp\">1\u00b0c<\/span>\n                <\/div>\n                <div class=\"weatherItemRowItem weatherItemRow--singleItem\">\n                    <p class=\"weatherItemRow--singleItemTitle\">Apr\u00e8s-midi<\/p>\n                    <i class=\"weatherItemRow--singleItemIcon wi wi-day-sunny\"><\/i>\n                    <span class=\"weatherItemRow--singleItemTemp\">17\u00b0c<\/span>\n                <\/div>\n                <div class=\"weatherItemRowItem weatherItemRow--singleItem\">\n                    <p class=\"weatherItemRow--singleItemTitle\">Soir<\/p>\n                    <i class=\"weatherItemRow--singleItemIcon wi wi-day-sunny\"><\/i>\n                    <span class=\"weatherItemRow--singleItemTemp\">6\u00b0c<\/span>\n                <\/div>\n            <\/div>\n        <\/div>\n                \n            <p class=\"weatherItemCopyright\">Sources :             <a href=\"https:\/\/www.tameteo.com\/\" target=\"_blank\" rel=\"noreferrer noopener\">tameteo.com<\/a>\n        <\/p>\n    <\/div>","protected":false},"excerpt":{"rendered":"","protected":false},"author":1,"featured_media":0,"parent":0,"menu_order":14,"comment_status":"closed","ping_status":"closed","template":"","meta":{"_relevanssi_hide_post":"","_relevanssi_pin_for_all":"","_relevanssi_pin_keywords":"","_relevanssi_unpin_keywords":"","_relevanssi_related_keywords":"","_relevanssi_related_include_ids":"","_relevanssi_related_exclude_ids":"","_relevanssi_related_no_append":"","_relevanssi_related_not_related":"","_relevanssi_related_posts":"489,491,493","_relevanssi_noindex_reason":""},"post_tag":[],"acf":[],"yoast_head":"<!-- This site is optimized with the Yoast SEO plugin v17.6 - https:\/\/yoast.com\/wordpress\/plugins\/seo\/ -->\n<meta name=\"robots\" content=\"index, follow, max-snippet:-1, max-image-preview:large, max-video-preview:-1\" \/>\n<link rel=\"canonical\" href=\"https:\/\/www.montagnicimes.com\/les-bottieres\/meteo\/\" \/>\n<meta property=\"og:locale\" content=\"fr_FR\" \/>\n<meta property=\"og:type\" content=\"article\" \/>\n<meta property=\"og:title\" content=\"M\u00e9t\u00e9o - Les Botti\u00e8res\" \/>\n<meta property=\"og:url\" content=\"https:\/\/www.montagnicimes.com\/les-bottieres\/meteo\/\" \/>\n<meta property=\"og:site_name\" content=\"Les Botti\u00e8res\" \/>\n<meta property=\"article:modified_time\" content=\"2021-10-04T12:50:43+00:00\" \/>\n<meta name=\"twitter:card\" content=\"summary_large_image\" \/>\n<script type=\"application\/ld+json\" class=\"yoast-schema-graph\">{\"@context\":\"https:\/\/schema.org\",\"@graph\":[{\"@type\":\"WebSite\",\"@id\":\"https:\/\/www.montagnicimes.com\/les-bottieres\/#website\",\"url\":\"https:\/\/www.montagnicimes.com\/les-bottieres\/\",\"name\":\"Les Botti\\u00e8res\",\"description\":\"Office de tourisme Montagnicimes - Les Botti\\u00e8res\",\"potentialAction\":[{\"@type\":\"SearchAction\",\"target\":{\"@type\":\"EntryPoint\",\"urlTemplate\":\"https:\/\/www.montagnicimes.com\/les-bottieres\/?s={search_term_string}\"},\"query-input\":\"required name=search_term_string\"}],\"inLanguage\":\"fr-FR\"},{\"@type\":\"WebPage\",\"@id\":\"https:\/\/www.montagnicimes.com\/les-bottieres\/meteo\/#webpage\",\"url\":\"https:\/\/www.montagnicimes.com\/les-bottieres\/meteo\/\",\"name\":\"M\\u00e9t\\u00e9o - Les Botti\\u00e8res\",\"isPartOf\":{\"@id\":\"https:\/\/www.montagnicimes.com\/les-bottieres\/#website\"},\"datePublished\":\"2021-09-24T09:02:56+00:00\",\"dateModified\":\"2021-10-04T12:50:43+00:00\",\"breadcrumb\":{\"@id\":\"https:\/\/www.montagnicimes.com\/les-bottieres\/meteo\/#breadcrumb\"},\"inLanguage\":\"fr-FR\",\"potentialAction\":[{\"@type\":\"ReadAction\",\"target\":[\"https:\/\/www.montagnicimes.com\/les-bottieres\/meteo\/\"]}]},{\"@type\":\"BreadcrumbList\",\"@id\":\"https:\/\/www.montagnicimes.com\/les-bottieres\/meteo\/#breadcrumb\",\"itemListElement\":[{\"@type\":\"ListItem\",\"position\":1,\"name\":\"Accueil\",\"item\":\"https:\/\/www.montagnicimes.com\/les-bottieres\/\"},{\"@type\":\"ListItem\",\"position\":2,\"name\":\"M\\u00e9t\\u00e9o\"}]}]}<\/script>\n<!-- \/ Yoast SEO plugin. -->","yoast_head_json":{"robots":{"index":"index","follow":"follow","max-snippet":"max-snippet:-1","max-image-preview":"max-image-preview:large","max-video-preview":"max-video-preview:-1"},"canonical":"https:\/\/www.montagnicimes.com\/les-bottieres\/meteo\/","og_locale":"fr_FR","og_type":"article","og_title":"M\u00e9t\u00e9o - Les Botti\u00e8res","og_url":"https:\/\/www.montagnicimes.com\/les-bottieres\/meteo\/","og_site_name":"Les Botti\u00e8res","article_modified_time":"2021-10-04T12:50:43+00:00","twitter_card":"summary_large_image","schema":{"@context":"https:\/\/schema.org","@graph":[{"@type":"WebSite","@id":"https:\/\/www.montagnicimes.com\/les-bottieres\/#website","url":"https:\/\/www.montagnicimes.com\/les-bottieres\/","name":"Les Botti\u00e8res","description":"Office de tourisme Montagnicimes - Les Botti\u00e8res","potentialAction":[{"@type":"SearchAction","target":{"@type":"EntryPoint","urlTemplate":"https:\/\/www.montagnicimes.com\/les-bottieres\/?s={search_term_string}"},"query-input":"required name=search_term_string"}],"inLanguage":"fr-FR"},{"@type":"WebPage","@id":"https:\/\/www.montagnicimes.com\/les-bottieres\/meteo\/#webpage","url":"https:\/\/www.montagnicimes.com\/les-bottieres\/meteo\/","name":"M\u00e9t\u00e9o - Les Botti\u00e8res","isPartOf":{"@id":"https:\/\/www.montagnicimes.com\/les-bottieres\/#website"},"datePublished":"2021-09-24T09:02:56+00:00","dateModified":"2021-10-04T12:50:43+00:00","breadcrumb":{"@id":"https:\/\/www.montagnicimes.com\/les-bottieres\/meteo\/#breadcrumb"},"inLanguage":"fr-FR","potentialAction":[{"@type":"ReadAction","target":["https:\/\/www.montagnicimes.com\/les-bottieres\/meteo\/"]}]},{"@type":"BreadcrumbList","@id":"https:\/\/www.montagnicimes.com\/les-bottieres\/meteo\/#breadcrumb","itemListElement":[{"@type":"ListItem","position":1,"name":"Accueil","item":"https:\/\/www.montagnicimes.com\/les-bottieres\/"},{"@type":"ListItem","position":2,"name":"M\u00e9t\u00e9o"}]}]}},"_links":{"self":[{"href":"https:\/\/www.montagnicimes.com\/les-bottieres\/wp-json\/wp\/v2\/pages\/7398"}],"collection":[{"href":"https:\/\/www.montagnicimes.com\/les-bottieres\/wp-json\/wp\/v2\/pages"}],"about":[{"href":"https:\/\/www.montagnicimes.com\/les-bottieres\/wp-json\/wp\/v2\/types\/page"}],"author":[{"embeddable":true,"href":"https:\/\/www.montagnicimes.com\/les-bottieres\/wp-json\/wp\/v2\/users\/1"}],"replies":[{"embeddable":true,"href":"https:\/\/www.montagnicimes.com\/les-bottieres\/wp-json\/wp\/v2\/comments?post=7398"}],"version-history":[{"count":2,"href":"https:\/\/www.montagnicimes.com\/les-bottieres\/wp-json\/wp\/v2\/pages\/7398\/revisions"}],"predecessor-version":[{"id":7676,"href":"https:\/\/www.montagnicimes.com\/les-bottieres\/wp-json\/wp\/v2\/pages\/7398\/revisions\/7676"}],"wp:attachment":[{"href":"https:\/\/www.montagnicimes.com\/les-bottieres\/wp-json\/wp\/v2\/media?parent=7398"}],"wp:term":[{"taxonomy":"post_tag","embeddable":true,"href":"https:\/\/www.montagnicimes.com\/les-bottieres\/wp-json\/wp\/v2\/post_tag?post=7398"}],"curies":[{"name":"wp","href":"https:\/\/api.w.org\/{rel}","templated":true}]}}