{"id":61,"date":"2021-09-24T10:02:55","date_gmt":"2021-09-24T09:02:55","guid":{"rendered":"https:\/\/www.montagnicimes.com\/les-bottieres\/mentions-legales\/"},"modified":"2021-11-29T15:43:00","modified_gmt":"2021-11-29T14:43:00","slug":"mentions-legales","status":"publish","type":"page","link":"https:\/\/www.montagnicimes.com\/les-bottieres\/mentions-legales\/","title":{"rendered":"Mentions l\u00e9gales"},"content":{"rendered":"\n<p>En parcourant les pages du site, l&rsquo;internaute reconna\u00eet avoir lu et accept\u00e9 les limites de responsabilit\u00e9s et les conditions d&rsquo;utilisation du site. L\u2019EPIC Office de Tourisme Coeur de Maurienne Arvan ne peut \u00eatre tenu responsable des difficult\u00e9s de connexion au r\u00e9seau Internet ou de visualisation des pages du site. L&rsquo;internaute reconna\u00eet, en particulier, \u00eatre inform\u00e9 des diff\u00e9rences d&rsquo;interpr\u00e9tation des pages Internet par les diff\u00e9rents logiciels de navigation pr\u00e9sents sur le march\u00e9.<\/p>\n\n\n\n<h2>Editeur du site<\/h2>\n\n\n\n<p>L\u2019EPIC Office de Tourisme Coeur de Maurienne Arvan<\/p>\n\n\n\n<p>Ancien Ev\u00each\u00e9, place de la Cath\u00e9drale, 73300 Saint-Jean-de-Maurienne<\/p>\n\n\n\n<p>info@montagnicimes.com<\/p>\n\n\n\n<h2>Directeur de la publication<\/h2>\n\n\n\n<p>L\u2019EPIC Office de Tourisme Coeur de Maurienne Arvan<\/p>\n\n\n\n<p>Ancien Ev\u00each\u00e9, place de la Cath\u00e9drale, 73300 Saint-Jean-de-Maurienne<\/p>\n\n\n\n<p>info@montagnicimes.com<\/p>\n\n\n\n<h2>R\u00e9alisation du site<\/h2>\n\n\n\n<p>Nom : IRIS Interactive<\/p>\n\n\n\n<p>Adresse : 4 rue du Pensionnat Notre Dame de France &#8211; 43000 LE PUY EN VELAY (Si\u00e8ge social)<\/p>\n\n\n\n<p>Mail : contact@iris-interactive.fr<\/p>\n\n\n\n<h2>H\u00e9bergeur du site<\/h2>\n\n\n\n<p>Nom : IRIS Interactive<\/p>\n\n\n\n<p>Adresse : 4 rue du Pensionnat Notre Dame de France &#8211; 43000 LE PUY EN VELAY (Si\u00e8ge social)<\/p>\n\n\n\n<p>Mail : <a href=\"mailto:contact@iris-interactive.fr\">contact@iris-interactive.fr<\/a><\/p>\n\n\n\n<h2>Droit d\u2019auteur \u2013 Copyright \u00a9 \u2013 Liens<\/h2>\n\n\n\n<h3>La reproduction sur support papier<\/h3>\n\n\n\n<p>A l\u2019exception de l\u2019iconographie, la reproduction des pages de ce site sur un support papier est autoris\u00e9e, sous r\u00e9serve du respect des conditions suivantes :&nbsp;<\/p>\n\n\n\n<ul><li>gratuit\u00e9 de la diffusion,&nbsp;<\/li><li>respect de l\u2019int\u00e9grit\u00e9 des documents reproduits (aucune modification, ni alt\u00e9ration d\u2019aucune sorte)&nbsp;<\/li><li>citation explicite du site www.montagnicimes.com comme source et mention que les droits de reproduction sont r\u00e9serv\u00e9s et strictement limit\u00e9s.&nbsp;<\/li><\/ul>\n\n\n\n<h3>La reproduction sur support \u00e9lectronique<\/h3>\n\n\n\n<p>La reproduction de tout ou partie de ce site sur un support \u00e9lectronique est autoris\u00e9e sous r\u00e9serve de l\u2019ajout de fa\u00e7on claire et lisible de la source www.montagnicimes.com et de la mention \u00ab Droits r\u00e9serv\u00e9s \u00bb. Les informations utilis\u00e9es ne doivent l\u2019\u00eatre qu\u2019\u00e0 des fins personnelles, associatives ou professionnelles ; toute utilisation \u00e0 des fins commerciales ou publicitaires est exclue.<\/p>\n\n\n\n<h3>La cr\u00e9ation de liens vers www.montagnicimes.com<\/h3>\n\n\n\n<p>Le site de L\u2019EPIC Office de Tourisme Coeur de Maurienne Arvan autorise la mise en place d\u2019un lien hypertexte pointant vers son contenu, sous r\u00e9serve de :&nbsp;<\/p>\n\n\n\n<ul><li>ne pas utiliser la technique du lien profond (\u201cdeep linking\u201d), c\u2019est-\u00e0-dire que les pages du site www.montagnicimes.com ne doivent pas \u00eatre imbriqu\u00e9es \u00e0 l\u2019int\u00e9rieur des pages d\u2019un autre site, mais accessible par l\u2019ouverture d\u2019une fen\u00eatre.&nbsp;<\/li><li>mentionner la source qui pointera gr\u00e2ce \u00e0 un lien hypertexte directement sur le contenu vis\u00e9.&nbsp;<\/li><\/ul>\n\n\n\n<p>Les informations utilis\u00e9es ne doivent l\u2019\u00eatre qu\u2019\u00e0 des fins personnelles, associatives ou professionnelles ; toute utilisation \u00e0 des fins commerciales ou publicitaires est exclue. Cette autorisation ne s\u2019applique pas aux sites internet diffusant des informations \u00e0 caract\u00e8re pol\u00e9mique, pornographique, x\u00e9nophobe ou pouvant, dans une plus large mesure porter atteinte \u00e0 la sensibilit\u00e9 du plus grand nombre.&nbsp;<\/p>\n\n\n\n<p>Pour d\u2019autres utilisations, veuillez nous consulter.<\/p>\n\n\n\n<h2>Port\u00e9e des contenus<\/h2>\n\n\n\n<p>En d\u00e9pit du soin apport\u00e9 \u00e0 la collecte des informations ainsi qu\u2019\u00e0 la r\u00e9alisation du site au moyen des techniques les plus r\u00e9centes, des erreurs, omissions, inexactitudes, coupures ou additions ind\u00e9pendantes de notre volont\u00e9 peuvent demeurer ou s\u2019ins\u00e9rer sur ce site. L\u2019EPIC Office de Tourisme Coeur de Maurienne Arvan ne peut, pour cette raison, \u00eatre tenu \u00e0 garantie, ni express\u00e9ment, ni implicitement, pour l\u2019ensemble du contenu du site ; l\u2019utilisateur du site et des informations qu\u2019il contient reconna\u00eet qu\u2019il en fait usage \u00e0 ses seuls risques et p\u00e9rils et que L\u2019EPIC Office de Tourisme Coeur de Maurienne Arvan ne saurait en cons\u00e9quence voir sa responsabilit\u00e9 engag\u00e9e \u00e0 raison de tout pr\u00e9judice, direct ou indirect, de quelque nature que ce soit r\u00e9sultant pour tout ou partie de l\u2019utilisation des informations du site. De m\u00eame, L\u2019EPIC Office de Tourisme Coeur de Maurienne Arvan ne saurait voir sa responsabilit\u00e9 engag\u00e9e en raison de la nature ou du contenu des sites r\u00e9f\u00e9renc\u00e9s sur les pages qui suivent et notamment ceux pour lesquels un acc\u00e8s est permis par l\u2019utilisation des liens hypertextes figurant aux pages de ce site. Conform\u00e9ment \u00e0 la loi n\u00b078-17 du 6 janvier 1978, vous disposez d\u2019un droit d\u2019acc\u00e8s et de rectification aux donn\u00e9es vous concernant.<\/p>\n\n\n\n<h2>Syst\u00e8me d\u2019Informations Touristiques<\/h2>\n\n\n\n<p>Les bases de donn\u00e9es sont prot\u00e9g\u00e9es par la loi du 1er juillet 1998 et le r\u00e9gime fran\u00e7ais du droit d\u2019auteur. Toute utilisation ou extraction d\u2019\u00e9l\u00e9ments du site non autoris\u00e9e par L\u2019EPIC Office de Tourisme Coeur de Maurienne Arvan est illicite et sanctionn\u00e9e p\u00e9nalement par le d\u00e9lit de contrefa\u00e7on.<\/p>\n\n\n\n<h2>Protection des donn\u00e9es personnelles<\/h2>\n\n\n\n<p>Veuillez lire notre Politique de confidentialit\u00e9 pour plus d\u2019informations.<\/p>\n","protected":false},"excerpt":{"rendered":"<p>En parcourant les pages du site, l&rsquo;internaute reconna\u00eet avoir lu et accept\u00e9 les limites de responsabilit\u00e9s et les conditions d&rsquo;utilisation du site. L\u2019EPIC Office de Tourisme Coeur de Maurienne Arvan ne peut \u00eatre tenu responsable des difficult\u00e9s de connexion au r\u00e9seau Internet ou de visualisation des pages du site. L&rsquo;internaute reconna\u00eet, en particulier, \u00eatre inform\u00e9 [&hellip;]<\/p>\n","protected":false},"author":1,"featured_media":0,"parent":0,"menu_order":10,"comment_status":"closed","ping_status":"closed","template":"","meta":{"_relevanssi_hide_post":"","_relevanssi_pin_for_all":"","_relevanssi_pin_keywords":"","_relevanssi_unpin_keywords":"","_relevanssi_related_keywords":"","_relevanssi_related_include_ids":"","_relevanssi_related_exclude_ids":"","_relevanssi_related_no_append":"","_relevanssi_related_not_related":"","_relevanssi_related_posts":"491,493,489","_relevanssi_noindex_reason":""},"post_tag":[],"acf":[],"yoast_head":"<!-- This site is optimized with the Yoast SEO plugin v17.6 - https:\/\/yoast.com\/wordpress\/plugins\/seo\/ -->\n<meta name=\"description\" content=\"En parcourant les pages du site, l&#039;internaute reconna\u00eet avoir lu et accept\u00e9 les limites de responsabilit\u00e9s et les conditions d&#039;utilisation du site. L\u2019EPIC\" \/>\n<meta name=\"robots\" content=\"index, follow, max-snippet:-1, max-image-preview:large, max-video-preview:-1\" \/>\n<link rel=\"canonical\" href=\"https:\/\/www.montagnicimes.com\/mentions-legales\/\" \/>\n<meta property=\"og:locale\" content=\"fr_FR\" \/>\n<meta property=\"og:type\" content=\"article\" \/>\n<meta property=\"og:title\" content=\"Mentions l\u00e9gales - Les Botti\u00e8res\" \/>\n<meta property=\"og:description\" content=\"En parcourant les pages du site, l&#039;internaute reconna\u00eet avoir lu et accept\u00e9 les limites de responsabilit\u00e9s et les conditions d&#039;utilisation du site. L\u2019EPIC\" \/>\n<meta property=\"og:url\" content=\"https:\/\/www.montagnicimes.com\/mentions-legales\/\" \/>\n<meta property=\"og:site_name\" content=\"Les Botti\u00e8res\" \/>\n<meta property=\"article:modified_time\" content=\"2021-11-29T14:43:00+00:00\" \/>\n<meta name=\"twitter:card\" content=\"summary_large_image\" \/>\n<meta name=\"twitter:label1\" content=\"Dur\u00e9e de lecture estim\u00e9e\" \/>\n\t<meta name=\"twitter:data1\" content=\"4 minutes\" \/>\n<script type=\"application\/ld+json\" class=\"yoast-schema-graph\">{\"@context\":\"https:\/\/schema.org\",\"@graph\":[{\"@type\":\"WebSite\",\"@id\":\"https:\/\/www.montagnicimes.com\/les-bottieres\/#website\",\"url\":\"https:\/\/www.montagnicimes.com\/les-bottieres\/\",\"name\":\"Les Botti\\u00e8res\",\"description\":\"Office de tourisme Montagnicimes - Les Botti\\u00e8res\",\"potentialAction\":[{\"@type\":\"SearchAction\",\"target\":{\"@type\":\"EntryPoint\",\"urlTemplate\":\"https:\/\/www.montagnicimes.com\/les-bottieres\/?s={search_term_string}\"},\"query-input\":\"required name=search_term_string\"}],\"inLanguage\":\"fr-FR\"},{\"@type\":\"WebPage\",\"@id\":\"https:\/\/www.montagnicimes.com\/mentions-legales\/#webpage\",\"url\":\"https:\/\/www.montagnicimes.com\/mentions-legales\/\",\"name\":\"Mentions l\\u00e9gales - Les Botti\\u00e8res\",\"isPartOf\":{\"@id\":\"https:\/\/www.montagnicimes.com\/les-bottieres\/#website\"},\"datePublished\":\"2021-09-24T09:02:55+00:00\",\"dateModified\":\"2021-11-29T14:43:00+00:00\",\"description\":\"En parcourant les pages du site, l'internaute reconna\\u00eet avoir lu et accept\\u00e9 les limites de responsabilit\\u00e9s et les conditions d'utilisation du site. L\\u2019EPIC\",\"breadcrumb\":{\"@id\":\"https:\/\/www.montagnicimes.com\/mentions-legales\/#breadcrumb\"},\"inLanguage\":\"fr-FR\",\"potentialAction\":[{\"@type\":\"ReadAction\",\"target\":[\"https:\/\/www.montagnicimes.com\/mentions-legales\/\"]}]},{\"@type\":\"BreadcrumbList\",\"@id\":\"https:\/\/www.montagnicimes.com\/mentions-legales\/#breadcrumb\",\"itemListElement\":[{\"@type\":\"ListItem\",\"position\":1,\"name\":\"Accueil\",\"item\":\"https:\/\/www.montagnicimes.com\/les-bottieres\/\"},{\"@type\":\"ListItem\",\"position\":2,\"name\":\"Mentions l\\u00e9gales\"}]}]}<\/script>\n<!-- \/ Yoast SEO plugin. -->","yoast_head_json":{"description":"En parcourant les pages du site, l'internaute reconna\u00eet avoir lu et accept\u00e9 les limites de responsabilit\u00e9s et les conditions d'utilisation du site. L\u2019EPIC","robots":{"index":"index","follow":"follow","max-snippet":"max-snippet:-1","max-image-preview":"max-image-preview:large","max-video-preview":"max-video-preview:-1"},"canonical":"https:\/\/www.montagnicimes.com\/mentions-legales\/","og_locale":"fr_FR","og_type":"article","og_title":"Mentions l\u00e9gales - Les Botti\u00e8res","og_description":"En parcourant les pages du site, l'internaute reconna\u00eet avoir lu et accept\u00e9 les limites de responsabilit\u00e9s et les conditions d'utilisation du site. L\u2019EPIC","og_url":"https:\/\/www.montagnicimes.com\/mentions-legales\/","og_site_name":"Les Botti\u00e8res","article_modified_time":"2021-11-29T14:43:00+00:00","twitter_card":"summary_large_image","twitter_misc":{"Dur\u00e9e de lecture estim\u00e9e":"4 minutes"},"schema":{"@context":"https:\/\/schema.org","@graph":[{"@type":"WebSite","@id":"https:\/\/www.montagnicimes.com\/les-bottieres\/#website","url":"https:\/\/www.montagnicimes.com\/les-bottieres\/","name":"Les Botti\u00e8res","description":"Office de tourisme Montagnicimes - Les Botti\u00e8res","potentialAction":[{"@type":"SearchAction","target":{"@type":"EntryPoint","urlTemplate":"https:\/\/www.montagnicimes.com\/les-bottieres\/?s={search_term_string}"},"query-input":"required name=search_term_string"}],"inLanguage":"fr-FR"},{"@type":"WebPage","@id":"https:\/\/www.montagnicimes.com\/mentions-legales\/#webpage","url":"https:\/\/www.montagnicimes.com\/mentions-legales\/","name":"Mentions l\u00e9gales - Les Botti\u00e8res","isPartOf":{"@id":"https:\/\/www.montagnicimes.com\/les-bottieres\/#website"},"datePublished":"2021-09-24T09:02:55+00:00","dateModified":"2021-11-29T14:43:00+00:00","description":"En parcourant les pages du site, l'internaute reconna\u00eet avoir lu et accept\u00e9 les limites de responsabilit\u00e9s et les conditions d'utilisation du site. L\u2019EPIC","breadcrumb":{"@id":"https:\/\/www.montagnicimes.com\/mentions-legales\/#breadcrumb"},"inLanguage":"fr-FR","potentialAction":[{"@type":"ReadAction","target":["https:\/\/www.montagnicimes.com\/mentions-legales\/"]}]},{"@type":"BreadcrumbList","@id":"https:\/\/www.montagnicimes.com\/mentions-legales\/#breadcrumb","itemListElement":[{"@type":"ListItem","position":1,"name":"Accueil","item":"https:\/\/www.montagnicimes.com\/les-bottieres\/"},{"@type":"ListItem","position":2,"name":"Mentions l\u00e9gales"}]}]}},"_links":{"self":[{"href":"https:\/\/www.montagnicimes.com\/les-bottieres\/wp-json\/wp\/v2\/pages\/61"}],"collection":[{"href":"https:\/\/www.montagnicimes.com\/les-bottieres\/wp-json\/wp\/v2\/pages"}],"about":[{"href":"https:\/\/www.montagnicimes.com\/les-bottieres\/wp-json\/wp\/v2\/types\/page"}],"author":[{"embeddable":true,"href":"https:\/\/www.montagnicimes.com\/les-bottieres\/wp-json\/wp\/v2\/users\/1"}],"replies":[{"embeddable":true,"href":"https:\/\/www.montagnicimes.com\/les-bottieres\/wp-json\/wp\/v2\/comments?post=61"}],"version-history":[{"count":2,"href":"https:\/\/www.montagnicimes.com\/les-bottieres\/wp-json\/wp\/v2\/pages\/61\/revisions"}],"predecessor-version":[{"id":8843,"href":"https:\/\/www.montagnicimes.com\/les-bottieres\/wp-json\/wp\/v2\/pages\/61\/revisions\/8843"}],"wp:attachment":[{"href":"https:\/\/www.montagnicimes.com\/les-bottieres\/wp-json\/wp\/v2\/media?parent=61"}],"wp:term":[{"taxonomy":"post_tag","embeddable":true,"href":"https:\/\/www.montagnicimes.com\/les-bottieres\/wp-json\/wp\/v2\/post_tag?post=61"}],"curies":[{"name":"wp","href":"https:\/\/api.w.org\/{rel}","templated":true}]}}