{"id":57,"date":"2021-09-24T10:02:55","date_gmt":"2021-09-24T09:02:55","guid":{"rendered":"https:\/\/www.montagnicimes.com\/les-bottieres\/accueil\/"},"modified":"2025-10-24T16:34:47","modified_gmt":"2025-10-24T14:34:47","slug":"accueil","status":"publish","type":"page","link":"https:\/\/www.montagnicimes.com\/les-bottieres\/","title":{"rendered":"Accueil"},"content":{"rendered":"","protected":false},"excerpt":{"rendered":"","protected":false},"author":1,"featured_media":16326,"parent":0,"menu_order":0,"comment_status":"closed","ping_status":"closed","template":"","meta":{"_relevanssi_hide_post":"","_relevanssi_pin_for_all":"","_relevanssi_pin_keywords":"","_relevanssi_unpin_keywords":"","_relevanssi_related_keywords":"","_relevanssi_related_include_ids":"","_relevanssi_related_exclude_ids":"","_relevanssi_related_no_append":"","_relevanssi_related_not_related":"","_relevanssi_related_posts":"","_relevanssi_noindex_reason":""},"post_tag":[],"acf":[],"yoast_head":"<!-- This site is optimized with the Yoast SEO plugin v17.6 - https:\/\/yoast.com\/wordpress\/plugins\/seo\/ -->\n<meta name=\"description\" content=\"Authentique village et station de montagne, les Botti\u00e8res est la porte d&#039;entr\u00e9e discr\u00e8te du 4eme domaine skiable de France Les Sybelles. Le tout compos\u00e9 de chalets paisibles, pistes de ski tous niveaux et balades familiales au coeur d&#039;un environnement des plus apaisant.\" \/>\n<meta name=\"robots\" content=\"index, follow, max-snippet:-1, max-image-preview:large, max-video-preview:-1\" \/>\n<link rel=\"canonical\" href=\"https:\/\/www.montagnicimes.com\/les-bottieres\/\" \/>\n<meta property=\"og:locale\" content=\"fr_FR\" \/>\n<meta property=\"og:type\" content=\"article\" \/>\n<meta property=\"og:title\" content=\"Les Botti\u00e8res : station de montagne aux portes des Sybelles\" \/>\n<meta property=\"og:description\" content=\"Authentique village et station de montagne, les Botti\u00e8res est la porte d&#039;entr\u00e9e discr\u00e8te du 4eme domaine skiable de France Les Sybelles. Le tout compos\u00e9 de chalets paisibles, pistes de ski tous niveaux et balades familiales au coeur d&#039;un environnement des plus apaisant.\" \/>\n<meta property=\"og:url\" content=\"https:\/\/www.montagnicimes.com\/les-bottieres\/\" \/>\n<meta property=\"og:site_name\" content=\"Les Botti\u00e8res\" \/>\n<meta property=\"article:modified_time\" content=\"2025-10-24T14:34:47+00:00\" \/>\n<meta property=\"og:image\" content=\"https:\/\/www.montagnicimes.com\/les-bottieres\/wp-content\/uploads\/sites\/5\/2024\/11\/banniere-1200x600-2.jpg\" \/>\n\t<meta property=\"og:image:width\" content=\"1200\" \/>\n\t<meta property=\"og:image:height\" content=\"600\" \/>\n<meta name=\"twitter:card\" content=\"summary_large_image\" \/>\n<script type=\"application\/ld+json\" class=\"yoast-schema-graph\">{\"@context\":\"https:\/\/schema.org\",\"@graph\":[{\"@type\":\"WebSite\",\"@id\":\"https:\/\/www.montagnicimes.com\/les-bottieres\/#website\",\"url\":\"https:\/\/www.montagnicimes.com\/les-bottieres\/\",\"name\":\"Les Botti\\u00e8res\",\"description\":\"Office de tourisme Montagnicimes - Les Botti\\u00e8res\",\"potentialAction\":[{\"@type\":\"SearchAction\",\"target\":{\"@type\":\"EntryPoint\",\"urlTemplate\":\"https:\/\/www.montagnicimes.com\/les-bottieres\/?s={search_term_string}\"},\"query-input\":\"required name=search_term_string\"}],\"inLanguage\":\"fr-FR\"},{\"@type\":\"ImageObject\",\"@id\":\"https:\/\/www.montagnicimes.com\/les-bottieres\/#primaryimage\",\"inLanguage\":\"fr-FR\",\"url\":\"https:\/\/www.montagnicimes.com\/les-bottieres\/wp-content\/uploads\/sites\/5\/2024\/11\/banniere-1200x600-2.jpg\",\"contentUrl\":\"https:\/\/www.montagnicimes.com\/les-bottieres\/wp-content\/uploads\/sites\/5\/2024\/11\/banniere-1200x600-2.jpg\",\"width\":1200,\"height\":600,\"caption\":\"bottieres hiver\"},{\"@type\":\"WebPage\",\"@id\":\"https:\/\/www.montagnicimes.com\/les-bottieres\/#webpage\",\"url\":\"https:\/\/www.montagnicimes.com\/les-bottieres\/\",\"name\":\"Les Botti\\u00e8res : station de montagne aux portes des Sybelles\",\"isPartOf\":{\"@id\":\"https:\/\/www.montagnicimes.com\/les-bottieres\/#website\"},\"primaryImageOfPage\":{\"@id\":\"https:\/\/www.montagnicimes.com\/les-bottieres\/#primaryimage\"},\"datePublished\":\"2021-09-24T09:02:55+00:00\",\"dateModified\":\"2025-10-24T14:34:47+00:00\",\"description\":\"Authentique village et station de montagne, les Botti\\u00e8res est la porte d'entr\\u00e9e discr\\u00e8te du 4eme domaine skiable de France Les Sybelles. Le tout compos\\u00e9 de chalets paisibles, pistes de ski tous niveaux et balades familiales au coeur d'un environnement des plus apaisant.\",\"breadcrumb\":{\"@id\":\"https:\/\/www.montagnicimes.com\/les-bottieres\/#breadcrumb\"},\"inLanguage\":\"fr-FR\",\"potentialAction\":[{\"@type\":\"ReadAction\",\"target\":[\"https:\/\/www.montagnicimes.com\/les-bottieres\/\"]}]},{\"@type\":\"BreadcrumbList\",\"@id\":\"https:\/\/www.montagnicimes.com\/les-bottieres\/#breadcrumb\",\"itemListElement\":[{\"@type\":\"ListItem\",\"position\":1,\"name\":\"Accueil\",\"item\":\"https:\/\/www.montagnicimes.com\/les-bottieres\/\"},{\"@type\":\"ListItem\",\"position\":2,\"name\":\"Accueil\"}]}]}<\/script>\n<!-- \/ Yoast SEO plugin. -->","yoast_head_json":{"description":"Authentique village et station de montagne, les Botti\u00e8res est la porte d'entr\u00e9e discr\u00e8te du 4eme domaine skiable de France Les Sybelles. Le tout compos\u00e9 de chalets paisibles, pistes de ski tous niveaux et balades familiales au coeur d'un environnement des plus apaisant.","robots":{"index":"index","follow":"follow","max-snippet":"max-snippet:-1","max-image-preview":"max-image-preview:large","max-video-preview":"max-video-preview:-1"},"canonical":"https:\/\/www.montagnicimes.com\/les-bottieres\/","og_locale":"fr_FR","og_type":"article","og_title":"Les Botti\u00e8res : station de montagne aux portes des Sybelles","og_description":"Authentique village et station de montagne, les Botti\u00e8res est la porte d'entr\u00e9e discr\u00e8te du 4eme domaine skiable de France Les Sybelles. Le tout compos\u00e9 de chalets paisibles, pistes de ski tous niveaux et balades familiales au coeur d'un environnement des plus apaisant.","og_url":"https:\/\/www.montagnicimes.com\/les-bottieres\/","og_site_name":"Les Botti\u00e8res","article_modified_time":"2025-10-24T14:34:47+00:00","og_image":[{"width":1200,"height":600,"url":"https:\/\/www.montagnicimes.com\/les-bottieres\/wp-content\/uploads\/sites\/5\/2024\/11\/banniere-1200x600-2.jpg","type":"image\/jpeg"}],"twitter_card":"summary_large_image","schema":{"@context":"https:\/\/schema.org","@graph":[{"@type":"WebSite","@id":"https:\/\/www.montagnicimes.com\/les-bottieres\/#website","url":"https:\/\/www.montagnicimes.com\/les-bottieres\/","name":"Les Botti\u00e8res","description":"Office de tourisme Montagnicimes - Les Botti\u00e8res","potentialAction":[{"@type":"SearchAction","target":{"@type":"EntryPoint","urlTemplate":"https:\/\/www.montagnicimes.com\/les-bottieres\/?s={search_term_string}"},"query-input":"required name=search_term_string"}],"inLanguage":"fr-FR"},{"@type":"ImageObject","@id":"https:\/\/www.montagnicimes.com\/les-bottieres\/#primaryimage","inLanguage":"fr-FR","url":"https:\/\/www.montagnicimes.com\/les-bottieres\/wp-content\/uploads\/sites\/5\/2024\/11\/banniere-1200x600-2.jpg","contentUrl":"https:\/\/www.montagnicimes.com\/les-bottieres\/wp-content\/uploads\/sites\/5\/2024\/11\/banniere-1200x600-2.jpg","width":1200,"height":600,"caption":"bottieres hiver"},{"@type":"WebPage","@id":"https:\/\/www.montagnicimes.com\/les-bottieres\/#webpage","url":"https:\/\/www.montagnicimes.com\/les-bottieres\/","name":"Les Botti\u00e8res : station de montagne aux portes des Sybelles","isPartOf":{"@id":"https:\/\/www.montagnicimes.com\/les-bottieres\/#website"},"primaryImageOfPage":{"@id":"https:\/\/www.montagnicimes.com\/les-bottieres\/#primaryimage"},"datePublished":"2021-09-24T09:02:55+00:00","dateModified":"2025-10-24T14:34:47+00:00","description":"Authentique village et station de montagne, les Botti\u00e8res est la porte d'entr\u00e9e discr\u00e8te du 4eme domaine skiable de France Les Sybelles. Le tout compos\u00e9 de chalets paisibles, pistes de ski tous niveaux et balades familiales au coeur d'un environnement des plus apaisant.","breadcrumb":{"@id":"https:\/\/www.montagnicimes.com\/les-bottieres\/#breadcrumb"},"inLanguage":"fr-FR","potentialAction":[{"@type":"ReadAction","target":["https:\/\/www.montagnicimes.com\/les-bottieres\/"]}]},{"@type":"BreadcrumbList","@id":"https:\/\/www.montagnicimes.com\/les-bottieres\/#breadcrumb","itemListElement":[{"@type":"ListItem","position":1,"name":"Accueil","item":"https:\/\/www.montagnicimes.com\/les-bottieres\/"},{"@type":"ListItem","position":2,"name":"Accueil"}]}]}},"_links":{"self":[{"href":"https:\/\/www.montagnicimes.com\/les-bottieres\/wp-json\/wp\/v2\/pages\/57"}],"collection":[{"href":"https:\/\/www.montagnicimes.com\/les-bottieres\/wp-json\/wp\/v2\/pages"}],"about":[{"href":"https:\/\/www.montagnicimes.com\/les-bottieres\/wp-json\/wp\/v2\/types\/page"}],"author":[{"embeddable":true,"href":"https:\/\/www.montagnicimes.com\/les-bottieres\/wp-json\/wp\/v2\/users\/1"}],"replies":[{"embeddable":true,"href":"https:\/\/www.montagnicimes.com\/les-bottieres\/wp-json\/wp\/v2\/comments?post=57"}],"version-history":[{"count":40,"href":"https:\/\/www.montagnicimes.com\/les-bottieres\/wp-json\/wp\/v2\/pages\/57\/revisions"}],"predecessor-version":[{"id":18117,"href":"https:\/\/www.montagnicimes.com\/les-bottieres\/wp-json\/wp\/v2\/pages\/57\/revisions\/18117"}],"wp:featuredmedia":[{"embeddable":true,"href":"https:\/\/www.montagnicimes.com\/les-bottieres\/wp-json\/wp\/v2\/media\/16326"}],"wp:attachment":[{"href":"https:\/\/www.montagnicimes.com\/les-bottieres\/wp-json\/wp\/v2\/media?parent=57"}],"wp:term":[{"taxonomy":"post_tag","embeddable":true,"href":"https:\/\/www.montagnicimes.com\/les-bottieres\/wp-json\/wp\/v2\/post_tag?post=57"}],"curies":[{"name":"wp","href":"https:\/\/api.w.org\/{rel}","templated":true}]}}