{"id":254,"date":"2021-09-24T10:02:55","date_gmt":"2021-09-24T09:02:55","guid":{"rendered":"https:\/\/www.montagnicimes.com\/les-bottieres\/espace-groupes\/"},"modified":"2021-11-24T21:49:53","modified_gmt":"2021-11-24T20:49:53","slug":"espace-groupes","status":"publish","type":"page","link":"https:\/\/www.montagnicimes.com\/les-bottieres\/espace-groupes\/","title":{"rendered":"Espace Groupes"},"content":{"rendered":"\n<h2>Page en cours de construction<\/h2>\n\n\n\n<p>D\u00e9sol\u00e9 cette page est en cours de construction, profitez de cette attente pour visiter notre site internet et d\u00e9couvrir le territoire de Montagnicimes.<\/p>\n\n\n\n<p><\/p>\n\n\n\n<div class=\"wp-block-buttons alignfull is-content-justification-center is-vertical\">\n<div class=\"wp-block-button\"><a class=\"wp-block-button__link\" href=\"https:\/\/www.montagnicimes.com\/decouvrir\/notre-terrritoire\/\">d\u00e9couvrir montagnicimes<\/a><\/div>\n<\/div>\n\n\n\n<div class=\"wp-block-strate-full alignfull\">\n\n    <div class=\"wp-block-strate-full-thumbnail\">\n        <img data-src=\"https:\/\/www.montagnicimes.com\/les-bottieres\/wp-content\/uploads\/sites\/5\/wpiris-images\/8421\/Page-en-construction-2-\u00a9OTIMontagnicimes-1600x900-c.jpg\" alt=\"Page en construction 2 \u00a9OTIMontagnicimes\">\n    <\/div>\n\n\t\n        <div class=\"wp-block-strate-full-content wp-block-strate-full-content-left\">\n\t\t\t                <p class=\"wp-block-strate-full-content-excerpt\"> Couch\u00e9 de soleil sur les Aiguilles d&rsquo;Arves <\/p>\n\t\t\t        <\/div>\n\n\t\n<\/div>\n","protected":false},"excerpt":{"rendered":"<p>Page en cours de construction D\u00e9sol\u00e9 cette page est en cours de construction, profitez de cette attente pour visiter notre site internet et d\u00e9couvrir le territoire de Montagnicimes.<\/p>\n","protected":false},"author":1,"featured_media":0,"parent":0,"menu_order":8,"comment_status":"closed","ping_status":"closed","template":"","meta":{"_relevanssi_hide_post":"","_relevanssi_pin_for_all":"","_relevanssi_pin_keywords":"","_relevanssi_unpin_keywords":"","_relevanssi_related_keywords":"","_relevanssi_related_include_ids":"","_relevanssi_related_exclude_ids":"","_relevanssi_related_no_append":"","_relevanssi_related_not_related":"","_relevanssi_related_posts":"491,489,493","_relevanssi_noindex_reason":""},"post_tag":[],"acf":[],"yoast_head":"<!-- This site is optimized with the Yoast SEO plugin v17.6 - https:\/\/yoast.com\/wordpress\/plugins\/seo\/ -->\n<meta name=\"description\" content=\"Page en cours de construction D\u00e9sol\u00e9 cette page est en cours de construction, profitez de cette attente pour visiter notre site internet et d\u00e9couvrir le\" \/>\n<meta name=\"robots\" content=\"index, follow, max-snippet:-1, max-image-preview:large, max-video-preview:-1\" \/>\n<link rel=\"canonical\" href=\"https:\/\/www.montagnicimes.com\/espace-groupes\/\" \/>\n<meta property=\"og:locale\" content=\"fr_FR\" \/>\n<meta property=\"og:type\" content=\"article\" \/>\n<meta property=\"og:title\" content=\"Espace Groupes - Les Botti\u00e8res\" \/>\n<meta property=\"og:description\" content=\"Page en cours de construction D\u00e9sol\u00e9 cette page est en cours de construction, profitez de cette attente pour visiter notre site internet et d\u00e9couvrir le\" \/>\n<meta property=\"og:url\" content=\"https:\/\/www.montagnicimes.com\/espace-groupes\/\" \/>\n<meta property=\"og:site_name\" content=\"Les Botti\u00e8res\" \/>\n<meta property=\"article:modified_time\" content=\"2021-11-24T20:49:53+00:00\" \/>\n<meta name=\"twitter:card\" content=\"summary_large_image\" \/>\n<meta name=\"twitter:label1\" content=\"Dur\u00e9e de lecture estim\u00e9e\" \/>\n\t<meta name=\"twitter:data1\" content=\"1 minute\" \/>\n<script type=\"application\/ld+json\" class=\"yoast-schema-graph\">{\"@context\":\"https:\/\/schema.org\",\"@graph\":[{\"@type\":\"WebSite\",\"@id\":\"https:\/\/www.montagnicimes.com\/les-bottieres\/#website\",\"url\":\"https:\/\/www.montagnicimes.com\/les-bottieres\/\",\"name\":\"Les Botti\\u00e8res\",\"description\":\"Office de tourisme Montagnicimes - Les Botti\\u00e8res\",\"potentialAction\":[{\"@type\":\"SearchAction\",\"target\":{\"@type\":\"EntryPoint\",\"urlTemplate\":\"https:\/\/www.montagnicimes.com\/les-bottieres\/?s={search_term_string}\"},\"query-input\":\"required name=search_term_string\"}],\"inLanguage\":\"fr-FR\"},{\"@type\":\"WebPage\",\"@id\":\"https:\/\/www.montagnicimes.com\/espace-groupes\/#webpage\",\"url\":\"https:\/\/www.montagnicimes.com\/espace-groupes\/\",\"name\":\"Espace Groupes - Les Botti\\u00e8res\",\"isPartOf\":{\"@id\":\"https:\/\/www.montagnicimes.com\/les-bottieres\/#website\"},\"datePublished\":\"2021-09-24T09:02:55+00:00\",\"dateModified\":\"2021-11-24T20:49:53+00:00\",\"description\":\"Page en cours de construction D\\u00e9sol\\u00e9 cette page est en cours de construction, profitez de cette attente pour visiter notre site internet et d\\u00e9couvrir le\",\"breadcrumb\":{\"@id\":\"https:\/\/www.montagnicimes.com\/espace-groupes\/#breadcrumb\"},\"inLanguage\":\"fr-FR\",\"potentialAction\":[{\"@type\":\"ReadAction\",\"target\":[\"https:\/\/www.montagnicimes.com\/espace-groupes\/\"]}]},{\"@type\":\"BreadcrumbList\",\"@id\":\"https:\/\/www.montagnicimes.com\/espace-groupes\/#breadcrumb\",\"itemListElement\":[{\"@type\":\"ListItem\",\"position\":1,\"name\":\"Accueil\",\"item\":\"https:\/\/www.montagnicimes.com\/les-bottieres\/\"},{\"@type\":\"ListItem\",\"position\":2,\"name\":\"Espace Groupes\"}]}]}<\/script>\n<!-- \/ Yoast SEO plugin. -->","yoast_head_json":{"description":"Page en cours de construction D\u00e9sol\u00e9 cette page est en cours de construction, profitez de cette attente pour visiter notre site internet et d\u00e9couvrir le","robots":{"index":"index","follow":"follow","max-snippet":"max-snippet:-1","max-image-preview":"max-image-preview:large","max-video-preview":"max-video-preview:-1"},"canonical":"https:\/\/www.montagnicimes.com\/espace-groupes\/","og_locale":"fr_FR","og_type":"article","og_title":"Espace Groupes - Les Botti\u00e8res","og_description":"Page en cours de construction D\u00e9sol\u00e9 cette page est en cours de construction, profitez de cette attente pour visiter notre site internet et d\u00e9couvrir le","og_url":"https:\/\/www.montagnicimes.com\/espace-groupes\/","og_site_name":"Les Botti\u00e8res","article_modified_time":"2021-11-24T20:49:53+00:00","twitter_card":"summary_large_image","twitter_misc":{"Dur\u00e9e de lecture estim\u00e9e":"1 minute"},"schema":{"@context":"https:\/\/schema.org","@graph":[{"@type":"WebSite","@id":"https:\/\/www.montagnicimes.com\/les-bottieres\/#website","url":"https:\/\/www.montagnicimes.com\/les-bottieres\/","name":"Les Botti\u00e8res","description":"Office de tourisme Montagnicimes - Les Botti\u00e8res","potentialAction":[{"@type":"SearchAction","target":{"@type":"EntryPoint","urlTemplate":"https:\/\/www.montagnicimes.com\/les-bottieres\/?s={search_term_string}"},"query-input":"required name=search_term_string"}],"inLanguage":"fr-FR"},{"@type":"WebPage","@id":"https:\/\/www.montagnicimes.com\/espace-groupes\/#webpage","url":"https:\/\/www.montagnicimes.com\/espace-groupes\/","name":"Espace Groupes - Les Botti\u00e8res","isPartOf":{"@id":"https:\/\/www.montagnicimes.com\/les-bottieres\/#website"},"datePublished":"2021-09-24T09:02:55+00:00","dateModified":"2021-11-24T20:49:53+00:00","description":"Page en cours de construction D\u00e9sol\u00e9 cette page est en cours de construction, profitez de cette attente pour visiter notre site internet et d\u00e9couvrir le","breadcrumb":{"@id":"https:\/\/www.montagnicimes.com\/espace-groupes\/#breadcrumb"},"inLanguage":"fr-FR","potentialAction":[{"@type":"ReadAction","target":["https:\/\/www.montagnicimes.com\/espace-groupes\/"]}]},{"@type":"BreadcrumbList","@id":"https:\/\/www.montagnicimes.com\/espace-groupes\/#breadcrumb","itemListElement":[{"@type":"ListItem","position":1,"name":"Accueil","item":"https:\/\/www.montagnicimes.com\/les-bottieres\/"},{"@type":"ListItem","position":2,"name":"Espace Groupes"}]}]}},"_links":{"self":[{"href":"https:\/\/www.montagnicimes.com\/les-bottieres\/wp-json\/wp\/v2\/pages\/254"}],"collection":[{"href":"https:\/\/www.montagnicimes.com\/les-bottieres\/wp-json\/wp\/v2\/pages"}],"about":[{"href":"https:\/\/www.montagnicimes.com\/les-bottieres\/wp-json\/wp\/v2\/types\/page"}],"author":[{"embeddable":true,"href":"https:\/\/www.montagnicimes.com\/les-bottieres\/wp-json\/wp\/v2\/users\/1"}],"replies":[{"embeddable":true,"href":"https:\/\/www.montagnicimes.com\/les-bottieres\/wp-json\/wp\/v2\/comments?post=254"}],"version-history":[{"count":3,"href":"https:\/\/www.montagnicimes.com\/les-bottieres\/wp-json\/wp\/v2\/pages\/254\/revisions"}],"predecessor-version":[{"id":8512,"href":"https:\/\/www.montagnicimes.com\/les-bottieres\/wp-json\/wp\/v2\/pages\/254\/revisions\/8512"}],"wp:attachment":[{"href":"https:\/\/www.montagnicimes.com\/les-bottieres\/wp-json\/wp\/v2\/media?parent=254"}],"wp:term":[{"taxonomy":"post_tag","embeddable":true,"href":"https:\/\/www.montagnicimes.com\/les-bottieres\/wp-json\/wp\/v2\/post_tag?post=254"}],"curies":[{"name":"wp","href":"https:\/\/api.w.org\/{rel}","templated":true}]}}