{"id":8972,"date":"2021-12-17T15:01:20","date_gmt":"2021-12-17T14:01:20","guid":{"rendered":"https:\/\/www.montagnicimes.com\/le-grand-coin\/?page_id=8972"},"modified":"2023-10-06T09:28:42","modified_gmt":"2023-10-06T07:28:42","slug":"restaurants","status":"publish","type":"page","link":"https:\/\/www.montagnicimes.com\/le-grand-coin\/restaurants\/","title":{"rendered":"Restaurants"},"content":{"rendered":"\n<p class=\"is-style-excerpt\">Faites une pause dans l&rsquo;un de nos restaurants \u00e0 l&rsquo;Espace Nordique du Grand Coin, d\u00e9gustez des sp\u00e9cialit\u00e9s savoyardes !<\/p>\n\n\n\n<div class=\"wp-block wp-block-related-post clear alignfull\">\n\n    <div class=\"article\">\n        \n            <\/div>\n\n    <div class=\"container\">\n        <div class=\"wp-block-related-post-inner\">\n            <div data-id=\"wpiris-related-post\" data-slides-per-view=\"2\">\n                <div data-id=\"wpiris-related-post-wrapper\">\n                                            \n<div class=\"postItem swiper-slide\" data-trigger=\"wpiris-click\" >\n    <a href=\"https:\/\/www.montagnicimes.com\/le-grand-coin\/restaurant\/o-ptits-lacets\/\" nofancybox class=\"postItemThumbnail\">\n        <img data-src=\"https:\/\/www.montagnicimes.com\/le-grand-coin\/wp-content\/uploads\/sites\/6\/wpiris-images\/11962\/12558613-diaporama-590x440-c.jpg\" alt=\"\u00d4 p&rsquo;tits lacets\">\n    <\/a>\n    <div class=\"postItemContent\">\n\n        <div class=\"postItemContentHeading\">\n                                    <h3 class=\"postItemContentTitle\" >\n                <a href=\"https:\/\/www.montagnicimes.com\/le-grand-coin\/restaurant\/o-ptits-lacets\/\">\u00d4 p&rsquo;tits lacets<\/a>\n            <\/h3>                    <\/div>\n        \n<div class=\"postItemContentExcerpt\">\n    Restaurant traditionnel, situ\u00e9 dans le charmant village de Montvernier, non-loin de ses fameux lacets. S\u00e9b et Gwen vous proposent des menus diff\u00e9rents chaque semaine ainsi que des pizzas \u00e0 emporter le mercredi soir.<\/div>\n    <\/div>\n<\/div>\n                                            \n<div class=\"postItem swiper-slide\" data-trigger=\"wpiris-click\" >\n    <a href=\"https:\/\/www.montagnicimes.com\/le-grand-coin\/restaurant\/auberge-du-chaussy\/\" nofancybox class=\"postItemThumbnail\">\n        <img data-src=\"https:\/\/www.montagnicimes.com\/le-grand-coin\/wp-content\/uploads\/sites\/6\/wpiris-images\/13980\/33477565-diaporama-590x440-c.jpg\" alt=\"Auberge du Chaussy\">\n    <\/a>\n    <div class=\"postItemContent\">\n\n        <div class=\"postItemContentHeading\">\n                                    <h3 class=\"postItemContentTitle\" >\n                <a href=\"https:\/\/www.montagnicimes.com\/le-grand-coin\/restaurant\/auberge-du-chaussy\/\">Auberge du Chaussy<\/a>\n            <\/h3>                    <\/div>\n        \n<div class=\"postItemContentExcerpt\">\n    L&rsquo;Auberge du Chaussy vous propose une cuisine locale, traditionnelle avec une pointe de modernit\u00e9. Val\u00e9rie favorise le circuit court et les produits de saison qui se d\u00e9gustent dans l&rsquo;ambiance chaleureuse du chalet ou sur sa terrasse face aux montagnes.<\/div>\n    <\/div>\n<\/div>\n                                    <\/div>\n            <\/div>\n        <\/div>\n    <\/div>\n\n    <div class=\"article\">\n            <\/div>\n<\/div>","protected":false},"excerpt":{"rendered":"<p>Faites une pause dans l&rsquo;un de nos restaurants \u00e0 l&rsquo;Espace Nordique du Grand Coin, d\u00e9gustez des sp\u00e9cialit\u00e9s savoyardes !<\/p>\n","protected":false},"author":2,"featured_media":0,"parent":0,"menu_order":4,"comment_status":"closed","ping_status":"closed","template":"","meta":{"_relevanssi_hide_post":"","_relevanssi_pin_for_all":"","_relevanssi_pin_keywords":"","_relevanssi_unpin_keywords":"","_relevanssi_related_keywords":"","_relevanssi_related_include_ids":"","_relevanssi_related_exclude_ids":"","_relevanssi_related_no_append":"","_relevanssi_related_not_related":"","_relevanssi_related_posts":"8852,8808","_relevanssi_noindex_reason":""},"post_tag":[],"acf":[],"yoast_head":"<!-- This site is optimized with the Yoast SEO plugin v17.6 - https:\/\/yoast.com\/wordpress\/plugins\/seo\/ -->\n<meta name=\"description\" content=\"Faites une pause dans l&#039;un de nos restaurants \u00e0 l&#039;Espace Nordique du Grand Coin, d\u00e9gustez des sp\u00e9cialit\u00e9s savoyardes !\" \/>\n<meta name=\"robots\" content=\"index, follow, max-snippet:-1, max-image-preview:large, max-video-preview:-1\" \/>\n<link rel=\"canonical\" href=\"https:\/\/www.montagnicimes.com\/le-grand-coin\/restaurants\/\" \/>\n<meta property=\"og:locale\" content=\"fr_FR\" \/>\n<meta property=\"og:type\" content=\"article\" \/>\n<meta property=\"og:title\" content=\"Restaurants - Le Grand coin\" \/>\n<meta property=\"og:description\" content=\"Faites une pause dans l&#039;un de nos restaurants \u00e0 l&#039;Espace Nordique du Grand Coin, d\u00e9gustez des sp\u00e9cialit\u00e9s savoyardes !\" \/>\n<meta property=\"og:url\" content=\"https:\/\/www.montagnicimes.com\/le-grand-coin\/restaurants\/\" \/>\n<meta property=\"og:site_name\" content=\"Le Grand coin\" \/>\n<meta property=\"article:modified_time\" content=\"2023-10-06T07:28:42+00:00\" \/>\n<meta name=\"twitter:card\" content=\"summary_large_image\" \/>\n<meta name=\"twitter:label1\" content=\"Dur\u00e9e de lecture estim\u00e9e\" \/>\n\t<meta name=\"twitter:data1\" content=\"1 minute\" \/>\n<script type=\"application\/ld+json\" class=\"yoast-schema-graph\">{\"@context\":\"https:\/\/schema.org\",\"@graph\":[{\"@type\":\"WebSite\",\"@id\":\"https:\/\/www.montagnicimes.com\/le-grand-coin\/#website\",\"url\":\"https:\/\/www.montagnicimes.com\/le-grand-coin\/\",\"name\":\"Le Grand coin\",\"description\":\"Espace Nordique du Grand Coin\",\"potentialAction\":[{\"@type\":\"SearchAction\",\"target\":{\"@type\":\"EntryPoint\",\"urlTemplate\":\"https:\/\/www.montagnicimes.com\/le-grand-coin\/?s={search_term_string}\"},\"query-input\":\"required name=search_term_string\"}],\"inLanguage\":\"fr-FR\"},{\"@type\":\"WebPage\",\"@id\":\"https:\/\/www.montagnicimes.com\/le-grand-coin\/restaurants\/#webpage\",\"url\":\"https:\/\/www.montagnicimes.com\/le-grand-coin\/restaurants\/\",\"name\":\"Restaurants - Le Grand coin\",\"isPartOf\":{\"@id\":\"https:\/\/www.montagnicimes.com\/le-grand-coin\/#website\"},\"datePublished\":\"2021-12-17T14:01:20+00:00\",\"dateModified\":\"2023-10-06T07:28:42+00:00\",\"description\":\"Faites une pause dans l'un de nos restaurants \\u00e0 l'Espace Nordique du Grand Coin, d\\u00e9gustez des sp\\u00e9cialit\\u00e9s savoyardes !\",\"breadcrumb\":{\"@id\":\"https:\/\/www.montagnicimes.com\/le-grand-coin\/restaurants\/#breadcrumb\"},\"inLanguage\":\"fr-FR\",\"potentialAction\":[{\"@type\":\"ReadAction\",\"target\":[\"https:\/\/www.montagnicimes.com\/le-grand-coin\/restaurants\/\"]}]},{\"@type\":\"BreadcrumbList\",\"@id\":\"https:\/\/www.montagnicimes.com\/le-grand-coin\/restaurants\/#breadcrumb\",\"itemListElement\":[{\"@type\":\"ListItem\",\"position\":1,\"name\":\"Accueil\",\"item\":\"https:\/\/www.montagnicimes.com\/le-grand-coin\/\"},{\"@type\":\"ListItem\",\"position\":2,\"name\":\"Restaurants\"}]}]}<\/script>\n<!-- \/ Yoast SEO plugin. -->","yoast_head_json":{"description":"Faites une pause dans l'un de nos restaurants \u00e0 l'Espace Nordique du Grand Coin, d\u00e9gustez des sp\u00e9cialit\u00e9s savoyardes !","robots":{"index":"index","follow":"follow","max-snippet":"max-snippet:-1","max-image-preview":"max-image-preview:large","max-video-preview":"max-video-preview:-1"},"canonical":"https:\/\/www.montagnicimes.com\/le-grand-coin\/restaurants\/","og_locale":"fr_FR","og_type":"article","og_title":"Restaurants - Le Grand coin","og_description":"Faites une pause dans l'un de nos restaurants \u00e0 l'Espace Nordique du Grand Coin, d\u00e9gustez des sp\u00e9cialit\u00e9s savoyardes !","og_url":"https:\/\/www.montagnicimes.com\/le-grand-coin\/restaurants\/","og_site_name":"Le Grand coin","article_modified_time":"2023-10-06T07:28:42+00:00","twitter_card":"summary_large_image","twitter_misc":{"Dur\u00e9e de lecture estim\u00e9e":"1 minute"},"schema":{"@context":"https:\/\/schema.org","@graph":[{"@type":"WebSite","@id":"https:\/\/www.montagnicimes.com\/le-grand-coin\/#website","url":"https:\/\/www.montagnicimes.com\/le-grand-coin\/","name":"Le Grand coin","description":"Espace Nordique du Grand Coin","potentialAction":[{"@type":"SearchAction","target":{"@type":"EntryPoint","urlTemplate":"https:\/\/www.montagnicimes.com\/le-grand-coin\/?s={search_term_string}"},"query-input":"required name=search_term_string"}],"inLanguage":"fr-FR"},{"@type":"WebPage","@id":"https:\/\/www.montagnicimes.com\/le-grand-coin\/restaurants\/#webpage","url":"https:\/\/www.montagnicimes.com\/le-grand-coin\/restaurants\/","name":"Restaurants - Le Grand coin","isPartOf":{"@id":"https:\/\/www.montagnicimes.com\/le-grand-coin\/#website"},"datePublished":"2021-12-17T14:01:20+00:00","dateModified":"2023-10-06T07:28:42+00:00","description":"Faites une pause dans l'un de nos restaurants \u00e0 l'Espace Nordique du Grand Coin, d\u00e9gustez des sp\u00e9cialit\u00e9s savoyardes !","breadcrumb":{"@id":"https:\/\/www.montagnicimes.com\/le-grand-coin\/restaurants\/#breadcrumb"},"inLanguage":"fr-FR","potentialAction":[{"@type":"ReadAction","target":["https:\/\/www.montagnicimes.com\/le-grand-coin\/restaurants\/"]}]},{"@type":"BreadcrumbList","@id":"https:\/\/www.montagnicimes.com\/le-grand-coin\/restaurants\/#breadcrumb","itemListElement":[{"@type":"ListItem","position":1,"name":"Accueil","item":"https:\/\/www.montagnicimes.com\/le-grand-coin\/"},{"@type":"ListItem","position":2,"name":"Restaurants"}]}]}},"_links":{"self":[{"href":"https:\/\/www.montagnicimes.com\/le-grand-coin\/wp-json\/wp\/v2\/pages\/8972"}],"collection":[{"href":"https:\/\/www.montagnicimes.com\/le-grand-coin\/wp-json\/wp\/v2\/pages"}],"about":[{"href":"https:\/\/www.montagnicimes.com\/le-grand-coin\/wp-json\/wp\/v2\/types\/page"}],"author":[{"embeddable":true,"href":"https:\/\/www.montagnicimes.com\/le-grand-coin\/wp-json\/wp\/v2\/users\/2"}],"replies":[{"embeddable":true,"href":"https:\/\/www.montagnicimes.com\/le-grand-coin\/wp-json\/wp\/v2\/comments?post=8972"}],"version-history":[{"count":9,"href":"https:\/\/www.montagnicimes.com\/le-grand-coin\/wp-json\/wp\/v2\/pages\/8972\/revisions"}],"predecessor-version":[{"id":10160,"href":"https:\/\/www.montagnicimes.com\/le-grand-coin\/wp-json\/wp\/v2\/pages\/8972\/revisions\/10160"}],"wp:attachment":[{"href":"https:\/\/www.montagnicimes.com\/le-grand-coin\/wp-json\/wp\/v2\/media?parent=8972"}],"wp:term":[{"taxonomy":"post_tag","embeddable":true,"href":"https:\/\/www.montagnicimes.com\/le-grand-coin\/wp-json\/wp\/v2\/post_tag?post=8972"}],"curies":[{"name":"wp","href":"https:\/\/api.w.org\/{rel}","templated":true}]}}