{"id":7588,"date":"2021-09-24T15:20:33","date_gmt":"2021-09-24T13:20:33","guid":{"rendered":"https:\/\/www.montagnicimes.com\/le-grand-coin\/lagenda\/"},"modified":"2023-12-28T10:57:59","modified_gmt":"2023-12-28T09:57:59","slug":"lagenda","status":"publish","type":"page","link":"https:\/\/www.montagnicimes.com\/le-grand-coin\/lagenda\/","title":{"rendered":"L&rsquo;agenda"},"content":{"rendered":"\n<p class=\"has-text-align-center is-style-excerpt\"><strong>Retrouvez toutes les activit\u00e9s et animations \u00e0 ne pas manquer.<\/strong><\/p>\n\n\n\n<hr class=\"wp-block-separator is-style-default\"\/>\n\n\n\n    <div class=\"wp-block-wpet-aside alignfull\">\n        <div class=\"wpetList  clear\" id=\"wpetList\" data-id=\"wpet-list\" data-wpet-current-mode=\"mixte\">\n\n                        <div class=\"wpetListInfobar\">\n\n                <div class=\"wpetListNumber\">\n                    <span class=\"wpetListNumberValue\" data-id=\"wpet-list-total-offer\">1<\/span>\n                    <span class=\"wpetListNumberLabel\">r\u00e9sultat(s)<\/span>\n                <\/div>\n\n                                <div class=\"wpetListModes resultsListMode\">\n                    <ul>\n                                                    <li class=\"wpetListModesItem wpetListModesItem--filter\">\n                                <a href=\"#wpetListAside\" data-trigger=\"wpet-list-filters-button\">\n                                    <span>Filtres<\/span>\n                                <\/a>\n                            <\/li>\n                                                <li class=\"wpetListModesItem wpetListModesItem--list\">\n                            <a data-trigger=\"wpet-mode\" href=\"#wpetList\" data-wpet-switch-mode=\"list\">\n                                <span>Liste<\/span>\n                            <\/a>\n                        <\/li>\n                        <li class=\"wpetListModesItem wpetListModesItem--map\">\n                            <a data-trigger=\"wpet-mode\" href=\"#wpetList\" data-wpet-switch-mode=\"map\">\n                                <span>Carte<\/span>\n                            <\/a>\n                        <\/li>\n                        <li class=\"wpetListModesItem wpetListModesItem--mixte\">\n                            <a data-trigger=\"wpet-mode\" href=\"#wpetList\" data-wpet-switch-mode=\"mixte\">\n                                <span>Mixte<\/span>\n                            <\/a>\n                        <\/li>\n                    <\/ul>\n                <\/div>\n            <\/div>\n\n                                        <div class=\"wpetOverlay\" data-trigger=\"wpet-list-filters-close\"><\/div>\n\n                <div class=\"wpetListAside\" id=\"wpetListAside\" data-id=\"wpet-list-filters\">\n                    <a href=\"#wpetList\" class=\"wpetListAsideClose\" data-trigger=\"wpet-list-filters-close\">\n                        <span class=\"sr-only\">Fermer les filtres<\/span>\n                    <\/a>\n\n                    <p class=\"wpetListFilterTitle\">Affiner ma recherche<\/p>\n\n                    <div class=\"wpetListFilter\">\n                        <div class=\"wrapper_wpet_engine\"><form name=\"wpet_engine_form\" method=\"POST\" action=\"\" ><div>\n    <form id=\"\" name=\"\" method=\"POST\" action=\"##\">\n        <div class=\"wpetFiltersEngine\">\n\t\t\t<div class=\"wpet-form-item wpet_select\" data-wpet-search=\"commune\" data-wpet-type=\"select\">\n\n    <label for=\"wpet-select-commune\">Commune<\/label>\n\n    <select class=\"wpet-select-item wpet-select-field\" id=\"wpet-select-commune\" name=\"wpet_search[commune]\">\n        <option><\/option>\n                    <option  value=\"La Tour-en-Maurienne\" >La Tour-en-Maurienne<\/option>\n        \n    <\/select>\n\n            <input type=\"hidden\" name=\"wpet_search[aroundme]\" value=\"20\" \/>\n    \n    \n<\/div><div id=\"wpet_agenda_widget\" data-wpet-agenda-openned=\"1\" data-wpet-agenda-events-number=\"0\" class=\"wpet-form-item agenda\" data-wpet-search=\"agenda\" data-wpet-type=\"agenda\">\n    \n    <label>Date<\/label>\n    \n        \n        <div id=\"wpet_agenda_inline\">\n            <input type=\"hidden\" id=\"wpet_agenda_inline_value\" value=\" - \"\/>\n        <\/div>\n    \n        <p>\n            <button id=\"wpet_agenda_button\" class=\"wpet-agenda-button button\" value=\"\">Rechercher sur une p\u00e9riode<\/button>\n            <input type=\"hidden\" class=\"startdate wpet_datepicker\" id=\"wpet_agenda_startdate\" name=\"wpet_search[period][startdate]\" value=\"\" \/>\n            <input type=\"hidden\" class=\"enddate wpet_datepicker\" id=\"wpet_agenda_enddate\" name=\"wpet_search[period][enddate]\"  value=\"\" \/>\n    \n                  <\/p>\n\n        \n    \n<\/div>        <\/div>\n        <div class=\"wpetFiltersResetengine\">\n\t\t            <\/div>\n    <\/form>\n<\/div>\n\n<\/form><\/div><div class=\"wrapper_wpet_selected_facets\"><\/div><div class=\"wrapper_wpet_facets\"><div class=\"accordion\" id=\"wrapper_wpet_facets\">\n    <\/div><\/div>                        <p class=\"wpetListFilterButton\">\n                            <a href=\"#wpetList\" class=\"button\" data-trigger=\"wpet-list-filters-close\">\n                                Rechercher                            <\/a>\n                        <\/p>\n                    <\/div>\n                <\/div>\n            \n                        <div class=\"wpetListOffers\">\n                <div class=\"wpetListOffersList default\">\n                    <div id=\"loaderModeAjax\">\n                        <div class=\"content-loader\"><\/div>\n                    <\/div>\n\n                    \n<div class=\"wpetOffer wrapper_wpet_offer resultsListItem\" data-id=\"wpet-offer\">\n    \n    <div class=\"wpetOfferThumbnail\">\n\n                \n            <a href=\"https:\/\/www.montagnicimes.com\/le-grand-coin\/agenda\/le-patrimoine-religieux-de-pontamafrey-chapelle-de-limmaculee-conception-et-eglise-saint-michel\/\" nofancybox>\n                <img data-src=\"https:\/\/www.montagnicimes.com\/le-grand-coin\/wp-content\/uploads\/sites\/6\/wpetourisme\/6077555-diaporama-550x385.jpg\" alt=\"Le patrimoine religieux de Pontamafrey &#8211; Chapelle de l&rsquo;Immacul\u00e9e Conception et \u00c9glise Saint-Michel\">\n            <\/a>\n                \n\t                <p class=\"wpetOfferThumbnailCount\"> 2 <\/p>\n\t    \n        \n\n                            <p class=\"wpetOfferThumbnailDate\">\n                Tous les jours            <\/p>\n        \n\t    \n        \t    \n\t    \n    <\/div>\n    \n    <div class=\"wpetOfferContainer\" data-mh>\n        \n        <div class=\"wpetOfferContainerContent\" data-trigger=\"wpet-click\">\n\n            <h2 class=\"wpetOfferContainerContentTitle\">\n                <a href=\"https:\/\/www.montagnicimes.com\/le-grand-coin\/agenda\/le-patrimoine-religieux-de-pontamafrey-chapelle-de-limmaculee-conception-et-eglise-saint-michel\/\" data-id=\"wpet-offer-link\">Le patrimoine religieux de Pontamafrey &#8211; Chapelle de l&rsquo;Immacul\u00e9e Conception et \u00c9glise Saint-Michel<\/a>\n            <\/h2>\n\n            <div class=\"wpetOfferContainerContentMeta\">\n                                                    <span class=\"wpetOfferContainerContentMetaLocation\">La Tour-en-Maurienne<\/span>\n                            <\/div>\n\n            \n                            <div class=\"wpetOfferContainerContentItinerary\">\n                                                                                                                                                                                                                    <\/div>\n            \n        <\/div>\n\n        \n                    <div class=\"wpetOfferMobile\">\n\n                <a href=\"#wpetOfferMobileList\" class=\"wpetOfferMobileButton\" data-trigger=\"wpet-offer-mobile-button\">\n                    <i class=\"fi fi-ellipsis\"><\/i>\n                <\/a>\n\n                <div class=\"wpetOfferMobileList\" data-id=\"wpet-offer-mobile-list\" id=\"wpetOfferMobileList\">\n                    <ul>\n                                                        <li class=\"wpetOfferMobileItem\">\n                                    <a href=\"mailto:&#99;&#111;&#110;&#116;&#97;ct&#64;&#101;x&#112;l&#111;&#114;&#101;-ma&#117;r&#105;&#101;nn&#101;.&#99;o&#109;\" target=\"_blank\" rel=\"noopener noreferrer\">\n                                        <i class=\"fi fi-mail\" aria-hidden=\"true\"><\/i>\n                                        <span class=\"sr-only\">Contacter par mail<\/span>\n                                    <\/a>\n                                <\/li>\n                            \n                                                        <li class=\"wpetOfferMobileItem\">\n                                    <a href=\"tel:04 79 83 51 51\" target=\"_blank\" rel=\"noopener noreferrer\">\n                                        <i class=\"fi fi-fixe\" aria-hidden=\"true\"><\/i>\n                                        <span class=\"sr-only\">04 79 83 51 51<\/span>\n                                    <\/a>\n                                <\/li>\n                            \n                                            <\/ul>\n                <\/div>\n            <\/div>\n            \n    <\/div>\n<\/div>\n\n                    <div class=\"wpet_wrapper_pagination\">\n<div class=\"pagination wpet_nav_pagination\">\n    <\/div>\n<\/div>\n                <\/div>\n\n                <div class=\"wpetListOffersMap\" id=\"listingMap\">\n                    <div class=\"wpet-map\">\n                                                    <div class=\"wpet-map-filter\" data-wpet-mapsearchonmove>\n                                <input type=\"checkbox\" id=\"wpet_map_search_on_move\" data-wpet-mapsearchonmovecheckbox>\n                                <label for=\"wpet_map_search_on_move\">Rechercher quand je d\u00e9place la carte<\/label>\n                            <\/div>\n                                                <div class=\"wpet-map-loader\">\n                            <i class=\"fi fi-sync spin\"><\/i>\n                        <\/div>\n                    <\/div>\n                <\/div>\n\n            <\/div>\n\n            \n        <\/div>\n    <\/div>\n\n\n\n\n<p><\/p>\n","protected":false},"excerpt":{"rendered":"<p>Retrouvez toutes les activit\u00e9s et animations \u00e0 ne pas manquer.<\/p>\n","protected":false},"author":1,"featured_media":10127,"parent":0,"menu_order":6,"comment_status":"closed","ping_status":"closed","template":"","meta":{"_relevanssi_hide_post":"","_relevanssi_pin_for_all":"","_relevanssi_pin_keywords":"","_relevanssi_unpin_keywords":"","_relevanssi_related_keywords":"","_relevanssi_related_include_ids":"","_relevanssi_related_exclude_ids":"","_relevanssi_related_no_append":"","_relevanssi_related_not_related":"","_relevanssi_related_posts":"8808","_relevanssi_noindex_reason":""},"post_tag":[],"acf":[],"yoast_head":"<!-- This site is optimized with the Yoast SEO plugin v17.6 - https:\/\/yoast.com\/wordpress\/plugins\/seo\/ -->\n<meta name=\"description\" content=\"Retrouvez toutes les activit\u00e9s et animations \u00e0 ne pas manquer.\" \/>\n<meta name=\"robots\" content=\"index, follow, max-snippet:-1, max-image-preview:large, max-video-preview:-1\" \/>\n<link rel=\"canonical\" href=\"https:\/\/www.montagnicimes.com\/le-grand-coin\/lagenda\/\" \/>\n<meta property=\"og:locale\" content=\"fr_FR\" \/>\n<meta property=\"og:type\" content=\"article\" \/>\n<meta property=\"og:title\" content=\"Agenda des \u00e9v\u00e9nements et sorties au Grand Coin - Le Grand coin\" \/>\n<meta property=\"og:description\" content=\"Retrouvez toutes les activit\u00e9s et animations \u00e0 ne pas manquer.\" \/>\n<meta property=\"og:url\" content=\"https:\/\/www.montagnicimes.com\/le-grand-coin\/lagenda\/\" \/>\n<meta property=\"og:site_name\" content=\"Le Grand coin\" \/>\n<meta property=\"article:modified_time\" content=\"2023-12-28T09:57:59+00:00\" \/>\n<meta property=\"og:image\" content=\"https:\/\/www.montagnicimes.com\/le-grand-coin\/wp-content\/uploads\/sites\/6\/2022\/09\/LAGENDA.jpg\" \/>\n\t<meta property=\"og:image:width\" content=\"1920\" \/>\n\t<meta property=\"og:image:height\" content=\"1280\" \/>\n<meta name=\"twitter:card\" content=\"summary_large_image\" \/>\n<meta name=\"twitter:label1\" content=\"Dur\u00e9e de lecture estim\u00e9e\" \/>\n\t<meta name=\"twitter:data1\" content=\"1 minute\" \/>\n<script type=\"application\/ld+json\" class=\"yoast-schema-graph\">{\"@context\":\"https:\/\/schema.org\",\"@graph\":[{\"@type\":\"WebSite\",\"@id\":\"https:\/\/www.montagnicimes.com\/le-grand-coin\/#website\",\"url\":\"https:\/\/www.montagnicimes.com\/le-grand-coin\/\",\"name\":\"Le Grand coin\",\"description\":\"Espace Nordique du Grand Coin\",\"potentialAction\":[{\"@type\":\"SearchAction\",\"target\":{\"@type\":\"EntryPoint\",\"urlTemplate\":\"https:\/\/www.montagnicimes.com\/le-grand-coin\/?s={search_term_string}\"},\"query-input\":\"required name=search_term_string\"}],\"inLanguage\":\"fr-FR\"},{\"@type\":\"ImageObject\",\"@id\":\"https:\/\/www.montagnicimes.com\/le-grand-coin\/lagenda\/#primaryimage\",\"inLanguage\":\"fr-FR\",\"url\":\"https:\/\/www.montagnicimes.com\/le-grand-coin\/wp-content\/uploads\/sites\/6\/2022\/09\/LAGENDA.jpg\",\"contentUrl\":\"https:\/\/www.montagnicimes.com\/le-grand-coin\/wp-content\/uploads\/sites\/6\/2022\/09\/LAGENDA.jpg\",\"width\":1920,\"height\":1280,\"caption\":\"le grand coin hiver ski de fond espace nordique agenda\"},{\"@type\":\"WebPage\",\"@id\":\"https:\/\/www.montagnicimes.com\/le-grand-coin\/lagenda\/#webpage\",\"url\":\"https:\/\/www.montagnicimes.com\/le-grand-coin\/lagenda\/\",\"name\":\"Agenda des \\u00e9v\\u00e9nements et sorties au Grand Coin - Le Grand coin\",\"isPartOf\":{\"@id\":\"https:\/\/www.montagnicimes.com\/le-grand-coin\/#website\"},\"primaryImageOfPage\":{\"@id\":\"https:\/\/www.montagnicimes.com\/le-grand-coin\/lagenda\/#primaryimage\"},\"datePublished\":\"2021-09-24T13:20:33+00:00\",\"dateModified\":\"2023-12-28T09:57:59+00:00\",\"description\":\"Retrouvez toutes les activit\\u00e9s et animations \\u00e0 ne pas manquer.\",\"breadcrumb\":{\"@id\":\"https:\/\/www.montagnicimes.com\/le-grand-coin\/lagenda\/#breadcrumb\"},\"inLanguage\":\"fr-FR\",\"potentialAction\":[{\"@type\":\"ReadAction\",\"target\":[\"https:\/\/www.montagnicimes.com\/le-grand-coin\/lagenda\/\"]}]},{\"@type\":\"BreadcrumbList\",\"@id\":\"https:\/\/www.montagnicimes.com\/le-grand-coin\/lagenda\/#breadcrumb\",\"itemListElement\":[{\"@type\":\"ListItem\",\"position\":1,\"name\":\"Accueil\",\"item\":\"https:\/\/www.montagnicimes.com\/le-grand-coin\/\"},{\"@type\":\"ListItem\",\"position\":2,\"name\":\"L&rsquo;agenda\"}]}]}<\/script>\n<!-- \/ Yoast SEO plugin. -->","yoast_head_json":{"description":"Retrouvez toutes les activit\u00e9s et animations \u00e0 ne pas manquer.","robots":{"index":"index","follow":"follow","max-snippet":"max-snippet:-1","max-image-preview":"max-image-preview:large","max-video-preview":"max-video-preview:-1"},"canonical":"https:\/\/www.montagnicimes.com\/le-grand-coin\/lagenda\/","og_locale":"fr_FR","og_type":"article","og_title":"Agenda des \u00e9v\u00e9nements et sorties au Grand Coin - Le Grand coin","og_description":"Retrouvez toutes les activit\u00e9s et animations \u00e0 ne pas manquer.","og_url":"https:\/\/www.montagnicimes.com\/le-grand-coin\/lagenda\/","og_site_name":"Le Grand coin","article_modified_time":"2023-12-28T09:57:59+00:00","og_image":[{"width":1920,"height":1280,"url":"https:\/\/www.montagnicimes.com\/le-grand-coin\/wp-content\/uploads\/sites\/6\/2022\/09\/LAGENDA.jpg","type":"image\/jpeg"}],"twitter_card":"summary_large_image","twitter_misc":{"Dur\u00e9e de lecture estim\u00e9e":"1 minute"},"schema":{"@context":"https:\/\/schema.org","@graph":[{"@type":"WebSite","@id":"https:\/\/www.montagnicimes.com\/le-grand-coin\/#website","url":"https:\/\/www.montagnicimes.com\/le-grand-coin\/","name":"Le Grand coin","description":"Espace Nordique du Grand Coin","potentialAction":[{"@type":"SearchAction","target":{"@type":"EntryPoint","urlTemplate":"https:\/\/www.montagnicimes.com\/le-grand-coin\/?s={search_term_string}"},"query-input":"required name=search_term_string"}],"inLanguage":"fr-FR"},{"@type":"ImageObject","@id":"https:\/\/www.montagnicimes.com\/le-grand-coin\/lagenda\/#primaryimage","inLanguage":"fr-FR","url":"https:\/\/www.montagnicimes.com\/le-grand-coin\/wp-content\/uploads\/sites\/6\/2022\/09\/LAGENDA.jpg","contentUrl":"https:\/\/www.montagnicimes.com\/le-grand-coin\/wp-content\/uploads\/sites\/6\/2022\/09\/LAGENDA.jpg","width":1920,"height":1280,"caption":"le grand coin hiver ski de fond espace nordique agenda"},{"@type":"WebPage","@id":"https:\/\/www.montagnicimes.com\/le-grand-coin\/lagenda\/#webpage","url":"https:\/\/www.montagnicimes.com\/le-grand-coin\/lagenda\/","name":"Agenda des \u00e9v\u00e9nements et sorties au Grand Coin - Le Grand coin","isPartOf":{"@id":"https:\/\/www.montagnicimes.com\/le-grand-coin\/#website"},"primaryImageOfPage":{"@id":"https:\/\/www.montagnicimes.com\/le-grand-coin\/lagenda\/#primaryimage"},"datePublished":"2021-09-24T13:20:33+00:00","dateModified":"2023-12-28T09:57:59+00:00","description":"Retrouvez toutes les activit\u00e9s et animations \u00e0 ne pas manquer.","breadcrumb":{"@id":"https:\/\/www.montagnicimes.com\/le-grand-coin\/lagenda\/#breadcrumb"},"inLanguage":"fr-FR","potentialAction":[{"@type":"ReadAction","target":["https:\/\/www.montagnicimes.com\/le-grand-coin\/lagenda\/"]}]},{"@type":"BreadcrumbList","@id":"https:\/\/www.montagnicimes.com\/le-grand-coin\/lagenda\/#breadcrumb","itemListElement":[{"@type":"ListItem","position":1,"name":"Accueil","item":"https:\/\/www.montagnicimes.com\/le-grand-coin\/"},{"@type":"ListItem","position":2,"name":"L&rsquo;agenda"}]}]}},"_links":{"self":[{"href":"https:\/\/www.montagnicimes.com\/le-grand-coin\/wp-json\/wp\/v2\/pages\/7588"}],"collection":[{"href":"https:\/\/www.montagnicimes.com\/le-grand-coin\/wp-json\/wp\/v2\/pages"}],"about":[{"href":"https:\/\/www.montagnicimes.com\/le-grand-coin\/wp-json\/wp\/v2\/types\/page"}],"author":[{"embeddable":true,"href":"https:\/\/www.montagnicimes.com\/le-grand-coin\/wp-json\/wp\/v2\/users\/1"}],"replies":[{"embeddable":true,"href":"https:\/\/www.montagnicimes.com\/le-grand-coin\/wp-json\/wp\/v2\/comments?post=7588"}],"version-history":[{"count":15,"href":"https:\/\/www.montagnicimes.com\/le-grand-coin\/wp-json\/wp\/v2\/pages\/7588\/revisions"}],"predecessor-version":[{"id":12458,"href":"https:\/\/www.montagnicimes.com\/le-grand-coin\/wp-json\/wp\/v2\/pages\/7588\/revisions\/12458"}],"wp:featuredmedia":[{"embeddable":true,"href":"https:\/\/www.montagnicimes.com\/le-grand-coin\/wp-json\/wp\/v2\/media\/10127"}],"wp:attachment":[{"href":"https:\/\/www.montagnicimes.com\/le-grand-coin\/wp-json\/wp\/v2\/media?parent=7588"}],"wp:term":[{"taxonomy":"post_tag","embeddable":true,"href":"https:\/\/www.montagnicimes.com\/le-grand-coin\/wp-json\/wp\/v2\/post_tag?post=7588"}],"curies":[{"name":"wp","href":"https:\/\/api.w.org\/{rel}","templated":true}]}}