{"id":7586,"date":"2021-09-24T15:20:31","date_gmt":"2021-09-24T13:20:31","guid":{"rendered":"https:\/\/www.montagnicimes.com\/le-grand-coin\/forfaits\/"},"modified":"2025-10-27T09:37:37","modified_gmt":"2025-10-27T08:37:37","slug":"forfaits","status":"publish","type":"page","link":"https:\/\/www.montagnicimes.com\/le-grand-coin\/foyers-daccueil\/forfaits\/","title":{"rendered":"Forfaits"},"content":{"rendered":"\n<p class=\"is-style-excerpt\">Prenez votre forfait \u00e0 la journ\u00e9e ou \u00e0 l&rsquo;ann\u00e9e \u00e0 l&rsquo;Espace Nordique du Grand Coin et chaussez vos skis pour devenir un vrai pro de ski de fond. Ou bien parcourez l&rsquo;un des nombreux itin\u00e9raires de raquettes balis\u00e9s du Grand Coin.<\/p>\n\n\n\n<div class=\"wp-block-buttons is-content-justification-center\">\n<div class=\"wp-block-button\"><a class=\"wp-block-button__link\" href=\"https:\/\/billetterie-nordic-savoie-nordic.intence.tech\/shop\/category\/le-grand-coin-4\" target=\"_blank\" rel=\"noreferrer noopener\">ACHETEZ votre forfait saison 2024-2025<\/a><\/div>\n<\/div>\n\n\n\n<p class=\"has-text-align-center\"><em>Forfaits \u00ab\u00a0multi-sites\u00a0\u00bb uniquement. <\/em><\/p>\n\n\n\n<p class=\"has-text-align-center\"><em>Forfaits Grand Coin, journ\u00e9e, semaine ou saison \u00e0 prendre sur place.<\/em><\/p>\n\n\n\n<h2>Tarifs \u2013 Des prix sympas pour tous<\/h2>\n\n\n\n<h3>Forfaits 2025 \/ 2026<\/h3>\n\n\n\n<figure class=\"wp-block-table is-style-regular\"><table><thead><tr><th>Dur\u00e9e<\/th><th>Adulte<\/th><th>Enfant (jusqu&rsquo;\u00e0 12ans)<\/th><\/tr><\/thead><tbody><tr><td><strong>Journ\u00e9e<\/strong><\/td><td>8\u20ac<\/td><td>4\u20ac<\/td><\/tr><tr><td><strong>R\u00e9duction<\/strong><\/td><td>6.5\u20ac<\/td><td>3\u20ac<\/td><\/tr><\/tbody><\/table><figcaption>Paiement Esp\u00e8ce, ch\u00e8que et CB accept\u00e9e | Tarif pr\u00e9f\u00e9rentiel uniquement sur pr\u00e9sentation d&rsquo;une carte \u00e9tudiant, M&rsquo;Card, Espace jeune 3CMA<\/figcaption><\/figure>\n\n\n\n<figure class=\"wp-block-table is-style-regular\"><table><thead><tr><th>Dur\u00e9e<\/th><th>Adulte<\/th><th>Enfant (jusqu&rsquo;\u00e0 12ans)<\/th><\/tr><\/thead><tbody><tr><td><strong>Saison ou 6 jours<\/strong><\/td><td>37\u20ac<\/td><td>20\u20ac<\/td><\/tr><tr><td><strong>R\u00e9duction<\/strong><\/td><td>30\u20ac<\/td><td>18\u20ac<\/td><\/tr><\/tbody><\/table><figcaption>Paiement Esp\u00e8ce, ch\u00e8que et CB accept\u00e9e | Tarif pr\u00e9f\u00e9rentiel uniquement sur pr\u00e9sentation d&rsquo;une carte \u00e9tudiant, M&rsquo;Card, Espace jeune 3CMA<\/figcaption><\/figure>\n\n\n\n<h2 id=\"bonsplanspave\"><strong>Bons Plans<\/strong><\/h2>\n\n\n\n<h3><strong>Achetez vos PASS multi-sites !<\/strong><\/h3>\n\n\n\n<p><strong>Nordic pass saison Savoie :<\/strong>\u00a0145\u20ac pour les adultes (\u00e0 partir de 16 ans), 60\u20ac pour les enfants (de 6 \u00e0 15 ans r\u00e9volus)<br><strong>Nordic pass saison National :<\/strong>\u00a0210\u20ac pour les adultes (\u00e0 partir de 16 ans), 77\u20ac pour les enfants (de 6 \u00e0 15 ans r\u00e9volus)<\/p>\n","protected":false},"excerpt":{"rendered":"<p>Prenez votre forfait \u00e0 la journ\u00e9e ou \u00e0 l&rsquo;ann\u00e9e \u00e0 l&rsquo;Espace Nordique du Grand Coin et chaussez vos skis pour devenir un vrai pro de ski de fond. Ou bien parcourez l&rsquo;un des nombreux itin\u00e9raires de raquettes balis\u00e9s du Grand Coin. Forfaits \u00ab\u00a0multi-sites\u00a0\u00bb uniquement. Forfaits Grand Coin, journ\u00e9e, semaine ou saison \u00e0 prendre sur place. [&hellip;]<\/p>\n","protected":false},"author":1,"featured_media":8167,"parent":7583,"menu_order":1,"comment_status":"closed","ping_status":"closed","template":"","meta":{"_relevanssi_hide_post":"","_relevanssi_pin_for_all":"","_relevanssi_pin_keywords":"","_relevanssi_unpin_keywords":"","_relevanssi_related_keywords":"","_relevanssi_related_include_ids":"","_relevanssi_related_exclude_ids":"","_relevanssi_related_no_append":"","_relevanssi_related_not_related":"","_relevanssi_related_posts":"493,489,491","_relevanssi_noindex_reason":""},"post_tag":[],"acf":[],"yoast_head":"<!-- This site is optimized with the Yoast SEO plugin v17.6 - https:\/\/yoast.com\/wordpress\/plugins\/seo\/ -->\n<meta name=\"description\" content=\"Prenez votre forfait \u00e0 la journ\u00e9e ou \u00e0 l&#039;ann\u00e9e \u00e0 l&#039;Espace Nordique du Grand Coin et chaussez vos skis pour devenir un vrai pro de ski de fond. Ou bien\" \/>\n<meta name=\"robots\" content=\"index, follow, max-snippet:-1, max-image-preview:large, max-video-preview:-1\" \/>\n<link rel=\"canonical\" href=\"https:\/\/www.montagnicimes.com\/le-grand-coin\/foyers-daccueil\/forfaits\/\" \/>\n<meta property=\"og:locale\" content=\"fr_FR\" \/>\n<meta property=\"og:type\" content=\"article\" \/>\n<meta property=\"og:title\" content=\"Forfaits de Ski \u00e0 la station du Grand Coin - Le Grand coin\" \/>\n<meta property=\"og:description\" content=\"Prenez votre forfait \u00e0 la journ\u00e9e ou \u00e0 l&#039;ann\u00e9e \u00e0 l&#039;Espace Nordique du Grand Coin et chaussez vos skis pour devenir un vrai pro de ski de fond. Ou bien\" \/>\n<meta property=\"og:url\" content=\"https:\/\/www.montagnicimes.com\/le-grand-coin\/foyers-daccueil\/forfaits\/\" \/>\n<meta property=\"og:site_name\" content=\"Le Grand coin\" \/>\n<meta property=\"article:modified_time\" content=\"2025-10-27T08:37:37+00:00\" \/>\n<meta property=\"og:image\" content=\"https:\/\/www.montagnicimes.com\/le-grand-coin\/wp-content\/uploads\/sites\/6\/2021\/11\/Foyer-du-Chaussy-2.jpg\" \/>\n\t<meta property=\"og:image:width\" content=\"688\" \/>\n\t<meta property=\"og:image:height\" content=\"515\" \/>\n<meta name=\"twitter:card\" content=\"summary_large_image\" \/>\n<meta name=\"twitter:label1\" content=\"Dur\u00e9e de lecture estim\u00e9e\" \/>\n\t<meta name=\"twitter:data1\" content=\"1 minute\" \/>\n<script type=\"application\/ld+json\" class=\"yoast-schema-graph\">{\"@context\":\"https:\/\/schema.org\",\"@graph\":[{\"@type\":\"WebSite\",\"@id\":\"https:\/\/www.montagnicimes.com\/le-grand-coin\/#website\",\"url\":\"https:\/\/www.montagnicimes.com\/le-grand-coin\/\",\"name\":\"Le Grand coin\",\"description\":\"Espace Nordique du Grand Coin\",\"potentialAction\":[{\"@type\":\"SearchAction\",\"target\":{\"@type\":\"EntryPoint\",\"urlTemplate\":\"https:\/\/www.montagnicimes.com\/le-grand-coin\/?s={search_term_string}\"},\"query-input\":\"required name=search_term_string\"}],\"inLanguage\":\"fr-FR\"},{\"@type\":\"ImageObject\",\"@id\":\"https:\/\/www.montagnicimes.com\/le-grand-coin\/foyers-daccueil\/forfaits\/#primaryimage\",\"inLanguage\":\"fr-FR\",\"url\":\"https:\/\/www.montagnicimes.com\/le-grand-coin\/wp-content\/uploads\/sites\/6\/2021\/11\/Foyer-du-Chaussy-2.jpg\",\"contentUrl\":\"https:\/\/www.montagnicimes.com\/le-grand-coin\/wp-content\/uploads\/sites\/6\/2021\/11\/Foyer-du-Chaussy-2.jpg\",\"width\":688,\"height\":515,\"caption\":\"Foyer du Chaussy\"},{\"@type\":\"WebPage\",\"@id\":\"https:\/\/www.montagnicimes.com\/le-grand-coin\/foyers-daccueil\/forfaits\/#webpage\",\"url\":\"https:\/\/www.montagnicimes.com\/le-grand-coin\/foyers-daccueil\/forfaits\/\",\"name\":\"Forfaits de Ski \\u00e0 la station du Grand Coin - Le Grand coin\",\"isPartOf\":{\"@id\":\"https:\/\/www.montagnicimes.com\/le-grand-coin\/#website\"},\"primaryImageOfPage\":{\"@id\":\"https:\/\/www.montagnicimes.com\/le-grand-coin\/foyers-daccueil\/forfaits\/#primaryimage\"},\"datePublished\":\"2021-09-24T13:20:31+00:00\",\"dateModified\":\"2025-10-27T08:37:37+00:00\",\"description\":\"Prenez votre forfait \\u00e0 la journ\\u00e9e ou \\u00e0 l'ann\\u00e9e \\u00e0 l'Espace Nordique du Grand Coin et chaussez vos skis pour devenir un vrai pro de ski de fond. Ou bien\",\"breadcrumb\":{\"@id\":\"https:\/\/www.montagnicimes.com\/le-grand-coin\/foyers-daccueil\/forfaits\/#breadcrumb\"},\"inLanguage\":\"fr-FR\",\"potentialAction\":[{\"@type\":\"ReadAction\",\"target\":[\"https:\/\/www.montagnicimes.com\/le-grand-coin\/foyers-daccueil\/forfaits\/\"]}]},{\"@type\":\"BreadcrumbList\",\"@id\":\"https:\/\/www.montagnicimes.com\/le-grand-coin\/foyers-daccueil\/forfaits\/#breadcrumb\",\"itemListElement\":[{\"@type\":\"ListItem\",\"position\":1,\"name\":\"Accueil\",\"item\":\"https:\/\/www.montagnicimes.com\/le-grand-coin\/\"},{\"@type\":\"ListItem\",\"position\":2,\"name\":\"Foyers d&rsquo;accueil\",\"item\":\"https:\/\/www.montagnicimes.com\/le-grand-coin\/foyers-daccueil\/\"},{\"@type\":\"ListItem\",\"position\":3,\"name\":\"Forfaits\"}]}]}<\/script>\n<!-- \/ Yoast SEO plugin. -->","yoast_head_json":{"description":"Prenez votre forfait \u00e0 la journ\u00e9e ou \u00e0 l'ann\u00e9e \u00e0 l'Espace Nordique du Grand Coin et chaussez vos skis pour devenir un vrai pro de ski de fond. Ou bien","robots":{"index":"index","follow":"follow","max-snippet":"max-snippet:-1","max-image-preview":"max-image-preview:large","max-video-preview":"max-video-preview:-1"},"canonical":"https:\/\/www.montagnicimes.com\/le-grand-coin\/foyers-daccueil\/forfaits\/","og_locale":"fr_FR","og_type":"article","og_title":"Forfaits de Ski \u00e0 la station du Grand Coin - Le Grand coin","og_description":"Prenez votre forfait \u00e0 la journ\u00e9e ou \u00e0 l'ann\u00e9e \u00e0 l'Espace Nordique du Grand Coin et chaussez vos skis pour devenir un vrai pro de ski de fond. Ou bien","og_url":"https:\/\/www.montagnicimes.com\/le-grand-coin\/foyers-daccueil\/forfaits\/","og_site_name":"Le Grand coin","article_modified_time":"2025-10-27T08:37:37+00:00","og_image":[{"width":688,"height":515,"url":"https:\/\/www.montagnicimes.com\/le-grand-coin\/wp-content\/uploads\/sites\/6\/2021\/11\/Foyer-du-Chaussy-2.jpg","type":"image\/jpeg"}],"twitter_card":"summary_large_image","twitter_misc":{"Dur\u00e9e de lecture estim\u00e9e":"1 minute"},"schema":{"@context":"https:\/\/schema.org","@graph":[{"@type":"WebSite","@id":"https:\/\/www.montagnicimes.com\/le-grand-coin\/#website","url":"https:\/\/www.montagnicimes.com\/le-grand-coin\/","name":"Le Grand coin","description":"Espace Nordique du Grand Coin","potentialAction":[{"@type":"SearchAction","target":{"@type":"EntryPoint","urlTemplate":"https:\/\/www.montagnicimes.com\/le-grand-coin\/?s={search_term_string}"},"query-input":"required name=search_term_string"}],"inLanguage":"fr-FR"},{"@type":"ImageObject","@id":"https:\/\/www.montagnicimes.com\/le-grand-coin\/foyers-daccueil\/forfaits\/#primaryimage","inLanguage":"fr-FR","url":"https:\/\/www.montagnicimes.com\/le-grand-coin\/wp-content\/uploads\/sites\/6\/2021\/11\/Foyer-du-Chaussy-2.jpg","contentUrl":"https:\/\/www.montagnicimes.com\/le-grand-coin\/wp-content\/uploads\/sites\/6\/2021\/11\/Foyer-du-Chaussy-2.jpg","width":688,"height":515,"caption":"Foyer du Chaussy"},{"@type":"WebPage","@id":"https:\/\/www.montagnicimes.com\/le-grand-coin\/foyers-daccueil\/forfaits\/#webpage","url":"https:\/\/www.montagnicimes.com\/le-grand-coin\/foyers-daccueil\/forfaits\/","name":"Forfaits de Ski \u00e0 la station du Grand Coin - Le Grand coin","isPartOf":{"@id":"https:\/\/www.montagnicimes.com\/le-grand-coin\/#website"},"primaryImageOfPage":{"@id":"https:\/\/www.montagnicimes.com\/le-grand-coin\/foyers-daccueil\/forfaits\/#primaryimage"},"datePublished":"2021-09-24T13:20:31+00:00","dateModified":"2025-10-27T08:37:37+00:00","description":"Prenez votre forfait \u00e0 la journ\u00e9e ou \u00e0 l'ann\u00e9e \u00e0 l'Espace Nordique du Grand Coin et chaussez vos skis pour devenir un vrai pro de ski de fond. Ou bien","breadcrumb":{"@id":"https:\/\/www.montagnicimes.com\/le-grand-coin\/foyers-daccueil\/forfaits\/#breadcrumb"},"inLanguage":"fr-FR","potentialAction":[{"@type":"ReadAction","target":["https:\/\/www.montagnicimes.com\/le-grand-coin\/foyers-daccueil\/forfaits\/"]}]},{"@type":"BreadcrumbList","@id":"https:\/\/www.montagnicimes.com\/le-grand-coin\/foyers-daccueil\/forfaits\/#breadcrumb","itemListElement":[{"@type":"ListItem","position":1,"name":"Accueil","item":"https:\/\/www.montagnicimes.com\/le-grand-coin\/"},{"@type":"ListItem","position":2,"name":"Foyers d&rsquo;accueil","item":"https:\/\/www.montagnicimes.com\/le-grand-coin\/foyers-daccueil\/"},{"@type":"ListItem","position":3,"name":"Forfaits"}]}]}},"_links":{"self":[{"href":"https:\/\/www.montagnicimes.com\/le-grand-coin\/wp-json\/wp\/v2\/pages\/7586"}],"collection":[{"href":"https:\/\/www.montagnicimes.com\/le-grand-coin\/wp-json\/wp\/v2\/pages"}],"about":[{"href":"https:\/\/www.montagnicimes.com\/le-grand-coin\/wp-json\/wp\/v2\/types\/page"}],"author":[{"embeddable":true,"href":"https:\/\/www.montagnicimes.com\/le-grand-coin\/wp-json\/wp\/v2\/users\/1"}],"replies":[{"embeddable":true,"href":"https:\/\/www.montagnicimes.com\/le-grand-coin\/wp-json\/wp\/v2\/comments?post=7586"}],"version-history":[{"count":18,"href":"https:\/\/www.montagnicimes.com\/le-grand-coin\/wp-json\/wp\/v2\/pages\/7586\/revisions"}],"predecessor-version":[{"id":14338,"href":"https:\/\/www.montagnicimes.com\/le-grand-coin\/wp-json\/wp\/v2\/pages\/7586\/revisions\/14338"}],"up":[{"embeddable":true,"href":"https:\/\/www.montagnicimes.com\/le-grand-coin\/wp-json\/wp\/v2\/pages\/7583"}],"wp:featuredmedia":[{"embeddable":true,"href":"https:\/\/www.montagnicimes.com\/le-grand-coin\/wp-json\/wp\/v2\/media\/8167"}],"wp:attachment":[{"href":"https:\/\/www.montagnicimes.com\/le-grand-coin\/wp-json\/wp\/v2\/media?parent=7586"}],"wp:term":[{"taxonomy":"post_tag","embeddable":true,"href":"https:\/\/www.montagnicimes.com\/le-grand-coin\/wp-json\/wp\/v2\/post_tag?post=7586"}],"curies":[{"name":"wp","href":"https:\/\/api.w.org\/{rel}","templated":true}]}}