{"id":7583,"date":"2021-09-24T15:20:25","date_gmt":"2021-09-24T13:20:29","guid":{"rendered":"https:\/\/www.montagnicimes.com\/le-grand-coin\/foyers-daccueil\/"},"modified":"2022-09-22T15:19:08","modified_gmt":"2022-09-22T13:19:08","slug":"foyers-daccueil","status":"publish","type":"page","link":"https:\/\/www.montagnicimes.com\/le-grand-coin\/foyers-daccueil\/","title":{"rendered":"Foyers d&rsquo;accueil"},"content":{"rendered":"\n<p class=\"is-style-excerpt\">Au c\u0153ur de la Savoie, en Maurienne, \u00e0 quelques kilom\u00e8tres de Saint-Fran\u00e7ois-Longchamp, le domaine nordique du Grand Coin vous ouvre ses portes Pour les amoureux du ski et de la marche nordique en for\u00eat, il sera un lieu id\u00e9al pour vous. Dans un cadre naturel pr\u00e9serv\u00e9, ce site familial vous accueillera dans l\u2019une de ces deux structures d\u2019accueil au d\u00e9part des pistes.<\/p>\n\n\n\n<div class=\"wp-block wp-block-related-post clear alignfull\">\n    \n    <div class=\"article\">\n                \n            <\/div>\n\n    <div class=\"container\">\n        <div class=\"wp-block-related-post-inner\">\n            <div data-id=\"wpiris-related-post\" data-slides-per-view=\"2\">\n                <div data-id=\"wpiris-related-post-wrapper\">\n                                            \n<div class=\"postItem swiper-slide\" data-trigger=\"wpiris-click\" >\n    <a href=\"https:\/\/www.montagnicimes.com\/le-grand-coin\/commerce-service\/foyer-nordique-du-chaussy\/\" nofancybox class=\"postItemThumbnail\">\n        <img data-src=\"https:\/\/www.montagnicimes.com\/le-grand-coin\/wp-content\/uploads\/sites\/6\/wpiris-images\/12133\/19639974-diaporama-590x440-c.jpg\" alt=\"Foyer nordique du Chaussy\">\n    <\/a>\n    <div class=\"postItemContent\">\n\n        <div class=\"postItemContentHeading\">\n                                    <h3 class=\"postItemContentTitle\" >\n                <a href=\"https:\/\/www.montagnicimes.com\/le-grand-coin\/commerce-service\/foyer-nordique-du-chaussy\/\">Foyer nordique du Chaussy<\/a>\n            <\/h3>                    <\/div>\n        \n<div class=\"postItemContentExcerpt\">\n    Le Foyer nordique du Chaussy vous propose la location de mat\u00e9riel de ski de fond, skating, raquettes et luges ainsi que la vente des forfaits. Vous trouverez \u00e9galement tous les renseignements n\u00e9cessaires pour passer une journ\u00e9e inoubliable au Grand Coin !<\/div>\n    <\/div>\n<\/div>\n                                            \n<div class=\"postItem swiper-slide\" data-trigger=\"wpiris-click\" >\n    <a href=\"https:\/\/www.montagnicimes.com\/le-grand-coin\/commerce-service\/foyer-nordique-de-bonvillard\/\" nofancybox class=\"postItemThumbnail\">\n        <img data-src=\"https:\/\/www.montagnicimes.com\/le-grand-coin\/wp-content\/uploads\/sites\/6\/wpiris-images\/9174\/12152325-diaporama-590x440-c.jpg\" alt=\"Foyer nordique de Bonvillard\">\n    <\/a>\n    <div class=\"postItemContent\">\n\n        <div class=\"postItemContentHeading\">\n                                    <h3 class=\"postItemContentTitle\" >\n                <a href=\"https:\/\/www.montagnicimes.com\/le-grand-coin\/commerce-service\/foyer-nordique-de-bonvillard\/\">Foyer nordique de Bonvillard<\/a>\n            <\/h3>                    <\/div>\n        \n<div class=\"postItemContentExcerpt\">\n    Trouvez tout ce dont vous avez besoin pour passer une journ\u00e9e inoubliable au Grand Coin !<\/div>\n    <\/div>\n<\/div>\n                                    <\/div>\n            <\/div>\n        <\/div>\n    <\/div>\n<\/div>\n\n\n<p>Venez sans \u00e9quipement, les foyers de ski de fond ont tout pr\u00e9vu pour vous.<\/p>\n\n\n\n<h2>Le foyer d&rsquo;accueil du Chaussy<\/h2>\n\n\n\n<p>Nich\u00e9 \u00e0 1 533 m\u00e8tres d\u2019altitude au d\u00e9part du col du Chaussy, le foyer de ski de fond du Chaussy vous ouvre ses portes cet hiver.<\/p>\n\n\n\n<p>Situ\u00e9 juste au-dessus de Montpascal, vous acc\u00e8derez au chalet depuis Saint-Jean-de-Maurienne (sortie 27 par l\u2019autoroute A43) et La Tour-en-Maurienne.<\/p>\n\n\n\n<p>Le chalet est \u00e9quip\u00e9 tout confort, il est destin\u00e9 \u00e0 recevoir des familles avec des enfants venus passer une journ\u00e9e en plein air \u00e0 c\u00f4t\u00e9 des pistes de luges et de ski de fond ou encore \u00e0 servir de point d\u2019\u00e9tape aux passionn\u00e9s de marche en montagne.<\/p>\n\n\n\n<p>Il est pens\u00e9 pour cr\u00e9er un accueil pratique, convivial et chaleureux tout au long de l\u2019ann\u00e9e. L\u2019acc\u00e8s b\u00e9n\u00e9ficie d\u2019une route refaite et d\u2019un parking goudronn\u00e9 permettant une circulation et un stationnement facile. La commune se charge l\u2019hiver d\u2019en assurer le d\u00e9neigement.<\/p>\n\n\n\n<p>Cot\u00e9 service, le Chalet du Chaussy assure deux fonctions principales. Il est un foyer de l\u2019Espace Nordique du Grand Coin. Pour b\u00e9n\u00e9ficier du plan des pistes et acheter vos forfaits, rendez-vous \u00e0 l\u2019accueil. Un pisteur-secouriste est en permanence au chalet en cas de besoin. Vous aurez \u00e9galement la possibilit\u00e9 de louer du mat\u00e9riel (skis classiques ou skating, chaussures, raquettes et luges). Des toilettes accessibles aux personnes \u00e0 mobilit\u00e9 r\u00e9duite sont \u00e0 disposition. Venez vous poser et faire le plein d\u2019\u00e9nergie sur la terrasse de l&rsquo;auberge du Chaussy juste \u00e0 c\u00f4t\u00e9 du foyer d&rsquo;accueil.<\/p>\n\n\n\n<figure class=\"wp-block-image size-large\"><img loading=\"lazy\" width=\"1200\" height=\"800\" data-src=\"https:\/\/www.montagnicimes.com\/le-grand-coin\/wp-content\/uploads\/sites\/6\/2022\/09\/FOYER-DACCUEIL-FOYER-DACCUEIL-DU-CHAUSSY-1200x800.jpg\" alt=\"le grand coin hiver ski de fond espace nordique location mat\u00e9riel foyer accueil chaussy\" class=\"wp-image-10124\" data-srcset=\"https:\/\/www.montagnicimes.com\/le-grand-coin\/wp-content\/uploads\/sites\/6\/2022\/09\/FOYER-DACCUEIL-FOYER-DACCUEIL-DU-CHAUSSY-1200x800.jpg 1200w, https:\/\/www.montagnicimes.com\/le-grand-coin\/wp-content\/uploads\/sites\/6\/2022\/09\/FOYER-DACCUEIL-FOYER-DACCUEIL-DU-CHAUSSY-600x400.jpg 600w, https:\/\/www.montagnicimes.com\/le-grand-coin\/wp-content\/uploads\/sites\/6\/2022\/09\/FOYER-DACCUEIL-FOYER-DACCUEIL-DU-CHAUSSY-768x512.jpg 768w, https:\/\/www.montagnicimes.com\/le-grand-coin\/wp-content\/uploads\/sites\/6\/2022\/09\/FOYER-DACCUEIL-FOYER-DACCUEIL-DU-CHAUSSY-1536x1024.jpg 1536w, https:\/\/www.montagnicimes.com\/le-grand-coin\/wp-content\/uploads\/sites\/6\/2022\/09\/FOYER-DACCUEIL-FOYER-DACCUEIL-DU-CHAUSSY-200x133.jpg 200w, https:\/\/www.montagnicimes.com\/le-grand-coin\/wp-content\/uploads\/sites\/6\/2022\/09\/FOYER-DACCUEIL-FOYER-DACCUEIL-DU-CHAUSSY.jpg 1920w\" sizes=\"(max-width: 1200px) 100vw, 1200px\" \/><\/figure>\n\n\n\n<h2>Le foyer de ski de fond de Bonvillard<\/h2>\n\n\n\n<p>Situ\u00e9 \u00e0 proximit\u00e9 de la petite commune de Montaimont, le foyer de ski de fond de Bonvillard vous accueille tous les jours pendant la saison hivernale de 10h \u00e0 17h. L\u2019acc\u00e8s se fera depuis La Chambre (sortie 26 \u2013 autoroute A43) par la route du col de la Madeleine. A 1&nbsp;355 m\u00e8tres d\u2019altitude, prenez le d\u00e9part des pistes de ski de fond et d\u2019itin\u00e9raires raquettes dans le hameau de Bonvillard. &nbsp;<\/p>\n\n\n\n<p>Le foyer est situ\u00e9 dans un b\u00e2timent communal am\u00e9nag\u00e9 en foyer de ski de fond chaleureux. Vous y trouverez un accueil, des toilettes, un parking, un service de boissons chaudes et une petite salle hors-sac pour se r\u00e9chauffer et se ressourcer au cours de votre journ\u00e9e en famille. Un pisteur-secouriste est \u00e9galement pr\u00e9sent.<\/p>\n\n\n\n<p>Il vous sera possible de louer des \u00e9quipements. Le foyer vous met \u00e0 disposition des skis classiques ou skating, des chaussures, des raquettes et des luges.<\/p>\n\n\n\n<p>A l\u2019accueil vous pourrez demander le plan des pistes et acheter vos forfaits de ski. Plusieurs solutions s\u2019offrent \u00e0 vous&nbsp;: forfait \u00e0 la journ\u00e9e, \u00e0 la semaine ou m\u00eame une carte abonnement \u00e0 la saison.<\/p>\n\n\n\n<figure class=\"wp-block-image size-large\"><img loading=\"lazy\" width=\"1200\" height=\"675\" data-src=\"https:\/\/www.montagnicimes.com\/le-grand-coin\/wp-content\/uploads\/sites\/6\/2021\/11\/Foyer-Bonvillard-1200x675.jpg\" alt=\"Foyer bonvillard\" class=\"wp-image-8166\" data-srcset=\"https:\/\/www.montagnicimes.com\/le-grand-coin\/wp-content\/uploads\/sites\/6\/2021\/11\/Foyer-Bonvillard-1200x675.jpg 1200w, https:\/\/www.montagnicimes.com\/le-grand-coin\/wp-content\/uploads\/sites\/6\/2021\/11\/Foyer-Bonvillard-600x338.jpg 600w, https:\/\/www.montagnicimes.com\/le-grand-coin\/wp-content\/uploads\/sites\/6\/2021\/11\/Foyer-Bonvillard-768x432.jpg 768w, https:\/\/www.montagnicimes.com\/le-grand-coin\/wp-content\/uploads\/sites\/6\/2021\/11\/Foyer-Bonvillard-1536x864.jpg 1536w, https:\/\/www.montagnicimes.com\/le-grand-coin\/wp-content\/uploads\/sites\/6\/2021\/11\/Foyer-Bonvillard-200x113.jpg 200w, https:\/\/www.montagnicimes.com\/le-grand-coin\/wp-content\/uploads\/sites\/6\/2021\/11\/Foyer-Bonvillard.jpg 1920w\" sizes=\"(max-width: 1200px) 100vw, 1200px\" \/><\/figure>\n","protected":false},"excerpt":{"rendered":"<p>Au c\u0153ur de la Savoie, en Maurienne, \u00e0 quelques kilom\u00e8tres de Saint-Fran\u00e7ois-Longchamp, le domaine nordique du Grand Coin vous ouvre ses portes Pour les amoureux du ski et de la marche nordique en for\u00eat, il sera un lieu id\u00e9al pour vous. Dans un cadre naturel pr\u00e9serv\u00e9, ce site familial vous accueillera dans l\u2019une de ces [&hellip;]<\/p>\n","protected":false},"author":1,"featured_media":10128,"parent":0,"menu_order":5,"comment_status":"closed","ping_status":"closed","template":"","meta":{"_relevanssi_hide_post":"","_relevanssi_pin_for_all":"","_relevanssi_pin_keywords":"","_relevanssi_unpin_keywords":"","_relevanssi_related_keywords":"","_relevanssi_related_include_ids":"","_relevanssi_related_exclude_ids":"","_relevanssi_related_no_append":"","_relevanssi_related_not_related":"","_relevanssi_related_posts":"493,489,491","_relevanssi_noindex_reason":""},"post_tag":[],"acf":[],"yoast_head":"<!-- This site is optimized with the Yoast SEO plugin v17.6 - https:\/\/yoast.com\/wordpress\/plugins\/seo\/ -->\n<meta name=\"description\" content=\"Au c\u0153ur de la Savoie, en Maurienne, \u00e0 quelques kilom\u00e8tres de Saint-Fran\u00e7ois-Longchamp, le domaine nordique du Grand Coin vous ouvre ses portes Pour les\" \/>\n<meta name=\"robots\" content=\"index, follow, max-snippet:-1, max-image-preview:large, max-video-preview:-1\" \/>\n<link rel=\"canonical\" href=\"https:\/\/www.montagnicimes.com\/le-grand-coin\/foyers-daccueil\/\" \/>\n<meta property=\"og:locale\" content=\"fr_FR\" \/>\n<meta property=\"og:type\" content=\"article\" \/>\n<meta property=\"og:title\" content=\"Foyers d&#039;accueil - Le Grand coin\" \/>\n<meta property=\"og:description\" content=\"Au c\u0153ur de la Savoie, en Maurienne, \u00e0 quelques kilom\u00e8tres de Saint-Fran\u00e7ois-Longchamp, le domaine nordique du Grand Coin vous ouvre ses portes Pour les\" \/>\n<meta property=\"og:url\" content=\"https:\/\/www.montagnicimes.com\/le-grand-coin\/foyers-daccueil\/\" \/>\n<meta property=\"og:site_name\" content=\"Le Grand coin\" \/>\n<meta property=\"article:modified_time\" content=\"2022-09-22T13:19:08+00:00\" \/>\n<meta property=\"og:image\" content=\"https:\/\/www.montagnicimes.com\/le-grand-coin\/wp-content\/uploads\/sites\/6\/2022\/09\/AUBERGE-DU-CHAUSSY-RESTAURANT.jpg\" \/>\n\t<meta property=\"og:image:width\" content=\"1920\" \/>\n\t<meta property=\"og:image:height\" content=\"1280\" \/>\n<meta name=\"twitter:card\" content=\"summary_large_image\" \/>\n<meta name=\"twitter:label1\" content=\"Dur\u00e9e de lecture estim\u00e9e\" \/>\n\t<meta name=\"twitter:data1\" content=\"3 minutes\" \/>\n<script type=\"application\/ld+json\" class=\"yoast-schema-graph\">{\"@context\":\"https:\/\/schema.org\",\"@graph\":[{\"@type\":\"WebSite\",\"@id\":\"https:\/\/www.montagnicimes.com\/le-grand-coin\/#website\",\"url\":\"https:\/\/www.montagnicimes.com\/le-grand-coin\/\",\"name\":\"Le Grand coin\",\"description\":\"Espace Nordique du Grand Coin\",\"potentialAction\":[{\"@type\":\"SearchAction\",\"target\":{\"@type\":\"EntryPoint\",\"urlTemplate\":\"https:\/\/www.montagnicimes.com\/le-grand-coin\/?s={search_term_string}\"},\"query-input\":\"required name=search_term_string\"}],\"inLanguage\":\"fr-FR\"},{\"@type\":\"ImageObject\",\"@id\":\"https:\/\/www.montagnicimes.com\/le-grand-coin\/foyers-daccueil\/#primaryimage\",\"inLanguage\":\"fr-FR\",\"url\":\"https:\/\/www.montagnicimes.com\/le-grand-coin\/wp-content\/uploads\/sites\/6\/2022\/09\/AUBERGE-DU-CHAUSSY-RESTAURANT.jpg\",\"contentUrl\":\"https:\/\/www.montagnicimes.com\/le-grand-coin\/wp-content\/uploads\/sites\/6\/2022\/09\/AUBERGE-DU-CHAUSSY-RESTAURANT.jpg\",\"width\":1920,\"height\":1280,\"caption\":\"le grand coin hiver ski de fond espace nordique foyer accueil chaussy auberge\"},{\"@type\":\"WebPage\",\"@id\":\"https:\/\/www.montagnicimes.com\/le-grand-coin\/foyers-daccueil\/#webpage\",\"url\":\"https:\/\/www.montagnicimes.com\/le-grand-coin\/foyers-daccueil\/\",\"name\":\"Foyers d'accueil - Le Grand coin\",\"isPartOf\":{\"@id\":\"https:\/\/www.montagnicimes.com\/le-grand-coin\/#website\"},\"primaryImageOfPage\":{\"@id\":\"https:\/\/www.montagnicimes.com\/le-grand-coin\/foyers-daccueil\/#primaryimage\"},\"datePublished\":\"2021-09-24T13:20:29+00:00\",\"dateModified\":\"2022-09-22T13:19:08+00:00\",\"description\":\"Au c\\u0153ur de la Savoie, en Maurienne, \\u00e0 quelques kilom\\u00e8tres de Saint-Fran\\u00e7ois-Longchamp, le domaine nordique du Grand Coin vous ouvre ses portes Pour les\",\"breadcrumb\":{\"@id\":\"https:\/\/www.montagnicimes.com\/le-grand-coin\/foyers-daccueil\/#breadcrumb\"},\"inLanguage\":\"fr-FR\",\"potentialAction\":[{\"@type\":\"ReadAction\",\"target\":[\"https:\/\/www.montagnicimes.com\/le-grand-coin\/foyers-daccueil\/\"]}]},{\"@type\":\"BreadcrumbList\",\"@id\":\"https:\/\/www.montagnicimes.com\/le-grand-coin\/foyers-daccueil\/#breadcrumb\",\"itemListElement\":[{\"@type\":\"ListItem\",\"position\":1,\"name\":\"Accueil\",\"item\":\"https:\/\/www.montagnicimes.com\/le-grand-coin\/\"},{\"@type\":\"ListItem\",\"position\":2,\"name\":\"Foyers d&rsquo;accueil\"}]}]}<\/script>\n<!-- \/ Yoast SEO plugin. -->","yoast_head_json":{"description":"Au c\u0153ur de la Savoie, en Maurienne, \u00e0 quelques kilom\u00e8tres de Saint-Fran\u00e7ois-Longchamp, le domaine nordique du Grand Coin vous ouvre ses portes Pour les","robots":{"index":"index","follow":"follow","max-snippet":"max-snippet:-1","max-image-preview":"max-image-preview:large","max-video-preview":"max-video-preview:-1"},"canonical":"https:\/\/www.montagnicimes.com\/le-grand-coin\/foyers-daccueil\/","og_locale":"fr_FR","og_type":"article","og_title":"Foyers d'accueil - Le Grand coin","og_description":"Au c\u0153ur de la Savoie, en Maurienne, \u00e0 quelques kilom\u00e8tres de Saint-Fran\u00e7ois-Longchamp, le domaine nordique du Grand Coin vous ouvre ses portes Pour les","og_url":"https:\/\/www.montagnicimes.com\/le-grand-coin\/foyers-daccueil\/","og_site_name":"Le Grand coin","article_modified_time":"2022-09-22T13:19:08+00:00","og_image":[{"width":1920,"height":1280,"url":"https:\/\/www.montagnicimes.com\/le-grand-coin\/wp-content\/uploads\/sites\/6\/2022\/09\/AUBERGE-DU-CHAUSSY-RESTAURANT.jpg","type":"image\/jpeg"}],"twitter_card":"summary_large_image","twitter_misc":{"Dur\u00e9e de lecture estim\u00e9e":"3 minutes"},"schema":{"@context":"https:\/\/schema.org","@graph":[{"@type":"WebSite","@id":"https:\/\/www.montagnicimes.com\/le-grand-coin\/#website","url":"https:\/\/www.montagnicimes.com\/le-grand-coin\/","name":"Le Grand coin","description":"Espace Nordique du Grand Coin","potentialAction":[{"@type":"SearchAction","target":{"@type":"EntryPoint","urlTemplate":"https:\/\/www.montagnicimes.com\/le-grand-coin\/?s={search_term_string}"},"query-input":"required name=search_term_string"}],"inLanguage":"fr-FR"},{"@type":"ImageObject","@id":"https:\/\/www.montagnicimes.com\/le-grand-coin\/foyers-daccueil\/#primaryimage","inLanguage":"fr-FR","url":"https:\/\/www.montagnicimes.com\/le-grand-coin\/wp-content\/uploads\/sites\/6\/2022\/09\/AUBERGE-DU-CHAUSSY-RESTAURANT.jpg","contentUrl":"https:\/\/www.montagnicimes.com\/le-grand-coin\/wp-content\/uploads\/sites\/6\/2022\/09\/AUBERGE-DU-CHAUSSY-RESTAURANT.jpg","width":1920,"height":1280,"caption":"le grand coin hiver ski de fond espace nordique foyer accueil chaussy auberge"},{"@type":"WebPage","@id":"https:\/\/www.montagnicimes.com\/le-grand-coin\/foyers-daccueil\/#webpage","url":"https:\/\/www.montagnicimes.com\/le-grand-coin\/foyers-daccueil\/","name":"Foyers d'accueil - Le Grand coin","isPartOf":{"@id":"https:\/\/www.montagnicimes.com\/le-grand-coin\/#website"},"primaryImageOfPage":{"@id":"https:\/\/www.montagnicimes.com\/le-grand-coin\/foyers-daccueil\/#primaryimage"},"datePublished":"2021-09-24T13:20:29+00:00","dateModified":"2022-09-22T13:19:08+00:00","description":"Au c\u0153ur de la Savoie, en Maurienne, \u00e0 quelques kilom\u00e8tres de Saint-Fran\u00e7ois-Longchamp, le domaine nordique du Grand Coin vous ouvre ses portes Pour les","breadcrumb":{"@id":"https:\/\/www.montagnicimes.com\/le-grand-coin\/foyers-daccueil\/#breadcrumb"},"inLanguage":"fr-FR","potentialAction":[{"@type":"ReadAction","target":["https:\/\/www.montagnicimes.com\/le-grand-coin\/foyers-daccueil\/"]}]},{"@type":"BreadcrumbList","@id":"https:\/\/www.montagnicimes.com\/le-grand-coin\/foyers-daccueil\/#breadcrumb","itemListElement":[{"@type":"ListItem","position":1,"name":"Accueil","item":"https:\/\/www.montagnicimes.com\/le-grand-coin\/"},{"@type":"ListItem","position":2,"name":"Foyers d&rsquo;accueil"}]}]}},"_links":{"self":[{"href":"https:\/\/www.montagnicimes.com\/le-grand-coin\/wp-json\/wp\/v2\/pages\/7583"}],"collection":[{"href":"https:\/\/www.montagnicimes.com\/le-grand-coin\/wp-json\/wp\/v2\/pages"}],"about":[{"href":"https:\/\/www.montagnicimes.com\/le-grand-coin\/wp-json\/wp\/v2\/types\/page"}],"author":[{"embeddable":true,"href":"https:\/\/www.montagnicimes.com\/le-grand-coin\/wp-json\/wp\/v2\/users\/1"}],"replies":[{"embeddable":true,"href":"https:\/\/www.montagnicimes.com\/le-grand-coin\/wp-json\/wp\/v2\/comments?post=7583"}],"version-history":[{"count":17,"href":"https:\/\/www.montagnicimes.com\/le-grand-coin\/wp-json\/wp\/v2\/pages\/7583\/revisions"}],"predecessor-version":[{"id":10136,"href":"https:\/\/www.montagnicimes.com\/le-grand-coin\/wp-json\/wp\/v2\/pages\/7583\/revisions\/10136"}],"wp:featuredmedia":[{"embeddable":true,"href":"https:\/\/www.montagnicimes.com\/le-grand-coin\/wp-json\/wp\/v2\/media\/10128"}],"wp:attachment":[{"href":"https:\/\/www.montagnicimes.com\/le-grand-coin\/wp-json\/wp\/v2\/media?parent=7583"}],"wp:term":[{"taxonomy":"post_tag","embeddable":true,"href":"https:\/\/www.montagnicimes.com\/le-grand-coin\/wp-json\/wp\/v2\/post_tag?post=7583"}],"curies":[{"name":"wp","href":"https:\/\/api.w.org\/{rel}","templated":true}]}}