{"id":7574,"date":"2021-09-24T15:20:21","date_gmt":"2021-09-24T13:20:21","guid":{"rendered":"https:\/\/www.montagnicimes.com\/le-grand-coin\/ski-de-fond\/"},"modified":"2025-10-27T09:32:00","modified_gmt":"2025-10-27T08:32:00","slug":"ski-de-fond-biathlon","status":"publish","type":"page","link":"https:\/\/www.montagnicimes.com\/le-grand-coin\/se-divertir\/ski-de-fond-biathlon\/","title":{"rendered":"Ski de fond | Biathlon"},"content":{"rendered":"\n<p class=\"is-style-excerpt\">Laissez les skis alpins \u00e0 la maison et venez d\u00e9couvrir le ski de fond. D\u00e9butants ou confirm\u00e9s, le Grand Coin aura de quoi vous occuper. Vous pourrez m\u00eame jouer les Martin Fourcade en vous initiant au biathlon.<\/p>\n\n\n\n<div class=\"wp-block-image\"><figure class=\"aligncenter size-full is-resized\"><img loading=\"lazy\" data-src=\"https:\/\/www.montagnicimes.com\/le-grand-coin\/wp-content\/uploads\/sites\/6\/2021\/11\/logo.png\" alt=\"log grand coin\" class=\"wp-image-8906\" width=\"267\" height=\"267\" data-srcset=\"https:\/\/www.montagnicimes.com\/le-grand-coin\/wp-content\/uploads\/sites\/6\/2021\/11\/logo.png 489w, https:\/\/www.montagnicimes.com\/le-grand-coin\/wp-content\/uploads\/sites\/6\/2021\/11\/logo-300x300.png 300w, https:\/\/www.montagnicimes.com\/le-grand-coin\/wp-content\/uploads\/sites\/6\/2021\/11\/logo-200x200.png 200w\" sizes=\"(max-width: 267px) 100vw, 267px\" \/><\/figure><\/div>\n\n\n\n<div class=\"wp-block-buttons is-content-justification-center\">\n<div class=\"wp-block-button\"><a class=\"wp-block-button__link\" href=\"https:\/\/static.apidae-tourisme.com\/filestore\/objets-touristiques\/plans\/42\/87\/10704682\/Plan-des-pistes-Espace-Nordique-du-Grand-Coin-1920.jpg\" target=\"_blank\" rel=\"noreferrer noopener\">Retrouvez le plan des pistes<\/a><\/div>\n<\/div>\n\n\n\n<h2>Le Grand Coin<\/h2>\n\n\n\n<p>Avec un d\u00e9part des pistes \u00e0 1&nbsp;355 m\u00e8tres d\u2019altitude et un \u00e0 1&nbsp;533 m\u00e8tres, c\u2019est une vue exceptionnelle \u00e0 360 degr\u00e9s accessible \u00e0 tous qui vous attend. Alors ouvrez grand les yeux et profitez.<\/p>\n\n\n\n<p>Plein sud, vous pourrez admirez les c\u00e9l\u00e8bres Aiguilles d\u2019Arves. En bonus, un panorama grandiose s\u2019offre \u00e0 vous sur la vall\u00e9e de la Maurienne et ses massifs montagneux environnants (Belledonne, les Ecrins, le glacier de l\u2019Etendard). Que demander de mieux pour passer un s\u00e9jour inoubliable&nbsp;?<\/p>\n\n\n\n<p>De d\u00e9cembre \u00e0 mars, loin de l\u2019effervescence de la station de Saint-Fran\u00e7ois Longchamp, le domaine nordique est un lieu unique rempli de douceur et de tranquillit\u00e9. &nbsp;Le caract\u00e8re sauvage de la nature qui vous entoure vous ressourcera comme nulle part ailleurs&nbsp;! D\u00e9compression, apaisement et tranquillit\u00e9 assur\u00e9s.<\/p>\n\n\n\n<figure class=\"wp-block-image size-full is-style-default\"><img loading=\"lazy\" width=\"1200\" height=\"600\" data-src=\"https:\/\/www.montagnicimes.com\/le-grand-coin\/wp-content\/uploads\/sites\/6\/2021\/10\/accueil-2.jpg\" alt=\"paysage grand coin\" class=\"wp-image-7693\" data-srcset=\"https:\/\/www.montagnicimes.com\/le-grand-coin\/wp-content\/uploads\/sites\/6\/2021\/10\/accueil-2.jpg 1200w, https:\/\/www.montagnicimes.com\/le-grand-coin\/wp-content\/uploads\/sites\/6\/2021\/10\/accueil-2-600x300.jpg 600w, https:\/\/www.montagnicimes.com\/le-grand-coin\/wp-content\/uploads\/sites\/6\/2021\/10\/accueil-2-768x384.jpg 768w, https:\/\/www.montagnicimes.com\/le-grand-coin\/wp-content\/uploads\/sites\/6\/2021\/10\/accueil-2-200x100.jpg 200w\" sizes=\"(max-width: 1200px) 100vw, 1200px\" \/><\/figure>\n\n\n\n<h2>Domaine nordique et ski de fond<\/h2>\n\n\n\n<p>Sur un domaine de 70 kilom\u00e8tres de pistes tout niveau, de nombreuses activit\u00e9s sont propos\u00e9es. Vous aurez la possibilit\u00e9 de vous initier et de pratiquer le ski de fond dans toutes ses d\u00e9clinaisons dans un site alpin d\u2019exception. Au programme&nbsp;: ski de fond classique, skating, biathlon et m\u00eame randonn\u00e9es raquettes.&nbsp;<\/p>\n\n\n\n<p>Les pistes de ski de fond qui serpentent au milieu des for\u00eats de sapins permettent de relier des hameaux typiques et authentiques qui font la fiert\u00e9 de la Savoie.<\/p>\n\n\n\n<p>Les d\u00e9parts se font au col du Chaussy ou au village de Bonvillard. En glissant sur les 12 pistes qui vous sont propos\u00e9s, vous d\u00e9couvrirez un espace qui ne finira pas de vous \u00e9merveiller. Que ce soit sur la boucle verte d\u2019initiation ou la piste noire Le Grand Tour, tout le monde y trouvera son compte.<\/p>\n\n\n\n<p>Plusieurs itin\u00e9raires sont disponibles. N\u2019h\u00e9sitez pas \u00e0 vous rendre \u00e0 l\u2019accueil de l\u2019un des deux foyers du domaine du Grand Coin (Chaussy et Bonvillard), l\u2019\u00e9quipe sera ravie de vous conseiller sur les pistes \u00e0 prendre suivant votre niveau et vos envies et de vous fournir un plan. Vous y trouverez des itin\u00e9raires boucle, aller simple ou aller-retour.<\/p>\n\n\n\n<div class=\"wp-block-buttons is-content-justification-center\">\n<div class=\"wp-block-button is-style-download\"><a class=\"wp-block-button__link\" href=\"https:\/\/static.apidae-tourisme.com\/filestore\/objets-touristiques\/plans\/42\/87\/10704682\/Plan-des-pistes-Espace-Nordique-du-Grand-Coin-1920.jpg\" target=\"_blank\" rel=\"noreferrer noopener\">T\u00e9l\u00e9charger le plan des pistes<\/a><\/div>\n<\/div>\n\n\n\n<p class=\"has-text-align-center\"><em>Document disponible gratuitement aux foyers d&rsquo;accueil et aupr\u00e8s de Montagnicimes<\/em><\/p>\n\n\n\n<h2 class=\"has-text-align-center\">En pratique<\/h2>\n\n\n\n<p>Ouvert de d\u00e9cembre \u00e0 mars (sous r\u00e9serve des conditions<a href=\"https:\/\/www.montagnicimes.com\/le-grand-coin\/webcam\/\"> m\u00e9t\u00e9os et d&rsquo;enneigement<\/a>)<\/p>\n\n\n\n<p>Webcam \/ M\u00e9t\u00e9o \/ Ouvertures des pistes sur <a href=\"https:\/\/www.montagnicimes.com\/le-grand-coin\/webcam\/\">cette page<\/a>.<\/p>\n\n\n\n<p>Horaires : 10h &#8211; 17h &#8211; 7j \/ 7<\/p>\n\n\n\n<p>Location de mat\u00e9riel (skis, luges et raquettes). <a href=\"https:\/\/www.montagnicimes.com\/le-grand-coin\/foyers-daccueil\/location-materiel\/\">Voir les tarifs.<\/a><\/p>\n\n\n\n<p>Forfait \u00e0 acheter sur place. <a href=\"https:\/\/www.montagnicimes.com\/le-grand-coin\/foyers-daccueil\/forfaits\/\">Voir les tarifs.<\/a><\/p>\n\n\n\n<figure class=\"wp-block-image size-full is-style-default\"><img loading=\"lazy\" width=\"1200\" height=\"800\" data-src=\"https:\/\/www.montagnicimes.com\/le-grand-coin\/wp-content\/uploads\/sites\/6\/2021\/10\/Ski-de-fond-\u00a9MYSFL.jpg\" alt=\"Ski de fond couple grand coin\" class=\"wp-image-7687\" data-srcset=\"https:\/\/www.montagnicimes.com\/le-grand-coin\/wp-content\/uploads\/sites\/6\/2021\/10\/Ski-de-fond-\u00a9MYSFL.jpg 1200w, https:\/\/www.montagnicimes.com\/le-grand-coin\/wp-content\/uploads\/sites\/6\/2021\/10\/Ski-de-fond-\u00a9MYSFL-600x400.jpg 600w, https:\/\/www.montagnicimes.com\/le-grand-coin\/wp-content\/uploads\/sites\/6\/2021\/10\/Ski-de-fond-\u00a9MYSFL-768x512.jpg 768w, https:\/\/www.montagnicimes.com\/le-grand-coin\/wp-content\/uploads\/sites\/6\/2021\/10\/Ski-de-fond-\u00a9MYSFL-200x133.jpg 200w\" sizes=\"(max-width: 1200px) 100vw, 1200px\" \/><\/figure>\n\n\n\n<h2>Les Petits Fondeurs du Grand Coin<\/h2>\n\n\n\n<p>Vous pourrez retrouver sur l\u2019Espace Nordique du Grand Coin l\u2019association Les petits Fondeurs du Grand Coin. Cette association a pour objectif d\u2019initier des jeunes \u00e0 la pratique du ski de fond et au biathlon, sur le magnifique site de ski nordique.<\/p>\n\n\n\n<p>Au col du Chaussy, Les Petits Fondeurs du Grand Coin proposent des cours collectifs de ski de fond et de biathlon chaque dimanche pour les enfants (d\u00e8s 5 ans). Sport et bonne humeur garantis&nbsp;!<\/p>\n\n\n\n<p>L\u2019inscription aux cours se fait uniquement pour la saison compl\u00e8te. Toutefois, si vous souhaitez participer \u00e0 une seule session, veuillez contacter la monitrice Marine TETAZ. Retrouvez plus d\u2019informations sur la <a href=\"https:\/\/www.facebook.com\/profile.php?id=100063360691178\" target=\"_blank\" rel=\"noreferrer noopener\">page Facebook Les Petits Fondeurs du Grand Coin<\/a>.<\/p>\n\n\n\n<figure class=\"wp-block-video\"><video controls src=\"https:\/\/www.montagnicimes.com\/le-grand-coin\/wp-content\/uploads\/sites\/6\/2023\/11\/Les-petits-fondeurs-1.mp4\"><\/video><figcaption>Images : \u00a9SavoieNordic et \u00a9GomeraProduction  |  Montage : \u00a9OtiMontagnicimes<\/figcaption><\/figure>\n\n\n\n<div class=\"wp-block-image\"><figure class=\"aligncenter size-large is-resized\"><img loading=\"lazy\" data-src=\"https:\/\/www.montagnicimes.com\/le-grand-coin\/wp-content\/uploads\/sites\/6\/2022\/11\/Logo-petits-fondeurs-fondtrans-1083x1200.png\" alt=\"Logo petits fondeurs-fondtrans\" class=\"wp-image-10415\" width=\"168\" height=\"186\" data-srcset=\"https:\/\/www.montagnicimes.com\/le-grand-coin\/wp-content\/uploads\/sites\/6\/2022\/11\/Logo-petits-fondeurs-fondtrans-1083x1200.png 1083w, https:\/\/www.montagnicimes.com\/le-grand-coin\/wp-content\/uploads\/sites\/6\/2022\/11\/Logo-petits-fondeurs-fondtrans-541x600.png 541w, https:\/\/www.montagnicimes.com\/le-grand-coin\/wp-content\/uploads\/sites\/6\/2022\/11\/Logo-petits-fondeurs-fondtrans-768x851.png 768w, https:\/\/www.montagnicimes.com\/le-grand-coin\/wp-content\/uploads\/sites\/6\/2022\/11\/Logo-petits-fondeurs-fondtrans-1386x1536.png 1386w, https:\/\/www.montagnicimes.com\/le-grand-coin\/wp-content\/uploads\/sites\/6\/2022\/11\/Logo-petits-fondeurs-fondtrans-1848x2048.png 1848w, https:\/\/www.montagnicimes.com\/le-grand-coin\/wp-content\/uploads\/sites\/6\/2022\/11\/Logo-petits-fondeurs-fondtrans-200x222.png 200w\" sizes=\"(max-width: 168px) 100vw, 168px\" \/><\/figure><\/div>\n\n\n\n<div class=\"wp-block-buttons is-content-justification-center\">\n<div class=\"wp-block-button\"><a class=\"wp-block-button__link\" href=\"https:\/\/www.facebook.com\/profile.php?id=100063360691178\" target=\"_blank\" rel=\"noreferrer noopener\">Retrouvez l&rsquo;actualit\u00e9 des petits fondeurs sur facebook<\/a><\/div>\n<\/div>\n\n\n<div class=\"wp-block wp-block-highlight\">\n            <h3 class=\"wp-block-highlight-item wp-block-highlight-title\">En hiver, les animaux sont toujours l\u00e0.<\/h3>\n                <p class=\"wp-block-highlight-item wp-block-highlight-excerpt\"><strong>ATTENTION ! <\/strong>Les pistes de ski de fond sillonnent les for\u00eats de sapins. Des petits animaux vivent ici. Le T\u00e9tras Lyre, \u00e9galement appel\u00e9 petit coq de bruy\u00e8re, est en hivernation. Cette esp\u00e8ce d\u2019oiseau, symbole des Alpes europ\u00e9ennes, est vuln\u00e9rable. Elle s\u2019enfouit dans la neige pendant une partie de l\u2019hiver et ne sort que pour s\u2019alimenter. Le T\u00e9tras Lyre peut \u00eatre particuli\u00e8rement d\u00e9rang\u00e9 et affaibli par le passage des randonneurs et skieurs. Afin de limiter son d\u00e9rangement et pour une meilleure cohabitation, merci de ne pas sortir des itin\u00e9raires balis\u00e9s et de rester discret.<\/p>\n    <\/div>","protected":false},"excerpt":{"rendered":"<p>Laissez les skis alpins \u00e0 la maison et venez d\u00e9couvrir le ski de fond. D\u00e9butants ou confirm\u00e9s, le Grand Coin aura de quoi vous occuper. Vous pourrez m\u00eame jouer les Martin Fourcade en vous initiant au biathlon. Le Grand Coin Avec un d\u00e9part des pistes \u00e0 1&nbsp;355 m\u00e8tres d\u2019altitude et un \u00e0 1&nbsp;533 m\u00e8tres, c\u2019est [&hellip;]<\/p>\n","protected":false},"author":1,"featured_media":7687,"parent":7573,"menu_order":0,"comment_status":"closed","ping_status":"closed","template":"","meta":{"_relevanssi_hide_post":"","_relevanssi_pin_for_all":"","_relevanssi_pin_keywords":"","_relevanssi_unpin_keywords":"","_relevanssi_related_keywords":"","_relevanssi_related_include_ids":"","_relevanssi_related_exclude_ids":"","_relevanssi_related_no_append":"","_relevanssi_related_not_related":"","_relevanssi_related_posts":"493,489,491","_relevanssi_noindex_reason":""},"post_tag":[],"acf":[],"yoast_head":"<!-- This site is optimized with the Yoast SEO plugin v17.6 - https:\/\/yoast.com\/wordpress\/plugins\/seo\/ -->\n<meta name=\"description\" content=\"Laissez les skis alpins \u00e0 la maison et venez d\u00e9couvrir le ski de fond. D\u00e9butants ou confirm\u00e9s, le Grand Coin aura de quoi vous occuper. Vous pourrez m\u00eame\" \/>\n<meta name=\"robots\" content=\"index, follow, max-snippet:-1, max-image-preview:large, max-video-preview:-1\" \/>\n<link rel=\"canonical\" href=\"https:\/\/www.montagnicimes.com\/le-grand-coin\/se-divertir\/ski-de-fond-biathlon\/\" \/>\n<meta property=\"og:locale\" content=\"fr_FR\" \/>\n<meta property=\"og:type\" content=\"article\" \/>\n<meta property=\"og:title\" content=\"Ski de fond et Biathlon au Grand Coin - Le Grand coin\" \/>\n<meta property=\"og:description\" content=\"Laissez les skis alpins \u00e0 la maison et venez d\u00e9couvrir le ski de fond. D\u00e9butants ou confirm\u00e9s, le Grand Coin aura de quoi vous occuper. Vous pourrez m\u00eame\" \/>\n<meta property=\"og:url\" content=\"https:\/\/www.montagnicimes.com\/le-grand-coin\/se-divertir\/ski-de-fond-biathlon\/\" \/>\n<meta property=\"og:site_name\" content=\"Le Grand coin\" \/>\n<meta property=\"article:modified_time\" content=\"2025-10-27T08:32:00+00:00\" \/>\n<meta property=\"og:image\" content=\"https:\/\/www.montagnicimes.com\/le-grand-coin\/wp-content\/uploads\/sites\/6\/2021\/10\/Ski-de-fond-\u00a9MYSFL.jpg\" \/>\n\t<meta property=\"og:image:width\" content=\"1200\" \/>\n\t<meta property=\"og:image:height\" content=\"800\" \/>\n<meta name=\"twitter:card\" content=\"summary_large_image\" \/>\n<meta name=\"twitter:label1\" content=\"Dur\u00e9e de lecture estim\u00e9e\" \/>\n\t<meta name=\"twitter:data1\" content=\"4 minutes\" \/>\n<script type=\"application\/ld+json\" class=\"yoast-schema-graph\">{\"@context\":\"https:\/\/schema.org\",\"@graph\":[{\"@type\":\"WebSite\",\"@id\":\"https:\/\/www.montagnicimes.com\/le-grand-coin\/#website\",\"url\":\"https:\/\/www.montagnicimes.com\/le-grand-coin\/\",\"name\":\"Le Grand coin\",\"description\":\"Espace Nordique du Grand Coin\",\"potentialAction\":[{\"@type\":\"SearchAction\",\"target\":{\"@type\":\"EntryPoint\",\"urlTemplate\":\"https:\/\/www.montagnicimes.com\/le-grand-coin\/?s={search_term_string}\"},\"query-input\":\"required name=search_term_string\"}],\"inLanguage\":\"fr-FR\"},{\"@type\":\"ImageObject\",\"@id\":\"https:\/\/www.montagnicimes.com\/le-grand-coin\/se-divertir\/ski-de-fond-biathlon\/#primaryimage\",\"inLanguage\":\"fr-FR\",\"url\":\"https:\/\/www.montagnicimes.com\/le-grand-coin\/wp-content\/uploads\/sites\/6\/2021\/10\/Ski-de-fond-\\u00a9MYSFL.jpg\",\"contentUrl\":\"https:\/\/www.montagnicimes.com\/le-grand-coin\/wp-content\/uploads\/sites\/6\/2021\/10\/Ski-de-fond-\\u00a9MYSFL.jpg\",\"width\":1200,\"height\":800,\"caption\":\"Ski de fond couple grand coin\"},{\"@type\":\"WebPage\",\"@id\":\"https:\/\/www.montagnicimes.com\/le-grand-coin\/se-divertir\/ski-de-fond-biathlon\/#webpage\",\"url\":\"https:\/\/www.montagnicimes.com\/le-grand-coin\/se-divertir\/ski-de-fond-biathlon\/\",\"name\":\"Ski de fond et Biathlon au Grand Coin - Le Grand coin\",\"isPartOf\":{\"@id\":\"https:\/\/www.montagnicimes.com\/le-grand-coin\/#website\"},\"primaryImageOfPage\":{\"@id\":\"https:\/\/www.montagnicimes.com\/le-grand-coin\/se-divertir\/ski-de-fond-biathlon\/#primaryimage\"},\"datePublished\":\"2021-09-24T13:20:21+00:00\",\"dateModified\":\"2025-10-27T08:32:00+00:00\",\"description\":\"Laissez les skis alpins \\u00e0 la maison et venez d\\u00e9couvrir le ski de fond. D\\u00e9butants ou confirm\\u00e9s, le Grand Coin aura de quoi vous occuper. Vous pourrez m\\u00eame\",\"breadcrumb\":{\"@id\":\"https:\/\/www.montagnicimes.com\/le-grand-coin\/se-divertir\/ski-de-fond-biathlon\/#breadcrumb\"},\"inLanguage\":\"fr-FR\",\"potentialAction\":[{\"@type\":\"ReadAction\",\"target\":[\"https:\/\/www.montagnicimes.com\/le-grand-coin\/se-divertir\/ski-de-fond-biathlon\/\"]}]},{\"@type\":\"BreadcrumbList\",\"@id\":\"https:\/\/www.montagnicimes.com\/le-grand-coin\/se-divertir\/ski-de-fond-biathlon\/#breadcrumb\",\"itemListElement\":[{\"@type\":\"ListItem\",\"position\":1,\"name\":\"Accueil\",\"item\":\"https:\/\/www.montagnicimes.com\/le-grand-coin\/\"},{\"@type\":\"ListItem\",\"position\":2,\"name\":\"Se divertir\",\"item\":\"https:\/\/www.montagnicimes.com\/le-grand-coin\/se-divertir\/\"},{\"@type\":\"ListItem\",\"position\":3,\"name\":\"Ski de fond | Biathlon\"}]}]}<\/script>\n<!-- \/ Yoast SEO plugin. -->","yoast_head_json":{"description":"Laissez les skis alpins \u00e0 la maison et venez d\u00e9couvrir le ski de fond. D\u00e9butants ou confirm\u00e9s, le Grand Coin aura de quoi vous occuper. Vous pourrez m\u00eame","robots":{"index":"index","follow":"follow","max-snippet":"max-snippet:-1","max-image-preview":"max-image-preview:large","max-video-preview":"max-video-preview:-1"},"canonical":"https:\/\/www.montagnicimes.com\/le-grand-coin\/se-divertir\/ski-de-fond-biathlon\/","og_locale":"fr_FR","og_type":"article","og_title":"Ski de fond et Biathlon au Grand Coin - Le Grand coin","og_description":"Laissez les skis alpins \u00e0 la maison et venez d\u00e9couvrir le ski de fond. D\u00e9butants ou confirm\u00e9s, le Grand Coin aura de quoi vous occuper. Vous pourrez m\u00eame","og_url":"https:\/\/www.montagnicimes.com\/le-grand-coin\/se-divertir\/ski-de-fond-biathlon\/","og_site_name":"Le Grand coin","article_modified_time":"2025-10-27T08:32:00+00:00","og_image":[{"width":1200,"height":800,"url":"https:\/\/www.montagnicimes.com\/le-grand-coin\/wp-content\/uploads\/sites\/6\/2021\/10\/Ski-de-fond-\u00a9MYSFL.jpg","type":"image\/jpeg"}],"twitter_card":"summary_large_image","twitter_misc":{"Dur\u00e9e de lecture estim\u00e9e":"4 minutes"},"schema":{"@context":"https:\/\/schema.org","@graph":[{"@type":"WebSite","@id":"https:\/\/www.montagnicimes.com\/le-grand-coin\/#website","url":"https:\/\/www.montagnicimes.com\/le-grand-coin\/","name":"Le Grand coin","description":"Espace Nordique du Grand Coin","potentialAction":[{"@type":"SearchAction","target":{"@type":"EntryPoint","urlTemplate":"https:\/\/www.montagnicimes.com\/le-grand-coin\/?s={search_term_string}"},"query-input":"required name=search_term_string"}],"inLanguage":"fr-FR"},{"@type":"ImageObject","@id":"https:\/\/www.montagnicimes.com\/le-grand-coin\/se-divertir\/ski-de-fond-biathlon\/#primaryimage","inLanguage":"fr-FR","url":"https:\/\/www.montagnicimes.com\/le-grand-coin\/wp-content\/uploads\/sites\/6\/2021\/10\/Ski-de-fond-\u00a9MYSFL.jpg","contentUrl":"https:\/\/www.montagnicimes.com\/le-grand-coin\/wp-content\/uploads\/sites\/6\/2021\/10\/Ski-de-fond-\u00a9MYSFL.jpg","width":1200,"height":800,"caption":"Ski de fond couple grand coin"},{"@type":"WebPage","@id":"https:\/\/www.montagnicimes.com\/le-grand-coin\/se-divertir\/ski-de-fond-biathlon\/#webpage","url":"https:\/\/www.montagnicimes.com\/le-grand-coin\/se-divertir\/ski-de-fond-biathlon\/","name":"Ski de fond et Biathlon au Grand Coin - Le Grand coin","isPartOf":{"@id":"https:\/\/www.montagnicimes.com\/le-grand-coin\/#website"},"primaryImageOfPage":{"@id":"https:\/\/www.montagnicimes.com\/le-grand-coin\/se-divertir\/ski-de-fond-biathlon\/#primaryimage"},"datePublished":"2021-09-24T13:20:21+00:00","dateModified":"2025-10-27T08:32:00+00:00","description":"Laissez les skis alpins \u00e0 la maison et venez d\u00e9couvrir le ski de fond. D\u00e9butants ou confirm\u00e9s, le Grand Coin aura de quoi vous occuper. Vous pourrez m\u00eame","breadcrumb":{"@id":"https:\/\/www.montagnicimes.com\/le-grand-coin\/se-divertir\/ski-de-fond-biathlon\/#breadcrumb"},"inLanguage":"fr-FR","potentialAction":[{"@type":"ReadAction","target":["https:\/\/www.montagnicimes.com\/le-grand-coin\/se-divertir\/ski-de-fond-biathlon\/"]}]},{"@type":"BreadcrumbList","@id":"https:\/\/www.montagnicimes.com\/le-grand-coin\/se-divertir\/ski-de-fond-biathlon\/#breadcrumb","itemListElement":[{"@type":"ListItem","position":1,"name":"Accueil","item":"https:\/\/www.montagnicimes.com\/le-grand-coin\/"},{"@type":"ListItem","position":2,"name":"Se divertir","item":"https:\/\/www.montagnicimes.com\/le-grand-coin\/se-divertir\/"},{"@type":"ListItem","position":3,"name":"Ski de fond | Biathlon"}]}]}},"_links":{"self":[{"href":"https:\/\/www.montagnicimes.com\/le-grand-coin\/wp-json\/wp\/v2\/pages\/7574"}],"collection":[{"href":"https:\/\/www.montagnicimes.com\/le-grand-coin\/wp-json\/wp\/v2\/pages"}],"about":[{"href":"https:\/\/www.montagnicimes.com\/le-grand-coin\/wp-json\/wp\/v2\/types\/page"}],"author":[{"embeddable":true,"href":"https:\/\/www.montagnicimes.com\/le-grand-coin\/wp-json\/wp\/v2\/users\/1"}],"replies":[{"embeddable":true,"href":"https:\/\/www.montagnicimes.com\/le-grand-coin\/wp-json\/wp\/v2\/comments?post=7574"}],"version-history":[{"count":25,"href":"https:\/\/www.montagnicimes.com\/le-grand-coin\/wp-json\/wp\/v2\/pages\/7574\/revisions"}],"predecessor-version":[{"id":14335,"href":"https:\/\/www.montagnicimes.com\/le-grand-coin\/wp-json\/wp\/v2\/pages\/7574\/revisions\/14335"}],"up":[{"embeddable":true,"href":"https:\/\/www.montagnicimes.com\/le-grand-coin\/wp-json\/wp\/v2\/pages\/7573"}],"wp:featuredmedia":[{"embeddable":true,"href":"https:\/\/www.montagnicimes.com\/le-grand-coin\/wp-json\/wp\/v2\/media\/7687"}],"wp:attachment":[{"href":"https:\/\/www.montagnicimes.com\/le-grand-coin\/wp-json\/wp\/v2\/media?parent=7574"}],"wp:term":[{"taxonomy":"post_tag","embeddable":true,"href":"https:\/\/www.montagnicimes.com\/le-grand-coin\/wp-json\/wp\/v2\/post_tag?post=7574"}],"curies":[{"name":"wp","href":"https:\/\/api.w.org\/{rel}","templated":true}]}}