{"id":57,"date":"2021-09-24T10:03:25","date_gmt":"2021-09-24T09:03:25","guid":{"rendered":"https:\/\/www.montagnicimes.com\/le-grand-coin\/accueil\/"},"modified":"2024-08-28T10:30:36","modified_gmt":"2024-08-28T08:30:36","slug":"accueil","status":"publish","type":"page","link":"https:\/\/www.montagnicimes.com\/le-grand-coin\/","title":{"rendered":"Accueil"},"content":{"rendered":"","protected":false},"excerpt":{"rendered":"","protected":false},"author":1,"featured_media":0,"parent":0,"menu_order":0,"comment_status":"closed","ping_status":"closed","template":"","meta":{"_relevanssi_hide_post":"","_relevanssi_pin_for_all":"","_relevanssi_pin_keywords":"","_relevanssi_unpin_keywords":"","_relevanssi_related_keywords":"","_relevanssi_related_include_ids":"","_relevanssi_related_exclude_ids":"","_relevanssi_related_no_append":"","_relevanssi_related_not_related":"","_relevanssi_related_posts":"","_relevanssi_noindex_reason":""},"post_tag":[],"acf":[],"yoast_head":"<!-- This site is optimized with the Yoast SEO plugin v17.6 - https:\/\/yoast.com\/wordpress\/plugins\/seo\/ -->\n<meta name=\"description\" content=\"Situ\u00e9 \u00e0 1300 m\u00e8tres d&#039;altitude au c\u0153ur de la for\u00eat, une multitude d&#039;activit\u00e9s vous sont propos\u00e9es : ski de fond, skating, luge, raquette, biathlon, ski de randonn\u00e9e, etc.\" \/>\n<meta name=\"robots\" content=\"index, follow, max-snippet:-1, max-image-preview:large, max-video-preview:-1\" \/>\n<link rel=\"canonical\" href=\"https:\/\/www.montagnicimes.com\/le-grand-coin\/\" \/>\n<meta property=\"og:locale\" content=\"fr_FR\" \/>\n<meta property=\"og:type\" content=\"article\" \/>\n<meta property=\"og:title\" content=\"Espace Nordique du Grand Coin, Un bol d&#039;air pur au c\u0153ur de la Maurienne\" \/>\n<meta property=\"og:description\" content=\"Situ\u00e9 \u00e0 1300 m\u00e8tres d&#039;altitude au c\u0153ur de la for\u00eat, une multitude d&#039;activit\u00e9s vous sont propos\u00e9es : ski de fond, skating, luge, raquette, biathlon, ski de randonn\u00e9e, etc.\" \/>\n<meta property=\"og:url\" content=\"https:\/\/www.montagnicimes.com\/le-grand-coin\/\" \/>\n<meta property=\"og:site_name\" content=\"Le Grand coin\" \/>\n<meta property=\"article:modified_time\" content=\"2024-08-28T08:30:36+00:00\" \/>\n<meta name=\"twitter:card\" content=\"summary_large_image\" \/>\n<script type=\"application\/ld+json\" class=\"yoast-schema-graph\">{\"@context\":\"https:\/\/schema.org\",\"@graph\":[{\"@type\":\"WebSite\",\"@id\":\"https:\/\/www.montagnicimes.com\/le-grand-coin\/#website\",\"url\":\"https:\/\/www.montagnicimes.com\/le-grand-coin\/\",\"name\":\"Le Grand coin\",\"description\":\"Espace Nordique du Grand Coin\",\"potentialAction\":[{\"@type\":\"SearchAction\",\"target\":{\"@type\":\"EntryPoint\",\"urlTemplate\":\"https:\/\/www.montagnicimes.com\/le-grand-coin\/?s={search_term_string}\"},\"query-input\":\"required name=search_term_string\"}],\"inLanguage\":\"fr-FR\"},{\"@type\":\"WebPage\",\"@id\":\"https:\/\/www.montagnicimes.com\/le-grand-coin\/#webpage\",\"url\":\"https:\/\/www.montagnicimes.com\/le-grand-coin\/\",\"name\":\"Espace Nordique du Grand Coin, Un bol d'air pur au c\\u0153ur de la Maurienne\",\"isPartOf\":{\"@id\":\"https:\/\/www.montagnicimes.com\/le-grand-coin\/#website\"},\"datePublished\":\"2021-09-24T09:03:25+00:00\",\"dateModified\":\"2024-08-28T08:30:36+00:00\",\"description\":\"Situ\\u00e9 \\u00e0 1300 m\\u00e8tres d'altitude au c\\u0153ur de la for\\u00eat, une multitude d'activit\\u00e9s vous sont propos\\u00e9es : ski de fond, skating, luge, raquette, biathlon, ski de randonn\\u00e9e, etc.\",\"breadcrumb\":{\"@id\":\"https:\/\/www.montagnicimes.com\/le-grand-coin\/#breadcrumb\"},\"inLanguage\":\"fr-FR\",\"potentialAction\":[{\"@type\":\"ReadAction\",\"target\":[\"https:\/\/www.montagnicimes.com\/le-grand-coin\/\"]}]},{\"@type\":\"BreadcrumbList\",\"@id\":\"https:\/\/www.montagnicimes.com\/le-grand-coin\/#breadcrumb\",\"itemListElement\":[{\"@type\":\"ListItem\",\"position\":1,\"name\":\"Accueil\",\"item\":\"https:\/\/www.montagnicimes.com\/le-grand-coin\/\"},{\"@type\":\"ListItem\",\"position\":2,\"name\":\"Accueil\"}]}]}<\/script>\n<!-- \/ Yoast SEO plugin. -->","yoast_head_json":{"description":"Situ\u00e9 \u00e0 1300 m\u00e8tres d'altitude au c\u0153ur de la for\u00eat, une multitude d'activit\u00e9s vous sont propos\u00e9es : ski de fond, skating, luge, raquette, biathlon, ski de randonn\u00e9e, etc.","robots":{"index":"index","follow":"follow","max-snippet":"max-snippet:-1","max-image-preview":"max-image-preview:large","max-video-preview":"max-video-preview:-1"},"canonical":"https:\/\/www.montagnicimes.com\/le-grand-coin\/","og_locale":"fr_FR","og_type":"article","og_title":"Espace Nordique du Grand Coin, Un bol d'air pur au c\u0153ur de la Maurienne","og_description":"Situ\u00e9 \u00e0 1300 m\u00e8tres d'altitude au c\u0153ur de la for\u00eat, une multitude d'activit\u00e9s vous sont propos\u00e9es : ski de fond, skating, luge, raquette, biathlon, ski de randonn\u00e9e, etc.","og_url":"https:\/\/www.montagnicimes.com\/le-grand-coin\/","og_site_name":"Le Grand coin","article_modified_time":"2024-08-28T08:30:36+00:00","twitter_card":"summary_large_image","schema":{"@context":"https:\/\/schema.org","@graph":[{"@type":"WebSite","@id":"https:\/\/www.montagnicimes.com\/le-grand-coin\/#website","url":"https:\/\/www.montagnicimes.com\/le-grand-coin\/","name":"Le Grand coin","description":"Espace Nordique du Grand Coin","potentialAction":[{"@type":"SearchAction","target":{"@type":"EntryPoint","urlTemplate":"https:\/\/www.montagnicimes.com\/le-grand-coin\/?s={search_term_string}"},"query-input":"required name=search_term_string"}],"inLanguage":"fr-FR"},{"@type":"WebPage","@id":"https:\/\/www.montagnicimes.com\/le-grand-coin\/#webpage","url":"https:\/\/www.montagnicimes.com\/le-grand-coin\/","name":"Espace Nordique du Grand Coin, Un bol d'air pur au c\u0153ur de la Maurienne","isPartOf":{"@id":"https:\/\/www.montagnicimes.com\/le-grand-coin\/#website"},"datePublished":"2021-09-24T09:03:25+00:00","dateModified":"2024-08-28T08:30:36+00:00","description":"Situ\u00e9 \u00e0 1300 m\u00e8tres d'altitude au c\u0153ur de la for\u00eat, une multitude d'activit\u00e9s vous sont propos\u00e9es : ski de fond, skating, luge, raquette, biathlon, ski de randonn\u00e9e, etc.","breadcrumb":{"@id":"https:\/\/www.montagnicimes.com\/le-grand-coin\/#breadcrumb"},"inLanguage":"fr-FR","potentialAction":[{"@type":"ReadAction","target":["https:\/\/www.montagnicimes.com\/le-grand-coin\/"]}]},{"@type":"BreadcrumbList","@id":"https:\/\/www.montagnicimes.com\/le-grand-coin\/#breadcrumb","itemListElement":[{"@type":"ListItem","position":1,"name":"Accueil","item":"https:\/\/www.montagnicimes.com\/le-grand-coin\/"},{"@type":"ListItem","position":2,"name":"Accueil"}]}]}},"_links":{"self":[{"href":"https:\/\/www.montagnicimes.com\/le-grand-coin\/wp-json\/wp\/v2\/pages\/57"}],"collection":[{"href":"https:\/\/www.montagnicimes.com\/le-grand-coin\/wp-json\/wp\/v2\/pages"}],"about":[{"href":"https:\/\/www.montagnicimes.com\/le-grand-coin\/wp-json\/wp\/v2\/types\/page"}],"author":[{"embeddable":true,"href":"https:\/\/www.montagnicimes.com\/le-grand-coin\/wp-json\/wp\/v2\/users\/1"}],"replies":[{"embeddable":true,"href":"https:\/\/www.montagnicimes.com\/le-grand-coin\/wp-json\/wp\/v2\/comments?post=57"}],"version-history":[{"count":32,"href":"https:\/\/www.montagnicimes.com\/le-grand-coin\/wp-json\/wp\/v2\/pages\/57\/revisions"}],"predecessor-version":[{"id":13362,"href":"https:\/\/www.montagnicimes.com\/le-grand-coin\/wp-json\/wp\/v2\/pages\/57\/revisions\/13362"}],"wp:attachment":[{"href":"https:\/\/www.montagnicimes.com\/le-grand-coin\/wp-json\/wp\/v2\/media?parent=57"}],"wp:term":[{"taxonomy":"post_tag","embeddable":true,"href":"https:\/\/www.montagnicimes.com\/le-grand-coin\/wp-json\/wp\/v2\/post_tag?post=57"}],"curies":[{"name":"wp","href":"https:\/\/api.w.org\/{rel}","templated":true}]}}