{"id":7567,"date":"2021-09-24T15:09:33","date_gmt":"2021-09-24T13:09:33","guid":{"rendered":"https:\/\/www.montagnicimes.com\/albiez\/brochures-et-plans\/"},"modified":"2024-12-13T10:11:31","modified_gmt":"2024-12-13T09:11:31","slug":"brochures-et-plans","status":"publish","type":"page","link":"https:\/\/www.montagnicimes.com\/albiez\/sinformer\/brochures-et-plans\/","title":{"rendered":"Brochures et Plans"},"content":{"rendered":"","protected":false},"excerpt":{"rendered":"<p>Feuilletez notre brochure de destination ou t\u00e9l\u00e9chargez nos mini-brochures d\u00e9di\u00e9es \u00e0 vos activit\u00e9s pr\u00e9f\u00e9r\u00e9es ! Infos pratiques, loisirs, producteurs locaux et itin\u00e9raires raquettes : elles vous accompagneront tout au long de votre s\u00e9jour.<\/p>\n","protected":false},"author":1,"featured_media":11624,"parent":7558,"menu_order":5,"comment_status":"closed","ping_status":"closed","template":"","meta":{"_relevanssi_hide_post":"","_relevanssi_pin_for_all":"","_relevanssi_pin_keywords":"","_relevanssi_unpin_keywords":"","_relevanssi_related_keywords":"","_relevanssi_related_include_ids":"","_relevanssi_related_exclude_ids":"","_relevanssi_related_no_append":"","_relevanssi_related_not_related":"","_relevanssi_related_posts":"491,489,493","_relevanssi_noindex_reason":""},"post_tag":[],"acf":[],"yoast_head":"<!-- This site is optimized with the Yoast SEO plugin v17.6 - https:\/\/yoast.com\/wordpress\/plugins\/seo\/ -->\n<meta name=\"description\" content=\"Feuilletez notre brochure de destination ou t\u00e9l\u00e9chargez nos mini-brochures d\u00e9di\u00e9es \u00e0 vos activit\u00e9s pr\u00e9f\u00e9r\u00e9es ! Infos pratiques, loisirs, producteurs locaux et itin\u00e9raires raquettes : elles vous accompagneront tout au long de votre s\u00e9jour.\" \/>\n<meta name=\"robots\" content=\"index, follow, max-snippet:-1, max-image-preview:large, max-video-preview:-1\" \/>\n<link rel=\"canonical\" href=\"https:\/\/www.montagnicimes.com\/albiez\/sinformer\/brochures-et-plans\/\" \/>\n<meta property=\"og:locale\" content=\"fr_FR\" \/>\n<meta property=\"og:type\" content=\"article\" \/>\n<meta property=\"og:title\" content=\"Brochures et Plans - Albiez\" \/>\n<meta property=\"og:description\" content=\"Feuilletez notre brochure de destination ou t\u00e9l\u00e9chargez nos mini-brochures d\u00e9di\u00e9es \u00e0 vos activit\u00e9s pr\u00e9f\u00e9r\u00e9es ! Infos pratiques, loisirs, producteurs locaux et itin\u00e9raires raquettes : elles vous accompagneront tout au long de votre s\u00e9jour.\" \/>\n<meta property=\"og:url\" content=\"https:\/\/www.montagnicimes.com\/albiez\/sinformer\/brochures-et-plans\/\" \/>\n<meta property=\"og:site_name\" content=\"Albiez\" \/>\n<meta property=\"article:modified_time\" content=\"2024-12-13T09:11:31+00:00\" \/>\n<meta property=\"og:image\" content=\"https:\/\/www.montagnicimes.com\/albiez\/wp-content\/uploads\/sites\/2\/2021\/11\/brochure-Montagnicimes_04.03.21_Page_01.jpg\" \/>\n\t<meta property=\"og:image:width\" content=\"1385\" \/>\n\t<meta property=\"og:image:height\" content=\"1800\" \/>\n<meta name=\"twitter:card\" content=\"summary_large_image\" \/>\n<script type=\"application\/ld+json\" class=\"yoast-schema-graph\">{\"@context\":\"https:\/\/schema.org\",\"@graph\":[{\"@type\":\"WebSite\",\"@id\":\"https:\/\/www.montagnicimes.com\/albiez\/#website\",\"url\":\"https:\/\/www.montagnicimes.com\/albiez\/\",\"name\":\"Albiez\",\"description\":\"Office de tourisme Montagnicimes - Albiez\",\"potentialAction\":[{\"@type\":\"SearchAction\",\"target\":{\"@type\":\"EntryPoint\",\"urlTemplate\":\"https:\/\/www.montagnicimes.com\/albiez\/?s={search_term_string}\"},\"query-input\":\"required name=search_term_string\"}],\"inLanguage\":\"fr-FR\"},{\"@type\":\"ImageObject\",\"@id\":\"https:\/\/www.montagnicimes.com\/albiez\/sinformer\/brochures-et-plans\/#primaryimage\",\"inLanguage\":\"fr-FR\",\"url\":\"https:\/\/www.montagnicimes.com\/albiez\/wp-content\/uploads\/sites\/2\/2021\/11\/brochure-Montagnicimes_04.03.21_Page_01.jpg\",\"contentUrl\":\"https:\/\/www.montagnicimes.com\/albiez\/wp-content\/uploads\/sites\/2\/2021\/11\/brochure-Montagnicimes_04.03.21_Page_01.jpg\",\"width\":1385,\"height\":1800,\"caption\":\"brochure Montagnicimes_\"},{\"@type\":\"WebPage\",\"@id\":\"https:\/\/www.montagnicimes.com\/albiez\/sinformer\/brochures-et-plans\/#webpage\",\"url\":\"https:\/\/www.montagnicimes.com\/albiez\/sinformer\/brochures-et-plans\/\",\"name\":\"Brochures et Plans - Albiez\",\"isPartOf\":{\"@id\":\"https:\/\/www.montagnicimes.com\/albiez\/#website\"},\"primaryImageOfPage\":{\"@id\":\"https:\/\/www.montagnicimes.com\/albiez\/sinformer\/brochures-et-plans\/#primaryimage\"},\"datePublished\":\"2021-09-24T13:09:33+00:00\",\"dateModified\":\"2024-12-13T09:11:31+00:00\",\"description\":\"Feuilletez notre brochure de destination ou t\\u00e9l\\u00e9chargez nos mini-brochures d\\u00e9di\\u00e9es \\u00e0 vos activit\\u00e9s pr\\u00e9f\\u00e9r\\u00e9es ! Infos pratiques, loisirs, producteurs locaux et itin\\u00e9raires raquettes : elles vous accompagneront tout au long de votre s\\u00e9jour.\",\"breadcrumb\":{\"@id\":\"https:\/\/www.montagnicimes.com\/albiez\/sinformer\/brochures-et-plans\/#breadcrumb\"},\"inLanguage\":\"fr-FR\",\"potentialAction\":[{\"@type\":\"ReadAction\",\"target\":[\"https:\/\/www.montagnicimes.com\/albiez\/sinformer\/brochures-et-plans\/\"]}]},{\"@type\":\"BreadcrumbList\",\"@id\":\"https:\/\/www.montagnicimes.com\/albiez\/sinformer\/brochures-et-plans\/#breadcrumb\",\"itemListElement\":[{\"@type\":\"ListItem\",\"position\":1,\"name\":\"Accueil\",\"item\":\"https:\/\/www.montagnicimes.com\/albiez\/\"},{\"@type\":\"ListItem\",\"position\":2,\"name\":\"S&rsquo;informer\",\"item\":\"https:\/\/www.montagnicimes.com\/albiez\/sinformer\/\"},{\"@type\":\"ListItem\",\"position\":3,\"name\":\"Brochures et Plans\"}]}]}<\/script>\n<!-- \/ Yoast SEO plugin. -->","yoast_head_json":{"description":"Feuilletez notre brochure de destination ou t\u00e9l\u00e9chargez nos mini-brochures d\u00e9di\u00e9es \u00e0 vos activit\u00e9s pr\u00e9f\u00e9r\u00e9es ! Infos pratiques, loisirs, producteurs locaux et itin\u00e9raires raquettes : elles vous accompagneront tout au long de votre s\u00e9jour.","robots":{"index":"index","follow":"follow","max-snippet":"max-snippet:-1","max-image-preview":"max-image-preview:large","max-video-preview":"max-video-preview:-1"},"canonical":"https:\/\/www.montagnicimes.com\/albiez\/sinformer\/brochures-et-plans\/","og_locale":"fr_FR","og_type":"article","og_title":"Brochures et Plans - Albiez","og_description":"Feuilletez notre brochure de destination ou t\u00e9l\u00e9chargez nos mini-brochures d\u00e9di\u00e9es \u00e0 vos activit\u00e9s pr\u00e9f\u00e9r\u00e9es ! Infos pratiques, loisirs, producteurs locaux et itin\u00e9raires raquettes : elles vous accompagneront tout au long de votre s\u00e9jour.","og_url":"https:\/\/www.montagnicimes.com\/albiez\/sinformer\/brochures-et-plans\/","og_site_name":"Albiez","article_modified_time":"2024-12-13T09:11:31+00:00","og_image":[{"width":1385,"height":1800,"url":"https:\/\/www.montagnicimes.com\/albiez\/wp-content\/uploads\/sites\/2\/2021\/11\/brochure-Montagnicimes_04.03.21_Page_01.jpg","type":"image\/jpeg"}],"twitter_card":"summary_large_image","schema":{"@context":"https:\/\/schema.org","@graph":[{"@type":"WebSite","@id":"https:\/\/www.montagnicimes.com\/albiez\/#website","url":"https:\/\/www.montagnicimes.com\/albiez\/","name":"Albiez","description":"Office de tourisme Montagnicimes - Albiez","potentialAction":[{"@type":"SearchAction","target":{"@type":"EntryPoint","urlTemplate":"https:\/\/www.montagnicimes.com\/albiez\/?s={search_term_string}"},"query-input":"required name=search_term_string"}],"inLanguage":"fr-FR"},{"@type":"ImageObject","@id":"https:\/\/www.montagnicimes.com\/albiez\/sinformer\/brochures-et-plans\/#primaryimage","inLanguage":"fr-FR","url":"https:\/\/www.montagnicimes.com\/albiez\/wp-content\/uploads\/sites\/2\/2021\/11\/brochure-Montagnicimes_04.03.21_Page_01.jpg","contentUrl":"https:\/\/www.montagnicimes.com\/albiez\/wp-content\/uploads\/sites\/2\/2021\/11\/brochure-Montagnicimes_04.03.21_Page_01.jpg","width":1385,"height":1800,"caption":"brochure Montagnicimes_"},{"@type":"WebPage","@id":"https:\/\/www.montagnicimes.com\/albiez\/sinformer\/brochures-et-plans\/#webpage","url":"https:\/\/www.montagnicimes.com\/albiez\/sinformer\/brochures-et-plans\/","name":"Brochures et Plans - Albiez","isPartOf":{"@id":"https:\/\/www.montagnicimes.com\/albiez\/#website"},"primaryImageOfPage":{"@id":"https:\/\/www.montagnicimes.com\/albiez\/sinformer\/brochures-et-plans\/#primaryimage"},"datePublished":"2021-09-24T13:09:33+00:00","dateModified":"2024-12-13T09:11:31+00:00","description":"Feuilletez notre brochure de destination ou t\u00e9l\u00e9chargez nos mini-brochures d\u00e9di\u00e9es \u00e0 vos activit\u00e9s pr\u00e9f\u00e9r\u00e9es ! Infos pratiques, loisirs, producteurs locaux et itin\u00e9raires raquettes : elles vous accompagneront tout au long de votre s\u00e9jour.","breadcrumb":{"@id":"https:\/\/www.montagnicimes.com\/albiez\/sinformer\/brochures-et-plans\/#breadcrumb"},"inLanguage":"fr-FR","potentialAction":[{"@type":"ReadAction","target":["https:\/\/www.montagnicimes.com\/albiez\/sinformer\/brochures-et-plans\/"]}]},{"@type":"BreadcrumbList","@id":"https:\/\/www.montagnicimes.com\/albiez\/sinformer\/brochures-et-plans\/#breadcrumb","itemListElement":[{"@type":"ListItem","position":1,"name":"Accueil","item":"https:\/\/www.montagnicimes.com\/albiez\/"},{"@type":"ListItem","position":2,"name":"S&rsquo;informer","item":"https:\/\/www.montagnicimes.com\/albiez\/sinformer\/"},{"@type":"ListItem","position":3,"name":"Brochures et Plans"}]}]}},"_links":{"self":[{"href":"https:\/\/www.montagnicimes.com\/albiez\/wp-json\/wp\/v2\/pages\/7567"}],"collection":[{"href":"https:\/\/www.montagnicimes.com\/albiez\/wp-json\/wp\/v2\/pages"}],"about":[{"href":"https:\/\/www.montagnicimes.com\/albiez\/wp-json\/wp\/v2\/types\/page"}],"author":[{"embeddable":true,"href":"https:\/\/www.montagnicimes.com\/albiez\/wp-json\/wp\/v2\/users\/1"}],"replies":[{"embeddable":true,"href":"https:\/\/www.montagnicimes.com\/albiez\/wp-json\/wp\/v2\/comments?post=7567"}],"version-history":[{"count":3,"href":"https:\/\/www.montagnicimes.com\/albiez\/wp-json\/wp\/v2\/pages\/7567\/revisions"}],"predecessor-version":[{"id":11725,"href":"https:\/\/www.montagnicimes.com\/albiez\/wp-json\/wp\/v2\/pages\/7567\/revisions\/11725"}],"up":[{"embeddable":true,"href":"https:\/\/www.montagnicimes.com\/albiez\/wp-json\/wp\/v2\/pages\/7558"}],"wp:featuredmedia":[{"embeddable":true,"href":"https:\/\/www.montagnicimes.com\/albiez\/wp-json\/wp\/v2\/media\/11624"}],"wp:attachment":[{"href":"https:\/\/www.montagnicimes.com\/albiez\/wp-json\/wp\/v2\/media?parent=7567"}],"wp:term":[{"taxonomy":"post_tag","embeddable":true,"href":"https:\/\/www.montagnicimes.com\/albiez\/wp-json\/wp\/v2\/post_tag?post=7567"}],"curies":[{"name":"wp","href":"https:\/\/api.w.org\/{rel}","templated":true}]}}