{"id":7556,"date":"2021-09-24T15:09:22","date_gmt":"2021-09-24T13:09:22","guid":{"rendered":"https:\/\/www.montagnicimes.com\/albiez\/cinema\/"},"modified":"2026-03-17T15:46:35","modified_gmt":"2026-03-17T14:46:35","slug":"cinema","status":"publish","type":"page","link":"https:\/\/www.montagnicimes.com\/albiez\/l-agenda\/cinema\/","title":{"rendered":"Le cin\u00e9ma"},"content":{"rendered":"\n<p class=\"is-style-excerpt\">Casse-Massion, le cin\u00e9ma d\u2019Albiez-Montrond en plein de c\u0153ur du village&nbsp;!<\/p>\n\n\n\n<div class=\"wp-block-image is-style-default\"><figure class=\"aligncenter size-full\"><img loading=\"lazy\" width=\"645\" height=\"855\" data-src=\"https:\/\/www.montagnicimes.com\/albiez\/wp-content\/uploads\/sites\/2\/2025\/12\/couv-cine-9-2703.jpg\" alt=\"\" class=\"wp-image-42845\" data-srcset=\"https:\/\/www.montagnicimes.com\/albiez\/wp-content\/uploads\/sites\/2\/2025\/12\/couv-cine-9-2703.jpg 645w, https:\/\/www.montagnicimes.com\/albiez\/wp-content\/uploads\/sites\/2\/2025\/12\/couv-cine-9-2703-453x600.jpg 453w, https:\/\/www.montagnicimes.com\/albiez\/wp-content\/uploads\/sites\/2\/2025\/12\/couv-cine-9-2703-200x265.jpg 200w\" sizes=\"(max-width: 645px) 100vw, 645px\" \/><\/figure><\/div>\n\n\n\n<div class=\"wp-block-buttons is-content-justification-center\">\n<div class=\"wp-block-button\"><a class=\"wp-block-button__link\" href=\"https:\/\/www.montagnicimes.com\/albiez\/wp-content\/uploads\/sites\/2\/2025\/12\/programme-du-9-au-27-mars-compresse.pdf\" target=\"_blank\" rel=\"noreferrer noopener\">T\u00e9l\u00e9chargez le programme du cin\u00e9ma <\/a><\/div>\n<\/div>\n\n\n\n<div class=\"wp-block wp-block-single-sit wp-block-single-sit-coordonnees\">\n\n    \n    <div class=\"wp-block-media-text is-stacked-on-mobile\">\n\n        <div class=\"wp-block-media-text__media wpet-map-detail\" style=\"width:100%; height: 100%;\">\n            <div class=\"wp-block-media-text__media__content\" id=\"wpetSingleSitMap11317\" data-wpet-single-sit-map=\"11317\" data-wpet-type-map=\"leaflet\" ><\/div>\n        <\/div>\n\n        <div class=\"wp-block-media-text__content\">\n\n            <div class=\"wp-block-media-text__content__openning\">\n\t                        <\/div>\n\n            <p class=\"wp-block-media-text__content__address\">\n                                    <strong>Cin\u00e9ma Casse-Massion<\/strong><br \/>\n                                \n                                    Route du Mollard<br \/>\n                                \n                                    <span>73300<\/span>\n                    <span>Albiez-Montrond<\/span><br \/>\n                            <\/p>\n\n                                                <p class=\"wp-block-media-text__content__phone\">04 79 59 30 48<\/p>\n                                        \n            <a href=\"https:\/\/www.google.fr\/maps?saddr&#038;daddr=45.21621,6.341874\" target=\"_blank\" class=\"button GtmButtonCalculItinerairePrestataire\" rel=\"noopener noreferrer\">Calculer mon itin\u00e9raire<\/a>\n        <\/div>\n    <\/div>\n<\/div>\n\n\n\n<p>Du blockbuster au film d\u2019auteur plus confidentiel, en passant par le dessin anim\u00e9 tendance ou le film de montagne \u00e0 ne pas manquer&nbsp;: le cin\u00e9ma Casse-Massion vous proposera des programmes vari\u00e9s pour toute la famille. Lieu culturel d\u2019\u00e9change et de rencontres, les films qui y sont projet\u00e9s conviendront aussi bien aux enfants qu\u2019aux adultes. <\/p>\n\n\n\n<div class=\"wp-block-buttons is-content-justification-center is-vertical\">\n<div class=\"wp-block-button\"><a class=\"wp-block-button__link\" href=\"https:\/\/www.montagnicimes.com\/albiez\/equipement\/cinema-casse-massion\/\">En savoir plus sur votre cin\u00e9ma<\/a><\/div>\n<\/div>\n\n\n\n<p>Choisissez votre programme et venez passer un agr\u00e9able moment au cin\u00e9ma d\u2019Albiez Montrond&nbsp;!<\/p>\n\n\n\n<figure class=\"wp-block-image size-large\"><img loading=\"lazy\" width=\"1200\" height=\"798\" data-src=\"https:\/\/www.montagnicimes.com\/albiez\/wp-content\/uploads\/sites\/2\/2021\/11\/cinema-e-foucrier-8-1200x798.jpg\" alt=\"cinema albiez \u00a9E.Foucrier\" class=\"wp-image-11600\" data-srcset=\"https:\/\/www.montagnicimes.com\/albiez\/wp-content\/uploads\/sites\/2\/2021\/11\/cinema-e-foucrier-8-1200x798.jpg 1200w, https:\/\/www.montagnicimes.com\/albiez\/wp-content\/uploads\/sites\/2\/2021\/11\/cinema-e-foucrier-8-600x399.jpg 600w, https:\/\/www.montagnicimes.com\/albiez\/wp-content\/uploads\/sites\/2\/2021\/11\/cinema-e-foucrier-8-768x510.jpg 768w, https:\/\/www.montagnicimes.com\/albiez\/wp-content\/uploads\/sites\/2\/2021\/11\/cinema-e-foucrier-8-1536x1021.jpg 1536w, https:\/\/www.montagnicimes.com\/albiez\/wp-content\/uploads\/sites\/2\/2021\/11\/cinema-e-foucrier-8-200x133.jpg 200w, https:\/\/www.montagnicimes.com\/albiez\/wp-content\/uploads\/sites\/2\/2021\/11\/cinema-e-foucrier-8.jpg 1920w\" sizes=\"(max-width: 1200px) 100vw, 1200px\" \/><\/figure>\n\n\n<div class=\"wp-block wp-block-highlight\">\n            <h3 class=\"wp-block-highlight-item wp-block-highlight-title\">Accessibilit\u00e9<\/h3>\n                <p class=\"wp-block-highlight-item wp-block-highlight-excerpt\">\u00c0 30 minutes de Saint-Jean-de-Maurienne, en c\u0153ur de Maurienne et de Savoie, le cin\u00e9ma d\u2019Albiez est au c\u0153ur du village. L\u2019accessibilit\u00e9 pour personnes \u00e0 mobilit\u00e9 r\u00e9duite est assur\u00e9e.<\/p>\n    <\/div>","protected":false},"excerpt":{"rendered":"<p>Casse-Massion, le cin\u00e9ma d\u2019Albiez-Montrond en plein de c\u0153ur du village&nbsp;! Du blockbuster au film d\u2019auteur plus confidentiel, en passant par le dessin anim\u00e9 tendance ou le film de montagne \u00e0 ne pas manquer&nbsp;: le cin\u00e9ma Casse-Massion vous proposera des programmes vari\u00e9s pour toute la famille. Lieu culturel d\u2019\u00e9change et de rencontres, les films qui y [&hellip;]<\/p>\n","protected":false},"author":1,"featured_media":11600,"parent":7545,"menu_order":2,"comment_status":"closed","ping_status":"closed","template":"","meta":{"_relevanssi_hide_post":"","_relevanssi_pin_for_all":"","_relevanssi_pin_keywords":"","_relevanssi_unpin_keywords":"","_relevanssi_related_keywords":"","_relevanssi_related_include_ids":"","_relevanssi_related_exclude_ids":"","_relevanssi_related_no_append":"","_relevanssi_related_not_related":"","_relevanssi_related_posts":"489,493,491","_relevanssi_noindex_reason":""},"post_tag":[],"acf":[],"yoast_head":"<!-- This site is optimized with the Yoast SEO plugin v17.6 - https:\/\/yoast.com\/wordpress\/plugins\/seo\/ -->\n<meta name=\"description\" content=\"Casse-Massion, le cin\u00e9ma d\u2019Albiez-Montrond en plein de c\u0153ur du village&nbsp;! T\u00e9l\u00e9chargez le programme du cin\u00e9ma Du blockbuster au film d\u2019auteur plus\" \/>\n<meta name=\"robots\" content=\"index, follow, max-snippet:-1, max-image-preview:large, max-video-preview:-1\" \/>\n<link rel=\"canonical\" href=\"https:\/\/www.montagnicimes.com\/albiez\/l-agenda\/cinema\/\" \/>\n<meta property=\"og:locale\" content=\"fr_FR\" \/>\n<meta property=\"og:type\" content=\"article\" \/>\n<meta property=\"og:title\" content=\"Le cin\u00e9ma d\u2019Albiez-Montrond - Albiez\" \/>\n<meta property=\"og:description\" content=\"Casse-Massion, le cin\u00e9ma d\u2019Albiez-Montrond en plein de c\u0153ur du village&nbsp;! T\u00e9l\u00e9chargez le programme du cin\u00e9ma Du blockbuster au film d\u2019auteur plus\" \/>\n<meta property=\"og:url\" content=\"https:\/\/www.montagnicimes.com\/albiez\/l-agenda\/cinema\/\" \/>\n<meta property=\"og:site_name\" content=\"Albiez\" \/>\n<meta property=\"article:modified_time\" content=\"2026-03-17T14:46:35+00:00\" \/>\n<meta property=\"og:image\" content=\"https:\/\/www.montagnicimes.com\/albiez\/wp-content\/uploads\/sites\/2\/2021\/11\/cinema-e-foucrier-8.jpg\" \/>\n\t<meta property=\"og:image:width\" content=\"1920\" \/>\n\t<meta property=\"og:image:height\" content=\"1276\" \/>\n<meta name=\"twitter:card\" content=\"summary_large_image\" \/>\n<meta name=\"twitter:label1\" content=\"Dur\u00e9e de lecture estim\u00e9e\" \/>\n\t<meta name=\"twitter:data1\" content=\"1 minute\" \/>\n<script type=\"application\/ld+json\" class=\"yoast-schema-graph\">{\"@context\":\"https:\/\/schema.org\",\"@graph\":[{\"@type\":\"WebSite\",\"@id\":\"https:\/\/www.montagnicimes.com\/albiez\/#website\",\"url\":\"https:\/\/www.montagnicimes.com\/albiez\/\",\"name\":\"Albiez\",\"description\":\"Office de tourisme Montagnicimes - Albiez\",\"potentialAction\":[{\"@type\":\"SearchAction\",\"target\":{\"@type\":\"EntryPoint\",\"urlTemplate\":\"https:\/\/www.montagnicimes.com\/albiez\/?s={search_term_string}\"},\"query-input\":\"required name=search_term_string\"}],\"inLanguage\":\"fr-FR\"},{\"@type\":\"ImageObject\",\"@id\":\"https:\/\/www.montagnicimes.com\/albiez\/l-agenda\/cinema\/#primaryimage\",\"inLanguage\":\"fr-FR\",\"url\":\"https:\/\/www.montagnicimes.com\/albiez\/wp-content\/uploads\/sites\/2\/2021\/11\/cinema-e-foucrier-8.jpg\",\"contentUrl\":\"https:\/\/www.montagnicimes.com\/albiez\/wp-content\/uploads\/sites\/2\/2021\/11\/cinema-e-foucrier-8.jpg\",\"width\":1920,\"height\":1276,\"caption\":\"cinema albiez \\u00a9E.Foucrier\"},{\"@type\":\"WebPage\",\"@id\":\"https:\/\/www.montagnicimes.com\/albiez\/l-agenda\/cinema\/#webpage\",\"url\":\"https:\/\/www.montagnicimes.com\/albiez\/l-agenda\/cinema\/\",\"name\":\"Le cin\\u00e9ma d\\u2019Albiez-Montrond - Albiez\",\"isPartOf\":{\"@id\":\"https:\/\/www.montagnicimes.com\/albiez\/#website\"},\"primaryImageOfPage\":{\"@id\":\"https:\/\/www.montagnicimes.com\/albiez\/l-agenda\/cinema\/#primaryimage\"},\"datePublished\":\"2021-09-24T13:09:22+00:00\",\"dateModified\":\"2026-03-17T14:46:35+00:00\",\"description\":\"Casse-Massion, le cin\\u00e9ma d\\u2019Albiez-Montrond en plein de c\\u0153ur du village&nbsp;! T\\u00e9l\\u00e9chargez le programme du cin\\u00e9ma Du blockbuster au film d\\u2019auteur plus\",\"breadcrumb\":{\"@id\":\"https:\/\/www.montagnicimes.com\/albiez\/l-agenda\/cinema\/#breadcrumb\"},\"inLanguage\":\"fr-FR\",\"potentialAction\":[{\"@type\":\"ReadAction\",\"target\":[\"https:\/\/www.montagnicimes.com\/albiez\/l-agenda\/cinema\/\"]}]},{\"@type\":\"BreadcrumbList\",\"@id\":\"https:\/\/www.montagnicimes.com\/albiez\/l-agenda\/cinema\/#breadcrumb\",\"itemListElement\":[{\"@type\":\"ListItem\",\"position\":1,\"name\":\"Accueil\",\"item\":\"https:\/\/www.montagnicimes.com\/albiez\/\"},{\"@type\":\"ListItem\",\"position\":2,\"name\":\"L&rsquo;agenda\",\"item\":\"https:\/\/www.montagnicimes.com\/albiez\/l-agenda\/\"},{\"@type\":\"ListItem\",\"position\":3,\"name\":\"Le cin\\u00e9ma\"}]}]}<\/script>\n<!-- \/ Yoast SEO plugin. -->","yoast_head_json":{"description":"Casse-Massion, le cin\u00e9ma d\u2019Albiez-Montrond en plein de c\u0153ur du village&nbsp;! T\u00e9l\u00e9chargez le programme du cin\u00e9ma Du blockbuster au film d\u2019auteur plus","robots":{"index":"index","follow":"follow","max-snippet":"max-snippet:-1","max-image-preview":"max-image-preview:large","max-video-preview":"max-video-preview:-1"},"canonical":"https:\/\/www.montagnicimes.com\/albiez\/l-agenda\/cinema\/","og_locale":"fr_FR","og_type":"article","og_title":"Le cin\u00e9ma d\u2019Albiez-Montrond - Albiez","og_description":"Casse-Massion, le cin\u00e9ma d\u2019Albiez-Montrond en plein de c\u0153ur du village&nbsp;! T\u00e9l\u00e9chargez le programme du cin\u00e9ma Du blockbuster au film d\u2019auteur plus","og_url":"https:\/\/www.montagnicimes.com\/albiez\/l-agenda\/cinema\/","og_site_name":"Albiez","article_modified_time":"2026-03-17T14:46:35+00:00","og_image":[{"width":1920,"height":1276,"url":"https:\/\/www.montagnicimes.com\/albiez\/wp-content\/uploads\/sites\/2\/2021\/11\/cinema-e-foucrier-8.jpg","type":"image\/jpeg"}],"twitter_card":"summary_large_image","twitter_misc":{"Dur\u00e9e de lecture estim\u00e9e":"1 minute"},"schema":{"@context":"https:\/\/schema.org","@graph":[{"@type":"WebSite","@id":"https:\/\/www.montagnicimes.com\/albiez\/#website","url":"https:\/\/www.montagnicimes.com\/albiez\/","name":"Albiez","description":"Office de tourisme Montagnicimes - Albiez","potentialAction":[{"@type":"SearchAction","target":{"@type":"EntryPoint","urlTemplate":"https:\/\/www.montagnicimes.com\/albiez\/?s={search_term_string}"},"query-input":"required name=search_term_string"}],"inLanguage":"fr-FR"},{"@type":"ImageObject","@id":"https:\/\/www.montagnicimes.com\/albiez\/l-agenda\/cinema\/#primaryimage","inLanguage":"fr-FR","url":"https:\/\/www.montagnicimes.com\/albiez\/wp-content\/uploads\/sites\/2\/2021\/11\/cinema-e-foucrier-8.jpg","contentUrl":"https:\/\/www.montagnicimes.com\/albiez\/wp-content\/uploads\/sites\/2\/2021\/11\/cinema-e-foucrier-8.jpg","width":1920,"height":1276,"caption":"cinema albiez \u00a9E.Foucrier"},{"@type":"WebPage","@id":"https:\/\/www.montagnicimes.com\/albiez\/l-agenda\/cinema\/#webpage","url":"https:\/\/www.montagnicimes.com\/albiez\/l-agenda\/cinema\/","name":"Le cin\u00e9ma d\u2019Albiez-Montrond - Albiez","isPartOf":{"@id":"https:\/\/www.montagnicimes.com\/albiez\/#website"},"primaryImageOfPage":{"@id":"https:\/\/www.montagnicimes.com\/albiez\/l-agenda\/cinema\/#primaryimage"},"datePublished":"2021-09-24T13:09:22+00:00","dateModified":"2026-03-17T14:46:35+00:00","description":"Casse-Massion, le cin\u00e9ma d\u2019Albiez-Montrond en plein de c\u0153ur du village&nbsp;! T\u00e9l\u00e9chargez le programme du cin\u00e9ma Du blockbuster au film d\u2019auteur plus","breadcrumb":{"@id":"https:\/\/www.montagnicimes.com\/albiez\/l-agenda\/cinema\/#breadcrumb"},"inLanguage":"fr-FR","potentialAction":[{"@type":"ReadAction","target":["https:\/\/www.montagnicimes.com\/albiez\/l-agenda\/cinema\/"]}]},{"@type":"BreadcrumbList","@id":"https:\/\/www.montagnicimes.com\/albiez\/l-agenda\/cinema\/#breadcrumb","itemListElement":[{"@type":"ListItem","position":1,"name":"Accueil","item":"https:\/\/www.montagnicimes.com\/albiez\/"},{"@type":"ListItem","position":2,"name":"L&rsquo;agenda","item":"https:\/\/www.montagnicimes.com\/albiez\/l-agenda\/"},{"@type":"ListItem","position":3,"name":"Le cin\u00e9ma"}]}]}},"_links":{"self":[{"href":"https:\/\/www.montagnicimes.com\/albiez\/wp-json\/wp\/v2\/pages\/7556"}],"collection":[{"href":"https:\/\/www.montagnicimes.com\/albiez\/wp-json\/wp\/v2\/pages"}],"about":[{"href":"https:\/\/www.montagnicimes.com\/albiez\/wp-json\/wp\/v2\/types\/page"}],"author":[{"embeddable":true,"href":"https:\/\/www.montagnicimes.com\/albiez\/wp-json\/wp\/v2\/users\/1"}],"replies":[{"embeddable":true,"href":"https:\/\/www.montagnicimes.com\/albiez\/wp-json\/wp\/v2\/comments?post=7556"}],"version-history":[{"count":50,"href":"https:\/\/www.montagnicimes.com\/albiez\/wp-json\/wp\/v2\/pages\/7556\/revisions"}],"predecessor-version":[{"id":42847,"href":"https:\/\/www.montagnicimes.com\/albiez\/wp-json\/wp\/v2\/pages\/7556\/revisions\/42847"}],"up":[{"embeddable":true,"href":"https:\/\/www.montagnicimes.com\/albiez\/wp-json\/wp\/v2\/pages\/7545"}],"wp:featuredmedia":[{"embeddable":true,"href":"https:\/\/www.montagnicimes.com\/albiez\/wp-json\/wp\/v2\/media\/11600"}],"wp:attachment":[{"href":"https:\/\/www.montagnicimes.com\/albiez\/wp-json\/wp\/v2\/media?parent=7556"}],"wp:term":[{"taxonomy":"post_tag","embeddable":true,"href":"https:\/\/www.montagnicimes.com\/albiez\/wp-json\/wp\/v2\/post_tag?post=7556"}],"curies":[{"name":"wp","href":"https:\/\/api.w.org\/{rel}","templated":true}]}}