{"id":7545,"date":"2021-09-24T15:09:13","date_gmt":"2021-09-24T13:09:13","guid":{"rendered":"https:\/\/www.montagnicimes.com\/albiez\/lagenda\/"},"modified":"2024-09-02T09:42:34","modified_gmt":"2024-09-02T07:42:34","slug":"l-agenda","status":"publish","type":"page","link":"https:\/\/www.montagnicimes.com\/albiez\/l-agenda\/","title":{"rendered":"L&rsquo;agenda"},"content":{"rendered":"\n<p class=\"is-style-excerpt\">Vous venez d&rsquo;arriver sur Albiez et vous ne savez pas par o\u00f9 commencer, retrouvez <strong>ICI<\/strong> toutes les activit\u00e9s, animations de la semaine, le programme de cin\u00e9ma ainsi que les temps fort de votre station village.<\/p>\n\n\n\n<div class=\"wp-block wp-block-child-post alignwide clear\">\n    \n<div class=\"entityItem \" data-trigger=\"wpiris-click\" >\n    <a href=\"https:\/\/www.montagnicimes.com\/albiez\/l-agenda\/agenda\/\" nofancybox class=\"entityItemThumbnail\">\n        <img data-src=\"https:\/\/www.montagnicimes.com\/albiez\/wp-content\/uploads\/sites\/2\/wpiris-images\/29241\/IMG_9949-380x400-c.jpg\" alt=\"F\u00eates et manifestations\">\n    <\/a>\n    <div class=\"entityItemContent\">\n\n        <div class=\"entityItemContentHeading\">\n                                    <h2 class=\"entityItemContentTitle\" >\n                <a href=\"https:\/\/www.montagnicimes.com\/albiez\/l-agenda\/agenda\/\">F\u00eates et manifestations<\/a>\n            <\/h2>                    <\/div>\n            <\/div>\n<\/div>\n\n<div class=\"entityItem \" data-trigger=\"wpiris-click\" >\n    <a href=\"https:\/\/www.montagnicimes.com\/albiez\/l-agenda\/expositions-visites-guidees\/\" nofancybox class=\"entityItemThumbnail\">\n        <img data-src=\"https:\/\/www.montagnicimes.com\/albiez\/wp-content\/uploads\/sites\/2\/wpiris-images\/24690\/18176636-diaporama-1200x900-1-380x400-c.jpg\" alt=\"Expositions &#038; visites guid\u00e9es\">\n    <\/a>\n    <div class=\"entityItemContent\">\n\n        <div class=\"entityItemContentHeading\">\n                                    <h2 class=\"entityItemContentTitle\" >\n                <a href=\"https:\/\/www.montagnicimes.com\/albiez\/l-agenda\/expositions-visites-guidees\/\">Expositions &#038; visites guid\u00e9es<\/a>\n            <\/h2>                    <\/div>\n            <\/div>\n<\/div>\n\n<div class=\"entityItem \" data-trigger=\"wpiris-click\" >\n    <a href=\"https:\/\/www.montagnicimes.com\/albiez\/l-agenda\/cinema\/\" nofancybox class=\"entityItemThumbnail\">\n        <img data-src=\"https:\/\/www.montagnicimes.com\/albiez\/wp-content\/uploads\/sites\/2\/wpiris-images\/11600\/cinema-e-foucrier-8-380x400-c.jpg\" alt=\"Le cin\u00e9ma\">\n    <\/a>\n    <div class=\"entityItemContent\">\n\n        <div class=\"entityItemContentHeading\">\n                                    <h2 class=\"entityItemContentTitle\" >\n                <a href=\"https:\/\/www.montagnicimes.com\/albiez\/l-agenda\/cinema\/\">Le cin\u00e9ma<\/a>\n            <\/h2>                    <\/div>\n            <\/div>\n<\/div>\n    <\/div>","protected":false},"excerpt":{"rendered":"<p>Vous venez d&rsquo;arriver sur Albiez et vous ne savez pas par o\u00f9 commencer, retrouvez ICI toutes les activit\u00e9s, animations de la semaine, le programme de cin\u00e9ma ainsi que les temps fort de votre station village.<\/p>\n","protected":false},"author":1,"featured_media":17981,"parent":0,"menu_order":7,"comment_status":"closed","ping_status":"closed","template":"","meta":{"_relevanssi_hide_post":"","_relevanssi_pin_for_all":"","_relevanssi_pin_keywords":"","_relevanssi_unpin_keywords":"","_relevanssi_related_keywords":"","_relevanssi_related_include_ids":"","_relevanssi_related_exclude_ids":"","_relevanssi_related_no_append":"","_relevanssi_related_not_related":"","_relevanssi_related_posts":"493,491,489","_relevanssi_noindex_reason":""},"post_tag":[],"acf":[],"yoast_head":"<!-- This site is optimized with the Yoast SEO plugin v17.6 - https:\/\/yoast.com\/wordpress\/plugins\/seo\/ -->\n<meta name=\"description\" content=\"Vous venez d&#039;arriver sur Albiez et vous ne savez pas par o\u00f9 commencer, retrouvez ICI toutes les activit\u00e9s, animations de la semaine, le programme de\" \/>\n<meta name=\"robots\" content=\"index, follow, max-snippet:-1, max-image-preview:large, max-video-preview:-1\" \/>\n<link rel=\"canonical\" href=\"https:\/\/www.montagnicimes.com\/albiez\/l-agenda\/\" \/>\n<meta property=\"og:locale\" content=\"fr_FR\" \/>\n<meta property=\"og:type\" content=\"article\" \/>\n<meta property=\"og:title\" content=\"L&#039;agenda des sorties et \u00e9v\u00e9nements \u00e0 Albiez-Montrond - Albiez\" \/>\n<meta property=\"og:description\" content=\"Vous venez d&#039;arriver sur Albiez et vous ne savez pas par o\u00f9 commencer, retrouvez ICI toutes les activit\u00e9s, animations de la semaine, le programme de\" \/>\n<meta property=\"og:url\" content=\"https:\/\/www.montagnicimes.com\/albiez\/l-agenda\/\" \/>\n<meta property=\"og:site_name\" content=\"Albiez\" \/>\n<meta property=\"article:modified_time\" content=\"2024-09-02T07:42:34+00:00\" \/>\n<meta property=\"og:image\" content=\"https:\/\/www.montagnicimes.com\/albiez\/wp-content\/uploads\/sites\/2\/2022\/09\/lagenda.jpg\" \/>\n\t<meta property=\"og:image:width\" content=\"1920\" \/>\n\t<meta property=\"og:image:height\" content=\"1280\" \/>\n<meta name=\"twitter:card\" content=\"summary_large_image\" \/>\n<meta name=\"twitter:label1\" content=\"Dur\u00e9e de lecture estim\u00e9e\" \/>\n\t<meta name=\"twitter:data1\" content=\"1 minute\" \/>\n<script type=\"application\/ld+json\" class=\"yoast-schema-graph\">{\"@context\":\"https:\/\/schema.org\",\"@graph\":[{\"@type\":\"WebSite\",\"@id\":\"https:\/\/www.montagnicimes.com\/albiez\/#website\",\"url\":\"https:\/\/www.montagnicimes.com\/albiez\/\",\"name\":\"Albiez\",\"description\":\"Office de tourisme Montagnicimes - Albiez\",\"potentialAction\":[{\"@type\":\"SearchAction\",\"target\":{\"@type\":\"EntryPoint\",\"urlTemplate\":\"https:\/\/www.montagnicimes.com\/albiez\/?s={search_term_string}\"},\"query-input\":\"required name=search_term_string\"}],\"inLanguage\":\"fr-FR\"},{\"@type\":\"ImageObject\",\"@id\":\"https:\/\/www.montagnicimes.com\/albiez\/l-agenda\/#primaryimage\",\"inLanguage\":\"fr-FR\",\"url\":\"https:\/\/www.montagnicimes.com\/albiez\/wp-content\/uploads\/sites\/2\/2022\/09\/lagenda.jpg\",\"contentUrl\":\"https:\/\/www.montagnicimes.com\/albiez\/wp-content\/uploads\/sites\/2\/2022\/09\/lagenda.jpg\",\"width\":1920,\"height\":1280,\"caption\":\"agenda albiez hiver station march\\u00e9\"},{\"@type\":\"WebPage\",\"@id\":\"https:\/\/www.montagnicimes.com\/albiez\/l-agenda\/#webpage\",\"url\":\"https:\/\/www.montagnicimes.com\/albiez\/l-agenda\/\",\"name\":\"L'agenda des sorties et \\u00e9v\\u00e9nements \\u00e0 Albiez-Montrond - Albiez\",\"isPartOf\":{\"@id\":\"https:\/\/www.montagnicimes.com\/albiez\/#website\"},\"primaryImageOfPage\":{\"@id\":\"https:\/\/www.montagnicimes.com\/albiez\/l-agenda\/#primaryimage\"},\"datePublished\":\"2021-09-24T13:09:13+00:00\",\"dateModified\":\"2024-09-02T07:42:34+00:00\",\"description\":\"Vous venez d'arriver sur Albiez et vous ne savez pas par o\\u00f9 commencer, retrouvez ICI toutes les activit\\u00e9s, animations de la semaine, le programme de\",\"breadcrumb\":{\"@id\":\"https:\/\/www.montagnicimes.com\/albiez\/l-agenda\/#breadcrumb\"},\"inLanguage\":\"fr-FR\",\"potentialAction\":[{\"@type\":\"ReadAction\",\"target\":[\"https:\/\/www.montagnicimes.com\/albiez\/l-agenda\/\"]}]},{\"@type\":\"BreadcrumbList\",\"@id\":\"https:\/\/www.montagnicimes.com\/albiez\/l-agenda\/#breadcrumb\",\"itemListElement\":[{\"@type\":\"ListItem\",\"position\":1,\"name\":\"Accueil\",\"item\":\"https:\/\/www.montagnicimes.com\/albiez\/\"},{\"@type\":\"ListItem\",\"position\":2,\"name\":\"L&rsquo;agenda\"}]}]}<\/script>\n<!-- \/ Yoast SEO plugin. -->","yoast_head_json":{"description":"Vous venez d'arriver sur Albiez et vous ne savez pas par o\u00f9 commencer, retrouvez ICI toutes les activit\u00e9s, animations de la semaine, le programme de","robots":{"index":"index","follow":"follow","max-snippet":"max-snippet:-1","max-image-preview":"max-image-preview:large","max-video-preview":"max-video-preview:-1"},"canonical":"https:\/\/www.montagnicimes.com\/albiez\/l-agenda\/","og_locale":"fr_FR","og_type":"article","og_title":"L'agenda des sorties et \u00e9v\u00e9nements \u00e0 Albiez-Montrond - Albiez","og_description":"Vous venez d'arriver sur Albiez et vous ne savez pas par o\u00f9 commencer, retrouvez ICI toutes les activit\u00e9s, animations de la semaine, le programme de","og_url":"https:\/\/www.montagnicimes.com\/albiez\/l-agenda\/","og_site_name":"Albiez","article_modified_time":"2024-09-02T07:42:34+00:00","og_image":[{"width":1920,"height":1280,"url":"https:\/\/www.montagnicimes.com\/albiez\/wp-content\/uploads\/sites\/2\/2022\/09\/lagenda.jpg","type":"image\/jpeg"}],"twitter_card":"summary_large_image","twitter_misc":{"Dur\u00e9e de lecture estim\u00e9e":"1 minute"},"schema":{"@context":"https:\/\/schema.org","@graph":[{"@type":"WebSite","@id":"https:\/\/www.montagnicimes.com\/albiez\/#website","url":"https:\/\/www.montagnicimes.com\/albiez\/","name":"Albiez","description":"Office de tourisme Montagnicimes - Albiez","potentialAction":[{"@type":"SearchAction","target":{"@type":"EntryPoint","urlTemplate":"https:\/\/www.montagnicimes.com\/albiez\/?s={search_term_string}"},"query-input":"required name=search_term_string"}],"inLanguage":"fr-FR"},{"@type":"ImageObject","@id":"https:\/\/www.montagnicimes.com\/albiez\/l-agenda\/#primaryimage","inLanguage":"fr-FR","url":"https:\/\/www.montagnicimes.com\/albiez\/wp-content\/uploads\/sites\/2\/2022\/09\/lagenda.jpg","contentUrl":"https:\/\/www.montagnicimes.com\/albiez\/wp-content\/uploads\/sites\/2\/2022\/09\/lagenda.jpg","width":1920,"height":1280,"caption":"agenda albiez hiver station march\u00e9"},{"@type":"WebPage","@id":"https:\/\/www.montagnicimes.com\/albiez\/l-agenda\/#webpage","url":"https:\/\/www.montagnicimes.com\/albiez\/l-agenda\/","name":"L'agenda des sorties et \u00e9v\u00e9nements \u00e0 Albiez-Montrond - Albiez","isPartOf":{"@id":"https:\/\/www.montagnicimes.com\/albiez\/#website"},"primaryImageOfPage":{"@id":"https:\/\/www.montagnicimes.com\/albiez\/l-agenda\/#primaryimage"},"datePublished":"2021-09-24T13:09:13+00:00","dateModified":"2024-09-02T07:42:34+00:00","description":"Vous venez d'arriver sur Albiez et vous ne savez pas par o\u00f9 commencer, retrouvez ICI toutes les activit\u00e9s, animations de la semaine, le programme de","breadcrumb":{"@id":"https:\/\/www.montagnicimes.com\/albiez\/l-agenda\/#breadcrumb"},"inLanguage":"fr-FR","potentialAction":[{"@type":"ReadAction","target":["https:\/\/www.montagnicimes.com\/albiez\/l-agenda\/"]}]},{"@type":"BreadcrumbList","@id":"https:\/\/www.montagnicimes.com\/albiez\/l-agenda\/#breadcrumb","itemListElement":[{"@type":"ListItem","position":1,"name":"Accueil","item":"https:\/\/www.montagnicimes.com\/albiez\/"},{"@type":"ListItem","position":2,"name":"L&rsquo;agenda"}]}]}},"_links":{"self":[{"href":"https:\/\/www.montagnicimes.com\/albiez\/wp-json\/wp\/v2\/pages\/7545"}],"collection":[{"href":"https:\/\/www.montagnicimes.com\/albiez\/wp-json\/wp\/v2\/pages"}],"about":[{"href":"https:\/\/www.montagnicimes.com\/albiez\/wp-json\/wp\/v2\/types\/page"}],"author":[{"embeddable":true,"href":"https:\/\/www.montagnicimes.com\/albiez\/wp-json\/wp\/v2\/users\/1"}],"replies":[{"embeddable":true,"href":"https:\/\/www.montagnicimes.com\/albiez\/wp-json\/wp\/v2\/comments?post=7545"}],"version-history":[{"count":16,"href":"https:\/\/www.montagnicimes.com\/albiez\/wp-json\/wp\/v2\/pages\/7545\/revisions"}],"predecessor-version":[{"id":33101,"href":"https:\/\/www.montagnicimes.com\/albiez\/wp-json\/wp\/v2\/pages\/7545\/revisions\/33101"}],"wp:featuredmedia":[{"embeddable":true,"href":"https:\/\/www.montagnicimes.com\/albiez\/wp-json\/wp\/v2\/media\/17981"}],"wp:attachment":[{"href":"https:\/\/www.montagnicimes.com\/albiez\/wp-json\/wp\/v2\/media?parent=7545"}],"wp:term":[{"taxonomy":"post_tag","embeddable":true,"href":"https:\/\/www.montagnicimes.com\/albiez\/wp-json\/wp\/v2\/post_tag?post=7545"}],"curies":[{"name":"wp","href":"https:\/\/api.w.org\/{rel}","templated":true}]}}