{"id":7541,"date":"2021-09-24T15:09:09","date_gmt":"2021-09-24T13:09:09","guid":{"rendered":"https:\/\/www.montagnicimes.com\/albiez\/garderie\/"},"modified":"2021-11-24T20:57:19","modified_gmt":"2021-11-24T19:57:19","slug":"garderie-et-centre-de-loisirs","status":"publish","type":"page","link":"https:\/\/www.montagnicimes.com\/albiez\/sorganiser\/garderie-et-centre-de-loisirs\/","title":{"rendered":"Garderie et centre de loisirs"},"content":{"rendered":"\n<p class=\"is-style-excerpt\">La Halte-Garderie \u00ab&nbsp;Le Chat Perch\u00e9&nbsp;\u00bb et le centre de loisirs \u00ab\u00a0Le Petit Montagnard\u00a0\u00bb, au centre du village d\u2019Albiez-Montrond<br>proposent un accueil r\u00e9gulier ou occasionnel aussi bien en hiver qu&rsquo;en \u00e9t\u00e9. En plus du cadre exceptionnel offert par les Aiguilles d\u2019Arves, la structure poss\u00e8de ses propres jardins. Alors n\u2019h\u00e9sitez pas \u00e0 venir nous rejoindre&nbsp;! Nous nous adapterons aux envies de vos enfants. La garderie accueille vos enfants de 3 mois \u00e0 6 ans, et le centre de loisirs de 4 ans \u00e0 12 ans.<\/p>\n\n\n\n<p><\/p>\n\n\n\n<div class=\"wp-block wp-block-related-post clear alignfull\">\n\n    <div class=\"article\">\n        \n            <\/div>\n\n    <div class=\"container\">\n        <div class=\"wp-block-related-post-inner\">\n            <div data-id=\"wpiris-related-post\" data-slides-per-view=\"2\">\n                <div data-id=\"wpiris-related-post-wrapper\">\n                                            \n<div class=\"postItem swiper-slide\" data-trigger=\"wpiris-click\" >\n    <a href=\"https:\/\/www.montagnicimes.com\/albiez\/commerce-service\/halte-garderie-le-chat-perche\/\" nofancybox class=\"postItemThumbnail\">\n        <img data-src=\"https:\/\/www.montagnicimes.com\/albiez\/wp-content\/uploads\/sites\/2\/wpiris-images\/10703\/11216652-diaporama-590x440-c.jpg\" alt=\"Halte-garderie &#8211; Le Chat Perch\u00e9\">\n    <\/a>\n    <div class=\"postItemContent\">\n\n        <div class=\"postItemContentHeading\">\n                                    <h3 class=\"postItemContentTitle\" >\n                <a href=\"https:\/\/www.montagnicimes.com\/albiez\/commerce-service\/halte-garderie-le-chat-perche\/\">Halte-garderie &#8211; Le Chat Perch\u00e9<\/a>\n            <\/h3>                    <\/div>\n        \n<div class=\"postItemContentExcerpt\">\n    La Halte-garderie \u00ab\u00a0Le Chat Perch\u00e9\u00a0\u00bb propose un accueil r\u00e9gulier ou occasionnel en hiver et en \u00e9t\u00e9 pour les enfants de 3 mois \u00e0 4 ans. Une \u00e9quipe dipl\u00f4m\u00e9e les accueille dans un espace ludique et s\u00e9curis\u00e9 bien \u00e9quip\u00e9 tant \u00e0 l&rsquo;int\u00e9rieur, qu&rsquo;\u00e0 l&rsquo;ext\u00e9rieur.<\/div>\n    <\/div>\n<\/div>\n                                            \n<div class=\"postItem swiper-slide\" data-trigger=\"wpiris-click\" >\n    <a href=\"https:\/\/www.montagnicimes.com\/albiez\/commerce-service\/centre-de-loisirs-le-petit-montagnard\/\" nofancybox class=\"postItemThumbnail\">\n        <img data-src=\"https:\/\/www.montagnicimes.com\/albiez\/wp-content\/uploads\/sites\/2\/wpiris-images\/7731\/10137775-diaporama-590x440-c.jpg\" alt=\"Centre de loisirs &#8211; Le Petit Montagnard\">\n    <\/a>\n    <div class=\"postItemContent\">\n\n        <div class=\"postItemContentHeading\">\n                                    <h3 class=\"postItemContentTitle\" >\n                <a href=\"https:\/\/www.montagnicimes.com\/albiez\/commerce-service\/centre-de-loisirs-le-petit-montagnard\/\">Centre de loisirs &#8211; Le Petit Montagnard<\/a>\n            <\/h3>                    <\/div>\n        \n<div class=\"postItemContentExcerpt\">\n    Le centre de loisirs Le Petit Montagnard accueille les enfants de 5 \u00e0 12 ans \u00e0 la journ\u00e9e ou \u00e0 la demi-journ\u00e9e. L&rsquo;\u00e9quipe encadrante propose des activit\u00e9s et animations diversifi\u00e9es pendant les vacances scolaires, d\u00e9finies dans le cadre du projet \u00e9ducatif.<\/div>\n    <\/div>\n<\/div>\n                                    <\/div>\n            <\/div>\n        <\/div>\n    <\/div>\n\n    <div class=\"article\">\n            <\/div>\n<\/div>","protected":false},"excerpt":{"rendered":"<p>La Halte-Garderie \u00ab&nbsp;Le Chat Perch\u00e9&nbsp;\u00bb et le centre de loisirs \u00ab\u00a0Le Petit Montagnard\u00a0\u00bb, au centre du village d\u2019Albiez-Montrondproposent un accueil r\u00e9gulier ou occasionnel aussi bien en hiver qu&rsquo;en \u00e9t\u00e9. En plus du cadre exceptionnel offert par les Aiguilles d\u2019Arves, la structure poss\u00e8de ses propres jardins. Alors n\u2019h\u00e9sitez pas \u00e0 venir nous rejoindre&nbsp;! Nous nous adapterons [&hellip;]<\/p>\n","protected":false},"author":1,"featured_media":10701,"parent":7534,"menu_order":4,"comment_status":"closed","ping_status":"closed","template":"","meta":{"_relevanssi_hide_post":"","_relevanssi_pin_for_all":"","_relevanssi_pin_keywords":"","_relevanssi_unpin_keywords":"","_relevanssi_related_keywords":"","_relevanssi_related_include_ids":"","_relevanssi_related_exclude_ids":"","_relevanssi_related_no_append":"","_relevanssi_related_not_related":"","_relevanssi_related_posts":"491,489,493","_relevanssi_noindex_reason":""},"post_tag":[],"acf":[],"yoast_head":"<!-- This site is optimized with the Yoast SEO plugin v17.6 - https:\/\/yoast.com\/wordpress\/plugins\/seo\/ -->\n<meta name=\"description\" content=\"La Halte-Garderie \u00ab&nbsp;Le Chat Perch\u00e9&nbsp;\u00bb et le centre de loisirs &quot;Le Petit Montagnard&quot;, au centre du village d\u2019Albiez-Montrondproposent un accueil\" \/>\n<meta name=\"robots\" content=\"index, follow, max-snippet:-1, max-image-preview:large, max-video-preview:-1\" \/>\n<link rel=\"canonical\" href=\"https:\/\/www.montagnicimes.com\/albiez\/sorganiser\/garderie-et-centre-de-loisirs\/\" \/>\n<meta property=\"og:locale\" content=\"fr_FR\" \/>\n<meta property=\"og:type\" content=\"article\" \/>\n<meta property=\"og:title\" content=\"Garderie et centre de loisirs \u00e0 Albiez-Montrond - Albiez\" \/>\n<meta property=\"og:description\" content=\"La Halte-Garderie \u00ab&nbsp;Le Chat Perch\u00e9&nbsp;\u00bb et le centre de loisirs &quot;Le Petit Montagnard&quot;, au centre du village d\u2019Albiez-Montrondproposent un accueil\" \/>\n<meta property=\"og:url\" content=\"https:\/\/www.montagnicimes.com\/albiez\/sorganiser\/garderie-et-centre-de-loisirs\/\" \/>\n<meta property=\"og:site_name\" content=\"Albiez\" \/>\n<meta property=\"article:modified_time\" content=\"2021-11-24T19:57:19+00:00\" \/>\n<meta property=\"og:image\" content=\"https:\/\/www.montagnicimes.com\/albiez\/wp-content\/uploads\/sites\/2\/wpetourisme\/11216199-diaporama.jpg\" \/>\n\t<meta property=\"og:image:width\" content=\"1200\" \/>\n\t<meta property=\"og:image:height\" content=\"1600\" \/>\n<meta name=\"twitter:card\" content=\"summary_large_image\" \/>\n<meta name=\"twitter:label1\" content=\"Dur\u00e9e de lecture estim\u00e9e\" \/>\n\t<meta name=\"twitter:data1\" content=\"1 minute\" \/>\n<script type=\"application\/ld+json\" class=\"yoast-schema-graph\">{\"@context\":\"https:\/\/schema.org\",\"@graph\":[{\"@type\":\"WebSite\",\"@id\":\"https:\/\/www.montagnicimes.com\/albiez\/#website\",\"url\":\"https:\/\/www.montagnicimes.com\/albiez\/\",\"name\":\"Albiez\",\"description\":\"Office de tourisme Montagnicimes - Albiez\",\"potentialAction\":[{\"@type\":\"SearchAction\",\"target\":{\"@type\":\"EntryPoint\",\"urlTemplate\":\"https:\/\/www.montagnicimes.com\/albiez\/?s={search_term_string}\"},\"query-input\":\"required name=search_term_string\"}],\"inLanguage\":\"fr-FR\"},{\"@type\":\"ImageObject\",\"@id\":\"https:\/\/www.montagnicimes.com\/albiez\/sorganiser\/garderie-et-centre-de-loisirs\/#primaryimage\",\"inLanguage\":\"fr-FR\",\"url\":\"https:\/\/www.montagnicimes.com\/albiez\/wp-content\/uploads\/sites\/2\/wpetourisme\/11216199-diaporama.jpg\",\"contentUrl\":\"https:\/\/www.montagnicimes.com\/albiez\/wp-content\/uploads\/sites\/2\/wpetourisme\/11216199-diaporama.jpg\",\"width\":1200,\"height\":1600,\"caption\":\"Garderie\"},{\"@type\":\"WebPage\",\"@id\":\"https:\/\/www.montagnicimes.com\/albiez\/sorganiser\/garderie-et-centre-de-loisirs\/#webpage\",\"url\":\"https:\/\/www.montagnicimes.com\/albiez\/sorganiser\/garderie-et-centre-de-loisirs\/\",\"name\":\"Garderie et centre de loisirs \\u00e0 Albiez-Montrond - Albiez\",\"isPartOf\":{\"@id\":\"https:\/\/www.montagnicimes.com\/albiez\/#website\"},\"primaryImageOfPage\":{\"@id\":\"https:\/\/www.montagnicimes.com\/albiez\/sorganiser\/garderie-et-centre-de-loisirs\/#primaryimage\"},\"datePublished\":\"2021-09-24T13:09:09+00:00\",\"dateModified\":\"2021-11-24T19:57:19+00:00\",\"description\":\"La Halte-Garderie \\u00ab&nbsp;Le Chat Perch\\u00e9&nbsp;\\u00bb et le centre de loisirs \\\"Le Petit Montagnard\\\", au centre du village d\\u2019Albiez-Montrondproposent un accueil\",\"breadcrumb\":{\"@id\":\"https:\/\/www.montagnicimes.com\/albiez\/sorganiser\/garderie-et-centre-de-loisirs\/#breadcrumb\"},\"inLanguage\":\"fr-FR\",\"potentialAction\":[{\"@type\":\"ReadAction\",\"target\":[\"https:\/\/www.montagnicimes.com\/albiez\/sorganiser\/garderie-et-centre-de-loisirs\/\"]}]},{\"@type\":\"BreadcrumbList\",\"@id\":\"https:\/\/www.montagnicimes.com\/albiez\/sorganiser\/garderie-et-centre-de-loisirs\/#breadcrumb\",\"itemListElement\":[{\"@type\":\"ListItem\",\"position\":1,\"name\":\"Accueil\",\"item\":\"https:\/\/www.montagnicimes.com\/albiez\/\"},{\"@type\":\"ListItem\",\"position\":2,\"name\":\"S&rsquo;organiser\",\"item\":\"https:\/\/www.montagnicimes.com\/albiez\/sorganiser\/\"},{\"@type\":\"ListItem\",\"position\":3,\"name\":\"Garderie et centre de loisirs\"}]}]}<\/script>\n<!-- \/ Yoast SEO plugin. -->","yoast_head_json":{"description":"La Halte-Garderie \u00ab&nbsp;Le Chat Perch\u00e9&nbsp;\u00bb et le centre de loisirs \"Le Petit Montagnard\", au centre du village d\u2019Albiez-Montrondproposent un accueil","robots":{"index":"index","follow":"follow","max-snippet":"max-snippet:-1","max-image-preview":"max-image-preview:large","max-video-preview":"max-video-preview:-1"},"canonical":"https:\/\/www.montagnicimes.com\/albiez\/sorganiser\/garderie-et-centre-de-loisirs\/","og_locale":"fr_FR","og_type":"article","og_title":"Garderie et centre de loisirs \u00e0 Albiez-Montrond - Albiez","og_description":"La Halte-Garderie \u00ab&nbsp;Le Chat Perch\u00e9&nbsp;\u00bb et le centre de loisirs \"Le Petit Montagnard\", au centre du village d\u2019Albiez-Montrondproposent un accueil","og_url":"https:\/\/www.montagnicimes.com\/albiez\/sorganiser\/garderie-et-centre-de-loisirs\/","og_site_name":"Albiez","article_modified_time":"2021-11-24T19:57:19+00:00","og_image":[{"width":1200,"height":1600,"url":"https:\/\/www.montagnicimes.com\/albiez\/wp-content\/uploads\/sites\/2\/wpetourisme\/11216199-diaporama.jpg","type":"image\/jpeg"}],"twitter_card":"summary_large_image","twitter_misc":{"Dur\u00e9e de lecture estim\u00e9e":"1 minute"},"schema":{"@context":"https:\/\/schema.org","@graph":[{"@type":"WebSite","@id":"https:\/\/www.montagnicimes.com\/albiez\/#website","url":"https:\/\/www.montagnicimes.com\/albiez\/","name":"Albiez","description":"Office de tourisme Montagnicimes - Albiez","potentialAction":[{"@type":"SearchAction","target":{"@type":"EntryPoint","urlTemplate":"https:\/\/www.montagnicimes.com\/albiez\/?s={search_term_string}"},"query-input":"required name=search_term_string"}],"inLanguage":"fr-FR"},{"@type":"ImageObject","@id":"https:\/\/www.montagnicimes.com\/albiez\/sorganiser\/garderie-et-centre-de-loisirs\/#primaryimage","inLanguage":"fr-FR","url":"https:\/\/www.montagnicimes.com\/albiez\/wp-content\/uploads\/sites\/2\/wpetourisme\/11216199-diaporama.jpg","contentUrl":"https:\/\/www.montagnicimes.com\/albiez\/wp-content\/uploads\/sites\/2\/wpetourisme\/11216199-diaporama.jpg","width":1200,"height":1600,"caption":"Garderie"},{"@type":"WebPage","@id":"https:\/\/www.montagnicimes.com\/albiez\/sorganiser\/garderie-et-centre-de-loisirs\/#webpage","url":"https:\/\/www.montagnicimes.com\/albiez\/sorganiser\/garderie-et-centre-de-loisirs\/","name":"Garderie et centre de loisirs \u00e0 Albiez-Montrond - Albiez","isPartOf":{"@id":"https:\/\/www.montagnicimes.com\/albiez\/#website"},"primaryImageOfPage":{"@id":"https:\/\/www.montagnicimes.com\/albiez\/sorganiser\/garderie-et-centre-de-loisirs\/#primaryimage"},"datePublished":"2021-09-24T13:09:09+00:00","dateModified":"2021-11-24T19:57:19+00:00","description":"La Halte-Garderie \u00ab&nbsp;Le Chat Perch\u00e9&nbsp;\u00bb et le centre de loisirs \"Le Petit Montagnard\", au centre du village d\u2019Albiez-Montrondproposent un accueil","breadcrumb":{"@id":"https:\/\/www.montagnicimes.com\/albiez\/sorganiser\/garderie-et-centre-de-loisirs\/#breadcrumb"},"inLanguage":"fr-FR","potentialAction":[{"@type":"ReadAction","target":["https:\/\/www.montagnicimes.com\/albiez\/sorganiser\/garderie-et-centre-de-loisirs\/"]}]},{"@type":"BreadcrumbList","@id":"https:\/\/www.montagnicimes.com\/albiez\/sorganiser\/garderie-et-centre-de-loisirs\/#breadcrumb","itemListElement":[{"@type":"ListItem","position":1,"name":"Accueil","item":"https:\/\/www.montagnicimes.com\/albiez\/"},{"@type":"ListItem","position":2,"name":"S&rsquo;organiser","item":"https:\/\/www.montagnicimes.com\/albiez\/sorganiser\/"},{"@type":"ListItem","position":3,"name":"Garderie et centre de loisirs"}]}]}},"_links":{"self":[{"href":"https:\/\/www.montagnicimes.com\/albiez\/wp-json\/wp\/v2\/pages\/7541"}],"collection":[{"href":"https:\/\/www.montagnicimes.com\/albiez\/wp-json\/wp\/v2\/pages"}],"about":[{"href":"https:\/\/www.montagnicimes.com\/albiez\/wp-json\/wp\/v2\/types\/page"}],"author":[{"embeddable":true,"href":"https:\/\/www.montagnicimes.com\/albiez\/wp-json\/wp\/v2\/users\/1"}],"replies":[{"embeddable":true,"href":"https:\/\/www.montagnicimes.com\/albiez\/wp-json\/wp\/v2\/comments?post=7541"}],"version-history":[{"count":8,"href":"https:\/\/www.montagnicimes.com\/albiez\/wp-json\/wp\/v2\/pages\/7541\/revisions"}],"predecessor-version":[{"id":17020,"href":"https:\/\/www.montagnicimes.com\/albiez\/wp-json\/wp\/v2\/pages\/7541\/revisions\/17020"}],"up":[{"embeddable":true,"href":"https:\/\/www.montagnicimes.com\/albiez\/wp-json\/wp\/v2\/pages\/7534"}],"wp:featuredmedia":[{"embeddable":true,"href":"https:\/\/www.montagnicimes.com\/albiez\/wp-json\/wp\/v2\/media\/10701"}],"wp:attachment":[{"href":"https:\/\/www.montagnicimes.com\/albiez\/wp-json\/wp\/v2\/media?parent=7541"}],"wp:term":[{"taxonomy":"post_tag","embeddable":true,"href":"https:\/\/www.montagnicimes.com\/albiez\/wp-json\/wp\/v2\/post_tag?post=7541"}],"curies":[{"name":"wp","href":"https:\/\/api.w.org\/{rel}","templated":true}]}}