{"id":7528,"date":"2021-09-24T15:08:57","date_gmt":"2021-09-24T13:08:57","guid":{"rendered":"https:\/\/www.montagnicimes.com\/albiez\/baignade\/"},"modified":"2023-11-27T10:35:34","modified_gmt":"2023-11-27T09:35:34","slug":"baignade","status":"publish","type":"page","link":"https:\/\/www.montagnicimes.com\/albiez\/se-divertir\/activites-ete\/baignade\/","title":{"rendered":"Baignade"},"content":{"rendered":"\n<p class=\"is-style-excerpt\">Bienvenue \u00e0 Albiez, un havre rafra\u00eechissant au c\u0153ur de l&rsquo;\u00e9t\u00e9 ! D\u00e9couvrez notre plan d&rsquo;eau, oasis de fra\u00eecheur id\u00e9ale en p\u00e9riode de canicule. Plongez dans une multitude d&rsquo;activit\u00e9s aquatiques con\u00e7ues pour toute la famille.<\/p>\n\n\n\n<div class=\"wp-block wp-block-related-post clear alignfull\">\n    \n    <div class=\"article\">\n                \n            <\/div>\n\n    <div class=\"container\">\n        <div class=\"wp-block-related-post-inner\">\n            <div data-id=\"wpiris-related-post\" data-slides-per-view=\"2\">\n                <div data-id=\"wpiris-related-post-wrapper\">\n                                            \n<div class=\"postItem swiper-slide\" data-trigger=\"wpiris-click\" >\n    <a href=\"https:\/\/www.montagnicimes.com\/albiez\/equipement\/plan-deau-et-baignade-du-col-du-mollard\/\" nofancybox class=\"postItemThumbnail\">\n        <img data-src=\"https:\/\/www.montagnicimes.com\/albiez\/wp-content\/uploads\/sites\/2\/wpiris-images\/43150\/39497834-diaporama-590x440-c.jpg\" alt=\"Plan d&rsquo;eau et baignade du Col du Mollard\">\n    <\/a>\n    <div class=\"postItemContent\">\n\n        <div class=\"postItemContentHeading\">\n                                    <h3 class=\"postItemContentTitle\" >\n                <a href=\"https:\/\/www.montagnicimes.com\/albiez\/equipement\/plan-deau-et-baignade-du-col-du-mollard\/\">Plan d&rsquo;eau et baignade du Col du Mollard<\/a>\n            <\/h3>                    <\/div>\n        \n<div class=\"postItemContentExcerpt\">\n    Une p\u00e9pite aux eaux turquoises au milieu des prairies d&rsquo;alpages. Venez profiter de cet espace ouvert et ensoleill\u00e9 avec une vue imprenable sur les aiguilles d&rsquo;Arves. Plage am\u00e9nag\u00e9e sur gazon. Plan d&rsquo;eau pour tous et pataugeoire pour les plus petits.<\/div>\n    <\/div>\n<\/div>\n                                            \n<div class=\"postItem swiper-slide\" data-trigger=\"wpiris-click\" >\n    <a href=\"https:\/\/www.montagnicimes.com\/albiez\/equipement\/plan-deau-et-baignade-dalbiez-le-jeune\/\" nofancybox class=\"postItemThumbnail\">\n        <img data-src=\"https:\/\/www.montagnicimes.com\/albiez\/wp-content\/uploads\/sites\/2\/wpiris-images\/39753\/34513067-diaporama-590x440-c.jpg\" alt=\"Plan d&rsquo;eau et baignade d&rsquo;Albiez-le-Jeune\">\n    <\/a>\n    <div class=\"postItemContent\">\n\n        <div class=\"postItemContentHeading\">\n                                    <h3 class=\"postItemContentTitle\" >\n                <a href=\"https:\/\/www.montagnicimes.com\/albiez\/equipement\/plan-deau-et-baignade-dalbiez-le-jeune\/\">Plan d&rsquo;eau et baignade d&rsquo;Albiez-le-Jeune<\/a>\n            <\/h3>                    <\/div>\n        \n<div class=\"postItemContentExcerpt\">\n    Un endroit id\u00e9al pour la baignade (surveill\u00e9e en \u00e9t\u00e9) et le repos aux d\u00e9part et arriv\u00e9e de plusieurs randonn\u00e9es. Situ\u00e9 au niveau de la zone de loisirs, le plan d&rsquo;eau est \u00e0 proximit\u00e9 de jeux pour enfant, aire de pique-nique, terrains de p\u00e9tanque et tennis.<\/div>\n    <\/div>\n<\/div>\n                                    <\/div>\n            <\/div>\n        <\/div>\n    <\/div>\n<\/div>\n\n\n<h2>Les activit\u00e9s autour des plans d&rsquo;eau<\/h2>\n\n\n\n<p>Rejoignez-nous et profitez d&rsquo;un \u00e9t\u00e9 rafra\u00eechissant o\u00f9 l&rsquo;eau devient le terrain de jeu id\u00e9al pour des moments de d\u00e9tente, et de baignade en famille. Et des aventures aquatiques in\u00e9dites. Albiez vous ouvre ses portes pour des souvenirs estivaux m\u00e9morables au fil de l&rsquo;eau !<\/p>\n\n\n\n<div class=\"wp-block wp-block-related-post clear alignfull\">\n    \n    <div class=\"article\">\n                \n            <\/div>\n\n    <div class=\"container\">\n        <div class=\"wp-block-related-post-inner\">\n            <div data-id=\"wpiris-related-post\" data-slides-per-view=\"2\">\n                <div data-id=\"wpiris-related-post-wrapper\">\n                                            \n<div class=\"postItem swiper-slide\" data-trigger=\"wpiris-click\" >\n    <a href=\"https:\/\/www.montagnicimes.com\/albiez\/activite\/bateaux-mississippi\/\" nofancybox class=\"postItemThumbnail\">\n        <img data-src=\"https:\/\/www.montagnicimes.com\/albiez\/wp-content\/uploads\/sites\/2\/wpiris-images\/39663\/34513214-diaporama-590x440-c.jpg\" alt=\"Bateaux Mississippi\">\n    <\/a>\n    <div class=\"postItemContent\">\n\n        <div class=\"postItemContentHeading\">\n                                    <h3 class=\"postItemContentTitle\" >\n                <a href=\"https:\/\/www.montagnicimes.com\/albiez\/activite\/bateaux-mississippi\/\">Bateaux Mississippi<\/a>\n            <\/h3>                    <\/div>\n        \n<div class=\"postItemContentExcerpt\">\n    Insubmersible et facile \u00e0 man\u0153uvrer \u00e0 l\u2019aide de ses manivelles \u00e0 bras, voici un petit bateau pour lequel les enfants de 4 \u00e0 12 ans voudront tous \u00eatre le capitaine !<\/div>\n    <\/div>\n<\/div>\n                                            \n<div class=\"postItem swiper-slide\" data-trigger=\"wpiris-click\" >\n    <a href=\"https:\/\/www.montagnicimes.com\/albiez\/activite\/parcours-aqualudique\/\" nofancybox class=\"postItemThumbnail\">\n        <img data-src=\"https:\/\/www.montagnicimes.com\/albiez\/wp-content\/uploads\/sites\/2\/wpiris-images\/39667\/34513098-diaporama-590x440-c.jpg\" alt=\"Parcours aqualudique\">\n    <\/a>\n    <div class=\"postItemContent\">\n\n        <div class=\"postItemContentHeading\">\n                                    <h3 class=\"postItemContentTitle\" >\n                <a href=\"https:\/\/www.montagnicimes.com\/albiez\/activite\/parcours-aqualudique\/\">Parcours aqualudique<\/a>\n            <\/h3>                    <\/div>\n        \n<div class=\"postItemContentExcerpt\">\n    Venez passer de bons moments en famille ou entre amis sur ce site exceptionnel qu&rsquo;est le Plan d&rsquo;eau du Col du Mollard. Sur son parcours aqualudique, vous pourrez plonger, nager, grimper, glisser, sauter\u2026 Bref, vous rafraichir et vous amuser !<\/div>\n    <\/div>\n<\/div>\n                                            \n<div class=\"postItem swiper-slide\" data-trigger=\"wpiris-click\" >\n    <a href=\"https:\/\/www.montagnicimes.com\/albiez\/activite\/initiation-paddle-sur-le-plan-deau\/\" nofancybox class=\"postItemThumbnail\">\n        <img data-src=\"https:\/\/www.montagnicimes.com\/albiez\/wp-content\/uploads\/sites\/2\/wpiris-images\/43134\/39497882-diaporama-590x440-c.jpg\" alt=\"Initiation Paddle sur le plan d&rsquo;eau\">\n    <\/a>\n    <div class=\"postItemContent\">\n\n        <div class=\"postItemContentHeading\">\n                                    <h3 class=\"postItemContentTitle\" >\n                <a href=\"https:\/\/www.montagnicimes.com\/albiez\/activite\/initiation-paddle-sur-le-plan-deau\/\">Initiation Paddle sur le plan d&rsquo;eau<\/a>\n            <\/h3>                    <\/div>\n        \n<div class=\"postItemContentExcerpt\">\n    Pour allier sport et d\u00e9tente sur le plan d&rsquo;eau du Mollard, le magasin Intersport du Mollard vous propose des initiations au paddle de une ou deux heures, adapt\u00e9es \u00e0 tous les niveaux.<\/div>\n    <\/div>\n<\/div>\n                                            \n<div class=\"postItem swiper-slide\" data-trigger=\"wpiris-click\" >\n    <a href=\"https:\/\/www.montagnicimes.com\/albiez\/equipement\/zone-de-loisirs-des-lecheres\/\" nofancybox class=\"postItemThumbnail\">\n        <img data-src=\"https:\/\/www.montagnicimes.com\/albiez\/wp-content\/uploads\/sites\/2\/wpiris-images\/11356\/7373174-diaporama-590x440-c.jpg\" alt=\"Zone de loisirs des L\u00e9ch\u00e8res\">\n    <\/a>\n    <div class=\"postItemContent\">\n\n        <div class=\"postItemContentHeading\">\n                                    <h3 class=\"postItemContentTitle\" >\n                <a href=\"https:\/\/www.montagnicimes.com\/albiez\/equipement\/zone-de-loisirs-des-lecheres\/\">Zone de loisirs des L\u00e9ch\u00e8res<\/a>\n            <\/h3>                    <\/div>\n        \n<div class=\"postItemContentExcerpt\">\n    Un endroit id\u00e9al pour la d\u00e9tente au d\u00e9part de plusieurs randonn\u00e9es. Plan d&rsquo;eau de baignade, tables de pique-nique, jeux pour enfants, court de tennis et zone de bivouac am\u00e9nag\u00e9e.<\/div>\n    <\/div>\n<\/div>\n                                            \n<div class=\"postItem swiper-slide\" data-trigger=\"wpiris-click\" >\n    <a href=\"https:\/\/www.montagnicimes.com\/albiez\/equipement\/aire-de-jeux-du-mollard\/\" nofancybox class=\"postItemThumbnail\">\n        <img data-src=\"https:\/\/www.montagnicimes.com\/albiez\/wp-content\/uploads\/sites\/2\/wpiris-images\/39748\/34513203-diaporama-590x440-c.jpg\" alt=\"Aire de jeux du Mollard\">\n    <\/a>\n    <div class=\"postItemContent\">\n\n        <div class=\"postItemContentHeading\">\n                                    <h3 class=\"postItemContentTitle\" >\n                <a href=\"https:\/\/www.montagnicimes.com\/albiez\/equipement\/aire-de-jeux-du-mollard\/\">Aire de jeux du Mollard<\/a>\n            <\/h3>                    <\/div>\n        \n<div class=\"postItemContentExcerpt\">\n    Profitez d&rsquo;un espace am\u00e9nag\u00e9 au panorama exceptionnel ! Face aux Aiguilles d&rsquo;Arves, en bordure du plan d&rsquo;eau, les enfants pourront s&rsquo;amuser sur une structure d\u00e9di\u00e9e (toboggan et mur d&rsquo;escalade).\nSur place : tables de pique-nique, terrain de p\u00e9tanque, WC\u2026<\/div>\n    <\/div>\n<\/div>\n                                    <\/div>\n            <\/div>\n        <\/div>\n    <\/div>\n<\/div>\n\n\n<p>Les plus jeunes s&rsquo;amuseront \u00e0 bord du l\u00e9gendaire<a href=\"https:\/\/www.montagnicimes.com\/albiez\/activite\/bateaux-mississippi\/\"> bateau Mississippi<\/a>, naviguant joyeusement sur les eaux calmes du plan d&rsquo;eau. Un <a href=\"https:\/\/www.montagnicimes.com\/albiez\/activite\/parcours-aqualudique\/\">parcours aqualudique<\/a> ludique attend \u00e9galement les enfants, offrant rires et \u00e9claboussures pour des journ\u00e9es de baignade inoubliables.<\/p>\n\n\n\n<p>Pour les tout-petits, ne manquez pas le charmant plan d&rsquo;eau d&rsquo;Albiez-le-Jeune. C&rsquo;est l&rsquo;endroit id\u00e9al pour des moments en famille, avec des eaux peu profondes propices aux jeux et \u00e0 la baignade en toute s\u00e9curit\u00e9. Les plus petits pourront explorer les joies de l&rsquo;eau sous le regard bienveillant des parents, cr\u00e9ant des souvenirs pr\u00e9cieux au fil des rires et des d\u00e9couvertes.<\/p>\n","protected":false},"excerpt":{"rendered":"<p>Patauger, s\u2019amuser, se baigner ou tout simplement se pr\u00e9lasser\u2026 Vous trouverez sur Albiez de petits oasis pour vous sentir comme un poisson dans l\u2019eau. Fra\u00eecheur et fous rire garantis !<\/p>\n","protected":false},"author":1,"featured_media":11642,"parent":7524,"menu_order":1,"comment_status":"closed","ping_status":"closed","template":"","meta":{"_relevanssi_hide_post":"","_relevanssi_pin_for_all":"","_relevanssi_pin_keywords":"","_relevanssi_unpin_keywords":"","_relevanssi_related_keywords":"","_relevanssi_related_include_ids":"","_relevanssi_related_exclude_ids":"","_relevanssi_related_no_append":"","_relevanssi_related_not_related":"","_relevanssi_related_posts":"491,489,493","_relevanssi_noindex_reason":""},"post_tag":[],"acf":[],"yoast_head":"<!-- This site is optimized with the Yoast SEO plugin v17.6 - https:\/\/yoast.com\/wordpress\/plugins\/seo\/ -->\n<meta name=\"description\" content=\"Rejoignez-nous et profitez d&#039;un \u00e9t\u00e9 rafra\u00eechissant o\u00f9 l&#039;eau devient le terrain de jeu id\u00e9al pour des moments de d\u00e9tente et de baignade en famille.\" \/>\n<meta name=\"robots\" content=\"index, follow, max-snippet:-1, max-image-preview:large, max-video-preview:-1\" \/>\n<link rel=\"canonical\" href=\"https:\/\/www.montagnicimes.com\/albiez\/se-divertir\/activites-ete\/baignade\/\" \/>\n<meta property=\"og:locale\" content=\"fr_FR\" \/>\n<meta property=\"og:type\" content=\"article\" \/>\n<meta property=\"og:title\" content=\"Baignade - Albiez\" \/>\n<meta property=\"og:description\" content=\"Rejoignez-nous et profitez d&#039;un \u00e9t\u00e9 rafra\u00eechissant o\u00f9 l&#039;eau devient le terrain de jeu id\u00e9al pour des moments de d\u00e9tente et de baignade en famille.\" \/>\n<meta property=\"og:url\" content=\"https:\/\/www.montagnicimes.com\/albiez\/se-divertir\/activites-ete\/baignade\/\" \/>\n<meta property=\"og:site_name\" content=\"Albiez\" \/>\n<meta property=\"article:modified_time\" content=\"2023-11-27T09:35:34+00:00\" \/>\n<meta property=\"og:image\" content=\"https:\/\/www.montagnicimes.com\/albiez\/wp-content\/uploads\/sites\/2\/2021\/11\/Plan-deau-mollard-\u00a9OTIMontagnicimes.jpg\" \/>\n\t<meta property=\"og:image:width\" content=\"1920\" \/>\n\t<meta property=\"og:image:height\" content=\"1280\" \/>\n<meta name=\"twitter:card\" content=\"summary_large_image\" \/>\n<meta name=\"twitter:label1\" content=\"Dur\u00e9e de lecture estim\u00e9e\" \/>\n\t<meta name=\"twitter:data1\" content=\"1 minute\" \/>\n<script type=\"application\/ld+json\" class=\"yoast-schema-graph\">{\"@context\":\"https:\/\/schema.org\",\"@graph\":[{\"@type\":\"WebSite\",\"@id\":\"https:\/\/www.montagnicimes.com\/albiez\/#website\",\"url\":\"https:\/\/www.montagnicimes.com\/albiez\/\",\"name\":\"Albiez\",\"description\":\"Office de tourisme Montagnicimes - Albiez\",\"potentialAction\":[{\"@type\":\"SearchAction\",\"target\":{\"@type\":\"EntryPoint\",\"urlTemplate\":\"https:\/\/www.montagnicimes.com\/albiez\/?s={search_term_string}\"},\"query-input\":\"required name=search_term_string\"}],\"inLanguage\":\"fr-FR\"},{\"@type\":\"ImageObject\",\"@id\":\"https:\/\/www.montagnicimes.com\/albiez\/se-divertir\/activites-ete\/baignade\/#primaryimage\",\"inLanguage\":\"fr-FR\",\"url\":\"https:\/\/www.montagnicimes.com\/albiez\/wp-content\/uploads\/sites\/2\/2021\/11\/Plan-deau-mollard-\\u00a9OTIMontagnicimes.jpg\",\"contentUrl\":\"https:\/\/www.montagnicimes.com\/albiez\/wp-content\/uploads\/sites\/2\/2021\/11\/Plan-deau-mollard-\\u00a9OTIMontagnicimes.jpg\",\"width\":1920,\"height\":1280,\"caption\":\"Plan d'eau mollard\"},{\"@type\":\"WebPage\",\"@id\":\"https:\/\/www.montagnicimes.com\/albiez\/se-divertir\/activites-ete\/baignade\/#webpage\",\"url\":\"https:\/\/www.montagnicimes.com\/albiez\/se-divertir\/activites-ete\/baignade\/\",\"name\":\"Baignade - Albiez\",\"isPartOf\":{\"@id\":\"https:\/\/www.montagnicimes.com\/albiez\/#website\"},\"primaryImageOfPage\":{\"@id\":\"https:\/\/www.montagnicimes.com\/albiez\/se-divertir\/activites-ete\/baignade\/#primaryimage\"},\"datePublished\":\"2021-09-24T13:08:57+00:00\",\"dateModified\":\"2023-11-27T09:35:34+00:00\",\"description\":\"Rejoignez-nous et profitez d'un \\u00e9t\\u00e9 rafra\\u00eechissant o\\u00f9 l'eau devient le terrain de jeu id\\u00e9al pour des moments de d\\u00e9tente et de baignade en famille.\",\"breadcrumb\":{\"@id\":\"https:\/\/www.montagnicimes.com\/albiez\/se-divertir\/activites-ete\/baignade\/#breadcrumb\"},\"inLanguage\":\"fr-FR\",\"potentialAction\":[{\"@type\":\"ReadAction\",\"target\":[\"https:\/\/www.montagnicimes.com\/albiez\/se-divertir\/activites-ete\/baignade\/\"]}]},{\"@type\":\"BreadcrumbList\",\"@id\":\"https:\/\/www.montagnicimes.com\/albiez\/se-divertir\/activites-ete\/baignade\/#breadcrumb\",\"itemListElement\":[{\"@type\":\"ListItem\",\"position\":1,\"name\":\"Accueil\",\"item\":\"https:\/\/www.montagnicimes.com\/albiez\/\"},{\"@type\":\"ListItem\",\"position\":2,\"name\":\"Activit\\u00e9s\",\"item\":\"https:\/\/www.montagnicimes.com\/albiez\/se-divertir\/\"},{\"@type\":\"ListItem\",\"position\":3,\"name\":\"Activit\\u00e9s \\u00e9t\\u00e9\",\"item\":\"https:\/\/www.montagnicimes.com\/albiez\/se-divertir\/activites-ete\/\"},{\"@type\":\"ListItem\",\"position\":4,\"name\":\"Baignade\"}]}]}<\/script>\n<!-- \/ Yoast SEO plugin. -->","yoast_head_json":{"description":"Rejoignez-nous et profitez d'un \u00e9t\u00e9 rafra\u00eechissant o\u00f9 l'eau devient le terrain de jeu id\u00e9al pour des moments de d\u00e9tente et de baignade en famille.","robots":{"index":"index","follow":"follow","max-snippet":"max-snippet:-1","max-image-preview":"max-image-preview:large","max-video-preview":"max-video-preview:-1"},"canonical":"https:\/\/www.montagnicimes.com\/albiez\/se-divertir\/activites-ete\/baignade\/","og_locale":"fr_FR","og_type":"article","og_title":"Baignade - Albiez","og_description":"Rejoignez-nous et profitez d'un \u00e9t\u00e9 rafra\u00eechissant o\u00f9 l'eau devient le terrain de jeu id\u00e9al pour des moments de d\u00e9tente et de baignade en famille.","og_url":"https:\/\/www.montagnicimes.com\/albiez\/se-divertir\/activites-ete\/baignade\/","og_site_name":"Albiez","article_modified_time":"2023-11-27T09:35:34+00:00","og_image":[{"width":1920,"height":1280,"url":"https:\/\/www.montagnicimes.com\/albiez\/wp-content\/uploads\/sites\/2\/2021\/11\/Plan-deau-mollard-\u00a9OTIMontagnicimes.jpg","type":"image\/jpeg"}],"twitter_card":"summary_large_image","twitter_misc":{"Dur\u00e9e de lecture estim\u00e9e":"1 minute"},"schema":{"@context":"https:\/\/schema.org","@graph":[{"@type":"WebSite","@id":"https:\/\/www.montagnicimes.com\/albiez\/#website","url":"https:\/\/www.montagnicimes.com\/albiez\/","name":"Albiez","description":"Office de tourisme Montagnicimes - Albiez","potentialAction":[{"@type":"SearchAction","target":{"@type":"EntryPoint","urlTemplate":"https:\/\/www.montagnicimes.com\/albiez\/?s={search_term_string}"},"query-input":"required name=search_term_string"}],"inLanguage":"fr-FR"},{"@type":"ImageObject","@id":"https:\/\/www.montagnicimes.com\/albiez\/se-divertir\/activites-ete\/baignade\/#primaryimage","inLanguage":"fr-FR","url":"https:\/\/www.montagnicimes.com\/albiez\/wp-content\/uploads\/sites\/2\/2021\/11\/Plan-deau-mollard-\u00a9OTIMontagnicimes.jpg","contentUrl":"https:\/\/www.montagnicimes.com\/albiez\/wp-content\/uploads\/sites\/2\/2021\/11\/Plan-deau-mollard-\u00a9OTIMontagnicimes.jpg","width":1920,"height":1280,"caption":"Plan d'eau mollard"},{"@type":"WebPage","@id":"https:\/\/www.montagnicimes.com\/albiez\/se-divertir\/activites-ete\/baignade\/#webpage","url":"https:\/\/www.montagnicimes.com\/albiez\/se-divertir\/activites-ete\/baignade\/","name":"Baignade - Albiez","isPartOf":{"@id":"https:\/\/www.montagnicimes.com\/albiez\/#website"},"primaryImageOfPage":{"@id":"https:\/\/www.montagnicimes.com\/albiez\/se-divertir\/activites-ete\/baignade\/#primaryimage"},"datePublished":"2021-09-24T13:08:57+00:00","dateModified":"2023-11-27T09:35:34+00:00","description":"Rejoignez-nous et profitez d'un \u00e9t\u00e9 rafra\u00eechissant o\u00f9 l'eau devient le terrain de jeu id\u00e9al pour des moments de d\u00e9tente et de baignade en famille.","breadcrumb":{"@id":"https:\/\/www.montagnicimes.com\/albiez\/se-divertir\/activites-ete\/baignade\/#breadcrumb"},"inLanguage":"fr-FR","potentialAction":[{"@type":"ReadAction","target":["https:\/\/www.montagnicimes.com\/albiez\/se-divertir\/activites-ete\/baignade\/"]}]},{"@type":"BreadcrumbList","@id":"https:\/\/www.montagnicimes.com\/albiez\/se-divertir\/activites-ete\/baignade\/#breadcrumb","itemListElement":[{"@type":"ListItem","position":1,"name":"Accueil","item":"https:\/\/www.montagnicimes.com\/albiez\/"},{"@type":"ListItem","position":2,"name":"Activit\u00e9s","item":"https:\/\/www.montagnicimes.com\/albiez\/se-divertir\/"},{"@type":"ListItem","position":3,"name":"Activit\u00e9s \u00e9t\u00e9","item":"https:\/\/www.montagnicimes.com\/albiez\/se-divertir\/activites-ete\/"},{"@type":"ListItem","position":4,"name":"Baignade"}]}]}},"_links":{"self":[{"href":"https:\/\/www.montagnicimes.com\/albiez\/wp-json\/wp\/v2\/pages\/7528"}],"collection":[{"href":"https:\/\/www.montagnicimes.com\/albiez\/wp-json\/wp\/v2\/pages"}],"about":[{"href":"https:\/\/www.montagnicimes.com\/albiez\/wp-json\/wp\/v2\/types\/page"}],"author":[{"embeddable":true,"href":"https:\/\/www.montagnicimes.com\/albiez\/wp-json\/wp\/v2\/users\/1"}],"replies":[{"embeddable":true,"href":"https:\/\/www.montagnicimes.com\/albiez\/wp-json\/wp\/v2\/comments?post=7528"}],"version-history":[{"count":6,"href":"https:\/\/www.montagnicimes.com\/albiez\/wp-json\/wp\/v2\/pages\/7528\/revisions"}],"predecessor-version":[{"id":27094,"href":"https:\/\/www.montagnicimes.com\/albiez\/wp-json\/wp\/v2\/pages\/7528\/revisions\/27094"}],"up":[{"embeddable":true,"href":"https:\/\/www.montagnicimes.com\/albiez\/wp-json\/wp\/v2\/pages\/7524"}],"wp:featuredmedia":[{"embeddable":true,"href":"https:\/\/www.montagnicimes.com\/albiez\/wp-json\/wp\/v2\/media\/11642"}],"wp:attachment":[{"href":"https:\/\/www.montagnicimes.com\/albiez\/wp-json\/wp\/v2\/media?parent=7528"}],"wp:term":[{"taxonomy":"post_tag","embeddable":true,"href":"https:\/\/www.montagnicimes.com\/albiez\/wp-json\/wp\/v2\/post_tag?post=7528"}],"curies":[{"name":"wp","href":"https:\/\/api.w.org\/{rel}","templated":true}]}}