{"id":7526,"date":"2021-09-24T15:08:55","date_gmt":"2021-09-24T13:08:55","guid":{"rendered":"https:\/\/www.montagnicimes.com\/albiez\/randonnees\/"},"modified":"2021-11-16T16:36:47","modified_gmt":"2021-11-16T15:36:47","slug":"randonnees","status":"publish","type":"page","link":"https:\/\/www.montagnicimes.com\/albiez\/se-divertir\/activites-ete\/randonnees\/","title":{"rendered":"Randonn\u00e9es"},"content":{"rendered":"\n<p class=\"is-style-excerpt\">Que vous soyez sportifs confirm\u00e9s ou promeneurs d\u00e9butants, vous trouverez forc\u00e9ment la randonn\u00e9e qui vous correspond. \u00c0 Albiez, une multitude de sentiers vous am\u00e8nera \u00e0 la d\u00e9couverte de paysages somptueux o\u00f9 lacs d\u2019altitudes, torrents, flore alpine et faune sauvage se d\u00e9voileront \u00e0 vous au gr\u00e9 de vos balades, avec les Aiguilles d&rsquo;Arves en ligne de mire.<\/p>\n\n\n\n<div class=\"wp-block wp-block-child-post alignwide clear\">\n    \n<div class=\"entityItem \" data-trigger=\"wpiris-click\" >\n    <a href=\"https:\/\/www.montagnicimes.com\/albiez\/se-divertir\/activites-ete\/randonnees\/itineraires-de-randonnees\/\" nofancybox class=\"entityItemThumbnail\">\n        <img data-src=\"https:\/\/www.montagnicimes.com\/albiez\/wp-content\/uploads\/sites\/2\/wpiris-images\/11653\/7259370-diaporama-550x385-1-380x400-c.jpg\" alt=\"Itin\u00e9raires de randonn\u00e9es\">\n    <\/a>\n    <div class=\"entityItemContent\">\n\n        <div class=\"entityItemContentHeading\">\n                                    <h2 class=\"entityItemContentTitle\" >\n                <a href=\"https:\/\/www.montagnicimes.com\/albiez\/se-divertir\/activites-ete\/randonnees\/itineraires-de-randonnees\/\">Itin\u00e9raires de randonn\u00e9es<\/a>\n            <\/h2>                    <\/div>\n            <\/div>\n<\/div>\n\n<div class=\"entityItem \" data-trigger=\"wpiris-click\" >\n    <a href=\"https:\/\/www.montagnicimes.com\/albiez\/se-divertir\/activites-ete\/randonnees\/randonnees-accompagnees\/\" nofancybox class=\"entityItemThumbnail\">\n        <img data-src=\"https:\/\/www.montagnicimes.com\/albiez\/wp-content\/uploads\/sites\/2\/wpiris-images\/11655\/6292387-diaporama-1200x901-1-380x400-c.jpg\" alt=\"Randonn\u00e9es accompagn\u00e9es\">\n    <\/a>\n    <div class=\"entityItemContent\">\n\n        <div class=\"entityItemContentHeading\">\n                                    <h2 class=\"entityItemContentTitle\" >\n                <a href=\"https:\/\/www.montagnicimes.com\/albiez\/se-divertir\/activites-ete\/randonnees\/randonnees-accompagnees\/\">Randonn\u00e9es accompagn\u00e9es<\/a>\n            <\/h2>                    <\/div>\n            <\/div>\n<\/div>\n    <\/div>","protected":false},"excerpt":{"rendered":"<p>Que vous soyez sportifs confirm\u00e9s ou promeneurs d\u00e9butants, vous trouverez forc\u00e9ment la randonn\u00e9e qui vous correspond. \u00c0 Albiez, une multitude de sentiers vous am\u00e8nera \u00e0 la d\u00e9couverte de paysages somptueux o\u00f9 lacs d\u2019altitudes, torrents, flore alpine et faune sauvage se d\u00e9voileront \u00e0 vous au gr\u00e9 de vos balades, avec les Aiguilles d&rsquo;Arves en ligne de [&hellip;]<\/p>\n","protected":false},"author":1,"featured_media":11535,"parent":7524,"menu_order":0,"comment_status":"closed","ping_status":"closed","template":"","meta":{"_relevanssi_hide_post":"","_relevanssi_pin_for_all":"","_relevanssi_pin_keywords":"","_relevanssi_unpin_keywords":"","_relevanssi_related_keywords":"","_relevanssi_related_include_ids":"","_relevanssi_related_exclude_ids":"","_relevanssi_related_no_append":"","_relevanssi_related_not_related":"","_relevanssi_related_posts":"493,489,491","_relevanssi_noindex_reason":""},"post_tag":[],"acf":[],"yoast_head":"<!-- This site is optimized with the Yoast SEO plugin v17.6 - https:\/\/yoast.com\/wordpress\/plugins\/seo\/ -->\n<meta name=\"description\" content=\"Que vous soyez sportifs confirm\u00e9s ou promeneurs d\u00e9butants, vous trouverez forc\u00e9ment la randonn\u00e9e qui vous correspond. \u00c0 Albiez, une multitude de sentiers\" \/>\n<meta name=\"robots\" content=\"index, follow, max-snippet:-1, max-image-preview:large, max-video-preview:-1\" \/>\n<link rel=\"canonical\" href=\"https:\/\/www.montagnicimes.com\/albiez\/se-divertir\/activites-ete\/randonnees\/\" \/>\n<meta property=\"og:locale\" content=\"fr_FR\" \/>\n<meta property=\"og:type\" content=\"article\" \/>\n<meta property=\"og:title\" content=\"Randonn\u00e9es - Albiez\" \/>\n<meta property=\"og:description\" content=\"Que vous soyez sportifs confirm\u00e9s ou promeneurs d\u00e9butants, vous trouverez forc\u00e9ment la randonn\u00e9e qui vous correspond. \u00c0 Albiez, une multitude de sentiers\" \/>\n<meta property=\"og:url\" content=\"https:\/\/www.montagnicimes.com\/albiez\/se-divertir\/activites-ete\/randonnees\/\" \/>\n<meta property=\"og:site_name\" content=\"Albiez\" \/>\n<meta property=\"article:modified_time\" content=\"2021-11-16T15:36:47+00:00\" \/>\n<meta property=\"og:image\" content=\"https:\/\/www.montagnicimes.com\/albiez\/wp-content\/uploads\/sites\/2\/2021\/11\/Randonnee-Albiez-\u00a9OTIMontagnicimes.jpg\" \/>\n\t<meta property=\"og:image:width\" content=\"1920\" \/>\n\t<meta property=\"og:image:height\" content=\"1289\" \/>\n<meta name=\"twitter:card\" content=\"summary_large_image\" \/>\n<meta name=\"twitter:label1\" content=\"Dur\u00e9e de lecture estim\u00e9e\" \/>\n\t<meta name=\"twitter:data1\" content=\"1 minute\" \/>\n<script type=\"application\/ld+json\" class=\"yoast-schema-graph\">{\"@context\":\"https:\/\/schema.org\",\"@graph\":[{\"@type\":\"WebSite\",\"@id\":\"https:\/\/www.montagnicimes.com\/albiez\/#website\",\"url\":\"https:\/\/www.montagnicimes.com\/albiez\/\",\"name\":\"Albiez\",\"description\":\"Office de tourisme Montagnicimes - Albiez\",\"potentialAction\":[{\"@type\":\"SearchAction\",\"target\":{\"@type\":\"EntryPoint\",\"urlTemplate\":\"https:\/\/www.montagnicimes.com\/albiez\/?s={search_term_string}\"},\"query-input\":\"required name=search_term_string\"}],\"inLanguage\":\"fr-FR\"},{\"@type\":\"ImageObject\",\"@id\":\"https:\/\/www.montagnicimes.com\/albiez\/se-divertir\/activites-ete\/randonnees\/#primaryimage\",\"inLanguage\":\"fr-FR\",\"url\":\"https:\/\/www.montagnicimes.com\/albiez\/wp-content\/uploads\/sites\/2\/2021\/11\/Randonnee-Albiez-\\u00a9OTIMontagnicimes.jpg\",\"contentUrl\":\"https:\/\/www.montagnicimes.com\/albiez\/wp-content\/uploads\/sites\/2\/2021\/11\/Randonnee-Albiez-\\u00a9OTIMontagnicimes.jpg\",\"width\":1920,\"height\":1289,\"caption\":\"Randonn\\u00e9e Albiez\"},{\"@type\":\"WebPage\",\"@id\":\"https:\/\/www.montagnicimes.com\/albiez\/se-divertir\/activites-ete\/randonnees\/#webpage\",\"url\":\"https:\/\/www.montagnicimes.com\/albiez\/se-divertir\/activites-ete\/randonnees\/\",\"name\":\"Randonn\\u00e9es - Albiez\",\"isPartOf\":{\"@id\":\"https:\/\/www.montagnicimes.com\/albiez\/#website\"},\"primaryImageOfPage\":{\"@id\":\"https:\/\/www.montagnicimes.com\/albiez\/se-divertir\/activites-ete\/randonnees\/#primaryimage\"},\"datePublished\":\"2021-09-24T13:08:55+00:00\",\"dateModified\":\"2021-11-16T15:36:47+00:00\",\"description\":\"Que vous soyez sportifs confirm\\u00e9s ou promeneurs d\\u00e9butants, vous trouverez forc\\u00e9ment la randonn\\u00e9e qui vous correspond. \\u00c0 Albiez, une multitude de sentiers\",\"breadcrumb\":{\"@id\":\"https:\/\/www.montagnicimes.com\/albiez\/se-divertir\/activites-ete\/randonnees\/#breadcrumb\"},\"inLanguage\":\"fr-FR\",\"potentialAction\":[{\"@type\":\"ReadAction\",\"target\":[\"https:\/\/www.montagnicimes.com\/albiez\/se-divertir\/activites-ete\/randonnees\/\"]}]},{\"@type\":\"BreadcrumbList\",\"@id\":\"https:\/\/www.montagnicimes.com\/albiez\/se-divertir\/activites-ete\/randonnees\/#breadcrumb\",\"itemListElement\":[{\"@type\":\"ListItem\",\"position\":1,\"name\":\"Accueil\",\"item\":\"https:\/\/www.montagnicimes.com\/albiez\/\"},{\"@type\":\"ListItem\",\"position\":2,\"name\":\"Activit\\u00e9s\",\"item\":\"https:\/\/www.montagnicimes.com\/albiez\/se-divertir\/\"},{\"@type\":\"ListItem\",\"position\":3,\"name\":\"Activit\\u00e9s \\u00e9t\\u00e9\",\"item\":\"https:\/\/www.montagnicimes.com\/albiez\/se-divertir\/activites-ete\/\"},{\"@type\":\"ListItem\",\"position\":4,\"name\":\"Randonn\\u00e9es\"}]}]}<\/script>\n<!-- \/ Yoast SEO plugin. -->","yoast_head_json":{"description":"Que vous soyez sportifs confirm\u00e9s ou promeneurs d\u00e9butants, vous trouverez forc\u00e9ment la randonn\u00e9e qui vous correspond. \u00c0 Albiez, une multitude de sentiers","robots":{"index":"index","follow":"follow","max-snippet":"max-snippet:-1","max-image-preview":"max-image-preview:large","max-video-preview":"max-video-preview:-1"},"canonical":"https:\/\/www.montagnicimes.com\/albiez\/se-divertir\/activites-ete\/randonnees\/","og_locale":"fr_FR","og_type":"article","og_title":"Randonn\u00e9es - Albiez","og_description":"Que vous soyez sportifs confirm\u00e9s ou promeneurs d\u00e9butants, vous trouverez forc\u00e9ment la randonn\u00e9e qui vous correspond. \u00c0 Albiez, une multitude de sentiers","og_url":"https:\/\/www.montagnicimes.com\/albiez\/se-divertir\/activites-ete\/randonnees\/","og_site_name":"Albiez","article_modified_time":"2021-11-16T15:36:47+00:00","og_image":[{"width":1920,"height":1289,"url":"https:\/\/www.montagnicimes.com\/albiez\/wp-content\/uploads\/sites\/2\/2021\/11\/Randonnee-Albiez-\u00a9OTIMontagnicimes.jpg","type":"image\/jpeg"}],"twitter_card":"summary_large_image","twitter_misc":{"Dur\u00e9e de lecture estim\u00e9e":"1 minute"},"schema":{"@context":"https:\/\/schema.org","@graph":[{"@type":"WebSite","@id":"https:\/\/www.montagnicimes.com\/albiez\/#website","url":"https:\/\/www.montagnicimes.com\/albiez\/","name":"Albiez","description":"Office de tourisme Montagnicimes - Albiez","potentialAction":[{"@type":"SearchAction","target":{"@type":"EntryPoint","urlTemplate":"https:\/\/www.montagnicimes.com\/albiez\/?s={search_term_string}"},"query-input":"required name=search_term_string"}],"inLanguage":"fr-FR"},{"@type":"ImageObject","@id":"https:\/\/www.montagnicimes.com\/albiez\/se-divertir\/activites-ete\/randonnees\/#primaryimage","inLanguage":"fr-FR","url":"https:\/\/www.montagnicimes.com\/albiez\/wp-content\/uploads\/sites\/2\/2021\/11\/Randonnee-Albiez-\u00a9OTIMontagnicimes.jpg","contentUrl":"https:\/\/www.montagnicimes.com\/albiez\/wp-content\/uploads\/sites\/2\/2021\/11\/Randonnee-Albiez-\u00a9OTIMontagnicimes.jpg","width":1920,"height":1289,"caption":"Randonn\u00e9e Albiez"},{"@type":"WebPage","@id":"https:\/\/www.montagnicimes.com\/albiez\/se-divertir\/activites-ete\/randonnees\/#webpage","url":"https:\/\/www.montagnicimes.com\/albiez\/se-divertir\/activites-ete\/randonnees\/","name":"Randonn\u00e9es - Albiez","isPartOf":{"@id":"https:\/\/www.montagnicimes.com\/albiez\/#website"},"primaryImageOfPage":{"@id":"https:\/\/www.montagnicimes.com\/albiez\/se-divertir\/activites-ete\/randonnees\/#primaryimage"},"datePublished":"2021-09-24T13:08:55+00:00","dateModified":"2021-11-16T15:36:47+00:00","description":"Que vous soyez sportifs confirm\u00e9s ou promeneurs d\u00e9butants, vous trouverez forc\u00e9ment la randonn\u00e9e qui vous correspond. \u00c0 Albiez, une multitude de sentiers","breadcrumb":{"@id":"https:\/\/www.montagnicimes.com\/albiez\/se-divertir\/activites-ete\/randonnees\/#breadcrumb"},"inLanguage":"fr-FR","potentialAction":[{"@type":"ReadAction","target":["https:\/\/www.montagnicimes.com\/albiez\/se-divertir\/activites-ete\/randonnees\/"]}]},{"@type":"BreadcrumbList","@id":"https:\/\/www.montagnicimes.com\/albiez\/se-divertir\/activites-ete\/randonnees\/#breadcrumb","itemListElement":[{"@type":"ListItem","position":1,"name":"Accueil","item":"https:\/\/www.montagnicimes.com\/albiez\/"},{"@type":"ListItem","position":2,"name":"Activit\u00e9s","item":"https:\/\/www.montagnicimes.com\/albiez\/se-divertir\/"},{"@type":"ListItem","position":3,"name":"Activit\u00e9s \u00e9t\u00e9","item":"https:\/\/www.montagnicimes.com\/albiez\/se-divertir\/activites-ete\/"},{"@type":"ListItem","position":4,"name":"Randonn\u00e9es"}]}]}},"_links":{"self":[{"href":"https:\/\/www.montagnicimes.com\/albiez\/wp-json\/wp\/v2\/pages\/7526"}],"collection":[{"href":"https:\/\/www.montagnicimes.com\/albiez\/wp-json\/wp\/v2\/pages"}],"about":[{"href":"https:\/\/www.montagnicimes.com\/albiez\/wp-json\/wp\/v2\/types\/page"}],"author":[{"embeddable":true,"href":"https:\/\/www.montagnicimes.com\/albiez\/wp-json\/wp\/v2\/users\/1"}],"replies":[{"embeddable":true,"href":"https:\/\/www.montagnicimes.com\/albiez\/wp-json\/wp\/v2\/comments?post=7526"}],"version-history":[{"count":6,"href":"https:\/\/www.montagnicimes.com\/albiez\/wp-json\/wp\/v2\/pages\/7526\/revisions"}],"predecessor-version":[{"id":11864,"href":"https:\/\/www.montagnicimes.com\/albiez\/wp-json\/wp\/v2\/pages\/7526\/revisions\/11864"}],"up":[{"embeddable":true,"href":"https:\/\/www.montagnicimes.com\/albiez\/wp-json\/wp\/v2\/pages\/7524"}],"wp:featuredmedia":[{"embeddable":true,"href":"https:\/\/www.montagnicimes.com\/albiez\/wp-json\/wp\/v2\/media\/11535"}],"wp:attachment":[{"href":"https:\/\/www.montagnicimes.com\/albiez\/wp-json\/wp\/v2\/media?parent=7526"}],"wp:term":[{"taxonomy":"post_tag","embeddable":true,"href":"https:\/\/www.montagnicimes.com\/albiez\/wp-json\/wp\/v2\/post_tag?post=7526"}],"curies":[{"name":"wp","href":"https:\/\/api.w.org\/{rel}","templated":true}]}}