{"id":7512,"date":"2021-09-24T15:08:41","date_gmt":"2021-09-24T13:08:41","guid":{"rendered":"https:\/\/www.montagnicimes.com\/albiez\/ski\/"},"modified":"2024-09-30T11:20:11","modified_gmt":"2024-09-30T09:20:11","slug":"ski-de-randonnee","status":"publish","type":"page","link":"https:\/\/www.montagnicimes.com\/albiez\/se-divertir\/activites-hiver\/ski-de-randonnee\/","title":{"rendered":"Ski de randonn\u00e9e"},"content":{"rendered":"\n<p class=\"is-style-excerpt\">Les itin\u00e9raires de ski de randonn\u00e9e \u00e0 Albiez vous plongent au c\u0153ur de la nature, loin des foules, avec une vue imprenable sur les Aiguilles d&rsquo;Arves. <br>Ce type de ski, \u00e9galement appel\u00e9 ski-alpinisme, combine les mont\u00e9es en montagne et les descentes \u00e0 ski en dehors des pistes balis\u00e9es.<\/p>\n\n\n\n<div class=\"wp-block wp-block-related-post clear alignfull\">\n\n    <div class=\"article\">\n                    <h2 class=\"wp-block-related-post-title\">Itin\u00e9raires ski de randonn\u00e9e<\/h2>\n        \n            <\/div>\n\n    <div class=\"container\">\n        <div class=\"wp-block-related-post-inner\">\n            <div data-id=\"wpiris-related-post\" data-slides-per-view=\"2\">\n                <div data-id=\"wpiris-related-post-wrapper\">\n                                            \n<div class=\"postItem swiper-slide\" data-trigger=\"wpiris-click\" >\n    <a href=\"https:\/\/www.montagnicimes.com\/albiez\/itineraire\/montee-au-cret-de-lane\/\" nofancybox class=\"postItemThumbnail\">\n        <img data-src=\"https:\/\/www.montagnicimes.com\/albiez\/wp-content\/uploads\/sites\/2\/wpiris-images\/42514\/38240296-diaporama-590x440-c.jpg\" alt=\"Mont\u00e9e au Cr\u00eat de l&rsquo;\u00e2ne\">\n    <\/a>\n    <div class=\"postItemContent\">\n\n        <div class=\"postItemContentHeading\">\n                                    <h3 class=\"postItemContentTitle\" >\n                <a href=\"https:\/\/www.montagnicimes.com\/albiez\/itineraire\/montee-au-cret-de-lane\/\">Mont\u00e9e au Cr\u00eat de l&rsquo;\u00e2ne<\/a>\n            <\/h3>                    <\/div>\n        \n<div class=\"postItemContentExcerpt\">\n    Cet espace sauvage vous permet d\u2019exp\u00e9rimenter le ski de randonn\u00e9e sous les pentes de Casse Massion. Cette boucle est id\u00e9ale pour pour faire du ski de randonn\u00e9e dans un endroit s\u00e9curis\u00e9 calme et pr\u00e9serv\u00e9.<\/div>\n    <\/div>\n<\/div>\n                                            \n<div class=\"postItem swiper-slide\" data-trigger=\"wpiris-click\" >\n    <a href=\"https:\/\/www.montagnicimes.com\/albiez\/itineraire\/montee-aux-aplanes\/\" nofancybox class=\"postItemThumbnail\">\n        <img data-src=\"https:\/\/www.montagnicimes.com\/albiez\/wp-content\/uploads\/sites\/2\/wpiris-images\/40427\/35218560-diaporama-590x440-c.jpg\" alt=\"Mont\u00e9e aux Aplanes\">\n    <\/a>\n    <div class=\"postItemContent\">\n\n        <div class=\"postItemContentHeading\">\n                                    <h3 class=\"postItemContentTitle\" >\n                <a href=\"https:\/\/www.montagnicimes.com\/albiez\/itineraire\/montee-aux-aplanes\/\">Mont\u00e9e aux Aplanes<\/a>\n            <\/h3>                    <\/div>\n        \n<div class=\"postItemContentExcerpt\">\n    Cet itin\u00e9raire, pr\u00e9vu pour une premi\u00e8re exp\u00e9rience en ski de randonn\u00e9e, vous permettra de longer le domaine skiable en direction des Aplanes. Apr\u00e8s une ascension de 257m, vous aurez une vue imprenable sur les Aiguilles d\u2019Arves et le Glacier de l\u2019\u00c9tendard.<\/div>\n    <\/div>\n<\/div>\n                                    <\/div>\n            <\/div>\n        <\/div>\n    <\/div>\n\n    <div class=\"article\">\n            <\/div>\n<\/div>\n\n\n<h2>Sorties encadr\u00e9es<\/h2>\n\n\n\n<div class=\"wp-block wp-block-related-post clear alignfull\">\n    \n    <div class=\"article\">\n                \n            <\/div>\n\n    <div class=\"container\">\n        <div class=\"wp-block-related-post-inner\">\n            <div data-id=\"wpiris-related-post\" data-slides-per-view=\"2\">\n                <div data-id=\"wpiris-related-post-wrapper\">\n                                            \n<div class=\"postItem swiper-slide\" data-trigger=\"wpiris-click\" >\n    <a href=\"https:\/\/www.montagnicimes.com\/albiez\/activite\/initiation-ski-de-randonnee-avec-lesf\/\" nofancybox class=\"postItemThumbnail\">\n        <img data-src=\"https:\/\/www.montagnicimes.com\/albiez\/wp-content\/uploads\/sites\/2\/wpiris-images\/30081\/7156830-diaporama-590x440-c.jpg\" alt=\"Initiation ski de randonn\u00e9e avec l&rsquo;ESF\">\n    <\/a>\n    <div class=\"postItemContent\">\n\n        <div class=\"postItemContentHeading\">\n                                    <h3 class=\"postItemContentTitle\" >\n                <a href=\"https:\/\/www.montagnicimes.com\/albiez\/activite\/initiation-ski-de-randonnee-avec-lesf\/\">Initiation ski de randonn\u00e9e avec l&rsquo;ESF<\/a>\n            <\/h3>                    <\/div>\n        \n<div class=\"postItemContentExcerpt\">\n    Vous avez envie de sortir des sentiers battus et d&rsquo;essayer le ski de randonn\u00e9e ? Cette initiation vous permettra de d\u00e9couvrir comment chausser et utiliser le mat\u00e9riel pour arpenter les pentes enneig\u00e9es, en toute s\u00e9curit\u00e9, \u00e0 la mont\u00e9e comme \u00e0 la descente.<\/div>\n    <\/div>\n<\/div>\n                                            \n<div class=\"postItem swiper-slide\" data-trigger=\"wpiris-click\" >\n    <a href=\"https:\/\/www.montagnicimes.com\/albiez\/activite\/sortie-ski-de-randonnee-a-la-carte-avec-lesf\/\" nofancybox class=\"postItemThumbnail\">\n        <img data-src=\"https:\/\/www.montagnicimes.com\/albiez\/wp-content\/uploads\/sites\/2\/wpiris-images\/19458\/15734173-diaporama-590x440-c.jpg\" alt=\"Sortie ski de randonn\u00e9e \u00e0 la carte avec l&rsquo;ESF\">\n    <\/a>\n    <div class=\"postItemContent\">\n\n        <div class=\"postItemContentHeading\">\n                                    <h3 class=\"postItemContentTitle\" >\n                <a href=\"https:\/\/www.montagnicimes.com\/albiez\/activite\/sortie-ski-de-randonnee-a-la-carte-avec-lesf\/\">Sortie ski de randonn\u00e9e \u00e0 la carte avec l&rsquo;ESF<\/a>\n            <\/h3>                    <\/div>\n        \n<div class=\"postItemContentExcerpt\">\n    Vous maitrisez le ski et vous avez envie de partir \u00e0 la d\u00e9couverte d&rsquo;un d\u00e9cor plus sauvage, chaussez vos skis de randonn\u00e9e et laissez-vous guider par l&rsquo;un de nos moniteurs\u2026 Parcours \u00e0 la carte en fonction des conditions m\u00e9t\u00e9o et de votre niveau de ski.<\/div>\n    <\/div>\n<\/div>\n                                    <\/div>\n            <\/div>\n        <\/div>\n    <\/div>\n<\/div>","protected":false},"excerpt":{"rendered":"<p>Les itin\u00e9raires de ski de randonn\u00e9e \u00e0 Albiez vous plongent au c\u0153ur de la nature, loin des foules, avec une vue imprenable sur les Aiguilles d&rsquo;Arves. Ce type de ski, \u00e9galement appel\u00e9 ski-alpinisme, combine les mont\u00e9es en montagne et les descentes \u00e0 ski en dehors des pistes balis\u00e9es. Sorties encadr\u00e9es<\/p>\n","protected":false},"author":1,"featured_media":33694,"parent":7510,"menu_order":0,"comment_status":"closed","ping_status":"closed","template":"","meta":{"_relevanssi_hide_post":"","_relevanssi_pin_for_all":"","_relevanssi_pin_keywords":"","_relevanssi_unpin_keywords":"","_relevanssi_related_keywords":"","_relevanssi_related_include_ids":"","_relevanssi_related_exclude_ids":"","_relevanssi_related_no_append":"","_relevanssi_related_not_related":"","_relevanssi_related_posts":"489,493,491","_relevanssi_noindex_reason":""},"post_tag":[],"acf":[],"yoast_head":"<!-- This site is optimized with the Yoast SEO plugin v17.6 - https:\/\/yoast.com\/wordpress\/plugins\/seo\/ -->\n<meta name=\"description\" content=\"Les itin\u00e9raires de ski de randonn\u00e9e \u00e0 Albiez vous plongent au c\u0153ur de la nature, loin des foules, avec une vue imprenable sur les Aiguilles d&#039;Arves. Ce\" \/>\n<meta name=\"robots\" content=\"index, follow, max-snippet:-1, max-image-preview:large, max-video-preview:-1\" \/>\n<link rel=\"canonical\" href=\"https:\/\/www.montagnicimes.com\/albiez\/se-divertir\/activites-hiver\/ski-de-randonnee\/\" \/>\n<meta property=\"og:locale\" content=\"fr_FR\" \/>\n<meta property=\"og:type\" content=\"article\" \/>\n<meta property=\"og:title\" content=\"Ski de randonn\u00e9e - Albiez\" \/>\n<meta property=\"og:description\" content=\"Les itin\u00e9raires de ski de randonn\u00e9e \u00e0 Albiez vous plongent au c\u0153ur de la nature, loin des foules, avec une vue imprenable sur les Aiguilles d&#039;Arves. Ce\" \/>\n<meta property=\"og:url\" content=\"https:\/\/www.montagnicimes.com\/albiez\/se-divertir\/activites-hiver\/ski-de-randonnee\/\" \/>\n<meta property=\"og:site_name\" content=\"Albiez\" \/>\n<meta property=\"article:modified_time\" content=\"2024-09-30T09:20:11+00:00\" \/>\n<meta property=\"og:image\" content=\"https:\/\/www.montagnicimes.com\/albiez\/wp-content\/uploads\/sites\/2\/2024\/09\/SKI-DE-RANDO-ALBIEZ-6.jpg\" \/>\n\t<meta property=\"og:image:width\" content=\"1920\" \/>\n\t<meta property=\"og:image:height\" content=\"1280\" \/>\n<meta name=\"twitter:card\" content=\"summary_large_image\" \/>\n<meta name=\"twitter:label1\" content=\"Dur\u00e9e de lecture estim\u00e9e\" \/>\n\t<meta name=\"twitter:data1\" content=\"1 minute\" \/>\n<script type=\"application\/ld+json\" class=\"yoast-schema-graph\">{\"@context\":\"https:\/\/schema.org\",\"@graph\":[{\"@type\":\"WebSite\",\"@id\":\"https:\/\/www.montagnicimes.com\/albiez\/#website\",\"url\":\"https:\/\/www.montagnicimes.com\/albiez\/\",\"name\":\"Albiez\",\"description\":\"Office de tourisme Montagnicimes - Albiez\",\"potentialAction\":[{\"@type\":\"SearchAction\",\"target\":{\"@type\":\"EntryPoint\",\"urlTemplate\":\"https:\/\/www.montagnicimes.com\/albiez\/?s={search_term_string}\"},\"query-input\":\"required name=search_term_string\"}],\"inLanguage\":\"fr-FR\"},{\"@type\":\"ImageObject\",\"@id\":\"https:\/\/www.montagnicimes.com\/albiez\/se-divertir\/activites-hiver\/ski-de-randonnee\/#primaryimage\",\"inLanguage\":\"fr-FR\",\"url\":\"https:\/\/www.montagnicimes.com\/albiez\/wp-content\/uploads\/sites\/2\/2024\/09\/SKI-DE-RANDO-ALBIEZ-6.jpg\",\"contentUrl\":\"https:\/\/www.montagnicimes.com\/albiez\/wp-content\/uploads\/sites\/2\/2024\/09\/SKI-DE-RANDO-ALBIEZ-6.jpg\",\"width\":1920,\"height\":1280,\"caption\":\"ski rando\"},{\"@type\":\"WebPage\",\"@id\":\"https:\/\/www.montagnicimes.com\/albiez\/se-divertir\/activites-hiver\/ski-de-randonnee\/#webpage\",\"url\":\"https:\/\/www.montagnicimes.com\/albiez\/se-divertir\/activites-hiver\/ski-de-randonnee\/\",\"name\":\"Ski de randonn\\u00e9e - Albiez\",\"isPartOf\":{\"@id\":\"https:\/\/www.montagnicimes.com\/albiez\/#website\"},\"primaryImageOfPage\":{\"@id\":\"https:\/\/www.montagnicimes.com\/albiez\/se-divertir\/activites-hiver\/ski-de-randonnee\/#primaryimage\"},\"datePublished\":\"2021-09-24T13:08:41+00:00\",\"dateModified\":\"2024-09-30T09:20:11+00:00\",\"description\":\"Les itin\\u00e9raires de ski de randonn\\u00e9e \\u00e0 Albiez vous plongent au c\\u0153ur de la nature, loin des foules, avec une vue imprenable sur les Aiguilles d'Arves. Ce\",\"breadcrumb\":{\"@id\":\"https:\/\/www.montagnicimes.com\/albiez\/se-divertir\/activites-hiver\/ski-de-randonnee\/#breadcrumb\"},\"inLanguage\":\"fr-FR\",\"potentialAction\":[{\"@type\":\"ReadAction\",\"target\":[\"https:\/\/www.montagnicimes.com\/albiez\/se-divertir\/activites-hiver\/ski-de-randonnee\/\"]}]},{\"@type\":\"BreadcrumbList\",\"@id\":\"https:\/\/www.montagnicimes.com\/albiez\/se-divertir\/activites-hiver\/ski-de-randonnee\/#breadcrumb\",\"itemListElement\":[{\"@type\":\"ListItem\",\"position\":1,\"name\":\"Accueil\",\"item\":\"https:\/\/www.montagnicimes.com\/albiez\/\"},{\"@type\":\"ListItem\",\"position\":2,\"name\":\"Activit\\u00e9s\",\"item\":\"https:\/\/www.montagnicimes.com\/albiez\/se-divertir\/\"},{\"@type\":\"ListItem\",\"position\":3,\"name\":\"Activit\\u00e9s neige\",\"item\":\"https:\/\/www.montagnicimes.com\/albiez\/se-divertir\/activites-hiver\/\"},{\"@type\":\"ListItem\",\"position\":4,\"name\":\"Ski de randonn\\u00e9e\"}]}]}<\/script>\n<!-- \/ Yoast SEO plugin. -->","yoast_head_json":{"description":"Les itin\u00e9raires de ski de randonn\u00e9e \u00e0 Albiez vous plongent au c\u0153ur de la nature, loin des foules, avec une vue imprenable sur les Aiguilles d'Arves. Ce","robots":{"index":"index","follow":"follow","max-snippet":"max-snippet:-1","max-image-preview":"max-image-preview:large","max-video-preview":"max-video-preview:-1"},"canonical":"https:\/\/www.montagnicimes.com\/albiez\/se-divertir\/activites-hiver\/ski-de-randonnee\/","og_locale":"fr_FR","og_type":"article","og_title":"Ski de randonn\u00e9e - Albiez","og_description":"Les itin\u00e9raires de ski de randonn\u00e9e \u00e0 Albiez vous plongent au c\u0153ur de la nature, loin des foules, avec une vue imprenable sur les Aiguilles d'Arves. Ce","og_url":"https:\/\/www.montagnicimes.com\/albiez\/se-divertir\/activites-hiver\/ski-de-randonnee\/","og_site_name":"Albiez","article_modified_time":"2024-09-30T09:20:11+00:00","og_image":[{"width":1920,"height":1280,"url":"https:\/\/www.montagnicimes.com\/albiez\/wp-content\/uploads\/sites\/2\/2024\/09\/SKI-DE-RANDO-ALBIEZ-6.jpg","type":"image\/jpeg"}],"twitter_card":"summary_large_image","twitter_misc":{"Dur\u00e9e de lecture estim\u00e9e":"1 minute"},"schema":{"@context":"https:\/\/schema.org","@graph":[{"@type":"WebSite","@id":"https:\/\/www.montagnicimes.com\/albiez\/#website","url":"https:\/\/www.montagnicimes.com\/albiez\/","name":"Albiez","description":"Office de tourisme Montagnicimes - Albiez","potentialAction":[{"@type":"SearchAction","target":{"@type":"EntryPoint","urlTemplate":"https:\/\/www.montagnicimes.com\/albiez\/?s={search_term_string}"},"query-input":"required name=search_term_string"}],"inLanguage":"fr-FR"},{"@type":"ImageObject","@id":"https:\/\/www.montagnicimes.com\/albiez\/se-divertir\/activites-hiver\/ski-de-randonnee\/#primaryimage","inLanguage":"fr-FR","url":"https:\/\/www.montagnicimes.com\/albiez\/wp-content\/uploads\/sites\/2\/2024\/09\/SKI-DE-RANDO-ALBIEZ-6.jpg","contentUrl":"https:\/\/www.montagnicimes.com\/albiez\/wp-content\/uploads\/sites\/2\/2024\/09\/SKI-DE-RANDO-ALBIEZ-6.jpg","width":1920,"height":1280,"caption":"ski rando"},{"@type":"WebPage","@id":"https:\/\/www.montagnicimes.com\/albiez\/se-divertir\/activites-hiver\/ski-de-randonnee\/#webpage","url":"https:\/\/www.montagnicimes.com\/albiez\/se-divertir\/activites-hiver\/ski-de-randonnee\/","name":"Ski de randonn\u00e9e - Albiez","isPartOf":{"@id":"https:\/\/www.montagnicimes.com\/albiez\/#website"},"primaryImageOfPage":{"@id":"https:\/\/www.montagnicimes.com\/albiez\/se-divertir\/activites-hiver\/ski-de-randonnee\/#primaryimage"},"datePublished":"2021-09-24T13:08:41+00:00","dateModified":"2024-09-30T09:20:11+00:00","description":"Les itin\u00e9raires de ski de randonn\u00e9e \u00e0 Albiez vous plongent au c\u0153ur de la nature, loin des foules, avec une vue imprenable sur les Aiguilles d'Arves. Ce","breadcrumb":{"@id":"https:\/\/www.montagnicimes.com\/albiez\/se-divertir\/activites-hiver\/ski-de-randonnee\/#breadcrumb"},"inLanguage":"fr-FR","potentialAction":[{"@type":"ReadAction","target":["https:\/\/www.montagnicimes.com\/albiez\/se-divertir\/activites-hiver\/ski-de-randonnee\/"]}]},{"@type":"BreadcrumbList","@id":"https:\/\/www.montagnicimes.com\/albiez\/se-divertir\/activites-hiver\/ski-de-randonnee\/#breadcrumb","itemListElement":[{"@type":"ListItem","position":1,"name":"Accueil","item":"https:\/\/www.montagnicimes.com\/albiez\/"},{"@type":"ListItem","position":2,"name":"Activit\u00e9s","item":"https:\/\/www.montagnicimes.com\/albiez\/se-divertir\/"},{"@type":"ListItem","position":3,"name":"Activit\u00e9s neige","item":"https:\/\/www.montagnicimes.com\/albiez\/se-divertir\/activites-hiver\/"},{"@type":"ListItem","position":4,"name":"Ski de randonn\u00e9e"}]}]}},"_links":{"self":[{"href":"https:\/\/www.montagnicimes.com\/albiez\/wp-json\/wp\/v2\/pages\/7512"}],"collection":[{"href":"https:\/\/www.montagnicimes.com\/albiez\/wp-json\/wp\/v2\/pages"}],"about":[{"href":"https:\/\/www.montagnicimes.com\/albiez\/wp-json\/wp\/v2\/types\/page"}],"author":[{"embeddable":true,"href":"https:\/\/www.montagnicimes.com\/albiez\/wp-json\/wp\/v2\/users\/1"}],"replies":[{"embeddable":true,"href":"https:\/\/www.montagnicimes.com\/albiez\/wp-json\/wp\/v2\/comments?post=7512"}],"version-history":[{"count":25,"href":"https:\/\/www.montagnicimes.com\/albiez\/wp-json\/wp\/v2\/pages\/7512\/revisions"}],"predecessor-version":[{"id":33700,"href":"https:\/\/www.montagnicimes.com\/albiez\/wp-json\/wp\/v2\/pages\/7512\/revisions\/33700"}],"up":[{"embeddable":true,"href":"https:\/\/www.montagnicimes.com\/albiez\/wp-json\/wp\/v2\/pages\/7510"}],"wp:featuredmedia":[{"embeddable":true,"href":"https:\/\/www.montagnicimes.com\/albiez\/wp-json\/wp\/v2\/media\/33694"}],"wp:attachment":[{"href":"https:\/\/www.montagnicimes.com\/albiez\/wp-json\/wp\/v2\/media?parent=7512"}],"wp:term":[{"taxonomy":"post_tag","embeddable":true,"href":"https:\/\/www.montagnicimes.com\/albiez\/wp-json\/wp\/v2\/post_tag?post=7512"}],"curies":[{"name":"wp","href":"https:\/\/api.w.org\/{rel}","templated":true}]}}