{"id":7501,"date":"2021-09-24T15:08:31","date_gmt":"2021-09-24T13:08:31","guid":{"rendered":"https:\/\/www.montagnicimes.com\/albiez\/ecole-de-ski-esf\/"},"modified":"2024-11-29T15:45:23","modified_gmt":"2024-11-29T14:45:23","slug":"les-cours-de-ski","status":"publish","type":"page","link":"https:\/\/www.montagnicimes.com\/albiez\/sorganiser\/les-cours-de-ski\/","title":{"rendered":"Les cours de ski"},"content":{"rendered":"\n<p class=\"is-style-excerpt\">D\u00e9couvrez les joies des sports d&rsquo;hiver au c\u0153ur des Alpes avec l&rsquo;\u00e9quipe de moniteurs et monitrices d\u2019Albiez. <br>Passionn\u00e9s, experts de la glisse et de l\u2019apprentissage, ils vous feront d\u00e9couvrir les plaisirs des activit\u00e9s de montagne en toute s\u00e9curit\u00e9&nbsp;!<\/p>\n\n\n\n<figure class=\"wp-block-image size-large\"><img loading=\"lazy\" width=\"1200\" height=\"800\" data-src=\"https:\/\/www.montagnicimes.com\/albiez\/wp-content\/uploads\/sites\/2\/2024\/11\/ESF-ENFANTS-SKI-1200x800.jpg\" alt=\"\" class=\"wp-image-34433\" data-srcset=\"https:\/\/www.montagnicimes.com\/albiez\/wp-content\/uploads\/sites\/2\/2024\/11\/ESF-ENFANTS-SKI-1200x800.jpg 1200w, https:\/\/www.montagnicimes.com\/albiez\/wp-content\/uploads\/sites\/2\/2024\/11\/ESF-ENFANTS-SKI-600x400.jpg 600w, https:\/\/www.montagnicimes.com\/albiez\/wp-content\/uploads\/sites\/2\/2024\/11\/ESF-ENFANTS-SKI-768x512.jpg 768w, https:\/\/www.montagnicimes.com\/albiez\/wp-content\/uploads\/sites\/2\/2024\/11\/ESF-ENFANTS-SKI-1536x1024.jpg 1536w, https:\/\/www.montagnicimes.com\/albiez\/wp-content\/uploads\/sites\/2\/2024\/11\/ESF-ENFANTS-SKI-200x133.jpg 200w, https:\/\/www.montagnicimes.com\/albiez\/wp-content\/uploads\/sites\/2\/2024\/11\/ESF-ENFANTS-SKI.jpg 1920w\" sizes=\"(max-width: 1200px) 100vw, 1200px\" \/><figcaption>\u00a9OTI Montagnicimes<\/figcaption><\/figure>\n\n\n\n<h3>ESF : L&rsquo;\u00e9cole de ski fran\u00e7ais<\/h3>\n\n\n\n<p>Au pied des Aiguilles d\u2019Arves et du Mont Emy, l&rsquo;ESF d&rsquo;Albiez vous propose un large choix d&rsquo;activit\u00e9s de montagne pour enrichir votre s\u00e9jour. Que vous soyez passionn\u00e9 de ski, snowboard, ski de randonn\u00e9e ou que vous souhaitiez d\u00e9couvrir l&rsquo;initiation aux secours en montagne, l\u2019ESF d&rsquo;Albiez a tout ce qu\u2019il faut pour vous divertir et vous faire progresser, quel que soit votre niveau. <\/p>\n\n\n\n<p>Peu importe o\u00f9 vous s\u00e9journez \u00e0 Albiez, l&rsquo;ESF met \u00e0 votre disposition plusieurs bureaux r\u00e9partis sur les diff\u00e9rents secteurs : que ce soit sur la partie du Mollard, vers le col, ou au Chef-lieu, pr\u00e8s de la place Opinel. Chaque zone dispose de son propre bureau, y compris des espaces d\u00e9di\u00e9s aux enfants (Piou-Piou) et un front de neige pour d\u00e9butants.<\/p>\n\n\n\n<p>L&rsquo;\u00e9quipe de l&rsquo;\u00c9cole de Ski Fran\u00e7ais d&rsquo;Albiez-Montrond s&rsquo;engage \u00e0 vous offrir une exp\u00e9rience m\u00e9morable en montagne. <br><br>R\u00e9servez d\u00e8s maintenant votre activit\u00e9 !<\/p>\n\n\n\n<div class=\"wp-block-buttons is-content-justification-center is-vertical\">\n<div class=\"wp-block-button\"><a class=\"wp-block-button__link\" href=\"https:\/\/www.esfalbiez.fr\/\" target=\"_blank\" rel=\"noreferrer noopener\">r\u00e9servez vos cours de ski<\/a><\/div>\n<\/div>\n\n\n\n<figure class=\"wp-block-image size-large\"><img loading=\"lazy\" width=\"1200\" height=\"900\" data-src=\"https:\/\/www.montagnicimes.com\/albiez\/wp-content\/uploads\/sites\/2\/2021\/11\/fauteuil-ski-\u00a9OTIMontagnicimes-3-1200x900.jpg\" alt=\"fauteuil-ski \u00e0 Albiez\" class=\"wp-image-11592\" data-srcset=\"https:\/\/www.montagnicimes.com\/albiez\/wp-content\/uploads\/sites\/2\/2021\/11\/fauteuil-ski-\u00a9OTIMontagnicimes-3-1200x900.jpg 1200w, https:\/\/www.montagnicimes.com\/albiez\/wp-content\/uploads\/sites\/2\/2021\/11\/fauteuil-ski-\u00a9OTIMontagnicimes-3-600x450.jpg 600w, https:\/\/www.montagnicimes.com\/albiez\/wp-content\/uploads\/sites\/2\/2021\/11\/fauteuil-ski-\u00a9OTIMontagnicimes-3-768x576.jpg 768w, https:\/\/www.montagnicimes.com\/albiez\/wp-content\/uploads\/sites\/2\/2021\/11\/fauteuil-ski-\u00a9OTIMontagnicimes-3-1536x1152.jpg 1536w, https:\/\/www.montagnicimes.com\/albiez\/wp-content\/uploads\/sites\/2\/2021\/11\/fauteuil-ski-\u00a9OTIMontagnicimes-3-200x150.jpg 200w, https:\/\/www.montagnicimes.com\/albiez\/wp-content\/uploads\/sites\/2\/2021\/11\/fauteuil-ski-\u00a9OTIMontagnicimes-3.jpg 1920w\" sizes=\"(max-width: 1200px) 100vw, 1200px\" \/><figcaption>\u00a9OTIMontagnicimes<\/figcaption><\/figure>\n\n\n\n<h3>Valentin Jullien &#8211; Moniteur de ski ind\u00e9pendant<\/h3>\n\n\n\n<p class=\"is-style-excerpt\"><strong>Valentin Jullien, moniteur de ski, dipl\u00f4m\u00e9 et ind\u00e9pendant, vous propose, pour tous \u00e2ges et tous niveaux, des cours de ski alpin, hors piste, randonn\u00e9e, snowboard ainsi que du ski-fauteuil en tandem.<\/strong><\/p>\n\n\n\n<div class=\"wp-block wp-block-related-post clear alignfull\">\n    \n    <div class=\"article\">\n                \n            <\/div>\n\n    <div class=\"container\">\n        <div class=\"wp-block-related-post-inner\">\n            <div  data-slides-per-view=\"2\">\n                <div class=\"wp-block-related-post-list wp-block-related-post-list-1\">\n                                            \n<div class=\"postItem swiper-slide\" data-trigger=\"wpiris-click\" >\n    <a href=\"https:\/\/www.montagnicimes.com\/albiez\/activite\/lecon-de-ski-avec-valentin-jullien\/\" nofancybox class=\"postItemThumbnail\">\n        <img data-src=\"https:\/\/www.montagnicimes.com\/albiez\/wp-content\/uploads\/sites\/2\/wpiris-images\/34376\/27259392-diaporama-590x440-c.png\" alt=\"Le\u00e7on de ski avec Valentin Jullien\">\n    <\/a>\n    <div class=\"postItemContent\">\n\n        <div class=\"postItemContentHeading\">\n                                    <h3 class=\"postItemContentTitle\" >\n                <a href=\"https:\/\/www.montagnicimes.com\/albiez\/activite\/lecon-de-ski-avec-valentin-jullien\/\">Le\u00e7on de ski avec Valentin Jullien<\/a>\n            <\/h3>                    <\/div>\n        \n<div class=\"postItemContentExcerpt\">\n    Venez d\u00e9couvrir ou vous perfectionner en ski avec Valentin Jullien, moniteur de ski ind\u00e9pendant et dipl\u00f4m\u00e9. Quelque soit votre \u00e2ge ou votre niveau, il saura vous faire progresser sur les pistes d&rsquo;Albiez ou ailleurs en Maurienne. Rencontrez-le !<\/div>\n    <\/div>\n<\/div>\n                                    <\/div>\n            <\/div>\n        <\/div>\n    <\/div>\n<\/div>","protected":false},"excerpt":{"rendered":"<p>D\u00e9couvrez les joies des sports d&rsquo;hiver au c\u0153ur des Alpes avec l&rsquo;\u00e9quipe de moniteurs et monitrices d\u2019Albiez. Passionn\u00e9s, experts de la glisse et de l\u2019apprentissage, ils vous feront d\u00e9couvrir les plaisirs des activit\u00e9s de montagne en toute s\u00e9curit\u00e9&nbsp;! ESF : L&rsquo;\u00e9cole de ski fran\u00e7ais Au pied des Aiguilles d\u2019Arves et du Mont Emy, l&rsquo;ESF d&rsquo;Albiez [&hellip;]<\/p>\n","protected":false},"author":1,"featured_media":11592,"parent":7534,"menu_order":5,"comment_status":"closed","ping_status":"closed","template":"","meta":{"_relevanssi_hide_post":"","_relevanssi_pin_for_all":"","_relevanssi_pin_keywords":"","_relevanssi_unpin_keywords":"","_relevanssi_related_keywords":"","_relevanssi_related_include_ids":"","_relevanssi_related_exclude_ids":"","_relevanssi_related_no_append":"","_relevanssi_related_not_related":"","_relevanssi_related_posts":"491,493,489","_relevanssi_noindex_reason":""},"post_tag":[],"acf":[],"yoast_head":"<!-- This site is optimized with the Yoast SEO plugin v17.6 - https:\/\/yoast.com\/wordpress\/plugins\/seo\/ -->\n<meta name=\"description\" content=\"D\u00e9couvrez les joies des sports d&#039;hiver au c\u0153ur des Alpes avec l&#039;\u00e9quipe de moniteurs et monitrices d\u2019Albiez. Passionn\u00e9s, experts de la glisse et de\" \/>\n<meta name=\"robots\" content=\"index, follow, max-snippet:-1, max-image-preview:large, max-video-preview:-1\" \/>\n<link rel=\"canonical\" href=\"https:\/\/www.montagnicimes.com\/albiez\/sorganiser\/les-cours-de-ski\/\" \/>\n<meta property=\"og:locale\" content=\"fr_FR\" \/>\n<meta property=\"og:type\" content=\"article\" \/>\n<meta property=\"og:title\" content=\"Les cours de ski Albiez-Montrond - Albiez\" \/>\n<meta property=\"og:description\" content=\"D\u00e9couvrez les joies des sports d&#039;hiver au c\u0153ur des Alpes avec l&#039;\u00e9quipe de moniteurs et monitrices d\u2019Albiez. Passionn\u00e9s, experts de la glisse et de\" \/>\n<meta property=\"og:url\" content=\"https:\/\/www.montagnicimes.com\/albiez\/sorganiser\/les-cours-de-ski\/\" \/>\n<meta property=\"og:site_name\" content=\"Albiez\" \/>\n<meta property=\"article:modified_time\" content=\"2024-11-29T14:45:23+00:00\" \/>\n<meta property=\"og:image\" content=\"https:\/\/www.montagnicimes.com\/albiez\/wp-content\/uploads\/sites\/2\/2021\/11\/fauteuil-ski-\u00a9OTIMontagnicimes-3.jpg\" \/>\n\t<meta property=\"og:image:width\" content=\"1920\" \/>\n\t<meta property=\"og:image:height\" content=\"1440\" \/>\n<meta name=\"twitter:card\" content=\"summary_large_image\" \/>\n<meta name=\"twitter:label1\" content=\"Dur\u00e9e de lecture estim\u00e9e\" \/>\n\t<meta name=\"twitter:data1\" content=\"2 minutes\" \/>\n<script type=\"application\/ld+json\" class=\"yoast-schema-graph\">{\"@context\":\"https:\/\/schema.org\",\"@graph\":[{\"@type\":\"WebSite\",\"@id\":\"https:\/\/www.montagnicimes.com\/albiez\/#website\",\"url\":\"https:\/\/www.montagnicimes.com\/albiez\/\",\"name\":\"Albiez\",\"description\":\"Office de tourisme Montagnicimes - Albiez\",\"potentialAction\":[{\"@type\":\"SearchAction\",\"target\":{\"@type\":\"EntryPoint\",\"urlTemplate\":\"https:\/\/www.montagnicimes.com\/albiez\/?s={search_term_string}\"},\"query-input\":\"required name=search_term_string\"}],\"inLanguage\":\"fr-FR\"},{\"@type\":\"ImageObject\",\"@id\":\"https:\/\/www.montagnicimes.com\/albiez\/sorganiser\/les-cours-de-ski\/#primaryimage\",\"inLanguage\":\"fr-FR\",\"url\":\"https:\/\/www.montagnicimes.com\/albiez\/wp-content\/uploads\/sites\/2\/2021\/11\/fauteuil-ski-\\u00a9OTIMontagnicimes-3.jpg\",\"contentUrl\":\"https:\/\/www.montagnicimes.com\/albiez\/wp-content\/uploads\/sites\/2\/2021\/11\/fauteuil-ski-\\u00a9OTIMontagnicimes-3.jpg\",\"width\":1920,\"height\":1440,\"caption\":\"fauteuil-ski \\u00e0 Albiez\"},{\"@type\":\"WebPage\",\"@id\":\"https:\/\/www.montagnicimes.com\/albiez\/sorganiser\/les-cours-de-ski\/#webpage\",\"url\":\"https:\/\/www.montagnicimes.com\/albiez\/sorganiser\/les-cours-de-ski\/\",\"name\":\"Les cours de ski Albiez-Montrond - Albiez\",\"isPartOf\":{\"@id\":\"https:\/\/www.montagnicimes.com\/albiez\/#website\"},\"primaryImageOfPage\":{\"@id\":\"https:\/\/www.montagnicimes.com\/albiez\/sorganiser\/les-cours-de-ski\/#primaryimage\"},\"datePublished\":\"2021-09-24T13:08:31+00:00\",\"dateModified\":\"2024-11-29T14:45:23+00:00\",\"description\":\"D\\u00e9couvrez les joies des sports d'hiver au c\\u0153ur des Alpes avec l'\\u00e9quipe de moniteurs et monitrices d\\u2019Albiez. Passionn\\u00e9s, experts de la glisse et de\",\"breadcrumb\":{\"@id\":\"https:\/\/www.montagnicimes.com\/albiez\/sorganiser\/les-cours-de-ski\/#breadcrumb\"},\"inLanguage\":\"fr-FR\",\"potentialAction\":[{\"@type\":\"ReadAction\",\"target\":[\"https:\/\/www.montagnicimes.com\/albiez\/sorganiser\/les-cours-de-ski\/\"]}]},{\"@type\":\"BreadcrumbList\",\"@id\":\"https:\/\/www.montagnicimes.com\/albiez\/sorganiser\/les-cours-de-ski\/#breadcrumb\",\"itemListElement\":[{\"@type\":\"ListItem\",\"position\":1,\"name\":\"Accueil\",\"item\":\"https:\/\/www.montagnicimes.com\/albiez\/\"},{\"@type\":\"ListItem\",\"position\":2,\"name\":\"S&rsquo;organiser\",\"item\":\"https:\/\/www.montagnicimes.com\/albiez\/sorganiser\/\"},{\"@type\":\"ListItem\",\"position\":3,\"name\":\"Les cours de ski\"}]}]}<\/script>\n<!-- \/ Yoast SEO plugin. -->","yoast_head_json":{"description":"D\u00e9couvrez les joies des sports d'hiver au c\u0153ur des Alpes avec l'\u00e9quipe de moniteurs et monitrices d\u2019Albiez. Passionn\u00e9s, experts de la glisse et de","robots":{"index":"index","follow":"follow","max-snippet":"max-snippet:-1","max-image-preview":"max-image-preview:large","max-video-preview":"max-video-preview:-1"},"canonical":"https:\/\/www.montagnicimes.com\/albiez\/sorganiser\/les-cours-de-ski\/","og_locale":"fr_FR","og_type":"article","og_title":"Les cours de ski Albiez-Montrond - Albiez","og_description":"D\u00e9couvrez les joies des sports d'hiver au c\u0153ur des Alpes avec l'\u00e9quipe de moniteurs et monitrices d\u2019Albiez. Passionn\u00e9s, experts de la glisse et de","og_url":"https:\/\/www.montagnicimes.com\/albiez\/sorganiser\/les-cours-de-ski\/","og_site_name":"Albiez","article_modified_time":"2024-11-29T14:45:23+00:00","og_image":[{"width":1920,"height":1440,"url":"https:\/\/www.montagnicimes.com\/albiez\/wp-content\/uploads\/sites\/2\/2021\/11\/fauteuil-ski-\u00a9OTIMontagnicimes-3.jpg","type":"image\/jpeg"}],"twitter_card":"summary_large_image","twitter_misc":{"Dur\u00e9e de lecture estim\u00e9e":"2 minutes"},"schema":{"@context":"https:\/\/schema.org","@graph":[{"@type":"WebSite","@id":"https:\/\/www.montagnicimes.com\/albiez\/#website","url":"https:\/\/www.montagnicimes.com\/albiez\/","name":"Albiez","description":"Office de tourisme Montagnicimes - Albiez","potentialAction":[{"@type":"SearchAction","target":{"@type":"EntryPoint","urlTemplate":"https:\/\/www.montagnicimes.com\/albiez\/?s={search_term_string}"},"query-input":"required name=search_term_string"}],"inLanguage":"fr-FR"},{"@type":"ImageObject","@id":"https:\/\/www.montagnicimes.com\/albiez\/sorganiser\/les-cours-de-ski\/#primaryimage","inLanguage":"fr-FR","url":"https:\/\/www.montagnicimes.com\/albiez\/wp-content\/uploads\/sites\/2\/2021\/11\/fauteuil-ski-\u00a9OTIMontagnicimes-3.jpg","contentUrl":"https:\/\/www.montagnicimes.com\/albiez\/wp-content\/uploads\/sites\/2\/2021\/11\/fauteuil-ski-\u00a9OTIMontagnicimes-3.jpg","width":1920,"height":1440,"caption":"fauteuil-ski \u00e0 Albiez"},{"@type":"WebPage","@id":"https:\/\/www.montagnicimes.com\/albiez\/sorganiser\/les-cours-de-ski\/#webpage","url":"https:\/\/www.montagnicimes.com\/albiez\/sorganiser\/les-cours-de-ski\/","name":"Les cours de ski Albiez-Montrond - Albiez","isPartOf":{"@id":"https:\/\/www.montagnicimes.com\/albiez\/#website"},"primaryImageOfPage":{"@id":"https:\/\/www.montagnicimes.com\/albiez\/sorganiser\/les-cours-de-ski\/#primaryimage"},"datePublished":"2021-09-24T13:08:31+00:00","dateModified":"2024-11-29T14:45:23+00:00","description":"D\u00e9couvrez les joies des sports d'hiver au c\u0153ur des Alpes avec l'\u00e9quipe de moniteurs et monitrices d\u2019Albiez. Passionn\u00e9s, experts de la glisse et de","breadcrumb":{"@id":"https:\/\/www.montagnicimes.com\/albiez\/sorganiser\/les-cours-de-ski\/#breadcrumb"},"inLanguage":"fr-FR","potentialAction":[{"@type":"ReadAction","target":["https:\/\/www.montagnicimes.com\/albiez\/sorganiser\/les-cours-de-ski\/"]}]},{"@type":"BreadcrumbList","@id":"https:\/\/www.montagnicimes.com\/albiez\/sorganiser\/les-cours-de-ski\/#breadcrumb","itemListElement":[{"@type":"ListItem","position":1,"name":"Accueil","item":"https:\/\/www.montagnicimes.com\/albiez\/"},{"@type":"ListItem","position":2,"name":"S&rsquo;organiser","item":"https:\/\/www.montagnicimes.com\/albiez\/sorganiser\/"},{"@type":"ListItem","position":3,"name":"Les cours de ski"}]}]}},"_links":{"self":[{"href":"https:\/\/www.montagnicimes.com\/albiez\/wp-json\/wp\/v2\/pages\/7501"}],"collection":[{"href":"https:\/\/www.montagnicimes.com\/albiez\/wp-json\/wp\/v2\/pages"}],"about":[{"href":"https:\/\/www.montagnicimes.com\/albiez\/wp-json\/wp\/v2\/types\/page"}],"author":[{"embeddable":true,"href":"https:\/\/www.montagnicimes.com\/albiez\/wp-json\/wp\/v2\/users\/1"}],"replies":[{"embeddable":true,"href":"https:\/\/www.montagnicimes.com\/albiez\/wp-json\/wp\/v2\/comments?post=7501"}],"version-history":[{"count":26,"href":"https:\/\/www.montagnicimes.com\/albiez\/wp-json\/wp\/v2\/pages\/7501\/revisions"}],"predecessor-version":[{"id":34434,"href":"https:\/\/www.montagnicimes.com\/albiez\/wp-json\/wp\/v2\/pages\/7501\/revisions\/34434"}],"up":[{"embeddable":true,"href":"https:\/\/www.montagnicimes.com\/albiez\/wp-json\/wp\/v2\/pages\/7534"}],"wp:featuredmedia":[{"embeddable":true,"href":"https:\/\/www.montagnicimes.com\/albiez\/wp-json\/wp\/v2\/media\/11592"}],"wp:attachment":[{"href":"https:\/\/www.montagnicimes.com\/albiez\/wp-json\/wp\/v2\/media?parent=7501"}],"wp:term":[{"taxonomy":"post_tag","embeddable":true,"href":"https:\/\/www.montagnicimes.com\/albiez\/wp-json\/wp\/v2\/post_tag?post=7501"}],"curies":[{"name":"wp","href":"https:\/\/api.w.org\/{rel}","templated":true}]}}