{"id":7498,"date":"2021-09-24T15:08:28","date_gmt":"2021-09-24T13:08:28","guid":{"rendered":"https:\/\/www.montagnicimes.com\/albiez\/la-station\/"},"modified":"2024-08-23T10:25:31","modified_gmt":"2024-08-23T08:25:31","slug":"la-station","status":"publish","type":"page","link":"https:\/\/www.montagnicimes.com\/albiez\/la-station\/","title":{"rendered":"Albiez"},"content":{"rendered":"\n<p class=\"is-style-excerpt\">La station d&rsquo;Albiez-Montrond en quelques mots : Authentique, familiale, conviviale aux activit\u00e9s multiples et vari\u00e9es !<\/p>\n\n\n\n<div class=\"wp-block wp-block-child-post alignwide clear\">\n    \n<div class=\"entityItem \" data-trigger=\"wpiris-click\" >\n    <a href=\"https:\/\/www.montagnicimes.com\/albiez\/la-station\/presentation-de-la-station\/\" nofancybox class=\"entityItemThumbnail\">\n        <img data-src=\"https:\/\/www.montagnicimes.com\/albiez\/wp-content\/uploads\/sites\/2\/wpiris-images\/17970\/alb-page-accueil-380x400-c.jpg\" alt=\"Un village \u00e0 la montagne\">\n    <\/a>\n    <div class=\"entityItemContent\">\n\n        <div class=\"entityItemContentHeading\">\n                                    <h2 class=\"entityItemContentTitle\" >\n                <a href=\"https:\/\/www.montagnicimes.com\/albiez\/la-station\/presentation-de-la-station\/\">Un village \u00e0 la montagne<\/a>\n            <\/h2>                    <\/div>\n            <\/div>\n<\/div>\n\n<div class=\"entityItem \" data-trigger=\"wpiris-click\" >\n    <a href=\"https:\/\/www.montagnicimes.com\/albiez\/la-station\/domaine-skiable\/\" nofancybox class=\"entityItemThumbnail\">\n        <img data-src=\"https:\/\/www.montagnicimes.com\/albiez\/wp-content\/uploads\/sites\/2\/wpiris-images\/11587\/front-de-neige-\u00a9OTIMontagnicimes-380x400-c.jpg\" alt=\"Le domaine skiable\">\n    <\/a>\n    <div class=\"entityItemContent\">\n\n        <div class=\"entityItemContentHeading\">\n                                    <h2 class=\"entityItemContentTitle\" >\n                <a href=\"https:\/\/www.montagnicimes.com\/albiez\/la-station\/domaine-skiable\/\">Le domaine skiable<\/a>\n            <\/h2>                    <\/div>\n            <\/div>\n<\/div>\n    <\/div>","protected":false},"excerpt":{"rendered":"<p>La station d&rsquo;Albiez-Montrond en quelques mots : Authentique, familiale, conviviale aux activit\u00e9s multiples et vari\u00e9es !<\/p>\n","protected":false},"author":1,"featured_media":0,"parent":0,"menu_order":5,"comment_status":"closed","ping_status":"closed","template":"","meta":{"_relevanssi_hide_post":"","_relevanssi_pin_for_all":"","_relevanssi_pin_keywords":"","_relevanssi_unpin_keywords":"","_relevanssi_related_keywords":"","_relevanssi_related_include_ids":"","_relevanssi_related_exclude_ids":"","_relevanssi_related_no_append":"","_relevanssi_related_not_related":"","_relevanssi_related_posts":"491,489,493","_relevanssi_noindex_reason":""},"post_tag":[],"acf":[],"yoast_head":"<!-- This site is optimized with the Yoast SEO plugin v17.6 - https:\/\/yoast.com\/wordpress\/plugins\/seo\/ -->\n<meta name=\"description\" content=\"La station d&#039;Albiez-Montrond en quelques mots : Authentique, familiale, conviviale aux activit\u00e9s multiples et vari\u00e9es !\" \/>\n<meta name=\"robots\" content=\"index, follow, max-snippet:-1, max-image-preview:large, max-video-preview:-1\" \/>\n<link rel=\"canonical\" href=\"https:\/\/www.montagnicimes.com\/albiez\/la-station\/\" \/>\n<meta property=\"og:locale\" content=\"fr_FR\" \/>\n<meta property=\"og:type\" content=\"article\" \/>\n<meta property=\"og:title\" content=\"Albiez de Albiez-Montrond, ski et activit\u00e9s \u00e9t\u00e9 - Albiez\" \/>\n<meta property=\"og:description\" content=\"La station d&#039;Albiez-Montrond en quelques mots : Authentique, familiale, conviviale aux activit\u00e9s multiples et vari\u00e9es !\" \/>\n<meta property=\"og:url\" content=\"https:\/\/www.montagnicimes.com\/albiez\/la-station\/\" \/>\n<meta property=\"og:site_name\" content=\"Albiez\" \/>\n<meta property=\"article:modified_time\" content=\"2024-08-23T08:25:31+00:00\" \/>\n<meta name=\"twitter:card\" content=\"summary_large_image\" \/>\n<meta name=\"twitter:label1\" content=\"Dur\u00e9e de lecture estim\u00e9e\" \/>\n\t<meta name=\"twitter:data1\" content=\"1 minute\" \/>\n<script type=\"application\/ld+json\" class=\"yoast-schema-graph\">{\"@context\":\"https:\/\/schema.org\",\"@graph\":[{\"@type\":\"WebSite\",\"@id\":\"https:\/\/www.montagnicimes.com\/albiez\/#website\",\"url\":\"https:\/\/www.montagnicimes.com\/albiez\/\",\"name\":\"Albiez\",\"description\":\"Office de tourisme Montagnicimes - Albiez\",\"potentialAction\":[{\"@type\":\"SearchAction\",\"target\":{\"@type\":\"EntryPoint\",\"urlTemplate\":\"https:\/\/www.montagnicimes.com\/albiez\/?s={search_term_string}\"},\"query-input\":\"required name=search_term_string\"}],\"inLanguage\":\"fr-FR\"},{\"@type\":\"WebPage\",\"@id\":\"https:\/\/www.montagnicimes.com\/albiez\/la-station\/#webpage\",\"url\":\"https:\/\/www.montagnicimes.com\/albiez\/la-station\/\",\"name\":\"Albiez de Albiez-Montrond, ski et activit\\u00e9s \\u00e9t\\u00e9 - Albiez\",\"isPartOf\":{\"@id\":\"https:\/\/www.montagnicimes.com\/albiez\/#website\"},\"datePublished\":\"2021-09-24T13:08:28+00:00\",\"dateModified\":\"2024-08-23T08:25:31+00:00\",\"description\":\"La station d'Albiez-Montrond en quelques mots : Authentique, familiale, conviviale aux activit\\u00e9s multiples et vari\\u00e9es !\",\"breadcrumb\":{\"@id\":\"https:\/\/www.montagnicimes.com\/albiez\/la-station\/#breadcrumb\"},\"inLanguage\":\"fr-FR\",\"potentialAction\":[{\"@type\":\"ReadAction\",\"target\":[\"https:\/\/www.montagnicimes.com\/albiez\/la-station\/\"]}]},{\"@type\":\"BreadcrumbList\",\"@id\":\"https:\/\/www.montagnicimes.com\/albiez\/la-station\/#breadcrumb\",\"itemListElement\":[{\"@type\":\"ListItem\",\"position\":1,\"name\":\"Accueil\",\"item\":\"https:\/\/www.montagnicimes.com\/albiez\/\"},{\"@type\":\"ListItem\",\"position\":2,\"name\":\"Albiez\"}]}]}<\/script>\n<!-- \/ Yoast SEO plugin. -->","yoast_head_json":{"description":"La station d'Albiez-Montrond en quelques mots : Authentique, familiale, conviviale aux activit\u00e9s multiples et vari\u00e9es !","robots":{"index":"index","follow":"follow","max-snippet":"max-snippet:-1","max-image-preview":"max-image-preview:large","max-video-preview":"max-video-preview:-1"},"canonical":"https:\/\/www.montagnicimes.com\/albiez\/la-station\/","og_locale":"fr_FR","og_type":"article","og_title":"Albiez de Albiez-Montrond, ski et activit\u00e9s \u00e9t\u00e9 - Albiez","og_description":"La station d'Albiez-Montrond en quelques mots : Authentique, familiale, conviviale aux activit\u00e9s multiples et vari\u00e9es !","og_url":"https:\/\/www.montagnicimes.com\/albiez\/la-station\/","og_site_name":"Albiez","article_modified_time":"2024-08-23T08:25:31+00:00","twitter_card":"summary_large_image","twitter_misc":{"Dur\u00e9e de lecture estim\u00e9e":"1 minute"},"schema":{"@context":"https:\/\/schema.org","@graph":[{"@type":"WebSite","@id":"https:\/\/www.montagnicimes.com\/albiez\/#website","url":"https:\/\/www.montagnicimes.com\/albiez\/","name":"Albiez","description":"Office de tourisme Montagnicimes - Albiez","potentialAction":[{"@type":"SearchAction","target":{"@type":"EntryPoint","urlTemplate":"https:\/\/www.montagnicimes.com\/albiez\/?s={search_term_string}"},"query-input":"required name=search_term_string"}],"inLanguage":"fr-FR"},{"@type":"WebPage","@id":"https:\/\/www.montagnicimes.com\/albiez\/la-station\/#webpage","url":"https:\/\/www.montagnicimes.com\/albiez\/la-station\/","name":"Albiez de Albiez-Montrond, ski et activit\u00e9s \u00e9t\u00e9 - Albiez","isPartOf":{"@id":"https:\/\/www.montagnicimes.com\/albiez\/#website"},"datePublished":"2021-09-24T13:08:28+00:00","dateModified":"2024-08-23T08:25:31+00:00","description":"La station d'Albiez-Montrond en quelques mots : Authentique, familiale, conviviale aux activit\u00e9s multiples et vari\u00e9es !","breadcrumb":{"@id":"https:\/\/www.montagnicimes.com\/albiez\/la-station\/#breadcrumb"},"inLanguage":"fr-FR","potentialAction":[{"@type":"ReadAction","target":["https:\/\/www.montagnicimes.com\/albiez\/la-station\/"]}]},{"@type":"BreadcrumbList","@id":"https:\/\/www.montagnicimes.com\/albiez\/la-station\/#breadcrumb","itemListElement":[{"@type":"ListItem","position":1,"name":"Accueil","item":"https:\/\/www.montagnicimes.com\/albiez\/"},{"@type":"ListItem","position":2,"name":"Albiez"}]}]}},"_links":{"self":[{"href":"https:\/\/www.montagnicimes.com\/albiez\/wp-json\/wp\/v2\/pages\/7498"}],"collection":[{"href":"https:\/\/www.montagnicimes.com\/albiez\/wp-json\/wp\/v2\/pages"}],"about":[{"href":"https:\/\/www.montagnicimes.com\/albiez\/wp-json\/wp\/v2\/types\/page"}],"author":[{"embeddable":true,"href":"https:\/\/www.montagnicimes.com\/albiez\/wp-json\/wp\/v2\/users\/1"}],"replies":[{"embeddable":true,"href":"https:\/\/www.montagnicimes.com\/albiez\/wp-json\/wp\/v2\/comments?post=7498"}],"version-history":[{"count":5,"href":"https:\/\/www.montagnicimes.com\/albiez\/wp-json\/wp\/v2\/pages\/7498\/revisions"}],"predecessor-version":[{"id":32920,"href":"https:\/\/www.montagnicimes.com\/albiez\/wp-json\/wp\/v2\/pages\/7498\/revisions\/32920"}],"wp:attachment":[{"href":"https:\/\/www.montagnicimes.com\/albiez\/wp-json\/wp\/v2\/media?parent=7498"}],"wp:term":[{"taxonomy":"post_tag","embeddable":true,"href":"https:\/\/www.montagnicimes.com\/albiez\/wp-json\/wp\/v2\/post_tag?post=7498"}],"curies":[{"name":"wp","href":"https:\/\/api.w.org\/{rel}","templated":true}]}}