{"id":7402,"date":"2021-09-23T12:54:37","date_gmt":"2021-09-23T11:54:37","guid":{"rendered":"https:\/\/www.montagnicimes.com\/albiez\/webcam\/"},"modified":"2025-11-26T14:47:22","modified_gmt":"2025-11-26T13:47:22","slug":"webcam","status":"publish","type":"page","link":"https:\/\/www.montagnicimes.com\/albiez\/webcam\/","title":{"rendered":"Webcam"},"content":{"rendered":"\n<div class=\"wp-block-columns are-vertically-aligned-center\">\n<div class=\"wp-block-column is-vertically-aligned-center\">\n<div class=\"wp-block wp-block-embed wp-block-embed-webcam\">\n\t        <h2 class=\"wp-block-embed-title\">Haut Echaux &#8211; 1790 m<\/h2>\n\t\n\t        <div class=\"wp-block-embed__wrapper\">\n            <iframe mozallowfullscreen webkitallowfullscreen allowfullscreen src=\"https:\/\/app.webcam-hd.com\/albiez\/haut-echaux\" frameborder=\"0\" scrolling=\"no\" width=\"700\" ><\/iframe>\n        <\/div>\n\t<\/div>\n\n\n\n<div class=\"wp-block wp-block-embed wp-block-embed-webcam\">\n\t        <h2 class=\"wp-block-embed-title\">Front de neige Grand Loup &#8211; 1550 m<\/h2>\n\t\n\t        <div class=\"wp-block-embed__wrapper\">\n            <iframe mozallowfullscreen webkitallowfullscreen allowfullscreen src=\"https:\/\/app.webcam-hd.com\/albiez\/front-de-neige-grand-loup\" frameborder=\"0\" scrolling=\"no\" width=\"500\" ><\/iframe>\n        <\/div>\n\t<\/div>\n<\/div>\n<\/div>\n","protected":false},"excerpt":{"rendered":"","protected":false},"author":1,"featured_media":0,"parent":0,"menu_order":18,"comment_status":"closed","ping_status":"closed","template":"","meta":{"_relevanssi_hide_post":"","_relevanssi_pin_for_all":"","_relevanssi_pin_keywords":"","_relevanssi_unpin_keywords":"","_relevanssi_related_keywords":"","_relevanssi_related_include_ids":"","_relevanssi_related_exclude_ids":"","_relevanssi_related_no_append":"","_relevanssi_related_not_related":"","_relevanssi_related_posts":"489,493,491","_relevanssi_noindex_reason":""},"post_tag":[],"acf":[],"yoast_head":"<!-- This site is optimized with the Yoast SEO plugin v17.6 - https:\/\/yoast.com\/wordpress\/plugins\/seo\/ -->\n<meta name=\"description\" content=\"Retrouvez les Webcams de la station Albiez-Montrdond et les diff\u00e9rents points d&#039;int\u00e9r\u00eats Bas Grand Loup, Bas-Echaux, Haut-Echaux.\" \/>\n<meta name=\"robots\" content=\"index, follow, max-snippet:-1, max-image-preview:large, max-video-preview:-1\" \/>\n<link rel=\"canonical\" href=\"https:\/\/www.montagnicimes.com\/albiez\/webcam\/\" \/>\n<meta property=\"og:locale\" content=\"fr_FR\" \/>\n<meta property=\"og:type\" content=\"article\" \/>\n<meta property=\"og:title\" content=\"Webcam \u00e0 Albiez (Bas Grand Loup, Bas-Echaux, Haut-Echaux)\" \/>\n<meta property=\"og:description\" content=\"Retrouvez les Webcams de la station Albiez-Montrdond et les diff\u00e9rents points d&#039;int\u00e9r\u00eats Bas Grand Loup, Bas-Echaux, Haut-Echaux.\" \/>\n<meta property=\"og:url\" content=\"https:\/\/www.montagnicimes.com\/albiez\/webcam\/\" \/>\n<meta property=\"og:site_name\" content=\"Albiez\" \/>\n<meta property=\"article:modified_time\" content=\"2025-11-26T13:47:22+00:00\" \/>\n<meta name=\"twitter:card\" content=\"summary_large_image\" \/>\n<script type=\"application\/ld+json\" class=\"yoast-schema-graph\">{\"@context\":\"https:\/\/schema.org\",\"@graph\":[{\"@type\":\"WebSite\",\"@id\":\"https:\/\/www.montagnicimes.com\/albiez\/#website\",\"url\":\"https:\/\/www.montagnicimes.com\/albiez\/\",\"name\":\"Albiez\",\"description\":\"Office de tourisme Montagnicimes - Albiez\",\"potentialAction\":[{\"@type\":\"SearchAction\",\"target\":{\"@type\":\"EntryPoint\",\"urlTemplate\":\"https:\/\/www.montagnicimes.com\/albiez\/?s={search_term_string}\"},\"query-input\":\"required name=search_term_string\"}],\"inLanguage\":\"fr-FR\"},{\"@type\":\"WebPage\",\"@id\":\"https:\/\/www.montagnicimes.com\/albiez\/webcam\/#webpage\",\"url\":\"https:\/\/www.montagnicimes.com\/albiez\/webcam\/\",\"name\":\"Webcam \\u00e0 Albiez (Bas Grand Loup, Bas-Echaux, Haut-Echaux)\",\"isPartOf\":{\"@id\":\"https:\/\/www.montagnicimes.com\/albiez\/#website\"},\"datePublished\":\"2021-09-23T11:54:37+00:00\",\"dateModified\":\"2025-11-26T13:47:22+00:00\",\"description\":\"Retrouvez les Webcams de la station Albiez-Montrdond et les diff\\u00e9rents points d'int\\u00e9r\\u00eats Bas Grand Loup, Bas-Echaux, Haut-Echaux.\",\"breadcrumb\":{\"@id\":\"https:\/\/www.montagnicimes.com\/albiez\/webcam\/#breadcrumb\"},\"inLanguage\":\"fr-FR\",\"potentialAction\":[{\"@type\":\"ReadAction\",\"target\":[\"https:\/\/www.montagnicimes.com\/albiez\/webcam\/\"]}]},{\"@type\":\"BreadcrumbList\",\"@id\":\"https:\/\/www.montagnicimes.com\/albiez\/webcam\/#breadcrumb\",\"itemListElement\":[{\"@type\":\"ListItem\",\"position\":1,\"name\":\"Accueil\",\"item\":\"https:\/\/www.montagnicimes.com\/albiez\/\"},{\"@type\":\"ListItem\",\"position\":2,\"name\":\"Webcam\"}]}]}<\/script>\n<!-- \/ Yoast SEO plugin. -->","yoast_head_json":{"description":"Retrouvez les Webcams de la station Albiez-Montrdond et les diff\u00e9rents points d'int\u00e9r\u00eats Bas Grand Loup, Bas-Echaux, Haut-Echaux.","robots":{"index":"index","follow":"follow","max-snippet":"max-snippet:-1","max-image-preview":"max-image-preview:large","max-video-preview":"max-video-preview:-1"},"canonical":"https:\/\/www.montagnicimes.com\/albiez\/webcam\/","og_locale":"fr_FR","og_type":"article","og_title":"Webcam \u00e0 Albiez (Bas Grand Loup, Bas-Echaux, Haut-Echaux)","og_description":"Retrouvez les Webcams de la station Albiez-Montrdond et les diff\u00e9rents points d'int\u00e9r\u00eats Bas Grand Loup, Bas-Echaux, Haut-Echaux.","og_url":"https:\/\/www.montagnicimes.com\/albiez\/webcam\/","og_site_name":"Albiez","article_modified_time":"2025-11-26T13:47:22+00:00","twitter_card":"summary_large_image","schema":{"@context":"https:\/\/schema.org","@graph":[{"@type":"WebSite","@id":"https:\/\/www.montagnicimes.com\/albiez\/#website","url":"https:\/\/www.montagnicimes.com\/albiez\/","name":"Albiez","description":"Office de tourisme Montagnicimes - Albiez","potentialAction":[{"@type":"SearchAction","target":{"@type":"EntryPoint","urlTemplate":"https:\/\/www.montagnicimes.com\/albiez\/?s={search_term_string}"},"query-input":"required name=search_term_string"}],"inLanguage":"fr-FR"},{"@type":"WebPage","@id":"https:\/\/www.montagnicimes.com\/albiez\/webcam\/#webpage","url":"https:\/\/www.montagnicimes.com\/albiez\/webcam\/","name":"Webcam \u00e0 Albiez (Bas Grand Loup, Bas-Echaux, Haut-Echaux)","isPartOf":{"@id":"https:\/\/www.montagnicimes.com\/albiez\/#website"},"datePublished":"2021-09-23T11:54:37+00:00","dateModified":"2025-11-26T13:47:22+00:00","description":"Retrouvez les Webcams de la station Albiez-Montrdond et les diff\u00e9rents points d'int\u00e9r\u00eats Bas Grand Loup, Bas-Echaux, Haut-Echaux.","breadcrumb":{"@id":"https:\/\/www.montagnicimes.com\/albiez\/webcam\/#breadcrumb"},"inLanguage":"fr-FR","potentialAction":[{"@type":"ReadAction","target":["https:\/\/www.montagnicimes.com\/albiez\/webcam\/"]}]},{"@type":"BreadcrumbList","@id":"https:\/\/www.montagnicimes.com\/albiez\/webcam\/#breadcrumb","itemListElement":[{"@type":"ListItem","position":1,"name":"Accueil","item":"https:\/\/www.montagnicimes.com\/albiez\/"},{"@type":"ListItem","position":2,"name":"Webcam"}]}]}},"_links":{"self":[{"href":"https:\/\/www.montagnicimes.com\/albiez\/wp-json\/wp\/v2\/pages\/7402"}],"collection":[{"href":"https:\/\/www.montagnicimes.com\/albiez\/wp-json\/wp\/v2\/pages"}],"about":[{"href":"https:\/\/www.montagnicimes.com\/albiez\/wp-json\/wp\/v2\/types\/page"}],"author":[{"embeddable":true,"href":"https:\/\/www.montagnicimes.com\/albiez\/wp-json\/wp\/v2\/users\/1"}],"replies":[{"embeddable":true,"href":"https:\/\/www.montagnicimes.com\/albiez\/wp-json\/wp\/v2\/comments?post=7402"}],"version-history":[{"count":26,"href":"https:\/\/www.montagnicimes.com\/albiez\/wp-json\/wp\/v2\/pages\/7402\/revisions"}],"predecessor-version":[{"id":40795,"href":"https:\/\/www.montagnicimes.com\/albiez\/wp-json\/wp\/v2\/pages\/7402\/revisions\/40795"}],"wp:attachment":[{"href":"https:\/\/www.montagnicimes.com\/albiez\/wp-json\/wp\/v2\/media?parent=7402"}],"wp:term":[{"taxonomy":"post_tag","embeddable":true,"href":"https:\/\/www.montagnicimes.com\/albiez\/wp-json\/wp\/v2\/post_tag?post=7402"}],"curies":[{"name":"wp","href":"https:\/\/api.w.org\/{rel}","templated":true}]}}