{"id":256,"date":"2021-09-23T12:54:37","date_gmt":"2021-09-23T11:54:37","guid":{"rendered":"https:\/\/www.montagnicimes.com\/albiez\/espace-pro\/"},"modified":"2021-11-24T21:46:16","modified_gmt":"2021-11-24T20:46:16","slug":"espace-pro","status":"publish","type":"page","link":"https:\/\/www.montagnicimes.com\/albiez\/espace-pro\/","title":{"rendered":"Espace Pro"},"content":{"rendered":"\n<h2>Page en cours de construction<\/h2>\n\n\n\n<p>D\u00e9sol\u00e9 cette page est en cours de construction, profitez de cette attente pour visiter notre site internet et d\u00e9couvrir le territoire de Montagnicimes.<\/p>\n\n\n\n<p><\/p>\n\n\n\n<div class=\"wp-block-buttons alignfull is-content-justification-center is-vertical\">\n<div class=\"wp-block-button\"><a class=\"wp-block-button__link\" href=\"https:\/\/www.montagnicimes.com\/decouvrir\/notre-terrritoire\/\">d\u00e9couvrir montagnicimes<\/a><\/div>\n<\/div>\n\n\n\n<div class=\"wp-block-strate-full alignfull\">\n\n    <div class=\"wp-block-strate-full-thumbnail\">\n        <img data-src=\"https:\/\/www.montagnicimes.com\/albiez\/wp-content\/uploads\/sites\/2\/wpiris-images\/11663\/Page-en-construction-2-\u00a9OTIMontagnicimes-1600x900-c.jpg\" alt=\"Page en construction 2 \u00a9OTIMontagnicimes\">\n    <\/div>\n\n\t\n        <div class=\"wp-block-strate-full-content wp-block-strate-full-content-left\">\n\t\t\t                <p class=\"wp-block-strate-full-content-excerpt\"> Couch\u00e9 de soleil sur les Aiguilles d&rsquo;Arves <\/p>\n\t\t\t        <\/div>\n\n\t\n<\/div>\n","protected":false},"excerpt":{"rendered":"<p>Page en cours de construction D\u00e9sol\u00e9 cette page est en cours de construction, profitez de cette attente pour visiter notre site internet et d\u00e9couvrir le territoire de Montagnicimes.<\/p>\n","protected":false},"author":1,"featured_media":0,"parent":0,"menu_order":11,"comment_status":"closed","ping_status":"closed","template":"","meta":{"_relevanssi_hide_post":"","_relevanssi_pin_for_all":"","_relevanssi_pin_keywords":"","_relevanssi_unpin_keywords":"","_relevanssi_related_keywords":"","_relevanssi_related_include_ids":"","_relevanssi_related_exclude_ids":"","_relevanssi_related_no_append":"","_relevanssi_related_not_related":"","_relevanssi_related_posts":"489,491,493","_relevanssi_noindex_reason":""},"post_tag":[],"acf":[],"yoast_head":"<!-- This site is optimized with the Yoast SEO plugin v17.6 - https:\/\/yoast.com\/wordpress\/plugins\/seo\/ -->\n<meta name=\"description\" content=\"Page en cours de construction D\u00e9sol\u00e9 cette page est en cours de construction, profitez de cette attente pour visiter notre site internet et d\u00e9couvrir le\" \/>\n<meta name=\"robots\" content=\"index, follow, max-snippet:-1, max-image-preview:large, max-video-preview:-1\" \/>\n<link rel=\"canonical\" href=\"https:\/\/www.montagnicimes.com\/espace-pro\/\" \/>\n<meta property=\"og:locale\" content=\"fr_FR\" \/>\n<meta property=\"og:type\" content=\"article\" \/>\n<meta property=\"og:title\" content=\"Espace Pro - Albiez\" \/>\n<meta property=\"og:description\" content=\"Page en cours de construction D\u00e9sol\u00e9 cette page est en cours de construction, profitez de cette attente pour visiter notre site internet et d\u00e9couvrir le\" \/>\n<meta property=\"og:url\" content=\"https:\/\/www.montagnicimes.com\/espace-pro\/\" \/>\n<meta property=\"og:site_name\" content=\"Albiez\" \/>\n<meta property=\"article:modified_time\" content=\"2021-11-24T20:46:16+00:00\" \/>\n<meta name=\"twitter:card\" content=\"summary_large_image\" \/>\n<meta name=\"twitter:label1\" content=\"Dur\u00e9e de lecture estim\u00e9e\" \/>\n\t<meta name=\"twitter:data1\" content=\"1 minute\" \/>\n<script type=\"application\/ld+json\" class=\"yoast-schema-graph\">{\"@context\":\"https:\/\/schema.org\",\"@graph\":[{\"@type\":\"WebSite\",\"@id\":\"https:\/\/www.montagnicimes.com\/albiez\/#website\",\"url\":\"https:\/\/www.montagnicimes.com\/albiez\/\",\"name\":\"Albiez\",\"description\":\"Office de tourisme Montagnicimes - Albiez\",\"potentialAction\":[{\"@type\":\"SearchAction\",\"target\":{\"@type\":\"EntryPoint\",\"urlTemplate\":\"https:\/\/www.montagnicimes.com\/albiez\/?s={search_term_string}\"},\"query-input\":\"required name=search_term_string\"}],\"inLanguage\":\"fr-FR\"},{\"@type\":\"WebPage\",\"@id\":\"https:\/\/www.montagnicimes.com\/espace-pro\/#webpage\",\"url\":\"https:\/\/www.montagnicimes.com\/espace-pro\/\",\"name\":\"Espace Pro - Albiez\",\"isPartOf\":{\"@id\":\"https:\/\/www.montagnicimes.com\/albiez\/#website\"},\"datePublished\":\"2021-09-23T11:54:37+00:00\",\"dateModified\":\"2021-11-24T20:46:16+00:00\",\"description\":\"Page en cours de construction D\\u00e9sol\\u00e9 cette page est en cours de construction, profitez de cette attente pour visiter notre site internet et d\\u00e9couvrir le\",\"breadcrumb\":{\"@id\":\"https:\/\/www.montagnicimes.com\/espace-pro\/#breadcrumb\"},\"inLanguage\":\"fr-FR\",\"potentialAction\":[{\"@type\":\"ReadAction\",\"target\":[\"https:\/\/www.montagnicimes.com\/espace-pro\/\"]}]},{\"@type\":\"BreadcrumbList\",\"@id\":\"https:\/\/www.montagnicimes.com\/espace-pro\/#breadcrumb\",\"itemListElement\":[{\"@type\":\"ListItem\",\"position\":1,\"name\":\"Accueil\",\"item\":\"https:\/\/www.montagnicimes.com\/albiez\/\"},{\"@type\":\"ListItem\",\"position\":2,\"name\":\"Espace Pro\"}]}]}<\/script>\n<!-- \/ Yoast SEO plugin. -->","yoast_head_json":{"description":"Page en cours de construction D\u00e9sol\u00e9 cette page est en cours de construction, profitez de cette attente pour visiter notre site internet et d\u00e9couvrir le","robots":{"index":"index","follow":"follow","max-snippet":"max-snippet:-1","max-image-preview":"max-image-preview:large","max-video-preview":"max-video-preview:-1"},"canonical":"https:\/\/www.montagnicimes.com\/espace-pro\/","og_locale":"fr_FR","og_type":"article","og_title":"Espace Pro - Albiez","og_description":"Page en cours de construction D\u00e9sol\u00e9 cette page est en cours de construction, profitez de cette attente pour visiter notre site internet et d\u00e9couvrir le","og_url":"https:\/\/www.montagnicimes.com\/espace-pro\/","og_site_name":"Albiez","article_modified_time":"2021-11-24T20:46:16+00:00","twitter_card":"summary_large_image","twitter_misc":{"Dur\u00e9e de lecture estim\u00e9e":"1 minute"},"schema":{"@context":"https:\/\/schema.org","@graph":[{"@type":"WebSite","@id":"https:\/\/www.montagnicimes.com\/albiez\/#website","url":"https:\/\/www.montagnicimes.com\/albiez\/","name":"Albiez","description":"Office de tourisme Montagnicimes - Albiez","potentialAction":[{"@type":"SearchAction","target":{"@type":"EntryPoint","urlTemplate":"https:\/\/www.montagnicimes.com\/albiez\/?s={search_term_string}"},"query-input":"required name=search_term_string"}],"inLanguage":"fr-FR"},{"@type":"WebPage","@id":"https:\/\/www.montagnicimes.com\/espace-pro\/#webpage","url":"https:\/\/www.montagnicimes.com\/espace-pro\/","name":"Espace Pro - Albiez","isPartOf":{"@id":"https:\/\/www.montagnicimes.com\/albiez\/#website"},"datePublished":"2021-09-23T11:54:37+00:00","dateModified":"2021-11-24T20:46:16+00:00","description":"Page en cours de construction D\u00e9sol\u00e9 cette page est en cours de construction, profitez de cette attente pour visiter notre site internet et d\u00e9couvrir le","breadcrumb":{"@id":"https:\/\/www.montagnicimes.com\/espace-pro\/#breadcrumb"},"inLanguage":"fr-FR","potentialAction":[{"@type":"ReadAction","target":["https:\/\/www.montagnicimes.com\/espace-pro\/"]}]},{"@type":"BreadcrumbList","@id":"https:\/\/www.montagnicimes.com\/espace-pro\/#breadcrumb","itemListElement":[{"@type":"ListItem","position":1,"name":"Accueil","item":"https:\/\/www.montagnicimes.com\/albiez\/"},{"@type":"ListItem","position":2,"name":"Espace Pro"}]}]}},"_links":{"self":[{"href":"https:\/\/www.montagnicimes.com\/albiez\/wp-json\/wp\/v2\/pages\/256"}],"collection":[{"href":"https:\/\/www.montagnicimes.com\/albiez\/wp-json\/wp\/v2\/pages"}],"about":[{"href":"https:\/\/www.montagnicimes.com\/albiez\/wp-json\/wp\/v2\/types\/page"}],"author":[{"embeddable":true,"href":"https:\/\/www.montagnicimes.com\/albiez\/wp-json\/wp\/v2\/users\/1"}],"replies":[{"embeddable":true,"href":"https:\/\/www.montagnicimes.com\/albiez\/wp-json\/wp\/v2\/comments?post=256"}],"version-history":[{"count":2,"href":"https:\/\/www.montagnicimes.com\/albiez\/wp-json\/wp\/v2\/pages\/256\/revisions"}],"predecessor-version":[{"id":11913,"href":"https:\/\/www.montagnicimes.com\/albiez\/wp-json\/wp\/v2\/pages\/256\/revisions\/11913"}],"wp:attachment":[{"href":"https:\/\/www.montagnicimes.com\/albiez\/wp-json\/wp\/v2\/media?parent=256"}],"wp:term":[{"taxonomy":"post_tag","embeddable":true,"href":"https:\/\/www.montagnicimes.com\/albiez\/wp-json\/wp\/v2\/post_tag?post=256"}],"curies":[{"name":"wp","href":"https:\/\/api.w.org\/{rel}","templated":true}]}}