{"id":24689,"date":"2023-07-28T10:20:08","date_gmt":"2023-07-28T08:20:08","guid":{"rendered":"https:\/\/www.montagnicimes.com\/albiez\/?page_id=24689"},"modified":"2023-07-28T10:20:09","modified_gmt":"2023-07-28T08:20:09","slug":"expositions-visites-guidees","status":"publish","type":"page","link":"https:\/\/www.montagnicimes.com\/albiez\/l-agenda\/expositions-visites-guidees\/","title":{"rendered":"Expositions &#038; visites guid\u00e9es"},"content":{"rendered":"\n<p class=\"is-style-excerpt\">Bienvenue \u00e0 Albiez, votre destination culturelle incontournable ! D\u00e9couvrez des expositions captivantes et des visites guid\u00e9es enrichissantes au c\u0153ur de notre charmante commune. Une aventure culturelle vous attend \u00e0 Albiez, o\u00f9 \u00e9motions et d\u00e9couvertes vous attendent \u00e0 chaque pas.<\/p>\n\n\n\n    <div class=\"wp-block-wpet-aside alignfull\">\n        <div class=\"wpetList  clear\" id=\"wpetList\" data-id=\"wpet-list\" data-wpet-current-mode=\"mixte\">\n\n                        <div class=\"wpetListInfobar\">\n\n                <div class=\"wpetListNumber\">\n                    <span class=\"wpetListNumberValue\" data-id=\"wpet-list-total-offer\">1<\/span>\n                    <span class=\"wpetListNumberLabel\">r\u00e9sultat(s)<\/span>\n                <\/div>\n\n                                <div class=\"wpetListModes resultsListMode\">\n                    <ul>\n                                                    <li class=\"wpetListModesItem wpetListModesItem--filter\">\n                                <a href=\"#wpetListAside\" data-trigger=\"wpet-list-filters-button\">\n                                    <span>Filtres<\/span>\n                                <\/a>\n                            <\/li>\n                                                <li class=\"wpetListModesItem wpetListModesItem--list\">\n                            <a data-trigger=\"wpet-mode\" href=\"#wpetList\" data-wpet-switch-mode=\"list\">\n                                <span>Liste<\/span>\n                            <\/a>\n                        <\/li>\n                        <li class=\"wpetListModesItem wpetListModesItem--map\">\n                            <a data-trigger=\"wpet-mode\" href=\"#wpetList\" data-wpet-switch-mode=\"map\">\n                                <span>Carte<\/span>\n                            <\/a>\n                        <\/li>\n                        <li class=\"wpetListModesItem wpetListModesItem--mixte\">\n                            <a data-trigger=\"wpet-mode\" href=\"#wpetList\" data-wpet-switch-mode=\"mixte\">\n                                <span>Mixte<\/span>\n                            <\/a>\n                        <\/li>\n                    <\/ul>\n                <\/div>\n            <\/div>\n\n                                        <div class=\"wpetOverlay\" data-trigger=\"wpet-list-filters-close\"><\/div>\n\n                <div class=\"wpetListAside\" id=\"wpetListAside\" data-id=\"wpet-list-filters\">\n                    <a href=\"#wpetList\" class=\"wpetListAsideClose\" data-trigger=\"wpet-list-filters-close\">\n                        <span class=\"sr-only\">Fermer les filtres<\/span>\n                    <\/a>\n\n                    <p class=\"wpetListFilterTitle\">Affiner ma recherche<\/p>\n\n                    <div class=\"wpetListFilter\">\n                        <div class=\"wrapper_wpet_engine\"><form name=\"wpet_engine_form\" method=\"POST\" action=\"\" ><div>\n    <form id=\"\" name=\"\" method=\"POST\" action=\"##\">\n        <div class=\"wpetFiltersEngine\">\n\t\t\t<div id=\"wpet_agenda_widget\" data-wpet-agenda-openned=\"1\" data-wpet-agenda-events-number=\"1\" class=\"wpet-form-item agenda\" data-wpet-search=\"agenda\" data-wpet-type=\"agenda\">\n    \n    <label><\/label>\n    \n        \n        <div id=\"wpet_agenda_inline\">\n            <input type=\"hidden\" id=\"wpet_agenda_inline_value\" value=\" - \"\/>\n        <\/div>\n    \n        <p>\n            <button id=\"wpet_agenda_button\" class=\"wpet-agenda-button button\" value=\"\">Rechercher sur une p\u00e9riode<\/button>\n            <input type=\"hidden\" class=\"startdate wpet_datepicker\" id=\"wpet_agenda_startdate\" name=\"wpet_search[period][startdate]\" value=\"\" \/>\n            <input type=\"hidden\" class=\"enddate wpet_datepicker\" id=\"wpet_agenda_enddate\" name=\"wpet_search[period][enddate]\"  value=\"\" \/>\n    \n                            <input type=\"hidden\" name=\"wpet_search[period][inline]\" value=\"1\" \/>\n                  <\/p>\n\n        \n    \n<\/div><div class=\"wpet-form-item wpet-checkboxes\" data-wpet-search=\"types\" data-wpet-type=\"checkbox\">\n\n    <label><\/label>\n\n            <div class=\"wpet-checkbox-item\">\n            <input name=\"wpet_search[types][]\"\n                   id=\"wpet-checkbox-item-types-distractions-et-loisirs\"\n                   type=\"checkbox\"  value=\"Distractions et loisirs\"\/>\n            <label for=\"wpet-checkbox-item-types-distractions-et-loisirs\">Distractions et loisirs<\/label>\n        <\/div>\n\n    \n    <input type=\"hidden\" name=\"wpet_checkboxes[]\" value=\"types\"\/>\n<\/div>        <\/div>\n        <div class=\"wpetFiltersResetengine\">\n\t\t            <\/div>\n    <\/form>\n<\/div>\n\n<\/form><\/div><div class=\"wrapper_wpet_selected_facets\"><\/div><div class=\"wrapper_wpet_facets\"><div class=\"accordion\" id=\"wrapper_wpet_facets\">\n    <\/div><\/div>                        <p class=\"wpetListFilterButton\">\n                            <a href=\"#wpetList\" class=\"button\" data-trigger=\"wpet-list-filters-close\">\n                                Rechercher                            <\/a>\n                        <\/p>\n                    <\/div>\n                <\/div>\n            \n                        <div class=\"wpetListOffers\">\n                <div class=\"wpetListOffersList default\">\n                    <div id=\"loaderModeAjax\">\n                        <div class=\"content-loader\"><\/div>\n                    <\/div>\n\n                    \n<div class=\"wpetOffer wrapper_wpet_offer resultsListItem\" data-id=\"wpet-offer\">\n    \n    <div class=\"wpetOfferThumbnail\">\n\n                \n            <a href=\"https:\/\/www.montagnicimes.com\/albiez\/agenda\/visite-pedagogique-a-la-cime-du-rucher-rencontre-avec-une-apicultrice\/\" nofancybox>\n                <img data-src=\"https:\/\/www.montagnicimes.com\/albiez\/wp-content\/uploads\/sites\/2\/wpetourisme\/15790920-diaporama-550x385.jpg\" alt=\"Visite p\u00e9dagogique \u00c0 la cime du rucher &#8211; Rencontre avec une apicultrice\">\n            <\/a>\n                \n\t                <p class=\"wpetOfferThumbnailCount\"> 2 <\/p>\n\t    \n        \n\n                            <p class=\"wpetOfferThumbnailDate\">\n                Tous les jours            <\/p>\n        \n\t    \n        \t    \n\t    \n    <\/div>\n    \n    <div class=\"wpetOfferContainer\" data-mh>\n        \n        <div class=\"wpetOfferContainerContent\" data-trigger=\"wpet-click\">\n\n            <h2 class=\"wpetOfferContainerContentTitle\">\n                <a href=\"https:\/\/www.montagnicimes.com\/albiez\/agenda\/visite-pedagogique-a-la-cime-du-rucher-rencontre-avec-une-apicultrice\/\" data-id=\"wpet-offer-link\">Visite p\u00e9dagogique \u00c0 la cime du rucher &#8211; Rencontre avec une apicultrice<\/a>\n            <\/h2>\n\n            <div class=\"wpetOfferContainerContentMeta\">\n                                                    <span class=\"wpetOfferContainerContentMetaLocation\">Albiez-le-Jeune<\/span>\n                            <\/div>\n\n            \n                            <div class=\"wpetOfferContainerContentItinerary\">\n                                                                                                                                                                                                                    <\/div>\n            \n        <\/div>\n\n        \n                    <div class=\"wpetOfferMobile\">\n\n                <a href=\"#wpetOfferMobileList\" class=\"wpetOfferMobileButton\" data-trigger=\"wpet-offer-mobile-button\">\n                    <i class=\"fi fi-ellipsis\"><\/i>\n                <\/a>\n\n                <div class=\"wpetOfferMobileList\" data-id=\"wpet-offer-mobile-list\" id=\"wpetOfferMobileList\">\n                    <ul>\n                                                        <li class=\"wpetOfferMobileItem\">\n                                    <a href=\"mailto:&#114;&#101;&#115;er&#118;a&#116;&#105;&#111;&#110;&#64;alacim&#101;d&#117;&#114;uc&#104;e&#114;.&#102;&#114;\" target=\"_blank\" rel=\"noopener noreferrer\">\n                                        <i class=\"fi fi-mail\" aria-hidden=\"true\"><\/i>\n                                        <span class=\"sr-only\">Contacter par mail<\/span>\n                                    <\/a>\n                                <\/li>\n                            \n                                                        <li class=\"wpetOfferMobileItem\">\n                                    <a href=\"tel:06 70 01 33 35\" target=\"_blank\" rel=\"noopener noreferrer\">\n                                        <i class=\"fi fi-fixe\" aria-hidden=\"true\"><\/i>\n                                        <span class=\"sr-only\">06 70 01 33 35<\/span>\n                                    <\/a>\n                                <\/li>\n                            \n                        \n                                <li class=\"wpetOfferMobileItem\">\n                                    <a href=\"https:\/\/www.alacimedurucher.fr\/\" target=\"_blank\" rel=\"noopener noreferrer\">\n                                        <i class=\"fi fi-website\"><\/i>\n                                        <span class=\"sr-only\">Visiter le site internet<\/span>\n                                    <\/a>\n                                <\/li>\n                                                <\/ul>\n                <\/div>\n            <\/div>\n            \n    <\/div>\n<\/div>\n\n                    <div class=\"wpet_wrapper_pagination\">\n<div class=\"pagination wpet_nav_pagination\">\n    <\/div>\n<\/div>\n                <\/div>\n\n                <div class=\"wpetListOffersMap\" id=\"listingMap\">\n                    <div class=\"wpet-map\">\n                                                    <div class=\"wpet-map-filter\" data-wpet-mapsearchonmove>\n                                <input type=\"checkbox\" id=\"wpet_map_search_on_move\" data-wpet-mapsearchonmovecheckbox>\n                                <label for=\"wpet_map_search_on_move\">Rechercher quand je d\u00e9place la carte<\/label>\n                            <\/div>\n                                                <div class=\"wpet-map-loader\">\n                            <i class=\"fi fi-sync spin\"><\/i>\n                        <\/div>\n                    <\/div>\n                <\/div>\n\n            <\/div>\n\n            \n        <\/div>\n    <\/div>\n\n","protected":false},"excerpt":{"rendered":"<p>Bienvenue \u00e0 Albiez, votre destination culturelle incontournable ! D\u00e9couvrez des expositions captivantes et des visites guid\u00e9es enrichissantes au c\u0153ur de notre charmante commune. Une aventure culturelle vous attend \u00e0 Albiez, o\u00f9 \u00e9motions et d\u00e9couvertes vous attendent \u00e0 chaque pas.<\/p>\n","protected":false},"author":2,"featured_media":24690,"parent":7545,"menu_order":1,"comment_status":"closed","ping_status":"closed","template":"","meta":{"_relevanssi_hide_post":"","_relevanssi_pin_for_all":"","_relevanssi_pin_keywords":"","_relevanssi_unpin_keywords":"","_relevanssi_related_keywords":"","_relevanssi_related_include_ids":"","_relevanssi_related_exclude_ids":"","_relevanssi_related_no_append":"","_relevanssi_related_not_related":"","_relevanssi_related_posts":"21232,23269,23272","_relevanssi_noindex_reason":""},"post_tag":[],"acf":[],"yoast_head":"<!-- This site is optimized with the Yoast SEO plugin v17.6 - https:\/\/yoast.com\/wordpress\/plugins\/seo\/ -->\n<meta name=\"description\" content=\"Bienvenue \u00e0 Albiez, votre destination culturelle incontournable ! D\u00e9couvrez des expositions captivantes et des visites guid\u00e9es enrichissantes au c\u0153ur de\" \/>\n<meta name=\"robots\" content=\"index, follow, max-snippet:-1, max-image-preview:large, max-video-preview:-1\" \/>\n<link rel=\"canonical\" href=\"https:\/\/www.montagnicimes.com\/albiez\/l-agenda\/expositions-visites-guidees\/\" \/>\n<meta property=\"og:locale\" content=\"fr_FR\" \/>\n<meta property=\"og:type\" content=\"article\" \/>\n<meta property=\"og:title\" content=\"Expositions &amp; visites guid\u00e9es - Albiez\" \/>\n<meta property=\"og:description\" content=\"Bienvenue \u00e0 Albiez, votre destination culturelle incontournable ! D\u00e9couvrez des expositions captivantes et des visites guid\u00e9es enrichissantes au c\u0153ur de\" \/>\n<meta property=\"og:url\" content=\"https:\/\/www.montagnicimes.com\/albiez\/l-agenda\/expositions-visites-guidees\/\" \/>\n<meta property=\"og:site_name\" content=\"Albiez\" \/>\n<meta property=\"article:modified_time\" content=\"2023-07-28T08:20:09+00:00\" \/>\n<meta property=\"og:image\" content=\"https:\/\/www.montagnicimes.com\/albiez\/wp-content\/uploads\/sites\/2\/2023\/07\/18176636-diaporama-1200x900-1.jpg\" \/>\n\t<meta property=\"og:image:width\" content=\"1200\" \/>\n\t<meta property=\"og:image:height\" content=\"900\" \/>\n<meta name=\"twitter:card\" content=\"summary_large_image\" \/>\n<meta name=\"twitter:label1\" content=\"Dur\u00e9e de lecture estim\u00e9e\" \/>\n\t<meta name=\"twitter:data1\" content=\"1 minute\" \/>\n<script type=\"application\/ld+json\" class=\"yoast-schema-graph\">{\"@context\":\"https:\/\/schema.org\",\"@graph\":[{\"@type\":\"WebSite\",\"@id\":\"https:\/\/www.montagnicimes.com\/albiez\/#website\",\"url\":\"https:\/\/www.montagnicimes.com\/albiez\/\",\"name\":\"Albiez\",\"description\":\"Office de tourisme Montagnicimes - Albiez\",\"potentialAction\":[{\"@type\":\"SearchAction\",\"target\":{\"@type\":\"EntryPoint\",\"urlTemplate\":\"https:\/\/www.montagnicimes.com\/albiez\/?s={search_term_string}\"},\"query-input\":\"required name=search_term_string\"}],\"inLanguage\":\"fr-FR\"},{\"@type\":\"ImageObject\",\"@id\":\"https:\/\/www.montagnicimes.com\/albiez\/l-agenda\/expositions-visites-guidees\/#primaryimage\",\"inLanguage\":\"fr-FR\",\"url\":\"https:\/\/www.montagnicimes.com\/albiez\/wp-content\/uploads\/sites\/2\/2023\/07\/18176636-diaporama-1200x900-1.jpg\",\"contentUrl\":\"https:\/\/www.montagnicimes.com\/albiez\/wp-content\/uploads\/sites\/2\/2023\/07\/18176636-diaporama-1200x900-1.jpg\",\"width\":1200,\"height\":900,\"caption\":\"expotion producteur albiez\"},{\"@type\":\"WebPage\",\"@id\":\"https:\/\/www.montagnicimes.com\/albiez\/l-agenda\/expositions-visites-guidees\/#webpage\",\"url\":\"https:\/\/www.montagnicimes.com\/albiez\/l-agenda\/expositions-visites-guidees\/\",\"name\":\"Expositions & visites guid\\u00e9es - Albiez\",\"isPartOf\":{\"@id\":\"https:\/\/www.montagnicimes.com\/albiez\/#website\"},\"primaryImageOfPage\":{\"@id\":\"https:\/\/www.montagnicimes.com\/albiez\/l-agenda\/expositions-visites-guidees\/#primaryimage\"},\"datePublished\":\"2023-07-28T08:20:08+00:00\",\"dateModified\":\"2023-07-28T08:20:09+00:00\",\"description\":\"Bienvenue \\u00e0 Albiez, votre destination culturelle incontournable ! D\\u00e9couvrez des expositions captivantes et des visites guid\\u00e9es enrichissantes au c\\u0153ur de\",\"breadcrumb\":{\"@id\":\"https:\/\/www.montagnicimes.com\/albiez\/l-agenda\/expositions-visites-guidees\/#breadcrumb\"},\"inLanguage\":\"fr-FR\",\"potentialAction\":[{\"@type\":\"ReadAction\",\"target\":[\"https:\/\/www.montagnicimes.com\/albiez\/l-agenda\/expositions-visites-guidees\/\"]}]},{\"@type\":\"BreadcrumbList\",\"@id\":\"https:\/\/www.montagnicimes.com\/albiez\/l-agenda\/expositions-visites-guidees\/#breadcrumb\",\"itemListElement\":[{\"@type\":\"ListItem\",\"position\":1,\"name\":\"Accueil\",\"item\":\"https:\/\/www.montagnicimes.com\/albiez\/\"},{\"@type\":\"ListItem\",\"position\":2,\"name\":\"L&rsquo;agenda\",\"item\":\"https:\/\/www.montagnicimes.com\/albiez\/l-agenda\/\"},{\"@type\":\"ListItem\",\"position\":3,\"name\":\"Expositions &#038; visites guid\\u00e9es\"}]}]}<\/script>\n<!-- \/ Yoast SEO plugin. -->","yoast_head_json":{"description":"Bienvenue \u00e0 Albiez, votre destination culturelle incontournable ! D\u00e9couvrez des expositions captivantes et des visites guid\u00e9es enrichissantes au c\u0153ur de","robots":{"index":"index","follow":"follow","max-snippet":"max-snippet:-1","max-image-preview":"max-image-preview:large","max-video-preview":"max-video-preview:-1"},"canonical":"https:\/\/www.montagnicimes.com\/albiez\/l-agenda\/expositions-visites-guidees\/","og_locale":"fr_FR","og_type":"article","og_title":"Expositions & visites guid\u00e9es - Albiez","og_description":"Bienvenue \u00e0 Albiez, votre destination culturelle incontournable ! D\u00e9couvrez des expositions captivantes et des visites guid\u00e9es enrichissantes au c\u0153ur de","og_url":"https:\/\/www.montagnicimes.com\/albiez\/l-agenda\/expositions-visites-guidees\/","og_site_name":"Albiez","article_modified_time":"2023-07-28T08:20:09+00:00","og_image":[{"width":1200,"height":900,"url":"https:\/\/www.montagnicimes.com\/albiez\/wp-content\/uploads\/sites\/2\/2023\/07\/18176636-diaporama-1200x900-1.jpg","type":"image\/jpeg"}],"twitter_card":"summary_large_image","twitter_misc":{"Dur\u00e9e de lecture estim\u00e9e":"1 minute"},"schema":{"@context":"https:\/\/schema.org","@graph":[{"@type":"WebSite","@id":"https:\/\/www.montagnicimes.com\/albiez\/#website","url":"https:\/\/www.montagnicimes.com\/albiez\/","name":"Albiez","description":"Office de tourisme Montagnicimes - Albiez","potentialAction":[{"@type":"SearchAction","target":{"@type":"EntryPoint","urlTemplate":"https:\/\/www.montagnicimes.com\/albiez\/?s={search_term_string}"},"query-input":"required name=search_term_string"}],"inLanguage":"fr-FR"},{"@type":"ImageObject","@id":"https:\/\/www.montagnicimes.com\/albiez\/l-agenda\/expositions-visites-guidees\/#primaryimage","inLanguage":"fr-FR","url":"https:\/\/www.montagnicimes.com\/albiez\/wp-content\/uploads\/sites\/2\/2023\/07\/18176636-diaporama-1200x900-1.jpg","contentUrl":"https:\/\/www.montagnicimes.com\/albiez\/wp-content\/uploads\/sites\/2\/2023\/07\/18176636-diaporama-1200x900-1.jpg","width":1200,"height":900,"caption":"expotion producteur albiez"},{"@type":"WebPage","@id":"https:\/\/www.montagnicimes.com\/albiez\/l-agenda\/expositions-visites-guidees\/#webpage","url":"https:\/\/www.montagnicimes.com\/albiez\/l-agenda\/expositions-visites-guidees\/","name":"Expositions & visites guid\u00e9es - Albiez","isPartOf":{"@id":"https:\/\/www.montagnicimes.com\/albiez\/#website"},"primaryImageOfPage":{"@id":"https:\/\/www.montagnicimes.com\/albiez\/l-agenda\/expositions-visites-guidees\/#primaryimage"},"datePublished":"2023-07-28T08:20:08+00:00","dateModified":"2023-07-28T08:20:09+00:00","description":"Bienvenue \u00e0 Albiez, votre destination culturelle incontournable ! D\u00e9couvrez des expositions captivantes et des visites guid\u00e9es enrichissantes au c\u0153ur de","breadcrumb":{"@id":"https:\/\/www.montagnicimes.com\/albiez\/l-agenda\/expositions-visites-guidees\/#breadcrumb"},"inLanguage":"fr-FR","potentialAction":[{"@type":"ReadAction","target":["https:\/\/www.montagnicimes.com\/albiez\/l-agenda\/expositions-visites-guidees\/"]}]},{"@type":"BreadcrumbList","@id":"https:\/\/www.montagnicimes.com\/albiez\/l-agenda\/expositions-visites-guidees\/#breadcrumb","itemListElement":[{"@type":"ListItem","position":1,"name":"Accueil","item":"https:\/\/www.montagnicimes.com\/albiez\/"},{"@type":"ListItem","position":2,"name":"L&rsquo;agenda","item":"https:\/\/www.montagnicimes.com\/albiez\/l-agenda\/"},{"@type":"ListItem","position":3,"name":"Expositions &#038; visites guid\u00e9es"}]}]}},"_links":{"self":[{"href":"https:\/\/www.montagnicimes.com\/albiez\/wp-json\/wp\/v2\/pages\/24689"}],"collection":[{"href":"https:\/\/www.montagnicimes.com\/albiez\/wp-json\/wp\/v2\/pages"}],"about":[{"href":"https:\/\/www.montagnicimes.com\/albiez\/wp-json\/wp\/v2\/types\/page"}],"author":[{"embeddable":true,"href":"https:\/\/www.montagnicimes.com\/albiez\/wp-json\/wp\/v2\/users\/2"}],"replies":[{"embeddable":true,"href":"https:\/\/www.montagnicimes.com\/albiez\/wp-json\/wp\/v2\/comments?post=24689"}],"version-history":[{"count":1,"href":"https:\/\/www.montagnicimes.com\/albiez\/wp-json\/wp\/v2\/pages\/24689\/revisions"}],"predecessor-version":[{"id":24691,"href":"https:\/\/www.montagnicimes.com\/albiez\/wp-json\/wp\/v2\/pages\/24689\/revisions\/24691"}],"up":[{"embeddable":true,"href":"https:\/\/www.montagnicimes.com\/albiez\/wp-json\/wp\/v2\/pages\/7545"}],"wp:featuredmedia":[{"embeddable":true,"href":"https:\/\/www.montagnicimes.com\/albiez\/wp-json\/wp\/v2\/media\/24690"}],"wp:attachment":[{"href":"https:\/\/www.montagnicimes.com\/albiez\/wp-json\/wp\/v2\/media?parent=24689"}],"wp:term":[{"taxonomy":"post_tag","embeddable":true,"href":"https:\/\/www.montagnicimes.com\/albiez\/wp-json\/wp\/v2\/post_tag?post=24689"}],"curies":[{"name":"wp","href":"https:\/\/api.w.org\/{rel}","templated":true}]}}