{"id":10952,"date":"2021-10-26T16:51:49","date_gmt":"2021-10-26T14:51:49","guid":{"rendered":"https:\/\/www.montagnicimes.com\/albiez\/?page_id=10952"},"modified":"2021-11-24T22:23:40","modified_gmt":"2021-11-24T21:23:40","slug":"lopinel","status":"publish","type":"page","link":"https:\/\/www.montagnicimes.com\/albiez\/decouvrir\/incontournables\/lopinel\/","title":{"rendered":"L&rsquo;Opinel"},"content":{"rendered":"\n<p class=\"is-style-excerpt\"> Vous en avez surement d\u00e9j\u00e0 entendu parler, ou m\u00eame vous en poss\u00e9dez un chez vous. L&rsquo;Opinel pour nous c&rsquo;est une tradition, un objet pratique \u00e0 sortir en cas d\u2019urgence face \u00e0 une meule de Beaufort ou un bon saucisson par exemple ! <\/p>\n\n\n\n<div class=\"wp-block-media-text alignfull is-stacked-on-mobile\"><figure class=\"wp-block-media-text__media\"><img loading=\"lazy\" width=\"1200\" height=\"856\" data-src=\"https:\/\/www.montagnicimes.com\/albiez\/wp-content\/uploads\/sites\/2\/2021\/10\/Opinel-N\u00b05-carbone-@-Thierry-Vallier-2-1200x856.jpg\" alt=\"Opinel N\u00b05 carbone\" class=\"wp-image-10959 size-full\" data-srcset=\"https:\/\/www.montagnicimes.com\/albiez\/wp-content\/uploads\/sites\/2\/2021\/10\/Opinel-N\u00b05-carbone-@-Thierry-Vallier-2-1200x856.jpg 1200w, https:\/\/www.montagnicimes.com\/albiez\/wp-content\/uploads\/sites\/2\/2021\/10\/Opinel-N\u00b05-carbone-@-Thierry-Vallier-2-600x428.jpg 600w, https:\/\/www.montagnicimes.com\/albiez\/wp-content\/uploads\/sites\/2\/2021\/10\/Opinel-N\u00b05-carbone-@-Thierry-Vallier-2-768x548.jpg 768w, https:\/\/www.montagnicimes.com\/albiez\/wp-content\/uploads\/sites\/2\/2021\/10\/Opinel-N\u00b05-carbone-@-Thierry-Vallier-2-1536x1096.jpg 1536w, https:\/\/www.montagnicimes.com\/albiez\/wp-content\/uploads\/sites\/2\/2021\/10\/Opinel-N\u00b05-carbone-@-Thierry-Vallier-2-200x143.jpg 200w, https:\/\/www.montagnicimes.com\/albiez\/wp-content\/uploads\/sites\/2\/2021\/10\/Opinel-N\u00b05-carbone-@-Thierry-Vallier-2.jpg 1920w\" sizes=\"(max-width: 1200px) 100vw, 1200px\" \/><\/figure><div class=\"wp-block-media-text__content\">\n<h2>Le couteau Opinel<\/h2>\n\n\n\n<p><\/p>\n\n\n\n<div class=\"wp-block-buttons\">\n<div class=\"wp-block-button\"><a class=\"wp-block-button__link\" href=\"https:\/\/www.montagnicimes.com\/decouvrir\/incontournables\/lopinel\/le-couteau-opinel\/\">EN SAVOIR PLUS<\/a><\/div>\n<\/div>\n<\/div><\/div>\n\n\n\n<hr class=\"wp-block-separator is-style-default\" \/>\n\n\n\n<h2>Le mus\u00e9e Opinel<\/h2>\n\n\n\n<p>Si vous \u00eates en vacances \u00e0 Saint-Jean-de-Maurienne ou ses alentours, retrouvez le mus\u00e9e de l\u2019Opinel ! Incontournable de notre territoire, il relate l\u2019histoire de la cr\u00e9ation du petit couteau de poche, mondialement connu.<\/p>\n\n\n\n<div class=\"wp-block-buttons\">\n<div class=\"wp-block-button\"><a class=\"wp-block-button__link\" href=\"https:\/\/www.montagnicimes.com\/decouvrir\/incontournables\/lopinel\/le-musee-opinel\/\">EN SAVOIR PLUS<\/a><\/div>\n<\/div>\n\n\n\n<hr class=\"wp-block-separator is-style-default\" \/>\n\n\n\n<div class=\"wp-block-media-text alignfull is-stacked-on-mobile\"><figure class=\"wp-block-media-text__media\"><img loading=\"lazy\" width=\"1200\" height=\"767\" data-src=\"https:\/\/www.montagnicimes.com\/albiez\/wp-content\/uploads\/sites\/2\/2021\/10\/Atelier-du-pere-de-Joseph-Daniel-Opinel-a-Gevoudaz-@-Opinel-SAS-1200x767.jpg\" alt=\"Atelier du p\u00e8re de Joseph, Daniel Opinel, \u00e0 G\u00e9voudaz \" class=\"wp-image-10966 size-full\" data-srcset=\"https:\/\/www.montagnicimes.com\/albiez\/wp-content\/uploads\/sites\/2\/2021\/10\/Atelier-du-pere-de-Joseph-Daniel-Opinel-a-Gevoudaz-@-Opinel-SAS-1200x767.jpg 1200w, https:\/\/www.montagnicimes.com\/albiez\/wp-content\/uploads\/sites\/2\/2021\/10\/Atelier-du-pere-de-Joseph-Daniel-Opinel-a-Gevoudaz-@-Opinel-SAS-600x384.jpg 600w, https:\/\/www.montagnicimes.com\/albiez\/wp-content\/uploads\/sites\/2\/2021\/10\/Atelier-du-pere-de-Joseph-Daniel-Opinel-a-Gevoudaz-@-Opinel-SAS-768x491.jpg 768w, https:\/\/www.montagnicimes.com\/albiez\/wp-content\/uploads\/sites\/2\/2021\/10\/Atelier-du-pere-de-Joseph-Daniel-Opinel-a-Gevoudaz-@-Opinel-SAS-1536x982.jpg 1536w, https:\/\/www.montagnicimes.com\/albiez\/wp-content\/uploads\/sites\/2\/2021\/10\/Atelier-du-pere-de-Joseph-Daniel-Opinel-a-Gevoudaz-@-Opinel-SAS-200x128.jpg 200w, https:\/\/www.montagnicimes.com\/albiez\/wp-content\/uploads\/sites\/2\/2021\/10\/Atelier-du-pere-de-Joseph-Daniel-Opinel-a-Gevoudaz-@-Opinel-SAS.jpg 1609w\" sizes=\"(max-width: 1200px) 100vw, 1200px\" \/><\/figure><div class=\"wp-block-media-text__content\">\n<h2>L&rsquo;histoire de l&rsquo;Opinel<\/h2>\n\n\n\n<p>D\u00e9couvrez comment le petit couteau de poche a vu le jour dans le petit hameau de G\u00e9voudaz \u00e0 Albiez. Le couteau Opinel une v\u00e9ritable histoire de famille !<\/p>\n\n\n\n<div class=\"wp-block-buttons\">\n<div class=\"wp-block-button\"><a class=\"wp-block-button__link\" href=\"https:\/\/www.montagnicimes.com\/decouvrir\/incontournables\/lopinel\/lhistoire-de-lopinel\/\">EN SAVOIR PLUS<\/a><\/div>\n<\/div>\n<\/div><\/div>\n\n\n\n<hr class=\"wp-block-separator is-style-default\" \/>\n\n\n\n<h2>La route de l&rsquo;Opinel<\/h2>\n\n\n\n<p>N\u2019h\u00e9sitez pas \u00e0 venir faire la route de l\u2019Opinel&nbsp;! Depuis l\u2019\u00e9t\u00e9 2021, un circuit d\u00e9couverte a \u00e9t\u00e9 mis en place en plein c\u0153ur de la vall\u00e9e. Pour les plus motiv\u00e9s, elle est aussi faisable \u00e0 v\u00e9lo !<\/p>\n\n\n\n<div class=\"wp-block-buttons\">\n<div class=\"wp-block-button\"><a class=\"wp-block-button__link\" href=\"https:\/\/www.montagnicimes.com\/decouvrir\/incontournables\/lopinel\/la-route-de-lopinel\/\">EN SAVOIR PLUS<\/a><\/div>\n<\/div>\n","protected":false},"excerpt":{"rendered":"<p>Vous en avez surement d\u00e9j\u00e0 entendu parler, ou m\u00eame vous en poss\u00e9dez un chez vous. L&rsquo;Opinel pour nous c&rsquo;est une tradition, un objet pratique \u00e0 sortir en cas d\u2019urgence face \u00e0 une meule de Beaufort ou un bon saucisson par exemple ! Le mus\u00e9e Opinel Si vous \u00eates en vacances \u00e0 Saint-Jean-de-Maurienne ou ses alentours, [&hellip;]<\/p>\n","protected":false},"author":2,"featured_media":10959,"parent":7496,"menu_order":1,"comment_status":"closed","ping_status":"closed","template":"","meta":{"_relevanssi_hide_post":"","_relevanssi_pin_for_all":"","_relevanssi_pin_keywords":"","_relevanssi_unpin_keywords":"","_relevanssi_related_keywords":"","_relevanssi_related_include_ids":"","_relevanssi_related_exclude_ids":"","_relevanssi_related_no_append":"","_relevanssi_related_not_related":"","_relevanssi_related_posts":"489,493,491","_relevanssi_noindex_reason":""},"post_tag":[],"acf":[],"yoast_head":"<!-- This site is optimized with the Yoast SEO plugin v17.6 - https:\/\/yoast.com\/wordpress\/plugins\/seo\/ -->\n<meta name=\"description\" content=\"Vous en avez surement d\u00e9j\u00e0 entendu parler, ou m\u00eame vous en poss\u00e9dez un chez vous. L&#039;Opinel pour nous c&#039;est une tradition, un objet pratique \u00e0 sortir en\" \/>\n<meta name=\"robots\" content=\"index, follow, max-snippet:-1, max-image-preview:large, max-video-preview:-1\" \/>\n<link rel=\"canonical\" href=\"https:\/\/www.montagnicimes.com\/decouvrir\/incontournables\/lopinel\/\" \/>\n<meta property=\"og:locale\" content=\"fr_FR\" \/>\n<meta property=\"og:type\" content=\"article\" \/>\n<meta property=\"og:title\" content=\"L&#039;Opinel - Albiez\" \/>\n<meta property=\"og:description\" content=\"Vous en avez surement d\u00e9j\u00e0 entendu parler, ou m\u00eame vous en poss\u00e9dez un chez vous. L&#039;Opinel pour nous c&#039;est une tradition, un objet pratique \u00e0 sortir en\" \/>\n<meta property=\"og:url\" content=\"https:\/\/www.montagnicimes.com\/decouvrir\/incontournables\/lopinel\/\" \/>\n<meta property=\"og:site_name\" content=\"Albiez\" \/>\n<meta property=\"article:modified_time\" content=\"2021-11-24T21:23:40+00:00\" \/>\n<meta property=\"og:image\" content=\"https:\/\/www.montagnicimes.com\/albiez\/wp-content\/uploads\/sites\/2\/2021\/10\/Opinel-N\u00b05-carbone-@-Thierry-Vallier-2.jpg\" \/>\n\t<meta property=\"og:image:width\" content=\"1920\" \/>\n\t<meta property=\"og:image:height\" content=\"1370\" \/>\n<meta name=\"twitter:card\" content=\"summary_large_image\" \/>\n<meta name=\"twitter:label1\" content=\"Dur\u00e9e de lecture estim\u00e9e\" \/>\n\t<meta name=\"twitter:data1\" content=\"2 minutes\" \/>\n<script type=\"application\/ld+json\" class=\"yoast-schema-graph\">{\"@context\":\"https:\/\/schema.org\",\"@graph\":[{\"@type\":\"WebSite\",\"@id\":\"https:\/\/www.montagnicimes.com\/albiez\/#website\",\"url\":\"https:\/\/www.montagnicimes.com\/albiez\/\",\"name\":\"Albiez\",\"description\":\"Office de tourisme Montagnicimes - Albiez\",\"potentialAction\":[{\"@type\":\"SearchAction\",\"target\":{\"@type\":\"EntryPoint\",\"urlTemplate\":\"https:\/\/www.montagnicimes.com\/albiez\/?s={search_term_string}\"},\"query-input\":\"required name=search_term_string\"}],\"inLanguage\":\"fr-FR\"},{\"@type\":\"ImageObject\",\"@id\":\"https:\/\/www.montagnicimes.com\/decouvrir\/incontournables\/lopinel\/#primaryimage\",\"inLanguage\":\"fr-FR\",\"url\":\"https:\/\/www.montagnicimes.com\/albiez\/wp-content\/uploads\/sites\/2\/2021\/10\/Opinel-N\\u00b05-carbone-@-Thierry-Vallier-2.jpg\",\"contentUrl\":\"https:\/\/www.montagnicimes.com\/albiez\/wp-content\/uploads\/sites\/2\/2021\/10\/Opinel-N\\u00b05-carbone-@-Thierry-Vallier-2.jpg\",\"width\":1920,\"height\":1370,\"caption\":\"Opinel N\\u00b05 carbone\"},{\"@type\":\"WebPage\",\"@id\":\"https:\/\/www.montagnicimes.com\/decouvrir\/incontournables\/lopinel\/#webpage\",\"url\":\"https:\/\/www.montagnicimes.com\/decouvrir\/incontournables\/lopinel\/\",\"name\":\"L'Opinel - Albiez\",\"isPartOf\":{\"@id\":\"https:\/\/www.montagnicimes.com\/albiez\/#website\"},\"primaryImageOfPage\":{\"@id\":\"https:\/\/www.montagnicimes.com\/decouvrir\/incontournables\/lopinel\/#primaryimage\"},\"datePublished\":\"2021-10-26T14:51:49+00:00\",\"dateModified\":\"2021-11-24T21:23:40+00:00\",\"description\":\"Vous en avez surement d\\u00e9j\\u00e0 entendu parler, ou m\\u00eame vous en poss\\u00e9dez un chez vous. L'Opinel pour nous c'est une tradition, un objet pratique \\u00e0 sortir en\",\"breadcrumb\":{\"@id\":\"https:\/\/www.montagnicimes.com\/decouvrir\/incontournables\/lopinel\/#breadcrumb\"},\"inLanguage\":\"fr-FR\",\"potentialAction\":[{\"@type\":\"ReadAction\",\"target\":[\"https:\/\/www.montagnicimes.com\/decouvrir\/incontournables\/lopinel\/\"]}]},{\"@type\":\"BreadcrumbList\",\"@id\":\"https:\/\/www.montagnicimes.com\/decouvrir\/incontournables\/lopinel\/#breadcrumb\",\"itemListElement\":[{\"@type\":\"ListItem\",\"position\":1,\"name\":\"Accueil\",\"item\":\"https:\/\/www.montagnicimes.com\/albiez\/\"},{\"@type\":\"ListItem\",\"position\":2,\"name\":\"D\\u00e9couvrir\",\"item\":\"https:\/\/www.montagnicimes.com\/albiez\/decouvrir\/\"},{\"@type\":\"ListItem\",\"position\":3,\"name\":\"Les incontournables\",\"item\":\"https:\/\/www.montagnicimes.com\/albiez\/decouvrir\/incontournables\/\"},{\"@type\":\"ListItem\",\"position\":4,\"name\":\"L&rsquo;Opinel\"}]}]}<\/script>\n<!-- \/ Yoast SEO plugin. -->","yoast_head_json":{"description":"Vous en avez surement d\u00e9j\u00e0 entendu parler, ou m\u00eame vous en poss\u00e9dez un chez vous. L'Opinel pour nous c'est une tradition, un objet pratique \u00e0 sortir en","robots":{"index":"index","follow":"follow","max-snippet":"max-snippet:-1","max-image-preview":"max-image-preview:large","max-video-preview":"max-video-preview:-1"},"canonical":"https:\/\/www.montagnicimes.com\/decouvrir\/incontournables\/lopinel\/","og_locale":"fr_FR","og_type":"article","og_title":"L'Opinel - Albiez","og_description":"Vous en avez surement d\u00e9j\u00e0 entendu parler, ou m\u00eame vous en poss\u00e9dez un chez vous. L'Opinel pour nous c'est une tradition, un objet pratique \u00e0 sortir en","og_url":"https:\/\/www.montagnicimes.com\/decouvrir\/incontournables\/lopinel\/","og_site_name":"Albiez","article_modified_time":"2021-11-24T21:23:40+00:00","og_image":[{"width":1920,"height":1370,"url":"https:\/\/www.montagnicimes.com\/albiez\/wp-content\/uploads\/sites\/2\/2021\/10\/Opinel-N\u00b05-carbone-@-Thierry-Vallier-2.jpg","type":"image\/jpeg"}],"twitter_card":"summary_large_image","twitter_misc":{"Dur\u00e9e de lecture estim\u00e9e":"2 minutes"},"schema":{"@context":"https:\/\/schema.org","@graph":[{"@type":"WebSite","@id":"https:\/\/www.montagnicimes.com\/albiez\/#website","url":"https:\/\/www.montagnicimes.com\/albiez\/","name":"Albiez","description":"Office de tourisme Montagnicimes - Albiez","potentialAction":[{"@type":"SearchAction","target":{"@type":"EntryPoint","urlTemplate":"https:\/\/www.montagnicimes.com\/albiez\/?s={search_term_string}"},"query-input":"required name=search_term_string"}],"inLanguage":"fr-FR"},{"@type":"ImageObject","@id":"https:\/\/www.montagnicimes.com\/decouvrir\/incontournables\/lopinel\/#primaryimage","inLanguage":"fr-FR","url":"https:\/\/www.montagnicimes.com\/albiez\/wp-content\/uploads\/sites\/2\/2021\/10\/Opinel-N\u00b05-carbone-@-Thierry-Vallier-2.jpg","contentUrl":"https:\/\/www.montagnicimes.com\/albiez\/wp-content\/uploads\/sites\/2\/2021\/10\/Opinel-N\u00b05-carbone-@-Thierry-Vallier-2.jpg","width":1920,"height":1370,"caption":"Opinel N\u00b05 carbone"},{"@type":"WebPage","@id":"https:\/\/www.montagnicimes.com\/decouvrir\/incontournables\/lopinel\/#webpage","url":"https:\/\/www.montagnicimes.com\/decouvrir\/incontournables\/lopinel\/","name":"L'Opinel - Albiez","isPartOf":{"@id":"https:\/\/www.montagnicimes.com\/albiez\/#website"},"primaryImageOfPage":{"@id":"https:\/\/www.montagnicimes.com\/decouvrir\/incontournables\/lopinel\/#primaryimage"},"datePublished":"2021-10-26T14:51:49+00:00","dateModified":"2021-11-24T21:23:40+00:00","description":"Vous en avez surement d\u00e9j\u00e0 entendu parler, ou m\u00eame vous en poss\u00e9dez un chez vous. L'Opinel pour nous c'est une tradition, un objet pratique \u00e0 sortir en","breadcrumb":{"@id":"https:\/\/www.montagnicimes.com\/decouvrir\/incontournables\/lopinel\/#breadcrumb"},"inLanguage":"fr-FR","potentialAction":[{"@type":"ReadAction","target":["https:\/\/www.montagnicimes.com\/decouvrir\/incontournables\/lopinel\/"]}]},{"@type":"BreadcrumbList","@id":"https:\/\/www.montagnicimes.com\/decouvrir\/incontournables\/lopinel\/#breadcrumb","itemListElement":[{"@type":"ListItem","position":1,"name":"Accueil","item":"https:\/\/www.montagnicimes.com\/albiez\/"},{"@type":"ListItem","position":2,"name":"D\u00e9couvrir","item":"https:\/\/www.montagnicimes.com\/albiez\/decouvrir\/"},{"@type":"ListItem","position":3,"name":"Les incontournables","item":"https:\/\/www.montagnicimes.com\/albiez\/decouvrir\/incontournables\/"},{"@type":"ListItem","position":4,"name":"L&rsquo;Opinel"}]}]}},"_links":{"self":[{"href":"https:\/\/www.montagnicimes.com\/albiez\/wp-json\/wp\/v2\/pages\/10952"}],"collection":[{"href":"https:\/\/www.montagnicimes.com\/albiez\/wp-json\/wp\/v2\/pages"}],"about":[{"href":"https:\/\/www.montagnicimes.com\/albiez\/wp-json\/wp\/v2\/types\/page"}],"author":[{"embeddable":true,"href":"https:\/\/www.montagnicimes.com\/albiez\/wp-json\/wp\/v2\/users\/2"}],"replies":[{"embeddable":true,"href":"https:\/\/www.montagnicimes.com\/albiez\/wp-json\/wp\/v2\/comments?post=10952"}],"version-history":[{"count":13,"href":"https:\/\/www.montagnicimes.com\/albiez\/wp-json\/wp\/v2\/pages\/10952\/revisions"}],"predecessor-version":[{"id":11917,"href":"https:\/\/www.montagnicimes.com\/albiez\/wp-json\/wp\/v2\/pages\/10952\/revisions\/11917"}],"up":[{"embeddable":true,"href":"https:\/\/www.montagnicimes.com\/albiez\/wp-json\/wp\/v2\/pages\/7496"}],"wp:featuredmedia":[{"embeddable":true,"href":"https:\/\/www.montagnicimes.com\/albiez\/wp-json\/wp\/v2\/media\/10959"}],"wp:attachment":[{"href":"https:\/\/www.montagnicimes.com\/albiez\/wp-json\/wp\/v2\/media?parent=10952"}],"wp:term":[{"taxonomy":"post_tag","embeddable":true,"href":"https:\/\/www.montagnicimes.com\/albiez\/wp-json\/wp\/v2\/post_tag?post=10952"}],"curies":[{"name":"wp","href":"https:\/\/api.w.org\/{rel}","templated":true}]}}