{"id":10950,"date":"2021-10-26T16:50:34","date_gmt":"2021-10-26T14:50:34","guid":{"rendered":"https:\/\/www.montagnicimes.com\/albiez\/?page_id=10950"},"modified":"2024-10-11T15:20:10","modified_gmt":"2024-10-11T13:20:10","slug":"les-aiguilles-darves","status":"publish","type":"page","link":"https:\/\/www.montagnicimes.com\/albiez\/decouvrir\/incontournables\/les-aiguilles-darves\/","title":{"rendered":"Les Aiguilles d&rsquo;Arves"},"content":{"rendered":"\n<p class=\"is-style-excerpt\"><strong>En plein c\u0153ur du massif des Arves (\u00e0 cheval sur les d\u00e9partements de la Savoie, de l\u2019Is\u00e8re et des Hautes-Alpes), les Aiguilles d\u2019Arves sont un des symboles des Alpes fran\u00e7aises.<\/strong><br><strong>Elles sont 3, l\u2019aiguille Septentrionale (3 358 m) que l\u2019on appelle \u00e9galement la t\u00eate de chat, l\u2019aiguille Centrale (3 513 m) et l\u2019aiguille M\u00e9ridionale (3 514 m).<\/strong><br><strong>Le col des Aiguilles d\u2019Arves (3 163 m) est situ\u00e9 entre l\u2019aiguille Septentrionale (t\u00eate de chat) et l\u2019aiguille Centrale.<\/strong><\/p>\n\n\n\n<h3>La t\u00eate dans les Aiguilles<\/h3>\n\n\n\n<figure class=\"wp-block-image\"><img data-src=\"https:\/\/www.montagnicimes.com\/wp-content\/uploads\/2024\/08\/Chalet-dla-Croe%CC%88-Basse-du-Garbier-56-1200x801.jpg\" alt=\"\" class=\"wp-image-47337\" \/><figcaption><img alt=\"\" data-src=\"https:\/\/www.montagnicimes.com\/wp-content\/uploads\/2024\/08\/Chalet-dla-Cro%C3%AB-Basse-du-Garbier-56-1200x801.jpg\"><strong>\u00a9<\/strong>Thibaut Blais<\/figcaption><\/figure>\n\n\n\n<p>Au d\u00e9part du Parking Relais du Chalmieu, sur la commune de Montrond, 2 randonn\u00e9es vous permettent d\u2019approcher les aiguilles.<\/p>\n\n\n\n<div class=\"wp-block-columns\">\n<div class=\"wp-block-column\" style=\"flex-basis:50%\">\n<div class=\"wp-block-buttons is-content-justification-left\">\n<div class=\"wp-block-button\"><a class=\"wp-block-button__link\" href=\"https:\/\/www.montagnicimes.com\/itineraire\/promenade-savoyarde-de-decouverte-des-aiguilles-darves\/\" target=\"_blank\" rel=\"noreferrer noopener\">Pour les familles<\/a><\/div>\n<\/div>\n<\/div>\n\n\n\n<div class=\"wp-block-column\" style=\"flex-basis:50%\">\n<div class=\"wp-block-buttons is-content-justification-left\">\n<div class=\"wp-block-button\"><a class=\"wp-block-button__link\">Pour les randonneurs<\/a><\/div>\n<\/div>\n<\/div>\n<\/div>\n\n\n\n<h3>Le chalet d\u2019la Cro\u00eb, une pause fra\u00eecheur bien m\u00e9rit\u00e9e !<\/h3>\n\n\n\n<p>Virginie et son \u00e9quipe vous accueillent durant toute la saison estivale pour une collation au c\u0153ur des alpages. Entre les marmottes et les vaches, on se laisse tenter par une cr\u00eape gourmande ou une boisson rafraichissante.<br>Il est possible de dormir en d\u00f4me ou en tente pour prolonger l\u2019instant.<\/p>\n\n\n\n<div class=\"wp-block-columns\">\n<div class=\"wp-block-column\" style=\"flex-basis:50%\">\n<div class=\"wp-block-columns\">\n<div class=\"wp-block-column\" style=\"flex-basis:100%\">\n<figure class=\"wp-block-image\"><img data-src=\"https:\/\/www.montagnicimes.com\/wp-content\/uploads\/2024\/08\/Chalet-dla-Croe%CC%88-Basse-du-Garbier-4-800x1200.jpg\" alt=\"\" class=\"wp-image-47344\" \/><figcaption>&nbsp;<strong>\u00a9<\/strong>Thibaut Blais<\/figcaption><\/figure>\n<\/div>\n<\/div>\n<\/div>\n\n\n\n<div class=\"wp-block-column\" style=\"flex-basis:50%\">\n<figure class=\"wp-block-image size-full\"><img loading=\"lazy\" width=\"800\" height=\"1200\" data-src=\"https:\/\/www.montagnicimes.com\/albiez\/wp-content\/uploads\/sites\/2\/2024\/10\/Chalet-dla-Croe\u0308-Basse-du-Garbier-14-800x1200-1.jpg\" alt=\"\" class=\"wp-image-34014\" data-srcset=\"https:\/\/www.montagnicimes.com\/albiez\/wp-content\/uploads\/sites\/2\/2024\/10\/Chalet-dla-Croe\u0308-Basse-du-Garbier-14-800x1200-1.jpg 800w, https:\/\/www.montagnicimes.com\/albiez\/wp-content\/uploads\/sites\/2\/2024\/10\/Chalet-dla-Croe\u0308-Basse-du-Garbier-14-800x1200-1-400x600.jpg 400w, https:\/\/www.montagnicimes.com\/albiez\/wp-content\/uploads\/sites\/2\/2024\/10\/Chalet-dla-Croe\u0308-Basse-du-Garbier-14-800x1200-1-768x1152.jpg 768w, https:\/\/www.montagnicimes.com\/albiez\/wp-content\/uploads\/sites\/2\/2024\/10\/Chalet-dla-Croe\u0308-Basse-du-Garbier-14-800x1200-1-200x300.jpg 200w\" sizes=\"(max-width: 800px) 100vw, 800px\" \/><figcaption>\u00a0<strong>\u00a9<\/strong>Thibaut Blais<\/figcaption><\/figure>\n<\/div>\n<\/div>\n\n\n\n<div class=\"wp-block-buttons is-content-justification-center\">\n<div class=\"wp-block-button\"><a class=\"wp-block-button__link\" href=\"https:\/\/www.montagnicimes.com\/restaurant\/le-chalet-dla-croe-restauration-dalpage\/\" target=\"_blank\" rel=\"noreferrer noopener\">le chalet d&rsquo;la cro\u00cb<\/a><\/div>\n<\/div>\n\n\n\n<h3>Le Tour des Aiguilles d\u2019Arves<\/h3>\n\n\n\n<p>R\u00e9serv\u00e9 aux randonneurs exp\u00e9riment\u00e9s. Ce trek de plusieurs jours fait le tour complet des Aiguilles d\u2019Arves, en passant par plusieurs cols d\u2019altitude et refuges. Avec des sentiers souvent techniques, des passages escarp\u00e9s et des d\u00e9nivel\u00e9s importants, cette randonn\u00e9e exige une excellente condition physique ainsi qu\u2019une ma\u00eetrise de la navigation \u00e0 l\u2019aide de traces GPX.<\/p>\n\n\n\n<p>Le Tour des Aiguilles d\u2019Arves dans toutes ses variantes possibles est \u00e9galement propos\u00e9 en formule encadr\u00e9e par des Accompagnateurs en Montagne locaux titulaires du dipl\u00f4me d\u2019Etat.<\/p>\n\n\n\n<div class=\"wp-block-columns\">\n<div class=\"wp-block-column\" style=\"flex-basis:50%\">\n<figure class=\"wp-block-image\"><img data-src=\"https:\/\/www.montagnicimes.com\/wp-content\/uploads\/2024\/08\/Albiez-le-Jeune-a%CC%80-sous-casse-massion-30-2-800x1200.jpg\" alt=\"\" class=\"wp-image-47383\" \/><figcaption><strong>\u00a9<\/strong>Thibaut Blais<\/figcaption><\/figure>\n<\/div>\n\n\n\n<div class=\"wp-block-column\" style=\"flex-basis:50%\">\n<figure class=\"wp-block-image size-full is-resized\"><img loading=\"lazy\" data-src=\"https:\/\/www.montagnicimes.com\/albiez\/wp-content\/uploads\/sites\/2\/2024\/10\/Albiez-le-Jeune-a\u0300-sous-casse-massion-10-1-900x1200-1.jpg\" alt=\"\" class=\"wp-image-34015\" width=\"433\" height=\"577\" data-srcset=\"https:\/\/www.montagnicimes.com\/albiez\/wp-content\/uploads\/sites\/2\/2024\/10\/Albiez-le-Jeune-a\u0300-sous-casse-massion-10-1-900x1200-1.jpg 900w, https:\/\/www.montagnicimes.com\/albiez\/wp-content\/uploads\/sites\/2\/2024\/10\/Albiez-le-Jeune-a\u0300-sous-casse-massion-10-1-900x1200-1-450x600.jpg 450w, https:\/\/www.montagnicimes.com\/albiez\/wp-content\/uploads\/sites\/2\/2024\/10\/Albiez-le-Jeune-a\u0300-sous-casse-massion-10-1-900x1200-1-768x1024.jpg 768w, https:\/\/www.montagnicimes.com\/albiez\/wp-content\/uploads\/sites\/2\/2024\/10\/Albiez-le-Jeune-a\u0300-sous-casse-massion-10-1-900x1200-1-200x267.jpg 200w\" sizes=\"(max-width: 433px) 100vw, 433px\" \/><figcaption> <strong>\u00a9<\/strong>Thibaut Blais <\/figcaption><\/figure>\n<\/div>\n<\/div>\n\n\n\n<div class=\"wp-block-buttons is-content-justification-center\">\n<div class=\"wp-block-button\"><a class=\"wp-block-button__link\" href=\"https:\/\/www.montagnicimes.com\/itineraire\/tour-des-aiguilles-darves\/\" target=\"_blank\" rel=\"noreferrer noopener\">d\u00e9couvrez le tour<\/a><\/div>\n<\/div>\n\n\n\n<h3>Alpinisme : Les premi\u00e8res ascensions<\/h3>\n\n\n\n<p>En 1839, l\u2019aiguille Centrale fut la premi\u00e8re \u00e0 avoir \u00e9t\u00e9 gravie par deux fr\u00e8res, chasseurs de chamois, venant de Valloire&nbsp;: Pierre-Alexis et Benoit-Nicolas Magnin. Ils en ont laiss\u00e9 quelques lignes : \u00ab Une inexprimable \u00e9motion s\u2019empare de nous. Jamais nous n\u2019aurions suppos\u00e9 qu\u2019un spectacle aussi grandiose puisse s\u2019offrir \u00e0 nos yeux ! \u00bb<br><br>En 1873, c\u2019est William Auguste Coolidge, grand alpiniste am\u00e9ricano-suisse, qui gravi, avec sa tante&nbsp;M<sup>lle<\/sup>&nbsp;Brevoort, le Bec Sud de l\u2019aiguille Septentrionale.<br>En 1878, Mr Coolidge, accompagn\u00e9 de Christian Almer, graviront le bec Nord de la Septentrionale ainsi que l\u2019aiguille M\u00e9ridionale.<\/p>\n\n\n<div class=\"wp-block wp-block-highlight\">\n            <h3 class=\"wp-block-highlight-item wp-block-highlight-title\">Alpinisme : Les premi\u00e8res ascensions <\/h3>\n                <p class=\"wp-block-highlight-item wp-block-highlight-excerpt\">En 1839, l\u2019aiguille Centrale fut la premi\u00e8re \u00e0 avoir \u00e9t\u00e9 gravie par deux fr\u00e8res, chasseurs de chamois, venant de Valloire\u00a0: Pierre-Alexis et Benoit-Nicolas Magnin. Ils en ont laiss\u00e9 quelques lignes : \u00ab Une inexprimable \u00e9motion s\u2019empare de nous. Jamais nous n\u2019aurions suppos\u00e9 qu\u2019un spectacle aussi grandiose puisse s\u2019offrir \u00e0 nos yeux ! \u00bb<br><br>En 1873, c\u2019est William Auguste Coolidge, grand alpiniste am\u00e9ricano-suisse, qui gravi, avec sa tante\u00a0M<sup>lle<\/sup>\u00a0Brevoort, le Bec Sud de l\u2019aiguille Septentrionale.<br>En 1878, Mr Coolidge, accompagn\u00e9 de Christian Almer, graviront le bec Nord de la Septentrionale ainsi que l\u2019aiguille M\u00e9ridionale. <\/p>\n    <\/div>","protected":false},"excerpt":{"rendered":"<p>En plein c\u0153ur du massif des Arves (\u00e0 cheval sur les d\u00e9partements de la Savoie, de l\u2019Is\u00e8re et des Hautes-Alpes), les Aiguilles d\u2019Arves sont un des symboles des Alpes fran\u00e7aises.Elles sont 3, l\u2019aiguille Septentrionale (3 358 m) que l\u2019on appelle \u00e9galement la t\u00eate de chat, l\u2019aiguille Centrale (3 513 m) et l\u2019aiguille M\u00e9ridionale (3 514 [&hellip;]<\/p>\n","protected":false},"author":2,"featured_media":17976,"parent":7496,"menu_order":0,"comment_status":"closed","ping_status":"closed","template":"","meta":{"_relevanssi_hide_post":"","_relevanssi_pin_for_all":"","_relevanssi_pin_keywords":"","_relevanssi_unpin_keywords":"","_relevanssi_related_keywords":"","_relevanssi_related_include_ids":"","_relevanssi_related_exclude_ids":"","_relevanssi_related_no_append":"","_relevanssi_related_not_related":"","_relevanssi_related_posts":"491,489,493","_relevanssi_noindex_reason":""},"post_tag":[],"acf":[],"yoast_head":"<!-- This site is optimized with the Yoast SEO plugin v17.6 - https:\/\/yoast.com\/wordpress\/plugins\/seo\/ -->\n<meta name=\"description\" content=\"En plein c\u0153ur du massif des Arves (\u00e0 cheval sur les d\u00e9partements de la Savoie, de l\u2019Is\u00e8re et des Hautes-Alpes), les Aiguilles d\u2019Arves sont un des symboles\" \/>\n<meta name=\"robots\" content=\"index, follow, max-snippet:-1, max-image-preview:large, max-video-preview:-1\" \/>\n<link rel=\"canonical\" href=\"https:\/\/www.montagnicimes.com\/decouvrir\/incontournables\/aiguilles-darves\/\" \/>\n<meta property=\"og:locale\" content=\"fr_FR\" \/>\n<meta property=\"og:type\" content=\"article\" \/>\n<meta property=\"og:title\" content=\"Les Aiguilles d&#039;Arves - Albiez\" \/>\n<meta property=\"og:description\" content=\"En plein c\u0153ur du massif des Arves (\u00e0 cheval sur les d\u00e9partements de la Savoie, de l\u2019Is\u00e8re et des Hautes-Alpes), les Aiguilles d\u2019Arves sont un des symboles\" \/>\n<meta property=\"og:url\" content=\"https:\/\/www.montagnicimes.com\/decouvrir\/incontournables\/aiguilles-darves\/\" \/>\n<meta property=\"og:site_name\" content=\"Albiez\" \/>\n<meta property=\"article:modified_time\" content=\"2024-10-11T13:20:10+00:00\" \/>\n<meta property=\"og:image\" content=\"https:\/\/www.montagnicimes.com\/albiez\/wp-content\/uploads\/sites\/2\/2022\/09\/nos-incontournables-les-aiguilles-darves.jpg\" \/>\n\t<meta property=\"og:image:width\" content=\"1920\" \/>\n\t<meta property=\"og:image:height\" content=\"1920\" \/>\n<meta name=\"twitter:card\" content=\"summary_large_image\" \/>\n<meta name=\"twitter:label1\" content=\"Dur\u00e9e de lecture estim\u00e9e\" \/>\n\t<meta name=\"twitter:data1\" content=\"3 minutes\" \/>\n<script type=\"application\/ld+json\" class=\"yoast-schema-graph\">{\"@context\":\"https:\/\/schema.org\",\"@graph\":[{\"@type\":\"WebSite\",\"@id\":\"https:\/\/www.montagnicimes.com\/albiez\/#website\",\"url\":\"https:\/\/www.montagnicimes.com\/albiez\/\",\"name\":\"Albiez\",\"description\":\"Office de tourisme Montagnicimes - Albiez\",\"potentialAction\":[{\"@type\":\"SearchAction\",\"target\":{\"@type\":\"EntryPoint\",\"urlTemplate\":\"https:\/\/www.montagnicimes.com\/albiez\/?s={search_term_string}\"},\"query-input\":\"required name=search_term_string\"}],\"inLanguage\":\"fr-FR\"},{\"@type\":\"ImageObject\",\"@id\":\"https:\/\/www.montagnicimes.com\/decouvrir\/incontournables\/aiguilles-darves\/#primaryimage\",\"inLanguage\":\"fr-FR\",\"url\":\"https:\/\/www.montagnicimes.com\/albiez\/wp-content\/uploads\/sites\/2\/2022\/09\/nos-incontournables-les-aiguilles-darves.jpg\",\"contentUrl\":\"https:\/\/www.montagnicimes.com\/albiez\/wp-content\/uploads\/sites\/2\/2022\/09\/nos-incontournables-les-aiguilles-darves.jpg\",\"width\":1920,\"height\":1920,\"caption\":\"aiguilles d'arves albiez montagnicimes hiver\"},{\"@type\":\"WebPage\",\"@id\":\"https:\/\/www.montagnicimes.com\/decouvrir\/incontournables\/aiguilles-darves\/#webpage\",\"url\":\"https:\/\/www.montagnicimes.com\/decouvrir\/incontournables\/aiguilles-darves\/\",\"name\":\"Les Aiguilles d'Arves - Albiez\",\"isPartOf\":{\"@id\":\"https:\/\/www.montagnicimes.com\/albiez\/#website\"},\"primaryImageOfPage\":{\"@id\":\"https:\/\/www.montagnicimes.com\/decouvrir\/incontournables\/aiguilles-darves\/#primaryimage\"},\"datePublished\":\"2021-10-26T14:50:34+00:00\",\"dateModified\":\"2024-10-11T13:20:10+00:00\",\"description\":\"En plein c\\u0153ur du massif des Arves (\\u00e0 cheval sur les d\\u00e9partements de la Savoie, de l\\u2019Is\\u00e8re et des Hautes-Alpes), les Aiguilles d\\u2019Arves sont un des symboles\",\"breadcrumb\":{\"@id\":\"https:\/\/www.montagnicimes.com\/decouvrir\/incontournables\/aiguilles-darves\/#breadcrumb\"},\"inLanguage\":\"fr-FR\",\"potentialAction\":[{\"@type\":\"ReadAction\",\"target\":[\"https:\/\/www.montagnicimes.com\/decouvrir\/incontournables\/aiguilles-darves\/\"]}]},{\"@type\":\"BreadcrumbList\",\"@id\":\"https:\/\/www.montagnicimes.com\/decouvrir\/incontournables\/aiguilles-darves\/#breadcrumb\",\"itemListElement\":[{\"@type\":\"ListItem\",\"position\":1,\"name\":\"Accueil\",\"item\":\"https:\/\/www.montagnicimes.com\/albiez\/\"},{\"@type\":\"ListItem\",\"position\":2,\"name\":\"D\\u00e9couvrir\",\"item\":\"https:\/\/www.montagnicimes.com\/albiez\/decouvrir\/\"},{\"@type\":\"ListItem\",\"position\":3,\"name\":\"Les incontournables\",\"item\":\"https:\/\/www.montagnicimes.com\/albiez\/decouvrir\/incontournables\/\"},{\"@type\":\"ListItem\",\"position\":4,\"name\":\"Les Aiguilles d&rsquo;Arves\"}]}]}<\/script>\n<!-- \/ Yoast SEO plugin. -->","yoast_head_json":{"description":"En plein c\u0153ur du massif des Arves (\u00e0 cheval sur les d\u00e9partements de la Savoie, de l\u2019Is\u00e8re et des Hautes-Alpes), les Aiguilles d\u2019Arves sont un des symboles","robots":{"index":"index","follow":"follow","max-snippet":"max-snippet:-1","max-image-preview":"max-image-preview:large","max-video-preview":"max-video-preview:-1"},"canonical":"https:\/\/www.montagnicimes.com\/decouvrir\/incontournables\/aiguilles-darves\/","og_locale":"fr_FR","og_type":"article","og_title":"Les Aiguilles d'Arves - Albiez","og_description":"En plein c\u0153ur du massif des Arves (\u00e0 cheval sur les d\u00e9partements de la Savoie, de l\u2019Is\u00e8re et des Hautes-Alpes), les Aiguilles d\u2019Arves sont un des symboles","og_url":"https:\/\/www.montagnicimes.com\/decouvrir\/incontournables\/aiguilles-darves\/","og_site_name":"Albiez","article_modified_time":"2024-10-11T13:20:10+00:00","og_image":[{"width":1920,"height":1920,"url":"https:\/\/www.montagnicimes.com\/albiez\/wp-content\/uploads\/sites\/2\/2022\/09\/nos-incontournables-les-aiguilles-darves.jpg","type":"image\/jpeg"}],"twitter_card":"summary_large_image","twitter_misc":{"Dur\u00e9e de lecture estim\u00e9e":"3 minutes"},"schema":{"@context":"https:\/\/schema.org","@graph":[{"@type":"WebSite","@id":"https:\/\/www.montagnicimes.com\/albiez\/#website","url":"https:\/\/www.montagnicimes.com\/albiez\/","name":"Albiez","description":"Office de tourisme Montagnicimes - Albiez","potentialAction":[{"@type":"SearchAction","target":{"@type":"EntryPoint","urlTemplate":"https:\/\/www.montagnicimes.com\/albiez\/?s={search_term_string}"},"query-input":"required name=search_term_string"}],"inLanguage":"fr-FR"},{"@type":"ImageObject","@id":"https:\/\/www.montagnicimes.com\/decouvrir\/incontournables\/aiguilles-darves\/#primaryimage","inLanguage":"fr-FR","url":"https:\/\/www.montagnicimes.com\/albiez\/wp-content\/uploads\/sites\/2\/2022\/09\/nos-incontournables-les-aiguilles-darves.jpg","contentUrl":"https:\/\/www.montagnicimes.com\/albiez\/wp-content\/uploads\/sites\/2\/2022\/09\/nos-incontournables-les-aiguilles-darves.jpg","width":1920,"height":1920,"caption":"aiguilles d'arves albiez montagnicimes hiver"},{"@type":"WebPage","@id":"https:\/\/www.montagnicimes.com\/decouvrir\/incontournables\/aiguilles-darves\/#webpage","url":"https:\/\/www.montagnicimes.com\/decouvrir\/incontournables\/aiguilles-darves\/","name":"Les Aiguilles d'Arves - Albiez","isPartOf":{"@id":"https:\/\/www.montagnicimes.com\/albiez\/#website"},"primaryImageOfPage":{"@id":"https:\/\/www.montagnicimes.com\/decouvrir\/incontournables\/aiguilles-darves\/#primaryimage"},"datePublished":"2021-10-26T14:50:34+00:00","dateModified":"2024-10-11T13:20:10+00:00","description":"En plein c\u0153ur du massif des Arves (\u00e0 cheval sur les d\u00e9partements de la Savoie, de l\u2019Is\u00e8re et des Hautes-Alpes), les Aiguilles d\u2019Arves sont un des symboles","breadcrumb":{"@id":"https:\/\/www.montagnicimes.com\/decouvrir\/incontournables\/aiguilles-darves\/#breadcrumb"},"inLanguage":"fr-FR","potentialAction":[{"@type":"ReadAction","target":["https:\/\/www.montagnicimes.com\/decouvrir\/incontournables\/aiguilles-darves\/"]}]},{"@type":"BreadcrumbList","@id":"https:\/\/www.montagnicimes.com\/decouvrir\/incontournables\/aiguilles-darves\/#breadcrumb","itemListElement":[{"@type":"ListItem","position":1,"name":"Accueil","item":"https:\/\/www.montagnicimes.com\/albiez\/"},{"@type":"ListItem","position":2,"name":"D\u00e9couvrir","item":"https:\/\/www.montagnicimes.com\/albiez\/decouvrir\/"},{"@type":"ListItem","position":3,"name":"Les incontournables","item":"https:\/\/www.montagnicimes.com\/albiez\/decouvrir\/incontournables\/"},{"@type":"ListItem","position":4,"name":"Les Aiguilles d&rsquo;Arves"}]}]}},"_links":{"self":[{"href":"https:\/\/www.montagnicimes.com\/albiez\/wp-json\/wp\/v2\/pages\/10950"}],"collection":[{"href":"https:\/\/www.montagnicimes.com\/albiez\/wp-json\/wp\/v2\/pages"}],"about":[{"href":"https:\/\/www.montagnicimes.com\/albiez\/wp-json\/wp\/v2\/types\/page"}],"author":[{"embeddable":true,"href":"https:\/\/www.montagnicimes.com\/albiez\/wp-json\/wp\/v2\/users\/2"}],"replies":[{"embeddable":true,"href":"https:\/\/www.montagnicimes.com\/albiez\/wp-json\/wp\/v2\/comments?post=10950"}],"version-history":[{"count":14,"href":"https:\/\/www.montagnicimes.com\/albiez\/wp-json\/wp\/v2\/pages\/10950\/revisions"}],"predecessor-version":[{"id":34016,"href":"https:\/\/www.montagnicimes.com\/albiez\/wp-json\/wp\/v2\/pages\/10950\/revisions\/34016"}],"up":[{"embeddable":true,"href":"https:\/\/www.montagnicimes.com\/albiez\/wp-json\/wp\/v2\/pages\/7496"}],"wp:featuredmedia":[{"embeddable":true,"href":"https:\/\/www.montagnicimes.com\/albiez\/wp-json\/wp\/v2\/media\/17976"}],"wp:attachment":[{"href":"https:\/\/www.montagnicimes.com\/albiez\/wp-json\/wp\/v2\/media?parent=10950"}],"wp:term":[{"taxonomy":"post_tag","embeddable":true,"href":"https:\/\/www.montagnicimes.com\/albiez\/wp-json\/wp\/v2\/post_tag?post=10950"}],"curies":[{"name":"wp","href":"https:\/\/api.w.org\/{rel}","templated":true}]}}